{"id":78942,"date":"2024-09-19T15:25:45","date_gmt":"2024-09-19T15:25:45","guid":{"rendered":"https:\/\/www.accuratereviews.com\/?page_id=78942"},"modified":"2024-09-19T15:25:45","modified_gmt":"2024-09-19T15:25:45","slug":"webreq-recensione","status":"publish","type":"page","link":"https:\/\/www.accuratereviews.com\/it\/software-immissione-ordini\/webreq-recensione\/","title":{"rendered":"WebReq"},"content":{"rendered":"<p><strong>WebReq<\/strong> \u00e8 un <strong>software di gestione degli acquisti<\/strong>, basato su <strong>cloud<\/strong>, progettato per aiutare le aziende ad automatizzare le operazioni di acquisto e gestione delle spese. Gli amministratori possono impostare limiti di spesa, creare automaticamente richieste di acquisto e monitorare le richieste di ordine su un&#8217;interfaccia unificata. La piattaforma consente ai team di ordinare i prodotti in base ai numeri di serie, gestire i resi e condurre audit trail per identificare i debiti contratti.<br \/>\n<strong>WebReq<\/strong> consente ai manager di registrare le ricevute di pi\u00f9 beni o servizi e gestire i processi di contabilit\u00e0 fornitori su una dashboard centralizzata. I supervisori possono anche acquisire e archiviare elettronicamente documenti, generare fatture e personalizzare le autorizzazioni di accesso per i membri dello staff. La soluzione si integra perfettamente con i sistemi finanziari esistenti e fornisce preziosi controlli e approfondimenti sulla spesa.<\/p>\n<h2>WEBREQ &#8211; TUTORIAL<\/h2>\n<div id=\"fluid-wrapper-counter-1\" class=\"g1-fluid-wrapper \" style=\"width:686px;\">\n<div style=\"padding-bottom:56.268221574344%;\"><iframe loading=\"lazy\" title=\"WebReq - Purchase To Pay\" src=\"https:\/\/player.vimeo.com\/video\/593549690?dnt=1&amp;app_id=122963?title=0&amp;byline=0&amp;portrait=0\" width=\"686\" height=\"386\" frameborder=\"0\" allow=\"autoplay; fullscreen; picture-in-picture; clipboard-write\"><\/iframe><\/div>\n<\/div>\n<h3>WEBREQ &#8211; CARATTERISTICHE<\/h3>\n<ul>\n<li><strong>Richieste di acquisto<\/strong>: il modulo software Requisition fornisce a un&#8217;organizzazione rigidi controlli su come vengono sollevate le richieste e chi le approva. Il processo di approvazione delle richieste di acquisto online pu\u00f2 essere gestito da remoto, assicurando che non vi siano ritardi nella conversione delle richieste di acquisto in ordini di acquisto, quindi inviati automaticamente ai fornitori.<\/li>\n<li><strong>Merci in entrata<\/strong>: una volta che un ordine di acquisto \u00e8 stato evaso dal fornitore, le merci in entrata devono essere aggiornate per mostrare quali ordini di acquisto sono stati consegnati. Il modulo Merci in entrata di WebReq consente a un&#8217;organizzazione di controllare le merci o i servizi man mano che vengono consegnati, parzialmente o completamente.<\/li>\n<li><strong>Fatture del fornitore<\/strong>: quando i fornitori inviano le fatture fiscali pertinenti per il pagamento, il modulo Fattura offre la possibilit\u00e0 di aggiornarle nel sistema. La gestione delle fatture consente di impostare regole per l&#8217;approvazione in merito alle fatture da approvare per il pagamento.<\/li>\n<li><strong>Reclami:<\/strong> i dipendenti sostengono spese che richiederanno la presentazione di un reclamo. Questi reclami devono includere tutta la documentazione pertinente affinch\u00e9 la direzione approvi i reclami. Le spese devono essere assegnate ai lavori o progetti pertinenti.<\/li>\n<li><strong>Carte di credito<\/strong>: le carte di credito aziendali possono essere gestite caricando le transazioni dall&#8217;istituto finanziario pertinente per ogni titolare di carta da assegnare ai lavori o progetti pertinenti. Una volta assegnate, le transazioni dovranno essere approvate dal responsabile pertinente.<\/li>\n<li><strong>Aggiunta di funzionalit\u00e0<\/strong>: nel tempo abbiamo sviluppato moduli aggiuntivi per semplificare i processi aziendali e aumentare l&#8217;efficienza. Il team di sviluppo australiano pu\u00f2 creare rapidamente funzionalit\u00e0 aggiuntive per le organizzazioni che potrebbero aver bisogno di qualcosa di specifico per la propria attivit\u00e0.<\/li>\n<\/ul>\n<h4>LE RECENSIONI DEGLI UTENTI<\/h4>\n<p><strong>Manoj &#8220;Implementazione e utilizzo di WebReq&#8221;<\/strong><br \/>\n<strong>Commenti<\/strong>: Passaggio dall&#8217;ordine di acquisto manuale (cartaceo) al processo senza carta.<br \/>\n<strong>Pro<\/strong>: Generazione di PO\/ricezione ed elaborazione fatture molto semplice e il processo di approvazione e i controlli funzionano molto bene. Facile da impostare e modificare le regole di approvazione e gli approvatori. Funziona molto bene con la crescita e i requisiti aziendali.<br \/>\n<strong>Contro<\/strong>: I report non sono disponibili e devono essere redatti ogniqualvolta necessario.<\/p>\n<p><strong>David &#8220;WebReq \u00e8 pulito, semplice ed efficace&#8221;<\/strong><br \/>\n<strong>Commenti<\/strong>: &#8220;WebReq \u00e8 pulito, semplice ed efficace e ha migliorato completamente la nostra gestione dei lavori. WebReq aumenta continuamente la nostra capacit\u00e0 e competenza e abbiamo sfruttato questa elegante soluzione per ottenere pi\u00f9 lavoro.<\/p>\n<p><strong>David &#8220;WebReq ha fornito una soluzione flessibile all&#8217;azienda ed \u00e8 stata consegnata nei tempi previsti&#8221;<\/strong><br \/>\n<strong>Commenti<\/strong>: WebReq ha fornito una soluzione flessibile e personalizzata per l&#8217;azienda, consegnata nei tempi previsti e con un&#8217;interruzione minima per il personale aziendale.<\/p>\n","protected":false},"excerpt":{"rendered":"<p>WebReq \u00e8 un software di gestione degli acquisti, basato su cloud, progettato per aiutare le aziende ad automatizzare le operazioni di acquisto e gestione delle spese. Gli amministratori possono impostare limiti di spesa, creare automaticamente richieste di acquisto e monitorare le richieste di ordine su un&#8217;interfaccia unificata.<\/p>\n","protected":false},"author":19,"featured_media":78943,"parent":42766,"menu_order":0,"comment_status":"open","ping_status":"closed","template":"g1_template_page_review_new.php","meta":{"_acf_changed":false,"cwp_meta_box_check":"Yes","cwp_rev_product_name":"","cwp_rev_product_image":"","wppr_links":[],"cwp_rev_price":"0.00","wppr_options":[{"name":"Usability","value":"0"},{"name":"Speed","value":"0"},{"name":"Features","value":"0"},{"name":"Support","value":"0"},{"name":"Pricing","value":"0"}],"wppr_pros":["","","","",""],"wppr_cons":["","","","",""],"_monsterinsights_skip_tracking":false,"_monsterinsights_sitenote_active":false,"_monsterinsights_sitenote_note":"","_monsterinsights_sitenote_category":0,"footnotes":""},"categories":[5951],"tags":[5966,5963,5968,5965,5967,15280],"features":[],"class_list":{"0":"post-78942","1":"page","2":"type-page","3":"status-publish","4":"has-post-thumbnail","6":"category-software-immissione-ordini-categoria","7":"tag-immissione-ordini","8":"tag-piattaforma-immissioni-ordini","9":"tag-programma-immissione-ordini","10":"tag-software-immissione-ordini","11":"tag-soluzione-immissione-ordini","12":"tag-webreq"},"wppr_data":{"cwp_meta_box_check":"Yes","_wppr_review_template":"default","cwp_rev_product_image":"","cwp_image_link":"image","wppr_links":[],"cwp_rev_price":"0.00","wppr_pros":["","","","",""],"wppr_cons":["","","","",""],"wppr_rating":"0.00","wppr_options":{"1":{"name":"Usability","value":"0"},"2":{"name":"Speed","value":"0"},"3":{"name":"Features","value":"0"},"4":{"name":"Support","value":"0"},"5":{"name":"Pricing","value":"0"}},"wppr_review_type":"Product","wppr_review_custom_fields":{"additionalProperty":"","additionalType":"","aggregateRating":"","alternateName":"","audience":"","award":"","awards":"","brand":"","color":"","depth":"","description":"","disambiguatingDescription":"","gtin12":"","gtin13":"","gtin14":"","gtin8":"","height":"","identifier":"","image":"","isAccessoryOrSparePartFor":"","isConsumableFor":"","isRelatedTo":"","isSimilarTo":"","itemCondition":"","logo":"","mainEntityOfPage":"","manufacturer":"","material":"","model":"","mpn":"","name":"","offers":"","potentialAction":"","productID":"","productionDate":"","purchaseDate":"","releaseDate":"","review":"","reviews":"","sameAs":"","sku":"","slogan":"","subjectOf":"","url":"","weight":"","width":""}},"acf":[],"yoast_head":"<!-- This site is optimized with the Yoast SEO plugin v27.4 - https:\/\/yoast.com\/product\/yoast-seo-wordpress\/ -->\n<title>WebReq: recensione software immissione ordini - Accurate Reviews<\/title>\n<meta name=\"description\" content=\"WebReq: recensione software di gestione acquisti, basato su cloud, che aiuta ad automatizzare le operazioni di acquisto e gestione spese.\" \/>\n<meta name=\"robots\" content=\"index, follow, max-snippet:-1, max-image-preview:large, max-video-preview:-1\" \/>\n<link rel=\"canonical\" href=\"https:\/\/www.accuratereviews.com\/it\/software-immissione-ordini\/webreq-recensione\/\" \/>\n<meta property=\"og:locale\" content=\"it_IT\" \/>\n<meta property=\"og:type\" content=\"article\" \/>\n<meta property=\"og:title\" content=\"WebReq: recensione software immissione ordini - Accurate Reviews\" \/>\n<meta property=\"og:description\" content=\"WebReq: recensione software di gestione acquisti, basato su cloud, che aiuta ad automatizzare le operazioni di acquisto e gestione spese.\" \/>\n<meta property=\"og:url\" content=\"https:\/\/www.accuratereviews.com\/it\/software-immissione-ordini\/webreq-recensione\/\" \/>\n<meta property=\"og:site_name\" content=\"Accurate Reviews\" \/>\n<meta property=\"og:image\" content=\"https:\/\/www.accuratereviews.com\/wp-content\/uploads\/2024\/09\/WebReq.png\" \/>\n\t<meta property=\"og:image:width\" content=\"1000\" \/>\n\t<meta property=\"og:image:height\" content=\"1000\" \/>\n\t<meta property=\"og:image:type\" content=\"image\/png\" \/>\n<meta name=\"twitter:card\" content=\"summary_large_image\" \/>\n<meta name=\"twitter:label1\" content=\"Tempo di lettura stimato\" \/>\n\t<meta name=\"twitter:data1\" content=\"4 minuti\" \/>\n<script type=\"application\/ld+json\" class=\"yoast-schema-graph\">{\"@context\":\"https:\\\/\\\/schema.org\",\"@graph\":[{\"@type\":\"WebPage\",\"@id\":\"https:\\\/\\\/www.accuratereviews.com\\\/it\\\/software-immissione-ordini\\\/webreq-recensione\\\/\",\"url\":\"https:\\\/\\\/www.accuratereviews.com\\\/it\\\/software-immissione-ordini\\\/webreq-recensione\\\/\",\"name\":\"WebReq: recensione software immissione ordini - Accurate Reviews\",\"isPartOf\":{\"@id\":\"https:\\\/\\\/www.accuratereviews.com\\\/it\\\/#website\"},\"primaryImageOfPage\":{\"@id\":\"https:\\\/\\\/www.accuratereviews.com\\\/it\\\/software-immissione-ordini\\\/webreq-recensione\\\/#primaryimage\"},\"image\":{\"@id\":\"https:\\\/\\\/www.accuratereviews.com\\\/it\\\/software-immissione-ordini\\\/webreq-recensione\\\/#primaryimage\"},\"thumbnailUrl\":\"https:\\\/\\\/www.accuratereviews.com\\\/wp-content\\\/uploads\\\/2024\\\/09\\\/WebReq.png\",\"datePublished\":\"2024-09-19T15:25:45+00:00\",\"description\":\"WebReq: recensione software di gestione acquisti, basato su cloud, che aiuta ad automatizzare le operazioni di acquisto e gestione spese.\",\"breadcrumb\":{\"@id\":\"https:\\\/\\\/www.accuratereviews.com\\\/it\\\/software-immissione-ordini\\\/webreq-recensione\\\/#breadcrumb\"},\"inLanguage\":\"it-IT\",\"potentialAction\":[{\"@type\":\"ReadAction\",\"target\":[\"https:\\\/\\\/www.accuratereviews.com\\\/it\\\/software-immissione-ordini\\\/webreq-recensione\\\/\"]}]},{\"@type\":\"ImageObject\",\"inLanguage\":\"it-IT\",\"@id\":\"https:\\\/\\\/www.accuratereviews.com\\\/it\\\/software-immissione-ordini\\\/webreq-recensione\\\/#primaryimage\",\"url\":\"https:\\\/\\\/www.accuratereviews.com\\\/wp-content\\\/uploads\\\/2024\\\/09\\\/WebReq.png\",\"contentUrl\":\"https:\\\/\\\/www.accuratereviews.com\\\/wp-content\\\/uploads\\\/2024\\\/09\\\/WebReq.png\",\"width\":1000,\"height\":1000},{\"@type\":\"BreadcrumbList\",\"@id\":\"https:\\\/\\\/www.accuratereviews.com\\\/it\\\/software-immissione-ordini\\\/webreq-recensione\\\/#breadcrumb\",\"itemListElement\":[{\"@type\":\"ListItem\",\"position\":1,\"name\":\"Home\",\"item\":\"https:\\\/\\\/www.accuratereviews.com\\\/it\\\/\"},{\"@type\":\"ListItem\",\"position\":2,\"name\":\"Software per immissione di ordini\",\"item\":\"https:\\\/\\\/www.accuratereviews.com\\\/it\\\/software-immissione-ordini\\\/\"},{\"@type\":\"ListItem\",\"position\":3,\"name\":\"WebReq\"}]},{\"@type\":\"WebSite\",\"@id\":\"https:\\\/\\\/www.accuratereviews.com\\\/it\\\/#website\",\"url\":\"https:\\\/\\\/www.accuratereviews.com\\\/it\\\/\",\"name\":\"Accurate Reviews\",\"description\":\"\",\"potentialAction\":[{\"@type\":\"SearchAction\",\"target\":{\"@type\":\"EntryPoint\",\"urlTemplate\":\"https:\\\/\\\/www.accuratereviews.com\\\/it\\\/?s={search_term_string}\"},\"query-input\":{\"@type\":\"PropertyValueSpecification\",\"valueRequired\":true,\"valueName\":\"search_term_string\"}}],\"inLanguage\":\"it-IT\"}]}<\/script>\n<!-- \/ Yoast SEO plugin. -->","yoast_head_json":{"title":"WebReq: recensione software immissione ordini - Accurate Reviews","description":"WebReq: recensione software di gestione acquisti, basato su cloud, che aiuta ad automatizzare le operazioni di acquisto e gestione spese.","robots":{"index":"index","follow":"follow","max-snippet":"max-snippet:-1","max-image-preview":"max-image-preview:large","max-video-preview":"max-video-preview:-1"},"canonical":"https:\/\/www.accuratereviews.com\/it\/software-immissione-ordini\/webreq-recensione\/","og_locale":"it_IT","og_type":"article","og_title":"WebReq: recensione software immissione ordini - Accurate Reviews","og_description":"WebReq: recensione software di gestione acquisti, basato su cloud, che aiuta ad automatizzare le operazioni di acquisto e gestione spese.","og_url":"https:\/\/www.accuratereviews.com\/it\/software-immissione-ordini\/webreq-recensione\/","og_site_name":"Accurate Reviews","og_image":[{"width":1000,"height":1000,"url":"https:\/\/www.accuratereviews.com\/wp-content\/uploads\/2024\/09\/WebReq.png","type":"image\/png"}],"twitter_card":"summary_large_image","twitter_misc":{"Tempo di lettura stimato":"4 minuti"},"schema":{"@context":"https:\/\/schema.org","@graph":[{"@type":"WebPage","@id":"https:\/\/www.accuratereviews.com\/it\/software-immissione-ordini\/webreq-recensione\/","url":"https:\/\/www.accuratereviews.com\/it\/software-immissione-ordini\/webreq-recensione\/","name":"WebReq: recensione software immissione ordini - Accurate Reviews","isPartOf":{"@id":"https:\/\/www.accuratereviews.com\/it\/#website"},"primaryImageOfPage":{"@id":"https:\/\/www.accuratereviews.com\/it\/software-immissione-ordini\/webreq-recensione\/#primaryimage"},"image":{"@id":"https:\/\/www.accuratereviews.com\/it\/software-immissione-ordini\/webreq-recensione\/#primaryimage"},"thumbnailUrl":"https:\/\/www.accuratereviews.com\/wp-content\/uploads\/2024\/09\/WebReq.png","datePublished":"2024-09-19T15:25:45+00:00","description":"WebReq: recensione software di gestione acquisti, basato su cloud, che aiuta ad automatizzare le operazioni di acquisto e gestione spese.","breadcrumb":{"@id":"https:\/\/www.accuratereviews.com\/it\/software-immissione-ordini\/webreq-recensione\/#breadcrumb"},"inLanguage":"it-IT","potentialAction":[{"@type":"ReadAction","target":["https:\/\/www.accuratereviews.com\/it\/software-immissione-ordini\/webreq-recensione\/"]}]},{"@type":"ImageObject","inLanguage":"it-IT","@id":"https:\/\/www.accuratereviews.com\/it\/software-immissione-ordini\/webreq-recensione\/#primaryimage","url":"https:\/\/www.accuratereviews.com\/wp-content\/uploads\/2024\/09\/WebReq.png","contentUrl":"https:\/\/www.accuratereviews.com\/wp-content\/uploads\/2024\/09\/WebReq.png","width":1000,"height":1000},{"@type":"BreadcrumbList","@id":"https:\/\/www.accuratereviews.com\/it\/software-immissione-ordini\/webreq-recensione\/#breadcrumb","itemListElement":[{"@type":"ListItem","position":1,"name":"Home","item":"https:\/\/www.accuratereviews.com\/it\/"},{"@type":"ListItem","position":2,"name":"Software per immissione di ordini","item":"https:\/\/www.accuratereviews.com\/it\/software-immissione-ordini\/"},{"@type":"ListItem","position":3,"name":"WebReq"}]},{"@type":"WebSite","@id":"https:\/\/www.accuratereviews.com\/it\/#website","url":"https:\/\/www.accuratereviews.com\/it\/","name":"Accurate Reviews","description":"","potentialAction":[{"@type":"SearchAction","target":{"@type":"EntryPoint","urlTemplate":"https:\/\/www.accuratereviews.com\/it\/?s={search_term_string}"},"query-input":{"@type":"PropertyValueSpecification","valueRequired":true,"valueName":"search_term_string"}}],"inLanguage":"it-IT"}]}},"_links":{"self":[{"href":"https:\/\/www.accuratereviews.com\/it\/wp-json\/wp\/v2\/pages\/78942","targetHints":{"allow":["GET"]}}],"collection":[{"href":"https:\/\/www.accuratereviews.com\/it\/wp-json\/wp\/v2\/pages"}],"about":[{"href":"https:\/\/www.accuratereviews.com\/it\/wp-json\/wp\/v2\/types\/page"}],"author":[{"embeddable":true,"href":"https:\/\/www.accuratereviews.com\/it\/wp-json\/wp\/v2\/users\/19"}],"replies":[{"embeddable":true,"href":"https:\/\/www.accuratereviews.com\/it\/wp-json\/wp\/v2\/comments?post=78942"}],"version-history":[{"count":6,"href":"https:\/\/www.accuratereviews.com\/it\/wp-json\/wp\/v2\/pages\/78942\/revisions"}],"predecessor-version":[{"id":78976,"href":"https:\/\/www.accuratereviews.com\/it\/wp-json\/wp\/v2\/pages\/78942\/revisions\/78976"}],"up":[{"embeddable":true,"href":"https:\/\/www.accuratereviews.com\/it\/wp-json\/wp\/v2\/pages\/42766"}],"wp:featuredmedia":[{"embeddable":true,"href":"https:\/\/www.accuratereviews.com\/it\/wp-json\/wp\/v2\/media\/78943"}],"wp:attachment":[{"href":"https:\/\/www.accuratereviews.com\/it\/wp-json\/wp\/v2\/media?parent=78942"}],"wp:term":[{"taxonomy":"category","embeddable":true,"href":"https:\/\/www.accuratereviews.com\/it\/wp-json\/wp\/v2\/categories?post=78942"},{"taxonomy":"post_tag","embeddable":true,"href":"https:\/\/www.accuratereviews.com\/it\/wp-json\/wp\/v2\/tags?post=78942"},{"taxonomy":"features","embeddable":true,"href":"https:\/\/www.accuratereviews.com\/it\/wp-json\/wp\/v2\/features?post=78942"}],"curies":[{"name":"wp","href":"https:\/\/api.w.org\/{rel}","templated":true}]}}