{"id":78985,"date":"2024-09-20T12:46:40","date_gmt":"2024-09-20T12:46:40","guid":{"rendered":"https:\/\/www.accuratereviews.com\/?page_id=78985"},"modified":"2024-10-01T16:16:23","modified_gmt":"2024-10-01T16:16:23","slug":"mobisale-recensione","status":"publish","type":"page","link":"https:\/\/www.accuratereviews.com\/it\/software-immissione-ordini\/mobisale-recensione\/","title":{"rendered":"Mobisale"},"content":{"rendered":"<p><strong>Mobisale<\/strong> \u00e8 una <strong>piattaforma di commercio B2B<\/strong> che offre una soluzione completa per tutte le attivit\u00e0 di vendita e distribuzione sul campo, tra cui acquisizione ordini, vendite con furgone, merchandising, prova di consegna e app di eCommerce mobile first. Supporta integrazioni di sistemi ERP e contabili con SAP, Oracle, Infor M3 e altro. Gli strumenti di acquisizione ordini consentono agli utenti di acquisire ordini, inviare preventivi, gestire resi e riscuotere pagamenti online. Gli utenti hanno anche un accesso rapido e centralizzato a informazioni complete su prodotti e clienti come livelli di stock, data dell&#8217;ultimo ordine, cronologia degli ordini, ecc.<br \/>\nLa modalit\u00e0 offline di <strong>Mobisale<\/strong> permette agli utenti di continuare a lavorare anche quando la connettivit\u00e0 \u00e8 interrotta. Consente anche agli utenti di emettere fatture, nonch\u00e9 di acquisire firme elettroniche e stampare documenti in negozio. Gli utenti possono monitorare e gestire il proprio inventario e pianificare e programmare visite e consegne in negozio sempre e ovunque. Sondaggi e questionari aiutano gli utenti a raccogliere facilmente informazioni aziendali.<\/p>\n<h2><strong>MOBISALE &#8211; TUTORIAL<\/strong><\/h2>\n<div id=\"fluid-wrapper-counter-1\" class=\"g1-fluid-wrapper \" style=\"width:686px;\">\n<div style=\"padding-bottom:56.268221574344%;\"><iframe loading=\"lazy\" title=\"Mobisale for Foodservice Animation Video\" width=\"686\" height=\"386\" src=\"https:\/\/www.youtube.com\/embed\/AXHKc9SaAbM?feature=oembed&amp;wmode=transparent&amp;autohide=1&amp;autoplay=0&amp;disablekb=0&amp;fs=1&amp;loop=0&amp;enablejsapi=1&amp;rel=0&amp;controls=2&amp;showinfo=0&amp;wmode=transparent&amp;autohide=2&amp;autoplay=0&amp;disablekb=0&amp;fs=1&amp;loop=0&amp;enablejsapi=1&amp;rel=0&amp;controls=2&amp;showinfo=1\" frameborder=\"0\" allow=\"accelerometer; autoplay; clipboard-write; encrypted-media; gyroscope; picture-in-picture; web-share\" referrerpolicy=\"strict-origin-when-cross-origin\" allowfullscreen><\/iframe><\/div>\n<\/div>\n<h3><strong>MOBISALE &#8211; CARATTERISTICHE<\/strong><\/h3>\n<ul>\n<li><strong>Acquisisci ordini e controlla pagamenti<\/strong>: consenti ai tuoi rappresentanti di vendita di acquisire ordini, inviare preventivi, gestire resi, riscuotere pagamenti ed eseguire tutte le altre transazioni necessarie.<\/li>\n<li><strong>Informazioni complete sui prodotti:<\/strong> rispondi a tutte le domande dei tuoi clienti sui prodotti da una pagina prodotto dettagliata, incluse unit\u00e0 di vendita, livelli di stock, ultima data dell&#8217;ordine, ultimo prezzo di vendita, foto e video attuali e persino ingredienti del prodotto, istruzioni e qualsiasi altra informazione che ti aiuter\u00e0 a generare vendite.<\/li>\n<li><strong>Informazioni cliente a 360\u00b0 in un colpo d&#8217;occhio<\/strong>: ottieni tutte le informazioni rilevanti sul cliente nel punto vendita: cronologia degli ordini, debiti aperti e qualsiasi analisi pertinente, cos\u00ec puoi personalizzare la vendita e aumentare le dimensioni dell&#8217;ordine.<\/li>\n<li><strong>Zero preoccupazioni di connettivit\u00e0<\/strong>: Il lavoro non deve interrompersi quando si presentano problemi di connettivit\u00e0. I \u200b\u200brappresentanti di vendita possono lavorare in modalit\u00e0 offline, senza perdere funzionalit\u00e0. Mobisale e l&#8217;ERP della tua azienda si sincronizzeranno automaticamente una volta ristabilita la connettivit\u00e0.<\/li>\n<li><strong>Ordini e fatturazione rapida<\/strong>: accetta facilmente gli ordini, rifornisci le merci, elabora i resi, emetti fatture, riscuoti i pagamenti, acquisisci firme elettroniche e stampa documenti, tutto in negozio.<\/li>\n<li><strong>Supporto completo per prezzi complessi<\/strong>: la soluzione supporta listini prezzi unici per cliente, con promozioni e sconti speciali e sconti manuali, in base al tuo ERP o ai dati di back-office.<\/li>\n<li><strong>Controllo dell&#8217;inventario migliorato<\/strong>: monitora e gestisci il tuo inventario in movimento, consegnato, danneggiato e restituito per ridurre i tuoi investimenti in inventario.<\/li>\n<li><strong>Programma i percorsi<\/strong>: pianifica e programma le visite e le consegne in negozio in modo efficiente.<\/li>\n<li><strong>Esegui attivit\u00e0 in negozio<\/strong>: migliora l&#8217;efficacia del merchandising con l&#8217;esecuzione di attivit\u00e0 in negozio, come controlli in negozio, audit della concorrenza e compatibilit\u00e0 del planogramma.<\/li>\n<li><strong>Raccogli informazioni commerciali<\/strong>: con le funzionalit\u00e0 di sondaggio, ora puoi facilmente acquisire informazioni sulla concorrenza, scattare foto degli scaffali e dei materiali di marketing nel punto vendita e altro ancora.<\/li>\n<li><strong>Cattura foto del planogramma:<\/strong> scatta foto delle esposizioni dei prodotti per consentire ai team di back-office di monitorare il planogramma e la conformit\u00e0 dei termini contrattuali.<\/li>\n<li><strong>Gamification e collaborazione di squadra<\/strong>: organizza competizioni tra i tuoi merchandiser sulle visite o su qualsiasi altro KPI per incoraggiarli a fare di pi\u00f9 ogni giorno e sfruttare la potenza del team per migliorare i risultati.<\/li>\n<li><strong>Visibilit\u00e0 del cliente sullo stato di ritiro e consegna<\/strong>: offri ai tuoi clienti un&#8217;esperienza tipo &#8220;Uber&#8221; inviando loro un sms che li informa che l&#8217;autista \u00e8 in arrivo, con la posizione dell&#8217;autista sulla mappa e il suo orario di arrivo stimato.<\/li>\n<li><strong>Conferma di consegna con firma elettronica<\/strong>: cattura la prova di consegna con una firma sullo schermo di un cliente, insieme ai dettagli del destinatario (ad esempio una fototessera). Un PDF verr\u00e0 salvato sul tuo ERP o in un archivio digitale per un accesso futuro.<\/li>\n<\/ul>\n<h4>LE RECENSIONI DEGLI UTENTI<\/h4>\n<p><strong>Ronen &#8220;Altamente raccomandato&#8221;<\/strong><br \/>\n<strong>Pro<\/strong>: Il programma \u00e8 super flessibile e facile da usare. Ogni problema ha una soluzione. CS incredibile.<br \/>\n<strong>Contro<\/strong>: Tutto \u00e8 fantastico. Quando affrontiamo problemi li risolviamo sempre.<\/p>\n<p><strong>Marty &#8220;Ottimo strumento!&#8221;<\/strong><br \/>\n<strong>Commenti<\/strong>: Dall&#8217;inizio alla fine, il team Mobisale \u00e8 stato al nostro fianco e confidiamo che ci aiuter\u00e0 ogni volta che avremo bisogno del loro supporto.<br \/>\n<strong>Pro<\/strong>: Mobisale consolida tutte le informazioni necessarie per il team di vendita in un&#8217;unica interfaccia, eliminando la necessit\u00e0 di passare da un&#8217;applicazione all&#8217;altra. Il suo design user-friendly \u00e8 particolarmente vantaggioso per i nostri utenti, garantendo una navigazione fluida e facilitando operazioni senza soluzione di continuit\u00e0 in un ambiente di distribuzione\/ordinazione al dettaglio.<br \/>\n<strong>Contro<\/strong>: Mobisale \u00e8 stata fantastica e sappiamo che possiamo sempre contare su di loro.<\/p>\n<p><strong>Damian &#8220;Incredibile applicazione di vendita mobile&#8221;<\/strong><br \/>\n<strong>Commenti<\/strong>: La nostra esperienza con Mobisale \u00e8 stata costantemente positiva, con una crescita continua e aggiornamenti proattivi su nuove funzionalit\u00e0 e miglioramenti. Il loro impegno nel tenerci informati e nel avvantaggiarci come clienti \u00e8 encomiabile.<br \/>\n<strong>Pro<\/strong>: Mobisale fornisce una visione completa dei dati essenziali al team di vendita e offre feedback in un unico riquadro di vetro. Questo approccio consolidato fornisce al team di vendita tutte le risorse necessarie, consentendo un processo decisionale informato senza la necessit\u00e0 di uscire dall&#8217;applicazione. Le diverse opzioni di supporto di Mobisale assicurano che utenti e amministratori si sentano sempre supportati in vari modi, promuovendo fiducia e assistenza ogni volta che se ne presenta la necessit\u00e0.<br \/>\n<strong>Contro<\/strong>: Suggerire potenziali miglioramenti, incorporare pi\u00f9 funzionalit\u00e0 in tempo reale ed esplorare nuove tecnologie potrebbe migliorare l&#8217;applicazione di Mobisale, rafforzandone ulteriormente la piattaforma per il futuro.<\/p>\n","protected":false},"excerpt":{"rendered":"<p>Mobisale \u00e8 una piattaforma di commercio B2B che offre una soluzione completa per tutte le attivit\u00e0 di vendita e distribuzione sul campo, tra cui acquisizione ordini, vendite con furgone, merchandising, prova di consegna e app di eCommerce mobile first. Supporta integrazioni di sistemi ERP e contabili con SAP, Oracle, Infor M3 e altro<\/p>\n","protected":false},"author":19,"featured_media":78986,"parent":42766,"menu_order":0,"comment_status":"open","ping_status":"closed","template":"g1_template_page_review_new.php","meta":{"_acf_changed":false,"cwp_meta_box_check":"Yes","cwp_rev_product_name":"","cwp_rev_product_image":"","wppr_links":[],"cwp_rev_price":"0.00","wppr_options":[{"name":"Usability","value":"0"},{"name":"Speed","value":"0"},{"name":"Features","value":"0"},{"name":"Support","value":"0"},{"name":"Pricing","value":"0"}],"wppr_pros":["","","","",""],"wppr_cons":["","","","",""],"_monsterinsights_skip_tracking":false,"_monsterinsights_sitenote_active":false,"_monsterinsights_sitenote_note":"","_monsterinsights_sitenote_category":0,"footnotes":""},"categories":[5951],"tags":[15288,15287,5963,5962,5960,5961],"features":[],"class_list":{"0":"post-78985","1":"page","2":"type-page","3":"status-publish","4":"has-post-thumbnail","6":"category-software-immissione-ordini-categoria","7":"tag-immissioni-ordini","8":"tag-mobisale","9":"tag-piattaforma-immissioni-ordini","10":"tag-programma-immissioni-ordini","11":"tag-software-immissioni-ordini","12":"tag-soluzione-immissioni-ordini"},"wppr_data":{"cwp_meta_box_check":"Yes","_wppr_review_template":"default","cwp_rev_product_image":"","cwp_image_link":"image","wppr_links":[],"cwp_rev_price":"0.00","wppr_pros":["","","","",""],"wppr_cons":["","","","",""],"wppr_rating":"0.00","wppr_options":{"1":{"name":"Usability","value":"0"},"2":{"name":"Speed","value":"0"},"3":{"name":"Features","value":"0"},"4":{"name":"Support","value":"0"},"5":{"name":"Pricing","value":"0"}},"wppr_review_type":"Product","wppr_review_custom_fields":{"additionalProperty":"","additionalType":"","aggregateRating":"","alternateName":"","audience":"","award":"","awards":"","brand":"","color":"","depth":"","description":"","disambiguatingDescription":"","gtin12":"","gtin13":"","gtin14":"","gtin8":"","height":"","identifier":"","image":"","isAccessoryOrSparePartFor":"","isConsumableFor":"","isRelatedTo":"","isSimilarTo":"","itemCondition":"","logo":"","mainEntityOfPage":"","manufacturer":"","material":"","model":"","mpn":"","name":"","offers":"","potentialAction":"","productID":"","productionDate":"","purchaseDate":"","releaseDate":"","review":"","reviews":"","sameAs":"","sku":"","slogan":"","subjectOf":"","url":"","weight":"","width":""}},"acf":[],"yoast_head":"<!-- This site is optimized with the Yoast SEO plugin v27.4 - https:\/\/yoast.com\/product\/yoast-seo-wordpress\/ -->\n<title>Mobisale: recensione software immissioni ordini - Accurate Reviews<\/title>\n<meta name=\"description\" content=\"Mobisale: recensione piattaforma di commercio B2B che offre una soluzione completa per tutte le attivit\u00e0 di vendita e distribuzione sul campo\" \/>\n<meta name=\"robots\" content=\"index, follow, max-snippet:-1, max-image-preview:large, max-video-preview:-1\" \/>\n<link rel=\"canonical\" href=\"https:\/\/www.accuratereviews.com\/it\/software-immissione-ordini\/mobisale-recensione\/\" \/>\n<meta property=\"og:locale\" content=\"it_IT\" \/>\n<meta property=\"og:type\" content=\"article\" \/>\n<meta property=\"og:title\" content=\"Mobisale: recensione software immissioni ordini - Accurate Reviews\" \/>\n<meta property=\"og:description\" content=\"Mobisale: recensione piattaforma di commercio B2B che offre una soluzione completa per tutte le attivit\u00e0 di vendita e distribuzione sul campo\" \/>\n<meta property=\"og:url\" content=\"https:\/\/www.accuratereviews.com\/it\/software-immissione-ordini\/mobisale-recensione\/\" \/>\n<meta property=\"og:site_name\" content=\"Accurate Reviews\" \/>\n<meta property=\"article:modified_time\" content=\"2024-10-01T16:16:23+00:00\" \/>\n<meta property=\"og:image\" content=\"https:\/\/www.accuratereviews.com\/wp-content\/uploads\/2024\/09\/Screenshot-2024-09-20-alle-09.12.43.png\" \/>\n\t<meta property=\"og:image:width\" content=\"844\" \/>\n\t<meta property=\"og:image:height\" content=\"256\" \/>\n\t<meta property=\"og:image:type\" content=\"image\/png\" \/>\n<meta name=\"twitter:card\" content=\"summary_large_image\" \/>\n<meta name=\"twitter:label1\" content=\"Tempo di lettura stimato\" \/>\n\t<meta name=\"twitter:data1\" content=\"6 minuti\" \/>\n<script type=\"application\/ld+json\" class=\"yoast-schema-graph\">{\"@context\":\"https:\\\/\\\/schema.org\",\"@graph\":[{\"@type\":\"WebPage\",\"@id\":\"https:\\\/\\\/www.accuratereviews.com\\\/it\\\/software-immissione-ordini\\\/mobisale-recensione\\\/\",\"url\":\"https:\\\/\\\/www.accuratereviews.com\\\/it\\\/software-immissione-ordini\\\/mobisale-recensione\\\/\",\"name\":\"Mobisale: recensione software immissioni ordini - Accurate Reviews\",\"isPartOf\":{\"@id\":\"https:\\\/\\\/www.accuratereviews.com\\\/it\\\/#website\"},\"primaryImageOfPage\":{\"@id\":\"https:\\\/\\\/www.accuratereviews.com\\\/it\\\/software-immissione-ordini\\\/mobisale-recensione\\\/#primaryimage\"},\"image\":{\"@id\":\"https:\\\/\\\/www.accuratereviews.com\\\/it\\\/software-immissione-ordini\\\/mobisale-recensione\\\/#primaryimage\"},\"thumbnailUrl\":\"https:\\\/\\\/www.accuratereviews.com\\\/wp-content\\\/uploads\\\/2024\\\/09\\\/Screenshot-2024-09-20-alle-09.12.43.png\",\"datePublished\":\"2024-09-20T12:46:40+00:00\",\"dateModified\":\"2024-10-01T16:16:23+00:00\",\"description\":\"Mobisale: recensione piattaforma di commercio B2B che offre una soluzione completa per tutte le attivit\u00e0 di vendita e distribuzione sul campo\",\"breadcrumb\":{\"@id\":\"https:\\\/\\\/www.accuratereviews.com\\\/it\\\/software-immissione-ordini\\\/mobisale-recensione\\\/#breadcrumb\"},\"inLanguage\":\"it-IT\",\"potentialAction\":[{\"@type\":\"ReadAction\",\"target\":[\"https:\\\/\\\/www.accuratereviews.com\\\/it\\\/software-immissione-ordini\\\/mobisale-recensione\\\/\"]}]},{\"@type\":\"ImageObject\",\"inLanguage\":\"it-IT\",\"@id\":\"https:\\\/\\\/www.accuratereviews.com\\\/it\\\/software-immissione-ordini\\\/mobisale-recensione\\\/#primaryimage\",\"url\":\"https:\\\/\\\/www.accuratereviews.com\\\/wp-content\\\/uploads\\\/2024\\\/09\\\/Screenshot-2024-09-20-alle-09.12.43.png\",\"contentUrl\":\"https:\\\/\\\/www.accuratereviews.com\\\/wp-content\\\/uploads\\\/2024\\\/09\\\/Screenshot-2024-09-20-alle-09.12.43.png\",\"width\":844,\"height\":256},{\"@type\":\"BreadcrumbList\",\"@id\":\"https:\\\/\\\/www.accuratereviews.com\\\/it\\\/software-immissione-ordini\\\/mobisale-recensione\\\/#breadcrumb\",\"itemListElement\":[{\"@type\":\"ListItem\",\"position\":1,\"name\":\"Home\",\"item\":\"https:\\\/\\\/www.accuratereviews.com\\\/it\\\/\"},{\"@type\":\"ListItem\",\"position\":2,\"name\":\"Software per immissione di ordini\",\"item\":\"https:\\\/\\\/www.accuratereviews.com\\\/it\\\/software-immissione-ordini\\\/\"},{\"@type\":\"ListItem\",\"position\":3,\"name\":\"Mobisale\"}]},{\"@type\":\"WebSite\",\"@id\":\"https:\\\/\\\/www.accuratereviews.com\\\/it\\\/#website\",\"url\":\"https:\\\/\\\/www.accuratereviews.com\\\/it\\\/\",\"name\":\"Accurate Reviews\",\"description\":\"\",\"potentialAction\":[{\"@type\":\"SearchAction\",\"target\":{\"@type\":\"EntryPoint\",\"urlTemplate\":\"https:\\\/\\\/www.accuratereviews.com\\\/it\\\/?s={search_term_string}\"},\"query-input\":{\"@type\":\"PropertyValueSpecification\",\"valueRequired\":true,\"valueName\":\"search_term_string\"}}],\"inLanguage\":\"it-IT\"}]}<\/script>\n<!-- \/ Yoast SEO plugin. -->","yoast_head_json":{"title":"Mobisale: recensione software immissioni ordini - Accurate Reviews","description":"Mobisale: recensione piattaforma di commercio B2B che offre una soluzione completa per tutte le attivit\u00e0 di vendita e distribuzione sul campo","robots":{"index":"index","follow":"follow","max-snippet":"max-snippet:-1","max-image-preview":"max-image-preview:large","max-video-preview":"max-video-preview:-1"},"canonical":"https:\/\/www.accuratereviews.com\/it\/software-immissione-ordini\/mobisale-recensione\/","og_locale":"it_IT","og_type":"article","og_title":"Mobisale: recensione software immissioni ordini - Accurate Reviews","og_description":"Mobisale: recensione piattaforma di commercio B2B che offre una soluzione completa per tutte le attivit\u00e0 di vendita e distribuzione sul campo","og_url":"https:\/\/www.accuratereviews.com\/it\/software-immissione-ordini\/mobisale-recensione\/","og_site_name":"Accurate Reviews","article_modified_time":"2024-10-01T16:16:23+00:00","og_image":[{"width":844,"height":256,"url":"https:\/\/www.accuratereviews.com\/wp-content\/uploads\/2024\/09\/Screenshot-2024-09-20-alle-09.12.43.png","type":"image\/png"}],"twitter_card":"summary_large_image","twitter_misc":{"Tempo di lettura stimato":"6 minuti"},"schema":{"@context":"https:\/\/schema.org","@graph":[{"@type":"WebPage","@id":"https:\/\/www.accuratereviews.com\/it\/software-immissione-ordini\/mobisale-recensione\/","url":"https:\/\/www.accuratereviews.com\/it\/software-immissione-ordini\/mobisale-recensione\/","name":"Mobisale: recensione software immissioni ordini - Accurate Reviews","isPartOf":{"@id":"https:\/\/www.accuratereviews.com\/it\/#website"},"primaryImageOfPage":{"@id":"https:\/\/www.accuratereviews.com\/it\/software-immissione-ordini\/mobisale-recensione\/#primaryimage"},"image":{"@id":"https:\/\/www.accuratereviews.com\/it\/software-immissione-ordini\/mobisale-recensione\/#primaryimage"},"thumbnailUrl":"https:\/\/www.accuratereviews.com\/wp-content\/uploads\/2024\/09\/Screenshot-2024-09-20-alle-09.12.43.png","datePublished":"2024-09-20T12:46:40+00:00","dateModified":"2024-10-01T16:16:23+00:00","description":"Mobisale: recensione piattaforma di commercio B2B che offre una soluzione completa per tutte le attivit\u00e0 di vendita e distribuzione sul campo","breadcrumb":{"@id":"https:\/\/www.accuratereviews.com\/it\/software-immissione-ordini\/mobisale-recensione\/#breadcrumb"},"inLanguage":"it-IT","potentialAction":[{"@type":"ReadAction","target":["https:\/\/www.accuratereviews.com\/it\/software-immissione-ordini\/mobisale-recensione\/"]}]},{"@type":"ImageObject","inLanguage":"it-IT","@id":"https:\/\/www.accuratereviews.com\/it\/software-immissione-ordini\/mobisale-recensione\/#primaryimage","url":"https:\/\/www.accuratereviews.com\/wp-content\/uploads\/2024\/09\/Screenshot-2024-09-20-alle-09.12.43.png","contentUrl":"https:\/\/www.accuratereviews.com\/wp-content\/uploads\/2024\/09\/Screenshot-2024-09-20-alle-09.12.43.png","width":844,"height":256},{"@type":"BreadcrumbList","@id":"https:\/\/www.accuratereviews.com\/it\/software-immissione-ordini\/mobisale-recensione\/#breadcrumb","itemListElement":[{"@type":"ListItem","position":1,"name":"Home","item":"https:\/\/www.accuratereviews.com\/it\/"},{"@type":"ListItem","position":2,"name":"Software per immissione di ordini","item":"https:\/\/www.accuratereviews.com\/it\/software-immissione-ordini\/"},{"@type":"ListItem","position":3,"name":"Mobisale"}]},{"@type":"WebSite","@id":"https:\/\/www.accuratereviews.com\/it\/#website","url":"https:\/\/www.accuratereviews.com\/it\/","name":"Accurate Reviews","description":"","potentialAction":[{"@type":"SearchAction","target":{"@type":"EntryPoint","urlTemplate":"https:\/\/www.accuratereviews.com\/it\/?s={search_term_string}"},"query-input":{"@type":"PropertyValueSpecification","valueRequired":true,"valueName":"search_term_string"}}],"inLanguage":"it-IT"}]}},"_links":{"self":[{"href":"https:\/\/www.accuratereviews.com\/it\/wp-json\/wp\/v2\/pages\/78985","targetHints":{"allow":["GET"]}}],"collection":[{"href":"https:\/\/www.accuratereviews.com\/it\/wp-json\/wp\/v2\/pages"}],"about":[{"href":"https:\/\/www.accuratereviews.com\/it\/wp-json\/wp\/v2\/types\/page"}],"author":[{"embeddable":true,"href":"https:\/\/www.accuratereviews.com\/it\/wp-json\/wp\/v2\/users\/19"}],"replies":[{"embeddable":true,"href":"https:\/\/www.accuratereviews.com\/it\/wp-json\/wp\/v2\/comments?post=78985"}],"version-history":[{"count":10,"href":"https:\/\/www.accuratereviews.com\/it\/wp-json\/wp\/v2\/pages\/78985\/revisions"}],"predecessor-version":[{"id":79230,"href":"https:\/\/www.accuratereviews.com\/it\/wp-json\/wp\/v2\/pages\/78985\/revisions\/79230"}],"up":[{"embeddable":true,"href":"https:\/\/www.accuratereviews.com\/it\/wp-json\/wp\/v2\/pages\/42766"}],"wp:featuredmedia":[{"embeddable":true,"href":"https:\/\/www.accuratereviews.com\/it\/wp-json\/wp\/v2\/media\/78986"}],"wp:attachment":[{"href":"https:\/\/www.accuratereviews.com\/it\/wp-json\/wp\/v2\/media?parent=78985"}],"wp:term":[{"taxonomy":"category","embeddable":true,"href":"https:\/\/www.accuratereviews.com\/it\/wp-json\/wp\/v2\/categories?post=78985"},{"taxonomy":"post_tag","embeddable":true,"href":"https:\/\/www.accuratereviews.com\/it\/wp-json\/wp\/v2\/tags?post=78985"},{"taxonomy":"features","embeddable":true,"href":"https:\/\/www.accuratereviews.com\/it\/wp-json\/wp\/v2\/features?post=78985"}],"curies":[{"name":"wp","href":"https:\/\/api.w.org\/{rel}","templated":true}]}}