{"id":79011,"date":"2024-09-23T18:46:39","date_gmt":"2024-09-23T18:46:39","guid":{"rendered":"https:\/\/www.accuratereviews.com\/?page_id=79011"},"modified":"2024-10-01T16:11:19","modified_gmt":"2024-10-01T16:11:19","slug":"gois-pro-recensione","status":"publish","type":"page","link":"https:\/\/www.accuratereviews.com\/it\/software-immissione-ordini\/gois-pro-recensione\/","title":{"rendered":"GOIS Pro"},"content":{"rendered":"<p><strong>Goods Order Inventory System<\/strong>, meglio conosciuto come<strong> GOIS Pro<\/strong>, \u00e8 una <strong>soluzione di gestione dell&#8217;inventario<\/strong> basata su <strong>cloud<\/strong> che fornisce agli utenti funzionalit\u00e0 di <strong>gestione degli ordini<\/strong>. Consente agli utenti di utilizzare la fotocamera posteriore del proprio dispositivo mobile per scansionare i codici a barre dei prodotti ed eseguire azioni rapide come il check-in e il check-out delle scorte, gli ordini, i trasferimenti e le rettifiche. I conteggi dell&#8217;inventario si sincronizzano in tempo reale, quindi rimangono aggiornati in modalit\u00e0 online e offline.<br \/>\n<strong>Gois Pro<\/strong> fornisce agli utenti funzionalit\u00e0 per ricevere notifiche quando le scorte si esauriscono. Le scorte possono anche essere riconciliate automaticamente per articoli danneggiati, mancanti o inseriti in modo errato. Le funzionalit\u00e0 di gestione delle vendite e degli ordini includono ricevute personalizzabili, bolle di accompagnamento, modelli di ordine, modelli di fattura e monitoraggio dello stato.<\/p>\n<h2>GOIS PRO &#8211; TUTORIAL<\/h2>\n<div id=\"fluid-wrapper-counter-1\" class=\"g1-fluid-wrapper \" style=\"width:686px;\">\n<div style=\"padding-bottom:56.268221574344%;\"><iframe loading=\"lazy\" title=\"How to check and manage Payment, Notifications, Case and Referral under the Subscription info\" width=\"686\" height=\"386\" src=\"https:\/\/www.youtube.com\/embed\/P_SfZkwDOLE?feature=oembed&amp;wmode=transparent&amp;autohide=1&amp;autoplay=0&amp;disablekb=0&amp;fs=1&amp;loop=0&amp;enablejsapi=1&amp;rel=0&amp;controls=2&amp;showinfo=0&amp;wmode=transparent&amp;autohide=2&amp;autoplay=0&amp;disablekb=0&amp;fs=1&amp;loop=0&amp;enablejsapi=1&amp;rel=0&amp;controls=2&amp;showinfo=1\" frameborder=\"0\" allow=\"accelerometer; autoplay; clipboard-write; encrypted-media; gyroscope; picture-in-picture; web-share\" referrerpolicy=\"strict-origin-when-cross-origin\" allowfullscreen><\/iframe><\/div>\n<\/div>\n<h3>GOIS PRO &#8211; CARATTERISTICHE<\/h3>\n<ul>\n<li><strong>Gestione prodotti:<\/strong> memorizza descrizioni\/variazioni dettagliate per ogni prodotto e aggiungi funzionalit\u00e0 come SKU, codici a barre, fornitori, varianti, peso, prezzo all&#8217;ingrosso e al dettaglio e molto altro.<\/li>\n<li><strong>Monitoraggio numero di serie\/lotto\/scadenza<\/strong>: la funzionalit\u00e0 di monitoraggio del numero di serie e lotto assicura che il movimento di ogni unit\u00e0 nel tuo inventario venga tracciato e che la data di scadenza di ogni lotto venga monitorata<\/li>\n<li><strong>Gestione inventario<\/strong>: ottimizza i livelli di stock, tiene traccia dell&#8217;inventario in tempo reale e garantisce un&#8217;evasione degli ordini accurata per ridurre al minimo i costi ed evitare rotture di stock.<\/li>\n<li><strong>Controllo scorte:<\/strong> ottieni informazioni automatizzate e accurate sulle tue scorte. Gestisci facilmente i livelli di stock in base agli ordini e alle vendite.<\/li>\n<li><strong>Gestione magazzino:<\/strong> semplifica le operazioni di magazzino, migliorando l&#8217;efficienza di stoccaggio, il monitoraggio dell&#8217;inventario e l&#8217;automazione del flusso di lavoro.<\/li>\n<li><strong>Scansione di codici a barre e stampa di etichette<\/strong>: cattura tutti i dettagli delle scorte automatizzando l&#8217;aggiunta di inventario e l&#8217;elaborazione delle vendite con la funzionalit\u00e0 di scansione dei codici a barre.<\/li>\n<li><strong>Gestione multi-magazzino:<\/strong> la funzionalit\u00e0 di gestione multi-magazzino consente di immagazzinare e tenere traccia degli articoli in pi\u00f9 sedi<\/li>\n<li><strong>Punto vendita (POS)<\/strong>: il modulo POS \u00e8 dotato di funzionalit\u00e0 di reporting avanzate per aiutarti a ottenere un maggiore controllo su vendite, gestione clienti e inventario.<\/li>\n<li><strong>Gestione degli ordini di acquisto:<\/strong> gestisci l&#8217;intero ciclo di vita degli ordini di acquisto in un unico posto. Prepara gli ordini di acquisto utilizzando la piattaforma cloud e inviali direttamente ai tuoi fornitori.<\/li>\n<li><strong>Integrazione avanzata<\/strong>: il modulo di inventario pu\u00f2 essere integrato con qualsiasi piattaforma al mondo tramite API<\/li>\n<li><strong>Gestione degli ordini di vendita<\/strong>: tieni traccia di tutti gli ordini di vendita, monitorali e personalizzali in modo che creino una buona impressione nella mente dei clienti.<\/li>\n<li><strong>Automazione del flusso di lavoro<\/strong>: l&#8217;automazione \u00e8 la strada del futuro. Trasforma l&#8217;efficienza aziendale con un&#8217;automazione del flusso di lavoro intelligente e personalizzabile.<\/li>\n<li><strong>Magazzinaggio, prelievo e spedizione<\/strong>: migliora il processo di magazzinaggio integrando sistemi di prelievo e spedizione efficienti per garantire una consegna degli ordini tempestiva e accurata.<\/li>\n<li><strong>Gestione delle richieste<\/strong>: Un&#8217;app Web centralizzata consente all&#8217;ACQUIRENTE\/AMMINISTRATORE di rivedere i dettagli degli articoli e le informazioni sui fornitori per le decisioni sugli ordini di acquisto, mentre le richieste dei clienti vengono convertite in ordini di vendita in base alla disponibilit\u00e0 dell&#8217;inventario.<\/li>\n<li><strong>G-pricing<\/strong>: consente di creare rapidamente sconti e prezzi a strati per i clienti. I prezzi personalizzati possono anche essere applicati a una gamma di prodotti specifica o persino a un intero catalogo di prodotti utilizzando l&#8217;applicazione<\/li>\n<li><strong>Gestione CheckOut:<\/strong> l&#8217;applicazione web tiene traccia dell&#8217;utilizzo dell&#8217;inventario per lavori\/sedi, fornisce riepiloghi di costi e quantit\u00e0 e si integra con le piattaforme QuickBooks, Sage, Procore, Infor, Dynamics 365 e NetSuite ERP.<\/li>\n<\/ul>\n<h4>LE RECENSIONE DEGLI UTENTI<\/h4>\n<p><strong>Jeff &#8220;Nel complesso ottimo prodotto&#8221;<\/strong><br \/>\n<strong>Commenti<\/strong>: L&#8217;esperienza complessiva \u00e8 molto buona. Il sistema ha funzionato molto bene per tutto il tempo in cui l&#8217;ho usato (6 anni). Ma negli ultimi 6 mesi &#8211; 1 anno, si \u00e8 verificato lo stesso problema. L&#8217;invio di fatture via e-mail si \u00e8 bloccato 2 volte. Attualmente non funziona da circa 10 giorni con tempi di riparazione sconosciuti. Le fatture vengono visualizzate e vorrei solo che funzionasse.<br \/>\n<strong>Pro<\/strong>: Molto facile da usare, sia nella versione mobile che in quella deck top. In grado di completare i controlli di inventario della bacchetta di vendita sul campo, il che \u00e8 molto utile. I report sono molto belli e dettagliati per le mie esigenze.<br \/>\n<strong>Contro<\/strong>: Vorrei avere la possibilit\u00e0 di eliminare definitivamente i clienti che non sono stati attivi per anni.<\/p>\n<p><strong>Philip O. &#8220;Software versatile e multiuso personalizzabile per molteplici applicazioni&#8221;<\/strong><br \/>\n<strong>Commenti<\/strong>: GOIS Pro \u00e8 lo strumento di inventario flessibile necessario che tiene il passo nel nostro ambiente di costruzione. Questo software potrebbe essere utilizzato in altre applicazioni che richiedono una gestione dei materiali &#8220;sul campo&#8221; supportata da team di back office multi-dipartimentali. Il team MetaOption offre un servizio clienti da manuale e risoluzioni di alta qualit\u00e0 con tempi di consegna impressionanti. Il Construction Services Group \u00e8 molto grato per tutto ci\u00f2 che MetaOption fa per supportarci con GOIS e moduli e non vede l&#8217;ora di avere di pi\u00f9 in futuro!<br \/>\n<strong>Pro<\/strong>: MetaOption GOIS Pro e i suoi moduli forniscono ad AllWeather Contractors Construction Services Group una capacit\u00e0 di catalogo intuitiva, checkpoint per richiedenti e approvatori e una solida funzionalit\u00e0 di supporto back-office. GOIS Pro \u00e8 un software intuitivo con utili risorse pratiche e funzionalit\u00e0 semplici, ottimo per rendere le cose operative il prima possibile.<br \/>\n<strong>Contro<\/strong>: Non \u00e8 possibile annullare determinate azioni, ma ci\u00f2 non compromette l&#8217;operativit\u00e0 complessiva. (Una volta chiuso, un ordine di acquisto non pu\u00f2 essere riaperto o modificato). Gli articoli sostituiti e la mappatura alternativa dei prodotti potrebbero essere migliorati.<\/p>\n<p><strong>Sara &#8220;GOIS \u00e8 fondamentale per la gestione dell&#8217;inventario nella nostra piccola attivit\u00e0&#8221;<\/strong><br \/>\n<strong>Commenti<\/strong>: GOIS ha ripreso la palla in termini di gestione dell&#8217;inventario dove Quickbooks si era fermato. Tutto il nostro team lo usa quotidianamente, tutto il giorno. Senza di esso saremmo persi.<br \/>\n<strong>Pro<\/strong>: Abbiamo provato a usare Advanced Inventory in Quickbooks, ma ci siamo subito stancati della sua goffaggine e della mancanza di capacit\u00e0 di ottenere le informazioni che volevamo in modo rapido e\/o senza dover eseguire un mucchio di report. Siamo una nuova piccola attivit\u00e0, non abbiamo il budget da spendere per i software di gestione dell&#8217;inventario pi\u00f9 costosi disponibili. Siamo molto soddisfatti della funzionalit\u00e0 di questo programma e di quanto ci abbia aiutato a gestire il nostro inventario e i nostri ordini. Il loro servizio clienti \u00e8 di PRIMA QUALIT\u00c0!!! Non troverete il tipo di servizio clienti che GOIS fornisce da nessun&#8217;altra parte.<br \/>\n<strong>Contro<\/strong>: Vorrei che ci fossero opzioni di reporting migliori\/pi\u00f9 numerose (simili a quelle offerte da QB). Utilizziamo solo alcuni dei report disponibili, il resto non ci fornisce i dati di cui abbiamo bisogno. Credo che ci sia spazio per miglioramenti. Anche la possibilit\u00e0 di adattare le colonne (nascondere\/adattare la larghezza) e\/o creare un report personalizzato da soli sarebbe utile.<\/p>\n","protected":false},"excerpt":{"rendered":"<p>Goods Order Inventory System meglio conosciuto come GOIS Pro \u00e8 una soluzione di gestione dell&#8217;inventario basata su cloud che fornisce agli utenti funzionalit\u00e0 di gestione degli ordini. Consente agli utenti di utilizzare la fotocamera posteriore del proprio dispositivo mobile per scansionare i codici a barre dei prodotti ed eseguire azioni rapide come il check-in e il check-out delle scorte, gli ordini, i trasferimenti e le rettifiche.<\/p>\n","protected":false},"author":19,"featured_media":79013,"parent":42766,"menu_order":0,"comment_status":"open","ping_status":"closed","template":"g1_template_page_review_new.php","meta":{"_acf_changed":false,"cwp_meta_box_check":"Yes","cwp_rev_product_name":"","cwp_rev_product_image":"","wppr_links":[],"cwp_rev_price":"0.00","wppr_options":[{"name":"Usability","value":"0"},{"name":"Speed","value":"0"},{"name":"Features","value":"0"},{"name":"Support","value":"0"},{"name":"Pricing","value":"0"}],"wppr_pros":["","","","",""],"wppr_cons":["","","","",""],"_monsterinsights_skip_tracking":false,"_monsterinsights_sitenote_active":false,"_monsterinsights_sitenote_note":"","_monsterinsights_sitenote_category":0,"footnotes":""},"categories":[5951],"tags":[15291,15288,5963,5962,5960,5967],"features":[],"class_list":{"0":"post-79011","1":"page","2":"type-page","3":"status-publish","4":"has-post-thumbnail","6":"category-software-immissione-ordini-categoria","7":"tag-gois-pro","8":"tag-immissioni-ordini","9":"tag-piattaforma-immissioni-ordini","10":"tag-programma-immissioni-ordini","11":"tag-software-immissioni-ordini","12":"tag-soluzione-immissione-ordini"},"wppr_data":{"cwp_meta_box_check":"Yes","_wppr_review_template":"default","cwp_rev_product_image":"","cwp_image_link":"image","wppr_links":[],"cwp_rev_price":"0.00","wppr_pros":["","","","",""],"wppr_cons":["","","","",""],"wppr_rating":"0.00","wppr_options":{"1":{"name":"Usability","value":"0"},"2":{"name":"Speed","value":"0"},"3":{"name":"Features","value":"0"},"4":{"name":"Support","value":"0"},"5":{"name":"Pricing","value":"0"}},"wppr_review_type":"Product","wppr_review_custom_fields":{"additionalProperty":"","additionalType":"","aggregateRating":"","alternateName":"","audience":"","award":"","awards":"","brand":"","color":"","depth":"","description":"","disambiguatingDescription":"","gtin12":"","gtin13":"","gtin14":"","gtin8":"","height":"","identifier":"","image":"","isAccessoryOrSparePartFor":"","isConsumableFor":"","isRelatedTo":"","isSimilarTo":"","itemCondition":"","logo":"","mainEntityOfPage":"","manufacturer":"","material":"","model":"","mpn":"","name":"","offers":"","potentialAction":"","productID":"","productionDate":"","purchaseDate":"","releaseDate":"","review":"","reviews":"","sameAs":"","sku":"","slogan":"","subjectOf":"","url":"","weight":"","width":""}},"acf":[],"yoast_head":"<!-- This site is optimized with the Yoast SEO plugin v27.4 - https:\/\/yoast.com\/product\/yoast-seo-wordpress\/ -->\n<title>GOIS Pro: recensione software immissione ordini - Accurate Reviews<\/title>\n<meta name=\"description\" content=\"GOIS Pro: recensione soluzione di gestione dell&#039;inventario basata su cloud che fornisce agli utenti funzionalit\u00e0 di gestione degli ordini.\" \/>\n<meta name=\"robots\" content=\"index, follow, max-snippet:-1, max-image-preview:large, max-video-preview:-1\" \/>\n<link rel=\"canonical\" href=\"https:\/\/www.accuratereviews.com\/it\/software-immissione-ordini\/gois-pro-recensione\/\" \/>\n<meta property=\"og:locale\" content=\"it_IT\" \/>\n<meta property=\"og:type\" content=\"article\" \/>\n<meta property=\"og:title\" content=\"GOIS Pro: recensione software immissione ordini - Accurate Reviews\" \/>\n<meta property=\"og:description\" content=\"GOIS Pro: recensione soluzione di gestione dell&#039;inventario basata su cloud che fornisce agli utenti funzionalit\u00e0 di gestione degli ordini.\" \/>\n<meta property=\"og:url\" content=\"https:\/\/www.accuratereviews.com\/it\/software-immissione-ordini\/gois-pro-recensione\/\" \/>\n<meta property=\"og:site_name\" content=\"Accurate Reviews\" \/>\n<meta property=\"article:modified_time\" content=\"2024-10-01T16:11:19+00:00\" \/>\n<meta property=\"og:image\" content=\"https:\/\/www.accuratereviews.com\/wp-content\/uploads\/2024\/09\/GOIS-Pro.jpg\" \/>\n\t<meta property=\"og:image:width\" content=\"512\" \/>\n\t<meta property=\"og:image:height\" content=\"512\" \/>\n\t<meta property=\"og:image:type\" content=\"image\/jpeg\" \/>\n<meta name=\"twitter:card\" content=\"summary_large_image\" \/>\n<meta name=\"twitter:label1\" content=\"Tempo di lettura stimato\" \/>\n\t<meta name=\"twitter:data1\" content=\"7 minuti\" \/>\n<script type=\"application\/ld+json\" class=\"yoast-schema-graph\">{\"@context\":\"https:\\\/\\\/schema.org\",\"@graph\":[{\"@type\":\"WebPage\",\"@id\":\"https:\\\/\\\/www.accuratereviews.com\\\/it\\\/software-immissione-ordini\\\/gois-pro-recensione\\\/\",\"url\":\"https:\\\/\\\/www.accuratereviews.com\\\/it\\\/software-immissione-ordini\\\/gois-pro-recensione\\\/\",\"name\":\"GOIS Pro: recensione software immissione ordini - Accurate Reviews\",\"isPartOf\":{\"@id\":\"https:\\\/\\\/www.accuratereviews.com\\\/it\\\/#website\"},\"primaryImageOfPage\":{\"@id\":\"https:\\\/\\\/www.accuratereviews.com\\\/it\\\/software-immissione-ordini\\\/gois-pro-recensione\\\/#primaryimage\"},\"image\":{\"@id\":\"https:\\\/\\\/www.accuratereviews.com\\\/it\\\/software-immissione-ordini\\\/gois-pro-recensione\\\/#primaryimage\"},\"thumbnailUrl\":\"https:\\\/\\\/www.accuratereviews.com\\\/wp-content\\\/uploads\\\/2024\\\/09\\\/GOIS-Pro.jpg\",\"datePublished\":\"2024-09-23T18:46:39+00:00\",\"dateModified\":\"2024-10-01T16:11:19+00:00\",\"description\":\"GOIS Pro: recensione soluzione di gestione dell'inventario basata su cloud che fornisce agli utenti funzionalit\u00e0 di gestione degli ordini.\",\"breadcrumb\":{\"@id\":\"https:\\\/\\\/www.accuratereviews.com\\\/it\\\/software-immissione-ordini\\\/gois-pro-recensione\\\/#breadcrumb\"},\"inLanguage\":\"it-IT\",\"potentialAction\":[{\"@type\":\"ReadAction\",\"target\":[\"https:\\\/\\\/www.accuratereviews.com\\\/it\\\/software-immissione-ordini\\\/gois-pro-recensione\\\/\"]}]},{\"@type\":\"ImageObject\",\"inLanguage\":\"it-IT\",\"@id\":\"https:\\\/\\\/www.accuratereviews.com\\\/it\\\/software-immissione-ordini\\\/gois-pro-recensione\\\/#primaryimage\",\"url\":\"https:\\\/\\\/www.accuratereviews.com\\\/wp-content\\\/uploads\\\/2024\\\/09\\\/GOIS-Pro.jpg\",\"contentUrl\":\"https:\\\/\\\/www.accuratereviews.com\\\/wp-content\\\/uploads\\\/2024\\\/09\\\/GOIS-Pro.jpg\",\"width\":512,\"height\":512},{\"@type\":\"BreadcrumbList\",\"@id\":\"https:\\\/\\\/www.accuratereviews.com\\\/it\\\/software-immissione-ordini\\\/gois-pro-recensione\\\/#breadcrumb\",\"itemListElement\":[{\"@type\":\"ListItem\",\"position\":1,\"name\":\"Home\",\"item\":\"https:\\\/\\\/www.accuratereviews.com\\\/it\\\/\"},{\"@type\":\"ListItem\",\"position\":2,\"name\":\"Software per immissione di ordini\",\"item\":\"https:\\\/\\\/www.accuratereviews.com\\\/it\\\/software-immissione-ordini\\\/\"},{\"@type\":\"ListItem\",\"position\":3,\"name\":\"GOIS Pro\"}]},{\"@type\":\"WebSite\",\"@id\":\"https:\\\/\\\/www.accuratereviews.com\\\/it\\\/#website\",\"url\":\"https:\\\/\\\/www.accuratereviews.com\\\/it\\\/\",\"name\":\"Accurate Reviews\",\"description\":\"\",\"potentialAction\":[{\"@type\":\"SearchAction\",\"target\":{\"@type\":\"EntryPoint\",\"urlTemplate\":\"https:\\\/\\\/www.accuratereviews.com\\\/it\\\/?s={search_term_string}\"},\"query-input\":{\"@type\":\"PropertyValueSpecification\",\"valueRequired\":true,\"valueName\":\"search_term_string\"}}],\"inLanguage\":\"it-IT\"}]}<\/script>\n<!-- \/ Yoast SEO plugin. -->","yoast_head_json":{"title":"GOIS Pro: recensione software immissione ordini - Accurate Reviews","description":"GOIS Pro: recensione soluzione di gestione dell'inventario basata su cloud che fornisce agli utenti funzionalit\u00e0 di gestione degli ordini.","robots":{"index":"index","follow":"follow","max-snippet":"max-snippet:-1","max-image-preview":"max-image-preview:large","max-video-preview":"max-video-preview:-1"},"canonical":"https:\/\/www.accuratereviews.com\/it\/software-immissione-ordini\/gois-pro-recensione\/","og_locale":"it_IT","og_type":"article","og_title":"GOIS Pro: recensione software immissione ordini - Accurate Reviews","og_description":"GOIS Pro: recensione soluzione di gestione dell'inventario basata su cloud che fornisce agli utenti funzionalit\u00e0 di gestione degli ordini.","og_url":"https:\/\/www.accuratereviews.com\/it\/software-immissione-ordini\/gois-pro-recensione\/","og_site_name":"Accurate Reviews","article_modified_time":"2024-10-01T16:11:19+00:00","og_image":[{"width":512,"height":512,"url":"https:\/\/www.accuratereviews.com\/wp-content\/uploads\/2024\/09\/GOIS-Pro.jpg","type":"image\/jpeg"}],"twitter_card":"summary_large_image","twitter_misc":{"Tempo di lettura stimato":"7 minuti"},"schema":{"@context":"https:\/\/schema.org","@graph":[{"@type":"WebPage","@id":"https:\/\/www.accuratereviews.com\/it\/software-immissione-ordini\/gois-pro-recensione\/","url":"https:\/\/www.accuratereviews.com\/it\/software-immissione-ordini\/gois-pro-recensione\/","name":"GOIS Pro: recensione software immissione ordini - Accurate Reviews","isPartOf":{"@id":"https:\/\/www.accuratereviews.com\/it\/#website"},"primaryImageOfPage":{"@id":"https:\/\/www.accuratereviews.com\/it\/software-immissione-ordini\/gois-pro-recensione\/#primaryimage"},"image":{"@id":"https:\/\/www.accuratereviews.com\/it\/software-immissione-ordini\/gois-pro-recensione\/#primaryimage"},"thumbnailUrl":"https:\/\/www.accuratereviews.com\/wp-content\/uploads\/2024\/09\/GOIS-Pro.jpg","datePublished":"2024-09-23T18:46:39+00:00","dateModified":"2024-10-01T16:11:19+00:00","description":"GOIS Pro: recensione soluzione di gestione dell'inventario basata su cloud che fornisce agli utenti funzionalit\u00e0 di gestione degli ordini.","breadcrumb":{"@id":"https:\/\/www.accuratereviews.com\/it\/software-immissione-ordini\/gois-pro-recensione\/#breadcrumb"},"inLanguage":"it-IT","potentialAction":[{"@type":"ReadAction","target":["https:\/\/www.accuratereviews.com\/it\/software-immissione-ordini\/gois-pro-recensione\/"]}]},{"@type":"ImageObject","inLanguage":"it-IT","@id":"https:\/\/www.accuratereviews.com\/it\/software-immissione-ordini\/gois-pro-recensione\/#primaryimage","url":"https:\/\/www.accuratereviews.com\/wp-content\/uploads\/2024\/09\/GOIS-Pro.jpg","contentUrl":"https:\/\/www.accuratereviews.com\/wp-content\/uploads\/2024\/09\/GOIS-Pro.jpg","width":512,"height":512},{"@type":"BreadcrumbList","@id":"https:\/\/www.accuratereviews.com\/it\/software-immissione-ordini\/gois-pro-recensione\/#breadcrumb","itemListElement":[{"@type":"ListItem","position":1,"name":"Home","item":"https:\/\/www.accuratereviews.com\/it\/"},{"@type":"ListItem","position":2,"name":"Software per immissione di ordini","item":"https:\/\/www.accuratereviews.com\/it\/software-immissione-ordini\/"},{"@type":"ListItem","position":3,"name":"GOIS Pro"}]},{"@type":"WebSite","@id":"https:\/\/www.accuratereviews.com\/it\/#website","url":"https:\/\/www.accuratereviews.com\/it\/","name":"Accurate Reviews","description":"","potentialAction":[{"@type":"SearchAction","target":{"@type":"EntryPoint","urlTemplate":"https:\/\/www.accuratereviews.com\/it\/?s={search_term_string}"},"query-input":{"@type":"PropertyValueSpecification","valueRequired":true,"valueName":"search_term_string"}}],"inLanguage":"it-IT"}]}},"_links":{"self":[{"href":"https:\/\/www.accuratereviews.com\/it\/wp-json\/wp\/v2\/pages\/79011","targetHints":{"allow":["GET"]}}],"collection":[{"href":"https:\/\/www.accuratereviews.com\/it\/wp-json\/wp\/v2\/pages"}],"about":[{"href":"https:\/\/www.accuratereviews.com\/it\/wp-json\/wp\/v2\/types\/page"}],"author":[{"embeddable":true,"href":"https:\/\/www.accuratereviews.com\/it\/wp-json\/wp\/v2\/users\/19"}],"replies":[{"embeddable":true,"href":"https:\/\/www.accuratereviews.com\/it\/wp-json\/wp\/v2\/comments?post=79011"}],"version-history":[{"count":13,"href":"https:\/\/www.accuratereviews.com\/it\/wp-json\/wp\/v2\/pages\/79011\/revisions"}],"predecessor-version":[{"id":79226,"href":"https:\/\/www.accuratereviews.com\/it\/wp-json\/wp\/v2\/pages\/79011\/revisions\/79226"}],"up":[{"embeddable":true,"href":"https:\/\/www.accuratereviews.com\/it\/wp-json\/wp\/v2\/pages\/42766"}],"wp:featuredmedia":[{"embeddable":true,"href":"https:\/\/www.accuratereviews.com\/it\/wp-json\/wp\/v2\/media\/79013"}],"wp:attachment":[{"href":"https:\/\/www.accuratereviews.com\/it\/wp-json\/wp\/v2\/media?parent=79011"}],"wp:term":[{"taxonomy":"category","embeddable":true,"href":"https:\/\/www.accuratereviews.com\/it\/wp-json\/wp\/v2\/categories?post=79011"},{"taxonomy":"post_tag","embeddable":true,"href":"https:\/\/www.accuratereviews.com\/it\/wp-json\/wp\/v2\/tags?post=79011"},{"taxonomy":"features","embeddable":true,"href":"https:\/\/www.accuratereviews.com\/it\/wp-json\/wp\/v2\/features?post=79011"}],"curies":[{"name":"wp","href":"https:\/\/api.w.org\/{rel}","templated":true}]}}