{"id":79075,"date":"2024-09-25T17:06:45","date_gmt":"2024-09-25T17:06:45","guid":{"rendered":"https:\/\/www.accuratereviews.com\/?page_id=79075"},"modified":"2024-09-26T09:52:19","modified_gmt":"2024-09-26T09:52:19","slug":"edge-recensione","status":"publish","type":"page","link":"https:\/\/www.accuratereviews.com\/it\/software-gestione-ospedali\/edge-recensione\/","title":{"rendered":"Edge"},"content":{"rendered":"<p><strong>Edge<\/strong> \u00e8 un <strong>programma di gestione delle sperimentazioni cliniche<\/strong> in tempo reale, che \u00e8 integrato nell&#8217;80% del NHS nel Regno Unito e all&#8217;estero in paesi come Canada, Belgio, Nuova Zelanda, Sudafrica e altri. Offre funzionalit\u00e0 di gestione di studi e pazienti, tra cui flussi di lavoro, attributi dei pazienti e un modulo finanziario, solo per citarne alcuni.<br \/>\nIl programma fornisce, inoltre, ai suoi utenti funzionalit\u00e0 di reporting che velocizzano i processi interni e consentono agli utenti di sfruttare al meglio i propri dati.<\/p>\n<h2>EDGE &#8211; TUTORIAL<\/h2>\n<div id=\"fluid-wrapper-counter-1\" class=\"g1-fluid-wrapper \" style=\"width:686px;\">\n<div style=\"padding-bottom:56.268221574344%;\"><iframe loading=\"lazy\" title=\"EDGE 3 Launch\" src=\"https:\/\/player.vimeo.com\/video\/798357058?dnt=1&amp;app_id=122963?title=0&amp;byline=0&amp;portrait=0\" width=\"686\" height=\"386\" frameborder=\"0\" allow=\"autoplay; fullscreen; picture-in-picture; clipboard-write\"><\/iframe><\/div>\n<\/div>\n<h3>EDGE &#8211; CARATTERISTICHE<\/h3>\n<ul>\n<li>Gestione dei dati in tempo reale basata su cloud<\/li>\n<li>Supportata su pi\u00f9 dispositivi<\/li>\n<li>Disponibilit\u00e0 globale tramite un ambiente Microsoft AZURE sicuro<\/li>\n<li>Tecnologie moderne incentrate sull&#8217;esperienza utente<\/li>\n<li>Dashboard utente personalizzata<\/li>\n<li>Gestione e reclutamento dei partecipanti sicuri<\/li>\n<li>Creazione illimitata di moduli e campi personalizzati<\/li>\n<li>Workflow builder per l&#8217;assegnazione personalizzata del carico di lavoro<\/li>\n<li>Gestione dei documenti con controllo delle versioni<\/li>\n<li>Reporting rapido e approfondito<\/li>\n<li>Modulo finanziario completo per il monitoraggio e il reporting delle fatture<\/li>\n<li>Funzionalit\u00e0 di calendario collaborativo<\/li>\n<li>Registri di delega elettronici<\/li>\n<\/ul>\n<h4>LE RECENSIONI DEGLI UTENTI<\/h4>\n<p><strong>Alessia &#8220;Sistema di facile accesso con funzionalit\u00e0 adattabili&#8221;<\/strong><br \/>\n<strong>Commenti<\/strong>: EDGE \u00e8 una buona azienda con la quale abbiamo avuto interazioni positive. Quando \u00e8 necessaria un&#8217;escalation a EDGE, ti risponderanno rapidamente e, se necessario, ti offriranno supporto tramite contatti regionali. \u00c8 un sistema di gestione della ricerca molto efficace.<br \/>\n<strong>Pro<\/strong>: Il sistema \u00e8 facile da usare e pu\u00f2 consentire l&#8217;implementazione della formazione con un supporto minimo. Sono disponibili funzionalit\u00e0 da utilizzare per adattare il sistema entro i limiti del programma in modo da adattarlo alla propria organizzazione. Consente la collaborazione e la visibilit\u00e0 dei dati a un vasto pubblico ed \u00e8 particolarmente utile poter accedere da un browser web per il lavoro da casa. \u00c8 stato essenziale per il nostro passaggio al lavoro da casa durante la pandemia di COVID-19.<br \/>\n<strong>Contro<\/strong>: La creazione di report limitati agli utenti amministratori non \u00e8 molto semplice da usare a causa dei limiti di tempo per il personale amministrativo. Per questo motivo non utilizziamo EDGE per i nostri scopi di reporting, tuttavia la possibilit\u00e0 di creare report utilizzabili dal personale aggira leggermente questo problema.<\/p>\n<p><strong>Vicky &#8220;EDGE si adatta alle tue esigenze&#8221;<\/strong><br \/>\n<strong>Commenti<\/strong>: Non potrei essere efficiente o efficace nel mio lavoro senza EDGE. Contiene tutte le informazioni che il personale deve conoscere su una sperimentazione ed \u00e8 accessibile a tutti coloro che ne hanno bisogno. Posso eseguire report da EGDE creati per le nostre esigenze a livello di servizio, ci fornisce una supervisione delle nostre sperimentazioni.<br \/>\n<strong>Pro<\/strong>: Accessibile ovunque, flessibile, adattabile al tuo servizio, d\u00e0 ai ricercatori autonomia nel modo in cui gestiscono le loro sperimentazioni. Adoro i flussi di lavoro perch\u00e9 posso tracciare i processi, aggiungere dettagli in modo da sapere esattamente dove ci troviamo. EDGE ci consente anche di passare dalla carta all&#8217;elettronica per documentare i registri di formazione e delega, il che rende pi\u00f9 rapido l&#8217;arruolamento del personale per lavorare sulle sperimentazioni.<br \/>\n<strong>Contro<\/strong>: Non vedo alcun contro nell&#8217;uso di EDGE. Per alcuni \u00e8 un altro sistema in cui devono effettuare l&#8217;accesso, il che potrebbe essere un aspetto negativo, ma per me \u00e8 un sistema essenziale. Sarebbe fantastico se i sistemi potessero comunicare di pi\u00f9 tra loro.<\/p>\n<p><strong>Paloma &#8220;Ottenere il massimo da EDGE&#8221;<\/strong><br \/>\n<strong>Pro<\/strong>: Il sistema EDGE \u00e8 molto intuitivo e user-friendly. Permette ai nostri team di ricerca di catturare la maggior parte della loro attivit\u00e0 di ricerca. La nuova Knowledge-Base con l&#8217;inclusione di guide rapide per tutti gli argomenti con esempi e suggerimenti reali ha ottenuto un&#8217;accettazione molto positiva tra i nostri utenti. Un&#8217;altra funzione che utilizziamo e che ci ha semplificato la vita \u00e8 la condivisione di report personalizzati con i nostri team utilizzando la funzionalit\u00e0 &#8216;Report sharing&#8217;.<br \/>\n<strong>Contro<\/strong>: Questi sono alcuni dei miglioramenti che i nostri utenti vorrebbero vedere in EDGE. &#8211; Sarebbe bello avere cartelle o un&#8217;opzione di ricerca nei flussi di lavoro e nei flussi di lavoro globali. Al momento \u00e8 piuttosto disorganizzato. &#8211; Anche per migliorare il &#8220;menu Stato paziente&#8221; che consente il doppio consenso per questo tipo di studi. &#8211; I report di audit sono difficili da comprendere e tracciare. Inoltre, la funzionalit\u00e0 di ricerca invece di scorrere le pagine per trovare un utente. &#8211; Pi\u00f9 ruoli e diritti per gli utenti sarebbero utili in una grande organizzazione come la nostra. Ci auguriamo che alcuni di questi suggerimenti possano essere sviluppati in EDGE 3.<\/p>\n","protected":false},"excerpt":{"rendered":"<p>Edge \u00e8 un programma di gestione delle sperimentazioni cliniche in tempo reale che \u00e8 integrato nell&#8217;80% del NHS nel Regno Unito e all&#8217;estero in paesi come Canada, Belgio, Nuova Zelanda, Sudafrica e altri. Offre funzionalit\u00e0 di gestione di studi e pazienti, tra cui flussi di lavoro, attributi dei pazienti e un modulo finanziario, solo per citarne alcuni.<\/p>\n","protected":false},"author":19,"featured_media":79078,"parent":43555,"menu_order":0,"comment_status":"open","ping_status":"closed","template":"g1_template_page_review_new.php","meta":{"_acf_changed":false,"cwp_meta_box_check":"Yes","cwp_rev_product_name":"","cwp_rev_product_image":"","wppr_links":[],"cwp_rev_price":"0.00","wppr_options":[{"name":"Usability","value":"0"},{"name":"Speed","value":"0"},{"name":"Features","value":"0"},{"name":"Support","value":"0"},{"name":"Pricing","value":"0"}],"wppr_pros":["","","","",""],"wppr_cons":["","","","",""],"_monsterinsights_skip_tracking":false,"_monsterinsights_sitenote_active":false,"_monsterinsights_sitenote_note":"","_monsterinsights_sitenote_category":0,"footnotes":""},"categories":[6100],"tags":[15307,6220,15310,6216,15309,15308],"features":[],"class_list":{"0":"post-79075","1":"page","2":"type-page","3":"status-publish","4":"has-post-thumbnail","6":"category-software-gestione-ospedali-cat","7":"tag-edge","8":"tag-gestionale-ospedali","9":"tag-piattaforma-gestionale-ospedali","10":"tag-programma-gestionale-ospedali","11":"tag-software-gestionale-ospedali","12":"tag-soluzione-gestionale-ospedali"},"wppr_data":{"cwp_meta_box_check":"Yes","_wppr_review_template":"default","cwp_rev_product_image":"","cwp_image_link":"image","wppr_links":[],"cwp_rev_price":"0.00","wppr_pros":["","","","",""],"wppr_cons":["","","","",""],"wppr_rating":"0.00","wppr_options":{"1":{"name":"Usability","value":"0"},"2":{"name":"Speed","value":"0"},"3":{"name":"Features","value":"0"},"4":{"name":"Support","value":"0"},"5":{"name":"Pricing","value":"0"}},"wppr_review_type":"Product","wppr_review_custom_fields":{"additionalProperty":"","additionalType":"","aggregateRating":"","alternateName":"","audience":"","award":"","awards":"","brand":"","color":"","depth":"","description":"","disambiguatingDescription":"","gtin12":"","gtin13":"","gtin14":"","gtin8":"","height":"","identifier":"","image":"","isAccessoryOrSparePartFor":"","isConsumableFor":"","isRelatedTo":"","isSimilarTo":"","itemCondition":"","logo":"","mainEntityOfPage":"","manufacturer":"","material":"","model":"","mpn":"","name":"","offers":"","potentialAction":"","productID":"","productionDate":"","purchaseDate":"","releaseDate":"","review":"","reviews":"","sameAs":"","sku":"","slogan":"","subjectOf":"","url":"","weight":"","width":""}},"acf":[],"yoast_head":"<!-- This site is optimized with the Yoast SEO plugin v27.4 - https:\/\/yoast.com\/product\/yoast-seo-wordpress\/ -->\n<title>Edge: recensione software gestione ospedali - Accurate Reviews<\/title>\n<meta name=\"description\" content=\"Edge: recensione programma di gestione delle sperimentazioni cliniche in tempo reale integrato nell&#039;80% del NHS nel Regno Unito e all&#039;estero.\" \/>\n<meta name=\"robots\" content=\"index, follow, max-snippet:-1, max-image-preview:large, max-video-preview:-1\" \/>\n<link rel=\"canonical\" href=\"https:\/\/www.accuratereviews.com\/it\/software-gestione-ospedali\/edge-recensione\/\" \/>\n<meta property=\"og:locale\" content=\"it_IT\" \/>\n<meta property=\"og:type\" content=\"article\" \/>\n<meta property=\"og:title\" content=\"Edge: recensione software gestione ospedali - Accurate Reviews\" \/>\n<meta property=\"og:description\" content=\"Edge: recensione programma di gestione delle sperimentazioni cliniche in tempo reale integrato nell&#039;80% del NHS nel Regno Unito e all&#039;estero.\" \/>\n<meta property=\"og:url\" content=\"https:\/\/www.accuratereviews.com\/it\/software-gestione-ospedali\/edge-recensione\/\" \/>\n<meta property=\"og:site_name\" content=\"Accurate Reviews\" \/>\n<meta property=\"article:modified_time\" content=\"2024-09-26T09:52:19+00:00\" \/>\n<meta property=\"og:image\" content=\"https:\/\/www.accuratereviews.com\/wp-content\/uploads\/2024\/09\/Screenshot-2024-09-25-alle-11.14.53.png\" \/>\n\t<meta property=\"og:image:width\" content=\"494\" \/>\n\t<meta property=\"og:image:height\" content=\"202\" \/>\n\t<meta property=\"og:image:type\" content=\"image\/png\" \/>\n<meta name=\"twitter:card\" content=\"summary_large_image\" \/>\n<meta name=\"twitter:label1\" content=\"Tempo di lettura stimato\" \/>\n\t<meta name=\"twitter:data1\" content=\"5 minuti\" \/>\n<script type=\"application\/ld+json\" class=\"yoast-schema-graph\">{\"@context\":\"https:\\\/\\\/schema.org\",\"@graph\":[{\"@type\":\"WebPage\",\"@id\":\"https:\\\/\\\/www.accuratereviews.com\\\/it\\\/software-gestione-ospedali\\\/edge-recensione\\\/\",\"url\":\"https:\\\/\\\/www.accuratereviews.com\\\/it\\\/software-gestione-ospedali\\\/edge-recensione\\\/\",\"name\":\"Edge: recensione software gestione ospedali - Accurate Reviews\",\"isPartOf\":{\"@id\":\"https:\\\/\\\/www.accuratereviews.com\\\/it\\\/#website\"},\"primaryImageOfPage\":{\"@id\":\"https:\\\/\\\/www.accuratereviews.com\\\/it\\\/software-gestione-ospedali\\\/edge-recensione\\\/#primaryimage\"},\"image\":{\"@id\":\"https:\\\/\\\/www.accuratereviews.com\\\/it\\\/software-gestione-ospedali\\\/edge-recensione\\\/#primaryimage\"},\"thumbnailUrl\":\"https:\\\/\\\/www.accuratereviews.com\\\/wp-content\\\/uploads\\\/2024\\\/09\\\/Screenshot-2024-09-25-alle-11.14.53.png\",\"datePublished\":\"2024-09-25T17:06:45+00:00\",\"dateModified\":\"2024-09-26T09:52:19+00:00\",\"description\":\"Edge: recensione programma di gestione delle sperimentazioni cliniche in tempo reale integrato nell'80% del NHS nel Regno Unito e all'estero.\",\"breadcrumb\":{\"@id\":\"https:\\\/\\\/www.accuratereviews.com\\\/it\\\/software-gestione-ospedali\\\/edge-recensione\\\/#breadcrumb\"},\"inLanguage\":\"it-IT\",\"potentialAction\":[{\"@type\":\"ReadAction\",\"target\":[\"https:\\\/\\\/www.accuratereviews.com\\\/it\\\/software-gestione-ospedali\\\/edge-recensione\\\/\"]}]},{\"@type\":\"ImageObject\",\"inLanguage\":\"it-IT\",\"@id\":\"https:\\\/\\\/www.accuratereviews.com\\\/it\\\/software-gestione-ospedali\\\/edge-recensione\\\/#primaryimage\",\"url\":\"https:\\\/\\\/www.accuratereviews.com\\\/wp-content\\\/uploads\\\/2024\\\/09\\\/Screenshot-2024-09-25-alle-11.14.53.png\",\"contentUrl\":\"https:\\\/\\\/www.accuratereviews.com\\\/wp-content\\\/uploads\\\/2024\\\/09\\\/Screenshot-2024-09-25-alle-11.14.53.png\",\"width\":494,\"height\":202},{\"@type\":\"BreadcrumbList\",\"@id\":\"https:\\\/\\\/www.accuratereviews.com\\\/it\\\/software-gestione-ospedali\\\/edge-recensione\\\/#breadcrumb\",\"itemListElement\":[{\"@type\":\"ListItem\",\"position\":1,\"name\":\"Home\",\"item\":\"https:\\\/\\\/www.accuratereviews.com\\\/it\\\/\"},{\"@type\":\"ListItem\",\"position\":2,\"name\":\"Software per la gestione degli ospedali\",\"item\":\"https:\\\/\\\/www.accuratereviews.com\\\/it\\\/software-gestione-ospedali\\\/\"},{\"@type\":\"ListItem\",\"position\":3,\"name\":\"Edge\"}]},{\"@type\":\"WebSite\",\"@id\":\"https:\\\/\\\/www.accuratereviews.com\\\/it\\\/#website\",\"url\":\"https:\\\/\\\/www.accuratereviews.com\\\/it\\\/\",\"name\":\"Accurate Reviews\",\"description\":\"\",\"potentialAction\":[{\"@type\":\"SearchAction\",\"target\":{\"@type\":\"EntryPoint\",\"urlTemplate\":\"https:\\\/\\\/www.accuratereviews.com\\\/it\\\/?s={search_term_string}\"},\"query-input\":{\"@type\":\"PropertyValueSpecification\",\"valueRequired\":true,\"valueName\":\"search_term_string\"}}],\"inLanguage\":\"it-IT\"}]}<\/script>\n<!-- \/ Yoast SEO plugin. -->","yoast_head_json":{"title":"Edge: recensione software gestione ospedali - Accurate Reviews","description":"Edge: recensione programma di gestione delle sperimentazioni cliniche in tempo reale integrato nell'80% del NHS nel Regno Unito e all'estero.","robots":{"index":"index","follow":"follow","max-snippet":"max-snippet:-1","max-image-preview":"max-image-preview:large","max-video-preview":"max-video-preview:-1"},"canonical":"https:\/\/www.accuratereviews.com\/it\/software-gestione-ospedali\/edge-recensione\/","og_locale":"it_IT","og_type":"article","og_title":"Edge: recensione software gestione ospedali - Accurate Reviews","og_description":"Edge: recensione programma di gestione delle sperimentazioni cliniche in tempo reale integrato nell'80% del NHS nel Regno Unito e all'estero.","og_url":"https:\/\/www.accuratereviews.com\/it\/software-gestione-ospedali\/edge-recensione\/","og_site_name":"Accurate Reviews","article_modified_time":"2024-09-26T09:52:19+00:00","og_image":[{"width":494,"height":202,"url":"https:\/\/www.accuratereviews.com\/wp-content\/uploads\/2024\/09\/Screenshot-2024-09-25-alle-11.14.53.png","type":"image\/png"}],"twitter_card":"summary_large_image","twitter_misc":{"Tempo di lettura stimato":"5 minuti"},"schema":{"@context":"https:\/\/schema.org","@graph":[{"@type":"WebPage","@id":"https:\/\/www.accuratereviews.com\/it\/software-gestione-ospedali\/edge-recensione\/","url":"https:\/\/www.accuratereviews.com\/it\/software-gestione-ospedali\/edge-recensione\/","name":"Edge: recensione software gestione ospedali - Accurate Reviews","isPartOf":{"@id":"https:\/\/www.accuratereviews.com\/it\/#website"},"primaryImageOfPage":{"@id":"https:\/\/www.accuratereviews.com\/it\/software-gestione-ospedali\/edge-recensione\/#primaryimage"},"image":{"@id":"https:\/\/www.accuratereviews.com\/it\/software-gestione-ospedali\/edge-recensione\/#primaryimage"},"thumbnailUrl":"https:\/\/www.accuratereviews.com\/wp-content\/uploads\/2024\/09\/Screenshot-2024-09-25-alle-11.14.53.png","datePublished":"2024-09-25T17:06:45+00:00","dateModified":"2024-09-26T09:52:19+00:00","description":"Edge: recensione programma di gestione delle sperimentazioni cliniche in tempo reale integrato nell'80% del NHS nel Regno Unito e all'estero.","breadcrumb":{"@id":"https:\/\/www.accuratereviews.com\/it\/software-gestione-ospedali\/edge-recensione\/#breadcrumb"},"inLanguage":"it-IT","potentialAction":[{"@type":"ReadAction","target":["https:\/\/www.accuratereviews.com\/it\/software-gestione-ospedali\/edge-recensione\/"]}]},{"@type":"ImageObject","inLanguage":"it-IT","@id":"https:\/\/www.accuratereviews.com\/it\/software-gestione-ospedali\/edge-recensione\/#primaryimage","url":"https:\/\/www.accuratereviews.com\/wp-content\/uploads\/2024\/09\/Screenshot-2024-09-25-alle-11.14.53.png","contentUrl":"https:\/\/www.accuratereviews.com\/wp-content\/uploads\/2024\/09\/Screenshot-2024-09-25-alle-11.14.53.png","width":494,"height":202},{"@type":"BreadcrumbList","@id":"https:\/\/www.accuratereviews.com\/it\/software-gestione-ospedali\/edge-recensione\/#breadcrumb","itemListElement":[{"@type":"ListItem","position":1,"name":"Home","item":"https:\/\/www.accuratereviews.com\/it\/"},{"@type":"ListItem","position":2,"name":"Software per la gestione degli ospedali","item":"https:\/\/www.accuratereviews.com\/it\/software-gestione-ospedali\/"},{"@type":"ListItem","position":3,"name":"Edge"}]},{"@type":"WebSite","@id":"https:\/\/www.accuratereviews.com\/it\/#website","url":"https:\/\/www.accuratereviews.com\/it\/","name":"Accurate Reviews","description":"","potentialAction":[{"@type":"SearchAction","target":{"@type":"EntryPoint","urlTemplate":"https:\/\/www.accuratereviews.com\/it\/?s={search_term_string}"},"query-input":{"@type":"PropertyValueSpecification","valueRequired":true,"valueName":"search_term_string"}}],"inLanguage":"it-IT"}]}},"_links":{"self":[{"href":"https:\/\/www.accuratereviews.com\/it\/wp-json\/wp\/v2\/pages\/79075","targetHints":{"allow":["GET"]}}],"collection":[{"href":"https:\/\/www.accuratereviews.com\/it\/wp-json\/wp\/v2\/pages"}],"about":[{"href":"https:\/\/www.accuratereviews.com\/it\/wp-json\/wp\/v2\/types\/page"}],"author":[{"embeddable":true,"href":"https:\/\/www.accuratereviews.com\/it\/wp-json\/wp\/v2\/users\/19"}],"replies":[{"embeddable":true,"href":"https:\/\/www.accuratereviews.com\/it\/wp-json\/wp\/v2\/comments?post=79075"}],"version-history":[{"count":11,"href":"https:\/\/www.accuratereviews.com\/it\/wp-json\/wp\/v2\/pages\/79075\/revisions"}],"predecessor-version":[{"id":79583,"href":"https:\/\/www.accuratereviews.com\/it\/wp-json\/wp\/v2\/pages\/79075\/revisions\/79583"}],"up":[{"embeddable":true,"href":"https:\/\/www.accuratereviews.com\/it\/wp-json\/wp\/v2\/pages\/43555"}],"wp:featuredmedia":[{"embeddable":true,"href":"https:\/\/www.accuratereviews.com\/it\/wp-json\/wp\/v2\/media\/79078"}],"wp:attachment":[{"href":"https:\/\/www.accuratereviews.com\/it\/wp-json\/wp\/v2\/media?parent=79075"}],"wp:term":[{"taxonomy":"category","embeddable":true,"href":"https:\/\/www.accuratereviews.com\/it\/wp-json\/wp\/v2\/categories?post=79075"},{"taxonomy":"post_tag","embeddable":true,"href":"https:\/\/www.accuratereviews.com\/it\/wp-json\/wp\/v2\/tags?post=79075"},{"taxonomy":"features","embeddable":true,"href":"https:\/\/www.accuratereviews.com\/it\/wp-json\/wp\/v2\/features?post=79075"}],"curies":[{"name":"wp","href":"https:\/\/api.w.org\/{rel}","templated":true}]}}