{"id":79093,"date":"2024-09-26T12:35:23","date_gmt":"2024-09-26T12:35:23","guid":{"rendered":"https:\/\/www.accuratereviews.com\/?page_id=79093"},"modified":"2024-09-26T12:35:23","modified_gmt":"2024-09-26T12:35:23","slug":"softclinic-genx-recensione","status":"publish","type":"page","link":"https:\/\/www.accuratereviews.com\/it\/software-gestione-ospedali\/softclinic-genx-recensione\/","title":{"rendered":"SoftClinic GenX"},"content":{"rendered":"<p><strong>SoftClinic GenX<\/strong> \u00e8 un <strong>software di gestione ospedaliera<\/strong>,\u00a0basato su <strong>cloud<\/strong>, che aiuta le organizzazioni sanitarie a gestire laboratori, cartelle cliniche, inventario e contabilit\u00e0. Consente ai medici di digitalizzare e gestire i dati dei pazienti e di gestire gli appuntamenti online. I pazienti possono utilizzare portali personali per archiviare le proprie cartelle cliniche e accedervi e condividerle con i medici. Altre funzionalit\u00e0 includono accesso remoto, interfacciamento delle apparecchiature, allocazione delle risorse, reportistica con codice a barre, identificazione tramite scansione delle impronte digitali e analisi dei dati.<br \/>\nLe farmacie possono utilizzare <strong>SoftClinic<\/strong> per creare fatture di vendita e acquisto, monitorare i farmaci tramite scansione dei codici a barre, regolare le scorte e ricevere avvisi sulle date di scadenza. Consente ai laboratori di accedere ai risultati dei test dei pazienti, monitorare i test di follow-up, i dati storici e le fatture.<\/p>\n<h2>SOFTCLINIC GENX &#8211; TUTORIAL<\/h2>\n<div id=\"fluid-wrapper-counter-1\" class=\"g1-fluid-wrapper \" style=\"width:686px;\">\n<div style=\"padding-bottom:56.268221574344%;\"><iframe loading=\"lazy\" title=\"SoftClinic GenX: AI Powered Digital Prescription App Walkthrough\" width=\"686\" height=\"386\" src=\"https:\/\/www.youtube.com\/embed\/E3GnE7QV5wk?feature=oembed&amp;wmode=transparent&amp;autohide=1&amp;autoplay=0&amp;disablekb=0&amp;fs=1&amp;loop=0&amp;enablejsapi=1&amp;rel=0&amp;controls=2&amp;showinfo=0&amp;wmode=transparent&amp;autohide=2&amp;autoplay=0&amp;disablekb=0&amp;fs=1&amp;loop=0&amp;enablejsapi=1&amp;rel=0&amp;controls=2&amp;showinfo=1\" frameborder=\"0\" allow=\"accelerometer; autoplay; clipboard-write; encrypted-media; gyroscope; picture-in-picture; web-share\" referrerpolicy=\"strict-origin-when-cross-origin\" allowfullscreen><\/iframe><\/div>\n<\/div>\n<h3>SOFTCLINIC GENX &#8211; CARATTERISTICHE<\/h3>\n<ul>\n<li>Registrazione pazienti<\/li>\n<li>Pianificazione appuntamenti<\/li>\n<li>Gestione reparto\/ricevimento<\/li>\n<li>Banco di lavoro medico\/Banco di lavoro clinico<\/li>\n<li>Inserimento computerizzato degli ordini del medico<\/li>\n<li>Banco di lavoro infermieristico &#8211; Degenza<\/li>\n<li>Contabilit\u00e0 e fatturazione pazienti<\/li>\n<li>Sistemi clinici\/specialistici medici<\/li>\n<li>EMR con CDSS<\/li>\n<li>Portale pazienti<\/li>\n<li>App mobili per pazienti e medici<\/li>\n<li>Ricoveri, trasferimenti e dimissioni<\/li>\n<li>Infortuni e pronto soccorso<\/li>\n<li>Gestione letti e reparto<\/li>\n<li>Sala operatoria (OT)<\/li>\n<li>Pianificazione procedure<\/li>\n<li>Gestione assicurazioni e reclami<\/li>\n<li>Sistema di gestione laboratorio<\/li>\n<li>Approvvigionamento e inventario<\/li>\n<li>Fisioterapia<\/li>\n<li>Ambulanza<\/li>\n<li>Sistema di gestione farmacia<\/li>\n<li>Reparto cartelle cliniche<\/li>\n<li>Sistema informativo radiologico\/PACS<\/li>\n<li>Medicina trasfusionale (banca del sangue)<\/li>\n<li>Cucina e dietetica<\/li>\n<li>Servizio biancheria e lavanderia<\/li>\n<li>Telemedicina<\/li>\n<li>KIOSK paziente<\/li>\n<li>Gestione delle relazioni con i pazienti<\/li>\n<li>Sistema di gestione delle code<\/li>\n<li>Contabilit\u00e0 finanziaria e budget<\/li>\n<li>Attivit\u00e0 fisse<\/li>\n<li>Sistema di gestione delle risorse umane (HR)<\/li>\n<li>Progettista di moduli<\/li>\n<li>Sicurezza delle applicazioni e gestione degli accessi<\/li>\n<li>Ordine di lavoro<\/li>\n<li>Manutenzione delle apparecchiature<\/li>\n<li>Gestione delle attivit\u00e0<\/li>\n<\/ul>\n<h4>LE RECENSIONI DEGLI UTENTI<\/h4>\n<p><strong>Subhash &#8220;Molto povero&#8221;<\/strong><br \/>\n<strong>Pro<\/strong>: salvare dati, energia e medicina \u00e8 un processo difficile<br \/>\n<strong>Contro<\/strong>: tutti i report non vengono salvati in un unico collegamento, per favore aumenta il tuo software con un clic in un secondo e tutti i report vengono salvati in un&#8217;unica opzione<\/p>\n<p><strong>Ralph Christopher &#8220;Rendere il sistema pi\u00f9 affidabile e il modo pi\u00f9 semplice possibile per immettere informazioni nella comunit\u00e0&#8221;<\/strong><br \/>\n<strong>Commenti<\/strong>: 1 Creativit\u00e0 2 Collaborativo 3 Richiesto. 4 Paga bene. Sviluppo software<br \/>\n<strong>Pro<\/strong>: Il software pu\u00f2 essere di grande aiuto nella maggior parte delle situazioni critiche, rendendolo pi\u00f9 facile, affidabile e accessibile alla comunit\u00e0.<br \/>\n<strong>Contro<\/strong>: \u00e8 necessario effettuare l&#8217;aggiornamento e accelerare la connessione veloce<\/p>\n<p><strong>RICH &#8220;Amministratore medico&#8221;<\/strong><br \/>\n<strong>Commenti<\/strong>: questo viene utilizzato per il check-in e il check-out del paziente, la configurazione medica<br \/>\n<strong>Pro<\/strong>: assistenza sanitaria finalizzata a interagire con i medici<br \/>\n<strong>Contro<\/strong>: non l&#8217;ho ancora provato.<\/p>\n","protected":false},"excerpt":{"rendered":"<p>SoftClinic GenX \u00e8 un software di gestione ospedaliera, basato su cloud, che aiuta le organizzazioni sanitarie a gestire laboratori, cartelle cliniche, inventario e contabilit\u00e0. Consente ai medici di digitalizzare e gestire i dati dei pazienti e di gestire gli appuntamenti online. I pazienti possono utilizzare portali personali per archiviare le proprie cartelle cliniche e accedervi e condividerle con i medici.<\/p>\n","protected":false},"author":19,"featured_media":79094,"parent":43555,"menu_order":0,"comment_status":"open","ping_status":"closed","template":"g1_template_page_review_new.php","meta":{"_acf_changed":false,"cwp_meta_box_check":"Yes","cwp_rev_product_name":"","cwp_rev_product_image":"","wppr_links":[],"cwp_rev_price":"0.00","wppr_options":[{"name":"Usability","value":"0"},{"name":"Speed","value":"0"},{"name":"Features","value":"0"},{"name":"Support","value":"0"},{"name":"Pricing","value":"0"}],"wppr_pros":["","","","",""],"wppr_cons":["","","","",""],"_monsterinsights_skip_tracking":false,"_monsterinsights_sitenote_active":false,"_monsterinsights_sitenote_note":"","_monsterinsights_sitenote_category":0,"footnotes":""},"categories":[6100],"tags":[6220,15310,6216,15311,15309,15308],"features":[],"class_list":{"0":"post-79093","1":"page","2":"type-page","3":"status-publish","4":"has-post-thumbnail","6":"category-software-gestione-ospedali-cat","7":"tag-gestionale-ospedali","8":"tag-piattaforma-gestionale-ospedali","9":"tag-programma-gestionale-ospedali","10":"tag-softclinic-genx","11":"tag-software-gestionale-ospedali","12":"tag-soluzione-gestionale-ospedali"},"wppr_data":{"cwp_meta_box_check":"Yes","_wppr_review_template":"default","cwp_rev_product_image":"","cwp_image_link":"image","wppr_links":[],"cwp_rev_price":"0.00","wppr_pros":["","","","",""],"wppr_cons":["","","","",""],"wppr_rating":"0.00","wppr_options":{"1":{"name":"Usability","value":"0"},"2":{"name":"Speed","value":"0"},"3":{"name":"Features","value":"0"},"4":{"name":"Support","value":"0"},"5":{"name":"Pricing","value":"0"}},"wppr_review_type":"Product","wppr_review_custom_fields":{"additionalProperty":"","additionalType":"","aggregateRating":"","alternateName":"","audience":"","award":"","awards":"","brand":"","color":"","depth":"","description":"","disambiguatingDescription":"","gtin12":"","gtin13":"","gtin14":"","gtin8":"","height":"","identifier":"","image":"","isAccessoryOrSparePartFor":"","isConsumableFor":"","isRelatedTo":"","isSimilarTo":"","itemCondition":"","logo":"","mainEntityOfPage":"","manufacturer":"","material":"","model":"","mpn":"","name":"","offers":"","potentialAction":"","productID":"","productionDate":"","purchaseDate":"","releaseDate":"","review":"","reviews":"","sameAs":"","sku":"","slogan":"","subjectOf":"","url":"","weight":"","width":""}},"acf":[],"yoast_head":"<!-- This site is optimized with the Yoast SEO plugin v27.4 - https:\/\/yoast.com\/product\/yoast-seo-wordpress\/ -->\n<title>SoftClinic GenX: recensione software gestionale ospedali - Accurate Reviews<\/title>\n<meta name=\"description\" content=\"SoftClinic GenX: recensione software di gestione ospedaliera che aiuta a gestire laboratori, cartelle cliniche, inventario e contabilit\u00e0.\" \/>\n<meta name=\"robots\" content=\"index, follow, max-snippet:-1, max-image-preview:large, max-video-preview:-1\" \/>\n<link rel=\"canonical\" href=\"https:\/\/www.accuratereviews.com\/it\/software-gestione-ospedali\/softclinic-genx-recensione\/\" \/>\n<meta property=\"og:locale\" content=\"it_IT\" \/>\n<meta property=\"og:type\" content=\"article\" \/>\n<meta property=\"og:title\" content=\"SoftClinic GenX: recensione software gestionale ospedali - Accurate Reviews\" \/>\n<meta property=\"og:description\" content=\"SoftClinic GenX: recensione software di gestione ospedaliera che aiuta a gestire laboratori, cartelle cliniche, inventario e contabilit\u00e0.\" \/>\n<meta property=\"og:url\" content=\"https:\/\/www.accuratereviews.com\/it\/software-gestione-ospedali\/softclinic-genx-recensione\/\" \/>\n<meta property=\"og:site_name\" content=\"Accurate Reviews\" \/>\n<meta property=\"og:image\" content=\"https:\/\/www.accuratereviews.com\/wp-content\/uploads\/2024\/09\/SoftClinic-GenX.jpeg\" \/>\n\t<meta property=\"og:image:width\" content=\"225\" \/>\n\t<meta property=\"og:image:height\" content=\"225\" \/>\n\t<meta property=\"og:image:type\" content=\"image\/jpeg\" \/>\n<meta name=\"twitter:card\" content=\"summary_large_image\" \/>\n<meta name=\"twitter:label1\" content=\"Tempo di lettura stimato\" \/>\n\t<meta name=\"twitter:data1\" content=\"4 minuti\" \/>\n<script type=\"application\/ld+json\" class=\"yoast-schema-graph\">{\"@context\":\"https:\\\/\\\/schema.org\",\"@graph\":[{\"@type\":\"WebPage\",\"@id\":\"https:\\\/\\\/www.accuratereviews.com\\\/it\\\/software-gestione-ospedali\\\/softclinic-genx-recensione\\\/\",\"url\":\"https:\\\/\\\/www.accuratereviews.com\\\/it\\\/software-gestione-ospedali\\\/softclinic-genx-recensione\\\/\",\"name\":\"SoftClinic GenX: recensione software gestionale ospedali - Accurate Reviews\",\"isPartOf\":{\"@id\":\"https:\\\/\\\/www.accuratereviews.com\\\/it\\\/#website\"},\"primaryImageOfPage\":{\"@id\":\"https:\\\/\\\/www.accuratereviews.com\\\/it\\\/software-gestione-ospedali\\\/softclinic-genx-recensione\\\/#primaryimage\"},\"image\":{\"@id\":\"https:\\\/\\\/www.accuratereviews.com\\\/it\\\/software-gestione-ospedali\\\/softclinic-genx-recensione\\\/#primaryimage\"},\"thumbnailUrl\":\"https:\\\/\\\/www.accuratereviews.com\\\/wp-content\\\/uploads\\\/2024\\\/09\\\/SoftClinic-GenX.jpeg\",\"datePublished\":\"2024-09-26T12:35:23+00:00\",\"description\":\"SoftClinic GenX: recensione software di gestione ospedaliera che aiuta a gestire laboratori, cartelle cliniche, inventario e contabilit\u00e0.\",\"breadcrumb\":{\"@id\":\"https:\\\/\\\/www.accuratereviews.com\\\/it\\\/software-gestione-ospedali\\\/softclinic-genx-recensione\\\/#breadcrumb\"},\"inLanguage\":\"it-IT\",\"potentialAction\":[{\"@type\":\"ReadAction\",\"target\":[\"https:\\\/\\\/www.accuratereviews.com\\\/it\\\/software-gestione-ospedali\\\/softclinic-genx-recensione\\\/\"]}]},{\"@type\":\"ImageObject\",\"inLanguage\":\"it-IT\",\"@id\":\"https:\\\/\\\/www.accuratereviews.com\\\/it\\\/software-gestione-ospedali\\\/softclinic-genx-recensione\\\/#primaryimage\",\"url\":\"https:\\\/\\\/www.accuratereviews.com\\\/wp-content\\\/uploads\\\/2024\\\/09\\\/SoftClinic-GenX.jpeg\",\"contentUrl\":\"https:\\\/\\\/www.accuratereviews.com\\\/wp-content\\\/uploads\\\/2024\\\/09\\\/SoftClinic-GenX.jpeg\",\"width\":225,\"height\":225},{\"@type\":\"BreadcrumbList\",\"@id\":\"https:\\\/\\\/www.accuratereviews.com\\\/it\\\/software-gestione-ospedali\\\/softclinic-genx-recensione\\\/#breadcrumb\",\"itemListElement\":[{\"@type\":\"ListItem\",\"position\":1,\"name\":\"Home\",\"item\":\"https:\\\/\\\/www.accuratereviews.com\\\/it\\\/\"},{\"@type\":\"ListItem\",\"position\":2,\"name\":\"Software per la gestione degli ospedali\",\"item\":\"https:\\\/\\\/www.accuratereviews.com\\\/it\\\/software-gestione-ospedali\\\/\"},{\"@type\":\"ListItem\",\"position\":3,\"name\":\"SoftClinic GenX\"}]},{\"@type\":\"WebSite\",\"@id\":\"https:\\\/\\\/www.accuratereviews.com\\\/it\\\/#website\",\"url\":\"https:\\\/\\\/www.accuratereviews.com\\\/it\\\/\",\"name\":\"Accurate Reviews\",\"description\":\"\",\"potentialAction\":[{\"@type\":\"SearchAction\",\"target\":{\"@type\":\"EntryPoint\",\"urlTemplate\":\"https:\\\/\\\/www.accuratereviews.com\\\/it\\\/?s={search_term_string}\"},\"query-input\":{\"@type\":\"PropertyValueSpecification\",\"valueRequired\":true,\"valueName\":\"search_term_string\"}}],\"inLanguage\":\"it-IT\"}]}<\/script>\n<!-- \/ Yoast SEO plugin. -->","yoast_head_json":{"title":"SoftClinic GenX: recensione software gestionale ospedali - Accurate Reviews","description":"SoftClinic GenX: recensione software di gestione ospedaliera che aiuta a gestire laboratori, cartelle cliniche, inventario e contabilit\u00e0.","robots":{"index":"index","follow":"follow","max-snippet":"max-snippet:-1","max-image-preview":"max-image-preview:large","max-video-preview":"max-video-preview:-1"},"canonical":"https:\/\/www.accuratereviews.com\/it\/software-gestione-ospedali\/softclinic-genx-recensione\/","og_locale":"it_IT","og_type":"article","og_title":"SoftClinic GenX: recensione software gestionale ospedali - Accurate Reviews","og_description":"SoftClinic GenX: recensione software di gestione ospedaliera che aiuta a gestire laboratori, cartelle cliniche, inventario e contabilit\u00e0.","og_url":"https:\/\/www.accuratereviews.com\/it\/software-gestione-ospedali\/softclinic-genx-recensione\/","og_site_name":"Accurate Reviews","og_image":[{"width":225,"height":225,"url":"https:\/\/www.accuratereviews.com\/wp-content\/uploads\/2024\/09\/SoftClinic-GenX.jpeg","type":"image\/jpeg"}],"twitter_card":"summary_large_image","twitter_misc":{"Tempo di lettura stimato":"4 minuti"},"schema":{"@context":"https:\/\/schema.org","@graph":[{"@type":"WebPage","@id":"https:\/\/www.accuratereviews.com\/it\/software-gestione-ospedali\/softclinic-genx-recensione\/","url":"https:\/\/www.accuratereviews.com\/it\/software-gestione-ospedali\/softclinic-genx-recensione\/","name":"SoftClinic GenX: recensione software gestionale ospedali - Accurate Reviews","isPartOf":{"@id":"https:\/\/www.accuratereviews.com\/it\/#website"},"primaryImageOfPage":{"@id":"https:\/\/www.accuratereviews.com\/it\/software-gestione-ospedali\/softclinic-genx-recensione\/#primaryimage"},"image":{"@id":"https:\/\/www.accuratereviews.com\/it\/software-gestione-ospedali\/softclinic-genx-recensione\/#primaryimage"},"thumbnailUrl":"https:\/\/www.accuratereviews.com\/wp-content\/uploads\/2024\/09\/SoftClinic-GenX.jpeg","datePublished":"2024-09-26T12:35:23+00:00","description":"SoftClinic GenX: recensione software di gestione ospedaliera che aiuta a gestire laboratori, cartelle cliniche, inventario e contabilit\u00e0.","breadcrumb":{"@id":"https:\/\/www.accuratereviews.com\/it\/software-gestione-ospedali\/softclinic-genx-recensione\/#breadcrumb"},"inLanguage":"it-IT","potentialAction":[{"@type":"ReadAction","target":["https:\/\/www.accuratereviews.com\/it\/software-gestione-ospedali\/softclinic-genx-recensione\/"]}]},{"@type":"ImageObject","inLanguage":"it-IT","@id":"https:\/\/www.accuratereviews.com\/it\/software-gestione-ospedali\/softclinic-genx-recensione\/#primaryimage","url":"https:\/\/www.accuratereviews.com\/wp-content\/uploads\/2024\/09\/SoftClinic-GenX.jpeg","contentUrl":"https:\/\/www.accuratereviews.com\/wp-content\/uploads\/2024\/09\/SoftClinic-GenX.jpeg","width":225,"height":225},{"@type":"BreadcrumbList","@id":"https:\/\/www.accuratereviews.com\/it\/software-gestione-ospedali\/softclinic-genx-recensione\/#breadcrumb","itemListElement":[{"@type":"ListItem","position":1,"name":"Home","item":"https:\/\/www.accuratereviews.com\/it\/"},{"@type":"ListItem","position":2,"name":"Software per la gestione degli ospedali","item":"https:\/\/www.accuratereviews.com\/it\/software-gestione-ospedali\/"},{"@type":"ListItem","position":3,"name":"SoftClinic GenX"}]},{"@type":"WebSite","@id":"https:\/\/www.accuratereviews.com\/it\/#website","url":"https:\/\/www.accuratereviews.com\/it\/","name":"Accurate Reviews","description":"","potentialAction":[{"@type":"SearchAction","target":{"@type":"EntryPoint","urlTemplate":"https:\/\/www.accuratereviews.com\/it\/?s={search_term_string}"},"query-input":{"@type":"PropertyValueSpecification","valueRequired":true,"valueName":"search_term_string"}}],"inLanguage":"it-IT"}]}},"_links":{"self":[{"href":"https:\/\/www.accuratereviews.com\/it\/wp-json\/wp\/v2\/pages\/79093","targetHints":{"allow":["GET"]}}],"collection":[{"href":"https:\/\/www.accuratereviews.com\/it\/wp-json\/wp\/v2\/pages"}],"about":[{"href":"https:\/\/www.accuratereviews.com\/it\/wp-json\/wp\/v2\/types\/page"}],"author":[{"embeddable":true,"href":"https:\/\/www.accuratereviews.com\/it\/wp-json\/wp\/v2\/users\/19"}],"replies":[{"embeddable":true,"href":"https:\/\/www.accuratereviews.com\/it\/wp-json\/wp\/v2\/comments?post=79093"}],"version-history":[{"count":8,"href":"https:\/\/www.accuratereviews.com\/it\/wp-json\/wp\/v2\/pages\/79093\/revisions"}],"predecessor-version":[{"id":79107,"href":"https:\/\/www.accuratereviews.com\/it\/wp-json\/wp\/v2\/pages\/79093\/revisions\/79107"}],"up":[{"embeddable":true,"href":"https:\/\/www.accuratereviews.com\/it\/wp-json\/wp\/v2\/pages\/43555"}],"wp:featuredmedia":[{"embeddable":true,"href":"https:\/\/www.accuratereviews.com\/it\/wp-json\/wp\/v2\/media\/79094"}],"wp:attachment":[{"href":"https:\/\/www.accuratereviews.com\/it\/wp-json\/wp\/v2\/media?parent=79093"}],"wp:term":[{"taxonomy":"category","embeddable":true,"href":"https:\/\/www.accuratereviews.com\/it\/wp-json\/wp\/v2\/categories?post=79093"},{"taxonomy":"post_tag","embeddable":true,"href":"https:\/\/www.accuratereviews.com\/it\/wp-json\/wp\/v2\/tags?post=79093"},{"taxonomy":"features","embeddable":true,"href":"https:\/\/www.accuratereviews.com\/it\/wp-json\/wp\/v2\/features?post=79093"}],"curies":[{"name":"wp","href":"https:\/\/api.w.org\/{rel}","templated":true}]}}