{"id":79109,"date":"2024-09-27T14:11:53","date_gmt":"2024-09-27T14:11:53","guid":{"rendered":"https:\/\/www.accuratereviews.com\/?page_id=79109"},"modified":"2024-09-27T14:11:53","modified_gmt":"2024-09-27T14:11:53","slug":"ingenious-med-recensione","status":"publish","type":"page","link":"https:\/\/www.accuratereviews.com\/it\/software-gestione-ospedali\/ingenious-med-recensione\/","title":{"rendered":"Ingenious Med"},"content":{"rendered":"<p><strong>Ingenious Med<\/strong> \u00e8 un <strong>software di analisi delle prestazioni<\/strong> e gestione del flusso di lavoro clinico, progettato per offrire agli ospedali e gli studi medici strumenti che semplificano i flussi di lavoro clinici.\u00a0La piattaforma semplifica per i medici lo svolgimento dei loro compiti, il rispetto dei loro programmi, la comunicazione e la collaborazione con il loro team, la visita dei loro pazienti e la fornitura di consulenza e servizi medici di alta qualit\u00e0.<br \/>\n<strong> Ingenious Med<\/strong> \u00e8 dotato di un ricco set di strumenti di analisi delle prestazioni che garantisce una migliore gestione ospedaliera e supporta i medici a raccogliere informazioni dai dati sulle prestazioni in tempo reale. Questa capacit\u00e0 semplifica l&#8217;individuazione di tendenze, il riconoscimento di valori anomali nelle prestazioni e il monitoraggio delle spese mancanti.<\/p>\n<h2>INGENIOUS MED &#8211; TUTORIAL<\/h2>\n<div id=\"fluid-wrapper-counter-1\" class=\"g1-fluid-wrapper \" style=\"width:686px;\">\n<div style=\"padding-bottom:56.268221574344%;\"><iframe loading=\"lazy\" title=\"Ingenious Med Overview\" width=\"686\" height=\"386\" src=\"https:\/\/www.youtube.com\/embed\/_4sFtdLfNpA?feature=oembed&amp;wmode=transparent&amp;autohide=1&amp;autoplay=0&amp;disablekb=0&amp;fs=1&amp;loop=0&amp;enablejsapi=1&amp;rel=0&amp;controls=2&amp;showinfo=0&amp;wmode=transparent&amp;autohide=2&amp;autoplay=0&amp;disablekb=0&amp;fs=1&amp;loop=0&amp;enablejsapi=1&amp;rel=0&amp;controls=2&amp;showinfo=1\" frameborder=\"0\" allow=\"accelerometer; autoplay; clipboard-write; encrypted-media; gyroscope; picture-in-picture; web-share\" referrerpolicy=\"strict-origin-when-cross-origin\" allowfullscreen><\/iframe><\/div>\n<\/div>\n<h3>INGENIOUS MED &#8211; CARATTERISTICHE<\/h3>\n<ul>\n<li>Tieni traccia di tutti gli episodi di assistenza ai pazienti tramite feed di dati di censimento e appuntamenti in tempo reale.<\/li>\n<li>Cattura le spese in modo semplice e accurato in qualsiasi sede.<\/li>\n<li>Alleggerisci i carichi di lavoro dei medici con prompt automatici e filtri di codice intelligenti.<\/li>\n<li>Migliora la velocit\u00e0 di codifica, la precisione e la conformit\u00e0 con MasterCoder, uno strumento passo dopo passo che riduce il carico di lavoro dei codificatori.<\/li>\n<li>Evita i dinieghi che costano tempo e denaro alla tua organizzazione.<\/li>\n<li>Riduci i tempi di elaborazione dei rimborsi in modo da poter pianificare in modo pi\u00f9 accurato.<\/li>\n<li>Semplifica le richieste MIPS per ottenere incentivi aggiuntivi ed evitare sanzioni.<\/li>\n<li>Identifica automaticamente i membri di programmi basati sul valore come BPCI, ACO, tasso di casi e altro ancora.<\/li>\n<li>Risparmia sui costi e gestisci il throughput dei pazienti utilizzando l&#8217;indicatore di durata del soggiorno e i flag personalizzabili per evitare ritardi di dimissione, gestire le transizioni di cura e ridurre i ricoveri ripetuti.<\/li>\n<li>Conferma automaticamente la documentazione EHR comprovante con la riconciliazione delle note di addebito.<\/li>\n<li>Avvisa i fornitori di possibili fatture perse tramite chat in piattaforma, indicatori visivi e notifiche push. Identifica e previeni automaticamente addebiti mancanti in base ai feed di documentazione clinica.<\/li>\n<li>Assegna gli incontri persi ai provider responsabili con un clic.<\/li>\n<li>Notifiche visive per amministratori e provider in pi\u00f9 punti se creano una fattura senza note corrispondenti.<\/li>\n<li>Identificazione e assegnazione automatica di fatture mancanti ai provider quando creano note senza addebiti corrispondenti.<\/li>\n<li>Monitora costantemente le prestazioni del team e del flusso di lavoro.<\/li>\n<li>Identifica le aree di miglioramento con dashboard mobili e basate sul Web facili da usare e in tempo reale.<\/li>\n<li>Confronta i provider in base a fatture totali, incontri, durata del soggiorno, riammissioni e misure di qualit\u00e0.<\/li>\n<li>Accedi rapidamente a informazioni che ti consentono di visualizzare e confrontare la qualit\u00e0 del servizio e le metriche del valore.<\/li>\n<li>Costruisci una base basata sui dati per migliorare la produttivit\u00e0, il personale e i piani di incentivi.<\/li>\n<li>Fornisci accesso ai dati quando e dove gli utenti ne hanno bisogno.<\/li>\n<li>I report email automatizzati allineano facilmente amministratori e team di assistenza.<\/li>\n<li>Lavora con i dati di business intelligence tramite la nostra interfaccia di reporting o la tua attuale soluzione aziendale. Identifica e monitora automaticamente i membri dei programmi basati sul valore (BPCI, ACO, tasso di casi e altro) e\/o pazienti ad alto costo.<\/li>\n<li>Allinea i provider sulla gestione dei costi e sulle transizioni di cura.<\/li>\n<li>Riduci i giorni di degenza non necessari ed evita i ricoveri ripetuti.<\/li>\n<li>Garantisci la continuit\u00e0 delle cure con note e messaggi protetti da HIPAA.<\/li>\n<li>Abilita riunioni virtuali per condividere rapidamente informazioni sui pazienti, logistica delle disposizioni e altro tra i team di assistenza.<\/li>\n<li>Collega amministratori e personale di back-office direttamente ai provider in prima linea.<\/li>\n<li>Gestisci in modo proattivo le barriere di dimissione e coordina le transizioni di cura.<\/li>\n<li>Evidenzia le date di dimissione stimate per i pazienti nei programmi basati sul valore.<\/li>\n<li>Riduci la durata non necessaria della degenza ove appropriato.<\/li>\n<li>Identifica e monitora automaticamente i pazienti BPCI.<\/li>\n<li>Seleziona facilmente le impostazioni di disposizione post-acuta pi\u00f9 economiche e di qualit\u00e0 pi\u00f9 elevata.<\/li>\n<li>Assicurati che i pazienti rimangano all&#8217;interno dei provider di rete preferiti.<\/li>\n<\/ul>\n<h4>LE RECENSIONI DEGLI UTENTI<\/h4>\n<p><strong>High &#8220;Utilizzo questa app da circa 2 anni ed \u00e8 fantastica.&#8221;<\/strong><br \/>\n<strong>Commenti<\/strong>: Facile monitoraggio dei pazienti e delle visite ai fini della fatturazione.<br \/>\n<strong>Pro<\/strong>: Facile da usare e di facile accesso. A volte i provider aggiungono i pazienti da soli e posso sempre dirlo, il che mi facilita l&#8217;aggiornamento<br \/>\n<strong>Contro<\/strong>: Nessuno. \u00c8 uno strumento meraviglioso e non ho davvero contro, a parte il fatto che non era facile accedervi da un altro computer<\/p>\n<p><strong>Jim &#8220;Molto comodo, facile da imparare, ottime funzionalit\u00e0 di reporting&#8221;<\/strong><br \/>\n<strong>Commenti<\/strong>: Ho utilizzato Ingenious med in due diversi sistemi sanitari. \u00c8 la soluzione migliore che abbia mai trovato per<br \/>\n1.) ottenere una fatturazione puntuale e accurata<br \/>\n2.) segnalare metriche di gruppo (PQRS\/volumi\/rvu, ecc.) Possiamo vedere rapidamente gli incontri nel tempo, confrontare quest&#8217;anno con l&#8217;anno scorso e persino vedere per giorno della settimana.<br \/>\n<strong>Pro<\/strong>: Il software consente ai medici di fatturare facilmente i loro servizi professionali. \u00c8 integrata una guida di codifica che pu\u00f2 essere utilizzata. Il software funziona su molte piattaforme. Le capacit\u00e0 di reporting sono fantastiche. Si integra con il nostro EMR per attrarre i pazienti<br \/>\n<strong>Contro<\/strong>: Ho avuto rari problemi con l&#8217;app mobile<\/p>\n<p><strong>JoLynne &#8220;Stupito!&#8221;<\/strong><br \/>\n<strong>Commenti<\/strong>: Supporto MIPS, interfaccia precisa con il nostro EHR.<br \/>\n<strong>Pro<\/strong>: \u00c8 facile da usare e il personale di supporto \u00e8 assolutamente meraviglioso! Si interfaccia con il nostro EHR con facilit\u00e0 e precisione e, cosa migliore di tutte&#8230; hanno creato un report MIPS per soddisfare le nostre specifiche esigenze come struttura. Li adoro. I dottori si sentono a loro agio con il programma e posso insegnarlo in pochi minuti a un sostituto.<br \/>\n<strong>Contro<\/strong>: La maggior parte delle difficolt\u00e0 che abbiamo avuto sono state facilmente risolte con una rapida chiamata a Enterprize (il team di supporto che \u00e8 sempre cortese ed efficiente).<\/p>\n","protected":false},"excerpt":{"rendered":"<p>Ingenious Med \u00e8 un software di analisi delle prestazioni e gestione del flusso di lavoro clinico, progettato per offrire agli ospedali e gli studi medici strumenti che semplificano i flussi di lavoro clinici.\u00a0La piattaforma semplifica per i medici lo svolgimento dei loro compiti, il rispetto dei loro programmi, la comunicazione e la collaborazione con il loro team, la visita dei loro pazienti e la fornitura di consulenza e servizi medici di alta qualit\u00e0.<\/p>\n","protected":false},"author":19,"featured_media":79112,"parent":43555,"menu_order":0,"comment_status":"open","ping_status":"closed","template":"g1_template_page_review_new.php","meta":{"_acf_changed":false,"cwp_meta_box_check":"Yes","cwp_rev_product_name":"","cwp_rev_product_image":"","wppr_links":[],"cwp_rev_price":"0.00","wppr_options":[{"name":"Usability","value":"0"},{"name":"Speed","value":"0"},{"name":"Features","value":"0"},{"name":"Support","value":"0"},{"name":"Pricing","value":"0"}],"wppr_pros":["","","","",""],"wppr_cons":["","","","",""],"_monsterinsights_skip_tracking":false,"_monsterinsights_sitenote_active":false,"_monsterinsights_sitenote_note":"","_monsterinsights_sitenote_category":0,"footnotes":""},"categories":[6100],"tags":[15312,6105,15313,6101,6230],"features":[],"class_list":{"0":"post-79109","1":"page","2":"type-page","3":"status-publish","4":"has-post-thumbnail","6":"category-software-gestione-ospedali-cat","7":"tag-ingenious-med","8":"tag-piattaforma-gestionale-ospedale","9":"tag-programma-gestionale-ospedale","10":"tag-software-gestione-ospedali","11":"tag-soluzione-gestione-ospedali"},"wppr_data":{"cwp_meta_box_check":"Yes","_wppr_review_template":"default","cwp_rev_product_image":"","cwp_image_link":"image","wppr_links":[],"cwp_rev_price":"0.00","wppr_pros":["","","","",""],"wppr_cons":["","","","",""],"wppr_rating":"0.00","wppr_options":{"1":{"name":"Usability","value":"0"},"2":{"name":"Speed","value":"0"},"3":{"name":"Features","value":"0"},"4":{"name":"Support","value":"0"},"5":{"name":"Pricing","value":"0"}},"wppr_review_type":"Product","wppr_review_custom_fields":{"additionalProperty":"","additionalType":"","aggregateRating":"","alternateName":"","audience":"","award":"","awards":"","brand":"","color":"","depth":"","description":"","disambiguatingDescription":"","gtin12":"","gtin13":"","gtin14":"","gtin8":"","height":"","identifier":"","image":"","isAccessoryOrSparePartFor":"","isConsumableFor":"","isRelatedTo":"","isSimilarTo":"","itemCondition":"","logo":"","mainEntityOfPage":"","manufacturer":"","material":"","model":"","mpn":"","name":"","offers":"","potentialAction":"","productID":"","productionDate":"","purchaseDate":"","releaseDate":"","review":"","reviews":"","sameAs":"","sku":"","slogan":"","subjectOf":"","url":"","weight":"","width":""}},"acf":[],"yoast_head":"<!-- This site is optimized with the Yoast SEO plugin v27.4 - https:\/\/yoast.com\/product\/yoast-seo-wordpress\/ -->\n<title>Ingenious Med: recensione software gestionale ospedale - Accurate Reviews<\/title>\n<meta name=\"description\" content=\"Ingenious Med: recensione software di analisi delle prestazioni per migliorare il flusso di lavoro clinico.\" \/>\n<meta name=\"robots\" content=\"index, follow, max-snippet:-1, max-image-preview:large, max-video-preview:-1\" \/>\n<link rel=\"canonical\" href=\"https:\/\/www.accuratereviews.com\/it\/software-gestione-ospedali\/ingenious-med-recensione\/\" \/>\n<meta property=\"og:locale\" content=\"it_IT\" \/>\n<meta property=\"og:type\" content=\"article\" \/>\n<meta property=\"og:title\" content=\"Ingenious Med: recensione software gestionale ospedale - Accurate Reviews\" \/>\n<meta property=\"og:description\" content=\"Ingenious Med: recensione software di analisi delle prestazioni per migliorare il flusso di lavoro clinico.\" \/>\n<meta property=\"og:url\" content=\"https:\/\/www.accuratereviews.com\/it\/software-gestione-ospedali\/ingenious-med-recensione\/\" \/>\n<meta property=\"og:site_name\" content=\"Accurate Reviews\" \/>\n<meta property=\"og:image\" content=\"https:\/\/www.accuratereviews.com\/wp-content\/uploads\/2024\/09\/Ingeniousmed.jpg\" \/>\n\t<meta property=\"og:image:width\" content=\"400\" \/>\n\t<meta property=\"og:image:height\" content=\"400\" \/>\n\t<meta property=\"og:image:type\" content=\"image\/jpeg\" \/>\n<meta name=\"twitter:card\" content=\"summary_large_image\" \/>\n<meta name=\"twitter:label1\" content=\"Tempo di lettura stimato\" \/>\n\t<meta name=\"twitter:data1\" content=\"6 minuti\" \/>\n<script type=\"application\/ld+json\" class=\"yoast-schema-graph\">{\"@context\":\"https:\\\/\\\/schema.org\",\"@graph\":[{\"@type\":\"WebPage\",\"@id\":\"https:\\\/\\\/www.accuratereviews.com\\\/it\\\/software-gestione-ospedali\\\/ingenious-med-recensione\\\/\",\"url\":\"https:\\\/\\\/www.accuratereviews.com\\\/it\\\/software-gestione-ospedali\\\/ingenious-med-recensione\\\/\",\"name\":\"Ingenious Med: recensione software gestionale ospedale - Accurate Reviews\",\"isPartOf\":{\"@id\":\"https:\\\/\\\/www.accuratereviews.com\\\/it\\\/#website\"},\"primaryImageOfPage\":{\"@id\":\"https:\\\/\\\/www.accuratereviews.com\\\/it\\\/software-gestione-ospedali\\\/ingenious-med-recensione\\\/#primaryimage\"},\"image\":{\"@id\":\"https:\\\/\\\/www.accuratereviews.com\\\/it\\\/software-gestione-ospedali\\\/ingenious-med-recensione\\\/#primaryimage\"},\"thumbnailUrl\":\"https:\\\/\\\/www.accuratereviews.com\\\/wp-content\\\/uploads\\\/2024\\\/09\\\/Ingeniousmed.jpg\",\"datePublished\":\"2024-09-27T14:11:53+00:00\",\"description\":\"Ingenious Med: recensione software di analisi delle prestazioni per migliorare il flusso di lavoro clinico.\",\"breadcrumb\":{\"@id\":\"https:\\\/\\\/www.accuratereviews.com\\\/it\\\/software-gestione-ospedali\\\/ingenious-med-recensione\\\/#breadcrumb\"},\"inLanguage\":\"it-IT\",\"potentialAction\":[{\"@type\":\"ReadAction\",\"target\":[\"https:\\\/\\\/www.accuratereviews.com\\\/it\\\/software-gestione-ospedali\\\/ingenious-med-recensione\\\/\"]}]},{\"@type\":\"ImageObject\",\"inLanguage\":\"it-IT\",\"@id\":\"https:\\\/\\\/www.accuratereviews.com\\\/it\\\/software-gestione-ospedali\\\/ingenious-med-recensione\\\/#primaryimage\",\"url\":\"https:\\\/\\\/www.accuratereviews.com\\\/wp-content\\\/uploads\\\/2024\\\/09\\\/Ingeniousmed.jpg\",\"contentUrl\":\"https:\\\/\\\/www.accuratereviews.com\\\/wp-content\\\/uploads\\\/2024\\\/09\\\/Ingeniousmed.jpg\",\"width\":400,\"height\":400},{\"@type\":\"BreadcrumbList\",\"@id\":\"https:\\\/\\\/www.accuratereviews.com\\\/it\\\/software-gestione-ospedali\\\/ingenious-med-recensione\\\/#breadcrumb\",\"itemListElement\":[{\"@type\":\"ListItem\",\"position\":1,\"name\":\"Home\",\"item\":\"https:\\\/\\\/www.accuratereviews.com\\\/it\\\/\"},{\"@type\":\"ListItem\",\"position\":2,\"name\":\"Software per la gestione degli ospedali\",\"item\":\"https:\\\/\\\/www.accuratereviews.com\\\/it\\\/software-gestione-ospedali\\\/\"},{\"@type\":\"ListItem\",\"position\":3,\"name\":\"Ingenious Med\"}]},{\"@type\":\"WebSite\",\"@id\":\"https:\\\/\\\/www.accuratereviews.com\\\/it\\\/#website\",\"url\":\"https:\\\/\\\/www.accuratereviews.com\\\/it\\\/\",\"name\":\"Accurate Reviews\",\"description\":\"\",\"potentialAction\":[{\"@type\":\"SearchAction\",\"target\":{\"@type\":\"EntryPoint\",\"urlTemplate\":\"https:\\\/\\\/www.accuratereviews.com\\\/it\\\/?s={search_term_string}\"},\"query-input\":{\"@type\":\"PropertyValueSpecification\",\"valueRequired\":true,\"valueName\":\"search_term_string\"}}],\"inLanguage\":\"it-IT\"}]}<\/script>\n<!-- \/ Yoast SEO plugin. -->","yoast_head_json":{"title":"Ingenious Med: recensione software gestionale ospedale - Accurate Reviews","description":"Ingenious Med: recensione software di analisi delle prestazioni per migliorare il flusso di lavoro clinico.","robots":{"index":"index","follow":"follow","max-snippet":"max-snippet:-1","max-image-preview":"max-image-preview:large","max-video-preview":"max-video-preview:-1"},"canonical":"https:\/\/www.accuratereviews.com\/it\/software-gestione-ospedali\/ingenious-med-recensione\/","og_locale":"it_IT","og_type":"article","og_title":"Ingenious Med: recensione software gestionale ospedale - Accurate Reviews","og_description":"Ingenious Med: recensione software di analisi delle prestazioni per migliorare il flusso di lavoro clinico.","og_url":"https:\/\/www.accuratereviews.com\/it\/software-gestione-ospedali\/ingenious-med-recensione\/","og_site_name":"Accurate Reviews","og_image":[{"width":400,"height":400,"url":"https:\/\/www.accuratereviews.com\/wp-content\/uploads\/2024\/09\/Ingeniousmed.jpg","type":"image\/jpeg"}],"twitter_card":"summary_large_image","twitter_misc":{"Tempo di lettura stimato":"6 minuti"},"schema":{"@context":"https:\/\/schema.org","@graph":[{"@type":"WebPage","@id":"https:\/\/www.accuratereviews.com\/it\/software-gestione-ospedali\/ingenious-med-recensione\/","url":"https:\/\/www.accuratereviews.com\/it\/software-gestione-ospedali\/ingenious-med-recensione\/","name":"Ingenious Med: recensione software gestionale ospedale - Accurate Reviews","isPartOf":{"@id":"https:\/\/www.accuratereviews.com\/it\/#website"},"primaryImageOfPage":{"@id":"https:\/\/www.accuratereviews.com\/it\/software-gestione-ospedali\/ingenious-med-recensione\/#primaryimage"},"image":{"@id":"https:\/\/www.accuratereviews.com\/it\/software-gestione-ospedali\/ingenious-med-recensione\/#primaryimage"},"thumbnailUrl":"https:\/\/www.accuratereviews.com\/wp-content\/uploads\/2024\/09\/Ingeniousmed.jpg","datePublished":"2024-09-27T14:11:53+00:00","description":"Ingenious Med: recensione software di analisi delle prestazioni per migliorare il flusso di lavoro clinico.","breadcrumb":{"@id":"https:\/\/www.accuratereviews.com\/it\/software-gestione-ospedali\/ingenious-med-recensione\/#breadcrumb"},"inLanguage":"it-IT","potentialAction":[{"@type":"ReadAction","target":["https:\/\/www.accuratereviews.com\/it\/software-gestione-ospedali\/ingenious-med-recensione\/"]}]},{"@type":"ImageObject","inLanguage":"it-IT","@id":"https:\/\/www.accuratereviews.com\/it\/software-gestione-ospedali\/ingenious-med-recensione\/#primaryimage","url":"https:\/\/www.accuratereviews.com\/wp-content\/uploads\/2024\/09\/Ingeniousmed.jpg","contentUrl":"https:\/\/www.accuratereviews.com\/wp-content\/uploads\/2024\/09\/Ingeniousmed.jpg","width":400,"height":400},{"@type":"BreadcrumbList","@id":"https:\/\/www.accuratereviews.com\/it\/software-gestione-ospedali\/ingenious-med-recensione\/#breadcrumb","itemListElement":[{"@type":"ListItem","position":1,"name":"Home","item":"https:\/\/www.accuratereviews.com\/it\/"},{"@type":"ListItem","position":2,"name":"Software per la gestione degli ospedali","item":"https:\/\/www.accuratereviews.com\/it\/software-gestione-ospedali\/"},{"@type":"ListItem","position":3,"name":"Ingenious Med"}]},{"@type":"WebSite","@id":"https:\/\/www.accuratereviews.com\/it\/#website","url":"https:\/\/www.accuratereviews.com\/it\/","name":"Accurate Reviews","description":"","potentialAction":[{"@type":"SearchAction","target":{"@type":"EntryPoint","urlTemplate":"https:\/\/www.accuratereviews.com\/it\/?s={search_term_string}"},"query-input":{"@type":"PropertyValueSpecification","valueRequired":true,"valueName":"search_term_string"}}],"inLanguage":"it-IT"}]}},"_links":{"self":[{"href":"https:\/\/www.accuratereviews.com\/it\/wp-json\/wp\/v2\/pages\/79109","targetHints":{"allow":["GET"]}}],"collection":[{"href":"https:\/\/www.accuratereviews.com\/it\/wp-json\/wp\/v2\/pages"}],"about":[{"href":"https:\/\/www.accuratereviews.com\/it\/wp-json\/wp\/v2\/types\/page"}],"author":[{"embeddable":true,"href":"https:\/\/www.accuratereviews.com\/it\/wp-json\/wp\/v2\/users\/19"}],"replies":[{"embeddable":true,"href":"https:\/\/www.accuratereviews.com\/it\/wp-json\/wp\/v2\/comments?post=79109"}],"version-history":[{"count":8,"href":"https:\/\/www.accuratereviews.com\/it\/wp-json\/wp\/v2\/pages\/79109\/revisions"}],"predecessor-version":[{"id":79122,"href":"https:\/\/www.accuratereviews.com\/it\/wp-json\/wp\/v2\/pages\/79109\/revisions\/79122"}],"up":[{"embeddable":true,"href":"https:\/\/www.accuratereviews.com\/it\/wp-json\/wp\/v2\/pages\/43555"}],"wp:featuredmedia":[{"embeddable":true,"href":"https:\/\/www.accuratereviews.com\/it\/wp-json\/wp\/v2\/media\/79112"}],"wp:attachment":[{"href":"https:\/\/www.accuratereviews.com\/it\/wp-json\/wp\/v2\/media?parent=79109"}],"wp:term":[{"taxonomy":"category","embeddable":true,"href":"https:\/\/www.accuratereviews.com\/it\/wp-json\/wp\/v2\/categories?post=79109"},{"taxonomy":"post_tag","embeddable":true,"href":"https:\/\/www.accuratereviews.com\/it\/wp-json\/wp\/v2\/tags?post=79109"},{"taxonomy":"features","embeddable":true,"href":"https:\/\/www.accuratereviews.com\/it\/wp-json\/wp\/v2\/features?post=79109"}],"curies":[{"name":"wp","href":"https:\/\/api.w.org\/{rel}","templated":true}]}}