{"id":79141,"date":"2024-09-30T13:16:05","date_gmt":"2024-09-30T13:16:05","guid":{"rendered":"https:\/\/www.accuratereviews.com\/?page_id=79141"},"modified":"2024-09-30T13:16:05","modified_gmt":"2024-09-30T13:16:05","slug":"availity-recensione","status":"publish","type":"page","link":"https:\/\/www.accuratereviews.com\/it\/software-gestione-ospedali\/availity-recensione\/","title":{"rendered":"Availity"},"content":{"rendered":"<p><strong>Availity<\/strong> \u00e8 progettato per aiutare le aziende del settore sanitario a <strong>gestire i benefit medici<\/strong>, le richieste di risarcimento assicurativo e le autorizzazioni di pagamento su una piattaforma unificata. Il sistema di gestione del ciclo di fatturato integrato consente ai professionisti sanitari di registrare e monitorare i ricavi dagli appuntamenti iniziali ai pagamenti finali. La piattaforma consente agli amministratori di acquisire e archiviare i dettagli dei pazienti in un archivio centralizzato, inviare richieste in blocco e ricevere notifiche in tempo reale per gli aggiornamenti di stato.<br \/>\nLe funzionalit\u00e0 di <strong>Availity<\/strong> includono <strong>conformit\u00e0 HIPAA<\/strong>, gestione delle comunicazioni, analisi, collaborazione, gestione delle autorizzazioni e altro ancora. Offre un portale per i provider per raccogliere informazioni relative a premi assicurativi, pagamenti, pagatori e altro ancora in tempo reale. Aiuta inoltre i centri di imaging ad accedere ai dettagli di contatto o alle cartelle cliniche dei pazienti, configurare i flussi di lavoro e visualizzare preventivi in \u200b\u200btempo reale in base alle tariffe contrattuali o ai programmi di sconto.<\/p>\n<h2>AVAILITY &#8211; TUTORIAL<\/h2>\n<div id=\"fluid-wrapper-counter-1\" class=\"g1-fluid-wrapper \" style=\"width:686px;\">\n<div style=\"padding-bottom:56.268221574344%;\"><iframe loading=\"lazy\" title=\"Availity Learning Center\" width=\"686\" height=\"386\" src=\"https:\/\/www.youtube.com\/embed\/20mMxbeExlM?feature=oembed&amp;wmode=transparent&amp;autohide=1&amp;autoplay=0&amp;disablekb=0&amp;fs=1&amp;loop=0&amp;enablejsapi=1&amp;rel=0&amp;controls=2&amp;showinfo=0&amp;wmode=transparent&amp;autohide=2&amp;autoplay=0&amp;disablekb=0&amp;fs=1&amp;loop=0&amp;enablejsapi=1&amp;rel=0&amp;controls=2&amp;showinfo=1\" frameborder=\"0\" allow=\"accelerometer; autoplay; clipboard-write; encrypted-media; gyroscope; picture-in-picture; web-share\" referrerpolicy=\"strict-origin-when-cross-origin\" allowfullscreen><\/iframe><\/div>\n<\/div>\n<h3>AVAILITY &#8211; CARATTERISTICHE<\/h3>\n<ul>\n<li><strong>Coinvolgimento dei provider<\/strong>: fai in modo che i tuoi provider ottengano pi\u00f9 facilmente le informazioni di cui hanno bisogno nel loro flusso di lavoro preferito.<\/li>\n<li><strong>Directory dei provider<\/strong>: mantieni la conformit\u00e0 catturando gli aggiornamenti demografici dei provider alla fonte.<\/li>\n<li><strong>Interoperabilit\u00e0<\/strong>: trasforma le capacit\u00e0 di condivisione dei dati e riduci i costi dell&#8217;assistenza.<\/li>\n<li><strong>Autorizzazioni end-to-end<\/strong>: scopri come questa soluzione semplifica gli oneri di autorizzazione preventiva con soluzioni basate sull&#8217;intelligenza artificiale per aiutare a ridurre i costi e migliorare l&#8217;assistenza.<\/li>\n<li><strong>Corrispondenza digitale<\/strong>: riduci i costi di stampa e spedizione e sostituisci i processi manuali con soluzioni digitali. Ottieni la consegna delle lettere con la corrispondenza digitale.<\/li>\n<li><strong>Connettivit\u00e0 sanitaria<\/strong>: scopri come la soluzione aiuta i fornitori e i partner commerciali a facilitare lo scambio di dati senza interruzioni tramite API X12, REST e FHIR<\/li>\n<li><strong>Precisione dei pagamenti<\/strong>: abbassa i costi amministrativi e previeni la perdita di entrate con le soluzioni di precisione dei pagamenti basate sull&#8217;intelligenza artificiale.<\/li>\n<li><strong>Gestione del ciclo dei ricavi<\/strong>: studia come il programma pu\u00f2 aiutarti a stabilire le priorit\u00e0 per l&#8217;assistenza con soluzioni RCM automatizzate che coprono le fasi pre, post-servizio.<\/li>\n<li><strong>Idoneit\u00e0 e copertura<\/strong>: verifica le informazioni di idoneit\u00e0 e copertura dei tuoi pazienti tramite un partner di fiducia.<\/li>\n<li><strong>Autorizzazioni<\/strong>: riduci il tempo trascorso in attesa dell&#8217;approvazione dell&#8217;autorizzazione.<\/li>\n<li><strong>Sinistri e stato dei reclami<\/strong>: diminuisci i dinieghi e ricevi pagamenti in modo rapido e preciso.<\/li>\n<li><strong>Prevenzione e gestione dei dinieghi<\/strong>: scopri come i solidi strumenti del ciclo dei ricavi supportano la prevenzione e la gestione dei dinieghi, riducendo le cancellazioni e ottimizzando il flusso di cassa.<\/li>\n<\/ul>\n<h4>LE RECENSIONI DEGLI UTENTI<\/h4>\n<p><strong>Jazel &#8220;Revisione Availity&#8221;<\/strong><br \/>\n<strong>Pro<\/strong>: Availity \u00e8 stato utile nella nostra gestione dei reclami. \u00c8 impostato per controllare l&#8217;idoneit\u00e0 e lo stato del reclamo. Anche il visualizzatore di rimesse \u00e8 molto utile.<br \/>\n<strong>Contro<\/strong>: No, tutte le assicurazioni sono collegate ad Availity. Inoltre, mi ci \u00e8 voluto un po&#8217; di tempo per impostarlo, perch\u00e9 ci sono molte compagnie assicurative che dobbiamo impostare.<\/p>\n<p><strong>Dusty &#8220;Va bene ma non \u00e8 un granch\u00e9&#8221;<\/strong><br \/>\n<strong>Commenti<\/strong>: \u00c8 stato utile per la ricerca di reclami e ricerche ERA. Mi piace molto la possibilit\u00e0 di chattare con i pagatori, tuttavia anche pagatori come Anthem hanno suggerito di contattarli direttamente per informazioni sui benefit perch\u00e9 Availity non \u00e8 sempre chiaro o accurato. Non posso dire se lo consiglierei\/non lo consiglierei.<br \/>\n<strong>Pro<\/strong>: Cercare reclami ed ERA \u00e8 piuttosto semplice. La possibilit\u00e0 di chattare con i pagatori \u00e8 comoda e piacevole.<br \/>\n<strong>Contro<\/strong>: Il servizio clienti \u00e8 TERRIBILE. La loro risposta alle domande non \u00e8 pertinente a ci\u00f2 che hai chiesto e poi chiudono il ticket immediatamente dopo la loro risposta. Le informazioni sui benefit non sono molto chiare o accurate.<\/p>\n<p><strong>Gloria &#8220;Verifica di pi\u00f9 assicurazioni semplificata&#8221;<\/strong><br \/>\n<strong>Pro<\/strong>: Puoi verificare pi\u00f9 di 10 assicurazioni tramite un portale, il che lo rende molto pi\u00f9 efficiente per la nostra filiale Facile da usare In grado di verificare le informazioni del paziente, i copagamenti, i gruppi medici e le franchigie<br \/>\n<strong>Contro<\/strong>: non ho lamentele per quanto riguarda l&#8217;utilizzo di Availity negli ultimi due anni<\/p>\n","protected":false},"excerpt":{"rendered":"<p>Availity \u00e8 progettato per aiutare le aziende del settore sanitario a gestire i benefit medici, le richieste di risarcimento assicurativo e le autorizzazioni di pagamento su una piattaforma unificata. Il sistema di gestione del ciclo di fatturato integrato consente ai professionisti sanitari di registrare e monitorare i ricavi dagli appuntamenti iniziali ai pagamenti finali.<\/p>\n","protected":false},"author":19,"featured_media":79143,"parent":43555,"menu_order":0,"comment_status":"open","ping_status":"closed","template":"g1_template_page_review_new.php","meta":{"_acf_changed":false,"cwp_meta_box_check":"Yes","cwp_rev_product_name":"","cwp_rev_product_image":"","wppr_links":[],"cwp_rev_price":"0.00","wppr_options":[{"name":"Usability","value":"0"},{"name":"Speed","value":"0"},{"name":"Features","value":"0"},{"name":"Support","value":"0"},{"name":"Pricing","value":"0"}],"wppr_pros":["","","","",""],"wppr_cons":["","","","",""],"_monsterinsights_skip_tracking":false,"_monsterinsights_sitenote_active":false,"_monsterinsights_sitenote_note":"","_monsterinsights_sitenote_category":0,"footnotes":""},"categories":[6100],"tags":[15318,6220,15310,6216,15309,15308],"features":[],"class_list":{"0":"post-79141","1":"page","2":"type-page","3":"status-publish","4":"has-post-thumbnail","6":"category-software-gestione-ospedali-cat","7":"tag-availity","8":"tag-gestionale-ospedali","9":"tag-piattaforma-gestionale-ospedali","10":"tag-programma-gestionale-ospedali","11":"tag-software-gestionale-ospedali","12":"tag-soluzione-gestionale-ospedali"},"wppr_data":{"cwp_meta_box_check":"Yes","_wppr_review_template":"default","cwp_rev_product_image":"","cwp_image_link":"image","wppr_links":[],"cwp_rev_price":"0.00","wppr_pros":["","","","",""],"wppr_cons":["","","","",""],"wppr_rating":"0.00","wppr_options":{"1":{"name":"Usability","value":"0"},"2":{"name":"Speed","value":"0"},"3":{"name":"Features","value":"0"},"4":{"name":"Support","value":"0"},"5":{"name":"Pricing","value":"0"}},"wppr_review_type":"Product","wppr_review_custom_fields":{"additionalProperty":"","additionalType":"","aggregateRating":"","alternateName":"","audience":"","award":"","awards":"","brand":"","color":"","depth":"","description":"","disambiguatingDescription":"","gtin12":"","gtin13":"","gtin14":"","gtin8":"","height":"","identifier":"","image":"","isAccessoryOrSparePartFor":"","isConsumableFor":"","isRelatedTo":"","isSimilarTo":"","itemCondition":"","logo":"","mainEntityOfPage":"","manufacturer":"","material":"","model":"","mpn":"","name":"","offers":"","potentialAction":"","productID":"","productionDate":"","purchaseDate":"","releaseDate":"","review":"","reviews":"","sameAs":"","sku":"","slogan":"","subjectOf":"","url":"","weight":"","width":""}},"acf":[],"yoast_head":"<!-- This site is optimized with the Yoast SEO plugin v27.4 - https:\/\/yoast.com\/product\/yoast-seo-wordpress\/ -->\n<title>Availity: recensione software per gestione ospedali - Accurate Reviews<\/title>\n<meta name=\"description\" content=\"Availity: recensione soluzione per gestire di benefit medici, le richieste di risarcimento assicurativo e le autorizzazioni di pagamento.\" \/>\n<meta name=\"robots\" content=\"index, follow, max-snippet:-1, max-image-preview:large, max-video-preview:-1\" \/>\n<link rel=\"canonical\" href=\"https:\/\/www.accuratereviews.com\/it\/software-gestione-ospedali\/availity-recensione\/\" \/>\n<meta property=\"og:locale\" content=\"it_IT\" \/>\n<meta property=\"og:type\" content=\"article\" \/>\n<meta property=\"og:title\" content=\"Availity: recensione software per gestione ospedali - Accurate Reviews\" \/>\n<meta property=\"og:description\" content=\"Availity: recensione soluzione per gestire di benefit medici, le richieste di risarcimento assicurativo e le autorizzazioni di pagamento.\" \/>\n<meta property=\"og:url\" content=\"https:\/\/www.accuratereviews.com\/it\/software-gestione-ospedali\/availity-recensione\/\" \/>\n<meta property=\"og:site_name\" content=\"Accurate Reviews\" \/>\n<meta property=\"og:image\" content=\"https:\/\/www.accuratereviews.com\/wp-content\/uploads\/2024\/09\/Availity.png\" \/>\n\t<meta property=\"og:image:width\" content=\"400\" \/>\n\t<meta property=\"og:image:height\" content=\"400\" \/>\n\t<meta property=\"og:image:type\" content=\"image\/png\" \/>\n<meta name=\"twitter:card\" content=\"summary_large_image\" \/>\n<meta name=\"twitter:label1\" content=\"Tempo di lettura stimato\" \/>\n\t<meta name=\"twitter:data1\" content=\"5 minuti\" \/>\n<script type=\"application\/ld+json\" class=\"yoast-schema-graph\">{\"@context\":\"https:\\\/\\\/schema.org\",\"@graph\":[{\"@type\":\"WebPage\",\"@id\":\"https:\\\/\\\/www.accuratereviews.com\\\/it\\\/software-gestione-ospedali\\\/availity-recensione\\\/\",\"url\":\"https:\\\/\\\/www.accuratereviews.com\\\/it\\\/software-gestione-ospedali\\\/availity-recensione\\\/\",\"name\":\"Availity: recensione software per gestione ospedali - Accurate Reviews\",\"isPartOf\":{\"@id\":\"https:\\\/\\\/www.accuratereviews.com\\\/it\\\/#website\"},\"primaryImageOfPage\":{\"@id\":\"https:\\\/\\\/www.accuratereviews.com\\\/it\\\/software-gestione-ospedali\\\/availity-recensione\\\/#primaryimage\"},\"image\":{\"@id\":\"https:\\\/\\\/www.accuratereviews.com\\\/it\\\/software-gestione-ospedali\\\/availity-recensione\\\/#primaryimage\"},\"thumbnailUrl\":\"https:\\\/\\\/www.accuratereviews.com\\\/wp-content\\\/uploads\\\/2024\\\/09\\\/Availity.png\",\"datePublished\":\"2024-09-30T13:16:05+00:00\",\"description\":\"Availity: recensione soluzione per gestire di benefit medici, le richieste di risarcimento assicurativo e le autorizzazioni di pagamento.\",\"breadcrumb\":{\"@id\":\"https:\\\/\\\/www.accuratereviews.com\\\/it\\\/software-gestione-ospedali\\\/availity-recensione\\\/#breadcrumb\"},\"inLanguage\":\"it-IT\",\"potentialAction\":[{\"@type\":\"ReadAction\",\"target\":[\"https:\\\/\\\/www.accuratereviews.com\\\/it\\\/software-gestione-ospedali\\\/availity-recensione\\\/\"]}]},{\"@type\":\"ImageObject\",\"inLanguage\":\"it-IT\",\"@id\":\"https:\\\/\\\/www.accuratereviews.com\\\/it\\\/software-gestione-ospedali\\\/availity-recensione\\\/#primaryimage\",\"url\":\"https:\\\/\\\/www.accuratereviews.com\\\/wp-content\\\/uploads\\\/2024\\\/09\\\/Availity.png\",\"contentUrl\":\"https:\\\/\\\/www.accuratereviews.com\\\/wp-content\\\/uploads\\\/2024\\\/09\\\/Availity.png\",\"width\":400,\"height\":400},{\"@type\":\"BreadcrumbList\",\"@id\":\"https:\\\/\\\/www.accuratereviews.com\\\/it\\\/software-gestione-ospedali\\\/availity-recensione\\\/#breadcrumb\",\"itemListElement\":[{\"@type\":\"ListItem\",\"position\":1,\"name\":\"Home\",\"item\":\"https:\\\/\\\/www.accuratereviews.com\\\/it\\\/\"},{\"@type\":\"ListItem\",\"position\":2,\"name\":\"Software per la gestione degli ospedali\",\"item\":\"https:\\\/\\\/www.accuratereviews.com\\\/it\\\/software-gestione-ospedali\\\/\"},{\"@type\":\"ListItem\",\"position\":3,\"name\":\"Availity\"}]},{\"@type\":\"WebSite\",\"@id\":\"https:\\\/\\\/www.accuratereviews.com\\\/it\\\/#website\",\"url\":\"https:\\\/\\\/www.accuratereviews.com\\\/it\\\/\",\"name\":\"Accurate Reviews\",\"description\":\"\",\"potentialAction\":[{\"@type\":\"SearchAction\",\"target\":{\"@type\":\"EntryPoint\",\"urlTemplate\":\"https:\\\/\\\/www.accuratereviews.com\\\/it\\\/?s={search_term_string}\"},\"query-input\":{\"@type\":\"PropertyValueSpecification\",\"valueRequired\":true,\"valueName\":\"search_term_string\"}}],\"inLanguage\":\"it-IT\"}]}<\/script>\n<!-- \/ Yoast SEO plugin. -->","yoast_head_json":{"title":"Availity: recensione software per gestione ospedali - Accurate Reviews","description":"Availity: recensione soluzione per gestire di benefit medici, le richieste di risarcimento assicurativo e le autorizzazioni di pagamento.","robots":{"index":"index","follow":"follow","max-snippet":"max-snippet:-1","max-image-preview":"max-image-preview:large","max-video-preview":"max-video-preview:-1"},"canonical":"https:\/\/www.accuratereviews.com\/it\/software-gestione-ospedali\/availity-recensione\/","og_locale":"it_IT","og_type":"article","og_title":"Availity: recensione software per gestione ospedali - Accurate Reviews","og_description":"Availity: recensione soluzione per gestire di benefit medici, le richieste di risarcimento assicurativo e le autorizzazioni di pagamento.","og_url":"https:\/\/www.accuratereviews.com\/it\/software-gestione-ospedali\/availity-recensione\/","og_site_name":"Accurate Reviews","og_image":[{"width":400,"height":400,"url":"https:\/\/www.accuratereviews.com\/wp-content\/uploads\/2024\/09\/Availity.png","type":"image\/png"}],"twitter_card":"summary_large_image","twitter_misc":{"Tempo di lettura stimato":"5 minuti"},"schema":{"@context":"https:\/\/schema.org","@graph":[{"@type":"WebPage","@id":"https:\/\/www.accuratereviews.com\/it\/software-gestione-ospedali\/availity-recensione\/","url":"https:\/\/www.accuratereviews.com\/it\/software-gestione-ospedali\/availity-recensione\/","name":"Availity: recensione software per gestione ospedali - Accurate Reviews","isPartOf":{"@id":"https:\/\/www.accuratereviews.com\/it\/#website"},"primaryImageOfPage":{"@id":"https:\/\/www.accuratereviews.com\/it\/software-gestione-ospedali\/availity-recensione\/#primaryimage"},"image":{"@id":"https:\/\/www.accuratereviews.com\/it\/software-gestione-ospedali\/availity-recensione\/#primaryimage"},"thumbnailUrl":"https:\/\/www.accuratereviews.com\/wp-content\/uploads\/2024\/09\/Availity.png","datePublished":"2024-09-30T13:16:05+00:00","description":"Availity: recensione soluzione per gestire di benefit medici, le richieste di risarcimento assicurativo e le autorizzazioni di pagamento.","breadcrumb":{"@id":"https:\/\/www.accuratereviews.com\/it\/software-gestione-ospedali\/availity-recensione\/#breadcrumb"},"inLanguage":"it-IT","potentialAction":[{"@type":"ReadAction","target":["https:\/\/www.accuratereviews.com\/it\/software-gestione-ospedali\/availity-recensione\/"]}]},{"@type":"ImageObject","inLanguage":"it-IT","@id":"https:\/\/www.accuratereviews.com\/it\/software-gestione-ospedali\/availity-recensione\/#primaryimage","url":"https:\/\/www.accuratereviews.com\/wp-content\/uploads\/2024\/09\/Availity.png","contentUrl":"https:\/\/www.accuratereviews.com\/wp-content\/uploads\/2024\/09\/Availity.png","width":400,"height":400},{"@type":"BreadcrumbList","@id":"https:\/\/www.accuratereviews.com\/it\/software-gestione-ospedali\/availity-recensione\/#breadcrumb","itemListElement":[{"@type":"ListItem","position":1,"name":"Home","item":"https:\/\/www.accuratereviews.com\/it\/"},{"@type":"ListItem","position":2,"name":"Software per la gestione degli ospedali","item":"https:\/\/www.accuratereviews.com\/it\/software-gestione-ospedali\/"},{"@type":"ListItem","position":3,"name":"Availity"}]},{"@type":"WebSite","@id":"https:\/\/www.accuratereviews.com\/it\/#website","url":"https:\/\/www.accuratereviews.com\/it\/","name":"Accurate Reviews","description":"","potentialAction":[{"@type":"SearchAction","target":{"@type":"EntryPoint","urlTemplate":"https:\/\/www.accuratereviews.com\/it\/?s={search_term_string}"},"query-input":{"@type":"PropertyValueSpecification","valueRequired":true,"valueName":"search_term_string"}}],"inLanguage":"it-IT"}]}},"_links":{"self":[{"href":"https:\/\/www.accuratereviews.com\/it\/wp-json\/wp\/v2\/pages\/79141","targetHints":{"allow":["GET"]}}],"collection":[{"href":"https:\/\/www.accuratereviews.com\/it\/wp-json\/wp\/v2\/pages"}],"about":[{"href":"https:\/\/www.accuratereviews.com\/it\/wp-json\/wp\/v2\/types\/page"}],"author":[{"embeddable":true,"href":"https:\/\/www.accuratereviews.com\/it\/wp-json\/wp\/v2\/users\/19"}],"replies":[{"embeddable":true,"href":"https:\/\/www.accuratereviews.com\/it\/wp-json\/wp\/v2\/comments?post=79141"}],"version-history":[{"count":10,"href":"https:\/\/www.accuratereviews.com\/it\/wp-json\/wp\/v2\/pages\/79141\/revisions"}],"predecessor-version":[{"id":79156,"href":"https:\/\/www.accuratereviews.com\/it\/wp-json\/wp\/v2\/pages\/79141\/revisions\/79156"}],"up":[{"embeddable":true,"href":"https:\/\/www.accuratereviews.com\/it\/wp-json\/wp\/v2\/pages\/43555"}],"wp:featuredmedia":[{"embeddable":true,"href":"https:\/\/www.accuratereviews.com\/it\/wp-json\/wp\/v2\/media\/79143"}],"wp:attachment":[{"href":"https:\/\/www.accuratereviews.com\/it\/wp-json\/wp\/v2\/media?parent=79141"}],"wp:term":[{"taxonomy":"category","embeddable":true,"href":"https:\/\/www.accuratereviews.com\/it\/wp-json\/wp\/v2\/categories?post=79141"},{"taxonomy":"post_tag","embeddable":true,"href":"https:\/\/www.accuratereviews.com\/it\/wp-json\/wp\/v2\/tags?post=79141"},{"taxonomy":"features","embeddable":true,"href":"https:\/\/www.accuratereviews.com\/it\/wp-json\/wp\/v2\/features?post=79141"}],"curies":[{"name":"wp","href":"https:\/\/api.w.org\/{rel}","templated":true}]}}