{"id":79254,"date":"2024-10-02T08:40:23","date_gmt":"2024-10-02T08:40:23","guid":{"rendered":"https:\/\/www.accuratereviews.com\/?page_id=79254"},"modified":"2024-10-03T06:57:42","modified_gmt":"2024-10-03T06:57:42","slug":"email-manager-for-microsoft-365-recensione","status":"publish","type":"page","link":"https:\/\/www.accuratereviews.com\/it\/software-archiviazione-email\/email-manager-for-microsoft-365-recensione\/","title":{"rendered":"Email Manager for Microsoft 365"},"content":{"rendered":"<p><strong>Email Manager for Microsoft 365<\/strong>\u00a0di Colligo \u00e8 un <strong>software progettato per ottimizzare la gestione delle email<\/strong> all&#8217;interno delle aziende, facilitando l&#8217;integrazione delle email di Outlook con SharePoint e Microsoft Teams. Questo strumento \u00e8 ideato per aiutare le organizzazioni a semplificare l&#8217;archiviazione, la condivisione e il recupero delle email, mantenendo al contempo la conformit\u00e0 normativa e migliorando la collaborazione interna.<br \/>\nCon <strong>Email Manager<\/strong>, gli utenti possono archiviare rapidamente le email nelle cartelle di SharePoint, categorizzarle correttamente, e applicare i metadati giusti, riducendo i rischi associati alla perdita di dati e migliorando la trasparenza dei processi.<br \/>\nL\u2019interfaccia \u00e8 intuitiva e si integra perfettamente in Outlook, rendendo l\u2019archiviazione e il recupero delle email una parte fluida del flusso di lavoro quotidiano. Questa soluzione \u00e8 pensata per aziende di qualsiasi dimensione che utilizzano l&#8217;ecosistema Microsoft 365 e necessitano di un modo strutturato per gestire grandi volumi di corrispondenza elettronica.<\/p>\n<h2>EMAIL MANAGER FOR MICROSOFT 365 &#8211; TUTORIAL<\/h2>\n<div id=\"fluid-wrapper-counter-1\" class=\"g1-fluid-wrapper \" style=\"width:686px;\">\n<div style=\"padding-bottom:56.268221574344%;\"><iframe loading=\"lazy\" title=\"Streamline Email Management with Microsoft 365 Copilot - Tips &amp; Tricks\" width=\"686\" height=\"386\" src=\"https:\/\/www.youtube.com\/embed\/PtH6oW0kgwk?feature=oembed&amp;wmode=transparent&amp;autohide=1&amp;autoplay=0&amp;disablekb=0&amp;fs=1&amp;loop=0&amp;enablejsapi=1&amp;rel=0&amp;controls=2&amp;showinfo=0&amp;wmode=transparent&amp;autohide=2&amp;autoplay=0&amp;disablekb=0&amp;fs=1&amp;loop=0&amp;enablejsapi=1&amp;rel=0&amp;controls=2&amp;showinfo=1\" frameborder=\"0\" allow=\"accelerometer; autoplay; clipboard-write; encrypted-media; gyroscope; picture-in-picture; web-share\" referrerpolicy=\"strict-origin-when-cross-origin\" allowfullscreen><\/iframe><\/div>\n<\/div>\n<h3>EMAIL MANAGER FOR MICROSOFT 365 &#8211; CARATTERISTICHE<\/h3>\n<ul>\n<li><strong>Integrazione con SharePoint e Microsoft Teams<\/strong>: consente di archiviare e organizzare le email direttamente in SharePoint o Teams con pochi clic.<\/li>\n<li><strong>Applicazione di metadati<\/strong>: permette di assegnare facilmente metadati alle email, facilitando il recupero e la categorizzazione.<\/li>\n<li><strong>Archiviazione automatizzata<\/strong>: supporta l&#8217;archiviazione automatica delle email in base a regole predefinite, riducendo il lavoro manuale.<\/li>\n<li><strong>Ricerca avanzata<\/strong>: offre funzionalit\u00e0 di ricerca rapida e avanzata per individuare facilmente le email archiviate in SharePoint.<\/li>\n<li><strong>Conformit\u00e0 normativa<\/strong>: aiuta a mantenere la conformit\u00e0 con normative come GDPR, conservando e gestendo le email in modo sicuro.<\/li>\n<li><strong>Supporto multi-utente<\/strong>: progettato per supportare team di qualsiasi dimensione, offrendo un accesso centralizzato ai documenti e alle email archiviati.<\/li>\n<li><strong>Gestione delle cartelle di SharePoint<\/strong>: consente di gestire le cartelle di SharePoint direttamente da Outlook, semplificando il flusso di lavoro.<\/li>\n<li><strong>Facilit\u00e0 d&#8217;uso<\/strong>: l&#8217;interfaccia si integra perfettamente in Outlook, rendendo l&#8217;archiviazione e il recupero intuitivi e semplici per gli utenti finali.<\/li>\n<\/ul>\n<h4>LE RECENSIONI DEGLI UTENTI<\/h4>\n<p><strong>Margarita \u201cMicrosoft 365\u201d<\/strong><br \/>\nPro: \u00c8 molto facile da usare. Sono pronto a mostrare ai diversi clienti senza alcun problema. Si integra bene ed \u00e8 utilizzabile con diversi software di programmazione.<br \/>\nContro: Non c&#8217;\u00e8 nulla che non mi piaccia del prodotto in questo momento. L&#8217;ho utilizzato in pi\u00f9 di un ambiente di lavoro senza alcun problema.<\/p>\n<p><strong>Olga \u201cMicrosoft 365 email\u201d<\/strong><br \/>\nCommenti: Continua a diventare il migliore per il lavoro, con un aspetto migliore e pi\u00f9 funzioni.<br \/>\nPro: Rimanere in cima alle modifiche e agli aggiornamenti, buon supporto clienti e facile da implementare e trasferire<br \/>\nContro: Bisogna prepararsi ai diversi look dei modelli di email e alle funzioni aggiunte alla versione aggiornata.<\/p>\n<p><strong>Vikram \u201cms 365&#8243;<\/strong><br \/>\nPro: Il cloud based \u00e8 molto facile da accedere da qualsiasi luogo, il che \u00e8 molto importante per noi.<br \/>\nContro: \u00c8 necessario migliorare la capacit\u00e0 del server che pu\u00f2 gestire un traffico maggiore.<\/p>\n","protected":false},"excerpt":{"rendered":"<p>Email Manager for Microsoft 365\u00a0di Colligo \u00e8 un software progettato per ottimizzare la gestione delle email all&#8217;interno delle aziende, facilitando l&#8217;integrazione delle email di Outlook con SharePoint e Microsoft Teams. Questo strumento \u00e8 ideato per aiutare le organizzazioni a semplificare l&#8217;archiviazione, la condivisione e il recupero delle email, mantenendo al contempo la conformit\u00e0 normativa e migliorando la collaborazione interna.<\/p>\n","protected":false},"author":17,"featured_media":79260,"parent":57184,"menu_order":0,"comment_status":"open","ping_status":"closed","template":"g1_template_page_review_new.php","meta":{"_acf_changed":false,"cwp_meta_box_check":"No","cwp_rev_product_name":"","cwp_rev_product_image":"","wppr_links":[],"cwp_rev_price":"","wppr_options":[],"wppr_pros":[],"wppr_cons":[],"_monsterinsights_skip_tracking":false,"_monsterinsights_sitenote_active":false,"_monsterinsights_sitenote_note":"","_monsterinsights_sitenote_category":0,"footnotes":""},"categories":[12566],"tags":[12587,15343,12568,15344,15342],"features":[],"class_list":{"0":"post-79254","1":"page","2":"type-page","3":"status-publish","4":"has-post-thumbnail","6":"category-software-archiviazione-email-cat","7":"tag-archiviazione-email","8":"tag-programma-per-archiviazione-email","9":"tag-software-archiviazione-email","10":"tag-software-gestione-email","11":"tag-soluzione-per-archiviazione-email"},"wppr_data":{"cwp_meta_box_check":"No"},"acf":[],"yoast_head":"<!-- This site is optimized with the Yoast SEO plugin v27.4 - https:\/\/yoast.com\/product\/yoast-seo-wordpress\/ -->\n<title>Email Manager for Microsoft 365: software archiviazione email - Accurate Reviews<\/title>\n<meta name=\"description\" content=\"Email Manager for Microsoft 365\u00a0di Colligo \u00e8 un software progettato per ottimizzare la gestione delle email all&#039;interno delle aziende.\" \/>\n<meta name=\"robots\" content=\"index, follow, max-snippet:-1, max-image-preview:large, max-video-preview:-1\" \/>\n<link rel=\"canonical\" href=\"https:\/\/www.accuratereviews.com\/it\/software-archiviazione-email\/email-manager-for-microsoft-365-recensione\/\" \/>\n<meta property=\"og:locale\" content=\"it_IT\" \/>\n<meta property=\"og:type\" content=\"article\" \/>\n<meta property=\"og:title\" content=\"Email Manager for Microsoft 365: software archiviazione email - Accurate Reviews\" \/>\n<meta property=\"og:description\" content=\"Email Manager for Microsoft 365\u00a0di Colligo \u00e8 un software progettato per ottimizzare la gestione delle email all&#039;interno delle aziende.\" \/>\n<meta property=\"og:url\" content=\"https:\/\/www.accuratereviews.com\/it\/software-archiviazione-email\/email-manager-for-microsoft-365-recensione\/\" \/>\n<meta property=\"og:site_name\" content=\"Accurate Reviews\" \/>\n<meta property=\"article:modified_time\" content=\"2024-10-03T06:57:42+00:00\" \/>\n<meta property=\"og:image\" content=\"https:\/\/www.accuratereviews.com\/wp-content\/uploads\/2024\/10\/images-1.png\" \/>\n\t<meta property=\"og:image:width\" content=\"588\" \/>\n\t<meta property=\"og:image:height\" content=\"200\" \/>\n\t<meta property=\"og:image:type\" content=\"image\/png\" \/>\n<meta name=\"twitter:card\" content=\"summary_large_image\" \/>\n<meta name=\"twitter:label1\" content=\"Tempo di lettura stimato\" \/>\n\t<meta name=\"twitter:data1\" content=\"4 minuti\" \/>\n<script type=\"application\/ld+json\" class=\"yoast-schema-graph\">{\"@context\":\"https:\\\/\\\/schema.org\",\"@graph\":[{\"@type\":\"WebPage\",\"@id\":\"https:\\\/\\\/www.accuratereviews.com\\\/it\\\/software-archiviazione-email\\\/email-manager-for-microsoft-365-recensione\\\/\",\"url\":\"https:\\\/\\\/www.accuratereviews.com\\\/it\\\/software-archiviazione-email\\\/email-manager-for-microsoft-365-recensione\\\/\",\"name\":\"Email Manager for Microsoft 365: software archiviazione email - Accurate Reviews\",\"isPartOf\":{\"@id\":\"https:\\\/\\\/www.accuratereviews.com\\\/it\\\/#website\"},\"primaryImageOfPage\":{\"@id\":\"https:\\\/\\\/www.accuratereviews.com\\\/it\\\/software-archiviazione-email\\\/email-manager-for-microsoft-365-recensione\\\/#primaryimage\"},\"image\":{\"@id\":\"https:\\\/\\\/www.accuratereviews.com\\\/it\\\/software-archiviazione-email\\\/email-manager-for-microsoft-365-recensione\\\/#primaryimage\"},\"thumbnailUrl\":\"https:\\\/\\\/www.accuratereviews.com\\\/wp-content\\\/uploads\\\/2024\\\/10\\\/images-1.png\",\"datePublished\":\"2024-10-02T08:40:23+00:00\",\"dateModified\":\"2024-10-03T06:57:42+00:00\",\"description\":\"Email Manager for Microsoft 365\u00a0di Colligo \u00e8 un software progettato per ottimizzare la gestione delle email all'interno delle aziende.\",\"breadcrumb\":{\"@id\":\"https:\\\/\\\/www.accuratereviews.com\\\/it\\\/software-archiviazione-email\\\/email-manager-for-microsoft-365-recensione\\\/#breadcrumb\"},\"inLanguage\":\"it-IT\",\"potentialAction\":[{\"@type\":\"ReadAction\",\"target\":[\"https:\\\/\\\/www.accuratereviews.com\\\/it\\\/software-archiviazione-email\\\/email-manager-for-microsoft-365-recensione\\\/\"]}]},{\"@type\":\"ImageObject\",\"inLanguage\":\"it-IT\",\"@id\":\"https:\\\/\\\/www.accuratereviews.com\\\/it\\\/software-archiviazione-email\\\/email-manager-for-microsoft-365-recensione\\\/#primaryimage\",\"url\":\"https:\\\/\\\/www.accuratereviews.com\\\/wp-content\\\/uploads\\\/2024\\\/10\\\/images-1.png\",\"contentUrl\":\"https:\\\/\\\/www.accuratereviews.com\\\/wp-content\\\/uploads\\\/2024\\\/10\\\/images-1.png\",\"width\":588,\"height\":200},{\"@type\":\"BreadcrumbList\",\"@id\":\"https:\\\/\\\/www.accuratereviews.com\\\/it\\\/software-archiviazione-email\\\/email-manager-for-microsoft-365-recensione\\\/#breadcrumb\",\"itemListElement\":[{\"@type\":\"ListItem\",\"position\":1,\"name\":\"Home\",\"item\":\"https:\\\/\\\/www.accuratereviews.com\\\/it\\\/\"},{\"@type\":\"ListItem\",\"position\":2,\"name\":\"Software per archiviazione email\",\"item\":\"https:\\\/\\\/www.accuratereviews.com\\\/it\\\/software-archiviazione-email\\\/\"},{\"@type\":\"ListItem\",\"position\":3,\"name\":\"Email Manager for Microsoft 365\"}]},{\"@type\":\"WebSite\",\"@id\":\"https:\\\/\\\/www.accuratereviews.com\\\/it\\\/#website\",\"url\":\"https:\\\/\\\/www.accuratereviews.com\\\/it\\\/\",\"name\":\"Accurate Reviews\",\"description\":\"\",\"potentialAction\":[{\"@type\":\"SearchAction\",\"target\":{\"@type\":\"EntryPoint\",\"urlTemplate\":\"https:\\\/\\\/www.accuratereviews.com\\\/it\\\/?s={search_term_string}\"},\"query-input\":{\"@type\":\"PropertyValueSpecification\",\"valueRequired\":true,\"valueName\":\"search_term_string\"}}],\"inLanguage\":\"it-IT\"}]}<\/script>\n<!-- \/ Yoast SEO plugin. -->","yoast_head_json":{"title":"Email Manager for Microsoft 365: software archiviazione email - Accurate Reviews","description":"Email Manager for Microsoft 365\u00a0di Colligo \u00e8 un software progettato per ottimizzare la gestione delle email all'interno delle aziende.","robots":{"index":"index","follow":"follow","max-snippet":"max-snippet:-1","max-image-preview":"max-image-preview:large","max-video-preview":"max-video-preview:-1"},"canonical":"https:\/\/www.accuratereviews.com\/it\/software-archiviazione-email\/email-manager-for-microsoft-365-recensione\/","og_locale":"it_IT","og_type":"article","og_title":"Email Manager for Microsoft 365: software archiviazione email - Accurate Reviews","og_description":"Email Manager for Microsoft 365\u00a0di Colligo \u00e8 un software progettato per ottimizzare la gestione delle email all'interno delle aziende.","og_url":"https:\/\/www.accuratereviews.com\/it\/software-archiviazione-email\/email-manager-for-microsoft-365-recensione\/","og_site_name":"Accurate Reviews","article_modified_time":"2024-10-03T06:57:42+00:00","og_image":[{"width":588,"height":200,"url":"https:\/\/www.accuratereviews.com\/wp-content\/uploads\/2024\/10\/images-1.png","type":"image\/png"}],"twitter_card":"summary_large_image","twitter_misc":{"Tempo di lettura stimato":"4 minuti"},"schema":{"@context":"https:\/\/schema.org","@graph":[{"@type":"WebPage","@id":"https:\/\/www.accuratereviews.com\/it\/software-archiviazione-email\/email-manager-for-microsoft-365-recensione\/","url":"https:\/\/www.accuratereviews.com\/it\/software-archiviazione-email\/email-manager-for-microsoft-365-recensione\/","name":"Email Manager for Microsoft 365: software archiviazione email - Accurate Reviews","isPartOf":{"@id":"https:\/\/www.accuratereviews.com\/it\/#website"},"primaryImageOfPage":{"@id":"https:\/\/www.accuratereviews.com\/it\/software-archiviazione-email\/email-manager-for-microsoft-365-recensione\/#primaryimage"},"image":{"@id":"https:\/\/www.accuratereviews.com\/it\/software-archiviazione-email\/email-manager-for-microsoft-365-recensione\/#primaryimage"},"thumbnailUrl":"https:\/\/www.accuratereviews.com\/wp-content\/uploads\/2024\/10\/images-1.png","datePublished":"2024-10-02T08:40:23+00:00","dateModified":"2024-10-03T06:57:42+00:00","description":"Email Manager for Microsoft 365\u00a0di Colligo \u00e8 un software progettato per ottimizzare la gestione delle email all'interno delle aziende.","breadcrumb":{"@id":"https:\/\/www.accuratereviews.com\/it\/software-archiviazione-email\/email-manager-for-microsoft-365-recensione\/#breadcrumb"},"inLanguage":"it-IT","potentialAction":[{"@type":"ReadAction","target":["https:\/\/www.accuratereviews.com\/it\/software-archiviazione-email\/email-manager-for-microsoft-365-recensione\/"]}]},{"@type":"ImageObject","inLanguage":"it-IT","@id":"https:\/\/www.accuratereviews.com\/it\/software-archiviazione-email\/email-manager-for-microsoft-365-recensione\/#primaryimage","url":"https:\/\/www.accuratereviews.com\/wp-content\/uploads\/2024\/10\/images-1.png","contentUrl":"https:\/\/www.accuratereviews.com\/wp-content\/uploads\/2024\/10\/images-1.png","width":588,"height":200},{"@type":"BreadcrumbList","@id":"https:\/\/www.accuratereviews.com\/it\/software-archiviazione-email\/email-manager-for-microsoft-365-recensione\/#breadcrumb","itemListElement":[{"@type":"ListItem","position":1,"name":"Home","item":"https:\/\/www.accuratereviews.com\/it\/"},{"@type":"ListItem","position":2,"name":"Software per archiviazione email","item":"https:\/\/www.accuratereviews.com\/it\/software-archiviazione-email\/"},{"@type":"ListItem","position":3,"name":"Email Manager for Microsoft 365"}]},{"@type":"WebSite","@id":"https:\/\/www.accuratereviews.com\/it\/#website","url":"https:\/\/www.accuratereviews.com\/it\/","name":"Accurate Reviews","description":"","potentialAction":[{"@type":"SearchAction","target":{"@type":"EntryPoint","urlTemplate":"https:\/\/www.accuratereviews.com\/it\/?s={search_term_string}"},"query-input":{"@type":"PropertyValueSpecification","valueRequired":true,"valueName":"search_term_string"}}],"inLanguage":"it-IT"}]}},"_links":{"self":[{"href":"https:\/\/www.accuratereviews.com\/it\/wp-json\/wp\/v2\/pages\/79254","targetHints":{"allow":["GET"]}}],"collection":[{"href":"https:\/\/www.accuratereviews.com\/it\/wp-json\/wp\/v2\/pages"}],"about":[{"href":"https:\/\/www.accuratereviews.com\/it\/wp-json\/wp\/v2\/types\/page"}],"author":[{"embeddable":true,"href":"https:\/\/www.accuratereviews.com\/it\/wp-json\/wp\/v2\/users\/17"}],"replies":[{"embeddable":true,"href":"https:\/\/www.accuratereviews.com\/it\/wp-json\/wp\/v2\/comments?post=79254"}],"version-history":[{"count":3,"href":"https:\/\/www.accuratereviews.com\/it\/wp-json\/wp\/v2\/pages\/79254\/revisions"}],"predecessor-version":[{"id":79272,"href":"https:\/\/www.accuratereviews.com\/it\/wp-json\/wp\/v2\/pages\/79254\/revisions\/79272"}],"up":[{"embeddable":true,"href":"https:\/\/www.accuratereviews.com\/it\/wp-json\/wp\/v2\/pages\/57184"}],"wp:featuredmedia":[{"embeddable":true,"href":"https:\/\/www.accuratereviews.com\/it\/wp-json\/wp\/v2\/media\/79260"}],"wp:attachment":[{"href":"https:\/\/www.accuratereviews.com\/it\/wp-json\/wp\/v2\/media?parent=79254"}],"wp:term":[{"taxonomy":"category","embeddable":true,"href":"https:\/\/www.accuratereviews.com\/it\/wp-json\/wp\/v2\/categories?post=79254"},{"taxonomy":"post_tag","embeddable":true,"href":"https:\/\/www.accuratereviews.com\/it\/wp-json\/wp\/v2\/tags?post=79254"},{"taxonomy":"features","embeddable":true,"href":"https:\/\/www.accuratereviews.com\/it\/wp-json\/wp\/v2\/features?post=79254"}],"curies":[{"name":"wp","href":"https:\/\/api.w.org\/{rel}","templated":true}]}}