{"id":79358,"date":"2024-10-08T15:58:02","date_gmt":"2024-10-08T15:58:02","guid":{"rendered":"https:\/\/www.accuratereviews.com\/?page_id=79358"},"modified":"2024-10-09T10:47:42","modified_gmt":"2024-10-09T10:47:42","slug":"myunity-recensione","status":"publish","type":"page","link":"https:\/\/www.accuratereviews.com\/it\/software-assistenza-persone\/myunity-recensione\/","title":{"rendered":"myUnity"},"content":{"rendered":"<p><strong>myUnity<\/strong> \u00e8 un software innovativo progettato per ottimizzare e semplificare la gestione della salute e dei servizi sociali. Offerto da NTST, \u00e8 una piattaforma basata sul cloud che fornisce una soluzione completa per le organizzazioni che operano nel settore sanitario, consentendo di gestire tutto, dalla pianificazione delle cure alla gestione delle informazioni sui pazienti.<br \/>\nCon la sua interfaccia intuitiva e funzionalit\u00e0 avanzate, <strong>myUnity<\/strong> migliora l&#8217;efficienza operativa e la qualit\u00e0 dell&#8217;assistenza, permettendo agli operatori di concentrarsi sulle esigenze dei pazienti anzich\u00e9 sulla burocrazia. Questa piattaforma integra diversi strumenti per la registrazione delle informazioni, la programmazione degli appuntamenti e l&#8217;analisi dei dati, contribuendo a una visione globale della gestione della salute.<\/p>\n<h2>MYUNITY\u00a0 &#8211; TUTORIAL<\/h2>\n<div id=\"fluid-wrapper-counter-1\" class=\"g1-fluid-wrapper \" style=\"width:686px;\">\n<div style=\"padding-bottom:56.268221574344%;\"><iframe loading=\"lazy\" title=\"myUnity: One EHR for All Service Lines | Netsmart Solutions\" width=\"686\" height=\"386\" src=\"https:\/\/www.youtube.com\/embed\/_YobSIWcpL0?feature=oembed&amp;wmode=transparent&amp;autohide=1&amp;autoplay=0&amp;disablekb=0&amp;fs=1&amp;loop=0&amp;enablejsapi=1&amp;rel=0&amp;controls=2&amp;showinfo=0&amp;wmode=transparent&amp;autohide=2&amp;autoplay=0&amp;disablekb=0&amp;fs=1&amp;loop=0&amp;enablejsapi=1&amp;rel=0&amp;controls=2&amp;showinfo=1\" frameborder=\"0\" allow=\"accelerometer; autoplay; clipboard-write; encrypted-media; gyroscope; picture-in-picture; web-share\" referrerpolicy=\"strict-origin-when-cross-origin\" allowfullscreen><\/iframe><\/div>\n<\/div>\n<h3>MYUNITY &#8211; CARATTERISTICHE<\/h3>\n<ul>\n<li><strong>Gestione dei pazienti<\/strong>: offre un sistema centralizzato per la registrazione e la gestione delle informazioni sui pazienti.<\/li>\n<li><strong>Pianificazione delle cure<\/strong>: consente la programmazione e il monitoraggio delle visite e delle terapie.<\/li>\n<li><strong>Documentazione elettronica<\/strong>: fornisce strumenti per la creazione e la gestione di documenti elettronici in conformit\u00e0 con le normative sanitarie.<\/li>\n<li><strong>Analisi dei dati<\/strong>: offre report dettagliati e analisi per monitorare le performance e la qualit\u00e0 del servizio.<\/li>\n<li><strong>Integrazioni API<\/strong>: consente l&#8217;integrazione con altri sistemi e applicazioni per una gestione fluida dei dati.<\/li>\n<li><strong>Gestione delle fatturazioni<\/strong>: include funzionalit\u00e0 per la gestione delle fatturazioni e delle assicurazioni.<\/li>\n<li><strong>Accesso sicuro e autorizzato<\/strong>: garantisce che solo il personale autorizzato possa accedere alle informazioni sensibili.<\/li>\n<li><strong>Supporto clienti<\/strong>: offre un&#8217;assistenza dedicata per risolvere eventuali problemi e migliorare l&#8217;esperienza dell&#8217;utente.<\/li>\n<\/ul>\n<h4>LE RECENSIONI DEGLI UTENTI<\/h4>\n<p><strong>Lacie \u201cNecessita di un miglior flusso di navigazione\u201d<\/strong><br \/>\nPro: Accurato &#8211; offre molte opzioni e modifiche.<br \/>\nContro: Sparpagliato\/ha bisogno di un flusso\/organizzazione migliore<\/p>\n<p><strong>Michelle \u201cCostoso ma utile!\u201d<\/strong><br \/>\nCommenti: Mi piace che questo software si fonda con altri e rende pi\u00f9 facile trasportare le informazioni dei clienti in una piattaforma organizzata.<br \/>\nPro: Questo software \u00e8 stato piuttosto bello da usare. Ricevo alcuni pazienti dall&#8217;ospedale in cui lavoro e li integro in questo programma per l&#8217;attivit\u00e0 di assistenza domiciliare di mia madre, e non \u00e8 difficile.<br \/>\nContro: a lungo andare \u00e8 costoso per una piccola azienda, credo perch\u00e9 \u00e8 pensato per aziende pi\u00f9 grandi.<\/p>\n<p><strong>Vitolia \u201c\u00c8 il software pi\u00f9 semplice che abbia mai usato\u201d<\/strong><br \/>\nPro: mi piace la facilit\u00e0 d&#8217;uso e il poco tempo di formazione di cui hanno bisogno i nostri infermieri per iniziare a usarlo. Se sapete usare Google, sarete in grado di usare questo software in circa 20-30 minuti.<br \/>\nContro: I report che il sistema fornisce non sono sempre accurati. Se si esegue lo stesso report due volte, si possono ottenere dati diversi.<\/p>\n","protected":false},"excerpt":{"rendered":"<p>myUnity \u00e8 un software innovativo progettato per ottimizzare e semplificare la gestione della salute e dei servizi sociali. Offerto da NTST, \u00e8 una piattaforma basata sul cloud che fornisce una soluzione completa per le organizzazioni che operano nel settore sanitario, consentendo di gestire tutto, dalla pianificazione delle cure alla gestione delle informazioni sui pazienti.<\/p>\n","protected":false},"author":17,"featured_media":79359,"parent":56447,"menu_order":0,"comment_status":"open","ping_status":"closed","template":"g1_template_page_review_new.php","meta":{"_acf_changed":false,"cwp_meta_box_check":"No","cwp_rev_product_name":"","cwp_rev_product_image":"","wppr_links":[],"cwp_rev_price":"","wppr_options":[],"wppr_pros":[],"wppr_cons":[],"_monsterinsights_skip_tracking":false,"_monsterinsights_sitenote_active":false,"_monsterinsights_sitenote_note":"","_monsterinsights_sitenote_category":0,"footnotes":""},"categories":[12456],"tags":[12529,12528,12494,12476],"features":[],"class_list":{"0":"post-79358","1":"page","2":"type-page","3":"status-publish","4":"has-post-thumbnail","6":"category-software-assistenza-persone-cat","7":"tag-piattaforma-assistenza-alle-persone","8":"tag-programma-assistenza-alle-persone","9":"tag-software-assistenza-alle-persone","10":"tag-soluzione-assistenza-alla-persona"},"wppr_data":{"cwp_meta_box_check":"No"},"acf":[],"yoast_head":"<!-- This site is optimized with the Yoast SEO plugin v27.4 - https:\/\/yoast.com\/product\/yoast-seo-wordpress\/ -->\n<title>myUnity: recensione software assistenza alle persone - Accurate Reviews<\/title>\n<meta name=\"description\" content=\"myUnity: recensione del software innovativo progettato per ottimizzare e semplificare la gestione della salute e dei servizi sociali.\" \/>\n<meta name=\"robots\" content=\"index, follow, max-snippet:-1, max-image-preview:large, max-video-preview:-1\" \/>\n<link rel=\"canonical\" href=\"https:\/\/www.accuratereviews.com\/it\/software-assistenza-persone\/myunity-recensione\/\" \/>\n<meta property=\"og:locale\" content=\"it_IT\" \/>\n<meta property=\"og:type\" content=\"article\" \/>\n<meta property=\"og:title\" content=\"myUnity: recensione software assistenza alle persone - Accurate Reviews\" \/>\n<meta property=\"og:description\" content=\"myUnity: recensione del software innovativo progettato per ottimizzare e semplificare la gestione della salute e dei servizi sociali.\" \/>\n<meta property=\"og:url\" content=\"https:\/\/www.accuratereviews.com\/it\/software-assistenza-persone\/myunity-recensione\/\" \/>\n<meta property=\"og:site_name\" content=\"Accurate Reviews\" \/>\n<meta property=\"article:modified_time\" content=\"2024-10-09T10:47:42+00:00\" \/>\n<meta property=\"og:image\" content=\"https:\/\/www.accuratereviews.com\/wp-content\/uploads\/2024\/10\/myunity.jpg\" \/>\n\t<meta property=\"og:image:width\" content=\"1280\" \/>\n\t<meta property=\"og:image:height\" content=\"720\" \/>\n\t<meta property=\"og:image:type\" content=\"image\/jpeg\" \/>\n<meta name=\"twitter:card\" content=\"summary_large_image\" \/>\n<meta name=\"twitter:label1\" content=\"Tempo di lettura stimato\" \/>\n\t<meta name=\"twitter:data1\" content=\"4 minuti\" \/>\n<script type=\"application\/ld+json\" class=\"yoast-schema-graph\">{\"@context\":\"https:\\\/\\\/schema.org\",\"@graph\":[{\"@type\":\"WebPage\",\"@id\":\"https:\\\/\\\/www.accuratereviews.com\\\/it\\\/software-assistenza-persone\\\/myunity-recensione\\\/\",\"url\":\"https:\\\/\\\/www.accuratereviews.com\\\/it\\\/software-assistenza-persone\\\/myunity-recensione\\\/\",\"name\":\"myUnity: recensione software assistenza alle persone - Accurate Reviews\",\"isPartOf\":{\"@id\":\"https:\\\/\\\/www.accuratereviews.com\\\/it\\\/#website\"},\"primaryImageOfPage\":{\"@id\":\"https:\\\/\\\/www.accuratereviews.com\\\/it\\\/software-assistenza-persone\\\/myunity-recensione\\\/#primaryimage\"},\"image\":{\"@id\":\"https:\\\/\\\/www.accuratereviews.com\\\/it\\\/software-assistenza-persone\\\/myunity-recensione\\\/#primaryimage\"},\"thumbnailUrl\":\"https:\\\/\\\/www.accuratereviews.com\\\/wp-content\\\/uploads\\\/2024\\\/10\\\/myunity.jpg\",\"datePublished\":\"2024-10-08T15:58:02+00:00\",\"dateModified\":\"2024-10-09T10:47:42+00:00\",\"description\":\"myUnity: recensione del software innovativo progettato per ottimizzare e semplificare la gestione della salute e dei servizi sociali.\",\"breadcrumb\":{\"@id\":\"https:\\\/\\\/www.accuratereviews.com\\\/it\\\/software-assistenza-persone\\\/myunity-recensione\\\/#breadcrumb\"},\"inLanguage\":\"it-IT\",\"potentialAction\":[{\"@type\":\"ReadAction\",\"target\":[\"https:\\\/\\\/www.accuratereviews.com\\\/it\\\/software-assistenza-persone\\\/myunity-recensione\\\/\"]}]},{\"@type\":\"ImageObject\",\"inLanguage\":\"it-IT\",\"@id\":\"https:\\\/\\\/www.accuratereviews.com\\\/it\\\/software-assistenza-persone\\\/myunity-recensione\\\/#primaryimage\",\"url\":\"https:\\\/\\\/www.accuratereviews.com\\\/wp-content\\\/uploads\\\/2024\\\/10\\\/myunity.jpg\",\"contentUrl\":\"https:\\\/\\\/www.accuratereviews.com\\\/wp-content\\\/uploads\\\/2024\\\/10\\\/myunity.jpg\",\"width\":1280,\"height\":720},{\"@type\":\"BreadcrumbList\",\"@id\":\"https:\\\/\\\/www.accuratereviews.com\\\/it\\\/software-assistenza-persone\\\/myunity-recensione\\\/#breadcrumb\",\"itemListElement\":[{\"@type\":\"ListItem\",\"position\":1,\"name\":\"Home\",\"item\":\"https:\\\/\\\/www.accuratereviews.com\\\/it\\\/\"},{\"@type\":\"ListItem\",\"position\":2,\"name\":\"Software per assistenza alle persone\",\"item\":\"https:\\\/\\\/www.accuratereviews.com\\\/it\\\/software-assistenza-persone\\\/\"},{\"@type\":\"ListItem\",\"position\":3,\"name\":\"myUnity\"}]},{\"@type\":\"WebSite\",\"@id\":\"https:\\\/\\\/www.accuratereviews.com\\\/it\\\/#website\",\"url\":\"https:\\\/\\\/www.accuratereviews.com\\\/it\\\/\",\"name\":\"Accurate Reviews\",\"description\":\"\",\"potentialAction\":[{\"@type\":\"SearchAction\",\"target\":{\"@type\":\"EntryPoint\",\"urlTemplate\":\"https:\\\/\\\/www.accuratereviews.com\\\/it\\\/?s={search_term_string}\"},\"query-input\":{\"@type\":\"PropertyValueSpecification\",\"valueRequired\":true,\"valueName\":\"search_term_string\"}}],\"inLanguage\":\"it-IT\"}]}<\/script>\n<!-- \/ Yoast SEO plugin. -->","yoast_head_json":{"title":"myUnity: recensione software assistenza alle persone - Accurate Reviews","description":"myUnity: recensione del software innovativo progettato per ottimizzare e semplificare la gestione della salute e dei servizi sociali.","robots":{"index":"index","follow":"follow","max-snippet":"max-snippet:-1","max-image-preview":"max-image-preview:large","max-video-preview":"max-video-preview:-1"},"canonical":"https:\/\/www.accuratereviews.com\/it\/software-assistenza-persone\/myunity-recensione\/","og_locale":"it_IT","og_type":"article","og_title":"myUnity: recensione software assistenza alle persone - Accurate Reviews","og_description":"myUnity: recensione del software innovativo progettato per ottimizzare e semplificare la gestione della salute e dei servizi sociali.","og_url":"https:\/\/www.accuratereviews.com\/it\/software-assistenza-persone\/myunity-recensione\/","og_site_name":"Accurate Reviews","article_modified_time":"2024-10-09T10:47:42+00:00","og_image":[{"width":1280,"height":720,"url":"https:\/\/www.accuratereviews.com\/wp-content\/uploads\/2024\/10\/myunity.jpg","type":"image\/jpeg"}],"twitter_card":"summary_large_image","twitter_misc":{"Tempo di lettura stimato":"4 minuti"},"schema":{"@context":"https:\/\/schema.org","@graph":[{"@type":"WebPage","@id":"https:\/\/www.accuratereviews.com\/it\/software-assistenza-persone\/myunity-recensione\/","url":"https:\/\/www.accuratereviews.com\/it\/software-assistenza-persone\/myunity-recensione\/","name":"myUnity: recensione software assistenza alle persone - Accurate Reviews","isPartOf":{"@id":"https:\/\/www.accuratereviews.com\/it\/#website"},"primaryImageOfPage":{"@id":"https:\/\/www.accuratereviews.com\/it\/software-assistenza-persone\/myunity-recensione\/#primaryimage"},"image":{"@id":"https:\/\/www.accuratereviews.com\/it\/software-assistenza-persone\/myunity-recensione\/#primaryimage"},"thumbnailUrl":"https:\/\/www.accuratereviews.com\/wp-content\/uploads\/2024\/10\/myunity.jpg","datePublished":"2024-10-08T15:58:02+00:00","dateModified":"2024-10-09T10:47:42+00:00","description":"myUnity: recensione del software innovativo progettato per ottimizzare e semplificare la gestione della salute e dei servizi sociali.","breadcrumb":{"@id":"https:\/\/www.accuratereviews.com\/it\/software-assistenza-persone\/myunity-recensione\/#breadcrumb"},"inLanguage":"it-IT","potentialAction":[{"@type":"ReadAction","target":["https:\/\/www.accuratereviews.com\/it\/software-assistenza-persone\/myunity-recensione\/"]}]},{"@type":"ImageObject","inLanguage":"it-IT","@id":"https:\/\/www.accuratereviews.com\/it\/software-assistenza-persone\/myunity-recensione\/#primaryimage","url":"https:\/\/www.accuratereviews.com\/wp-content\/uploads\/2024\/10\/myunity.jpg","contentUrl":"https:\/\/www.accuratereviews.com\/wp-content\/uploads\/2024\/10\/myunity.jpg","width":1280,"height":720},{"@type":"BreadcrumbList","@id":"https:\/\/www.accuratereviews.com\/it\/software-assistenza-persone\/myunity-recensione\/#breadcrumb","itemListElement":[{"@type":"ListItem","position":1,"name":"Home","item":"https:\/\/www.accuratereviews.com\/it\/"},{"@type":"ListItem","position":2,"name":"Software per assistenza alle persone","item":"https:\/\/www.accuratereviews.com\/it\/software-assistenza-persone\/"},{"@type":"ListItem","position":3,"name":"myUnity"}]},{"@type":"WebSite","@id":"https:\/\/www.accuratereviews.com\/it\/#website","url":"https:\/\/www.accuratereviews.com\/it\/","name":"Accurate Reviews","description":"","potentialAction":[{"@type":"SearchAction","target":{"@type":"EntryPoint","urlTemplate":"https:\/\/www.accuratereviews.com\/it\/?s={search_term_string}"},"query-input":{"@type":"PropertyValueSpecification","valueRequired":true,"valueName":"search_term_string"}}],"inLanguage":"it-IT"}]}},"_links":{"self":[{"href":"https:\/\/www.accuratereviews.com\/it\/wp-json\/wp\/v2\/pages\/79358","targetHints":{"allow":["GET"]}}],"collection":[{"href":"https:\/\/www.accuratereviews.com\/it\/wp-json\/wp\/v2\/pages"}],"about":[{"href":"https:\/\/www.accuratereviews.com\/it\/wp-json\/wp\/v2\/types\/page"}],"author":[{"embeddable":true,"href":"https:\/\/www.accuratereviews.com\/it\/wp-json\/wp\/v2\/users\/17"}],"replies":[{"embeddable":true,"href":"https:\/\/www.accuratereviews.com\/it\/wp-json\/wp\/v2\/comments?post=79358"}],"version-history":[{"count":3,"href":"https:\/\/www.accuratereviews.com\/it\/wp-json\/wp\/v2\/pages\/79358\/revisions"}],"predecessor-version":[{"id":79385,"href":"https:\/\/www.accuratereviews.com\/it\/wp-json\/wp\/v2\/pages\/79358\/revisions\/79385"}],"up":[{"embeddable":true,"href":"https:\/\/www.accuratereviews.com\/it\/wp-json\/wp\/v2\/pages\/56447"}],"wp:featuredmedia":[{"embeddable":true,"href":"https:\/\/www.accuratereviews.com\/it\/wp-json\/wp\/v2\/media\/79359"}],"wp:attachment":[{"href":"https:\/\/www.accuratereviews.com\/it\/wp-json\/wp\/v2\/media?parent=79358"}],"wp:term":[{"taxonomy":"category","embeddable":true,"href":"https:\/\/www.accuratereviews.com\/it\/wp-json\/wp\/v2\/categories?post=79358"},{"taxonomy":"post_tag","embeddable":true,"href":"https:\/\/www.accuratereviews.com\/it\/wp-json\/wp\/v2\/tags?post=79358"},{"taxonomy":"features","embeddable":true,"href":"https:\/\/www.accuratereviews.com\/it\/wp-json\/wp\/v2\/features?post=79358"}],"curies":[{"name":"wp","href":"https:\/\/api.w.org\/{rel}","templated":true}]}}