{"id":79392,"date":"2024-10-10T16:45:25","date_gmt":"2024-10-10T16:45:25","guid":{"rendered":"https:\/\/www.accuratereviews.com\/?page_id=79392"},"modified":"2024-10-14T14:56:33","modified_gmt":"2024-10-14T14:56:33","slug":"allcloud-enterprise-recensione","status":"publish","type":"page","link":"https:\/\/www.accuratereviews.com\/it\/software-erogazione-prestiti\/allcloud-enterprise-recensione\/","title":{"rendered":"AllCloud Enterprise"},"content":{"rendered":"<p><strong>AllCloud Enterprise<\/strong> (in precedenza nota come AutoCloud) \u00e8 una <strong>soluzione di gestione dei prestiti<\/strong> basata su <strong>cloud<\/strong>, che aiuta a gestire i processi di erogazione dei prestiti e di onboarding dei clienti. Le funzionalit\u00e0 principali includono caricamenti di documenti, promemoria, contabilit\u00e0, raccolta dati e reporting. La piattaforma consente agli amministratori di registrare i clienti e raccogliere dati quali prova di identit\u00e0, tipo di prestito, pagamenti EMI in sospeso, scadenze scadute e altro ancora. Il suo sistema di contabilit\u00e0 integrato consente ai team di generare report finanziari tra cui bilancio di verifica, libro mastro, riscossioni mensili, bilancio e libro giornale. I team possono inviare promemoria sms automatici ai clienti, nonch\u00e9 stampare ed esportare documenti in formato Excel o PDF.<br \/>\nL&#8217;applicazione mobile nativa per iOS e Android consente ai team sul campo di visualizzare i lavori assegnati, accedere alle informazioni sui clienti, generare ricevute di pagamento e ricevere aggiornamenti dalla filiale.<\/p>\n<h2>ALLCLOUD ENTERPRISE &#8211; TUTORIAL<\/h2>\n<div id=\"fluid-wrapper-counter-1\" class=\"g1-fluid-wrapper \" style=\"width:686px;\">\n<div style=\"padding-bottom:56.268221574344%;\"><iframe loading=\"lazy\" title=\"Unified Lending Technology by AllCloud.\" width=\"686\" height=\"386\" src=\"https:\/\/www.youtube.com\/embed\/gHnqtA8JNuc?feature=oembed&amp;wmode=transparent&amp;autohide=1&amp;autoplay=0&amp;disablekb=0&amp;fs=1&amp;loop=0&amp;enablejsapi=1&amp;rel=0&amp;controls=2&amp;showinfo=0&amp;wmode=transparent&amp;autohide=2&amp;autoplay=0&amp;disablekb=0&amp;fs=1&amp;loop=0&amp;enablejsapi=1&amp;rel=0&amp;controls=2&amp;showinfo=1\" frameborder=\"0\" allow=\"accelerometer; autoplay; clipboard-write; encrypted-media; gyroscope; picture-in-picture; web-share\" referrerpolicy=\"strict-origin-when-cross-origin\" allowfullscreen><\/iframe><\/div>\n<\/div>\n<h3>ALLCLOUD ENTERPRISE &#8211; CARATTERISTICHE<\/h3>\n<ul>\n<li>Generazione di lead omnicanale<\/li>\n<li>Automatizza l&#8217;elaborazione delle domande di prestito<\/li>\n<li>Prendi decisioni informate con tutti i dati a portata di mano.<\/li>\n<li>Acquisisci dati e convalida digitalmente l&#8217;autenticit\u00e0<\/li>\n<li>Accesso completo a tutte le informazioni e ai report di credito<\/li>\n<li>Analizza in modo olistico il profilo dei mutuatari con un&#8217;ampia gamma di strumenti di analisi personalizzati.<\/li>\n<li>Integra con le fonti aggiungendo valore con la nostra API aperta.<\/li>\n<li>Crediti decisionali con motore di regole aziendali automatizzato.<\/li>\n<li>Maggiore visibilit\u00e0 del profilo di prestito del cliente con vista prestito a 360\u00b0.<\/li>\n<li>Gestisci centralmente i documenti<\/li>\n<li>Ristruttura i prestiti con la massima flessibilit\u00e0.<\/li>\n<li>Modulo di comunicazione avanzato per tenere informato il cliente lungo il percorso del prestito.<\/li>\n<li>Configura e automatizza i processi aziendali con motori di flusso di lavoro<\/li>\n<li>Distribuisci la migliore strategia per automatizzare le riscossioni dei prestiti<\/li>\n<li>Soluzioni di mobilit\u00e0 per le riscossioni sul campo<\/li>\n<li>Suite di riscossione digitale E2E: mandati ricorrenti, riscossioni bancarie e altro<\/li>\n<li>Gestione di morosit\u00e0 e NPA<\/li>\n<li>MIS esteso per una maggiore visibilit\u00e0 con sistemi di allerta precoce. Generazione di lead omnicanale<\/li>\n<li>Automatizza l&#8217;elaborazione delle domande di prestito<\/li>\n<li>Cattura i dati e convalida digitalmente l&#8217;autenticit\u00e0<\/li>\n<\/ul>\n<h4>LE RECENSIONI DEGLI UTENTI<\/h4>\n<p><strong>Nissanka &#8220;Addio all&#8217;elaborazione manuale delle domande di credito&#8221;<\/strong><br \/>\n<strong>Commenti<\/strong>: le funzionalit\u00e0 disponibili sono abbastanza buone per Vendite, Valutazione, Elaborazione e recuperi. Come io<br \/>\nnon ho ancora raggiunto l&#8217;assistenza clienti, non \u00e8 possibile fare commenti. Nel complesso \u00e8 un buon sistema per NBFC su piccola scala.<br \/>\n<strong>Pro<\/strong>: Come utente di Auto Cloud, siamo stati in grado di eliminare la maggior parte dell&#8217;elaborazione manuale del credito, Valutazione, approvazione, esborsi e recuperi. Ci\u00f2 che conta nel prestito non \u00e8 la quantit\u00e0 ma la qualit\u00e0. Questi processi di automazione aiutano a ridurre al minimo errori umani \/ scorciatoie in tutto il processo. Un buon investimento si basa sul recupero del finale dovuto e non dal valore del prestito dato. Il cloud automatico lo fa solo indipendentemente da dove ti trovi. Le caratteristiche rivoluzionarie di Auto Cloud possono essere segmentate principalmente come suite di prestito, prestito suite di gestione, suite di raccolta di prestiti, suite di reporting e analisi. Le funzioni CRM, ENTERPRISE INTELLIGENCE, COMMUNICATION e BPM gestiscono il processo come segmenti diversi ma coordinati per completare il processo di credito. All&#8217;interno di sopra, strumenti per il credito Integrazione del Bureau, Integrazione bancaria, Valutazione del rischio di credito, ecc. \u00c8 incorporata per facilitare il credito determinazione dignit\u00e0. Queste caratteristiche assicurano che un investimento di qualit\u00e0 sia fatto e il i recuperi sono gestiti come programmato al fine di ottenere entrate preventivate. Altre caratteristiche sono incorporato all&#8217;interno di detto processo per un processo amministrativo regolare. Questo \u00e8 ragionevolmente bene sistema progettato almeno per una maggiore affidabilit\u00e0 se non al 100%.<br \/>\n<strong>Contro<\/strong>: in questa fase non \u00e8 corretto commentare i contro e potrebbe essere necessario pi\u00f9 tempo per valutare l&#8217;efficacia. Con la rapidit\u00e0 delle lacune di utilizzo pu\u00f2 emergere come \u00e8 un caso comune con la maggior parte del software. Suggerisco che l&#8217;integrazione di social media e app per il rilevamento del numero di telefono aiuter\u00e0 a identificare il lo sfondo del candidato in dettaglio come strumento per il controllo dei precedenti.<\/p>\n<p><strong>raunak &#8220;Il software semplice e migliore per qualsiasi tipo di societ\u00e0 di prestito&#8221;<\/strong><br \/>\n<strong>Pro<\/strong>: Facile da usare e da capire, Reporting e contabilit\u00e0 automatizzati e basati sull&#8217;intelligenza artificiale Interfaccia utente\/esperienza utente straordinaria Tutte le funzionalit\u00e0 in un&#8217;unica soluzione<br \/>\n<strong>Contro<\/strong>: Ancora nessuna app mobile, ma secondo l&#8217;azienda, stanno funzionando e saranno pronte entro 3 mesi.<\/p>\n<p><strong>Max &#8220;AllCloud&#8221;<\/strong><br \/>\n<strong>Pro<\/strong>: Nel complesso \u00e8 facile da usare una volta che ci si prende la mano, lo usiamo per elaborare automaticamente il credito, fa il lavoro che vuoi che faccia<br \/>\n<strong>Contro<\/strong>: Purtroppo non \u00e8 ancora disponibile alcuna integrazione per i social media e nessuna app mobile<\/p>\n","protected":false},"excerpt":{"rendered":"<p>AllCloud Enterprise (in precedenza nota come AutoCloud) \u00e8 una soluzione di gestione dei prestiti basata su cloud, che aiuta a gestire i processi di erogazione dei prestiti e di onboarding dei clienti. Le funzionalit\u00e0 principali includono caricamenti di documenti, promemoria, contabilit\u00e0, raccolta dati e reporting.<\/p>\n","protected":false},"author":19,"featured_media":79395,"parent":41330,"menu_order":0,"comment_status":"open","ping_status":"closed","template":"g1_template_page_review_new.php","meta":{"_acf_changed":false,"cwp_meta_box_check":"Yes","cwp_rev_product_name":"","cwp_rev_product_image":"","wppr_links":[],"cwp_rev_price":"0.00","wppr_options":[{"name":"Usability","value":"0"},{"name":"Speed","value":"0"},{"name":"Features","value":"0"},{"name":"Support","value":"0"},{"name":"Pricing","value":"0"}],"wppr_pros":["","","","",""],"wppr_cons":["","","","",""],"_monsterinsights_skip_tracking":false,"_monsterinsights_sitenote_active":false,"_monsterinsights_sitenote_note":"","_monsterinsights_sitenote_category":0,"footnotes":""},"categories":[5815],"tags":[15348,5942,5840,5839,5837,5838],"features":[],"class_list":{"0":"post-79392","1":"page","2":"type-page","3":"status-publish","4":"has-post-thumbnail","6":"category-software-per-erogazione-prestiti-categoria","7":"tag-allcloud-enterprise","8":"tag-erogazione-prestiti","9":"tag-piattaforma-erogazione-prestiti","10":"tag-programma-erogazione-prestiti","11":"tag-software-erogazione-prestiti","12":"tag-soluzione-erogazione-prestiti"},"wppr_data":{"cwp_meta_box_check":"Yes","_wppr_review_template":"default","cwp_rev_product_image":"","cwp_image_link":"image","wppr_links":[],"cwp_rev_price":"0.00","wppr_pros":["","","","",""],"wppr_cons":["","","","",""],"wppr_rating":"0.00","wppr_options":{"1":{"name":"Usability","value":"0"},"2":{"name":"Speed","value":"0"},"3":{"name":"Features","value":"0"},"4":{"name":"Support","value":"0"},"5":{"name":"Pricing","value":"0"}},"wppr_review_type":"Product","wppr_review_custom_fields":{"additionalProperty":"","additionalType":"","aggregateRating":"","alternateName":"","audience":"","award":"","awards":"","brand":"","color":"","depth":"","description":"","disambiguatingDescription":"","gtin12":"","gtin13":"","gtin14":"","gtin8":"","height":"","identifier":"","image":"","isAccessoryOrSparePartFor":"","isConsumableFor":"","isRelatedTo":"","isSimilarTo":"","itemCondition":"","logo":"","mainEntityOfPage":"","manufacturer":"","material":"","model":"","mpn":"","name":"","offers":"","potentialAction":"","productID":"","productionDate":"","purchaseDate":"","releaseDate":"","review":"","reviews":"","sameAs":"","sku":"","slogan":"","subjectOf":"","url":"","weight":"","width":""}},"acf":[],"yoast_head":"<!-- This site is optimized with the Yoast SEO plugin v27.4 - https:\/\/yoast.com\/product\/yoast-seo-wordpress\/ -->\n<title>AllCloud Enterprise: recensione software erogazione prestiti - Accurate Reviews<\/title>\n<meta name=\"description\" content=\"AllCloud Enterprise: recensione soluzione di gestione dei prestiti basata su cloud per gestire l&#039;erogazione dei prestiti e di onboarding.\" \/>\n<meta name=\"robots\" content=\"index, follow, max-snippet:-1, max-image-preview:large, max-video-preview:-1\" \/>\n<link rel=\"canonical\" href=\"https:\/\/www.accuratereviews.com\/it\/software-erogazione-prestiti\/allcloud-enterprise-recensione\/\" \/>\n<meta property=\"og:locale\" content=\"it_IT\" \/>\n<meta property=\"og:type\" content=\"article\" \/>\n<meta property=\"og:title\" content=\"AllCloud Enterprise: recensione software erogazione prestiti - Accurate Reviews\" \/>\n<meta property=\"og:description\" content=\"AllCloud Enterprise: recensione soluzione di gestione dei prestiti basata su cloud per gestire l&#039;erogazione dei prestiti e di onboarding.\" \/>\n<meta property=\"og:url\" content=\"https:\/\/www.accuratereviews.com\/it\/software-erogazione-prestiti\/allcloud-enterprise-recensione\/\" \/>\n<meta property=\"og:site_name\" content=\"Accurate Reviews\" \/>\n<meta property=\"article:modified_time\" content=\"2024-10-14T14:56:33+00:00\" \/>\n<meta name=\"twitter:card\" content=\"summary_large_image\" \/>\n<meta name=\"twitter:label1\" content=\"Tempo di lettura stimato\" \/>\n\t<meta name=\"twitter:data1\" content=\"5 minuti\" \/>\n<script type=\"application\/ld+json\" class=\"yoast-schema-graph\">{\"@context\":\"https:\\\/\\\/schema.org\",\"@graph\":[{\"@type\":\"WebPage\",\"@id\":\"https:\\\/\\\/www.accuratereviews.com\\\/it\\\/software-erogazione-prestiti\\\/allcloud-enterprise-recensione\\\/\",\"url\":\"https:\\\/\\\/www.accuratereviews.com\\\/it\\\/software-erogazione-prestiti\\\/allcloud-enterprise-recensione\\\/\",\"name\":\"AllCloud Enterprise: recensione software erogazione prestiti - Accurate Reviews\",\"isPartOf\":{\"@id\":\"https:\\\/\\\/www.accuratereviews.com\\\/it\\\/#website\"},\"primaryImageOfPage\":{\"@id\":\"https:\\\/\\\/www.accuratereviews.com\\\/it\\\/software-erogazione-prestiti\\\/allcloud-enterprise-recensione\\\/#primaryimage\"},\"image\":{\"@id\":\"https:\\\/\\\/www.accuratereviews.com\\\/it\\\/software-erogazione-prestiti\\\/allcloud-enterprise-recensione\\\/#primaryimage\"},\"thumbnailUrl\":\"https:\\\/\\\/www.accuratereviews.com\\\/wp-content\\\/uploads\\\/2024\\\/10\\\/AllCloud-Enterprise.avif\",\"datePublished\":\"2024-10-10T16:45:25+00:00\",\"dateModified\":\"2024-10-14T14:56:33+00:00\",\"description\":\"AllCloud Enterprise: recensione soluzione di gestione dei prestiti basata su cloud per gestire l'erogazione dei prestiti e di onboarding.\",\"breadcrumb\":{\"@id\":\"https:\\\/\\\/www.accuratereviews.com\\\/it\\\/software-erogazione-prestiti\\\/allcloud-enterprise-recensione\\\/#breadcrumb\"},\"inLanguage\":\"it-IT\",\"potentialAction\":[{\"@type\":\"ReadAction\",\"target\":[\"https:\\\/\\\/www.accuratereviews.com\\\/it\\\/software-erogazione-prestiti\\\/allcloud-enterprise-recensione\\\/\"]}]},{\"@type\":\"ImageObject\",\"inLanguage\":\"it-IT\",\"@id\":\"https:\\\/\\\/www.accuratereviews.com\\\/it\\\/software-erogazione-prestiti\\\/allcloud-enterprise-recensione\\\/#primaryimage\",\"url\":\"https:\\\/\\\/www.accuratereviews.com\\\/wp-content\\\/uploads\\\/2024\\\/10\\\/AllCloud-Enterprise.avif\",\"contentUrl\":\"https:\\\/\\\/www.accuratereviews.com\\\/wp-content\\\/uploads\\\/2024\\\/10\\\/AllCloud-Enterprise.avif\",\"width\":225,\"height\":225},{\"@type\":\"BreadcrumbList\",\"@id\":\"https:\\\/\\\/www.accuratereviews.com\\\/it\\\/software-erogazione-prestiti\\\/allcloud-enterprise-recensione\\\/#breadcrumb\",\"itemListElement\":[{\"@type\":\"ListItem\",\"position\":1,\"name\":\"Home\",\"item\":\"https:\\\/\\\/www.accuratereviews.com\\\/it\\\/\"},{\"@type\":\"ListItem\",\"position\":2,\"name\":\"Software per l&#8217;erogazione dei prestiti\",\"item\":\"https:\\\/\\\/www.accuratereviews.com\\\/it\\\/software-erogazione-prestiti\\\/\"},{\"@type\":\"ListItem\",\"position\":3,\"name\":\"AllCloud Enterprise\"}]},{\"@type\":\"WebSite\",\"@id\":\"https:\\\/\\\/www.accuratereviews.com\\\/it\\\/#website\",\"url\":\"https:\\\/\\\/www.accuratereviews.com\\\/it\\\/\",\"name\":\"Accurate Reviews\",\"description\":\"\",\"potentialAction\":[{\"@type\":\"SearchAction\",\"target\":{\"@type\":\"EntryPoint\",\"urlTemplate\":\"https:\\\/\\\/www.accuratereviews.com\\\/it\\\/?s={search_term_string}\"},\"query-input\":{\"@type\":\"PropertyValueSpecification\",\"valueRequired\":true,\"valueName\":\"search_term_string\"}}],\"inLanguage\":\"it-IT\"}]}<\/script>\n<!-- \/ Yoast SEO plugin. -->","yoast_head_json":{"title":"AllCloud Enterprise: recensione software erogazione prestiti - Accurate Reviews","description":"AllCloud Enterprise: recensione soluzione di gestione dei prestiti basata su cloud per gestire l'erogazione dei prestiti e di onboarding.","robots":{"index":"index","follow":"follow","max-snippet":"max-snippet:-1","max-image-preview":"max-image-preview:large","max-video-preview":"max-video-preview:-1"},"canonical":"https:\/\/www.accuratereviews.com\/it\/software-erogazione-prestiti\/allcloud-enterprise-recensione\/","og_locale":"it_IT","og_type":"article","og_title":"AllCloud Enterprise: recensione software erogazione prestiti - Accurate Reviews","og_description":"AllCloud Enterprise: recensione soluzione di gestione dei prestiti basata su cloud per gestire l'erogazione dei prestiti e di onboarding.","og_url":"https:\/\/www.accuratereviews.com\/it\/software-erogazione-prestiti\/allcloud-enterprise-recensione\/","og_site_name":"Accurate Reviews","article_modified_time":"2024-10-14T14:56:33+00:00","twitter_card":"summary_large_image","twitter_misc":{"Tempo di lettura stimato":"5 minuti"},"schema":{"@context":"https:\/\/schema.org","@graph":[{"@type":"WebPage","@id":"https:\/\/www.accuratereviews.com\/it\/software-erogazione-prestiti\/allcloud-enterprise-recensione\/","url":"https:\/\/www.accuratereviews.com\/it\/software-erogazione-prestiti\/allcloud-enterprise-recensione\/","name":"AllCloud Enterprise: recensione software erogazione prestiti - Accurate Reviews","isPartOf":{"@id":"https:\/\/www.accuratereviews.com\/it\/#website"},"primaryImageOfPage":{"@id":"https:\/\/www.accuratereviews.com\/it\/software-erogazione-prestiti\/allcloud-enterprise-recensione\/#primaryimage"},"image":{"@id":"https:\/\/www.accuratereviews.com\/it\/software-erogazione-prestiti\/allcloud-enterprise-recensione\/#primaryimage"},"thumbnailUrl":"https:\/\/www.accuratereviews.com\/wp-content\/uploads\/2024\/10\/AllCloud-Enterprise.avif","datePublished":"2024-10-10T16:45:25+00:00","dateModified":"2024-10-14T14:56:33+00:00","description":"AllCloud Enterprise: recensione soluzione di gestione dei prestiti basata su cloud per gestire l'erogazione dei prestiti e di onboarding.","breadcrumb":{"@id":"https:\/\/www.accuratereviews.com\/it\/software-erogazione-prestiti\/allcloud-enterprise-recensione\/#breadcrumb"},"inLanguage":"it-IT","potentialAction":[{"@type":"ReadAction","target":["https:\/\/www.accuratereviews.com\/it\/software-erogazione-prestiti\/allcloud-enterprise-recensione\/"]}]},{"@type":"ImageObject","inLanguage":"it-IT","@id":"https:\/\/www.accuratereviews.com\/it\/software-erogazione-prestiti\/allcloud-enterprise-recensione\/#primaryimage","url":"https:\/\/www.accuratereviews.com\/wp-content\/uploads\/2024\/10\/AllCloud-Enterprise.avif","contentUrl":"https:\/\/www.accuratereviews.com\/wp-content\/uploads\/2024\/10\/AllCloud-Enterprise.avif","width":225,"height":225},{"@type":"BreadcrumbList","@id":"https:\/\/www.accuratereviews.com\/it\/software-erogazione-prestiti\/allcloud-enterprise-recensione\/#breadcrumb","itemListElement":[{"@type":"ListItem","position":1,"name":"Home","item":"https:\/\/www.accuratereviews.com\/it\/"},{"@type":"ListItem","position":2,"name":"Software per l&#8217;erogazione dei prestiti","item":"https:\/\/www.accuratereviews.com\/it\/software-erogazione-prestiti\/"},{"@type":"ListItem","position":3,"name":"AllCloud Enterprise"}]},{"@type":"WebSite","@id":"https:\/\/www.accuratereviews.com\/it\/#website","url":"https:\/\/www.accuratereviews.com\/it\/","name":"Accurate Reviews","description":"","potentialAction":[{"@type":"SearchAction","target":{"@type":"EntryPoint","urlTemplate":"https:\/\/www.accuratereviews.com\/it\/?s={search_term_string}"},"query-input":{"@type":"PropertyValueSpecification","valueRequired":true,"valueName":"search_term_string"}}],"inLanguage":"it-IT"}]}},"_links":{"self":[{"href":"https:\/\/www.accuratereviews.com\/it\/wp-json\/wp\/v2\/pages\/79392","targetHints":{"allow":["GET"]}}],"collection":[{"href":"https:\/\/www.accuratereviews.com\/it\/wp-json\/wp\/v2\/pages"}],"about":[{"href":"https:\/\/www.accuratereviews.com\/it\/wp-json\/wp\/v2\/types\/page"}],"author":[{"embeddable":true,"href":"https:\/\/www.accuratereviews.com\/it\/wp-json\/wp\/v2\/users\/19"}],"replies":[{"embeddable":true,"href":"https:\/\/www.accuratereviews.com\/it\/wp-json\/wp\/v2\/comments?post=79392"}],"version-history":[{"count":11,"href":"https:\/\/www.accuratereviews.com\/it\/wp-json\/wp\/v2\/pages\/79392\/revisions"}],"predecessor-version":[{"id":79434,"href":"https:\/\/www.accuratereviews.com\/it\/wp-json\/wp\/v2\/pages\/79392\/revisions\/79434"}],"up":[{"embeddable":true,"href":"https:\/\/www.accuratereviews.com\/it\/wp-json\/wp\/v2\/pages\/41330"}],"wp:featuredmedia":[{"embeddable":true,"href":"https:\/\/www.accuratereviews.com\/it\/wp-json\/wp\/v2\/media\/79395"}],"wp:attachment":[{"href":"https:\/\/www.accuratereviews.com\/it\/wp-json\/wp\/v2\/media?parent=79392"}],"wp:term":[{"taxonomy":"category","embeddable":true,"href":"https:\/\/www.accuratereviews.com\/it\/wp-json\/wp\/v2\/categories?post=79392"},{"taxonomy":"post_tag","embeddable":true,"href":"https:\/\/www.accuratereviews.com\/it\/wp-json\/wp\/v2\/tags?post=79392"},{"taxonomy":"features","embeddable":true,"href":"https:\/\/www.accuratereviews.com\/it\/wp-json\/wp\/v2\/features?post=79392"}],"curies":[{"name":"wp","href":"https:\/\/api.w.org\/{rel}","templated":true}]}}