{"id":7944,"date":"2017-02-14T12:53:07","date_gmt":"2017-02-14T12:53:07","guid":{"rendered":"http:\/\/www.accuratereviews.com\/i-migliori-text-editor-lista\/coda\/"},"modified":"2017-02-14T14:32:34","modified_gmt":"2017-02-14T14:32:34","slug":"coda","status":"publish","type":"page","link":"https:\/\/www.accuratereviews.com\/it\/i-migliori-text-editor-lista\/coda\/","title":{"rendered":"Coda"},"content":{"rendered":"<p><img loading=\"lazy\" decoding=\"async\" src=\"http:\/\/www.accuratereviews.com\/wp-content\/uploads\/2017\/02\/coda-.jpg\" alt=\"Coda text editor\" width=\"660\" height=\"553\" class=\"aligncenter size-full wp-image-7939\" srcset=\"https:\/\/www.accuratereviews.com\/wp-content\/uploads\/2017\/02\/coda-.jpg 660w, https:\/\/www.accuratereviews.com\/wp-content\/uploads\/2017\/02\/coda--300x251.jpg 300w, https:\/\/www.accuratereviews.com\/wp-content\/uploads\/2017\/02\/coda--149x125.jpg 149w, https:\/\/www.accuratereviews.com\/wp-content\/uploads\/2017\/02\/coda--50x42.jpg 50w, https:\/\/www.accuratereviews.com\/wp-content\/uploads\/2017\/02\/coda--636x533.jpg 636w, https:\/\/www.accuratereviews.com\/wp-content\/uploads\/2017\/02\/coda--320x268.jpg 320w, https:\/\/www.accuratereviews.com\/wp-content\/uploads\/2017\/02\/coda--239x200.jpg 239w\" sizes=\"auto, (max-width: 660px) 100vw, 660px\" \/><\/p>\n<p><strong>Coda<\/strong>, e in particolare l\u2019ultima versione Coda 2, \u00e8 il prodotto dell\u2019intenzione di <strong>creare qualcosa di pi\u00f9 semplice possibile, a cui per\u00f2 vengono aggiunte tutte le funzionalit\u00e0 necessarie<\/strong> a rendere pi\u00f9 semplice il lavoro. Il software, creato dalla Panic Inc., \u00e8 stato lanciato nel 2007 e pu\u00f2 essere definito <strong>editor di testo<\/strong> anche se c\u2019\u00e8 ben poco di testuale. Parliamo infatti di <strong>un ambiente di sviluppo completo, ricco di tutte le piccole funzionalit\u00e0 aggiuntive<\/strong> di cui pu\u00f2 aver bisogno uno sviluppatore per scrivere codice in modo rapido e accurato.<\/p>\n<p>Tra le funzionalit\u00e0 pi\u00f9 interessanti include il <strong>cerca e sostituisci che funziona anche tra pi\u00f9 documenti<\/strong>. La chiusura dei tag avviene in automatico, in modo da non perdere tempo a cercare errori di sintassi. Il completamento automatico supporta variabili e nomi di funzione personalizzati. <\/p>\n<p>La <strong>colorazione della sintassi copre un\u2019ampia gamma di lingue<\/strong> ed \u00e8 velocissima. Il terminale e l\u2019editor MySQL sono incorporati, cos\u00ec da non dover aprire pi\u00f9 software per modificare dati. Anche il <strong>file manager<\/strong> \u00e8 incluso, permettendo agli utenti di editare file su FTP, SFTP, WebDAV e server Amaxon S3. Coda permette addirittura di spostare i file tra server senza abbandonare l\u2019editor.<\/p>\n<p>Molte di queste caratteristiche &#8220;essenziali&#8221; si possono trovare su numerosi text editor, ma <strong>Coda offre anche un buon numero di funzionalit\u00e0 uniche<\/strong> che non troviamo da nessun&#8217;altra parte. Ad esempio usando i caratteri jolly, il cerca e sostituisci \u00e8 ancora pi\u00f9 efficace. Un secondo esempio \u00e8 <strong>Coda Pops<\/strong>, la feature che consente di aggiungere colori e gradienti durante la scrittura, rendendo Coda un ambiente di programmazione confortevole per la vista. <\/p>\n<p><img loading=\"lazy\" decoding=\"async\" src=\"http:\/\/www.accuratereviews.com\/wp-content\/uploads\/2017\/02\/coda-2.jpg\" alt=\"Coda text editor\" width=\"659\" height=\"557\" class=\"aligncenter size-full wp-image-7940\" srcset=\"https:\/\/www.accuratereviews.com\/wp-content\/uploads\/2017\/02\/coda-2.jpg 659w, https:\/\/www.accuratereviews.com\/wp-content\/uploads\/2017\/02\/coda-2-300x254.jpg 300w, https:\/\/www.accuratereviews.com\/wp-content\/uploads\/2017\/02\/coda-2-148x125.jpg 148w, https:\/\/www.accuratereviews.com\/wp-content\/uploads\/2017\/02\/coda-2-50x42.jpg 50w, https:\/\/www.accuratereviews.com\/wp-content\/uploads\/2017\/02\/coda-2-636x538.jpg 636w, https:\/\/www.accuratereviews.com\/wp-content\/uploads\/2017\/02\/coda-2-320x270.jpg 320w, https:\/\/www.accuratereviews.com\/wp-content\/uploads\/2017\/02\/coda-2-239x202.jpg 239w\" sizes=\"auto, (max-width: 659px) 100vw, 659px\" \/><\/p>\n<p>Un\u2019altra caratteristica interessante \u00e8 <strong>AirPreview<\/strong>: al posto di lavorare su pi\u00f9 monitor per vedere il risultato di ci\u00f2 che programmiamo, Coda invia le anteprime su iPhone o iPad tramite l\u2019app Diet Coda. La sincronizzazione avviene puntando la fotocamera di iPhone o iPad verso lo schermo. Semplice e cool. \u00c8 possibile modificare l&#8217;user agent in modo da avere un\u2019anteprima di come un utente mobile vedrebbe il nostro codice, ma essere in grado vederlo su un vero e proprio iPad rende il tutto ancora pi\u00f9 semplice. <\/p>\n<p>Alcuni utenti contestano la <strong>mancanza di un controllo integrato della sintassi PHP<\/strong>, soprattutto perch\u00e9 un plugin di terze parti non sempre colma il gap. Il <strong>prezzo di Coda \u00e8 di 99 dollari<\/strong>: risulta pi\u00f9 costoso della concorrenza senza pur offrendo un numero di funzionalit\u00e0 pari.<\/p>\n","protected":false},"excerpt":{"rendered":"<p>Coda \u00e8 il prodotto dell\u2019intenzione di creare qualcosa di pi\u00f9 semplice possibile, a cui per\u00f2 vengono aggiunte tutte le funzionalit\u00e0 necessarie a rendere pi\u00f9 semplice il lavoro. <\/p>\n","protected":false},"author":16,"featured_media":0,"parent":7660,"menu_order":1,"comment_status":"open","ping_status":"closed","template":"g1_template_page_review_new.php","meta":{"_acf_changed":false,"cwp_meta_box_check":"Yes","cwp_rev_product_name":"","cwp_rev_product_image":"","wppr_links":[],"cwp_rev_price":"","wppr_options":[],"wppr_pros":[],"wppr_cons":[],"_monsterinsights_skip_tracking":false,"_monsterinsights_sitenote_active":false,"_monsterinsights_sitenote_note":"","_monsterinsights_sitenote_category":0,"footnotes":""},"categories":[171],"tags":[],"features":[],"class_list":{"0":"post-7944","1":"page","2":"type-page","3":"status-publish","5":"category-text-editor-it"},"wppr_data":{"cwp_meta_box_check":"Yes","cwp_rev_product_name":"","cwp_rev_product_image":"","cwp_image_link":"image","cwp_rev_price":"","wppr_rating":"0.00"},"acf":[],"yoast_head":"<!-- This site is optimized with the Yoast SEO plugin v27.4 - https:\/\/yoast.com\/product\/yoast-seo-wordpress\/ -->\n<title>Coda Best Feature-rich Text Editor Review | Accurate Reviews<\/title>\n<meta name=\"description\" content=\"Coda is a feature-rich text editor aimed at coders who like a sense of luxury. You\u2019ll find all the features you want close at hand\" \/>\n<meta name=\"robots\" content=\"index, follow, max-snippet:-1, max-image-preview:large, max-video-preview:-1\" \/>\n<link rel=\"canonical\" href=\"https:\/\/www.accuratereviews.com\/it\/i-migliori-text-editor-lista\/coda\/\" \/>\n<meta property=\"og:locale\" content=\"it_IT\" \/>\n<meta property=\"og:type\" content=\"article\" \/>\n<meta property=\"og:title\" content=\"Coda Best Feature-rich Text Editor Review | Accurate Reviews\" \/>\n<meta property=\"og:description\" content=\"Coda is a feature-rich text editor aimed at coders who like a sense of luxury. You\u2019ll find all the features you want close at hand\" \/>\n<meta property=\"og:url\" content=\"https:\/\/www.accuratereviews.com\/it\/i-migliori-text-editor-lista\/coda\/\" \/>\n<meta property=\"og:site_name\" content=\"Accurate Reviews\" \/>\n<meta property=\"article:modified_time\" content=\"2017-02-14T14:32:34+00:00\" \/>\n<meta property=\"og:image\" content=\"http:\/\/www.accuratereviews.com\/wp-content\/uploads\/2017\/02\/coda-.jpg\" \/>\n<meta name=\"twitter:card\" content=\"summary_large_image\" \/>\n<meta name=\"twitter:label1\" content=\"Tempo di lettura stimato\" \/>\n\t<meta name=\"twitter:data1\" content=\"2 minuti\" \/>\n<script type=\"application\/ld+json\" class=\"yoast-schema-graph\">{\"@context\":\"https:\\\/\\\/schema.org\",\"@graph\":[{\"@type\":\"WebPage\",\"@id\":\"https:\\\/\\\/www.accuratereviews.com\\\/it\\\/i-migliori-text-editor-lista\\\/coda\\\/\",\"url\":\"https:\\\/\\\/www.accuratereviews.com\\\/it\\\/i-migliori-text-editor-lista\\\/coda\\\/\",\"name\":\"Coda Best Feature-rich Text Editor Review | Accurate Reviews\",\"isPartOf\":{\"@id\":\"https:\\\/\\\/www.accuratereviews.com\\\/it\\\/#website\"},\"primaryImageOfPage\":{\"@id\":\"https:\\\/\\\/www.accuratereviews.com\\\/it\\\/i-migliori-text-editor-lista\\\/coda\\\/#primaryimage\"},\"image\":{\"@id\":\"https:\\\/\\\/www.accuratereviews.com\\\/it\\\/i-migliori-text-editor-lista\\\/coda\\\/#primaryimage\"},\"thumbnailUrl\":\"http:\\\/\\\/www.accuratereviews.com\\\/wp-content\\\/uploads\\\/2017\\\/02\\\/coda-.jpg\",\"datePublished\":\"2017-02-14T12:53:07+00:00\",\"dateModified\":\"2017-02-14T14:32:34+00:00\",\"description\":\"Coda is a feature-rich text editor aimed at coders who like a sense of luxury. You\u2019ll find all the features you want close at hand\",\"breadcrumb\":{\"@id\":\"https:\\\/\\\/www.accuratereviews.com\\\/it\\\/i-migliori-text-editor-lista\\\/coda\\\/#breadcrumb\"},\"inLanguage\":\"it-IT\",\"potentialAction\":[{\"@type\":\"ReadAction\",\"target\":[\"https:\\\/\\\/www.accuratereviews.com\\\/it\\\/i-migliori-text-editor-lista\\\/coda\\\/\"]}]},{\"@type\":\"ImageObject\",\"inLanguage\":\"it-IT\",\"@id\":\"https:\\\/\\\/www.accuratereviews.com\\\/it\\\/i-migliori-text-editor-lista\\\/coda\\\/#primaryimage\",\"url\":\"http:\\\/\\\/www.accuratereviews.com\\\/wp-content\\\/uploads\\\/2017\\\/02\\\/coda-.jpg\",\"contentUrl\":\"http:\\\/\\\/www.accuratereviews.com\\\/wp-content\\\/uploads\\\/2017\\\/02\\\/coda-.jpg\"},{\"@type\":\"BreadcrumbList\",\"@id\":\"https:\\\/\\\/www.accuratereviews.com\\\/it\\\/i-migliori-text-editor-lista\\\/coda\\\/#breadcrumb\",\"itemListElement\":[{\"@type\":\"ListItem\",\"position\":1,\"name\":\"Home\",\"item\":\"https:\\\/\\\/www.accuratereviews.com\\\/it\\\/\"},{\"@type\":\"ListItem\",\"position\":2,\"name\":\"I migliori text editor\",\"item\":\"https:\\\/\\\/www.accuratereviews.com\\\/it\\\/i-migliori-text-editor-lista\\\/\"},{\"@type\":\"ListItem\",\"position\":3,\"name\":\"Coda\"}]},{\"@type\":\"WebSite\",\"@id\":\"https:\\\/\\\/www.accuratereviews.com\\\/it\\\/#website\",\"url\":\"https:\\\/\\\/www.accuratereviews.com\\\/it\\\/\",\"name\":\"Accurate Reviews\",\"description\":\"\",\"potentialAction\":[{\"@type\":\"SearchAction\",\"target\":{\"@type\":\"EntryPoint\",\"urlTemplate\":\"https:\\\/\\\/www.accuratereviews.com\\\/it\\\/?s={search_term_string}\"},\"query-input\":{\"@type\":\"PropertyValueSpecification\",\"valueRequired\":true,\"valueName\":\"search_term_string\"}}],\"inLanguage\":\"it-IT\"}]}<\/script>\n<!-- \/ Yoast SEO plugin. -->","yoast_head_json":{"title":"Coda Best Feature-rich Text Editor Review | Accurate Reviews","description":"Coda is a feature-rich text editor aimed at coders who like a sense of luxury. You\u2019ll find all the features you want close at hand","robots":{"index":"index","follow":"follow","max-snippet":"max-snippet:-1","max-image-preview":"max-image-preview:large","max-video-preview":"max-video-preview:-1"},"canonical":"https:\/\/www.accuratereviews.com\/it\/i-migliori-text-editor-lista\/coda\/","og_locale":"it_IT","og_type":"article","og_title":"Coda Best Feature-rich Text Editor Review | Accurate Reviews","og_description":"Coda is a feature-rich text editor aimed at coders who like a sense of luxury. You\u2019ll find all the features you want close at hand","og_url":"https:\/\/www.accuratereviews.com\/it\/i-migliori-text-editor-lista\/coda\/","og_site_name":"Accurate Reviews","article_modified_time":"2017-02-14T14:32:34+00:00","og_image":[{"url":"http:\/\/www.accuratereviews.com\/wp-content\/uploads\/2017\/02\/coda-.jpg","type":"","width":"","height":""}],"twitter_card":"summary_large_image","twitter_misc":{"Tempo di lettura stimato":"2 minuti"},"schema":{"@context":"https:\/\/schema.org","@graph":[{"@type":"WebPage","@id":"https:\/\/www.accuratereviews.com\/it\/i-migliori-text-editor-lista\/coda\/","url":"https:\/\/www.accuratereviews.com\/it\/i-migliori-text-editor-lista\/coda\/","name":"Coda Best Feature-rich Text Editor Review | Accurate Reviews","isPartOf":{"@id":"https:\/\/www.accuratereviews.com\/it\/#website"},"primaryImageOfPage":{"@id":"https:\/\/www.accuratereviews.com\/it\/i-migliori-text-editor-lista\/coda\/#primaryimage"},"image":{"@id":"https:\/\/www.accuratereviews.com\/it\/i-migliori-text-editor-lista\/coda\/#primaryimage"},"thumbnailUrl":"http:\/\/www.accuratereviews.com\/wp-content\/uploads\/2017\/02\/coda-.jpg","datePublished":"2017-02-14T12:53:07+00:00","dateModified":"2017-02-14T14:32:34+00:00","description":"Coda is a feature-rich text editor aimed at coders who like a sense of luxury. You\u2019ll find all the features you want close at hand","breadcrumb":{"@id":"https:\/\/www.accuratereviews.com\/it\/i-migliori-text-editor-lista\/coda\/#breadcrumb"},"inLanguage":"it-IT","potentialAction":[{"@type":"ReadAction","target":["https:\/\/www.accuratereviews.com\/it\/i-migliori-text-editor-lista\/coda\/"]}]},{"@type":"ImageObject","inLanguage":"it-IT","@id":"https:\/\/www.accuratereviews.com\/it\/i-migliori-text-editor-lista\/coda\/#primaryimage","url":"http:\/\/www.accuratereviews.com\/wp-content\/uploads\/2017\/02\/coda-.jpg","contentUrl":"http:\/\/www.accuratereviews.com\/wp-content\/uploads\/2017\/02\/coda-.jpg"},{"@type":"BreadcrumbList","@id":"https:\/\/www.accuratereviews.com\/it\/i-migliori-text-editor-lista\/coda\/#breadcrumb","itemListElement":[{"@type":"ListItem","position":1,"name":"Home","item":"https:\/\/www.accuratereviews.com\/it\/"},{"@type":"ListItem","position":2,"name":"I migliori text editor","item":"https:\/\/www.accuratereviews.com\/it\/i-migliori-text-editor-lista\/"},{"@type":"ListItem","position":3,"name":"Coda"}]},{"@type":"WebSite","@id":"https:\/\/www.accuratereviews.com\/it\/#website","url":"https:\/\/www.accuratereviews.com\/it\/","name":"Accurate Reviews","description":"","potentialAction":[{"@type":"SearchAction","target":{"@type":"EntryPoint","urlTemplate":"https:\/\/www.accuratereviews.com\/it\/?s={search_term_string}"},"query-input":{"@type":"PropertyValueSpecification","valueRequired":true,"valueName":"search_term_string"}}],"inLanguage":"it-IT"}]}},"_links":{"self":[{"href":"https:\/\/www.accuratereviews.com\/it\/wp-json\/wp\/v2\/pages\/7944","targetHints":{"allow":["GET"]}}],"collection":[{"href":"https:\/\/www.accuratereviews.com\/it\/wp-json\/wp\/v2\/pages"}],"about":[{"href":"https:\/\/www.accuratereviews.com\/it\/wp-json\/wp\/v2\/types\/page"}],"author":[{"embeddable":true,"href":"https:\/\/www.accuratereviews.com\/it\/wp-json\/wp\/v2\/users\/16"}],"replies":[{"embeddable":true,"href":"https:\/\/www.accuratereviews.com\/it\/wp-json\/wp\/v2\/comments?post=7944"}],"version-history":[{"count":2,"href":"https:\/\/www.accuratereviews.com\/it\/wp-json\/wp\/v2\/pages\/7944\/revisions"}],"predecessor-version":[{"id":7946,"href":"https:\/\/www.accuratereviews.com\/it\/wp-json\/wp\/v2\/pages\/7944\/revisions\/7946"}],"up":[{"embeddable":true,"href":"https:\/\/www.accuratereviews.com\/it\/wp-json\/wp\/v2\/pages\/7660"}],"wp:attachment":[{"href":"https:\/\/www.accuratereviews.com\/it\/wp-json\/wp\/v2\/media?parent=7944"}],"wp:term":[{"taxonomy":"category","embeddable":true,"href":"https:\/\/www.accuratereviews.com\/it\/wp-json\/wp\/v2\/categories?post=7944"},{"taxonomy":"post_tag","embeddable":true,"href":"https:\/\/www.accuratereviews.com\/it\/wp-json\/wp\/v2\/tags?post=7944"},{"taxonomy":"features","embeddable":true,"href":"https:\/\/www.accuratereviews.com\/it\/wp-json\/wp\/v2\/features?post=7944"}],"curies":[{"name":"wp","href":"https:\/\/api.w.org\/{rel}","templated":true}]}}