{"id":79488,"date":"2024-10-15T19:16:11","date_gmt":"2024-10-15T19:16:11","guid":{"rendered":"https:\/\/www.accuratereviews.com\/?page_id=79488"},"modified":"2024-10-15T19:16:11","modified_gmt":"2024-10-15T19:16:11","slug":"gelato-globe-recensione","status":"publish","type":"page","link":"https:\/\/www.accuratereviews.com\/it\/software-gestione-brand\/gelato-globe-recensione\/","title":{"rendered":"Gelato Globe"},"content":{"rendered":"<p><strong>Gelato Globe <\/strong>\u00e8 una <strong>piattaforma di gestione del marchio digitale<\/strong> con stampa locale per organizzazioni multi-ufficio e\/o multinazionali che utilizzano stampe come materiali di vendita e marketing, biglietti da visita e cancelleria, su pi\u00f9 sedi. Assegna in modo intelligente gli ordini alle tipografie digitali pi\u00f9 vicine all&#8217;indirizzo di consegna utilizzando la rete mondiale di stampanti professionali, contribuendo a ridurre le distanze di spedizione e a minimizzare i tempi di consegna. I file di stampa vengono caricati sulla piattaforma e possono essere consultati, modificati e ordinati dai team su pi\u00f9 sedi, consentendo contenuti personalizzati e mirati adatti ai mercati locali. L&#8217;integrazione con strumenti di progettazione comunemente utilizzati come la suite<strong> Adobe e Monotype<\/strong>, insieme all&#8217;archiviazione cloud come <strong>Google Drive e Dropbox<\/strong>, contribuisce a rendere il processo fluido e intuitivo. <strong>Gelato Globe<\/strong> facilita l&#8217;ordinazione, l&#8217;allocazione dei costi e la rendicontazione e i pagamenti possono essere effettuati nella valuta preferita dall&#8217;utente, rimuovendo ulteriormente l&#8217;amministrazione.<\/p>\n<h2>GELATO GLOBE &#8211; \u00a0TUTORIAL<\/h2>\n<div id=\"fluid-wrapper-counter-1\" class=\"g1-fluid-wrapper \" style=\"width:686px;\">\n<div style=\"padding-bottom:56.268221574344%;\"><iframe loading=\"lazy\" title=\"Gelato | Journey of an Idea\" width=\"686\" height=\"386\" src=\"https:\/\/www.youtube.com\/embed\/uGhVB-k6ZKA?feature=oembed&amp;wmode=transparent&amp;autohide=1&amp;autoplay=0&amp;disablekb=0&amp;fs=1&amp;loop=0&amp;enablejsapi=1&amp;rel=0&amp;controls=2&amp;showinfo=0&amp;wmode=transparent&amp;autohide=2&amp;autoplay=0&amp;disablekb=0&amp;fs=1&amp;loop=0&amp;enablejsapi=1&amp;rel=0&amp;controls=2&amp;showinfo=1\" frameborder=\"0\" allow=\"accelerometer; autoplay; clipboard-write; encrypted-media; gyroscope; picture-in-picture; web-share\" referrerpolicy=\"strict-origin-when-cross-origin\" allowfullscreen><\/iframe><\/div>\n<\/div>\n<h3>GELATO GLOBE &#8211; \u00a0CARATTERISTICHE<\/h3>\n<ul>\n<li>Converti la tua passione in profitto con la pi\u00f9 grande rete di stampa su richiesta al mondo.<\/li>\n<li>Crea prodotti che i tuoi clienti apprezzeranno durante il periodo natalizio<\/li>\n<li>Produci localmente, vendi globalmente<\/li>\n<li>Prodotti di qualit\u00e0 superiore<\/li>\n<li>60+partner per la logistica<\/li>\n<li>Creativit\u00e0 senza limiti con le immagini di Shutterstock<\/li>\n<li>Integrazione a portata di clic con le principali piattaforme di ecommerce<\/li>\n<li>Aumenta l&#8217;efficienza, riduci i costi e automatizza al meglio i processi grazie alla suite completa di software per l&#8217;industria della stampa<\/li>\n<li>Scopri come le app e software possono aiutarti nell&#8217;attirare nuovi clienti e massimizzare i profitti<\/li>\n<li>Risparmia tempo mentre Personalized Studio automatizza le attivit\u00e0 di progettazione per te. Niente pi\u00f9 regolazioni manuali: concentrati sulla creativit\u00e0<\/li>\n<li>Con i potenti strumenti di prototipazione, puoi creare rapidamente e facilmente anteprime online <b><\/b>per i tuoi prodotti.<\/li>\n<li>Ottieni informazioni preziose sul comportamento dei clienti, sulle tendenze di vendita e sulle prestazioni aziendali.<\/li>\n<li>L&#8217;app per dispositivi mobili ti consente di gestire facilmente la tua attivit\u00e0 mentre sei in movimento<\/li>\n<\/ul>\n<h4>LE RECENSIONI DEGLI UTENTI<\/h4>\n<p><strong>GK &#8220;Stampa su richiesta facile da usare&#8221;<\/strong><br \/>\n<strong>Commenti<\/strong>: Molto buono. Il supporto clienti \u00e8 eccezionale. Risposte tramite chat online quasi istantanee&#8230; con un essere umano. Risoluzione precisa delle query.<br \/>\n<strong>Pro<\/strong>: Si integra molto facilmente con le piattaforme Shopify ed Etsy. La qualit\u00e0 di stampa \u00e8 fedele ai design caricati. Le notifiche sono chiare e il processo di ordine\/stampa \u00e8 fluido.<br \/>\n<strong>Contro<\/strong>: Filtrare i prodotti esistenti \u00e8 macchinoso. La spedizione \u00e8 un grattacapo&#8230; ma non \u00e8 colpa di Gelato.<\/p>\n<p><strong>Gilbert &#8220;Aumentare l&#8217;efficienza del marketing&#8221;<\/strong><br \/>\n<strong>Commenti<\/strong>: Risparmi sui costi per le stampe, maggiore efficienza nel raggiungere i nostri gruppi target, maggiore valore (di nuovo) per i materiali stampati, sostegno agli sforzi di globalizzazione.<br \/>\n<strong>Pro<\/strong>: Gelato offre un concetto convincente, che consente di stampare brochure e altri materiali di marketing su richiesta e direttamente nei mercati in cui dovrebbero essere spediti. Ci\u00f2 consente di risparmiare enormemente sui costi di stampa, ma aumenta anche l&#8217;efficienza del marketing.<br \/>\n<strong>Contro<\/strong>: A volte le impostazioni di stampa e le modalit\u00e0 colore cambiano troppo spesso &#8211; capisco che questo \u00e8 per garantire la qualit\u00e0, ma alla fine crea lavoro aggiuntivo.<\/p>\n<p><strong>Vadim &#8220;Buon supporto, consegna veloce, un po&#8217; caro&#8221;<\/strong><br \/>\n<strong>Pro<\/strong>: Il team di supporto di Gellato mi aiuta, quindi non posso dire nulla. Posso solo ringraziare il team di Gelato per il supporto rapido e l&#8217;esecuzione rapida<\/p>\n","protected":false},"excerpt":{"rendered":"<p>Gelato Globe \u00e8 una piattaforma di gestione del marchio digitale con stampa locale per organizzazioni multi-ufficio e\/o multinazionali che utilizzano stampe come materiali di vendita e marketing, biglietti da visita e cancelleria, su pi\u00f9 sedi. Assegna in modo intelligente gli ordini alle tipografie digitali pi\u00f9 vicine all&#8217;indirizzo di consegna utilizzando la rete mondiale di stampanti professionali, contribuendo a ridurre le distanze di spedizione e a minimizzare i tempi di consegna.<\/p>\n","protected":false},"author":19,"featured_media":79489,"parent":44787,"menu_order":0,"comment_status":"open","ping_status":"closed","template":"g1_template_page_review_new.php","meta":{"_acf_changed":false,"cwp_meta_box_check":"Yes","cwp_rev_product_name":"","cwp_rev_product_image":"","wppr_links":[],"cwp_rev_price":"0.00","wppr_options":[{"name":"Usability","value":"0"},{"name":"Speed","value":"0"},{"name":"Features","value":"0"},{"name":"Support","value":"0"},{"name":"Pricing","value":"0"}],"wppr_pros":["","","","",""],"wppr_cons":["","","","",""],"_monsterinsights_skip_tracking":false,"_monsterinsights_sitenote_active":false,"_monsterinsights_sitenote_note":"","_monsterinsights_sitenote_category":0,"footnotes":""},"categories":[10573],"tags":[15361,10577,10580,10579,10575,10582],"features":[],"class_list":{"0":"post-79488","1":"page","2":"type-page","3":"status-publish","4":"has-post-thumbnail","6":"category-software-gestione-brand-categoria","7":"tag-gelato-globe","8":"tag-gestione-brand","9":"tag-piattaforma-gestione-brand","10":"tag-programma-gestione-brand","11":"tag-software-gestione-brand","12":"tag-soluzione-gestione-brand"},"wppr_data":{"cwp_meta_box_check":"Yes","_wppr_review_template":"default","cwp_rev_product_image":"","cwp_image_link":"image","wppr_links":[],"cwp_rev_price":"0.00","wppr_pros":["","","","",""],"wppr_cons":["","","","",""],"wppr_rating":"0.00","wppr_options":{"1":{"name":"Usability","value":"0"},"2":{"name":"Speed","value":"0"},"3":{"name":"Features","value":"0"},"4":{"name":"Support","value":"0"},"5":{"name":"Pricing","value":"0"}},"wppr_review_type":"Product","wppr_review_custom_fields":{"additionalProperty":"","additionalType":"","aggregateRating":"","alternateName":"","audience":"","award":"","awards":"","brand":"","color":"","depth":"","description":"","disambiguatingDescription":"","gtin12":"","gtin13":"","gtin14":"","gtin8":"","height":"","identifier":"","image":"","isAccessoryOrSparePartFor":"","isConsumableFor":"","isRelatedTo":"","isSimilarTo":"","itemCondition":"","logo":"","mainEntityOfPage":"","manufacturer":"","material":"","model":"","mpn":"","name":"","offers":"","potentialAction":"","productID":"","productionDate":"","purchaseDate":"","releaseDate":"","review":"","reviews":"","sameAs":"","sku":"","slogan":"","subjectOf":"","url":"","weight":"","width":""}},"acf":[],"yoast_head":"<!-- This site is optimized with the Yoast SEO plugin v27.4 - https:\/\/yoast.com\/product\/yoast-seo-wordpress\/ -->\n<title>Gelato Globe: recensione software gestione brand - Accurate Reviews<\/title>\n<meta name=\"description\" content=\"Gelato Globe: recensione piattaforma di gestione del marchio digitale con stampa locale per organizzazioni multi-ufficio e\/o multinazionali.\" \/>\n<meta name=\"robots\" content=\"index, follow, max-snippet:-1, max-image-preview:large, max-video-preview:-1\" \/>\n<link rel=\"canonical\" href=\"https:\/\/www.accuratereviews.com\/it\/software-gestione-brand\/gelato-globe-recensione\/\" \/>\n<meta property=\"og:locale\" content=\"it_IT\" \/>\n<meta property=\"og:type\" content=\"article\" \/>\n<meta property=\"og:title\" content=\"Gelato Globe: recensione software gestione brand - Accurate Reviews\" \/>\n<meta property=\"og:description\" content=\"Gelato Globe: recensione piattaforma di gestione del marchio digitale con stampa locale per organizzazioni multi-ufficio e\/o multinazionali.\" \/>\n<meta property=\"og:url\" content=\"https:\/\/www.accuratereviews.com\/it\/software-gestione-brand\/gelato-globe-recensione\/\" \/>\n<meta property=\"og:site_name\" content=\"Accurate Reviews\" \/>\n<meta name=\"twitter:card\" content=\"summary_large_image\" \/>\n<meta name=\"twitter:label1\" content=\"Tempo di lettura stimato\" \/>\n\t<meta name=\"twitter:data1\" content=\"4 minuti\" \/>\n<script type=\"application\/ld+json\" class=\"yoast-schema-graph\">{\"@context\":\"https:\\\/\\\/schema.org\",\"@graph\":[{\"@type\":\"WebPage\",\"@id\":\"https:\\\/\\\/www.accuratereviews.com\\\/it\\\/software-gestione-brand\\\/gelato-globe-recensione\\\/\",\"url\":\"https:\\\/\\\/www.accuratereviews.com\\\/it\\\/software-gestione-brand\\\/gelato-globe-recensione\\\/\",\"name\":\"Gelato Globe: recensione software gestione brand - Accurate Reviews\",\"isPartOf\":{\"@id\":\"https:\\\/\\\/www.accuratereviews.com\\\/it\\\/#website\"},\"primaryImageOfPage\":{\"@id\":\"https:\\\/\\\/www.accuratereviews.com\\\/it\\\/software-gestione-brand\\\/gelato-globe-recensione\\\/#primaryimage\"},\"image\":{\"@id\":\"https:\\\/\\\/www.accuratereviews.com\\\/it\\\/software-gestione-brand\\\/gelato-globe-recensione\\\/#primaryimage\"},\"thumbnailUrl\":\"https:\\\/\\\/www.accuratereviews.com\\\/wp-content\\\/uploads\\\/2024\\\/10\\\/Gelato-Globe.avif\",\"datePublished\":\"2024-10-15T19:16:11+00:00\",\"description\":\"Gelato Globe: recensione piattaforma di gestione del marchio digitale con stampa locale per organizzazioni multi-ufficio e\\\/o multinazionali.\",\"breadcrumb\":{\"@id\":\"https:\\\/\\\/www.accuratereviews.com\\\/it\\\/software-gestione-brand\\\/gelato-globe-recensione\\\/#breadcrumb\"},\"inLanguage\":\"it-IT\",\"potentialAction\":[{\"@type\":\"ReadAction\",\"target\":[\"https:\\\/\\\/www.accuratereviews.com\\\/it\\\/software-gestione-brand\\\/gelato-globe-recensione\\\/\"]}]},{\"@type\":\"ImageObject\",\"inLanguage\":\"it-IT\",\"@id\":\"https:\\\/\\\/www.accuratereviews.com\\\/it\\\/software-gestione-brand\\\/gelato-globe-recensione\\\/#primaryimage\",\"url\":\"https:\\\/\\\/www.accuratereviews.com\\\/wp-content\\\/uploads\\\/2024\\\/10\\\/Gelato-Globe.avif\",\"contentUrl\":\"https:\\\/\\\/www.accuratereviews.com\\\/wp-content\\\/uploads\\\/2024\\\/10\\\/Gelato-Globe.avif\",\"width\":270,\"height\":270},{\"@type\":\"BreadcrumbList\",\"@id\":\"https:\\\/\\\/www.accuratereviews.com\\\/it\\\/software-gestione-brand\\\/gelato-globe-recensione\\\/#breadcrumb\",\"itemListElement\":[{\"@type\":\"ListItem\",\"position\":1,\"name\":\"Home\",\"item\":\"https:\\\/\\\/www.accuratereviews.com\\\/it\\\/\"},{\"@type\":\"ListItem\",\"position\":2,\"name\":\"Software per la gestione dei brand\",\"item\":\"https:\\\/\\\/www.accuratereviews.com\\\/it\\\/software-gestione-brand\\\/\"},{\"@type\":\"ListItem\",\"position\":3,\"name\":\"Gelato Globe\"}]},{\"@type\":\"WebSite\",\"@id\":\"https:\\\/\\\/www.accuratereviews.com\\\/it\\\/#website\",\"url\":\"https:\\\/\\\/www.accuratereviews.com\\\/it\\\/\",\"name\":\"Accurate Reviews\",\"description\":\"\",\"potentialAction\":[{\"@type\":\"SearchAction\",\"target\":{\"@type\":\"EntryPoint\",\"urlTemplate\":\"https:\\\/\\\/www.accuratereviews.com\\\/it\\\/?s={search_term_string}\"},\"query-input\":{\"@type\":\"PropertyValueSpecification\",\"valueRequired\":true,\"valueName\":\"search_term_string\"}}],\"inLanguage\":\"it-IT\"}]}<\/script>\n<!-- \/ Yoast SEO plugin. -->","yoast_head_json":{"title":"Gelato Globe: recensione software gestione brand - Accurate Reviews","description":"Gelato Globe: recensione piattaforma di gestione del marchio digitale con stampa locale per organizzazioni multi-ufficio e\/o multinazionali.","robots":{"index":"index","follow":"follow","max-snippet":"max-snippet:-1","max-image-preview":"max-image-preview:large","max-video-preview":"max-video-preview:-1"},"canonical":"https:\/\/www.accuratereviews.com\/it\/software-gestione-brand\/gelato-globe-recensione\/","og_locale":"it_IT","og_type":"article","og_title":"Gelato Globe: recensione software gestione brand - Accurate Reviews","og_description":"Gelato Globe: recensione piattaforma di gestione del marchio digitale con stampa locale per organizzazioni multi-ufficio e\/o multinazionali.","og_url":"https:\/\/www.accuratereviews.com\/it\/software-gestione-brand\/gelato-globe-recensione\/","og_site_name":"Accurate Reviews","twitter_card":"summary_large_image","twitter_misc":{"Tempo di lettura stimato":"4 minuti"},"schema":{"@context":"https:\/\/schema.org","@graph":[{"@type":"WebPage","@id":"https:\/\/www.accuratereviews.com\/it\/software-gestione-brand\/gelato-globe-recensione\/","url":"https:\/\/www.accuratereviews.com\/it\/software-gestione-brand\/gelato-globe-recensione\/","name":"Gelato Globe: recensione software gestione brand - Accurate Reviews","isPartOf":{"@id":"https:\/\/www.accuratereviews.com\/it\/#website"},"primaryImageOfPage":{"@id":"https:\/\/www.accuratereviews.com\/it\/software-gestione-brand\/gelato-globe-recensione\/#primaryimage"},"image":{"@id":"https:\/\/www.accuratereviews.com\/it\/software-gestione-brand\/gelato-globe-recensione\/#primaryimage"},"thumbnailUrl":"https:\/\/www.accuratereviews.com\/wp-content\/uploads\/2024\/10\/Gelato-Globe.avif","datePublished":"2024-10-15T19:16:11+00:00","description":"Gelato Globe: recensione piattaforma di gestione del marchio digitale con stampa locale per organizzazioni multi-ufficio e\/o multinazionali.","breadcrumb":{"@id":"https:\/\/www.accuratereviews.com\/it\/software-gestione-brand\/gelato-globe-recensione\/#breadcrumb"},"inLanguage":"it-IT","potentialAction":[{"@type":"ReadAction","target":["https:\/\/www.accuratereviews.com\/it\/software-gestione-brand\/gelato-globe-recensione\/"]}]},{"@type":"ImageObject","inLanguage":"it-IT","@id":"https:\/\/www.accuratereviews.com\/it\/software-gestione-brand\/gelato-globe-recensione\/#primaryimage","url":"https:\/\/www.accuratereviews.com\/wp-content\/uploads\/2024\/10\/Gelato-Globe.avif","contentUrl":"https:\/\/www.accuratereviews.com\/wp-content\/uploads\/2024\/10\/Gelato-Globe.avif","width":270,"height":270},{"@type":"BreadcrumbList","@id":"https:\/\/www.accuratereviews.com\/it\/software-gestione-brand\/gelato-globe-recensione\/#breadcrumb","itemListElement":[{"@type":"ListItem","position":1,"name":"Home","item":"https:\/\/www.accuratereviews.com\/it\/"},{"@type":"ListItem","position":2,"name":"Software per la gestione dei brand","item":"https:\/\/www.accuratereviews.com\/it\/software-gestione-brand\/"},{"@type":"ListItem","position":3,"name":"Gelato Globe"}]},{"@type":"WebSite","@id":"https:\/\/www.accuratereviews.com\/it\/#website","url":"https:\/\/www.accuratereviews.com\/it\/","name":"Accurate Reviews","description":"","potentialAction":[{"@type":"SearchAction","target":{"@type":"EntryPoint","urlTemplate":"https:\/\/www.accuratereviews.com\/it\/?s={search_term_string}"},"query-input":{"@type":"PropertyValueSpecification","valueRequired":true,"valueName":"search_term_string"}}],"inLanguage":"it-IT"}]}},"_links":{"self":[{"href":"https:\/\/www.accuratereviews.com\/it\/wp-json\/wp\/v2\/pages\/79488","targetHints":{"allow":["GET"]}}],"collection":[{"href":"https:\/\/www.accuratereviews.com\/it\/wp-json\/wp\/v2\/pages"}],"about":[{"href":"https:\/\/www.accuratereviews.com\/it\/wp-json\/wp\/v2\/types\/page"}],"author":[{"embeddable":true,"href":"https:\/\/www.accuratereviews.com\/it\/wp-json\/wp\/v2\/users\/19"}],"replies":[{"embeddable":true,"href":"https:\/\/www.accuratereviews.com\/it\/wp-json\/wp\/v2\/comments?post=79488"}],"version-history":[{"count":4,"href":"https:\/\/www.accuratereviews.com\/it\/wp-json\/wp\/v2\/pages\/79488\/revisions"}],"predecessor-version":[{"id":79498,"href":"https:\/\/www.accuratereviews.com\/it\/wp-json\/wp\/v2\/pages\/79488\/revisions\/79498"}],"up":[{"embeddable":true,"href":"https:\/\/www.accuratereviews.com\/it\/wp-json\/wp\/v2\/pages\/44787"}],"wp:featuredmedia":[{"embeddable":true,"href":"https:\/\/www.accuratereviews.com\/it\/wp-json\/wp\/v2\/media\/79489"}],"wp:attachment":[{"href":"https:\/\/www.accuratereviews.com\/it\/wp-json\/wp\/v2\/media?parent=79488"}],"wp:term":[{"taxonomy":"category","embeddable":true,"href":"https:\/\/www.accuratereviews.com\/it\/wp-json\/wp\/v2\/categories?post=79488"},{"taxonomy":"post_tag","embeddable":true,"href":"https:\/\/www.accuratereviews.com\/it\/wp-json\/wp\/v2\/tags?post=79488"},{"taxonomy":"features","embeddable":true,"href":"https:\/\/www.accuratereviews.com\/it\/wp-json\/wp\/v2\/features?post=79488"}],"curies":[{"name":"wp","href":"https:\/\/api.w.org\/{rel}","templated":true}]}}