{"id":79534,"date":"2024-10-16T19:58:54","date_gmt":"2024-10-16T19:58:54","guid":{"rendered":"https:\/\/www.accuratereviews.com\/?page_id=79534"},"modified":"2024-10-17T08:53:55","modified_gmt":"2024-10-17T08:53:55","slug":"yohn-recensione","status":"publish","type":"page","link":"https:\/\/www.accuratereviews.com\/it\/software-gestione-brand\/yohn-recensione\/","title":{"rendered":"Yohn"},"content":{"rendered":"<p><strong>Yohn<\/strong>\u00a0\u00e8 uno <strong>strumento all-in-one<\/strong> che include un generatore di codici <strong>QR<\/strong>, un accorciatore di URL personalizzato e una piattaforma per creare e gestire biglietti da visita digitali. Che tu stia condividendo contenuti online o in formato cartaceo, o scambiando contatti a un evento di networking, la soluzione \u00e8 l\u00ec per consegnare le tue informazioni al destinatario senza problemi e fornire preziose informazioni su come gli utenti interagiscono con i tuoi link, codici QR e biglietti da visita.<br \/>\nSviluppato utilizzando l&#8217;affidabile ed efficiente piattaforma AWS, <strong>Yohn<\/strong> funziona velocemente, garantisce tempi di attivit\u00e0 senza pari e bassi costi di gestione. D\u00e0 priorit\u00e0 alla protezione della privacy di alta qualit\u00e0 per impostazione predefinita e pu\u00f2 essere ospitato nell&#8217;account AWS del cliente, garantendo un livello di sicurezza ancora pi\u00f9 elevato.<\/p>\n<h2><a href=\"https:\/\/www.accuratereviews.com\/wp-content\/uploads\/2024\/10\/Screenshot-2024-10-16-alle-10.38.28.png\"><img loading=\"lazy\" decoding=\"async\" class=\"size-large wp-image-79541 aligncenter\" src=\"https:\/\/www.accuratereviews.com\/wp-content\/uploads\/2024\/10\/Screenshot-2024-10-16-alle-10.38.28-1024x960.png\" alt=\"\" width=\"686\" height=\"643\" srcset=\"https:\/\/www.accuratereviews.com\/wp-content\/uploads\/2024\/10\/Screenshot-2024-10-16-alle-10.38.28-1024x960.png 1024w, https:\/\/www.accuratereviews.com\/wp-content\/uploads\/2024\/10\/Screenshot-2024-10-16-alle-10.38.28-300x281.png 300w, https:\/\/www.accuratereviews.com\/wp-content\/uploads\/2024\/10\/Screenshot-2024-10-16-alle-10.38.28-768x720.png 768w, https:\/\/www.accuratereviews.com\/wp-content\/uploads\/2024\/10\/Screenshot-2024-10-16-alle-10.38.28-50x47.png 50w, https:\/\/www.accuratereviews.com\/wp-content\/uploads\/2024\/10\/Screenshot-2024-10-16-alle-10.38.28-133x125.png 133w, https:\/\/www.accuratereviews.com\/wp-content\/uploads\/2024\/10\/Screenshot-2024-10-16-alle-10.38.28-968x908.png 968w, https:\/\/www.accuratereviews.com\/wp-content\/uploads\/2024\/10\/Screenshot-2024-10-16-alle-10.38.28-636x596.png 636w, https:\/\/www.accuratereviews.com\/wp-content\/uploads\/2024\/10\/Screenshot-2024-10-16-alle-10.38.28-320x300.png 320w, https:\/\/www.accuratereviews.com\/wp-content\/uploads\/2024\/10\/Screenshot-2024-10-16-alle-10.38.28-239x224.png 239w, https:\/\/www.accuratereviews.com\/wp-content\/uploads\/2024\/10\/Screenshot-2024-10-16-alle-10.38.28.png 1030w\" sizes=\"auto, (max-width: 686px) 100vw, 686px\" \/><\/a><\/h2>\n<h2>YOHN &#8211; CARATTERISTICHE<\/h2>\n<ul>\n<li>Codici QR puliti e facili da scansionare<\/li>\n<li>I QR non scadono mai<\/li>\n<li>Monitora e analizza le scansioni QR del tuo pubblico<\/li>\n<li>Aggiorna la destinazione senza modificare il QR<\/li>\n<li>URL, vCard, testo e altre destinazioni supportate<\/li>\n<li>Crea URL brevi con il tuo dominio<\/li>\n<li>Monitora e analizza i clic<\/li>\n<li>Aggiorna gli URL di destinazione senza modificare lo shortlink<\/li>\n<li>Importa\/modifica i link in blocco<\/li>\n<li>Conforme al GDPR<\/li>\n<li>Biglietti da visita digitali brandizzati per singoli e team<\/li>\n<li>Sempre a portata di mano nel tuo Apple\/Google Wallet<\/li>\n<li>Condividi i tuoi dati di contatto e altro ancora con un elegante codice QR<\/li>\n<li>Landing page con moduli di contatto<\/li>\n<li>Create e aggiornate in blocco con importazioni da Google Workspace o qualsiasi software HR<\/li>\n<li>Link brandizzati, reindirizzamenti e codici QR illimitati<\/li>\n<li>Collega i tuoi domini<\/li>\n<li>Analisi dei dati<\/li>\n<li>Fino a 5 vCard<\/li>\n<li>Autenticazione multifattoriale<\/li>\n<\/ul>\n<h3>LE RECENSIONI DEGLI UTENTI<\/h3>\n<p><strong>Brett &#8220;Il mio collegamento si \u00e8 accorciato ma i miei soldi sono aumentati!&#8221;<\/strong><br \/>\n<strong>Commenti<\/strong>: Yohn mi ha aiutato molto con il marketing e il branding. A nessuno piacciono i collegamenti lunghi, non si adattano dove ti servono, sono difficili da leggere e difficili da trasmettere, \u00e8 un brutto aspetto. Yohn rende l&#8217;accorciamento dei collegamenti un gioco da ragazzi, puoi farlo in pochi secondi!! Ti d\u00e0 anche la possibilit\u00e0 di personalizzare\/brandizzare il tuo link, il che \u00e8 fantastico!! Mi piace anche poter visualizzare le analisi dei miei collegamenti e vedere come stanno andando!<br \/>\n<strong>Pro<\/strong>: Adoro quanto la piattaforma sia diretta al punto e facile da usare. Crea un account e puoi iniziare ad accorciare i collegamenti in meno di un minuto!!<br \/>\n<strong>Contro<\/strong>: Mi piacerebbe vederlo diventare pi\u00f9 economico o offrire un piano GRATUITO permanente.<\/p>\n<p><strong>Alexander &#8220;Colibri.live come applicazione per l&#8217;abbreviazione dell&#8217;URL&#8221;<\/strong><br \/>\n<strong>Commenti<\/strong>: L&#8217;utilizzo dell&#8217;applicazione Colibri \u00e8 stata un&#8217;esperienza fluida. L&#8217;interfaccia utente \u00e8 intuitiva e user-friendly, rendendo semplice la creazione e la gestione di link abbreviati. La velocit\u00e0 del servizio \u00e8 impressionante e non ho riscontrato alcun periodo di inattivit\u00e0. Nel complesso, sono molto soddisfatto delle prestazioni e dell&#8217;affidabilit\u00e0 di questa applicazione e la consiglierei vivamente ad altri. Certo, c&#8217;\u00e8 il potenziale per la rottura dei link, ma questo \u00e8 un problema comune con qualsiasi servizio di abbreviazione URL. I vantaggi dell&#8217;utilizzo dell&#8217;applicazione Shortening URL superano di gran lunga qualsiasi potenziale contro. Dal semplice ed efficiente processo di creazione e gestione dei link, all&#8217;interfaccia user-friendly, all&#8217;impressionante velocit\u00e0 e affidabilit\u00e0 del servizio, i vantaggi dell&#8217;utilizzo di questa applicazione sono numerosi. Non perdere l&#8217;opportunit\u00e0 di semplificare i tuoi processi di gestione dei link e migliorare la presenza online del tuo marchio. Prova l&#8217;applicazione Colibri oggi stesso.<br \/>\n<strong>Pro<\/strong>: \u2022Processo semplice ed efficiente di creazione e gestione di link abbreviati.\u2022Interfaccia intuitiva e di facile navigazione.\u2022Velocit\u00e0 impressionante del servizio senza tempi di inattivit\u00e0.\u2022Alto livello di prestazioni e affidabilit\u00e0, per una maggiore tranquillit\u00e0.\u2022Forte raccomandazione basata sulla soddisfazione complessiva dell&#8217;applicazione.<br \/>\n<strong>Contro<\/strong>: \u2022Rischio di interruzione del collegamento: il servizio di abbreviazione potrebbe non funzionare pi\u00f9 oppure il collegamento originale potrebbe cambiare, creando un collegamento interrotto che porta a una pagina di errore.<\/p>\n","protected":false},"excerpt":{"rendered":"<p>Yohn\u00a0\u00e8 uno strumento all-in-one che include un generatore di codici QR, un accorciatore di URL personalizzato e una piattaforma per creare e gestire biglietti da visita digitali. Che tu stia condividendo contenuti online o in formato cartaceo, o scambiando contatti a un evento di networking, la soluzione \u00e8 l\u00ec per consegnare le tue informazioni al destinatario senza problemi e fornire preziose informazioni su come gli utenti interagiscono con i tuoi link, codici QR e biglietti da visita.<\/p>\n","protected":false},"author":19,"featured_media":79535,"parent":44787,"menu_order":0,"comment_status":"open","ping_status":"closed","template":"g1_template_page_review_new.php","meta":{"_acf_changed":false,"cwp_meta_box_check":"Yes","cwp_rev_product_name":"","cwp_rev_product_image":"","wppr_links":[],"cwp_rev_price":"0.00","wppr_options":[{"name":"Usability","value":"0"},{"name":"Speed","value":"0"},{"name":"Features","value":"0"},{"name":"Support","value":"0"},{"name":"Pricing","value":"0"}],"wppr_pros":["","","","",""],"wppr_cons":["","","","",""],"_monsterinsights_skip_tracking":false,"_monsterinsights_sitenote_active":false,"_monsterinsights_sitenote_note":"","_monsterinsights_sitenote_category":0,"footnotes":""},"categories":[10573],"tags":[10577,10580,10579,10575,10582,15370],"features":[],"class_list":{"0":"post-79534","1":"page","2":"type-page","3":"status-publish","4":"has-post-thumbnail","6":"category-software-gestione-brand-categoria","7":"tag-gestione-brand","8":"tag-piattaforma-gestione-brand","9":"tag-programma-gestione-brand","10":"tag-software-gestione-brand","11":"tag-soluzione-gestione-brand","12":"tag-yohn"},"wppr_data":{"cwp_meta_box_check":"Yes","_wppr_review_template":"default","cwp_rev_product_image":"","cwp_image_link":"image","wppr_links":[],"cwp_rev_price":"0.00","wppr_pros":["","","","",""],"wppr_cons":["","","","",""],"wppr_rating":"0.00","wppr_options":{"1":{"name":"Usability","value":"0"},"2":{"name":"Speed","value":"0"},"3":{"name":"Features","value":"0"},"4":{"name":"Support","value":"0"},"5":{"name":"Pricing","value":"0"}},"wppr_review_type":"Product","wppr_review_custom_fields":{"additionalProperty":"","additionalType":"","aggregateRating":"","alternateName":"","audience":"","award":"","awards":"","brand":"","color":"","depth":"","description":"","disambiguatingDescription":"","gtin12":"","gtin13":"","gtin14":"","gtin8":"","height":"","identifier":"","image":"","isAccessoryOrSparePartFor":"","isConsumableFor":"","isRelatedTo":"","isSimilarTo":"","itemCondition":"","logo":"","mainEntityOfPage":"","manufacturer":"","material":"","model":"","mpn":"","name":"","offers":"","potentialAction":"","productID":"","productionDate":"","purchaseDate":"","releaseDate":"","review":"","reviews":"","sameAs":"","sku":"","slogan":"","subjectOf":"","url":"","weight":"","width":""}},"acf":[],"yoast_head":"<!-- This site is optimized with the Yoast SEO plugin v27.4 - https:\/\/yoast.com\/product\/yoast-seo-wordpress\/ -->\n<title>Yohn: recensione software gestione brand - Accurate Reviews<\/title>\n<meta name=\"description\" content=\"Yohn: recensione strumento all-in-one per generare codici QR, accorciare URL e creare e gestire biglietti da visita digitali.\" \/>\n<meta name=\"robots\" content=\"index, follow, max-snippet:-1, max-image-preview:large, max-video-preview:-1\" \/>\n<link rel=\"canonical\" href=\"https:\/\/www.accuratereviews.com\/it\/software-gestione-brand\/yohn-recensione\/\" \/>\n<meta property=\"og:locale\" content=\"it_IT\" \/>\n<meta property=\"og:type\" content=\"article\" \/>\n<meta property=\"og:title\" content=\"Yohn: recensione software gestione brand - Accurate Reviews\" \/>\n<meta property=\"og:description\" content=\"Yohn: recensione strumento all-in-one per generare codici QR, accorciare URL e creare e gestire biglietti da visita digitali.\" \/>\n<meta property=\"og:url\" content=\"https:\/\/www.accuratereviews.com\/it\/software-gestione-brand\/yohn-recensione\/\" \/>\n<meta property=\"og:site_name\" content=\"Accurate Reviews\" \/>\n<meta property=\"article:modified_time\" content=\"2024-10-17T08:53:55+00:00\" \/>\n<meta property=\"og:image\" content=\"https:\/\/www.accuratereviews.com\/wp-content\/uploads\/2024\/10\/yohn.png\" \/>\n\t<meta property=\"og:image:width\" content=\"256\" \/>\n\t<meta property=\"og:image:height\" content=\"256\" \/>\n\t<meta property=\"og:image:type\" content=\"image\/png\" \/>\n<meta name=\"twitter:card\" content=\"summary_large_image\" \/>\n<meta name=\"twitter:label1\" content=\"Tempo di lettura stimato\" \/>\n\t<meta name=\"twitter:data1\" content=\"5 minuti\" \/>\n<script type=\"application\/ld+json\" class=\"yoast-schema-graph\">{\"@context\":\"https:\\\/\\\/schema.org\",\"@graph\":[{\"@type\":\"WebPage\",\"@id\":\"https:\\\/\\\/www.accuratereviews.com\\\/it\\\/software-gestione-brand\\\/yohn-recensione\\\/\",\"url\":\"https:\\\/\\\/www.accuratereviews.com\\\/it\\\/software-gestione-brand\\\/yohn-recensione\\\/\",\"name\":\"Yohn: recensione software gestione brand - Accurate Reviews\",\"isPartOf\":{\"@id\":\"https:\\\/\\\/www.accuratereviews.com\\\/it\\\/#website\"},\"primaryImageOfPage\":{\"@id\":\"https:\\\/\\\/www.accuratereviews.com\\\/it\\\/software-gestione-brand\\\/yohn-recensione\\\/#primaryimage\"},\"image\":{\"@id\":\"https:\\\/\\\/www.accuratereviews.com\\\/it\\\/software-gestione-brand\\\/yohn-recensione\\\/#primaryimage\"},\"thumbnailUrl\":\"https:\\\/\\\/www.accuratereviews.com\\\/wp-content\\\/uploads\\\/2024\\\/10\\\/yohn.png\",\"datePublished\":\"2024-10-16T19:58:54+00:00\",\"dateModified\":\"2024-10-17T08:53:55+00:00\",\"description\":\"Yohn: recensione strumento all-in-one per generare codici QR, accorciare URL e creare e gestire biglietti da visita digitali.\",\"breadcrumb\":{\"@id\":\"https:\\\/\\\/www.accuratereviews.com\\\/it\\\/software-gestione-brand\\\/yohn-recensione\\\/#breadcrumb\"},\"inLanguage\":\"it-IT\",\"potentialAction\":[{\"@type\":\"ReadAction\",\"target\":[\"https:\\\/\\\/www.accuratereviews.com\\\/it\\\/software-gestione-brand\\\/yohn-recensione\\\/\"]}]},{\"@type\":\"ImageObject\",\"inLanguage\":\"it-IT\",\"@id\":\"https:\\\/\\\/www.accuratereviews.com\\\/it\\\/software-gestione-brand\\\/yohn-recensione\\\/#primaryimage\",\"url\":\"https:\\\/\\\/www.accuratereviews.com\\\/wp-content\\\/uploads\\\/2024\\\/10\\\/yohn.png\",\"contentUrl\":\"https:\\\/\\\/www.accuratereviews.com\\\/wp-content\\\/uploads\\\/2024\\\/10\\\/yohn.png\",\"width\":256,\"height\":256},{\"@type\":\"BreadcrumbList\",\"@id\":\"https:\\\/\\\/www.accuratereviews.com\\\/it\\\/software-gestione-brand\\\/yohn-recensione\\\/#breadcrumb\",\"itemListElement\":[{\"@type\":\"ListItem\",\"position\":1,\"name\":\"Home\",\"item\":\"https:\\\/\\\/www.accuratereviews.com\\\/it\\\/\"},{\"@type\":\"ListItem\",\"position\":2,\"name\":\"Software per la gestione dei brand\",\"item\":\"https:\\\/\\\/www.accuratereviews.com\\\/it\\\/software-gestione-brand\\\/\"},{\"@type\":\"ListItem\",\"position\":3,\"name\":\"Yohn\"}]},{\"@type\":\"WebSite\",\"@id\":\"https:\\\/\\\/www.accuratereviews.com\\\/it\\\/#website\",\"url\":\"https:\\\/\\\/www.accuratereviews.com\\\/it\\\/\",\"name\":\"Accurate Reviews\",\"description\":\"\",\"potentialAction\":[{\"@type\":\"SearchAction\",\"target\":{\"@type\":\"EntryPoint\",\"urlTemplate\":\"https:\\\/\\\/www.accuratereviews.com\\\/it\\\/?s={search_term_string}\"},\"query-input\":{\"@type\":\"PropertyValueSpecification\",\"valueRequired\":true,\"valueName\":\"search_term_string\"}}],\"inLanguage\":\"it-IT\"}]}<\/script>\n<!-- \/ Yoast SEO plugin. -->","yoast_head_json":{"title":"Yohn: recensione software gestione brand - Accurate Reviews","description":"Yohn: recensione strumento all-in-one per generare codici QR, accorciare URL e creare e gestire biglietti da visita digitali.","robots":{"index":"index","follow":"follow","max-snippet":"max-snippet:-1","max-image-preview":"max-image-preview:large","max-video-preview":"max-video-preview:-1"},"canonical":"https:\/\/www.accuratereviews.com\/it\/software-gestione-brand\/yohn-recensione\/","og_locale":"it_IT","og_type":"article","og_title":"Yohn: recensione software gestione brand - Accurate Reviews","og_description":"Yohn: recensione strumento all-in-one per generare codici QR, accorciare URL e creare e gestire biglietti da visita digitali.","og_url":"https:\/\/www.accuratereviews.com\/it\/software-gestione-brand\/yohn-recensione\/","og_site_name":"Accurate Reviews","article_modified_time":"2024-10-17T08:53:55+00:00","og_image":[{"width":256,"height":256,"url":"https:\/\/www.accuratereviews.com\/wp-content\/uploads\/2024\/10\/yohn.png","type":"image\/png"}],"twitter_card":"summary_large_image","twitter_misc":{"Tempo di lettura stimato":"5 minuti"},"schema":{"@context":"https:\/\/schema.org","@graph":[{"@type":"WebPage","@id":"https:\/\/www.accuratereviews.com\/it\/software-gestione-brand\/yohn-recensione\/","url":"https:\/\/www.accuratereviews.com\/it\/software-gestione-brand\/yohn-recensione\/","name":"Yohn: recensione software gestione brand - Accurate Reviews","isPartOf":{"@id":"https:\/\/www.accuratereviews.com\/it\/#website"},"primaryImageOfPage":{"@id":"https:\/\/www.accuratereviews.com\/it\/software-gestione-brand\/yohn-recensione\/#primaryimage"},"image":{"@id":"https:\/\/www.accuratereviews.com\/it\/software-gestione-brand\/yohn-recensione\/#primaryimage"},"thumbnailUrl":"https:\/\/www.accuratereviews.com\/wp-content\/uploads\/2024\/10\/yohn.png","datePublished":"2024-10-16T19:58:54+00:00","dateModified":"2024-10-17T08:53:55+00:00","description":"Yohn: recensione strumento all-in-one per generare codici QR, accorciare URL e creare e gestire biglietti da visita digitali.","breadcrumb":{"@id":"https:\/\/www.accuratereviews.com\/it\/software-gestione-brand\/yohn-recensione\/#breadcrumb"},"inLanguage":"it-IT","potentialAction":[{"@type":"ReadAction","target":["https:\/\/www.accuratereviews.com\/it\/software-gestione-brand\/yohn-recensione\/"]}]},{"@type":"ImageObject","inLanguage":"it-IT","@id":"https:\/\/www.accuratereviews.com\/it\/software-gestione-brand\/yohn-recensione\/#primaryimage","url":"https:\/\/www.accuratereviews.com\/wp-content\/uploads\/2024\/10\/yohn.png","contentUrl":"https:\/\/www.accuratereviews.com\/wp-content\/uploads\/2024\/10\/yohn.png","width":256,"height":256},{"@type":"BreadcrumbList","@id":"https:\/\/www.accuratereviews.com\/it\/software-gestione-brand\/yohn-recensione\/#breadcrumb","itemListElement":[{"@type":"ListItem","position":1,"name":"Home","item":"https:\/\/www.accuratereviews.com\/it\/"},{"@type":"ListItem","position":2,"name":"Software per la gestione dei brand","item":"https:\/\/www.accuratereviews.com\/it\/software-gestione-brand\/"},{"@type":"ListItem","position":3,"name":"Yohn"}]},{"@type":"WebSite","@id":"https:\/\/www.accuratereviews.com\/it\/#website","url":"https:\/\/www.accuratereviews.com\/it\/","name":"Accurate Reviews","description":"","potentialAction":[{"@type":"SearchAction","target":{"@type":"EntryPoint","urlTemplate":"https:\/\/www.accuratereviews.com\/it\/?s={search_term_string}"},"query-input":{"@type":"PropertyValueSpecification","valueRequired":true,"valueName":"search_term_string"}}],"inLanguage":"it-IT"}]}},"_links":{"self":[{"href":"https:\/\/www.accuratereviews.com\/it\/wp-json\/wp\/v2\/pages\/79534","targetHints":{"allow":["GET"]}}],"collection":[{"href":"https:\/\/www.accuratereviews.com\/it\/wp-json\/wp\/v2\/pages"}],"about":[{"href":"https:\/\/www.accuratereviews.com\/it\/wp-json\/wp\/v2\/types\/page"}],"author":[{"embeddable":true,"href":"https:\/\/www.accuratereviews.com\/it\/wp-json\/wp\/v2\/users\/19"}],"replies":[{"embeddable":true,"href":"https:\/\/www.accuratereviews.com\/it\/wp-json\/wp\/v2\/comments?post=79534"}],"version-history":[{"count":6,"href":"https:\/\/www.accuratereviews.com\/it\/wp-json\/wp\/v2\/pages\/79534\/revisions"}],"predecessor-version":[{"id":79578,"href":"https:\/\/www.accuratereviews.com\/it\/wp-json\/wp\/v2\/pages\/79534\/revisions\/79578"}],"up":[{"embeddable":true,"href":"https:\/\/www.accuratereviews.com\/it\/wp-json\/wp\/v2\/pages\/44787"}],"wp:featuredmedia":[{"embeddable":true,"href":"https:\/\/www.accuratereviews.com\/it\/wp-json\/wp\/v2\/media\/79535"}],"wp:attachment":[{"href":"https:\/\/www.accuratereviews.com\/it\/wp-json\/wp\/v2\/media?parent=79534"}],"wp:term":[{"taxonomy":"category","embeddable":true,"href":"https:\/\/www.accuratereviews.com\/it\/wp-json\/wp\/v2\/categories?post=79534"},{"taxonomy":"post_tag","embeddable":true,"href":"https:\/\/www.accuratereviews.com\/it\/wp-json\/wp\/v2\/tags?post=79534"},{"taxonomy":"features","embeddable":true,"href":"https:\/\/www.accuratereviews.com\/it\/wp-json\/wp\/v2\/features?post=79534"}],"curies":[{"name":"wp","href":"https:\/\/api.w.org\/{rel}","templated":true}]}}