{"id":79571,"date":"2024-10-17T14:44:51","date_gmt":"2024-10-17T14:44:51","guid":{"rendered":"https:\/\/www.accuratereviews.com\/?page_id=79571"},"modified":"2024-10-17T14:44:51","modified_gmt":"2024-10-17T14:44:51","slug":"emam-recensione","status":"publish","type":"page","link":"https:\/\/www.accuratereviews.com\/it\/software-gestione-brand\/emam-recensione\/","title":{"rendered":"eMAM"},"content":{"rendered":"<p><strong>eMAM<\/strong> \u00e8 un <strong>sistema di gestione delle risorse multimediali<\/strong> creato per organizzare, condividere, archiviare, pubblicare e distribuire video e altri contenuti da un&#8217;interfaccia web di facile utilizzo. Questo sistema interoperabile e ricco di funzionalit\u00e0 \u00e8 scalabile e configurabile per soddisfare diverse esigenze a livello locale, nel cloud o come ibrido.<br \/>\n<strong>eMAM <\/strong>fornisce agli utenti un&#8217;interfaccia web intuitiva per produrre, condividere e divulgare video e altri media in modo collaborativo. Artisti e designer possono modificare all&#8217;interno dei sistemi Adobe Creative Cloud e Apple Final Cut continuando ad accedere al loro sistema.<\/p>\n<h2>EMAM &#8211; TUTORIAL<\/h2>\n<div id=\"fluid-wrapper-counter-1\" class=\"g1-fluid-wrapper \" style=\"width:686px;\">\n<div style=\"padding-bottom:56.268221574344%;\"><iframe loading=\"lazy\" title=\"What is eMAM?\" width=\"686\" height=\"386\" src=\"https:\/\/www.youtube.com\/embed\/jcKPBKxXJxk?feature=oembed&amp;wmode=transparent&amp;autohide=1&amp;autoplay=0&amp;disablekb=0&amp;fs=1&amp;loop=0&amp;enablejsapi=1&amp;rel=0&amp;controls=2&amp;showinfo=0&amp;wmode=transparent&amp;autohide=2&amp;autoplay=0&amp;disablekb=0&amp;fs=1&amp;loop=0&amp;enablejsapi=1&amp;rel=0&amp;controls=2&amp;showinfo=1\" frameborder=\"0\" allow=\"accelerometer; autoplay; clipboard-write; encrypted-media; gyroscope; picture-in-picture; web-share\" referrerpolicy=\"strict-origin-when-cross-origin\" allowfullscreen><\/iframe><\/div>\n<\/div>\n<h3>EMAM &#8211; CARATTERISTICHE<\/h3>\n<div class=\"AxqVh\">\n<div class=\"OPPzxe\">\n<div class=\"QcsUad BDJ8fb BLojaf sMVRZe hCXDsb wneUed\">\n<div class=\"usGWQd\">\n<div class=\"KkbLmb\">\n<ul>\n<li class=\"lRu31\" dir=\"ltr\"><span class=\"HwtZe\" lang=\"it\"><span class=\"jCAhz ChMk0b\"><span class=\"ryNqvb\"><strong>Flusso di lavoro flessibile<\/strong>: fornisce agli utenti una soluzione di flusso di lavoro multimediale flessibile che supporta l&#8217;intero processo di produzione multimediale.<\/span><\/span> <span class=\"jCAhz ChMk0b\"><span class=\"ryNqvb\">Consente agli utenti di creare, gestire e condividere l&#8217;archiviazione multimediale in vari ambienti cloud o locali\/on-premise.<\/span><\/span> <\/span><\/li>\n<li class=\"lRu31\" dir=\"ltr\"><span class=\"HwtZe\" lang=\"it\"><span class=\"jCAhz ChMk0b\"><span class=\"ryNqvb\"><strong>Gestione dell&#8217;archiviazione e dell&#8217;archivio<\/strong>: consente agli utenti di gestire direttamente i contenuti originali\/con risoluzione nativa in qualsiasi posizione locale o cloud direttamente dall&#8217;interfaccia web. Il fornitore afferma di fornire funzionalit\u00e0 di archiviazione e gestione dell&#8217;archivio efficienti.<\/span><\/span> <\/span><\/li>\n<li class=\"lRu31\" dir=\"ltr\"><span class=\"HwtZe\" lang=\"it\"><span class=\"jCAhz ChMk0b\"><span class=\"ryNqvb\"><strong>Strumenti di collaborazione<\/strong>: l&#8217;interfaccia Web consente agli utenti di creare progetti, assegnare contenuti multimediali, contrassegnare, sottoclip e creare timeline.<\/span><\/span> <span class=\"jCAhz ChMk0b\"><span class=\"ryNqvb\">Editor e artisti possono utilizzare app integrate come Adobe Creative Cloud, DaVinci Resolve e Apple FCP X per editing e progettazione artigianali.<\/span><\/span> <span class=\"jCAhz ChMk0b\"><span class=\"ryNqvb\">Secondo il fornitore, offre anche revisione e approvazione, gestione dei contenuti multimediali e altri strumenti di collaborazione<\/span><\/span><\/span><\/li>\n<li class=\"lRu31\" dir=\"ltr\"><span class=\"HwtZe\" lang=\"it\"><span class=\"jCAhz\"><span class=\"ryNqvb\"><strong>Consegna<\/strong>: il fornitore afferma che eMAM offre la capacit\u00e0 di distribuire contenuti multimediali ovunque e in qualsiasi modo necessario. <\/span><\/span><span class=\"jCAhz\"><span class=\"ryNqvb\">Supporta il packaging e i metadati per la distribuzione a piattaforme di trasmissione, redazione, VOD e altre piattaforme.<\/span><\/span> <\/span><\/li>\n<li class=\"lRu31\" dir=\"ltr\"><span class=\"HwtZe\" lang=\"it\"><span class=\"jCAhz\"><span class=\"ryNqvb\"><strong>Ricerca avanzata e tagging dei metadati<\/strong>: secondo il fornitore, eMAM fornisce capacit\u00e0 di ricerca avanzate, consentendo agli utenti di eseguire ricerche semplici e avanzate e di creare filtri di ricerca pubblici o privati.<\/span><\/span> <span class=\"jCAhz\"><span class=\"ryNqvb\">Consente inoltre il tagging dei metadati per un&#8217;organizzazione e un recupero efficienti delle risorse multimediali.<\/span><\/span> <\/span><\/li>\n<li class=\"lRu31\" dir=\"ltr\"><span class=\"HwtZe\" lang=\"it\"><span class=\"jCAhz ChMk0b\"><span class=\"ryNqvb\"><strong>Strumenti di condivisione e distribuzione:<\/strong> permette agli utenti di condividere collegamenti ai contenuti multimediali per revisione\/approvazione, marketing via email, social media e pubblicazione su siti Web. Fornisce inoltre la capacit\u00e0 di distribuire contenuti multimediali in qualsiasi formato richiesto a redazioni, sistemi di trasmissione e streaming\/pubblicazione web, come affermato dal fornitore.<\/span><\/span><\/span><\/li>\n<li class=\"lRu31\" dir=\"ltr\"><span class=\"HwtZe\" lang=\"it\"><span class=\"jCAhz ChMk0b\"><span class=\"ryNqvb\"><strong>Integrazione con applicazioni di editing e progettazione<\/strong>: \u00a0si integra perfettamente con le applicazioni di editing e progettazione pi\u00f9 diffuse, come Adobe Creative Cloud, DaVinci Resolve e Apple FCP X. Questa integrazione consente agli utenti di accedere e lavorare con le risorse multimediali direttamente da queste applicazioni.<\/span><\/span> <\/span><\/li>\n<li class=\"lRu31\" dir=\"ltr\"><span class=\"HwtZe\" lang=\"it\"><span class=\"jCAhz ChMk0b\"><span class=\"ryNqvb\"><strong>Informazioni AI\/ML e strumenti di trascrizione\/traduzione<\/strong>: \u00a0offre informazioni AI\/ML e strumenti di trascrizione\/traduzione per migliorare la gestione delle risorse multimediali.<\/span><\/span> <span class=\"jCAhz ChMk0b\"><span class=\"ryNqvb\">Questi strumenti forniscono approfondimenti automatizzati, trascrizione e capacit\u00e0 di traduzione per migliorare l&#8217;efficienza del flusso di lavoro.<\/span><\/span> <\/span><\/li>\n<li class=\"lRu31\" dir=\"ltr\"><span class=\"HwtZe\" lang=\"it\"><span class=\"jCAhz ChMk0b\"><span class=\"ryNqvb\"><strong>Supporto per broadcast e redazione<\/strong>: fornisce supporto per flussi di lavoro per broadcast e redazione, tra cui la consegna alla redazione, la programmazione e i sistemi di riproduzione broadcast.<\/span><\/span> <span class=\"jCAhz ChMk0b\"><span class=\"ryNqvb\">Il fornitore afferma di offrire un&#8217;integrazione perfetta con strumenti e sistemi standard del settore.<\/span><\/span> <\/span><\/li>\n<li class=\"lRu31\" dir=\"ltr\"><span class=\"HwtZe\" lang=\"it\"><span class=\"jCAhz ChMk0b\"><span class=\"ryNqvb\"><strong>Caricamento e acquisizione di contenuti multimediali<\/strong>: offre semplici capacit\u00e0 di caricamento e acquisizione di contenuti multimediali.<\/span><\/span> <span class=\"jCAhz ChMk0b\"><span class=\"ryNqvb\">Gli utenti possono utilizzare l&#8217;applicazione desktop eMAM Feeder, il caricatore Web, il pannello di estensione Adobe Media Encoder o gli strumenti di acquisizione live per acquisire contenuti multimediali nel sistema, secondo il fornitore.<\/span><\/span><\/span><\/li>\n<\/ul>\n<h4>LE RECENSIONI DEGLI UTENTI<\/h4>\n<p><strong>Steve &#8220;Recensione eMAM&#8221;<\/strong><br \/>\n<strong>Commenti<\/strong>: Usiamo eMAM da oltre 5 anni in un ambiente di produzione. L&#8217;avevamo installato localmente e volevamo passare al cloud. Siamo entusiasti delle nuove funzionalit\u00e0, del supporto e del supporto AI nella versione cloud!<br \/>\n<strong>Pro<\/strong>: eMAM ha un&#8217;interfaccia personalizzabile e facile da usare con cui l&#8217;utente finale pu\u00f2 interagire. Un approccio semplice con un design intelligente ha ridotto gli errori degli utenti e le chiamate di supporto, una metrica chiave nell&#8217;adozione e nell&#8217;utilizzo. Il back-end \u00e8 flessibile e ci consente di personalizzare una soluzione che soddisfi al meglio le nostre esigenze. Nel complesso \u00e8 stato uno strumento importante per noi per gestire le nostre risorse video.<br \/>\n<strong>Contro<\/strong>: Come altri software, pu\u00f2 essere difficile usarlo bene. Come amministratore, devi conoscere tutte le funzionalit\u00e0 per effettuare le impostazioni di configurazione appropriate. La buona notizia \u00e8 che, se sbagli, puoi tornare indietro e correggere. Devi prenderti del tempo, capire la potenza del sistema per installarlo correttamente.<\/p>\n<p><strong>Nut &#8220;miglior flusso di lavoro MAM&#8221;<\/strong><br \/>\n<strong>Commenti<\/strong>: con il browser Internet rende facile per i nostri clienti accedere a eMAM da qualsiasi punto del loro ufficio<br \/>\n<strong>Pro<\/strong>: eMAM pu\u00f2 eseguire il flusso di lavoro in base alle esigenze del cliente<br \/>\n<strong>Contro<\/strong>: eMAM facile da usare tramite browser Internet, deve essere accessibile pi\u00f9 facilmente<\/p>\n<p><strong>Amit &#8220;Feedback MAM&#8221;<\/strong><br \/>\n<strong>Commenti<\/strong>: Nel complesso un software molto buono, con un ottimo rapporto qualit\u00e0-prezzo e supportato da un team di supporto molto efficace<br \/>\n<strong>Pro<\/strong>: La categorizzazione delle risorse, la creazione di proxy e la condivisione protetta con opzioni di feedback sono le funzionalit\u00e0 pi\u00f9 apprezzate e utilizzate in EMAM.<br \/>\n<strong>Contro<\/strong>: C&#8217;\u00e8 molto spazio per miglioramenti in termini di personalizzazione dei widget e integrazione API<\/p>\n<\/div>\n<\/div>\n<\/div>\n<\/div>\n<\/div>\n","protected":false},"excerpt":{"rendered":"<p>eMAM \u00e8 un sistema di gestione delle risorse multimediali creato per organizzare, condividere, archiviare, pubblicare e distribuire video e altri contenuti da un&#8217;interfaccia web di facile utilizzo. Questo sistema interoperabile e ricco di funzionalit\u00e0 \u00e8 scalabile e configurabile per soddisfare diverse esigenze a livello locale, nel cloud o come ibrido<\/p>\n","protected":false},"author":19,"featured_media":79572,"parent":44787,"menu_order":0,"comment_status":"open","ping_status":"closed","template":"g1_template_page_review_new.php","meta":{"_acf_changed":false,"cwp_meta_box_check":"Yes","cwp_rev_product_name":"","cwp_rev_product_image":"","wppr_links":[],"cwp_rev_price":"0.00","wppr_options":[{"name":"Usability","value":"0"},{"name":"Speed","value":"0"},{"name":"Features","value":"0"},{"name":"Support","value":"0"},{"name":"Pricing","value":"0"}],"wppr_pros":["","","","",""],"wppr_cons":["","","","",""],"_monsterinsights_skip_tracking":false,"_monsterinsights_sitenote_active":false,"_monsterinsights_sitenote_note":"","_monsterinsights_sitenote_category":0,"footnotes":""},"categories":[10573],"tags":[15378,10577,10600,10599,10597,10598],"features":[],"class_list":{"0":"post-79571","1":"page","2":"type-page","3":"status-publish","4":"has-post-thumbnail","6":"category-software-gestione-brand-categoria","7":"tag-emam","8":"tag-gestione-brand","9":"tag-piattaforma-gestionale-brand","10":"tag-programma-gestionale-brand","11":"tag-software-gestionale-brand","12":"tag-soluzione-gestionale-brand"},"wppr_data":{"cwp_meta_box_check":"Yes","_wppr_review_template":"default","cwp_rev_product_image":"","cwp_image_link":"image","wppr_links":[],"cwp_rev_price":"0.00","wppr_pros":["","","","",""],"wppr_cons":["","","","",""],"wppr_rating":"0.00","wppr_options":{"1":{"name":"Usability","value":"0"},"2":{"name":"Speed","value":"0"},"3":{"name":"Features","value":"0"},"4":{"name":"Support","value":"0"},"5":{"name":"Pricing","value":"0"}},"wppr_review_type":"Product","wppr_review_custom_fields":{"additionalProperty":"","additionalType":"","aggregateRating":"","alternateName":"","audience":"","award":"","awards":"","brand":"","color":"","depth":"","description":"","disambiguatingDescription":"","gtin12":"","gtin13":"","gtin14":"","gtin8":"","height":"","identifier":"","image":"","isAccessoryOrSparePartFor":"","isConsumableFor":"","isRelatedTo":"","isSimilarTo":"","itemCondition":"","logo":"","mainEntityOfPage":"","manufacturer":"","material":"","model":"","mpn":"","name":"","offers":"","potentialAction":"","productID":"","productionDate":"","purchaseDate":"","releaseDate":"","review":"","reviews":"","sameAs":"","sku":"","slogan":"","subjectOf":"","url":"","weight":"","width":""}},"acf":[],"yoast_head":"<!-- This site is optimized with the Yoast SEO plugin v27.4 - https:\/\/yoast.com\/product\/yoast-seo-wordpress\/ -->\n<title>eMAM: recensione software gestione brand - Accurate Reviews<\/title>\n<meta name=\"description\" content=\"eMAM: recensione sistema di gestione delle risorse multimediali creato per organizzare, condividere, archiviare, pubblicare e divulgare video\" \/>\n<meta name=\"robots\" content=\"index, follow, max-snippet:-1, max-image-preview:large, max-video-preview:-1\" \/>\n<link rel=\"canonical\" href=\"https:\/\/www.accuratereviews.com\/it\/software-gestione-brand\/emam-recensione\/\" \/>\n<meta property=\"og:locale\" content=\"it_IT\" \/>\n<meta property=\"og:type\" content=\"article\" \/>\n<meta property=\"og:title\" content=\"eMAM: recensione software gestione brand - Accurate Reviews\" \/>\n<meta property=\"og:description\" content=\"eMAM: recensione sistema di gestione delle risorse multimediali creato per organizzare, condividere, archiviare, pubblicare e divulgare video\" \/>\n<meta property=\"og:url\" content=\"https:\/\/www.accuratereviews.com\/it\/software-gestione-brand\/emam-recensione\/\" \/>\n<meta property=\"og:site_name\" content=\"Accurate Reviews\" \/>\n<meta property=\"og:image\" content=\"https:\/\/www.accuratereviews.com\/wp-content\/uploads\/2024\/10\/Emam.jpeg\" \/>\n\t<meta property=\"og:image:width\" content=\"200\" \/>\n\t<meta property=\"og:image:height\" content=\"200\" \/>\n\t<meta property=\"og:image:type\" content=\"image\/jpeg\" \/>\n<meta name=\"twitter:card\" content=\"summary_large_image\" \/>\n<meta name=\"twitter:label1\" content=\"Tempo di lettura stimato\" \/>\n\t<meta name=\"twitter:data1\" content=\"6 minuti\" \/>\n<script type=\"application\/ld+json\" class=\"yoast-schema-graph\">{\"@context\":\"https:\\\/\\\/schema.org\",\"@graph\":[{\"@type\":\"WebPage\",\"@id\":\"https:\\\/\\\/www.accuratereviews.com\\\/it\\\/software-gestione-brand\\\/emam-recensione\\\/\",\"url\":\"https:\\\/\\\/www.accuratereviews.com\\\/it\\\/software-gestione-brand\\\/emam-recensione\\\/\",\"name\":\"eMAM: recensione software gestione brand - Accurate Reviews\",\"isPartOf\":{\"@id\":\"https:\\\/\\\/www.accuratereviews.com\\\/it\\\/#website\"},\"primaryImageOfPage\":{\"@id\":\"https:\\\/\\\/www.accuratereviews.com\\\/it\\\/software-gestione-brand\\\/emam-recensione\\\/#primaryimage\"},\"image\":{\"@id\":\"https:\\\/\\\/www.accuratereviews.com\\\/it\\\/software-gestione-brand\\\/emam-recensione\\\/#primaryimage\"},\"thumbnailUrl\":\"https:\\\/\\\/www.accuratereviews.com\\\/wp-content\\\/uploads\\\/2024\\\/10\\\/Emam.jpeg\",\"datePublished\":\"2024-10-17T14:44:51+00:00\",\"description\":\"eMAM: recensione sistema di gestione delle risorse multimediali creato per organizzare, condividere, archiviare, pubblicare e divulgare video\",\"breadcrumb\":{\"@id\":\"https:\\\/\\\/www.accuratereviews.com\\\/it\\\/software-gestione-brand\\\/emam-recensione\\\/#breadcrumb\"},\"inLanguage\":\"it-IT\",\"potentialAction\":[{\"@type\":\"ReadAction\",\"target\":[\"https:\\\/\\\/www.accuratereviews.com\\\/it\\\/software-gestione-brand\\\/emam-recensione\\\/\"]}]},{\"@type\":\"ImageObject\",\"inLanguage\":\"it-IT\",\"@id\":\"https:\\\/\\\/www.accuratereviews.com\\\/it\\\/software-gestione-brand\\\/emam-recensione\\\/#primaryimage\",\"url\":\"https:\\\/\\\/www.accuratereviews.com\\\/wp-content\\\/uploads\\\/2024\\\/10\\\/Emam.jpeg\",\"contentUrl\":\"https:\\\/\\\/www.accuratereviews.com\\\/wp-content\\\/uploads\\\/2024\\\/10\\\/Emam.jpeg\",\"width\":200,\"height\":200},{\"@type\":\"BreadcrumbList\",\"@id\":\"https:\\\/\\\/www.accuratereviews.com\\\/it\\\/software-gestione-brand\\\/emam-recensione\\\/#breadcrumb\",\"itemListElement\":[{\"@type\":\"ListItem\",\"position\":1,\"name\":\"Home\",\"item\":\"https:\\\/\\\/www.accuratereviews.com\\\/it\\\/\"},{\"@type\":\"ListItem\",\"position\":2,\"name\":\"Software per la gestione dei brand\",\"item\":\"https:\\\/\\\/www.accuratereviews.com\\\/it\\\/software-gestione-brand\\\/\"},{\"@type\":\"ListItem\",\"position\":3,\"name\":\"eMAM\"}]},{\"@type\":\"WebSite\",\"@id\":\"https:\\\/\\\/www.accuratereviews.com\\\/it\\\/#website\",\"url\":\"https:\\\/\\\/www.accuratereviews.com\\\/it\\\/\",\"name\":\"Accurate Reviews\",\"description\":\"\",\"potentialAction\":[{\"@type\":\"SearchAction\",\"target\":{\"@type\":\"EntryPoint\",\"urlTemplate\":\"https:\\\/\\\/www.accuratereviews.com\\\/it\\\/?s={search_term_string}\"},\"query-input\":{\"@type\":\"PropertyValueSpecification\",\"valueRequired\":true,\"valueName\":\"search_term_string\"}}],\"inLanguage\":\"it-IT\"}]}<\/script>\n<!-- \/ Yoast SEO plugin. -->","yoast_head_json":{"title":"eMAM: recensione software gestione brand - Accurate Reviews","description":"eMAM: recensione sistema di gestione delle risorse multimediali creato per organizzare, condividere, archiviare, pubblicare e divulgare video","robots":{"index":"index","follow":"follow","max-snippet":"max-snippet:-1","max-image-preview":"max-image-preview:large","max-video-preview":"max-video-preview:-1"},"canonical":"https:\/\/www.accuratereviews.com\/it\/software-gestione-brand\/emam-recensione\/","og_locale":"it_IT","og_type":"article","og_title":"eMAM: recensione software gestione brand - Accurate Reviews","og_description":"eMAM: recensione sistema di gestione delle risorse multimediali creato per organizzare, condividere, archiviare, pubblicare e divulgare video","og_url":"https:\/\/www.accuratereviews.com\/it\/software-gestione-brand\/emam-recensione\/","og_site_name":"Accurate Reviews","og_image":[{"width":200,"height":200,"url":"https:\/\/www.accuratereviews.com\/wp-content\/uploads\/2024\/10\/Emam.jpeg","type":"image\/jpeg"}],"twitter_card":"summary_large_image","twitter_misc":{"Tempo di lettura stimato":"6 minuti"},"schema":{"@context":"https:\/\/schema.org","@graph":[{"@type":"WebPage","@id":"https:\/\/www.accuratereviews.com\/it\/software-gestione-brand\/emam-recensione\/","url":"https:\/\/www.accuratereviews.com\/it\/software-gestione-brand\/emam-recensione\/","name":"eMAM: recensione software gestione brand - Accurate Reviews","isPartOf":{"@id":"https:\/\/www.accuratereviews.com\/it\/#website"},"primaryImageOfPage":{"@id":"https:\/\/www.accuratereviews.com\/it\/software-gestione-brand\/emam-recensione\/#primaryimage"},"image":{"@id":"https:\/\/www.accuratereviews.com\/it\/software-gestione-brand\/emam-recensione\/#primaryimage"},"thumbnailUrl":"https:\/\/www.accuratereviews.com\/wp-content\/uploads\/2024\/10\/Emam.jpeg","datePublished":"2024-10-17T14:44:51+00:00","description":"eMAM: recensione sistema di gestione delle risorse multimediali creato per organizzare, condividere, archiviare, pubblicare e divulgare video","breadcrumb":{"@id":"https:\/\/www.accuratereviews.com\/it\/software-gestione-brand\/emam-recensione\/#breadcrumb"},"inLanguage":"it-IT","potentialAction":[{"@type":"ReadAction","target":["https:\/\/www.accuratereviews.com\/it\/software-gestione-brand\/emam-recensione\/"]}]},{"@type":"ImageObject","inLanguage":"it-IT","@id":"https:\/\/www.accuratereviews.com\/it\/software-gestione-brand\/emam-recensione\/#primaryimage","url":"https:\/\/www.accuratereviews.com\/wp-content\/uploads\/2024\/10\/Emam.jpeg","contentUrl":"https:\/\/www.accuratereviews.com\/wp-content\/uploads\/2024\/10\/Emam.jpeg","width":200,"height":200},{"@type":"BreadcrumbList","@id":"https:\/\/www.accuratereviews.com\/it\/software-gestione-brand\/emam-recensione\/#breadcrumb","itemListElement":[{"@type":"ListItem","position":1,"name":"Home","item":"https:\/\/www.accuratereviews.com\/it\/"},{"@type":"ListItem","position":2,"name":"Software per la gestione dei brand","item":"https:\/\/www.accuratereviews.com\/it\/software-gestione-brand\/"},{"@type":"ListItem","position":3,"name":"eMAM"}]},{"@type":"WebSite","@id":"https:\/\/www.accuratereviews.com\/it\/#website","url":"https:\/\/www.accuratereviews.com\/it\/","name":"Accurate Reviews","description":"","potentialAction":[{"@type":"SearchAction","target":{"@type":"EntryPoint","urlTemplate":"https:\/\/www.accuratereviews.com\/it\/?s={search_term_string}"},"query-input":{"@type":"PropertyValueSpecification","valueRequired":true,"valueName":"search_term_string"}}],"inLanguage":"it-IT"}]}},"_links":{"self":[{"href":"https:\/\/www.accuratereviews.com\/it\/wp-json\/wp\/v2\/pages\/79571","targetHints":{"allow":["GET"]}}],"collection":[{"href":"https:\/\/www.accuratereviews.com\/it\/wp-json\/wp\/v2\/pages"}],"about":[{"href":"https:\/\/www.accuratereviews.com\/it\/wp-json\/wp\/v2\/types\/page"}],"author":[{"embeddable":true,"href":"https:\/\/www.accuratereviews.com\/it\/wp-json\/wp\/v2\/users\/19"}],"replies":[{"embeddable":true,"href":"https:\/\/www.accuratereviews.com\/it\/wp-json\/wp\/v2\/comments?post=79571"}],"version-history":[{"count":7,"href":"https:\/\/www.accuratereviews.com\/it\/wp-json\/wp\/v2\/pages\/79571\/revisions"}],"predecessor-version":[{"id":79590,"href":"https:\/\/www.accuratereviews.com\/it\/wp-json\/wp\/v2\/pages\/79571\/revisions\/79590"}],"up":[{"embeddable":true,"href":"https:\/\/www.accuratereviews.com\/it\/wp-json\/wp\/v2\/pages\/44787"}],"wp:featuredmedia":[{"embeddable":true,"href":"https:\/\/www.accuratereviews.com\/it\/wp-json\/wp\/v2\/media\/79572"}],"wp:attachment":[{"href":"https:\/\/www.accuratereviews.com\/it\/wp-json\/wp\/v2\/media?parent=79571"}],"wp:term":[{"taxonomy":"category","embeddable":true,"href":"https:\/\/www.accuratereviews.com\/it\/wp-json\/wp\/v2\/categories?post=79571"},{"taxonomy":"post_tag","embeddable":true,"href":"https:\/\/www.accuratereviews.com\/it\/wp-json\/wp\/v2\/tags?post=79571"},{"taxonomy":"features","embeddable":true,"href":"https:\/\/www.accuratereviews.com\/it\/wp-json\/wp\/v2\/features?post=79571"}],"curies":[{"name":"wp","href":"https:\/\/api.w.org\/{rel}","templated":true}]}}