{"id":79597,"date":"2024-10-18T17:24:50","date_gmt":"2024-10-18T17:24:50","guid":{"rendered":"https:\/\/www.accuratereviews.com\/?page_id=79597"},"modified":"2024-10-21T09:33:15","modified_gmt":"2024-10-21T09:33:15","slug":"basecamp-dam-recensione","status":"publish","type":"page","link":"https:\/\/www.accuratereviews.com\/it\/software-gestione-brand\/basecamp-dam-recensione\/","title":{"rendered":"BaseCamp DAM"},"content":{"rendered":"<p><strong>BaseCamp DAM<\/strong> \u00e8 una <strong>soluzione di gestione delle risorse digitali<\/strong> che aiuta le aziende a gestire i diritti di accesso a varie risorse da una fonte centralizzata. Include un repository di contenuti con funzionalit\u00e0 di filtro e ricerca per semplificare i processi di gestione delle risorse per i membri del team.<br \/>\n<strong>BaseCamp DAM <\/strong>offre funzionalit\u00e0 di branding personalizzate, consentendo alle organizzazioni di aggiungere elementi brandizzati alla piattaforma in base alle esigenze.<\/p>\n<p><a href=\"https:\/\/www.accuratereviews.com\/wp-content\/uploads\/2024\/10\/Screenshot-2024-10-18-alle-10.49.29.png\"><img loading=\"lazy\" decoding=\"async\" class=\"wp-image-79605 size-full aligncenter\" src=\"https:\/\/www.accuratereviews.com\/wp-content\/uploads\/2024\/10\/Screenshot-2024-10-18-alle-10.49.29.png\" alt=\"\" width=\"1894\" height=\"1004\" srcset=\"https:\/\/www.accuratereviews.com\/wp-content\/uploads\/2024\/10\/Screenshot-2024-10-18-alle-10.49.29.png 1894w, https:\/\/www.accuratereviews.com\/wp-content\/uploads\/2024\/10\/Screenshot-2024-10-18-alle-10.49.29-300x159.png 300w, https:\/\/www.accuratereviews.com\/wp-content\/uploads\/2024\/10\/Screenshot-2024-10-18-alle-10.49.29-1024x543.png 1024w, https:\/\/www.accuratereviews.com\/wp-content\/uploads\/2024\/10\/Screenshot-2024-10-18-alle-10.49.29-768x407.png 768w, https:\/\/www.accuratereviews.com\/wp-content\/uploads\/2024\/10\/Screenshot-2024-10-18-alle-10.49.29-1536x814.png 1536w, https:\/\/www.accuratereviews.com\/wp-content\/uploads\/2024\/10\/Screenshot-2024-10-18-alle-10.49.29-50x27.png 50w, https:\/\/www.accuratereviews.com\/wp-content\/uploads\/2024\/10\/Screenshot-2024-10-18-alle-10.49.29-236x125.png 236w, https:\/\/www.accuratereviews.com\/wp-content\/uploads\/2024\/10\/Screenshot-2024-10-18-alle-10.49.29-968x513.png 968w, https:\/\/www.accuratereviews.com\/wp-content\/uploads\/2024\/10\/Screenshot-2024-10-18-alle-10.49.29-636x337.png 636w, https:\/\/www.accuratereviews.com\/wp-content\/uploads\/2024\/10\/Screenshot-2024-10-18-alle-10.49.29-320x170.png 320w, https:\/\/www.accuratereviews.com\/wp-content\/uploads\/2024\/10\/Screenshot-2024-10-18-alle-10.49.29-239x127.png 239w\" sizes=\"auto, (max-width: 1894px) 100vw, 1894px\" \/><\/a><\/p>\n<h3>BASECAM DAM &#8211; CARATTERISTICHE<\/h3>\n<ul>\n<li>Interfaccia intuitiva e facile da usare;<\/li>\n<li>Personalizzazione e automazione dei flussi di lavoro;<\/li>\n<li>Elaborazione dati come l&#8217;impaginazione automatica;<\/li>\n<li>Coerenza multi-canale;<\/li>\n<li>Accesso rapido e centralizzato<\/li>\n<li>Orgogliosamente certificato ISO 27001<\/li>\n<li>Da oltre 15 anni lavora con aziende ed organizzazioni internazionali<\/li>\n<li>Servizio di supporto personalizzato e dedicato<\/li>\n<li>Rispeto delle deadline e go-live<\/li>\n<li>Servizio di outsourcing esclusivo<\/li>\n<\/ul>\n<h4>LE RECENSIONI DEGLI UTENTI<\/h4>\n<p><strong>Alberto &#8220;Mantieni l&#8217;ordine. Trova rapidamente le risorse. Facile da usare.&#8221;<\/strong><br \/>\n<strong>Commenti<\/strong>: Per un nuovo brand \u00e8 fondamentale centralizzare le risorse per mantenere l&#8217;ordine, avere sempre a disposizione le ultime versioni e uno strumento che consenta anche il lavoro da remoto.<br \/>\n<strong>Pro<\/strong>: Avevamo bisogno di uno strumento online pi\u00f9 semplice e immediato dei CRM o PIM presenti sul mercato, per poterlo utilizzare sia dal personale addetto al customer care che da chi si occupa di prodotto e marketing. Basecamp studio \u00e8 la soluzione alle nostre esigenze: intuitivo e semplice da usare, file centralizzati e ben organizzati, facile condivisione, versioning dei file, account diversi per ogni lavoro.<br \/>\n<strong>Contro<\/strong>: Per ora, nessun problema critico. Quando connesso ai programmi Adobe sar\u00e0 ancora meglio!<\/p>\n<p><strong>Alison &#8220;Ottimo per la condivisione delle risorse!&#8221;<\/strong><br \/>\n<strong>Commenti<\/strong>: Servizio clienti molto utile, cordiale fin dall&#8217;inizio, semplice da usare ma \u00e8 sempre bello poter chiamare e controllare.<br \/>\n<strong>Pro<\/strong>: Anche per i non esperti questa piattaforma \u00e8 user-friendly, con una grande capacit\u00e0 di ricerca. Facile da condividere, facile da archiviare, facile da usare.<br \/>\n<strong>Contro<\/strong>: Nessun contro, il servizio clienti mi dice che posso personalizzare la piattaforma per soddisfare tutte le mie esigenze.<\/p>\n<p><strong>Emanuele &#8220;Semplice ma potente&#8221;<\/strong><br \/>\n<strong>Pro<\/strong>: Il prodotto \u00e8 facile da usare e consente di ottenere risorse specifiche per lo scopo di ogni professionista. Il catalogo \u00e8 completo e organizzato gerarchicamente, ma pu\u00f2 essere ricercato tramite filtri e tag. Consente la collaborazione tra pi\u00f9 utenti. L&#8217;interfaccia utente \u00e8 chiara e ordinata.<br \/>\n<strong>Contro<\/strong>: L&#8217;integrazione con le piattaforme di fornitori terzi \u00e8 attualmente in una fase iniziale.<\/p>\n","protected":false},"excerpt":{"rendered":"<p>BaseCamp DAM \u00e8 una soluzione di gestione delle risorse digitali che aiuta le aziende a gestire i diritti di accesso a varie risorse da una fonte centralizzata. Include un repository di contenuti con funzionalit\u00e0 di filtro e ricerca per semplificare i processi di gestione delle risorse per i membri del team.<\/p>\n","protected":false},"author":19,"featured_media":79600,"parent":44787,"menu_order":0,"comment_status":"open","ping_status":"closed","template":"g1_template_page_review_new.php","meta":{"_acf_changed":false,"cwp_meta_box_check":"Yes","cwp_rev_product_name":"","cwp_rev_product_image":"","wppr_links":[],"cwp_rev_price":"0.00","wppr_options":[{"name":"Usability","value":"0"},{"name":"Speed","value":"0"},{"name":"Features","value":"0"},{"name":"Support","value":"0"},{"name":"Pricing","value":"0"}],"wppr_pros":["","","","",""],"wppr_cons":["","","","",""],"_monsterinsights_skip_tracking":false,"_monsterinsights_sitenote_active":false,"_monsterinsights_sitenote_note":"","_monsterinsights_sitenote_category":0,"footnotes":""},"categories":[10573],"tags":[15380,10577,10580,10579,10575,10582],"features":[],"class_list":{"0":"post-79597","1":"page","2":"type-page","3":"status-publish","4":"has-post-thumbnail","6":"category-software-gestione-brand-categoria","7":"tag-basecamp-dam","8":"tag-gestione-brand","9":"tag-piattaforma-gestione-brand","10":"tag-programma-gestione-brand","11":"tag-software-gestione-brand","12":"tag-soluzione-gestione-brand"},"wppr_data":{"cwp_meta_box_check":"Yes","_wppr_review_template":"default","cwp_rev_product_image":"","cwp_image_link":"image","wppr_links":[],"cwp_rev_price":"0.00","wppr_pros":["","","","",""],"wppr_cons":["","","","",""],"wppr_rating":"0.00","wppr_options":{"1":{"name":"Usability","value":"0"},"2":{"name":"Speed","value":"0"},"3":{"name":"Features","value":"0"},"4":{"name":"Support","value":"0"},"5":{"name":"Pricing","value":"0"}},"wppr_review_type":"Product","wppr_review_custom_fields":{"additionalProperty":"","additionalType":"","aggregateRating":"","alternateName":"","audience":"","award":"","awards":"","brand":"","color":"","depth":"","description":"","disambiguatingDescription":"","gtin12":"","gtin13":"","gtin14":"","gtin8":"","height":"","identifier":"","image":"","isAccessoryOrSparePartFor":"","isConsumableFor":"","isRelatedTo":"","isSimilarTo":"","itemCondition":"","logo":"","mainEntityOfPage":"","manufacturer":"","material":"","model":"","mpn":"","name":"","offers":"","potentialAction":"","productID":"","productionDate":"","purchaseDate":"","releaseDate":"","review":"","reviews":"","sameAs":"","sku":"","slogan":"","subjectOf":"","url":"","weight":"","width":""}},"acf":[],"yoast_head":"<!-- This site is optimized with the Yoast SEO plugin v27.4 - https:\/\/yoast.com\/product\/yoast-seo-wordpress\/ -->\n<title>BaseCamp DAM: recensione software gestione brand - Accurate Reviews<\/title>\n<meta name=\"description\" content=\"BaseCamp DAM: software di gestione delle risorse digitali che aiuta le aziende a gestire i diritti di accesso da una fonte centralizzata\" \/>\n<meta name=\"robots\" content=\"index, follow, max-snippet:-1, max-image-preview:large, max-video-preview:-1\" \/>\n<link rel=\"canonical\" href=\"https:\/\/www.accuratereviews.com\/it\/software-gestione-brand\/basecamp-dam-recensione\/\" \/>\n<meta property=\"og:locale\" content=\"it_IT\" \/>\n<meta property=\"og:type\" content=\"article\" \/>\n<meta property=\"og:title\" content=\"BaseCamp DAM: recensione software gestione brand - Accurate Reviews\" \/>\n<meta property=\"og:description\" content=\"BaseCamp DAM: software di gestione delle risorse digitali che aiuta le aziende a gestire i diritti di accesso da una fonte centralizzata\" \/>\n<meta property=\"og:url\" content=\"https:\/\/www.accuratereviews.com\/it\/software-gestione-brand\/basecamp-dam-recensione\/\" \/>\n<meta property=\"og:site_name\" content=\"Accurate Reviews\" \/>\n<meta property=\"article:modified_time\" content=\"2024-10-21T09:33:15+00:00\" \/>\n<meta property=\"og:image\" content=\"https:\/\/www.accuratereviews.com\/wp-content\/uploads\/2024\/10\/Screenshot-2024-10-18-alle-10.46.42.png\" \/>\n\t<meta property=\"og:image:width\" content=\"730\" \/>\n\t<meta property=\"og:image:height\" content=\"258\" \/>\n\t<meta property=\"og:image:type\" content=\"image\/png\" \/>\n<meta name=\"twitter:card\" content=\"summary_large_image\" \/>\n<meta name=\"twitter:label1\" content=\"Tempo di lettura stimato\" \/>\n\t<meta name=\"twitter:data1\" content=\"4 minuti\" \/>\n<script type=\"application\/ld+json\" class=\"yoast-schema-graph\">{\"@context\":\"https:\\\/\\\/schema.org\",\"@graph\":[{\"@type\":\"WebPage\",\"@id\":\"https:\\\/\\\/www.accuratereviews.com\\\/it\\\/software-gestione-brand\\\/basecamp-dam-recensione\\\/\",\"url\":\"https:\\\/\\\/www.accuratereviews.com\\\/it\\\/software-gestione-brand\\\/basecamp-dam-recensione\\\/\",\"name\":\"BaseCamp DAM: recensione software gestione brand - Accurate Reviews\",\"isPartOf\":{\"@id\":\"https:\\\/\\\/www.accuratereviews.com\\\/it\\\/#website\"},\"primaryImageOfPage\":{\"@id\":\"https:\\\/\\\/www.accuratereviews.com\\\/it\\\/software-gestione-brand\\\/basecamp-dam-recensione\\\/#primaryimage\"},\"image\":{\"@id\":\"https:\\\/\\\/www.accuratereviews.com\\\/it\\\/software-gestione-brand\\\/basecamp-dam-recensione\\\/#primaryimage\"},\"thumbnailUrl\":\"https:\\\/\\\/www.accuratereviews.com\\\/wp-content\\\/uploads\\\/2024\\\/10\\\/Screenshot-2024-10-18-alle-10.46.42.png\",\"datePublished\":\"2024-10-18T17:24:50+00:00\",\"dateModified\":\"2024-10-21T09:33:15+00:00\",\"description\":\"BaseCamp DAM: software di gestione delle risorse digitali che aiuta le aziende a gestire i diritti di accesso da una fonte centralizzata\",\"breadcrumb\":{\"@id\":\"https:\\\/\\\/www.accuratereviews.com\\\/it\\\/software-gestione-brand\\\/basecamp-dam-recensione\\\/#breadcrumb\"},\"inLanguage\":\"it-IT\",\"potentialAction\":[{\"@type\":\"ReadAction\",\"target\":[\"https:\\\/\\\/www.accuratereviews.com\\\/it\\\/software-gestione-brand\\\/basecamp-dam-recensione\\\/\"]}]},{\"@type\":\"ImageObject\",\"inLanguage\":\"it-IT\",\"@id\":\"https:\\\/\\\/www.accuratereviews.com\\\/it\\\/software-gestione-brand\\\/basecamp-dam-recensione\\\/#primaryimage\",\"url\":\"https:\\\/\\\/www.accuratereviews.com\\\/wp-content\\\/uploads\\\/2024\\\/10\\\/Screenshot-2024-10-18-alle-10.46.42.png\",\"contentUrl\":\"https:\\\/\\\/www.accuratereviews.com\\\/wp-content\\\/uploads\\\/2024\\\/10\\\/Screenshot-2024-10-18-alle-10.46.42.png\",\"width\":730,\"height\":258},{\"@type\":\"BreadcrumbList\",\"@id\":\"https:\\\/\\\/www.accuratereviews.com\\\/it\\\/software-gestione-brand\\\/basecamp-dam-recensione\\\/#breadcrumb\",\"itemListElement\":[{\"@type\":\"ListItem\",\"position\":1,\"name\":\"Home\",\"item\":\"https:\\\/\\\/www.accuratereviews.com\\\/it\\\/\"},{\"@type\":\"ListItem\",\"position\":2,\"name\":\"Software per la gestione dei brand\",\"item\":\"https:\\\/\\\/www.accuratereviews.com\\\/it\\\/software-gestione-brand\\\/\"},{\"@type\":\"ListItem\",\"position\":3,\"name\":\"BaseCamp DAM\"}]},{\"@type\":\"WebSite\",\"@id\":\"https:\\\/\\\/www.accuratereviews.com\\\/it\\\/#website\",\"url\":\"https:\\\/\\\/www.accuratereviews.com\\\/it\\\/\",\"name\":\"Accurate Reviews\",\"description\":\"\",\"potentialAction\":[{\"@type\":\"SearchAction\",\"target\":{\"@type\":\"EntryPoint\",\"urlTemplate\":\"https:\\\/\\\/www.accuratereviews.com\\\/it\\\/?s={search_term_string}\"},\"query-input\":{\"@type\":\"PropertyValueSpecification\",\"valueRequired\":true,\"valueName\":\"search_term_string\"}}],\"inLanguage\":\"it-IT\"}]}<\/script>\n<!-- \/ Yoast SEO plugin. -->","yoast_head_json":{"title":"BaseCamp DAM: recensione software gestione brand - Accurate Reviews","description":"BaseCamp DAM: software di gestione delle risorse digitali che aiuta le aziende a gestire i diritti di accesso da una fonte centralizzata","robots":{"index":"index","follow":"follow","max-snippet":"max-snippet:-1","max-image-preview":"max-image-preview:large","max-video-preview":"max-video-preview:-1"},"canonical":"https:\/\/www.accuratereviews.com\/it\/software-gestione-brand\/basecamp-dam-recensione\/","og_locale":"it_IT","og_type":"article","og_title":"BaseCamp DAM: recensione software gestione brand - Accurate Reviews","og_description":"BaseCamp DAM: software di gestione delle risorse digitali che aiuta le aziende a gestire i diritti di accesso da una fonte centralizzata","og_url":"https:\/\/www.accuratereviews.com\/it\/software-gestione-brand\/basecamp-dam-recensione\/","og_site_name":"Accurate Reviews","article_modified_time":"2024-10-21T09:33:15+00:00","og_image":[{"width":730,"height":258,"url":"https:\/\/www.accuratereviews.com\/wp-content\/uploads\/2024\/10\/Screenshot-2024-10-18-alle-10.46.42.png","type":"image\/png"}],"twitter_card":"summary_large_image","twitter_misc":{"Tempo di lettura stimato":"4 minuti"},"schema":{"@context":"https:\/\/schema.org","@graph":[{"@type":"WebPage","@id":"https:\/\/www.accuratereviews.com\/it\/software-gestione-brand\/basecamp-dam-recensione\/","url":"https:\/\/www.accuratereviews.com\/it\/software-gestione-brand\/basecamp-dam-recensione\/","name":"BaseCamp DAM: recensione software gestione brand - Accurate Reviews","isPartOf":{"@id":"https:\/\/www.accuratereviews.com\/it\/#website"},"primaryImageOfPage":{"@id":"https:\/\/www.accuratereviews.com\/it\/software-gestione-brand\/basecamp-dam-recensione\/#primaryimage"},"image":{"@id":"https:\/\/www.accuratereviews.com\/it\/software-gestione-brand\/basecamp-dam-recensione\/#primaryimage"},"thumbnailUrl":"https:\/\/www.accuratereviews.com\/wp-content\/uploads\/2024\/10\/Screenshot-2024-10-18-alle-10.46.42.png","datePublished":"2024-10-18T17:24:50+00:00","dateModified":"2024-10-21T09:33:15+00:00","description":"BaseCamp DAM: software di gestione delle risorse digitali che aiuta le aziende a gestire i diritti di accesso da una fonte centralizzata","breadcrumb":{"@id":"https:\/\/www.accuratereviews.com\/it\/software-gestione-brand\/basecamp-dam-recensione\/#breadcrumb"},"inLanguage":"it-IT","potentialAction":[{"@type":"ReadAction","target":["https:\/\/www.accuratereviews.com\/it\/software-gestione-brand\/basecamp-dam-recensione\/"]}]},{"@type":"ImageObject","inLanguage":"it-IT","@id":"https:\/\/www.accuratereviews.com\/it\/software-gestione-brand\/basecamp-dam-recensione\/#primaryimage","url":"https:\/\/www.accuratereviews.com\/wp-content\/uploads\/2024\/10\/Screenshot-2024-10-18-alle-10.46.42.png","contentUrl":"https:\/\/www.accuratereviews.com\/wp-content\/uploads\/2024\/10\/Screenshot-2024-10-18-alle-10.46.42.png","width":730,"height":258},{"@type":"BreadcrumbList","@id":"https:\/\/www.accuratereviews.com\/it\/software-gestione-brand\/basecamp-dam-recensione\/#breadcrumb","itemListElement":[{"@type":"ListItem","position":1,"name":"Home","item":"https:\/\/www.accuratereviews.com\/it\/"},{"@type":"ListItem","position":2,"name":"Software per la gestione dei brand","item":"https:\/\/www.accuratereviews.com\/it\/software-gestione-brand\/"},{"@type":"ListItem","position":3,"name":"BaseCamp DAM"}]},{"@type":"WebSite","@id":"https:\/\/www.accuratereviews.com\/it\/#website","url":"https:\/\/www.accuratereviews.com\/it\/","name":"Accurate Reviews","description":"","potentialAction":[{"@type":"SearchAction","target":{"@type":"EntryPoint","urlTemplate":"https:\/\/www.accuratereviews.com\/it\/?s={search_term_string}"},"query-input":{"@type":"PropertyValueSpecification","valueRequired":true,"valueName":"search_term_string"}}],"inLanguage":"it-IT"}]}},"_links":{"self":[{"href":"https:\/\/www.accuratereviews.com\/it\/wp-json\/wp\/v2\/pages\/79597","targetHints":{"allow":["GET"]}}],"collection":[{"href":"https:\/\/www.accuratereviews.com\/it\/wp-json\/wp\/v2\/pages"}],"about":[{"href":"https:\/\/www.accuratereviews.com\/it\/wp-json\/wp\/v2\/types\/page"}],"author":[{"embeddable":true,"href":"https:\/\/www.accuratereviews.com\/it\/wp-json\/wp\/v2\/users\/19"}],"replies":[{"embeddable":true,"href":"https:\/\/www.accuratereviews.com\/it\/wp-json\/wp\/v2\/comments?post=79597"}],"version-history":[{"count":11,"href":"https:\/\/www.accuratereviews.com\/it\/wp-json\/wp\/v2\/pages\/79597\/revisions"}],"predecessor-version":[{"id":79638,"href":"https:\/\/www.accuratereviews.com\/it\/wp-json\/wp\/v2\/pages\/79597\/revisions\/79638"}],"up":[{"embeddable":true,"href":"https:\/\/www.accuratereviews.com\/it\/wp-json\/wp\/v2\/pages\/44787"}],"wp:featuredmedia":[{"embeddable":true,"href":"https:\/\/www.accuratereviews.com\/it\/wp-json\/wp\/v2\/media\/79600"}],"wp:attachment":[{"href":"https:\/\/www.accuratereviews.com\/it\/wp-json\/wp\/v2\/media?parent=79597"}],"wp:term":[{"taxonomy":"category","embeddable":true,"href":"https:\/\/www.accuratereviews.com\/it\/wp-json\/wp\/v2\/categories?post=79597"},{"taxonomy":"post_tag","embeddable":true,"href":"https:\/\/www.accuratereviews.com\/it\/wp-json\/wp\/v2\/tags?post=79597"},{"taxonomy":"features","embeddable":true,"href":"https:\/\/www.accuratereviews.com\/it\/wp-json\/wp\/v2\/features?post=79597"}],"curies":[{"name":"wp","href":"https:\/\/api.w.org\/{rel}","templated":true}]}}