{"id":79700,"date":"2024-10-23T16:36:03","date_gmt":"2024-10-23T16:36:03","guid":{"rendered":"https:\/\/www.accuratereviews.com\/?page_id=79700"},"modified":"2024-10-24T06:46:26","modified_gmt":"2024-10-24T06:46:26","slug":"duolingo-recensione","status":"publish","type":"page","link":"https:\/\/www.accuratereviews.com\/it\/piattaforme-didattica-distanza\/duolingo-recensione\/","title":{"rendered":"Duolingo"},"content":{"rendered":"<p><strong>Duolingo<\/strong> \u00e8 un <strong>sistema di gestione dell&#8217;apprendimento<\/strong> che offre moduli di apprendimento di piccole dimensioni per insegnare a parlare e leggere diverse lingue, tra cui spagnolo, francese, italiano, tedesco, francese e inglese. La piattaforma offre lezioni gamificate, che consentono ai tirocinanti di apprendere e incorporare competenze grammaticali e di vocabolario. Gli insegnanti possono definire le istruzioni in classe, monitorare i progressi degli studenti rispetto agli obiettivi di apprendimento e condividere feedback personalizzati su un&#8217;interfaccia unificata.<br \/>\n<strong>Duolingo<\/strong> offre applicazioni mobili <strong>iOS e Android<\/strong>, consentendo ai team di scaricare pi\u00f9 lezioni di formazione e visualizzarle in modalit\u00e0 offline. Gli studenti, inoltre, possono reimpostare le lingue nei profili e seguire o bloccare i membri del team su una dashboard centralizzata. Gli studenti possono competere con altri tirocinanti, monitorare i punteggi tramite classifiche in tempo reale e accedere alle storie di <strong>Duolingo<\/strong> per provare esercizi basati sulla comprensione di lettura e ascolto.<\/p>\n<h2>DUOLINGO &#8211; TUTORIAL<\/h2>\n<div id=\"fluid-wrapper-counter-1\" class=\"g1-fluid-wrapper \" style=\"width:686px;\">\n<div style=\"padding-bottom:56.268221574344%;\"><iframe loading=\"lazy\" title=\"Tutorial come funziona Duolingo\" width=\"686\" height=\"386\" src=\"https:\/\/www.youtube.com\/embed\/MiVMPoJmeBo?feature=oembed&amp;wmode=transparent&amp;autohide=1&amp;autoplay=0&amp;disablekb=0&amp;fs=1&amp;loop=0&amp;enablejsapi=1&amp;rel=0&amp;controls=2&amp;showinfo=0&amp;wmode=transparent&amp;autohide=2&amp;autoplay=0&amp;disablekb=0&amp;fs=1&amp;loop=0&amp;enablejsapi=1&amp;rel=0&amp;controls=2&amp;showinfo=1\" frameborder=\"0\" allow=\"accelerometer; autoplay; clipboard-write; encrypted-media; gyroscope; picture-in-picture; web-share\" referrerpolicy=\"strict-origin-when-cross-origin\" allowfullscreen><\/iframe><\/div>\n<\/div>\n<h3>DUOLINGO &#8211; CARATTERISTICHE<\/h3>\n<ul>\n<li>Imparare con questa app \u00e8 divertente. Con le lezioni brevi ed efficaci, impari le lingue che vuoi guadagnando punti e sbloccando nuovi livelli.<\/li>\n<li>Utilizza un metodo che unisce approccio scientifico e contenuti divertenti per insegnare efficacemente le lingue tramite la lettura, l&#8217;ascolto, la scrittura e la conversazione,<\/li>\n<li>Con un approccio ludico, sfide divertenti e i simpatici promemoria imparare le lingue sar\u00e0 un gioco da ragazzi.<\/li>\n<li>Combinando il meglio dell&#8217;intelligenza artificiale e delle scienze linguistiche, le lezioni si adattano perfettamente al tuo livello e ritmo di apprendimento.<\/li>\n<li>L&#8217;esame di inglese \u00e8 pratico, veloce e conveniente. Grazie all&#8217;integrazione della ricerca sui test di valutazione dell&#8217;inglese e dell&#8217;intelligenza artificiale, la soluzione rende possibile per chiunque sostenere l&#8217;esame dove e quando si vuole.<\/li>\n<li>Gli strumenti gratuiti supportano gli studenti nell&#8217;apprendimento delle lingue attraverso l&#8217;app per Android o iOS, sia dentro che fuori dalla classe.<\/li>\n<li>Con lezioni di fonetica divertenti e deliziose storie aiuta i bambini dai 3 agli 8 anni a imparare a leggere e a scrivere in una lingua straniera.<\/li>\n<li>Le lezioni divertenti rendono pi\u00f9 semplice rimanere al passo con il programma scolastico, mentre i pi\u00f9 grandi possono divertirsi ad allenare la mente.<\/li>\n<\/ul>\n<h4>LE RECENSIONI DEGLI UTENTI<\/h4>\n<p><strong>Gerardo &#8220;Duolingo, l&#8217;app perfetta per imparare&#8221;<\/strong><br \/>\n<strong>Pro<\/strong>: Si pu\u00f2 imparare molto facilmente e velocemente, sfidandosi con persone di tutto il mondo e scalando classifiche, quest&#8217;app \u00e8 molto divertente.<br \/>\n<strong>Contro<\/strong>: Quest&#8217;app \u00e8 molto utile, divertente e non c&#8217;\u00e8 nulla che non mi piace<\/p>\n<p><strong>Flaviano &#8220;Recensione Duolingo: perch\u00e8 conviene&#8221;<\/strong><br \/>\n<strong>Commenti<\/strong>: Questo software mi ha permesso in poco tempo e con grande semplicit\u00e0 di poter apprendere una lingua che mi serviva per poter superare un esame all&#8217;universit\u00e0, consiglio caldamente di potergli dare una possibilit\u00e0 a questo software per chi volesse imparare una nuova lingua per motivi personali, di lavoro o per una propria necessit\u00e0.<br \/>\n<strong>Pro<\/strong>: Il software Duolingo permette di apprendere con estrema facilit\u00e0 \u00e8 rapidit\u00e0 lingue straniere utili nel mondo lavorativo, nel mondo sociale e nel mondo scolastico. Il software \u00e8 semplice da utilizzare per qualsiasi utente che intende voler apprendere una nuova lingua, \u00e8 un software molto economico e dunque accessibile a chiunque e permette di potersi divertire interagendo con il sistema del software ma al tempo stesso raggiungere gli obiettivi imposti.<br \/>\n<strong>Contro<\/strong>: Ritengo che il software di Duolingo possa funzionar bene cos\u00ec per\u00f2 se proprio devo muovere una critica vorrei che magari venisse implementato la possibilit\u00e0 di confrontarsi con dei docenti o persone madrelingue per poter parlare anche la lingua che si intende imparare in tempo reale<\/p>\n<p><strong>Andrea &#8220;Duolinguo app fantastica rapporto qualit\u00e0 prezzo&#8221;<\/strong><br \/>\n<strong>Commenti<\/strong>: ottima esperienza la consiglierei senza dubbio, ho usato e esto usando duolingo attivamente per rispolverare il francese ma anche per avere un&#8217;infarinatura dello spagnolo che non guasta mai soprattutto in viaggio.<br \/>\n<strong>Pro<\/strong>: Duolingo \u00e8 un&#8217;app gratuita molto strutturata e completa per l&#8217;apprendimento delle lingue, la funzionalit\u00e0 a step permette di affrontare argomenti e macroaree in maniera step by step partendo dalle basi per poi progredire nel tempo. Cose che mi sono piaciute sono: possibilit\u00e0 di stabilire l&#8217;orario di apprendimento, mix tra scritto e ascolto e parlato per memorizzare meglio il vocabolario, punteggi e reward che si accumulano con il tempo, incentivano a progredire.<br \/>\n<strong>Contro<\/strong>: Si potrebbe migliorare l&#8217;applicazione inserendo pi\u00f9 &#8220;speaking &#8221; cos\u00ec da far progredire velocemente la capacit\u00e0 di parlare la lingua, pi\u00f9 attenzione nelle congiunzioni di frasi e meno tempo dedicato ad imparare le singole parole.<\/p>\n","protected":false},"excerpt":{"rendered":"<p>Duolingo \u00e8 un sistema di gestione dell&#8217;apprendimento che offre moduli di apprendimento di piccole dimensioni per insegnare a parlare e leggere diverse lingue, tra cui spagnolo, francese, italiano, tedesco, francese e inglese. La piattaforma offre lezioni gamificate, che consentono ai tirocinanti di apprendere e incorporare competenze grammaticali e di vocabolario.<\/p>\n","protected":false},"author":19,"featured_media":79702,"parent":30279,"menu_order":0,"comment_status":"open","ping_status":"closed","template":"g1_template_page_review_new.php","meta":{"_acf_changed":false,"cwp_meta_box_check":"Yes","cwp_rev_product_name":"","cwp_rev_product_image":"","wppr_links":[],"cwp_rev_price":"0.00","wppr_options":[{"name":"Usability","value":"0"},{"name":"Speed","value":"0"},{"name":"Features","value":"0"},{"name":"Support","value":"0"},{"name":"Pricing","value":"0"}],"wppr_pros":["","","","",""],"wppr_cons":["","","","",""],"_monsterinsights_skip_tracking":false,"_monsterinsights_sitenote_active":false,"_monsterinsights_sitenote_note":"","_monsterinsights_sitenote_category":0,"footnotes":""},"categories":[3634],"tags":[442,15396,1188,443,15395,15394,15392,15393],"features":[],"class_list":{"0":"post-79700","1":"page","2":"type-page","3":"status-publish","4":"has-post-thumbnail","6":"category-piattaforme-per-la-didattica-a-distanza-categoria","7":"tag-android","8":"tag-app-apprendimento-lingue","9":"tag-duolingo","10":"tag-ios","11":"tag-piattaforma-apprendimento-lingue","12":"tag-programma-apprendimento-lingue","13":"tag-software-apprendimento-lingue","14":"tag-soluzione-apprendimento-lingue"},"wppr_data":{"cwp_meta_box_check":"Yes","_wppr_review_template":"default","cwp_rev_product_image":"","cwp_image_link":"image","wppr_links":[],"cwp_rev_price":"0.00","wppr_pros":["","","","",""],"wppr_cons":["","","","",""],"wppr_rating":"0.00","wppr_options":{"1":{"name":"Usability","value":"0"},"2":{"name":"Speed","value":"0"},"3":{"name":"Features","value":"0"},"4":{"name":"Support","value":"0"},"5":{"name":"Pricing","value":"0"}},"wppr_review_type":"Product","wppr_review_custom_fields":{"additionalProperty":"","additionalType":"","aggregateRating":"","alternateName":"","audience":"","award":"","awards":"","brand":"","color":"","depth":"","description":"","disambiguatingDescription":"","gtin12":"","gtin13":"","gtin14":"","gtin8":"","height":"","identifier":"","image":"","isAccessoryOrSparePartFor":"","isConsumableFor":"","isRelatedTo":"","isSimilarTo":"","itemCondition":"","logo":"","mainEntityOfPage":"","manufacturer":"","material":"","model":"","mpn":"","name":"","offers":"","potentialAction":"","productID":"","productionDate":"","purchaseDate":"","releaseDate":"","review":"","reviews":"","sameAs":"","sku":"","slogan":"","subjectOf":"","url":"","weight":"","width":""}},"acf":[],"yoast_head":"<!-- This site is optimized with the Yoast SEO plugin v27.4 - https:\/\/yoast.com\/product\/yoast-seo-wordpress\/ -->\n<title>Duolingo: recensione software didattica a distanza - Accurate Reviews<\/title>\n<meta name=\"description\" content=\"Duolingo: recensione sistema di gestione dell&#039;apprendimento delle lingue che offre moduli di apprendimento di piccole dimensioni.\" \/>\n<meta name=\"robots\" content=\"index, follow, max-snippet:-1, max-image-preview:large, max-video-preview:-1\" \/>\n<link rel=\"canonical\" href=\"https:\/\/www.accuratereviews.com\/it\/piattaforme-didattica-distanza\/duolingo-recensione\/\" \/>\n<meta property=\"og:locale\" content=\"it_IT\" \/>\n<meta property=\"og:type\" content=\"article\" \/>\n<meta property=\"og:title\" content=\"Duolingo: recensione software didattica a distanza - Accurate Reviews\" \/>\n<meta property=\"og:description\" content=\"Duolingo: recensione sistema di gestione dell&#039;apprendimento delle lingue che offre moduli di apprendimento di piccole dimensioni.\" \/>\n<meta property=\"og:url\" content=\"https:\/\/www.accuratereviews.com\/it\/piattaforme-didattica-distanza\/duolingo-recensione\/\" \/>\n<meta property=\"og:site_name\" content=\"Accurate Reviews\" \/>\n<meta property=\"article:modified_time\" content=\"2024-10-24T06:46:26+00:00\" \/>\n<meta property=\"og:image\" content=\"https:\/\/www.accuratereviews.com\/wp-content\/uploads\/2024\/10\/duolingo.com_.png\" \/>\n\t<meta property=\"og:image:width\" content=\"512\" \/>\n\t<meta property=\"og:image:height\" content=\"512\" \/>\n\t<meta property=\"og:image:type\" content=\"image\/png\" \/>\n<meta name=\"twitter:card\" content=\"summary_large_image\" \/>\n<meta name=\"twitter:label1\" content=\"Tempo di lettura stimato\" \/>\n\t<meta name=\"twitter:data1\" content=\"5 minuti\" \/>\n<script type=\"application\/ld+json\" class=\"yoast-schema-graph\">{\"@context\":\"https:\\\/\\\/schema.org\",\"@graph\":[{\"@type\":\"WebPage\",\"@id\":\"https:\\\/\\\/www.accuratereviews.com\\\/it\\\/piattaforme-didattica-distanza\\\/duolingo-recensione\\\/\",\"url\":\"https:\\\/\\\/www.accuratereviews.com\\\/it\\\/piattaforme-didattica-distanza\\\/duolingo-recensione\\\/\",\"name\":\"Duolingo: recensione software didattica a distanza - Accurate Reviews\",\"isPartOf\":{\"@id\":\"https:\\\/\\\/www.accuratereviews.com\\\/it\\\/#website\"},\"primaryImageOfPage\":{\"@id\":\"https:\\\/\\\/www.accuratereviews.com\\\/it\\\/piattaforme-didattica-distanza\\\/duolingo-recensione\\\/#primaryimage\"},\"image\":{\"@id\":\"https:\\\/\\\/www.accuratereviews.com\\\/it\\\/piattaforme-didattica-distanza\\\/duolingo-recensione\\\/#primaryimage\"},\"thumbnailUrl\":\"https:\\\/\\\/www.accuratereviews.com\\\/wp-content\\\/uploads\\\/2024\\\/10\\\/duolingo.com_.png\",\"datePublished\":\"2024-10-23T16:36:03+00:00\",\"dateModified\":\"2024-10-24T06:46:26+00:00\",\"description\":\"Duolingo: recensione sistema di gestione dell'apprendimento delle lingue che offre moduli di apprendimento di piccole dimensioni.\",\"breadcrumb\":{\"@id\":\"https:\\\/\\\/www.accuratereviews.com\\\/it\\\/piattaforme-didattica-distanza\\\/duolingo-recensione\\\/#breadcrumb\"},\"inLanguage\":\"it-IT\",\"potentialAction\":[{\"@type\":\"ReadAction\",\"target\":[\"https:\\\/\\\/www.accuratereviews.com\\\/it\\\/piattaforme-didattica-distanza\\\/duolingo-recensione\\\/\"]}]},{\"@type\":\"ImageObject\",\"inLanguage\":\"it-IT\",\"@id\":\"https:\\\/\\\/www.accuratereviews.com\\\/it\\\/piattaforme-didattica-distanza\\\/duolingo-recensione\\\/#primaryimage\",\"url\":\"https:\\\/\\\/www.accuratereviews.com\\\/wp-content\\\/uploads\\\/2024\\\/10\\\/duolingo.com_.png\",\"contentUrl\":\"https:\\\/\\\/www.accuratereviews.com\\\/wp-content\\\/uploads\\\/2024\\\/10\\\/duolingo.com_.png\",\"width\":512,\"height\":512},{\"@type\":\"BreadcrumbList\",\"@id\":\"https:\\\/\\\/www.accuratereviews.com\\\/it\\\/piattaforme-didattica-distanza\\\/duolingo-recensione\\\/#breadcrumb\",\"itemListElement\":[{\"@type\":\"ListItem\",\"position\":1,\"name\":\"Home\",\"item\":\"https:\\\/\\\/www.accuratereviews.com\\\/it\\\/\"},{\"@type\":\"ListItem\",\"position\":2,\"name\":\"Piattaforme per la didattica a distanza\",\"item\":\"https:\\\/\\\/www.accuratereviews.com\\\/it\\\/piattaforme-didattica-distanza\\\/\"},{\"@type\":\"ListItem\",\"position\":3,\"name\":\"Duolingo\"}]},{\"@type\":\"WebSite\",\"@id\":\"https:\\\/\\\/www.accuratereviews.com\\\/it\\\/#website\",\"url\":\"https:\\\/\\\/www.accuratereviews.com\\\/it\\\/\",\"name\":\"Accurate Reviews\",\"description\":\"\",\"potentialAction\":[{\"@type\":\"SearchAction\",\"target\":{\"@type\":\"EntryPoint\",\"urlTemplate\":\"https:\\\/\\\/www.accuratereviews.com\\\/it\\\/?s={search_term_string}\"},\"query-input\":{\"@type\":\"PropertyValueSpecification\",\"valueRequired\":true,\"valueName\":\"search_term_string\"}}],\"inLanguage\":\"it-IT\"}]}<\/script>\n<!-- \/ Yoast SEO plugin. -->","yoast_head_json":{"title":"Duolingo: recensione software didattica a distanza - Accurate Reviews","description":"Duolingo: recensione sistema di gestione dell'apprendimento delle lingue che offre moduli di apprendimento di piccole dimensioni.","robots":{"index":"index","follow":"follow","max-snippet":"max-snippet:-1","max-image-preview":"max-image-preview:large","max-video-preview":"max-video-preview:-1"},"canonical":"https:\/\/www.accuratereviews.com\/it\/piattaforme-didattica-distanza\/duolingo-recensione\/","og_locale":"it_IT","og_type":"article","og_title":"Duolingo: recensione software didattica a distanza - Accurate Reviews","og_description":"Duolingo: recensione sistema di gestione dell'apprendimento delle lingue che offre moduli di apprendimento di piccole dimensioni.","og_url":"https:\/\/www.accuratereviews.com\/it\/piattaforme-didattica-distanza\/duolingo-recensione\/","og_site_name":"Accurate Reviews","article_modified_time":"2024-10-24T06:46:26+00:00","og_image":[{"width":512,"height":512,"url":"https:\/\/www.accuratereviews.com\/wp-content\/uploads\/2024\/10\/duolingo.com_.png","type":"image\/png"}],"twitter_card":"summary_large_image","twitter_misc":{"Tempo di lettura stimato":"5 minuti"},"schema":{"@context":"https:\/\/schema.org","@graph":[{"@type":"WebPage","@id":"https:\/\/www.accuratereviews.com\/it\/piattaforme-didattica-distanza\/duolingo-recensione\/","url":"https:\/\/www.accuratereviews.com\/it\/piattaforme-didattica-distanza\/duolingo-recensione\/","name":"Duolingo: recensione software didattica a distanza - Accurate Reviews","isPartOf":{"@id":"https:\/\/www.accuratereviews.com\/it\/#website"},"primaryImageOfPage":{"@id":"https:\/\/www.accuratereviews.com\/it\/piattaforme-didattica-distanza\/duolingo-recensione\/#primaryimage"},"image":{"@id":"https:\/\/www.accuratereviews.com\/it\/piattaforme-didattica-distanza\/duolingo-recensione\/#primaryimage"},"thumbnailUrl":"https:\/\/www.accuratereviews.com\/wp-content\/uploads\/2024\/10\/duolingo.com_.png","datePublished":"2024-10-23T16:36:03+00:00","dateModified":"2024-10-24T06:46:26+00:00","description":"Duolingo: recensione sistema di gestione dell'apprendimento delle lingue che offre moduli di apprendimento di piccole dimensioni.","breadcrumb":{"@id":"https:\/\/www.accuratereviews.com\/it\/piattaforme-didattica-distanza\/duolingo-recensione\/#breadcrumb"},"inLanguage":"it-IT","potentialAction":[{"@type":"ReadAction","target":["https:\/\/www.accuratereviews.com\/it\/piattaforme-didattica-distanza\/duolingo-recensione\/"]}]},{"@type":"ImageObject","inLanguage":"it-IT","@id":"https:\/\/www.accuratereviews.com\/it\/piattaforme-didattica-distanza\/duolingo-recensione\/#primaryimage","url":"https:\/\/www.accuratereviews.com\/wp-content\/uploads\/2024\/10\/duolingo.com_.png","contentUrl":"https:\/\/www.accuratereviews.com\/wp-content\/uploads\/2024\/10\/duolingo.com_.png","width":512,"height":512},{"@type":"BreadcrumbList","@id":"https:\/\/www.accuratereviews.com\/it\/piattaforme-didattica-distanza\/duolingo-recensione\/#breadcrumb","itemListElement":[{"@type":"ListItem","position":1,"name":"Home","item":"https:\/\/www.accuratereviews.com\/it\/"},{"@type":"ListItem","position":2,"name":"Piattaforme per la didattica a distanza","item":"https:\/\/www.accuratereviews.com\/it\/piattaforme-didattica-distanza\/"},{"@type":"ListItem","position":3,"name":"Duolingo"}]},{"@type":"WebSite","@id":"https:\/\/www.accuratereviews.com\/it\/#website","url":"https:\/\/www.accuratereviews.com\/it\/","name":"Accurate Reviews","description":"","potentialAction":[{"@type":"SearchAction","target":{"@type":"EntryPoint","urlTemplate":"https:\/\/www.accuratereviews.com\/it\/?s={search_term_string}"},"query-input":{"@type":"PropertyValueSpecification","valueRequired":true,"valueName":"search_term_string"}}],"inLanguage":"it-IT"}]}},"_links":{"self":[{"href":"https:\/\/www.accuratereviews.com\/it\/wp-json\/wp\/v2\/pages\/79700","targetHints":{"allow":["GET"]}}],"collection":[{"href":"https:\/\/www.accuratereviews.com\/it\/wp-json\/wp\/v2\/pages"}],"about":[{"href":"https:\/\/www.accuratereviews.com\/it\/wp-json\/wp\/v2\/types\/page"}],"author":[{"embeddable":true,"href":"https:\/\/www.accuratereviews.com\/it\/wp-json\/wp\/v2\/users\/19"}],"replies":[{"embeddable":true,"href":"https:\/\/www.accuratereviews.com\/it\/wp-json\/wp\/v2\/comments?post=79700"}],"version-history":[{"count":11,"href":"https:\/\/www.accuratereviews.com\/it\/wp-json\/wp\/v2\/pages\/79700\/revisions"}],"predecessor-version":[{"id":79724,"href":"https:\/\/www.accuratereviews.com\/it\/wp-json\/wp\/v2\/pages\/79700\/revisions\/79724"}],"up":[{"embeddable":true,"href":"https:\/\/www.accuratereviews.com\/it\/wp-json\/wp\/v2\/pages\/30279"}],"wp:featuredmedia":[{"embeddable":true,"href":"https:\/\/www.accuratereviews.com\/it\/wp-json\/wp\/v2\/media\/79702"}],"wp:attachment":[{"href":"https:\/\/www.accuratereviews.com\/it\/wp-json\/wp\/v2\/media?parent=79700"}],"wp:term":[{"taxonomy":"category","embeddable":true,"href":"https:\/\/www.accuratereviews.com\/it\/wp-json\/wp\/v2\/categories?post=79700"},{"taxonomy":"post_tag","embeddable":true,"href":"https:\/\/www.accuratereviews.com\/it\/wp-json\/wp\/v2\/tags?post=79700"},{"taxonomy":"features","embeddable":true,"href":"https:\/\/www.accuratereviews.com\/it\/wp-json\/wp\/v2\/features?post=79700"}],"curies":[{"name":"wp","href":"https:\/\/api.w.org\/{rel}","templated":true}]}}