{"id":79726,"date":"2024-10-24T17:50:36","date_gmt":"2024-10-24T17:50:36","guid":{"rendered":"https:\/\/www.accuratereviews.com\/?page_id=79726"},"modified":"2024-10-25T10:42:14","modified_gmt":"2024-10-25T10:42:14","slug":"notion-recensione","status":"publish","type":"page","link":"https:\/\/www.accuratereviews.com\/it\/project-management-online-lista-software\/notion-recensione\/","title":{"rendered":"Notion"},"content":{"rendered":"<p><strong>Notion<\/strong> \u00e8 una<strong> soluzione di gestione di progetti e flussi di lavoro<\/strong> che aiuta le aziende a semplificare le operazioni relative all&#8217;impostazione degli obiettivi, al monitoraggio dello stato, alla gestione dei lead e altro ancora su una piattaforma centralizzata. Consente agli utenti di utilizzare l<strong>&#8216;interfaccia drag-and-drop<\/strong> per organizzare, sviluppare idee, pensieri o piani.<br \/>\n<strong>Notion<\/strong>\u00a0permette alle aziende di creare e mantenere una knowledge base per pi\u00f9 argomenti come istruzioni per le attivit\u00e0, linee guida di codifica, flussi di lavoro delle risorse umane e altro ancora. Con il calendario integrato e le <strong>bacheche kanban<\/strong>, gli utenti possono creare roadmap e monitorare le attivit\u00e0 in base allo stato di completamento, alla categoria, alla priorit\u00e0 o ai membri del team assegnati.<br \/>\nPer migliorare la collaborazione, i membri del team possono aggiungere commenti su attivit\u00e0 e progetti per avviare discussioni. Consente agli utenti di creare elenchi di cose da fare, preparare appunti per le riunioni e impostare agende settimanali su una piattaforma unificata.<\/p>\n<h2>NOTION &#8211; TUTORIAL<\/h2>\n<div id=\"fluid-wrapper-counter-1\" class=\"g1-fluid-wrapper \" style=\"width:686px;\">\n<div style=\"padding-bottom:56.268221574344%;\"><iframe loading=\"lazy\" title=\"ORGANIZZA il tuo spazio su NOTION - P.1\" width=\"686\" height=\"386\" src=\"https:\/\/www.youtube.com\/embed\/xPILnmqWqWY?feature=oembed&amp;wmode=transparent&amp;autohide=1&amp;autoplay=0&amp;disablekb=0&amp;fs=1&amp;loop=0&amp;enablejsapi=1&amp;rel=0&amp;controls=2&amp;showinfo=0&amp;wmode=transparent&amp;autohide=2&amp;autoplay=0&amp;disablekb=0&amp;fs=1&amp;loop=0&amp;enablejsapi=1&amp;rel=0&amp;controls=2&amp;showinfo=1\" frameborder=\"0\" allow=\"accelerometer; autoplay; clipboard-write; encrypted-media; gyroscope; picture-in-picture; web-share\" referrerpolicy=\"strict-origin-when-cross-origin\" allowfullscreen><\/iframe><\/div>\n<\/div>\n<h3>NOTION &#8211; CARATTERISTICHE<\/h3>\n<ul>\n<li><strong>Frammenti di codice<\/strong>: evidenziazione della sintassi nativa per decine di linguaggi.<\/li>\n<li><strong>Immagini e video<\/strong>: incorpora direttamente da Loom e YouTube o carica i tuoi.<\/li>\n<li><strong>Grafici<\/strong>: aggiungi grafici live a qualsiasi documento.<\/li>\n<li><strong>I file di ogni team, a colpo d&#8217;occhio:<\/strong> la barra laterale \u00a0mantiene organizzato il tuo spazio di lavoro, indipendentemente dalla velocit\u00e0 con cui cresci.<\/li>\n<li><strong>Collabora o modifica insieme<\/strong>: consenti ad altri di commentare o suggerire modifiche. Basta digitare il tasto @ per attirare la loro attenzione.<\/li>\n<li><strong>Prodotto:<\/strong> collega la roadmap agli obiettivi e mantieni le persone allineate su cosa viene spedito e quando.<\/li>\n<li><strong>Design<\/strong>: avanza i round di revisione, dai priorit\u00e0 alle richieste e rispetta tutte le scadenze creative.<\/li>\n<li><strong>Engineering<\/strong>: spedisci le funzionalit\u00e0 pi\u00f9 velocemente con sprint, linee guida del codice, correzioni di bug e altro ancora, tutto in un unico posto.<\/li>\n<li><strong>Figma<\/strong>: condividi sempre i design pi\u00f9 aggiornati con il tuo team.<\/li>\n<li><strong>Amplitude<\/strong>: monitora le metriche di rilascio, i risultati degli esperimenti e altro ancora.<\/li>\n<li><strong>Github<\/strong>: porta richieste pull, problemi e persino repository direttamente dalla soluzione.<\/li>\n<li><strong>Slack<\/strong>: incolla semplicemente un collegamento per visualizzare il messaggio completo senza cambiare strumento.<\/li>\n<li><strong>Jira<\/strong>: visualizza gli aggiornamenti dei bug o converti un intero progetto in un database.<\/li>\n<li><strong>Ricerca che funziona davvero<\/strong>: filtri potenti consentono a chiunque di trovare dati e decisioni tra i team in pochi secondi.<\/li>\n<li><strong>Organizzazione drag and drop<\/strong>: tutti possono contribuire alla tua knowledge base. Non c&#8217;\u00e8 bisogno di essere esperti di tecnologia per aggiornare una pagina.<\/li>\n<li><strong>Controlli di sicurezza e amministrazione<\/strong>: proteggi il tuo spazio di lavoro con strumenti di sicurezza, conformit\u00e0 e controllo.<\/li>\n<li><strong>Ruoli di amministrazione:<\/strong> delega utenti a livello di amministratore per gestire l&#8217;appartenenza allo spazio di lavoro.<\/li>\n<li><strong>Autorizzazioni avanzate<\/strong>: specifica chi pu\u00f2 fare e creare cosa, con precisione granulare.<\/li>\n<li><strong>Single sign-on SAML<\/strong>: consenti ai dipendenti di accedere alla soluzione tramite il tuo provider di identit\u00e0 utilizzando SSO basato su SAML.<\/li>\n<li><strong>Provisioning degli utenti SCIM:<\/strong> crea, rimuovi, aggiungi, aggiorna o recupera facilmente qualsiasi utente o gruppo.<\/li>\n<\/ul>\n<h4>LE RECENSIONI DEGLI UTENTI<\/h4>\n<p><strong>Domenico &#8220;Organizzo tutta la mia vita in un solo software&#8221;<\/strong><br \/>\n<strong>Commenti<\/strong>: Organizzo tutte le mie idee, dati, riepiloghi di studio, cose di lavoro. Posso personalizzare come voglio qualsiasi strumento, report o maniera di visualizzazione di tutto. Molto pratico e facile da usare.<br \/>\n<strong>Pro<\/strong>: Tanti strumenti pronti al uso, molto personalizzabile e condivisibile. Organizzo tutto in maniera digitale, sia il personale che il lavorativo<br \/>\n<strong>Contro<\/strong>: Non ci sta niente che non mi piace, penso che a un software cos\u00ec non puoi trovare difetti<\/p>\n<p><strong>Luigi &#8220;Ormai \u00e8 Indispensabile&#8221;<\/strong><br \/>\n<strong>Pro<\/strong>: Modularit\u00e0: Sembra difficile da utilizzare all&#8217;inizio a causa delle tantissime opportunit\u00e0 che offre ma la possibilit\u00e0 di modulare e personalizzare ogni aspetto lo rende speciale. Imposti ci\u00f2 che vuoi, come vuoi&#8230; E poi i tanti template presenti ti danno una mano per non partire ogni volta da zero.<br \/>\n<strong>Contro<\/strong>: Al momento nulla, non ho mai riscontrato problemi.<\/p>\n<p><strong>Francesco &#8220;Perfetta per la programmazione di ogni giorno&#8221;<\/strong><br \/>\n<strong>Commenti<\/strong>: Sono molto contento, la consiglio molto \u00e8 sto imparando ancora ad usarla ma la utilizzer\u00f2 per molto.<br \/>\n<strong>Pro<\/strong>: Ho da poco installato Notion e la sto usando praticamente tutto il giorno, mi risulta veramente utile. La consiglio molto perch\u00e9 \u00e8 molto pratica \u00e8 puoi gestire qualunque tipo di programma.<br \/>\n<strong>Contro<\/strong>: L&#8217;unica difficolt\u00e0 \u00e8 imparare ad usarla ma sul web ci sono molti video che spiegano il suo utilizzo anche in breve.<\/p>\n","protected":false},"excerpt":{"rendered":"<p>Notion \u00e8 una soluzione di gestione di progetti e flussi di lavoro che aiuta le aziende a semplificare le operazioni relative all&#8217;impostazione degli obiettivi, al monitoraggio dello stato, alla gestione dei lead e altro ancora su una piattaforma centralizzata. Consente agli utenti di utilizzare l&#8217;interfaccia drag-and-drop per organizzare, sviluppare idee, pensieri o piani.<\/p>\n","protected":false},"author":19,"featured_media":79727,"parent":8333,"menu_order":0,"comment_status":"open","ping_status":"closed","template":"g1_template_page_review_new.php","meta":{"_acf_changed":false,"cwp_meta_box_check":"Yes","cwp_rev_product_name":"","cwp_rev_product_image":"","wppr_links":[],"cwp_rev_price":"0.00","wppr_options":[{"name":"Usability","value":"0"},{"name":"Speed","value":"0"},{"name":"Features","value":"0"},{"name":"Support","value":"0"},{"name":"Pricing","value":"0"}],"wppr_pros":["","","","",""],"wppr_cons":["","","","",""],"_monsterinsights_skip_tracking":false,"_monsterinsights_sitenote_active":false,"_monsterinsights_sitenote_note":"","_monsterinsights_sitenote_category":0,"footnotes":""},"categories":[172],"tags":[15406,15404,15405,1312,1319,1363],"features":[],"class_list":{"0":"post-79726","1":"page","2":"type-page","3":"status-publish","4":"has-post-thumbnail","6":"category-online-project-management-it","7":"tag-flussi-di-lavoro","8":"tag-notion","9":"tag-piattaforma-gestione-progetti","10":"tag-programma-gestione-progetti","11":"tag-software-gestione-progetti","12":"tag-soluzione-gestione-progetti"},"wppr_data":{"cwp_meta_box_check":"Yes","_wppr_review_template":"default","cwp_rev_product_image":"","cwp_image_link":"image","wppr_links":[],"cwp_rev_price":"0.00","wppr_pros":["","","","",""],"wppr_cons":["","","","",""],"wppr_rating":"0.00","wppr_options":{"1":{"name":"Usability","value":"0"},"2":{"name":"Speed","value":"0"},"3":{"name":"Features","value":"0"},"4":{"name":"Support","value":"0"},"5":{"name":"Pricing","value":"0"}},"wppr_review_type":"Product","wppr_review_custom_fields":{"additionalProperty":"","additionalType":"","aggregateRating":"","alternateName":"","audience":"","award":"","awards":"","brand":"","color":"","depth":"","description":"","disambiguatingDescription":"","gtin12":"","gtin13":"","gtin14":"","gtin8":"","height":"","identifier":"","image":"","isAccessoryOrSparePartFor":"","isConsumableFor":"","isRelatedTo":"","isSimilarTo":"","itemCondition":"","logo":"","mainEntityOfPage":"","manufacturer":"","material":"","model":"","mpn":"","name":"","offers":"","potentialAction":"","productID":"","productionDate":"","purchaseDate":"","releaseDate":"","review":"","reviews":"","sameAs":"","sku":"","slogan":"","subjectOf":"","url":"","weight":"","width":""}},"acf":[],"yoast_head":"<!-- This site is optimized with the Yoast SEO plugin v27.4 - https:\/\/yoast.com\/product\/yoast-seo-wordpress\/ -->\n<title>Notion: recensione software gestione progetti - Accurate Reviews<\/title>\n<meta name=\"description\" content=\"Notion: recensione soluzione di gestione di progetti e flussi di lavoro che aiuta le aziende a semplificare l&#039;organizzazione lavorativa.\" \/>\n<meta name=\"robots\" content=\"index, follow, max-snippet:-1, max-image-preview:large, max-video-preview:-1\" \/>\n<link rel=\"canonical\" href=\"https:\/\/www.accuratereviews.com\/it\/project-management-online-lista-software\/notion-recensione\/\" \/>\n<meta property=\"og:locale\" content=\"it_IT\" \/>\n<meta property=\"og:type\" content=\"article\" \/>\n<meta property=\"og:title\" content=\"Notion: recensione software gestione progetti - Accurate Reviews\" \/>\n<meta property=\"og:description\" content=\"Notion: recensione soluzione di gestione di progetti e flussi di lavoro che aiuta le aziende a semplificare l&#039;organizzazione lavorativa.\" \/>\n<meta property=\"og:url\" content=\"https:\/\/www.accuratereviews.com\/it\/project-management-online-lista-software\/notion-recensione\/\" \/>\n<meta property=\"og:site_name\" content=\"Accurate Reviews\" \/>\n<meta property=\"article:modified_time\" content=\"2024-10-25T10:42:14+00:00\" \/>\n<meta property=\"og:image\" content=\"https:\/\/www.accuratereviews.com\/wp-content\/uploads\/2024\/10\/NOTION.png\" \/>\n\t<meta property=\"og:image:width\" content=\"512\" \/>\n\t<meta property=\"og:image:height\" content=\"512\" \/>\n\t<meta property=\"og:image:type\" content=\"image\/png\" \/>\n<meta name=\"twitter:card\" content=\"summary_large_image\" \/>\n<meta name=\"twitter:label1\" content=\"Tempo di lettura stimato\" \/>\n\t<meta name=\"twitter:data1\" content=\"5 minuti\" \/>\n<script type=\"application\/ld+json\" class=\"yoast-schema-graph\">{\"@context\":\"https:\\\/\\\/schema.org\",\"@graph\":[{\"@type\":\"WebPage\",\"@id\":\"https:\\\/\\\/www.accuratereviews.com\\\/it\\\/project-management-online-lista-software\\\/notion-recensione\\\/\",\"url\":\"https:\\\/\\\/www.accuratereviews.com\\\/it\\\/project-management-online-lista-software\\\/notion-recensione\\\/\",\"name\":\"Notion: recensione software gestione progetti - Accurate Reviews\",\"isPartOf\":{\"@id\":\"https:\\\/\\\/www.accuratereviews.com\\\/it\\\/#website\"},\"primaryImageOfPage\":{\"@id\":\"https:\\\/\\\/www.accuratereviews.com\\\/it\\\/project-management-online-lista-software\\\/notion-recensione\\\/#primaryimage\"},\"image\":{\"@id\":\"https:\\\/\\\/www.accuratereviews.com\\\/it\\\/project-management-online-lista-software\\\/notion-recensione\\\/#primaryimage\"},\"thumbnailUrl\":\"https:\\\/\\\/www.accuratereviews.com\\\/wp-content\\\/uploads\\\/2024\\\/10\\\/NOTION.png\",\"datePublished\":\"2024-10-24T17:50:36+00:00\",\"dateModified\":\"2024-10-25T10:42:14+00:00\",\"description\":\"Notion: recensione soluzione di gestione di progetti e flussi di lavoro che aiuta le aziende a semplificare l'organizzazione lavorativa.\",\"breadcrumb\":{\"@id\":\"https:\\\/\\\/www.accuratereviews.com\\\/it\\\/project-management-online-lista-software\\\/notion-recensione\\\/#breadcrumb\"},\"inLanguage\":\"it-IT\",\"potentialAction\":[{\"@type\":\"ReadAction\",\"target\":[\"https:\\\/\\\/www.accuratereviews.com\\\/it\\\/project-management-online-lista-software\\\/notion-recensione\\\/\"]}]},{\"@type\":\"ImageObject\",\"inLanguage\":\"it-IT\",\"@id\":\"https:\\\/\\\/www.accuratereviews.com\\\/it\\\/project-management-online-lista-software\\\/notion-recensione\\\/#primaryimage\",\"url\":\"https:\\\/\\\/www.accuratereviews.com\\\/wp-content\\\/uploads\\\/2024\\\/10\\\/NOTION.png\",\"contentUrl\":\"https:\\\/\\\/www.accuratereviews.com\\\/wp-content\\\/uploads\\\/2024\\\/10\\\/NOTION.png\",\"width\":512,\"height\":512},{\"@type\":\"BreadcrumbList\",\"@id\":\"https:\\\/\\\/www.accuratereviews.com\\\/it\\\/project-management-online-lista-software\\\/notion-recensione\\\/#breadcrumb\",\"itemListElement\":[{\"@type\":\"ListItem\",\"position\":1,\"name\":\"Home\",\"item\":\"https:\\\/\\\/www.accuratereviews.com\\\/it\\\/\"},{\"@type\":\"ListItem\",\"position\":2,\"name\":\"Project Management Online\",\"item\":\"https:\\\/\\\/www.accuratereviews.com\\\/it\\\/project-management-online-lista-software\\\/\"},{\"@type\":\"ListItem\",\"position\":3,\"name\":\"Notion\"}]},{\"@type\":\"WebSite\",\"@id\":\"https:\\\/\\\/www.accuratereviews.com\\\/it\\\/#website\",\"url\":\"https:\\\/\\\/www.accuratereviews.com\\\/it\\\/\",\"name\":\"Accurate Reviews\",\"description\":\"\",\"potentialAction\":[{\"@type\":\"SearchAction\",\"target\":{\"@type\":\"EntryPoint\",\"urlTemplate\":\"https:\\\/\\\/www.accuratereviews.com\\\/it\\\/?s={search_term_string}\"},\"query-input\":{\"@type\":\"PropertyValueSpecification\",\"valueRequired\":true,\"valueName\":\"search_term_string\"}}],\"inLanguage\":\"it-IT\"}]}<\/script>\n<!-- \/ Yoast SEO plugin. -->","yoast_head_json":{"title":"Notion: recensione software gestione progetti - Accurate Reviews","description":"Notion: recensione soluzione di gestione di progetti e flussi di lavoro che aiuta le aziende a semplificare l'organizzazione lavorativa.","robots":{"index":"index","follow":"follow","max-snippet":"max-snippet:-1","max-image-preview":"max-image-preview:large","max-video-preview":"max-video-preview:-1"},"canonical":"https:\/\/www.accuratereviews.com\/it\/project-management-online-lista-software\/notion-recensione\/","og_locale":"it_IT","og_type":"article","og_title":"Notion: recensione software gestione progetti - Accurate Reviews","og_description":"Notion: recensione soluzione di gestione di progetti e flussi di lavoro che aiuta le aziende a semplificare l'organizzazione lavorativa.","og_url":"https:\/\/www.accuratereviews.com\/it\/project-management-online-lista-software\/notion-recensione\/","og_site_name":"Accurate Reviews","article_modified_time":"2024-10-25T10:42:14+00:00","og_image":[{"width":512,"height":512,"url":"https:\/\/www.accuratereviews.com\/wp-content\/uploads\/2024\/10\/NOTION.png","type":"image\/png"}],"twitter_card":"summary_large_image","twitter_misc":{"Tempo di lettura stimato":"5 minuti"},"schema":{"@context":"https:\/\/schema.org","@graph":[{"@type":"WebPage","@id":"https:\/\/www.accuratereviews.com\/it\/project-management-online-lista-software\/notion-recensione\/","url":"https:\/\/www.accuratereviews.com\/it\/project-management-online-lista-software\/notion-recensione\/","name":"Notion: recensione software gestione progetti - Accurate Reviews","isPartOf":{"@id":"https:\/\/www.accuratereviews.com\/it\/#website"},"primaryImageOfPage":{"@id":"https:\/\/www.accuratereviews.com\/it\/project-management-online-lista-software\/notion-recensione\/#primaryimage"},"image":{"@id":"https:\/\/www.accuratereviews.com\/it\/project-management-online-lista-software\/notion-recensione\/#primaryimage"},"thumbnailUrl":"https:\/\/www.accuratereviews.com\/wp-content\/uploads\/2024\/10\/NOTION.png","datePublished":"2024-10-24T17:50:36+00:00","dateModified":"2024-10-25T10:42:14+00:00","description":"Notion: recensione soluzione di gestione di progetti e flussi di lavoro che aiuta le aziende a semplificare l'organizzazione lavorativa.","breadcrumb":{"@id":"https:\/\/www.accuratereviews.com\/it\/project-management-online-lista-software\/notion-recensione\/#breadcrumb"},"inLanguage":"it-IT","potentialAction":[{"@type":"ReadAction","target":["https:\/\/www.accuratereviews.com\/it\/project-management-online-lista-software\/notion-recensione\/"]}]},{"@type":"ImageObject","inLanguage":"it-IT","@id":"https:\/\/www.accuratereviews.com\/it\/project-management-online-lista-software\/notion-recensione\/#primaryimage","url":"https:\/\/www.accuratereviews.com\/wp-content\/uploads\/2024\/10\/NOTION.png","contentUrl":"https:\/\/www.accuratereviews.com\/wp-content\/uploads\/2024\/10\/NOTION.png","width":512,"height":512},{"@type":"BreadcrumbList","@id":"https:\/\/www.accuratereviews.com\/it\/project-management-online-lista-software\/notion-recensione\/#breadcrumb","itemListElement":[{"@type":"ListItem","position":1,"name":"Home","item":"https:\/\/www.accuratereviews.com\/it\/"},{"@type":"ListItem","position":2,"name":"Project Management Online","item":"https:\/\/www.accuratereviews.com\/it\/project-management-online-lista-software\/"},{"@type":"ListItem","position":3,"name":"Notion"}]},{"@type":"WebSite","@id":"https:\/\/www.accuratereviews.com\/it\/#website","url":"https:\/\/www.accuratereviews.com\/it\/","name":"Accurate Reviews","description":"","potentialAction":[{"@type":"SearchAction","target":{"@type":"EntryPoint","urlTemplate":"https:\/\/www.accuratereviews.com\/it\/?s={search_term_string}"},"query-input":{"@type":"PropertyValueSpecification","valueRequired":true,"valueName":"search_term_string"}}],"inLanguage":"it-IT"}]}},"_links":{"self":[{"href":"https:\/\/www.accuratereviews.com\/it\/wp-json\/wp\/v2\/pages\/79726","targetHints":{"allow":["GET"]}}],"collection":[{"href":"https:\/\/www.accuratereviews.com\/it\/wp-json\/wp\/v2\/pages"}],"about":[{"href":"https:\/\/www.accuratereviews.com\/it\/wp-json\/wp\/v2\/types\/page"}],"author":[{"embeddable":true,"href":"https:\/\/www.accuratereviews.com\/it\/wp-json\/wp\/v2\/users\/19"}],"replies":[{"embeddable":true,"href":"https:\/\/www.accuratereviews.com\/it\/wp-json\/wp\/v2\/comments?post=79726"}],"version-history":[{"count":10,"href":"https:\/\/www.accuratereviews.com\/it\/wp-json\/wp\/v2\/pages\/79726\/revisions"}],"predecessor-version":[{"id":79773,"href":"https:\/\/www.accuratereviews.com\/it\/wp-json\/wp\/v2\/pages\/79726\/revisions\/79773"}],"up":[{"embeddable":true,"href":"https:\/\/www.accuratereviews.com\/it\/wp-json\/wp\/v2\/pages\/8333"}],"wp:featuredmedia":[{"embeddable":true,"href":"https:\/\/www.accuratereviews.com\/it\/wp-json\/wp\/v2\/media\/79727"}],"wp:attachment":[{"href":"https:\/\/www.accuratereviews.com\/it\/wp-json\/wp\/v2\/media?parent=79726"}],"wp:term":[{"taxonomy":"category","embeddable":true,"href":"https:\/\/www.accuratereviews.com\/it\/wp-json\/wp\/v2\/categories?post=79726"},{"taxonomy":"post_tag","embeddable":true,"href":"https:\/\/www.accuratereviews.com\/it\/wp-json\/wp\/v2\/tags?post=79726"},{"taxonomy":"features","embeddable":true,"href":"https:\/\/www.accuratereviews.com\/it\/wp-json\/wp\/v2\/features?post=79726"}],"curies":[{"name":"wp","href":"https:\/\/api.w.org\/{rel}","templated":true}]}}