{"id":79739,"date":"2024-10-25T10:18:59","date_gmt":"2024-10-25T10:18:59","guid":{"rendered":"https:\/\/www.accuratereviews.com\/?page_id=79739"},"modified":"2024-10-25T10:18:59","modified_gmt":"2024-10-25T10:18:59","slug":"bereal-recensione","status":"publish","type":"page","link":"https:\/\/www.accuratereviews.com\/it\/social-network\/bereal-recensione\/","title":{"rendered":"BeReal"},"content":{"rendered":"<p><strong>BeReal<\/strong> \u00e8 una delle <strong>app pi\u00f9 innovative del panorama social<\/strong>, nata con l\u2019intento di promuovere autenticit\u00e0 e spontaneit\u00e0 in un mondo sempre pi\u00f9 dominato da immagini curate e filtri. Lanciata nel 2020, l&#8217;app \u00e8 riuscita a distinguersi rapidamente, attirando milioni di utenti stanchi dei feed artificiali di piattaforme pi\u00f9 tradizionali.<br \/>\n<strong>BeReal<\/strong> invita gli utenti a condividere un singolo momento della loro giornata in tempo reale, senza ritocchi, filtrando l\u2019essenziale dal superfluo e dando spazio a una nuova forma di socializzazione digitale, meno pretenziosa e pi\u00f9 veritiera.<\/p>\n<h2>BEREAL &#8211; TUTORIAL<\/h2>\n<div id=\"fluid-wrapper-counter-1\" class=\"g1-fluid-wrapper \" style=\"width:686px;\">\n<div style=\"padding-bottom:56.268221574344%;\"><iframe loading=\"lazy\" title=\"BeReal: Cos&#039;\u00e8, come funziona e trucchi - Antonino Gagliano\" width=\"686\" height=\"386\" src=\"https:\/\/www.youtube.com\/embed\/dTyn6QXfT3o?feature=oembed&amp;wmode=transparent&amp;autohide=1&amp;autoplay=0&amp;disablekb=0&amp;fs=1&amp;loop=0&amp;enablejsapi=1&amp;rel=0&amp;controls=2&amp;showinfo=0&amp;wmode=transparent&amp;autohide=2&amp;autoplay=0&amp;disablekb=0&amp;fs=1&amp;loop=0&amp;enablejsapi=1&amp;rel=0&amp;controls=2&amp;showinfo=1\" frameborder=\"0\" allow=\"accelerometer; autoplay; clipboard-write; encrypted-media; gyroscope; picture-in-picture; web-share\" referrerpolicy=\"strict-origin-when-cross-origin\" allowfullscreen><\/iframe><\/div>\n<\/div>\n<h3>BEREAL &#8211; CARATTERISTICHE<\/h3>\n<ul>\n<li><strong>Notifiche in momenti casuali: <\/strong>BeReal invia una notifica a un orario casuale ogni giorno, dando agli utenti due minuti di tempo per postare una foto di ci\u00f2 che stanno facendo in quel momento. Questo elimina la possibilit\u00e0 di prepararsi per il post, catturando momenti autentici.<\/li>\n<li><strong>Doppia fotocamera (frontale e posteriore): <\/strong>ogni post include due immagini: una scattata con la fotocamera posteriore e una con la frontale, mostrando sia ci\u00f2 che l\u2019utente sta facendo sia il suo volto. Questa funzione garantisce una visione completa e genuina del momento.<\/li>\n<li><strong>Nessun filtro o modifica: <\/strong>BeReal rimuove completamente l\u2019opzione di modificare o filtrare le foto. Gli utenti devono postare esattamente ci\u00f2 che scattano, promuovendo la trasparenza senza la pressione di apparire perfetti.<\/li>\n<li><strong>Temporizzazione dei post: <\/strong>ogni post \u00e8 limitato a una finestra temporale specifica: se un utente non pubblica entro i due minuti dalla notifica, pu\u00f2 comunque postare in ritardo, ma il ritardo sar\u00e0 visibile a tutti.<\/li>\n<li><strong>Interazioni limitate: <\/strong>a differenza di altre piattaforme, BeReal non include un feed infinito di contenuti o follower. Le immagini sono visibili solo agli amici diretti e non c\u2019\u00e8 la possibilit\u00e0 di aumentare la visibilit\u00e0 tramite algoritmi, mettendo in risalto le connessioni reali.<\/li>\n<\/ul>\n<h4>LE RECENSIONI DEGLI UTENTI<\/h4>\n<p><strong>Sara G. &#8220;L&#8217;idea alla base \u00e8 molto originale&#8221;<\/strong><br \/>\nCommenti: L&#8217;idea alla base \u00e8 molto originale, il fatto che sia possibile condividere con i propri amici una foto di ci\u00f2 che si sta facendo \u00e8 molto carina. Eppure le notifiche sono davvero troppe e fastidiose, sarebbe sufficiente avvisare quando scatta il BeReal, non ogni volta che qualcuno pubblica o reagisce. Da lodare per\u00f2 le reazioni personalizzate (cio\u00e8 con una propria foto) e l&#8217;avviso di quando qualcuno fa screen al tuo BeReal. Tutto sommato una bella app ma un po&#8217; troppo invasiva.<\/p>\n<p><strong>Giulia B. &#8220;La trovo un&#8217;app molto carina, se non fosse che trovo alcuni bug.&#8221;<br \/>\n<\/strong>Commenti: La trovo un&#8217;app molto carina, se non fosse che trovo alcuni bug, come il fatto che non arriva pi\u00f9 la notifica quando ci sono i 2 min per scattare il bereal in tempo. Un altro \u00e8 che quando provo a pubblicare un bereal in tempo la prima volta che provo a pubblicarlo non si pubblica e mi si chiede di farne uno in ritardo. Oltre a questo \u00e8 molto carina e spero che si risolvino i bug :)<\/p>\n<div data-review-id=\"4b11e9de-608e-4de8-bed6-41da064f777f\" data-original-thumbs-up-count=\"12\">\n<p><strong>Elena V. &#8220;L&#8217;app \u00e8 molto bella come idea, la uso da un anno e mi ci trovo bene.&#8221;<\/strong><\/p>\n<div class=\"h3YV2d\">Commenti: L&#8217;app \u00e8 molto bella come idea, la uso da un anno e mi ci trovo bene, l&#8217;unica pecca secondo me \u00e8 che con l&#8217;ultimo aggiornamento, si hanno 6 o 2 bereal a disposizione (dipende se lo fai in tempo o no), ma sono tutti sparsi, non sono raggruppati&#8230; faccio un esempio: se una mia amica pubblica 5 bereal, non posso vederli tutti insieme, li vedo sparsi a seconda dell&#8217;orario in qui li ha fatti. Spero di essermi spiegata e che la recensione sia stata utile.<\/div>\n<\/div>\n","protected":false},"excerpt":{"rendered":"<p>BeReal \u00e8 una delle app pi\u00f9 innovative del panorama social, nata con l\u2019intento di promuovere autenticit\u00e0 e spontaneit\u00e0 in un mondo sempre pi\u00f9 dominato da immagini curate e filtri. Lanciata nel 2020, l&#8217;app \u00e8 riuscita a distinguersi rapidamente, attirando milioni di utenti stanchi dei feed artificiali di piattaforme pi\u00f9 tradizionali.<\/p>\n","protected":false},"author":17,"featured_media":79740,"parent":79751,"menu_order":0,"comment_status":"open","ping_status":"closed","template":"g1_template_page_review_new.php","meta":{"_acf_changed":false,"cwp_meta_box_check":"No","cwp_rev_product_name":"","cwp_rev_product_image":"","wppr_links":[],"cwp_rev_price":"","wppr_options":[],"wppr_pros":[],"wppr_cons":[],"_monsterinsights_skip_tracking":false,"_monsterinsights_sitenote_active":false,"_monsterinsights_sitenote_note":"","_monsterinsights_sitenote_category":0,"footnotes":""},"categories":[15413],"tags":[15412,15410,15411,1000,1016],"features":[],"class_list":{"0":"post-79739","1":"page","2":"type-page","3":"status-publish","4":"has-post-thumbnail","6":"category-social-network-cat","7":"tag-app-social","8":"tag-bereal","9":"tag-piattaforma-social","10":"tag-social","11":"tag-social-network"},"wppr_data":{"cwp_meta_box_check":"No"},"acf":[],"yoast_head":"<!-- This site is optimized with the Yoast SEO plugin v27.4 - https:\/\/yoast.com\/product\/yoast-seo-wordpress\/ -->\n<title>BeReal: recensione app social network - Accurate Reviews<\/title>\n<meta name=\"description\" content=\"BeReal: recensione di una delle app pi\u00f9 innovative del panorama social, nata con l\u2019intento di promuovere autenticit\u00e0 e spontaneit\u00e0.\" \/>\n<meta name=\"robots\" content=\"index, follow, max-snippet:-1, max-image-preview:large, max-video-preview:-1\" \/>\n<link rel=\"canonical\" href=\"https:\/\/www.accuratereviews.com\/it\/social-network\/bereal-recensione\/\" \/>\n<meta property=\"og:locale\" content=\"it_IT\" \/>\n<meta property=\"og:type\" content=\"article\" \/>\n<meta property=\"og:title\" content=\"BeReal: recensione app social network - Accurate Reviews\" \/>\n<meta property=\"og:description\" content=\"BeReal: recensione di una delle app pi\u00f9 innovative del panorama social, nata con l\u2019intento di promuovere autenticit\u00e0 e spontaneit\u00e0.\" \/>\n<meta property=\"og:url\" content=\"https:\/\/www.accuratereviews.com\/it\/social-network\/bereal-recensione\/\" \/>\n<meta property=\"og:site_name\" content=\"Accurate Reviews\" \/>\n<meta property=\"og:image\" content=\"https:\/\/www.accuratereviews.com\/wp-content\/uploads\/2024\/10\/logo.jpg\" \/>\n\t<meta property=\"og:image:width\" content=\"512\" \/>\n\t<meta property=\"og:image:height\" content=\"512\" \/>\n\t<meta property=\"og:image:type\" content=\"image\/jpeg\" \/>\n<meta name=\"twitter:card\" content=\"summary_large_image\" \/>\n<meta name=\"twitter:label1\" content=\"Tempo di lettura stimato\" \/>\n\t<meta name=\"twitter:data1\" content=\"4 minuti\" \/>\n<script type=\"application\/ld+json\" class=\"yoast-schema-graph\">{\"@context\":\"https:\\\/\\\/schema.org\",\"@graph\":[{\"@type\":\"WebPage\",\"@id\":\"https:\\\/\\\/www.accuratereviews.com\\\/it\\\/social-network\\\/bereal-recensione\\\/\",\"url\":\"https:\\\/\\\/www.accuratereviews.com\\\/it\\\/social-network\\\/bereal-recensione\\\/\",\"name\":\"BeReal: recensione app social network - Accurate Reviews\",\"isPartOf\":{\"@id\":\"https:\\\/\\\/www.accuratereviews.com\\\/it\\\/#website\"},\"primaryImageOfPage\":{\"@id\":\"https:\\\/\\\/www.accuratereviews.com\\\/it\\\/social-network\\\/bereal-recensione\\\/#primaryimage\"},\"image\":{\"@id\":\"https:\\\/\\\/www.accuratereviews.com\\\/it\\\/social-network\\\/bereal-recensione\\\/#primaryimage\"},\"thumbnailUrl\":\"https:\\\/\\\/www.accuratereviews.com\\\/wp-content\\\/uploads\\\/2024\\\/10\\\/logo.jpg\",\"datePublished\":\"2024-10-25T10:18:59+00:00\",\"description\":\"BeReal: recensione di una delle app pi\u00f9 innovative del panorama social, nata con l\u2019intento di promuovere autenticit\u00e0 e spontaneit\u00e0.\",\"breadcrumb\":{\"@id\":\"https:\\\/\\\/www.accuratereviews.com\\\/it\\\/social-network\\\/bereal-recensione\\\/#breadcrumb\"},\"inLanguage\":\"it-IT\",\"potentialAction\":[{\"@type\":\"ReadAction\",\"target\":[\"https:\\\/\\\/www.accuratereviews.com\\\/it\\\/social-network\\\/bereal-recensione\\\/\"]}]},{\"@type\":\"ImageObject\",\"inLanguage\":\"it-IT\",\"@id\":\"https:\\\/\\\/www.accuratereviews.com\\\/it\\\/social-network\\\/bereal-recensione\\\/#primaryimage\",\"url\":\"https:\\\/\\\/www.accuratereviews.com\\\/wp-content\\\/uploads\\\/2024\\\/10\\\/logo.jpg\",\"contentUrl\":\"https:\\\/\\\/www.accuratereviews.com\\\/wp-content\\\/uploads\\\/2024\\\/10\\\/logo.jpg\",\"width\":512,\"height\":512},{\"@type\":\"BreadcrumbList\",\"@id\":\"https:\\\/\\\/www.accuratereviews.com\\\/it\\\/social-network\\\/bereal-recensione\\\/#breadcrumb\",\"itemListElement\":[{\"@type\":\"ListItem\",\"position\":1,\"name\":\"Home\",\"item\":\"https:\\\/\\\/www.accuratereviews.com\\\/it\\\/\"},{\"@type\":\"ListItem\",\"position\":2,\"name\":\"Social network\",\"item\":\"https:\\\/\\\/www.accuratereviews.com\\\/it\\\/social-network\\\/\"},{\"@type\":\"ListItem\",\"position\":3,\"name\":\"BeReal\"}]},{\"@type\":\"WebSite\",\"@id\":\"https:\\\/\\\/www.accuratereviews.com\\\/it\\\/#website\",\"url\":\"https:\\\/\\\/www.accuratereviews.com\\\/it\\\/\",\"name\":\"Accurate Reviews\",\"description\":\"\",\"potentialAction\":[{\"@type\":\"SearchAction\",\"target\":{\"@type\":\"EntryPoint\",\"urlTemplate\":\"https:\\\/\\\/www.accuratereviews.com\\\/it\\\/?s={search_term_string}\"},\"query-input\":{\"@type\":\"PropertyValueSpecification\",\"valueRequired\":true,\"valueName\":\"search_term_string\"}}],\"inLanguage\":\"it-IT\"}]}<\/script>\n<!-- \/ Yoast SEO plugin. -->","yoast_head_json":{"title":"BeReal: recensione app social network - Accurate Reviews","description":"BeReal: recensione di una delle app pi\u00f9 innovative del panorama social, nata con l\u2019intento di promuovere autenticit\u00e0 e spontaneit\u00e0.","robots":{"index":"index","follow":"follow","max-snippet":"max-snippet:-1","max-image-preview":"max-image-preview:large","max-video-preview":"max-video-preview:-1"},"canonical":"https:\/\/www.accuratereviews.com\/it\/social-network\/bereal-recensione\/","og_locale":"it_IT","og_type":"article","og_title":"BeReal: recensione app social network - Accurate Reviews","og_description":"BeReal: recensione di una delle app pi\u00f9 innovative del panorama social, nata con l\u2019intento di promuovere autenticit\u00e0 e spontaneit\u00e0.","og_url":"https:\/\/www.accuratereviews.com\/it\/social-network\/bereal-recensione\/","og_site_name":"Accurate Reviews","og_image":[{"width":512,"height":512,"url":"https:\/\/www.accuratereviews.com\/wp-content\/uploads\/2024\/10\/logo.jpg","type":"image\/jpeg"}],"twitter_card":"summary_large_image","twitter_misc":{"Tempo di lettura stimato":"4 minuti"},"schema":{"@context":"https:\/\/schema.org","@graph":[{"@type":"WebPage","@id":"https:\/\/www.accuratereviews.com\/it\/social-network\/bereal-recensione\/","url":"https:\/\/www.accuratereviews.com\/it\/social-network\/bereal-recensione\/","name":"BeReal: recensione app social network - Accurate Reviews","isPartOf":{"@id":"https:\/\/www.accuratereviews.com\/it\/#website"},"primaryImageOfPage":{"@id":"https:\/\/www.accuratereviews.com\/it\/social-network\/bereal-recensione\/#primaryimage"},"image":{"@id":"https:\/\/www.accuratereviews.com\/it\/social-network\/bereal-recensione\/#primaryimage"},"thumbnailUrl":"https:\/\/www.accuratereviews.com\/wp-content\/uploads\/2024\/10\/logo.jpg","datePublished":"2024-10-25T10:18:59+00:00","description":"BeReal: recensione di una delle app pi\u00f9 innovative del panorama social, nata con l\u2019intento di promuovere autenticit\u00e0 e spontaneit\u00e0.","breadcrumb":{"@id":"https:\/\/www.accuratereviews.com\/it\/social-network\/bereal-recensione\/#breadcrumb"},"inLanguage":"it-IT","potentialAction":[{"@type":"ReadAction","target":["https:\/\/www.accuratereviews.com\/it\/social-network\/bereal-recensione\/"]}]},{"@type":"ImageObject","inLanguage":"it-IT","@id":"https:\/\/www.accuratereviews.com\/it\/social-network\/bereal-recensione\/#primaryimage","url":"https:\/\/www.accuratereviews.com\/wp-content\/uploads\/2024\/10\/logo.jpg","contentUrl":"https:\/\/www.accuratereviews.com\/wp-content\/uploads\/2024\/10\/logo.jpg","width":512,"height":512},{"@type":"BreadcrumbList","@id":"https:\/\/www.accuratereviews.com\/it\/social-network\/bereal-recensione\/#breadcrumb","itemListElement":[{"@type":"ListItem","position":1,"name":"Home","item":"https:\/\/www.accuratereviews.com\/it\/"},{"@type":"ListItem","position":2,"name":"Social network","item":"https:\/\/www.accuratereviews.com\/it\/social-network\/"},{"@type":"ListItem","position":3,"name":"BeReal"}]},{"@type":"WebSite","@id":"https:\/\/www.accuratereviews.com\/it\/#website","url":"https:\/\/www.accuratereviews.com\/it\/","name":"Accurate Reviews","description":"","potentialAction":[{"@type":"SearchAction","target":{"@type":"EntryPoint","urlTemplate":"https:\/\/www.accuratereviews.com\/it\/?s={search_term_string}"},"query-input":{"@type":"PropertyValueSpecification","valueRequired":true,"valueName":"search_term_string"}}],"inLanguage":"it-IT"}]}},"_links":{"self":[{"href":"https:\/\/www.accuratereviews.com\/it\/wp-json\/wp\/v2\/pages\/79739","targetHints":{"allow":["GET"]}}],"collection":[{"href":"https:\/\/www.accuratereviews.com\/it\/wp-json\/wp\/v2\/pages"}],"about":[{"href":"https:\/\/www.accuratereviews.com\/it\/wp-json\/wp\/v2\/types\/page"}],"author":[{"embeddable":true,"href":"https:\/\/www.accuratereviews.com\/it\/wp-json\/wp\/v2\/users\/17"}],"replies":[{"embeddable":true,"href":"https:\/\/www.accuratereviews.com\/it\/wp-json\/wp\/v2\/comments?post=79739"}],"version-history":[{"count":2,"href":"https:\/\/www.accuratereviews.com\/it\/wp-json\/wp\/v2\/pages\/79739\/revisions"}],"predecessor-version":[{"id":79765,"href":"https:\/\/www.accuratereviews.com\/it\/wp-json\/wp\/v2\/pages\/79739\/revisions\/79765"}],"up":[{"embeddable":true,"href":"https:\/\/www.accuratereviews.com\/it\/wp-json\/wp\/v2\/pages\/79751"}],"wp:featuredmedia":[{"embeddable":true,"href":"https:\/\/www.accuratereviews.com\/it\/wp-json\/wp\/v2\/media\/79740"}],"wp:attachment":[{"href":"https:\/\/www.accuratereviews.com\/it\/wp-json\/wp\/v2\/media?parent=79739"}],"wp:term":[{"taxonomy":"category","embeddable":true,"href":"https:\/\/www.accuratereviews.com\/it\/wp-json\/wp\/v2\/categories?post=79739"},{"taxonomy":"post_tag","embeddable":true,"href":"https:\/\/www.accuratereviews.com\/it\/wp-json\/wp\/v2\/tags?post=79739"},{"taxonomy":"features","embeddable":true,"href":"https:\/\/www.accuratereviews.com\/it\/wp-json\/wp\/v2\/features?post=79739"}],"curies":[{"name":"wp","href":"https:\/\/api.w.org\/{rel}","templated":true}]}}