{"id":79789,"date":"2024-10-28T11:21:36","date_gmt":"2024-10-28T11:21:36","guid":{"rendered":"https:\/\/www.accuratereviews.com\/?page_id=79789"},"modified":"2024-10-28T17:03:39","modified_gmt":"2024-10-28T17:03:39","slug":"lensa-ai-recensione","status":"publish","type":"page","link":"https:\/\/www.accuratereviews.com\/it\/video-editing-lista-software\/lensa-ai-recensione\/","title":{"rendered":"Lensa AI"},"content":{"rendered":"<p><strong>Lensa AI<\/strong> \u00e8 un\u2019applicazione avanzata di <strong>editing fotografico e video<\/strong>, sviluppata da Prisma Labs, che sfrutta l&#8217;intelligenza artificiale per migliorare le immagini e creare avatar artistici unici. Tra le principali funzionalit\u00e0, quest&#8217;app consente di ritoccare facilmente i ritratti, modificare sfondi, applicare filtri e miglioramenti automatici, tutto in modo intuitivo e accessibile.<br \/>\n<strong>Lensa AI<\/strong> \u00e8 particolarmente nota per la funzione <strong>\u201cMagic Avatars\u201d<\/strong>, che trasforma le foto in ritratti di stile artistico, in grado di ottenere risultati visivamente accattivanti con pochi clic. Perfetta sia per l&#8217;utente medio che per chi vuole distinguersi sui social, vediamo in dettaglio le sue caratteristiche principali.<\/p>\n<h2>LENSA AI &#8211; TUTORIAL<\/h2>\n<div id=\"fluid-wrapper-counter-1\" class=\"g1-fluid-wrapper \" style=\"width:686px;\">\n<div style=\"padding-bottom:56.268221574344%;\"><iframe loading=\"lazy\" title=\"How To Use Lensa AI To Create Magic Avatars\" width=\"686\" height=\"386\" src=\"https:\/\/www.youtube.com\/embed\/LZIqHac7wCw?feature=oembed&amp;wmode=transparent&amp;autohide=1&amp;autoplay=0&amp;disablekb=0&amp;fs=1&amp;loop=0&amp;enablejsapi=1&amp;rel=0&amp;controls=2&amp;showinfo=0&amp;wmode=transparent&amp;autohide=2&amp;autoplay=0&amp;disablekb=0&amp;fs=1&amp;loop=0&amp;enablejsapi=1&amp;rel=0&amp;controls=2&amp;showinfo=1\" frameborder=\"0\" allow=\"accelerometer; autoplay; clipboard-write; encrypted-media; gyroscope; picture-in-picture; web-share\" referrerpolicy=\"strict-origin-when-cross-origin\" allowfullscreen><\/iframe><\/div>\n<\/div>\n<h3>LENSA AI &#8211; CARATTERISTICHE<\/h3>\n<ul>\n<li><strong>Magic Avatars<\/strong>: grazie a questa funzione, l\u2019app genera avatar personalizzati usando intelligenza artificiale e stili artistici diversi, a partire da una singola foto. Gli avatar risultanti sono ideali per rappresentare l\u2019utente in modi creativi e distintivi.<\/li>\n<li><strong>Ritocco dei ritratti: <\/strong>Lensa AI include strumenti di fotoritocco intuitivi per migliorare i dettagli del volto, ridurre imperfezioni, migliorare la pelle e regolare i colori, rendendo i ritratti pi\u00f9 naturali o artistici.<\/li>\n<li><strong>Modifica dello sfondo<\/strong>: permette di cambiare lo sfondo delle immagini in modo rapido e preciso, grazie alla capacit\u00e0 di individuare i contorni e separare l&#8217;oggetto principale dalla scena.<\/li>\n<li><strong>Effetti artistici e filtri: <\/strong>offre una gamma di filtri avanzati e effetti, rendendo l\u2019editing accessibile a tutti, senza necessit\u00e0 di conoscenze tecniche.<\/li>\n<li><strong>Intelligenza artificiale per video<\/strong>: oltre alle foto, Lensa AI supporta anche la modifica dei video, applicando miglioramenti AI per creare contenuti di alta qualit\u00e0 con semplicit\u00e0.<\/li>\n<\/ul>\n<h4>LE RECENSIONI DEGLI UTENTI<\/h4>\n<p><strong>Ahm S. \u201cHo cambiato il mio voto\u201d <\/strong><br \/>\nCOMMENTI: ho dato 5 stelle perch\u00e9 dopo aver provato gli avatar magici ho scoperto che gli avatar sono molto migliori di altre app di IA e c&#8217;\u00e8 un buon sconto nel prezzo. La consiglio a tutti coloro che hanno bisogno di un&#8217;app AI di alta qualit\u00e0.<\/p>\n<p><strong>Marco A. &#8220;Ottima applicazione&#8221;<\/strong><br \/>\nCOMMENTI: buono per la creazione di avatar solo da rivedere la per scaricare gli avatar creati.<\/p>\n<p><strong>Bruno C. &#8220;Solita strategia&#8221;<\/strong><br \/>\nCOMMENTI: solita strategia per indurre a fare acquisti: ti fa fare prima tutta la procedura per la creazione delle foto, e solo all&#8217;ultimo richiede il pagamento per visualizzare i risultati<\/p>\n","protected":false},"excerpt":{"rendered":"<p>Lensa AI \u00e8 un\u2019applicazione avanzata di editing fotografico e video, sviluppata da Prisma Labs, che sfrutta l&#8217;intelligenza artificiale per migliorare le immagini e creare avatar artistici unici. Tra le principali funzionalit\u00e0, quest&#8217;app consente di ritoccare facilmente i ritratti, modificare sfondi, applicare filtri e miglioramenti automatici, tutto in modo intuitivo e accessibile.<\/p>\n","protected":false},"author":17,"featured_media":79797,"parent":7571,"menu_order":0,"comment_status":"open","ping_status":"closed","template":"g1_template_page_review_new.php","meta":{"_acf_changed":false,"cwp_meta_box_check":"No","cwp_rev_product_name":"","cwp_rev_product_image":"","wppr_links":[],"cwp_rev_price":"","wppr_options":[],"wppr_pros":[],"wppr_cons":[],"_monsterinsights_skip_tracking":false,"_monsterinsights_sitenote_active":false,"_monsterinsights_sitenote_note":"","_monsterinsights_sitenote_category":0,"footnotes":""},"categories":[169],"tags":[997,15427,15428,831],"features":[],"class_list":{"0":"post-79789","1":"page","2":"type-page","3":"status-publish","4":"has-post-thumbnail","6":"category-video-editing-software-it","7":"tag-ai","8":"tag-foto-editing","9":"tag-magic-avatars","10":"tag-video-editing-2-it"},"wppr_data":{"cwp_meta_box_check":"No"},"acf":[],"yoast_head":"<!-- This site is optimized with the Yoast SEO plugin v27.4 - https:\/\/yoast.com\/product\/yoast-seo-wordpress\/ -->\n<title>Lensa AI: recensione app editing fotografico e video - Accurate Reviews<\/title>\n<meta name=\"description\" content=\"Lensa AI: app avanzata di editing fotografico e video, che sfrutta l&#039;AI per migliorare le immagini e creare avatar artistici unici.\" \/>\n<meta name=\"robots\" content=\"index, follow, max-snippet:-1, max-image-preview:large, max-video-preview:-1\" \/>\n<link rel=\"canonical\" href=\"https:\/\/www.accuratereviews.com\/it\/video-editing-lista-software\/lensa-ai-recensione\/\" \/>\n<meta property=\"og:locale\" content=\"it_IT\" \/>\n<meta property=\"og:type\" content=\"article\" \/>\n<meta property=\"og:title\" content=\"Lensa AI: recensione app editing fotografico e video - Accurate Reviews\" \/>\n<meta property=\"og:description\" content=\"Lensa AI: app avanzata di editing fotografico e video, che sfrutta l&#039;AI per migliorare le immagini e creare avatar artistici unici.\" \/>\n<meta property=\"og:url\" content=\"https:\/\/www.accuratereviews.com\/it\/video-editing-lista-software\/lensa-ai-recensione\/\" \/>\n<meta property=\"og:site_name\" content=\"Accurate Reviews\" \/>\n<meta property=\"article:modified_time\" content=\"2024-10-28T17:03:39+00:00\" \/>\n<meta property=\"og:image\" content=\"https:\/\/www.accuratereviews.com\/wp-content\/uploads\/2024\/10\/logo-1.jpg\" \/>\n\t<meta property=\"og:image:width\" content=\"1200\" \/>\n\t<meta property=\"og:image:height\" content=\"800\" \/>\n\t<meta property=\"og:image:type\" content=\"image\/jpeg\" \/>\n<meta name=\"twitter:card\" content=\"summary_large_image\" \/>\n<meta name=\"twitter:label1\" content=\"Tempo di lettura stimato\" \/>\n\t<meta name=\"twitter:data1\" content=\"3 minuti\" \/>\n<script type=\"application\/ld+json\" class=\"yoast-schema-graph\">{\"@context\":\"https:\\\/\\\/schema.org\",\"@graph\":[{\"@type\":\"WebPage\",\"@id\":\"https:\\\/\\\/www.accuratereviews.com\\\/it\\\/video-editing-lista-software\\\/lensa-ai-recensione\\\/\",\"url\":\"https:\\\/\\\/www.accuratereviews.com\\\/it\\\/video-editing-lista-software\\\/lensa-ai-recensione\\\/\",\"name\":\"Lensa AI: recensione app editing fotografico e video - Accurate Reviews\",\"isPartOf\":{\"@id\":\"https:\\\/\\\/www.accuratereviews.com\\\/it\\\/#website\"},\"primaryImageOfPage\":{\"@id\":\"https:\\\/\\\/www.accuratereviews.com\\\/it\\\/video-editing-lista-software\\\/lensa-ai-recensione\\\/#primaryimage\"},\"image\":{\"@id\":\"https:\\\/\\\/www.accuratereviews.com\\\/it\\\/video-editing-lista-software\\\/lensa-ai-recensione\\\/#primaryimage\"},\"thumbnailUrl\":\"https:\\\/\\\/www.accuratereviews.com\\\/wp-content\\\/uploads\\\/2024\\\/10\\\/logo-1.jpg\",\"datePublished\":\"2024-10-28T11:21:36+00:00\",\"dateModified\":\"2024-10-28T17:03:39+00:00\",\"description\":\"Lensa AI: app avanzata di editing fotografico e video, che sfrutta l'AI per migliorare le immagini e creare avatar artistici unici.\",\"breadcrumb\":{\"@id\":\"https:\\\/\\\/www.accuratereviews.com\\\/it\\\/video-editing-lista-software\\\/lensa-ai-recensione\\\/#breadcrumb\"},\"inLanguage\":\"it-IT\",\"potentialAction\":[{\"@type\":\"ReadAction\",\"target\":[\"https:\\\/\\\/www.accuratereviews.com\\\/it\\\/video-editing-lista-software\\\/lensa-ai-recensione\\\/\"]}]},{\"@type\":\"ImageObject\",\"inLanguage\":\"it-IT\",\"@id\":\"https:\\\/\\\/www.accuratereviews.com\\\/it\\\/video-editing-lista-software\\\/lensa-ai-recensione\\\/#primaryimage\",\"url\":\"https:\\\/\\\/www.accuratereviews.com\\\/wp-content\\\/uploads\\\/2024\\\/10\\\/logo-1.jpg\",\"contentUrl\":\"https:\\\/\\\/www.accuratereviews.com\\\/wp-content\\\/uploads\\\/2024\\\/10\\\/logo-1.jpg\",\"width\":1200,\"height\":800},{\"@type\":\"BreadcrumbList\",\"@id\":\"https:\\\/\\\/www.accuratereviews.com\\\/it\\\/video-editing-lista-software\\\/lensa-ai-recensione\\\/#breadcrumb\",\"itemListElement\":[{\"@type\":\"ListItem\",\"position\":1,\"name\":\"Home\",\"item\":\"https:\\\/\\\/www.accuratereviews.com\\\/it\\\/\"},{\"@type\":\"ListItem\",\"position\":2,\"name\":\"Software per il video editing\",\"item\":\"https:\\\/\\\/www.accuratereviews.com\\\/it\\\/video-editing-lista-software\\\/\"},{\"@type\":\"ListItem\",\"position\":3,\"name\":\"Lensa AI\"}]},{\"@type\":\"WebSite\",\"@id\":\"https:\\\/\\\/www.accuratereviews.com\\\/it\\\/#website\",\"url\":\"https:\\\/\\\/www.accuratereviews.com\\\/it\\\/\",\"name\":\"Accurate Reviews\",\"description\":\"\",\"potentialAction\":[{\"@type\":\"SearchAction\",\"target\":{\"@type\":\"EntryPoint\",\"urlTemplate\":\"https:\\\/\\\/www.accuratereviews.com\\\/it\\\/?s={search_term_string}\"},\"query-input\":{\"@type\":\"PropertyValueSpecification\",\"valueRequired\":true,\"valueName\":\"search_term_string\"}}],\"inLanguage\":\"it-IT\"}]}<\/script>\n<!-- \/ Yoast SEO plugin. -->","yoast_head_json":{"title":"Lensa AI: recensione app editing fotografico e video - Accurate Reviews","description":"Lensa AI: app avanzata di editing fotografico e video, che sfrutta l'AI per migliorare le immagini e creare avatar artistici unici.","robots":{"index":"index","follow":"follow","max-snippet":"max-snippet:-1","max-image-preview":"max-image-preview:large","max-video-preview":"max-video-preview:-1"},"canonical":"https:\/\/www.accuratereviews.com\/it\/video-editing-lista-software\/lensa-ai-recensione\/","og_locale":"it_IT","og_type":"article","og_title":"Lensa AI: recensione app editing fotografico e video - Accurate Reviews","og_description":"Lensa AI: app avanzata di editing fotografico e video, che sfrutta l'AI per migliorare le immagini e creare avatar artistici unici.","og_url":"https:\/\/www.accuratereviews.com\/it\/video-editing-lista-software\/lensa-ai-recensione\/","og_site_name":"Accurate Reviews","article_modified_time":"2024-10-28T17:03:39+00:00","og_image":[{"width":1200,"height":800,"url":"https:\/\/www.accuratereviews.com\/wp-content\/uploads\/2024\/10\/logo-1.jpg","type":"image\/jpeg"}],"twitter_card":"summary_large_image","twitter_misc":{"Tempo di lettura stimato":"3 minuti"},"schema":{"@context":"https:\/\/schema.org","@graph":[{"@type":"WebPage","@id":"https:\/\/www.accuratereviews.com\/it\/video-editing-lista-software\/lensa-ai-recensione\/","url":"https:\/\/www.accuratereviews.com\/it\/video-editing-lista-software\/lensa-ai-recensione\/","name":"Lensa AI: recensione app editing fotografico e video - Accurate Reviews","isPartOf":{"@id":"https:\/\/www.accuratereviews.com\/it\/#website"},"primaryImageOfPage":{"@id":"https:\/\/www.accuratereviews.com\/it\/video-editing-lista-software\/lensa-ai-recensione\/#primaryimage"},"image":{"@id":"https:\/\/www.accuratereviews.com\/it\/video-editing-lista-software\/lensa-ai-recensione\/#primaryimage"},"thumbnailUrl":"https:\/\/www.accuratereviews.com\/wp-content\/uploads\/2024\/10\/logo-1.jpg","datePublished":"2024-10-28T11:21:36+00:00","dateModified":"2024-10-28T17:03:39+00:00","description":"Lensa AI: app avanzata di editing fotografico e video, che sfrutta l'AI per migliorare le immagini e creare avatar artistici unici.","breadcrumb":{"@id":"https:\/\/www.accuratereviews.com\/it\/video-editing-lista-software\/lensa-ai-recensione\/#breadcrumb"},"inLanguage":"it-IT","potentialAction":[{"@type":"ReadAction","target":["https:\/\/www.accuratereviews.com\/it\/video-editing-lista-software\/lensa-ai-recensione\/"]}]},{"@type":"ImageObject","inLanguage":"it-IT","@id":"https:\/\/www.accuratereviews.com\/it\/video-editing-lista-software\/lensa-ai-recensione\/#primaryimage","url":"https:\/\/www.accuratereviews.com\/wp-content\/uploads\/2024\/10\/logo-1.jpg","contentUrl":"https:\/\/www.accuratereviews.com\/wp-content\/uploads\/2024\/10\/logo-1.jpg","width":1200,"height":800},{"@type":"BreadcrumbList","@id":"https:\/\/www.accuratereviews.com\/it\/video-editing-lista-software\/lensa-ai-recensione\/#breadcrumb","itemListElement":[{"@type":"ListItem","position":1,"name":"Home","item":"https:\/\/www.accuratereviews.com\/it\/"},{"@type":"ListItem","position":2,"name":"Software per il video editing","item":"https:\/\/www.accuratereviews.com\/it\/video-editing-lista-software\/"},{"@type":"ListItem","position":3,"name":"Lensa AI"}]},{"@type":"WebSite","@id":"https:\/\/www.accuratereviews.com\/it\/#website","url":"https:\/\/www.accuratereviews.com\/it\/","name":"Accurate Reviews","description":"","potentialAction":[{"@type":"SearchAction","target":{"@type":"EntryPoint","urlTemplate":"https:\/\/www.accuratereviews.com\/it\/?s={search_term_string}"},"query-input":{"@type":"PropertyValueSpecification","valueRequired":true,"valueName":"search_term_string"}}],"inLanguage":"it-IT"}]}},"_links":{"self":[{"href":"https:\/\/www.accuratereviews.com\/it\/wp-json\/wp\/v2\/pages\/79789","targetHints":{"allow":["GET"]}}],"collection":[{"href":"https:\/\/www.accuratereviews.com\/it\/wp-json\/wp\/v2\/pages"}],"about":[{"href":"https:\/\/www.accuratereviews.com\/it\/wp-json\/wp\/v2\/types\/page"}],"author":[{"embeddable":true,"href":"https:\/\/www.accuratereviews.com\/it\/wp-json\/wp\/v2\/users\/17"}],"replies":[{"embeddable":true,"href":"https:\/\/www.accuratereviews.com\/it\/wp-json\/wp\/v2\/comments?post=79789"}],"version-history":[{"count":6,"href":"https:\/\/www.accuratereviews.com\/it\/wp-json\/wp\/v2\/pages\/79789\/revisions"}],"predecessor-version":[{"id":79845,"href":"https:\/\/www.accuratereviews.com\/it\/wp-json\/wp\/v2\/pages\/79789\/revisions\/79845"}],"up":[{"embeddable":true,"href":"https:\/\/www.accuratereviews.com\/it\/wp-json\/wp\/v2\/pages\/7571"}],"wp:featuredmedia":[{"embeddable":true,"href":"https:\/\/www.accuratereviews.com\/it\/wp-json\/wp\/v2\/media\/79797"}],"wp:attachment":[{"href":"https:\/\/www.accuratereviews.com\/it\/wp-json\/wp\/v2\/media?parent=79789"}],"wp:term":[{"taxonomy":"category","embeddable":true,"href":"https:\/\/www.accuratereviews.com\/it\/wp-json\/wp\/v2\/categories?post=79789"},{"taxonomy":"post_tag","embeddable":true,"href":"https:\/\/www.accuratereviews.com\/it\/wp-json\/wp\/v2\/tags?post=79789"},{"taxonomy":"features","embeddable":true,"href":"https:\/\/www.accuratereviews.com\/it\/wp-json\/wp\/v2\/features?post=79789"}],"curies":[{"name":"wp","href":"https:\/\/api.w.org\/{rel}","templated":true}]}}