{"id":79808,"date":"2024-10-28T22:25:23","date_gmt":"2024-10-28T22:25:23","guid":{"rendered":"https:\/\/www.accuratereviews.com\/?page_id=79808"},"modified":"2024-10-29T10:22:24","modified_gmt":"2024-10-29T10:22:24","slug":"gather-recensione","status":"publish","type":"page","link":"https:\/\/www.accuratereviews.com\/it\/software-gestione-brand\/gather-recensione\/","title":{"rendered":"Gather"},"content":{"rendered":"<p><strong>Gather<\/strong> \u00e8 un&#8217;applicazione basata su <strong>cloud<\/strong>, progettata per gestire i processi di <strong>acquisizione dati nei canali di vendita<\/strong>, marketing e coinvolgimento dei clienti. Permette agli utenti di scansionare le informazioni dai biglietti da visita tramite OCR, acquisire dati offline e sincronizzarli direttamente con i sistemi CRM aziendali. Le funzionalit\u00e0 principali di assimilare dati che includono l&#8217;acquisizione di lead di vendita, uno scanner di codici QR, moduli personalizzabili e recepire dati offline.<br \/>\nLa soluzione fornisce strumenti white-label, che consentono agli utenti di personalizzare i moduli di acquisizione dati e aggiungere campi e temi del marchio nei moduli in base alle esigenze. Lo scanner di codici QR consente alle aziende di accedere ai dati dell&#8217;elenco degli ospiti e migliorare le conversioni dei lead agli eventi tramite interazioni in tempo reale. La piattaforma fornisce anche funzionalit\u00e0 push e pull, consentendo agli utenti di importare\/esportare dati tra sistemi senza il rischio di duplicazione.<\/p>\n<h2>GATHER &#8211; TUTORIAL<\/h2>\n<div id=\"fluid-wrapper-counter-1\" class=\"g1-fluid-wrapper \" style=\"width:686px;\">\n<div style=\"padding-bottom:56.268221574344%;\"><iframe loading=\"lazy\" title=\"The Most Accurate Events Lead Data Capture App\" width=\"686\" height=\"386\" src=\"https:\/\/www.youtube.com\/embed\/w5zqEQwtw4E?feature=oembed&amp;wmode=transparent&amp;autohide=1&amp;autoplay=0&amp;disablekb=0&amp;fs=1&amp;loop=0&amp;enablejsapi=1&amp;rel=0&amp;controls=2&amp;showinfo=0&amp;wmode=transparent&amp;autohide=2&amp;autoplay=0&amp;disablekb=0&amp;fs=1&amp;loop=0&amp;enablejsapi=1&amp;rel=0&amp;controls=2&amp;showinfo=1\" frameborder=\"0\" allow=\"accelerometer; autoplay; clipboard-write; encrypted-media; gyroscope; picture-in-picture; web-share\" referrerpolicy=\"strict-origin-when-cross-origin\" allowfullscreen><\/iframe><\/div>\n<\/div>\n<h3>GATHER &#8211; CARATTERISTICHE<\/h3>\n<ul>\n<li><strong>Piattaforma di registrazione eventi<\/strong>: la soluzione fornisce il pieno controllo per creare siti web per eventi, registrare i tuoi ospiti, inviare comunicazioni prima, durante e dopo l&#8217;evento, effettuare il check-in all&#8217;evento e produrre biglietti elettronici.<\/li>\n<li><strong>App di acquisizione lead<\/strong>: con l&#8217;app di acquisizione lead semplice da usare, \u00e8 pi\u00f9 facile che mai catturare rapidamente l&#8217;interazione con il tuo cliente: l&#8217;app leader per l&#8217;acquisizione di dati mobili durante gli eventi dal vivo.<\/li>\n<li><strong>Recupero lead per organizzatori di eventi<\/strong>: report della dashboard sulle metriche degli eventi con acquisizione lead rapida e semplice per i tuoi espositori, garantendo un&#8217;esperienza fluida per i loro visitatori con funzionalit\u00e0 e layout personalizzabili e brandizzabili.<\/li>\n<li><strong>Pulizia e arricchimento dei dati<\/strong>: arricchire e ottimizzare i dati dei tuoi clienti ti offre una migliore comprensione del tuo database, consentendo una migliore segmentazione dei dati e un marketing personalizzato mirato per un ROI pi\u00f9 forte.<\/li>\n<li><strong>Analisi dei dati<\/strong>: trovare approfondimenti e valore all&#8217;interno dei tuoi dati trasformandoli in un driver di valore aggiuntivo. L&#8217;analisi approfondita pu\u00f2 aiutare i clienti a misurare le prestazioni e i risultati possono aiutare a definire strategie e KPI futuri.<\/li>\n<li><strong>Gestione delle campagne<\/strong>: unificando i dati dei tuoi clienti per campagne personalizzate eccezionali, il team interverr\u00e0 per gestire campagne di emarketing e direct mail con dati pertinenti e personalizzati, lungo l&#8217;intero percorso del cliente.<\/li>\n<li><strong>Integrazioni fluide con centinaia di tecnologie<\/strong>: integrazioni di dati batch programmati, di ricerca e di consegna in tempo reale tra i tuoi sistemi e il programma. Dall&#8217;acquisizione all&#8217;analisi, i dati dei tuoi clienti vengono arricchiti con integrazioni.<\/li>\n<\/ul>\n<h4>LE RECENSIONI DEGLI UTENTI<\/h4>\n<p><strong>Elisse &#8220;Recensione Gather&#8221;<\/strong><br \/>\n<strong>Commenti<\/strong>: Molto soddisfatto<br \/>\n<strong>Pro<\/strong>: La facilit\u00e0 d&#8217;uso e l&#8217;estrazione dei dati erano semplici.<br \/>\n<strong>Contro<\/strong>: Il portale ti disconnette dopo aver chiuso il dispositivo, il che significa che dovrai inserire i tuoi dati ogni volta che apri l&#8217;app.<\/p>\n<p><strong>Gabriel &#8220;Gather fa ci\u00f2 che dice&#8221;<\/strong><br \/>\n<strong>Commenti<\/strong>: L&#8217;esperienza \u00e8 stata fluida e senza mal di testa<br \/>\n<strong>Pro<\/strong>: Inizialmente ci siamo iscritti a Gather per una fiera specifica e ha funzionato alla grande. Nel tempo, ci siamo resi conto che l&#8217;app \u00e8 fondamentale per gli eventi sociali quotidiani e per la ricerca di potenziali clienti, poich\u00e9 possiamo acquisire i biglietti da visita dei potenziali clienti dai nostri dispositivi e caricare i loro dati rilevanti nel CRM per un follow-up praticamente immediato.<br \/>\n<strong>Contro<\/strong>: Nessun problema fino ad oggi, ma segnaler\u00f2 se si presenteranno<\/p>\n<p><strong>Sohil &#8220;Ottimo strumento di acquisizione dati per il suo prezzo!&#8221;<\/strong><br \/>\n<strong>Pro<\/strong>: La parte migliore \u00e8 che \u00e8 una vera soluzione push bidirezionale per il CRM e ha integrazioni native invece di usare solo Zapier. La stabilit\u00e0 dell&#8217;applicazione \u00e8 un grande vantaggio e la capacit\u00e0 offline \u00e8 enorme quando sei a eventi con un servizio wifi discontinuo.<br \/>\n<strong>Contro<\/strong>: Mancanza di Face ID per sbloccare le app mobili.<\/p>\n","protected":false},"excerpt":{"rendered":"<p>Gather \u00e8 un&#8217;applicazione basata su cloud progettata per gestire i processi di acquisizione dati nei canali di vendita, marketing e coinvolgimento dei clienti. Permette agli utenti di scansionare le informazioni dai biglietti da visita tramite OCR, acquisire dati offline e sincronizzarli direttamente con i sistemi CRM aziendali.<\/p>\n","protected":false},"author":19,"featured_media":79810,"parent":44787,"menu_order":0,"comment_status":"open","ping_status":"closed","template":"g1_template_page_review_new.php","meta":{"_acf_changed":false,"cwp_meta_box_check":"Yes","cwp_rev_product_name":"","cwp_rev_product_image":"","wppr_links":[],"cwp_rev_price":"0.00","wppr_options":[{"name":"Usability","value":"0"},{"name":"Speed","value":"0"},{"name":"Features","value":"0"},{"name":"Support","value":"0"},{"name":"Pricing","value":"0"}],"wppr_pros":["","","","",""],"wppr_cons":["","","","",""],"_monsterinsights_skip_tracking":false,"_monsterinsights_sitenote_active":false,"_monsterinsights_sitenote_note":"","_monsterinsights_sitenote_category":0,"footnotes":""},"categories":[10573],"tags":[15429,10577,10600,10599,10597,10598],"features":[],"class_list":{"0":"post-79808","1":"page","2":"type-page","3":"status-publish","4":"has-post-thumbnail","6":"category-software-gestione-brand-categoria","7":"tag-gather","8":"tag-gestione-brand","9":"tag-piattaforma-gestionale-brand","10":"tag-programma-gestionale-brand","11":"tag-software-gestionale-brand","12":"tag-soluzione-gestionale-brand"},"wppr_data":{"cwp_meta_box_check":"Yes","_wppr_review_template":"default","cwp_rev_product_image":"","cwp_image_link":"image","wppr_links":[],"cwp_rev_price":"0.00","wppr_pros":["","","","",""],"wppr_cons":["","","","",""],"wppr_rating":"0.00","wppr_options":{"1":{"name":"Usability","value":"0"},"2":{"name":"Speed","value":"0"},"3":{"name":"Features","value":"0"},"4":{"name":"Support","value":"0"},"5":{"name":"Pricing","value":"0"}},"wppr_review_type":"Product","wppr_review_custom_fields":{"additionalProperty":"","additionalType":"","aggregateRating":"","alternateName":"","audience":"","award":"","awards":"","brand":"","color":"","depth":"","description":"","disambiguatingDescription":"","gtin12":"","gtin13":"","gtin14":"","gtin8":"","height":"","identifier":"","image":"","isAccessoryOrSparePartFor":"","isConsumableFor":"","isRelatedTo":"","isSimilarTo":"","itemCondition":"","logo":"","mainEntityOfPage":"","manufacturer":"","material":"","model":"","mpn":"","name":"","offers":"","potentialAction":"","productID":"","productionDate":"","purchaseDate":"","releaseDate":"","review":"","reviews":"","sameAs":"","sku":"","slogan":"","subjectOf":"","url":"","weight":"","width":""}},"acf":[],"yoast_head":"<!-- This site is optimized with the Yoast SEO plugin v27.4 - https:\/\/yoast.com\/product\/yoast-seo-wordpress\/ -->\n<title>Gather: recensione software gestionale brand - Accurate Reviews<\/title>\n<meta name=\"description\" content=\"Gather: recensione software progettato per gestire i processi di acquisizione dati nei canali di vendita, marketing e coinvolgimento clienti.\" \/>\n<meta name=\"robots\" content=\"index, follow, max-snippet:-1, max-image-preview:large, max-video-preview:-1\" \/>\n<link rel=\"canonical\" href=\"https:\/\/www.accuratereviews.com\/it\/software-gestione-brand\/gather-recensione\/\" \/>\n<meta property=\"og:locale\" content=\"it_IT\" \/>\n<meta property=\"og:type\" content=\"article\" \/>\n<meta property=\"og:title\" content=\"Gather: recensione software gestionale brand - Accurate Reviews\" \/>\n<meta property=\"og:description\" content=\"Gather: recensione software progettato per gestire i processi di acquisizione dati nei canali di vendita, marketing e coinvolgimento clienti.\" \/>\n<meta property=\"og:url\" content=\"https:\/\/www.accuratereviews.com\/it\/software-gestione-brand\/gather-recensione\/\" \/>\n<meta property=\"og:site_name\" content=\"Accurate Reviews\" \/>\n<meta property=\"article:modified_time\" content=\"2024-10-29T10:22:24+00:00\" \/>\n<meta property=\"og:image\" content=\"https:\/\/www.accuratereviews.com\/wp-content\/uploads\/2024\/10\/Screenshot-2024-10-28-alle-09.44.56.png\" \/>\n\t<meta property=\"og:image:width\" content=\"942\" \/>\n\t<meta property=\"og:image:height\" content=\"568\" \/>\n\t<meta property=\"og:image:type\" content=\"image\/png\" \/>\n<meta name=\"twitter:card\" content=\"summary_large_image\" \/>\n<meta name=\"twitter:label1\" content=\"Tempo di lettura stimato\" \/>\n\t<meta name=\"twitter:data1\" content=\"5 minuti\" \/>\n<script type=\"application\/ld+json\" class=\"yoast-schema-graph\">{\"@context\":\"https:\\\/\\\/schema.org\",\"@graph\":[{\"@type\":\"WebPage\",\"@id\":\"https:\\\/\\\/www.accuratereviews.com\\\/it\\\/software-gestione-brand\\\/gather-recensione\\\/\",\"url\":\"https:\\\/\\\/www.accuratereviews.com\\\/it\\\/software-gestione-brand\\\/gather-recensione\\\/\",\"name\":\"Gather: recensione software gestionale brand - Accurate Reviews\",\"isPartOf\":{\"@id\":\"https:\\\/\\\/www.accuratereviews.com\\\/it\\\/#website\"},\"primaryImageOfPage\":{\"@id\":\"https:\\\/\\\/www.accuratereviews.com\\\/it\\\/software-gestione-brand\\\/gather-recensione\\\/#primaryimage\"},\"image\":{\"@id\":\"https:\\\/\\\/www.accuratereviews.com\\\/it\\\/software-gestione-brand\\\/gather-recensione\\\/#primaryimage\"},\"thumbnailUrl\":\"https:\\\/\\\/www.accuratereviews.com\\\/wp-content\\\/uploads\\\/2024\\\/10\\\/Screenshot-2024-10-28-alle-09.44.56.png\",\"datePublished\":\"2024-10-28T22:25:23+00:00\",\"dateModified\":\"2024-10-29T10:22:24+00:00\",\"description\":\"Gather: recensione software progettato per gestire i processi di acquisizione dati nei canali di vendita, marketing e coinvolgimento clienti.\",\"breadcrumb\":{\"@id\":\"https:\\\/\\\/www.accuratereviews.com\\\/it\\\/software-gestione-brand\\\/gather-recensione\\\/#breadcrumb\"},\"inLanguage\":\"it-IT\",\"potentialAction\":[{\"@type\":\"ReadAction\",\"target\":[\"https:\\\/\\\/www.accuratereviews.com\\\/it\\\/software-gestione-brand\\\/gather-recensione\\\/\"]}]},{\"@type\":\"ImageObject\",\"inLanguage\":\"it-IT\",\"@id\":\"https:\\\/\\\/www.accuratereviews.com\\\/it\\\/software-gestione-brand\\\/gather-recensione\\\/#primaryimage\",\"url\":\"https:\\\/\\\/www.accuratereviews.com\\\/wp-content\\\/uploads\\\/2024\\\/10\\\/Screenshot-2024-10-28-alle-09.44.56.png\",\"contentUrl\":\"https:\\\/\\\/www.accuratereviews.com\\\/wp-content\\\/uploads\\\/2024\\\/10\\\/Screenshot-2024-10-28-alle-09.44.56.png\",\"width\":942,\"height\":568},{\"@type\":\"BreadcrumbList\",\"@id\":\"https:\\\/\\\/www.accuratereviews.com\\\/it\\\/software-gestione-brand\\\/gather-recensione\\\/#breadcrumb\",\"itemListElement\":[{\"@type\":\"ListItem\",\"position\":1,\"name\":\"Home\",\"item\":\"https:\\\/\\\/www.accuratereviews.com\\\/it\\\/\"},{\"@type\":\"ListItem\",\"position\":2,\"name\":\"Software per la gestione dei brand\",\"item\":\"https:\\\/\\\/www.accuratereviews.com\\\/it\\\/software-gestione-brand\\\/\"},{\"@type\":\"ListItem\",\"position\":3,\"name\":\"Gather\"}]},{\"@type\":\"WebSite\",\"@id\":\"https:\\\/\\\/www.accuratereviews.com\\\/it\\\/#website\",\"url\":\"https:\\\/\\\/www.accuratereviews.com\\\/it\\\/\",\"name\":\"Accurate Reviews\",\"description\":\"\",\"potentialAction\":[{\"@type\":\"SearchAction\",\"target\":{\"@type\":\"EntryPoint\",\"urlTemplate\":\"https:\\\/\\\/www.accuratereviews.com\\\/it\\\/?s={search_term_string}\"},\"query-input\":{\"@type\":\"PropertyValueSpecification\",\"valueRequired\":true,\"valueName\":\"search_term_string\"}}],\"inLanguage\":\"it-IT\"}]}<\/script>\n<!-- \/ Yoast SEO plugin. -->","yoast_head_json":{"title":"Gather: recensione software gestionale brand - Accurate Reviews","description":"Gather: recensione software progettato per gestire i processi di acquisizione dati nei canali di vendita, marketing e coinvolgimento clienti.","robots":{"index":"index","follow":"follow","max-snippet":"max-snippet:-1","max-image-preview":"max-image-preview:large","max-video-preview":"max-video-preview:-1"},"canonical":"https:\/\/www.accuratereviews.com\/it\/software-gestione-brand\/gather-recensione\/","og_locale":"it_IT","og_type":"article","og_title":"Gather: recensione software gestionale brand - Accurate Reviews","og_description":"Gather: recensione software progettato per gestire i processi di acquisizione dati nei canali di vendita, marketing e coinvolgimento clienti.","og_url":"https:\/\/www.accuratereviews.com\/it\/software-gestione-brand\/gather-recensione\/","og_site_name":"Accurate Reviews","article_modified_time":"2024-10-29T10:22:24+00:00","og_image":[{"width":942,"height":568,"url":"https:\/\/www.accuratereviews.com\/wp-content\/uploads\/2024\/10\/Screenshot-2024-10-28-alle-09.44.56.png","type":"image\/png"}],"twitter_card":"summary_large_image","twitter_misc":{"Tempo di lettura stimato":"5 minuti"},"schema":{"@context":"https:\/\/schema.org","@graph":[{"@type":"WebPage","@id":"https:\/\/www.accuratereviews.com\/it\/software-gestione-brand\/gather-recensione\/","url":"https:\/\/www.accuratereviews.com\/it\/software-gestione-brand\/gather-recensione\/","name":"Gather: recensione software gestionale brand - Accurate Reviews","isPartOf":{"@id":"https:\/\/www.accuratereviews.com\/it\/#website"},"primaryImageOfPage":{"@id":"https:\/\/www.accuratereviews.com\/it\/software-gestione-brand\/gather-recensione\/#primaryimage"},"image":{"@id":"https:\/\/www.accuratereviews.com\/it\/software-gestione-brand\/gather-recensione\/#primaryimage"},"thumbnailUrl":"https:\/\/www.accuratereviews.com\/wp-content\/uploads\/2024\/10\/Screenshot-2024-10-28-alle-09.44.56.png","datePublished":"2024-10-28T22:25:23+00:00","dateModified":"2024-10-29T10:22:24+00:00","description":"Gather: recensione software progettato per gestire i processi di acquisizione dati nei canali di vendita, marketing e coinvolgimento clienti.","breadcrumb":{"@id":"https:\/\/www.accuratereviews.com\/it\/software-gestione-brand\/gather-recensione\/#breadcrumb"},"inLanguage":"it-IT","potentialAction":[{"@type":"ReadAction","target":["https:\/\/www.accuratereviews.com\/it\/software-gestione-brand\/gather-recensione\/"]}]},{"@type":"ImageObject","inLanguage":"it-IT","@id":"https:\/\/www.accuratereviews.com\/it\/software-gestione-brand\/gather-recensione\/#primaryimage","url":"https:\/\/www.accuratereviews.com\/wp-content\/uploads\/2024\/10\/Screenshot-2024-10-28-alle-09.44.56.png","contentUrl":"https:\/\/www.accuratereviews.com\/wp-content\/uploads\/2024\/10\/Screenshot-2024-10-28-alle-09.44.56.png","width":942,"height":568},{"@type":"BreadcrumbList","@id":"https:\/\/www.accuratereviews.com\/it\/software-gestione-brand\/gather-recensione\/#breadcrumb","itemListElement":[{"@type":"ListItem","position":1,"name":"Home","item":"https:\/\/www.accuratereviews.com\/it\/"},{"@type":"ListItem","position":2,"name":"Software per la gestione dei brand","item":"https:\/\/www.accuratereviews.com\/it\/software-gestione-brand\/"},{"@type":"ListItem","position":3,"name":"Gather"}]},{"@type":"WebSite","@id":"https:\/\/www.accuratereviews.com\/it\/#website","url":"https:\/\/www.accuratereviews.com\/it\/","name":"Accurate Reviews","description":"","potentialAction":[{"@type":"SearchAction","target":{"@type":"EntryPoint","urlTemplate":"https:\/\/www.accuratereviews.com\/it\/?s={search_term_string}"},"query-input":{"@type":"PropertyValueSpecification","valueRequired":true,"valueName":"search_term_string"}}],"inLanguage":"it-IT"}]}},"_links":{"self":[{"href":"https:\/\/www.accuratereviews.com\/it\/wp-json\/wp\/v2\/pages\/79808","targetHints":{"allow":["GET"]}}],"collection":[{"href":"https:\/\/www.accuratereviews.com\/it\/wp-json\/wp\/v2\/pages"}],"about":[{"href":"https:\/\/www.accuratereviews.com\/it\/wp-json\/wp\/v2\/types\/page"}],"author":[{"embeddable":true,"href":"https:\/\/www.accuratereviews.com\/it\/wp-json\/wp\/v2\/users\/19"}],"replies":[{"embeddable":true,"href":"https:\/\/www.accuratereviews.com\/it\/wp-json\/wp\/v2\/comments?post=79808"}],"version-history":[{"count":12,"href":"https:\/\/www.accuratereviews.com\/it\/wp-json\/wp\/v2\/pages\/79808\/revisions"}],"predecessor-version":[{"id":79859,"href":"https:\/\/www.accuratereviews.com\/it\/wp-json\/wp\/v2\/pages\/79808\/revisions\/79859"}],"up":[{"embeddable":true,"href":"https:\/\/www.accuratereviews.com\/it\/wp-json\/wp\/v2\/pages\/44787"}],"wp:featuredmedia":[{"embeddable":true,"href":"https:\/\/www.accuratereviews.com\/it\/wp-json\/wp\/v2\/media\/79810"}],"wp:attachment":[{"href":"https:\/\/www.accuratereviews.com\/it\/wp-json\/wp\/v2\/media?parent=79808"}],"wp:term":[{"taxonomy":"category","embeddable":true,"href":"https:\/\/www.accuratereviews.com\/it\/wp-json\/wp\/v2\/categories?post=79808"},{"taxonomy":"post_tag","embeddable":true,"href":"https:\/\/www.accuratereviews.com\/it\/wp-json\/wp\/v2\/tags?post=79808"},{"taxonomy":"features","embeddable":true,"href":"https:\/\/www.accuratereviews.com\/it\/wp-json\/wp\/v2\/features?post=79808"}],"curies":[{"name":"wp","href":"https:\/\/api.w.org\/{rel}","templated":true}]}}