{"id":79835,"date":"2024-10-28T16:51:41","date_gmt":"2024-10-28T16:51:41","guid":{"rendered":"https:\/\/www.accuratereviews.com\/?page_id=79835"},"modified":"2024-10-30T15:28:24","modified_gmt":"2024-10-30T15:28:24","slug":"ai-dungeon-recensione","status":"publish","type":"page","link":"https:\/\/www.accuratereviews.com\/it\/software-intelligenza-artificiale\/ai-dungeon-recensione\/","title":{"rendered":"AI Dungeon"},"content":{"rendered":"<p><strong>AI Dungeon <\/strong>\u00e8 un&#8217;<strong>applicazione di storytelling interattivo<\/strong> che sfrutta l&#8217;<strong>intelligenza artificiale<\/strong> per creare avventure testuali personalizzate. Gli utenti possono immergersi in storie uniche, completamente generate dall&#8217;IA, in cui possono influenzare lo svolgimento e il finale. Dalle ambientazioni fantasy a quelle di fantascienza, ogni trama viene modellata in base alle scelte del giocatore, offrendo un\u2019esperienza innovativa e mai uguale.<br \/>\nSviluppata da Latitude, <strong>AI Dungeon<\/strong> ha acquisito popolarit\u00e0 grazie alla sua capacit\u00e0 di elaborare risposte dinamiche, rendendo ogni storia imprevedibile e interattiva.<\/p>\n<h2>AI DUNGEON &#8211; TUTORIAL<\/h2>\n<div id=\"fluid-wrapper-counter-1\" class=\"g1-fluid-wrapper \" style=\"width:686px;\">\n<div style=\"padding-bottom:56.268221574344%;\"><iframe loading=\"lazy\" title=\"Absolute Beginner\u2019s Guide To AI Dungeon\" width=\"686\" height=\"386\" src=\"https:\/\/www.youtube.com\/embed\/J0nxtUYsX7U?feature=oembed&amp;wmode=transparent&amp;autohide=1&amp;autoplay=0&amp;disablekb=0&amp;fs=1&amp;loop=0&amp;enablejsapi=1&amp;rel=0&amp;controls=2&amp;showinfo=0&amp;wmode=transparent&amp;autohide=2&amp;autoplay=0&amp;disablekb=0&amp;fs=1&amp;loop=0&amp;enablejsapi=1&amp;rel=0&amp;controls=2&amp;showinfo=1\" frameborder=\"0\" allow=\"accelerometer; autoplay; clipboard-write; encrypted-media; gyroscope; picture-in-picture; web-share\" referrerpolicy=\"strict-origin-when-cross-origin\" allowfullscreen><\/iframe><\/div>\n<\/div>\n<h3>AI DUNGEON &#8211; CARATTERISTICHE<\/h3>\n<ul>\n<li><strong>Storie interattive e personalizzabili<\/strong>: gli utenti possono scegliere il proprio ruolo e l&#8217;ambientazione per creare avventure uniche. Ogni scelta influenza la direzione della storia, che cambia dinamicamente grazie all&#8217;IA.<\/li>\n<li><strong>Generazione di testo AI avanzata<\/strong>: AI Dungeon utilizza algoritmi di deep learning per generare risposte realistiche e coerenti con il contesto della trama, rendendo le storie fluide e immersive.<\/li>\n<li><strong>Modalit\u00e0 multiplayer<\/strong>: offre una modalit\u00e0 di gioco collaborativa, permettendo a pi\u00f9 utenti di partecipare alla stessa storia, contribuendo con decisioni diverse e rendendo l\u2019avventura pi\u00f9 coinvolgente.<\/li>\n<li><strong>Esperienze infinite<\/strong>: con una variet\u00e0 di ambientazioni e generi, l\u2019app consente agli utenti di esplorare infiniti scenari e di rivisitare storie per risultati sempre diversi.<\/li>\n<li><strong>Editor di storie<\/strong>: consente di modificare e personalizzare le avventure, permettendo agli utenti di inserire nuovi dettagli o sviluppare trame gi\u00e0 iniziate.<\/li>\n<\/ul>\n<h4>LE RECENSIONI DEGLI UTENTI<\/h4>\n<p><strong>Andrea R. &#8220;L&#8217;app in s\u00e9 mi piace e mi diverte, per\u00f2 ho riscontrato problemi con il multigiocatore&#8221;<\/strong><br \/>\n<b><\/b>COMMENTI: Ho provato ad avviare un gioco, ma se nella wiki ufficiale dice che devo dare un nome al mio personaggio, il gioco non me lo chiede. Inoltre l&#8217;IA degli sviluppatori non \u00e8 in grado di usare la terza persona, mentre chatGPT si. Chiedo se c&#8217;\u00e8 un modo per risolvere questi problemi e se sono l&#8217;unico ad averli riscontrati.<\/p>\n<p><strong>Luca M. &#8220;Pensavo meglio&#8221; <\/strong><br \/>\nCOMMENTI: Ogni volta devi dirgli di parlare nella tua lingua oltretutto \u00e8 pi\u00f9 un cantastorie\/creastorie gli dai un indizio e crea la storia attorno.<\/p>\n<div data-review-id=\"9de15de1-357c-48eb-9183-9bd4d3567e40\" data-original-thumbs-up-count=\"0\"><strong>Giacomo G. &#8220;Bella idea&#8221;<br \/>\n<\/strong>COMMENTI: I nuovi modelli di AI gratis mostrano davvero un miglioramento, ma c&#8217;\u00e8 un problema&#8230; \u00c8 gi\u00e0 da qualche tempo che uso quest&#8217;app e la versione del sito in generale ed ho notato un FORTE rallentamento generale del mio telefono. Non ho capito di cosa si trattasse fino a quando non ho disinstallato l&#8217;app e disconnesso la mia mail: \u00e8 tornato tutto a posto. Forse AI Dungeon ha un peso particolarmente grande per il telefono? Attendo chiarimenti e aggiustamenti, peace.<\/div>\n","protected":false},"excerpt":{"rendered":"<p>AI Dungeon \u00e8 un&#8217;applicazione di storytelling interattivo che sfrutta l&#8217;intelligenza artificiale per creare avventure testuali personalizzate. Gli utenti possono immergersi in storie uniche, completamente generate dall&#8217;IA, in cui possono influenzare lo svolgimento e il finale.<\/p>\n","protected":false},"author":17,"featured_media":79836,"parent":79864,"menu_order":0,"comment_status":"open","ping_status":"closed","template":"g1_template_page_review_new.php","meta":{"_acf_changed":false,"cwp_meta_box_check":"No","cwp_rev_product_name":"","cwp_rev_product_image":"","wppr_links":[],"cwp_rev_price":"","wppr_options":[],"wppr_pros":[],"wppr_cons":[],"_monsterinsights_skip_tracking":false,"_monsterinsights_sitenote_active":false,"_monsterinsights_sitenote_note":"","_monsterinsights_sitenote_category":0,"footnotes":""},"categories":[15435],"tags":[15432,998,15433],"features":[],"class_list":{"0":"post-79835","1":"page","2":"type-page","3":"status-publish","4":"has-post-thumbnail","6":"category-software-intelligenza-artificiale-cat","7":"tag-app-intelligenza-artificiale","8":"tag-intelligenza-artificiale","9":"tag-storytelling-interattivo"},"wppr_data":{"cwp_meta_box_check":"No"},"acf":[],"yoast_head":"<!-- This site is optimized with the Yoast SEO plugin v27.4 - https:\/\/yoast.com\/product\/yoast-seo-wordpress\/ -->\n<title>AI Dungeon: recensione app gioco intelligenza artificiale - Accurate Reviews<\/title>\n<meta name=\"description\" content=\"AI Dungeon: recensione app di storytelling interattivo che sfrutta l&#039;intelligenza artificiale per creare avventure testuali personalizzate.\" \/>\n<meta name=\"robots\" content=\"index, follow, max-snippet:-1, max-image-preview:large, max-video-preview:-1\" \/>\n<link rel=\"canonical\" href=\"https:\/\/www.accuratereviews.com\/it\/software-intelligenza-artificiale\/ai-dungeon-recensione\/\" \/>\n<meta property=\"og:locale\" content=\"it_IT\" \/>\n<meta property=\"og:type\" content=\"article\" \/>\n<meta property=\"og:title\" content=\"AI Dungeon: recensione app gioco intelligenza artificiale - Accurate Reviews\" \/>\n<meta property=\"og:description\" content=\"AI Dungeon: recensione app di storytelling interattivo che sfrutta l&#039;intelligenza artificiale per creare avventure testuali personalizzate.\" \/>\n<meta property=\"og:url\" content=\"https:\/\/www.accuratereviews.com\/it\/software-intelligenza-artificiale\/ai-dungeon-recensione\/\" \/>\n<meta property=\"og:site_name\" content=\"Accurate Reviews\" \/>\n<meta property=\"article:modified_time\" content=\"2024-10-30T15:28:24+00:00\" \/>\n<meta property=\"og:image\" content=\"https:\/\/www.accuratereviews.com\/wp-content\/uploads\/2024\/10\/AI_Dungeon_Logo.png\" \/>\n\t<meta property=\"og:image:width\" content=\"512\" \/>\n\t<meta property=\"og:image:height\" content=\"512\" \/>\n\t<meta property=\"og:image:type\" content=\"image\/png\" \/>\n<meta name=\"twitter:card\" content=\"summary_large_image\" \/>\n<meta name=\"twitter:label1\" content=\"Tempo di lettura stimato\" \/>\n\t<meta name=\"twitter:data1\" content=\"4 minuti\" \/>\n<script type=\"application\/ld+json\" class=\"yoast-schema-graph\">{\"@context\":\"https:\\\/\\\/schema.org\",\"@graph\":[{\"@type\":\"WebPage\",\"@id\":\"https:\\\/\\\/www.accuratereviews.com\\\/it\\\/software-intelligenza-artificiale\\\/ai-dungeon-recensione\\\/\",\"url\":\"https:\\\/\\\/www.accuratereviews.com\\\/it\\\/software-intelligenza-artificiale\\\/ai-dungeon-recensione\\\/\",\"name\":\"AI Dungeon: recensione app gioco intelligenza artificiale - Accurate Reviews\",\"isPartOf\":{\"@id\":\"https:\\\/\\\/www.accuratereviews.com\\\/it\\\/#website\"},\"primaryImageOfPage\":{\"@id\":\"https:\\\/\\\/www.accuratereviews.com\\\/it\\\/software-intelligenza-artificiale\\\/ai-dungeon-recensione\\\/#primaryimage\"},\"image\":{\"@id\":\"https:\\\/\\\/www.accuratereviews.com\\\/it\\\/software-intelligenza-artificiale\\\/ai-dungeon-recensione\\\/#primaryimage\"},\"thumbnailUrl\":\"https:\\\/\\\/www.accuratereviews.com\\\/wp-content\\\/uploads\\\/2024\\\/10\\\/AI_Dungeon_Logo.png\",\"datePublished\":\"2024-10-28T16:51:41+00:00\",\"dateModified\":\"2024-10-30T15:28:24+00:00\",\"description\":\"AI Dungeon: recensione app di storytelling interattivo che sfrutta l'intelligenza artificiale per creare avventure testuali personalizzate.\",\"breadcrumb\":{\"@id\":\"https:\\\/\\\/www.accuratereviews.com\\\/it\\\/software-intelligenza-artificiale\\\/ai-dungeon-recensione\\\/#breadcrumb\"},\"inLanguage\":\"it-IT\",\"potentialAction\":[{\"@type\":\"ReadAction\",\"target\":[\"https:\\\/\\\/www.accuratereviews.com\\\/it\\\/software-intelligenza-artificiale\\\/ai-dungeon-recensione\\\/\"]}]},{\"@type\":\"ImageObject\",\"inLanguage\":\"it-IT\",\"@id\":\"https:\\\/\\\/www.accuratereviews.com\\\/it\\\/software-intelligenza-artificiale\\\/ai-dungeon-recensione\\\/#primaryimage\",\"url\":\"https:\\\/\\\/www.accuratereviews.com\\\/wp-content\\\/uploads\\\/2024\\\/10\\\/AI_Dungeon_Logo.png\",\"contentUrl\":\"https:\\\/\\\/www.accuratereviews.com\\\/wp-content\\\/uploads\\\/2024\\\/10\\\/AI_Dungeon_Logo.png\",\"width\":512,\"height\":512},{\"@type\":\"BreadcrumbList\",\"@id\":\"https:\\\/\\\/www.accuratereviews.com\\\/it\\\/software-intelligenza-artificiale\\\/ai-dungeon-recensione\\\/#breadcrumb\",\"itemListElement\":[{\"@type\":\"ListItem\",\"position\":1,\"name\":\"Home\",\"item\":\"https:\\\/\\\/www.accuratereviews.com\\\/it\\\/\"},{\"@type\":\"ListItem\",\"position\":2,\"name\":\"Software di intelligenza artificiale\",\"item\":\"https:\\\/\\\/www.accuratereviews.com\\\/it\\\/software-intelligenza-artificiale\\\/\"},{\"@type\":\"ListItem\",\"position\":3,\"name\":\"AI Dungeon\"}]},{\"@type\":\"WebSite\",\"@id\":\"https:\\\/\\\/www.accuratereviews.com\\\/it\\\/#website\",\"url\":\"https:\\\/\\\/www.accuratereviews.com\\\/it\\\/\",\"name\":\"Accurate Reviews\",\"description\":\"\",\"potentialAction\":[{\"@type\":\"SearchAction\",\"target\":{\"@type\":\"EntryPoint\",\"urlTemplate\":\"https:\\\/\\\/www.accuratereviews.com\\\/it\\\/?s={search_term_string}\"},\"query-input\":{\"@type\":\"PropertyValueSpecification\",\"valueRequired\":true,\"valueName\":\"search_term_string\"}}],\"inLanguage\":\"it-IT\"}]}<\/script>\n<!-- \/ Yoast SEO plugin. -->","yoast_head_json":{"title":"AI Dungeon: recensione app gioco intelligenza artificiale - Accurate Reviews","description":"AI Dungeon: recensione app di storytelling interattivo che sfrutta l'intelligenza artificiale per creare avventure testuali personalizzate.","robots":{"index":"index","follow":"follow","max-snippet":"max-snippet:-1","max-image-preview":"max-image-preview:large","max-video-preview":"max-video-preview:-1"},"canonical":"https:\/\/www.accuratereviews.com\/it\/software-intelligenza-artificiale\/ai-dungeon-recensione\/","og_locale":"it_IT","og_type":"article","og_title":"AI Dungeon: recensione app gioco intelligenza artificiale - Accurate Reviews","og_description":"AI Dungeon: recensione app di storytelling interattivo che sfrutta l'intelligenza artificiale per creare avventure testuali personalizzate.","og_url":"https:\/\/www.accuratereviews.com\/it\/software-intelligenza-artificiale\/ai-dungeon-recensione\/","og_site_name":"Accurate Reviews","article_modified_time":"2024-10-30T15:28:24+00:00","og_image":[{"width":512,"height":512,"url":"https:\/\/www.accuratereviews.com\/wp-content\/uploads\/2024\/10\/AI_Dungeon_Logo.png","type":"image\/png"}],"twitter_card":"summary_large_image","twitter_misc":{"Tempo di lettura stimato":"4 minuti"},"schema":{"@context":"https:\/\/schema.org","@graph":[{"@type":"WebPage","@id":"https:\/\/www.accuratereviews.com\/it\/software-intelligenza-artificiale\/ai-dungeon-recensione\/","url":"https:\/\/www.accuratereviews.com\/it\/software-intelligenza-artificiale\/ai-dungeon-recensione\/","name":"AI Dungeon: recensione app gioco intelligenza artificiale - Accurate Reviews","isPartOf":{"@id":"https:\/\/www.accuratereviews.com\/it\/#website"},"primaryImageOfPage":{"@id":"https:\/\/www.accuratereviews.com\/it\/software-intelligenza-artificiale\/ai-dungeon-recensione\/#primaryimage"},"image":{"@id":"https:\/\/www.accuratereviews.com\/it\/software-intelligenza-artificiale\/ai-dungeon-recensione\/#primaryimage"},"thumbnailUrl":"https:\/\/www.accuratereviews.com\/wp-content\/uploads\/2024\/10\/AI_Dungeon_Logo.png","datePublished":"2024-10-28T16:51:41+00:00","dateModified":"2024-10-30T15:28:24+00:00","description":"AI Dungeon: recensione app di storytelling interattivo che sfrutta l'intelligenza artificiale per creare avventure testuali personalizzate.","breadcrumb":{"@id":"https:\/\/www.accuratereviews.com\/it\/software-intelligenza-artificiale\/ai-dungeon-recensione\/#breadcrumb"},"inLanguage":"it-IT","potentialAction":[{"@type":"ReadAction","target":["https:\/\/www.accuratereviews.com\/it\/software-intelligenza-artificiale\/ai-dungeon-recensione\/"]}]},{"@type":"ImageObject","inLanguage":"it-IT","@id":"https:\/\/www.accuratereviews.com\/it\/software-intelligenza-artificiale\/ai-dungeon-recensione\/#primaryimage","url":"https:\/\/www.accuratereviews.com\/wp-content\/uploads\/2024\/10\/AI_Dungeon_Logo.png","contentUrl":"https:\/\/www.accuratereviews.com\/wp-content\/uploads\/2024\/10\/AI_Dungeon_Logo.png","width":512,"height":512},{"@type":"BreadcrumbList","@id":"https:\/\/www.accuratereviews.com\/it\/software-intelligenza-artificiale\/ai-dungeon-recensione\/#breadcrumb","itemListElement":[{"@type":"ListItem","position":1,"name":"Home","item":"https:\/\/www.accuratereviews.com\/it\/"},{"@type":"ListItem","position":2,"name":"Software di intelligenza artificiale","item":"https:\/\/www.accuratereviews.com\/it\/software-intelligenza-artificiale\/"},{"@type":"ListItem","position":3,"name":"AI Dungeon"}]},{"@type":"WebSite","@id":"https:\/\/www.accuratereviews.com\/it\/#website","url":"https:\/\/www.accuratereviews.com\/it\/","name":"Accurate Reviews","description":"","potentialAction":[{"@type":"SearchAction","target":{"@type":"EntryPoint","urlTemplate":"https:\/\/www.accuratereviews.com\/it\/?s={search_term_string}"},"query-input":{"@type":"PropertyValueSpecification","valueRequired":true,"valueName":"search_term_string"}}],"inLanguage":"it-IT"}]}},"_links":{"self":[{"href":"https:\/\/www.accuratereviews.com\/it\/wp-json\/wp\/v2\/pages\/79835","targetHints":{"allow":["GET"]}}],"collection":[{"href":"https:\/\/www.accuratereviews.com\/it\/wp-json\/wp\/v2\/pages"}],"about":[{"href":"https:\/\/www.accuratereviews.com\/it\/wp-json\/wp\/v2\/types\/page"}],"author":[{"embeddable":true,"href":"https:\/\/www.accuratereviews.com\/it\/wp-json\/wp\/v2\/users\/17"}],"replies":[{"embeddable":true,"href":"https:\/\/www.accuratereviews.com\/it\/wp-json\/wp\/v2\/comments?post=79835"}],"version-history":[{"count":4,"href":"https:\/\/www.accuratereviews.com\/it\/wp-json\/wp\/v2\/pages\/79835\/revisions"}],"predecessor-version":[{"id":79878,"href":"https:\/\/www.accuratereviews.com\/it\/wp-json\/wp\/v2\/pages\/79835\/revisions\/79878"}],"up":[{"embeddable":true,"href":"https:\/\/www.accuratereviews.com\/it\/wp-json\/wp\/v2\/pages\/79864"}],"wp:featuredmedia":[{"embeddable":true,"href":"https:\/\/www.accuratereviews.com\/it\/wp-json\/wp\/v2\/media\/79836"}],"wp:attachment":[{"href":"https:\/\/www.accuratereviews.com\/it\/wp-json\/wp\/v2\/media?parent=79835"}],"wp:term":[{"taxonomy":"category","embeddable":true,"href":"https:\/\/www.accuratereviews.com\/it\/wp-json\/wp\/v2\/categories?post=79835"},{"taxonomy":"post_tag","embeddable":true,"href":"https:\/\/www.accuratereviews.com\/it\/wp-json\/wp\/v2\/tags?post=79835"},{"taxonomy":"features","embeddable":true,"href":"https:\/\/www.accuratereviews.com\/it\/wp-json\/wp\/v2\/features?post=79835"}],"curies":[{"name":"wp","href":"https:\/\/api.w.org\/{rel}","templated":true}]}}