{"id":79851,"date":"2024-10-29T12:13:06","date_gmt":"2024-10-29T12:13:06","guid":{"rendered":"https:\/\/www.accuratereviews.com\/?page_id=79851"},"modified":"2024-10-29T12:13:06","modified_gmt":"2024-10-29T12:13:06","slug":"cleanpix-recensione","status":"publish","type":"page","link":"https:\/\/www.accuratereviews.com\/it\/software-gestione-brand\/cleanpix-recensione\/","title":{"rendered":"CleanPix"},"content":{"rendered":"<p><strong>CleanPix<\/strong> \u00e8 una <strong>soluzione di gestione di asset digitali,<\/strong> di brand e multimediali, basata sul web, che elabora automaticamente i file in pi\u00f9 dimensioni e formati, permette agli utenti di organizzare, la distribuzione degli asset tramite portali pubblici, gallerie private con accesso controllato e direttamente tramite email.<br \/>\nI file possono essere caricati in blocco tramite un&#8217;interfaccia drag-and-drop e aggiunti a gallerie esistenti o a una nuova galleria creata durante il caricamento. Quando i file vengono caricati, vengono automaticamente elaborati in pi\u00f9 formati, tra cui CMYK pronto per la stampa, <strong>RGB di qualit\u00e0 completa, Web, Microsoft Word e PowerPoint<\/strong> e una variet\u00e0 di dimensioni. I loghi basati su vettori in formati .eps possono anche essere convertiti in file .png. Gli utenti possono definire i propri set di metadati da applicare agli asset singolarmente o in blocco e aggiungere campi di metadati personalizzati a singoli asset o gruppi di asset.<\/p>\n<h2>CLEANPIX &#8211; TUTORIAL<\/h2>\n<div id=\"fluid-wrapper-counter-1\" class=\"g1-fluid-wrapper \" style=\"width:686px;\">\n<div style=\"padding-bottom:56.268221574344%;\"><iframe loading=\"lazy\" title=\"CleanPix 101 Video\" width=\"686\" height=\"386\" src=\"https:\/\/www.youtube.com\/embed\/Fi_U4LeH5Gs?feature=oembed&amp;wmode=transparent&amp;autohide=1&amp;autoplay=0&amp;disablekb=0&amp;fs=1&amp;loop=0&amp;enablejsapi=1&amp;rel=0&amp;controls=2&amp;showinfo=0&amp;wmode=transparent&amp;autohide=2&amp;autoplay=0&amp;disablekb=0&amp;fs=1&amp;loop=0&amp;enablejsapi=1&amp;rel=0&amp;controls=2&amp;showinfo=1\" frameborder=\"0\" allow=\"accelerometer; autoplay; clipboard-write; encrypted-media; gyroscope; picture-in-picture; web-share\" referrerpolicy=\"strict-origin-when-cross-origin\" allowfullscreen><\/iframe><\/div>\n<\/div>\n<h3>CLEANPIX &#8211; CARATTERISTICHE<\/h3>\n<ul>\n<li>Genera gallerie per uso interno o esterno<\/li>\n<li>Collegati al web per creare una potente opzione self-service per i tuoi utenti<\/li>\n<li>Automatizza le richieste multimediali da indirizzi e-mail attendibili e domini aziendali<\/li>\n<li>Il sistema di tagging rapido e robusto consente un rapido controllo incrociato e la scoperta dei tuoi file.<\/li>\n<li>Assegna facilmente didascalie e informazioni sul copyright<\/li>\n<li>Imposta date di scadenza per disabilitare automaticamente l&#8217;accesso<\/li>\n<li>Raggruppa le risorse in gallerie e sottoaccount con autorizzazioni differenziali<\/li>\n<li>Ottieni report di download per ogni risorsa, inclusi formato, utente e data<\/li>\n<li>Crea i tuoi campi metadati per soddisfare le esigenze della tua organizzazione<\/li>\n<li>Conta su velocit\u00e0 super elevate e generose opzioni di archiviazione per gestire e distribuire i tuoi ampi filmati B-roll.<\/li>\n<\/ul>\n<h4>LE RECENSIONI DEGLI UTENTI<\/h4>\n<p><strong>Melanie &#8220;Prodotto fantastico!&#8221;<\/strong><br \/>\n<strong>Pro<\/strong>: CleanPix ha aumentato la nostra produttivit\u00e0 semplificando la condivisione delle foto e la nostra propriet\u00e0 con i media.<br \/>\n<strong>Contro<\/strong>: Non abbiamo riscontrato alcun problema con l&#8217;utilizzo di questo programma: facile da usare e da integrare.<\/p>\n<p><strong>Eduardo &#8220;CleanPix \u00e8 un&#8217;ottima opzione per gestire marchi in crescita&#8221; \u00a0<\/strong> \u00a0 \u00a0 \u00a0 \u00a0 \u00a0 \u00a0 \u00a0 \u00a0 \u00a0 \u00a0 \u00a0 \u00a0 \u00a0 \u00a0 \u00a0 \u00a0 \u00a0 \u00a0 \u00a0 \u00a0 \u00a0 \u00a0 \u00a0 \u00a0 \u00a0 \u00a0 \u00a0 \u00a0 \u00a0 \u00a0 \u00a0 \u00a0 \u00a0 \u00a0 \u00a0 \u00a0 \u00a0 \u00a0 \u00a0 \u00a0 \u00a0 \u00a0 \u00a0 \u00a0 \u00a0 \u00a0 \u00a0 \u00a0 \u00a0 \u00a0 \u00a0 \u00a0 \u00a0 <strong>Pro<\/strong>: CleanPix \u00e8 un&#8217;ottima opzione per la gestione del marchio. Mi piace perch\u00e9 puoi aumentare la produttivit\u00e0 semplificando il processo di condivisione dei contenuti con diverse reti di trasmissione.<br \/>\n<strong>Contro<\/strong>: Sto provando CleanPix da 7 mesi e mi ha sorpreso con tutto ci\u00f2 che pu\u00f2 fare e finora non ho avuto problemi.<\/p>\n<p><strong>Anyssa &#8220;Ottimo per le piccole aziende!&#8221;<\/strong><br \/>\n<strong>Pro<\/strong>: Cercavo una buona azienda che mi aiutasse con il mio logo e altre cose. Questa azienda mi ha davvero reso pi\u00f9 facile farlo.<br \/>\n<strong>Contro<\/strong>: Il software avrebbe potuto avere un sistema di risposta pi\u00f9 veloce.<\/p>\n","protected":false},"excerpt":{"rendered":"<p>CleanPix \u00e8 una soluzione di gestione di asset digitali, di brand e multimediali, basata sul web, che elabora automaticamente i file in pi\u00f9 dimensioni e formati, permette agli utenti di organizzare, la distribuzione degli asset tramite portali pubblici, gallerie private con accesso controllato e direttamente tramite email. I file possono essere caricati\u00a0in blocco tramite un&#8217;interfaccia drag-and-drop e aggiunti a gallerie esistenti o a una nuova galleria creata durante il caricamento.<\/p>\n","protected":false},"author":19,"featured_media":79852,"parent":44787,"menu_order":0,"comment_status":"open","ping_status":"closed","template":"g1_template_page_review_new.php","meta":{"_acf_changed":false,"cwp_meta_box_check":"Yes","cwp_rev_product_name":"","cwp_rev_product_image":"","wppr_links":[],"cwp_rev_price":"0.00","wppr_options":[{"name":"Usability","value":"0"},{"name":"Speed","value":"0"},{"name":"Features","value":"0"},{"name":"Support","value":"0"},{"name":"Pricing","value":"0"}],"wppr_pros":["","","","",""],"wppr_cons":["","","","",""],"_monsterinsights_skip_tracking":false,"_monsterinsights_sitenote_active":false,"_monsterinsights_sitenote_note":"","_monsterinsights_sitenote_category":0,"footnotes":""},"categories":[10573],"tags":[15434,10577,10600,10599,10597,10598],"features":[],"class_list":{"0":"post-79851","1":"page","2":"type-page","3":"status-publish","4":"has-post-thumbnail","6":"category-software-gestione-brand-categoria","7":"tag-cleanpix","8":"tag-gestione-brand","9":"tag-piattaforma-gestionale-brand","10":"tag-programma-gestionale-brand","11":"tag-software-gestionale-brand","12":"tag-soluzione-gestionale-brand"},"wppr_data":{"cwp_meta_box_check":"Yes","_wppr_review_template":"default","cwp_rev_product_image":"","cwp_image_link":"image","wppr_links":[],"cwp_rev_price":"0.00","wppr_pros":["","","","",""],"wppr_cons":["","","","",""],"wppr_rating":"0.00","wppr_options":{"1":{"name":"Usability","value":"0"},"2":{"name":"Speed","value":"0"},"3":{"name":"Features","value":"0"},"4":{"name":"Support","value":"0"},"5":{"name":"Pricing","value":"0"}},"wppr_review_type":"Product","wppr_review_custom_fields":{"additionalProperty":"","additionalType":"","aggregateRating":"","alternateName":"","audience":"","award":"","awards":"","brand":"","color":"","depth":"","description":"","disambiguatingDescription":"","gtin12":"","gtin13":"","gtin14":"","gtin8":"","height":"","identifier":"","image":"","isAccessoryOrSparePartFor":"","isConsumableFor":"","isRelatedTo":"","isSimilarTo":"","itemCondition":"","logo":"","mainEntityOfPage":"","manufacturer":"","material":"","model":"","mpn":"","name":"","offers":"","potentialAction":"","productID":"","productionDate":"","purchaseDate":"","releaseDate":"","review":"","reviews":"","sameAs":"","sku":"","slogan":"","subjectOf":"","url":"","weight":"","width":""}},"acf":[],"yoast_head":"<!-- This site is optimized with the Yoast SEO plugin v27.4 - https:\/\/yoast.com\/product\/yoast-seo-wordpress\/ -->\n<title>CleanPix: recensione software gestione brand - Accurate Reviews<\/title>\n<meta name=\"description\" content=\"CleanPix: recensione soluzione basata sul web per la distribuzione degli asset tramite portali pubblici e gallerie private.\" \/>\n<meta name=\"robots\" content=\"index, follow, max-snippet:-1, max-image-preview:large, max-video-preview:-1\" \/>\n<link rel=\"canonical\" href=\"https:\/\/www.accuratereviews.com\/it\/software-gestione-brand\/cleanpix-recensione\/\" \/>\n<meta property=\"og:locale\" content=\"it_IT\" \/>\n<meta property=\"og:type\" content=\"article\" \/>\n<meta property=\"og:title\" content=\"CleanPix: recensione software gestione brand - Accurate Reviews\" \/>\n<meta property=\"og:description\" content=\"CleanPix: recensione soluzione basata sul web per la distribuzione degli asset tramite portali pubblici e gallerie private.\" \/>\n<meta property=\"og:url\" content=\"https:\/\/www.accuratereviews.com\/it\/software-gestione-brand\/cleanpix-recensione\/\" \/>\n<meta property=\"og:site_name\" content=\"Accurate Reviews\" \/>\n<meta property=\"og:image\" content=\"https:\/\/www.accuratereviews.com\/wp-content\/uploads\/2024\/10\/CleanPix.webp\" \/>\n\t<meta property=\"og:image:width\" content=\"256\" \/>\n\t<meta property=\"og:image:height\" content=\"256\" \/>\n\t<meta property=\"og:image:type\" content=\"image\/webp\" \/>\n<meta name=\"twitter:card\" content=\"summary_large_image\" \/>\n<meta name=\"twitter:label1\" content=\"Tempo di lettura stimato\" \/>\n\t<meta name=\"twitter:data1\" content=\"4 minuti\" \/>\n<script type=\"application\/ld+json\" class=\"yoast-schema-graph\">{\"@context\":\"https:\\\/\\\/schema.org\",\"@graph\":[{\"@type\":\"WebPage\",\"@id\":\"https:\\\/\\\/www.accuratereviews.com\\\/it\\\/software-gestione-brand\\\/cleanpix-recensione\\\/\",\"url\":\"https:\\\/\\\/www.accuratereviews.com\\\/it\\\/software-gestione-brand\\\/cleanpix-recensione\\\/\",\"name\":\"CleanPix: recensione software gestione brand - Accurate Reviews\",\"isPartOf\":{\"@id\":\"https:\\\/\\\/www.accuratereviews.com\\\/it\\\/#website\"},\"primaryImageOfPage\":{\"@id\":\"https:\\\/\\\/www.accuratereviews.com\\\/it\\\/software-gestione-brand\\\/cleanpix-recensione\\\/#primaryimage\"},\"image\":{\"@id\":\"https:\\\/\\\/www.accuratereviews.com\\\/it\\\/software-gestione-brand\\\/cleanpix-recensione\\\/#primaryimage\"},\"thumbnailUrl\":\"https:\\\/\\\/www.accuratereviews.com\\\/wp-content\\\/uploads\\\/2024\\\/10\\\/CleanPix.webp\",\"datePublished\":\"2024-10-29T12:13:06+00:00\",\"description\":\"CleanPix: recensione soluzione basata sul web per la distribuzione degli asset tramite portali pubblici e gallerie private.\",\"breadcrumb\":{\"@id\":\"https:\\\/\\\/www.accuratereviews.com\\\/it\\\/software-gestione-brand\\\/cleanpix-recensione\\\/#breadcrumb\"},\"inLanguage\":\"it-IT\",\"potentialAction\":[{\"@type\":\"ReadAction\",\"target\":[\"https:\\\/\\\/www.accuratereviews.com\\\/it\\\/software-gestione-brand\\\/cleanpix-recensione\\\/\"]}]},{\"@type\":\"ImageObject\",\"inLanguage\":\"it-IT\",\"@id\":\"https:\\\/\\\/www.accuratereviews.com\\\/it\\\/software-gestione-brand\\\/cleanpix-recensione\\\/#primaryimage\",\"url\":\"https:\\\/\\\/www.accuratereviews.com\\\/wp-content\\\/uploads\\\/2024\\\/10\\\/CleanPix.webp\",\"contentUrl\":\"https:\\\/\\\/www.accuratereviews.com\\\/wp-content\\\/uploads\\\/2024\\\/10\\\/CleanPix.webp\",\"width\":256,\"height\":256},{\"@type\":\"BreadcrumbList\",\"@id\":\"https:\\\/\\\/www.accuratereviews.com\\\/it\\\/software-gestione-brand\\\/cleanpix-recensione\\\/#breadcrumb\",\"itemListElement\":[{\"@type\":\"ListItem\",\"position\":1,\"name\":\"Home\",\"item\":\"https:\\\/\\\/www.accuratereviews.com\\\/it\\\/\"},{\"@type\":\"ListItem\",\"position\":2,\"name\":\"Software per la gestione dei brand\",\"item\":\"https:\\\/\\\/www.accuratereviews.com\\\/it\\\/software-gestione-brand\\\/\"},{\"@type\":\"ListItem\",\"position\":3,\"name\":\"CleanPix\"}]},{\"@type\":\"WebSite\",\"@id\":\"https:\\\/\\\/www.accuratereviews.com\\\/it\\\/#website\",\"url\":\"https:\\\/\\\/www.accuratereviews.com\\\/it\\\/\",\"name\":\"Accurate Reviews\",\"description\":\"\",\"potentialAction\":[{\"@type\":\"SearchAction\",\"target\":{\"@type\":\"EntryPoint\",\"urlTemplate\":\"https:\\\/\\\/www.accuratereviews.com\\\/it\\\/?s={search_term_string}\"},\"query-input\":{\"@type\":\"PropertyValueSpecification\",\"valueRequired\":true,\"valueName\":\"search_term_string\"}}],\"inLanguage\":\"it-IT\"}]}<\/script>\n<!-- \/ Yoast SEO plugin. -->","yoast_head_json":{"title":"CleanPix: recensione software gestione brand - Accurate Reviews","description":"CleanPix: recensione soluzione basata sul web per la distribuzione degli asset tramite portali pubblici e gallerie private.","robots":{"index":"index","follow":"follow","max-snippet":"max-snippet:-1","max-image-preview":"max-image-preview:large","max-video-preview":"max-video-preview:-1"},"canonical":"https:\/\/www.accuratereviews.com\/it\/software-gestione-brand\/cleanpix-recensione\/","og_locale":"it_IT","og_type":"article","og_title":"CleanPix: recensione software gestione brand - Accurate Reviews","og_description":"CleanPix: recensione soluzione basata sul web per la distribuzione degli asset tramite portali pubblici e gallerie private.","og_url":"https:\/\/www.accuratereviews.com\/it\/software-gestione-brand\/cleanpix-recensione\/","og_site_name":"Accurate Reviews","og_image":[{"width":256,"height":256,"url":"https:\/\/www.accuratereviews.com\/wp-content\/uploads\/2024\/10\/CleanPix.webp","type":"image\/webp"}],"twitter_card":"summary_large_image","twitter_misc":{"Tempo di lettura stimato":"4 minuti"},"schema":{"@context":"https:\/\/schema.org","@graph":[{"@type":"WebPage","@id":"https:\/\/www.accuratereviews.com\/it\/software-gestione-brand\/cleanpix-recensione\/","url":"https:\/\/www.accuratereviews.com\/it\/software-gestione-brand\/cleanpix-recensione\/","name":"CleanPix: recensione software gestione brand - Accurate Reviews","isPartOf":{"@id":"https:\/\/www.accuratereviews.com\/it\/#website"},"primaryImageOfPage":{"@id":"https:\/\/www.accuratereviews.com\/it\/software-gestione-brand\/cleanpix-recensione\/#primaryimage"},"image":{"@id":"https:\/\/www.accuratereviews.com\/it\/software-gestione-brand\/cleanpix-recensione\/#primaryimage"},"thumbnailUrl":"https:\/\/www.accuratereviews.com\/wp-content\/uploads\/2024\/10\/CleanPix.webp","datePublished":"2024-10-29T12:13:06+00:00","description":"CleanPix: recensione soluzione basata sul web per la distribuzione degli asset tramite portali pubblici e gallerie private.","breadcrumb":{"@id":"https:\/\/www.accuratereviews.com\/it\/software-gestione-brand\/cleanpix-recensione\/#breadcrumb"},"inLanguage":"it-IT","potentialAction":[{"@type":"ReadAction","target":["https:\/\/www.accuratereviews.com\/it\/software-gestione-brand\/cleanpix-recensione\/"]}]},{"@type":"ImageObject","inLanguage":"it-IT","@id":"https:\/\/www.accuratereviews.com\/it\/software-gestione-brand\/cleanpix-recensione\/#primaryimage","url":"https:\/\/www.accuratereviews.com\/wp-content\/uploads\/2024\/10\/CleanPix.webp","contentUrl":"https:\/\/www.accuratereviews.com\/wp-content\/uploads\/2024\/10\/CleanPix.webp","width":256,"height":256},{"@type":"BreadcrumbList","@id":"https:\/\/www.accuratereviews.com\/it\/software-gestione-brand\/cleanpix-recensione\/#breadcrumb","itemListElement":[{"@type":"ListItem","position":1,"name":"Home","item":"https:\/\/www.accuratereviews.com\/it\/"},{"@type":"ListItem","position":2,"name":"Software per la gestione dei brand","item":"https:\/\/www.accuratereviews.com\/it\/software-gestione-brand\/"},{"@type":"ListItem","position":3,"name":"CleanPix"}]},{"@type":"WebSite","@id":"https:\/\/www.accuratereviews.com\/it\/#website","url":"https:\/\/www.accuratereviews.com\/it\/","name":"Accurate Reviews","description":"","potentialAction":[{"@type":"SearchAction","target":{"@type":"EntryPoint","urlTemplate":"https:\/\/www.accuratereviews.com\/it\/?s={search_term_string}"},"query-input":{"@type":"PropertyValueSpecification","valueRequired":true,"valueName":"search_term_string"}}],"inLanguage":"it-IT"}]}},"_links":{"self":[{"href":"https:\/\/www.accuratereviews.com\/it\/wp-json\/wp\/v2\/pages\/79851","targetHints":{"allow":["GET"]}}],"collection":[{"href":"https:\/\/www.accuratereviews.com\/it\/wp-json\/wp\/v2\/pages"}],"about":[{"href":"https:\/\/www.accuratereviews.com\/it\/wp-json\/wp\/v2\/types\/page"}],"author":[{"embeddable":true,"href":"https:\/\/www.accuratereviews.com\/it\/wp-json\/wp\/v2\/users\/19"}],"replies":[{"embeddable":true,"href":"https:\/\/www.accuratereviews.com\/it\/wp-json\/wp\/v2\/comments?post=79851"}],"version-history":[{"count":7,"href":"https:\/\/www.accuratereviews.com\/it\/wp-json\/wp\/v2\/pages\/79851\/revisions"}],"predecessor-version":[{"id":79863,"href":"https:\/\/www.accuratereviews.com\/it\/wp-json\/wp\/v2\/pages\/79851\/revisions\/79863"}],"up":[{"embeddable":true,"href":"https:\/\/www.accuratereviews.com\/it\/wp-json\/wp\/v2\/pages\/44787"}],"wp:featuredmedia":[{"embeddable":true,"href":"https:\/\/www.accuratereviews.com\/it\/wp-json\/wp\/v2\/media\/79852"}],"wp:attachment":[{"href":"https:\/\/www.accuratereviews.com\/it\/wp-json\/wp\/v2\/media?parent=79851"}],"wp:term":[{"taxonomy":"category","embeddable":true,"href":"https:\/\/www.accuratereviews.com\/it\/wp-json\/wp\/v2\/categories?post=79851"},{"taxonomy":"post_tag","embeddable":true,"href":"https:\/\/www.accuratereviews.com\/it\/wp-json\/wp\/v2\/tags?post=79851"},{"taxonomy":"features","embeddable":true,"href":"https:\/\/www.accuratereviews.com\/it\/wp-json\/wp\/v2\/features?post=79851"}],"curies":[{"name":"wp","href":"https:\/\/api.w.org\/{rel}","templated":true}]}}