{"id":79914,"date":"2024-10-30T15:50:08","date_gmt":"2024-10-30T15:50:08","guid":{"rendered":"https:\/\/www.accuratereviews.com\/?page_id=79914"},"modified":"2024-11-04T10:28:57","modified_gmt":"2024-11-04T10:28:57","slug":"slidehub-recensione","status":"publish","type":"page","link":"https:\/\/www.accuratereviews.com\/it\/software-gestione-brand\/slidehub-recensione\/","title":{"rendered":"SlideHub"},"content":{"rendered":"<p><strong>SlideHub<\/strong> offre una <strong>piattaforma di gestione delle risorse<\/strong>, basata sul web, che consente ai dipendenti di accedere e gestire immagini, icone e diapositive di ispirazione aziendali e di team direttamente in PowerPoint, Word, Excel e Outlook. Come componente aggiuntivo, fornisce il servizio di progettazione PowerPoint on-demand pi\u00f9 veloce al mondo che consente una rapida implementazione della piattaforma di risorse e fa risparmiare tempo e denaro.<br \/>\nI clienti possono accedere alla piattaforma di asset di <strong>SlideHub<\/strong> direttamente tramite il componente aggiuntivo o tramite qualsiasi browser web moderno. Inoltre, non importa se si utilizza Mac, Windows o dispositivi mobili, gli utenti non avranno alcuna difficolt\u00e0 ad accedere alla libreria cloud.<\/p>\n<h2>SLIDEHUB &#8211; TUTORIAL<\/h2>\n<div id=\"fluid-wrapper-counter-1\" class=\"g1-fluid-wrapper \" style=\"width:686px;\">\n<div style=\"padding-bottom:56.268221574344%;\"><iframe loading=\"lazy\" title=\"July Product Update 2024\" width=\"686\" height=\"386\" src=\"https:\/\/www.youtube.com\/embed\/L0wZxIi6ooU?feature=oembed&amp;wmode=transparent&amp;autohide=1&amp;autoplay=0&amp;disablekb=0&amp;fs=1&amp;loop=0&amp;enablejsapi=1&amp;rel=0&amp;controls=2&amp;showinfo=0&amp;wmode=transparent&amp;autohide=2&amp;autoplay=0&amp;disablekb=0&amp;fs=1&amp;loop=0&amp;enablejsapi=1&amp;rel=0&amp;controls=2&amp;showinfo=1\" frameborder=\"0\" allow=\"accelerometer; autoplay; clipboard-write; encrypted-media; gyroscope; picture-in-picture; web-share\" referrerpolicy=\"strict-origin-when-cross-origin\" allowfullscreen><\/iframe><\/div>\n<\/div>\n<h3>SLIDEHUB &#8211; CARATTERISTICHE<\/h3>\n<ul>\n<li>Tutte le risorse aziendali sono facilmente accessibili in un&#8217;unica soluzione direttamente disponibile su M365<\/li>\n<li>Interfaccia utente veloce e semplice focalizzata sulla facilitazione nella ricerca delle risorse e non solo per utenti esperti<\/li>\n<li>Il tempo di risposta medio del servizio clienti \u00e8 di 8 ore ed \u00e8 disponibile 24 ore su 24, 7 giorni su 7<\/li>\n<li>Aiuta i tuoi colleghi a utilizzare i materiali pi\u00f9 recenti e aggiornati<\/li>\n<li>Aggiorna le slide presenti in pi\u00f9 presentazioni in un unico posto<\/li>\n<li>Lascia che il tuo team suggerisca slide ma mantieni il controllo<\/li>\n<li>Accedi alle tue risorse on-brand ovunque tu sia<\/li>\n<li>Semplice da configurare e gestire<\/li>\n<li>aggiornamenti del soluzione sempre presenti<\/li>\n<li>Metadati basati su tag e categorie<\/li>\n<\/ul>\n<h4>LE RECENSIONI DEGLI UTENTI<\/h4>\n<p><strong>Paola &#8220;Ottimo per creare diapositive accattivanti&#8221;<\/strong><br \/>\n<strong>Pro<\/strong>: Mi aiuta a produrre molte diapositive per il mio lavoro in poco tempo<br \/>\n<strong>Contro<\/strong>: Il motore di ricerca potrebbe essere sviluppato meglio<\/p>\n<p><strong>Tuure &#8220;Ottimo prodotto per gli utenti finali&#8221;<\/strong><br \/>\n<strong>Pro<\/strong>: A differenza di molti prodotti simili, questo \u00e8 stato creato per gli utenti finali e si vede. \u00c8 &#8220;user-first&#8221; ma soddisfa comunque le esigenze di marketing e altre funzioni di supporto. Tra le opzioni esaminate (come Templafy) questa \u00e8 la migliore per gli utenti finali.<br \/>\n<strong>Contro<\/strong>: Nonostante la sua maturit\u00e0, ci sono ancora dei bug e a volte le prestazioni sono un po&#8217; instabili, ma il team continua a migliorare costantemente e reagisce prontamente ai feedback.<\/p>\n<p><strong>Oliver &#8220;Con Slidehub sfruttiamo le nostre capacit\u00e0 di PowerPoint&#8221;<\/strong><br \/>\n<strong>Commenti<\/strong>: Principalmente ripasso delle diapositive di PowerPoint, ricreazione di disegni nelle diapositive di PowerPoint &#8211; utilizziamo molto anche la libreria di diapositive per i modelli di PowerPoint<br \/>\n<strong>Pro<\/strong>: Ottima disponibilit\u00e0 del servizio, tempi di reazione rapidi, l&#8217;add-in slidehub \u00e8 una funzionalit\u00e0 davvero fantastica per i nostri modelli di diapositive personalizzati e la nostra libreria di immagini. I designer offrono davvero ottimi risultati anche con un piccolo input.<br \/>\n<strong>Contro<\/strong>: non c&#8217;\u00e8 molto da dire. Il feedback \u00e8 benvenuto e le cose vengono risolte molto velocemente<\/p>\n","protected":false},"excerpt":{"rendered":"<p>SlideHub offre una piattaforma di gestione delle risorse, basata sul web, che consente ai dipendenti di accedere e gestire immagini, icone e diapositive di ispirazione aziendali e di team direttamente in PowerPoint, Word, Excel e Outlook. Come componente aggiuntivo, fornisce il servizio di progettazione PowerPoint on-demand pi\u00f9 veloce al mondo che consente una rapida implementazione della piattaforma di risorse e fa risparmiare tempo e denaro.<\/p>\n","protected":false},"author":19,"featured_media":79920,"parent":44787,"menu_order":0,"comment_status":"open","ping_status":"closed","template":"g1_template_page_review_new.php","meta":{"_acf_changed":false,"cwp_meta_box_check":"Yes","cwp_rev_product_name":"","cwp_rev_product_image":"","wppr_links":[],"cwp_rev_price":"0.00","wppr_options":[{"name":"Usability","value":"0"},{"name":"Speed","value":"0"},{"name":"Features","value":"0"},{"name":"Support","value":"0"},{"name":"Pricing","value":"0"}],"wppr_pros":["","","","",""],"wppr_cons":["","","","",""],"_monsterinsights_skip_tracking":false,"_monsterinsights_sitenote_active":false,"_monsterinsights_sitenote_note":"","_monsterinsights_sitenote_category":0,"footnotes":""},"categories":[10573],"tags":[15382,15456,10600,10599,15455,10597,10598],"features":[],"class_list":{"0":"post-79914","1":"page","2":"type-page","3":"status-publish","4":"has-post-thumbnail","6":"category-software-gestione-brand-categoria","7":"tag-gestionale-brand","8":"tag-gestionale-risorse","9":"tag-piattaforma-gestionale-brand","10":"tag-programma-gestionale-brand","11":"tag-slidehub","12":"tag-software-gestionale-brand","13":"tag-soluzione-gestionale-brand"},"wppr_data":{"cwp_meta_box_check":"Yes","_wppr_review_template":"default","cwp_rev_product_image":"","cwp_image_link":"image","wppr_links":[],"cwp_rev_price":"0.00","wppr_pros":["","","","",""],"wppr_cons":["","","","",""],"wppr_rating":"0.00","wppr_options":{"1":{"name":"Usability","value":"0"},"2":{"name":"Speed","value":"0"},"3":{"name":"Features","value":"0"},"4":{"name":"Support","value":"0"},"5":{"name":"Pricing","value":"0"}},"wppr_review_type":"Product","wppr_review_custom_fields":{"additionalProperty":"","additionalType":"","aggregateRating":"","alternateName":"","audience":"","award":"","awards":"","brand":"","color":"","depth":"","description":"","disambiguatingDescription":"","gtin12":"","gtin13":"","gtin14":"","gtin8":"","height":"","identifier":"","image":"","isAccessoryOrSparePartFor":"","isConsumableFor":"","isRelatedTo":"","isSimilarTo":"","itemCondition":"","logo":"","mainEntityOfPage":"","manufacturer":"","material":"","model":"","mpn":"","name":"","offers":"","potentialAction":"","productID":"","productionDate":"","purchaseDate":"","releaseDate":"","review":"","reviews":"","sameAs":"","sku":"","slogan":"","subjectOf":"","url":"","weight":"","width":""}},"acf":[],"yoast_head":"<!-- This site is optimized with the Yoast SEO plugin v27.4 - https:\/\/yoast.com\/product\/yoast-seo-wordpress\/ -->\n<title>SlideHub: recensione software gestionale brand - Accurate Reviews<\/title>\n<meta name=\"description\" content=\"SlideHub: recensione piattaforma di gestione delle risorse che consente ai dipendenti di accedere e gestire immagini, icone e diapositive.\" \/>\n<meta name=\"robots\" content=\"index, follow, max-snippet:-1, max-image-preview:large, max-video-preview:-1\" \/>\n<link rel=\"canonical\" href=\"https:\/\/www.accuratereviews.com\/it\/software-gestione-brand\/slidehub-recensione\/\" \/>\n<meta property=\"og:locale\" content=\"it_IT\" \/>\n<meta property=\"og:type\" content=\"article\" \/>\n<meta property=\"og:title\" content=\"SlideHub: recensione software gestionale brand - Accurate Reviews\" \/>\n<meta property=\"og:description\" content=\"SlideHub: recensione piattaforma di gestione delle risorse che consente ai dipendenti di accedere e gestire immagini, icone e diapositive.\" \/>\n<meta property=\"og:url\" content=\"https:\/\/www.accuratereviews.com\/it\/software-gestione-brand\/slidehub-recensione\/\" \/>\n<meta property=\"og:site_name\" content=\"Accurate Reviews\" \/>\n<meta property=\"article:modified_time\" content=\"2024-11-04T10:28:57+00:00\" \/>\n<meta property=\"og:image\" content=\"https:\/\/www.accuratereviews.com\/wp-content\/uploads\/2024\/10\/Screenshot-2024-10-30-alle-11.41.08.png\" \/>\n\t<meta property=\"og:image:width\" content=\"692\" \/>\n\t<meta property=\"og:image:height\" content=\"310\" \/>\n\t<meta property=\"og:image:type\" content=\"image\/png\" \/>\n<meta name=\"twitter:card\" content=\"summary_large_image\" \/>\n<meta name=\"twitter:label1\" content=\"Tempo di lettura stimato\" \/>\n\t<meta name=\"twitter:data1\" content=\"4 minuti\" \/>\n<script type=\"application\/ld+json\" class=\"yoast-schema-graph\">{\"@context\":\"https:\\\/\\\/schema.org\",\"@graph\":[{\"@type\":\"WebPage\",\"@id\":\"https:\\\/\\\/www.accuratereviews.com\\\/it\\\/software-gestione-brand\\\/slidehub-recensione\\\/\",\"url\":\"https:\\\/\\\/www.accuratereviews.com\\\/it\\\/software-gestione-brand\\\/slidehub-recensione\\\/\",\"name\":\"SlideHub: recensione software gestionale brand - Accurate Reviews\",\"isPartOf\":{\"@id\":\"https:\\\/\\\/www.accuratereviews.com\\\/it\\\/#website\"},\"primaryImageOfPage\":{\"@id\":\"https:\\\/\\\/www.accuratereviews.com\\\/it\\\/software-gestione-brand\\\/slidehub-recensione\\\/#primaryimage\"},\"image\":{\"@id\":\"https:\\\/\\\/www.accuratereviews.com\\\/it\\\/software-gestione-brand\\\/slidehub-recensione\\\/#primaryimage\"},\"thumbnailUrl\":\"https:\\\/\\\/www.accuratereviews.com\\\/wp-content\\\/uploads\\\/2024\\\/10\\\/Screenshot-2024-10-30-alle-11.41.08.png\",\"datePublished\":\"2024-10-30T15:50:08+00:00\",\"dateModified\":\"2024-11-04T10:28:57+00:00\",\"description\":\"SlideHub: recensione piattaforma di gestione delle risorse che consente ai dipendenti di accedere e gestire immagini, icone e diapositive.\",\"breadcrumb\":{\"@id\":\"https:\\\/\\\/www.accuratereviews.com\\\/it\\\/software-gestione-brand\\\/slidehub-recensione\\\/#breadcrumb\"},\"inLanguage\":\"it-IT\",\"potentialAction\":[{\"@type\":\"ReadAction\",\"target\":[\"https:\\\/\\\/www.accuratereviews.com\\\/it\\\/software-gestione-brand\\\/slidehub-recensione\\\/\"]}]},{\"@type\":\"ImageObject\",\"inLanguage\":\"it-IT\",\"@id\":\"https:\\\/\\\/www.accuratereviews.com\\\/it\\\/software-gestione-brand\\\/slidehub-recensione\\\/#primaryimage\",\"url\":\"https:\\\/\\\/www.accuratereviews.com\\\/wp-content\\\/uploads\\\/2024\\\/10\\\/Screenshot-2024-10-30-alle-11.41.08.png\",\"contentUrl\":\"https:\\\/\\\/www.accuratereviews.com\\\/wp-content\\\/uploads\\\/2024\\\/10\\\/Screenshot-2024-10-30-alle-11.41.08.png\",\"width\":692,\"height\":310},{\"@type\":\"BreadcrumbList\",\"@id\":\"https:\\\/\\\/www.accuratereviews.com\\\/it\\\/software-gestione-brand\\\/slidehub-recensione\\\/#breadcrumb\",\"itemListElement\":[{\"@type\":\"ListItem\",\"position\":1,\"name\":\"Home\",\"item\":\"https:\\\/\\\/www.accuratereviews.com\\\/it\\\/\"},{\"@type\":\"ListItem\",\"position\":2,\"name\":\"Software per la gestione dei brand\",\"item\":\"https:\\\/\\\/www.accuratereviews.com\\\/it\\\/software-gestione-brand\\\/\"},{\"@type\":\"ListItem\",\"position\":3,\"name\":\"SlideHub\"}]},{\"@type\":\"WebSite\",\"@id\":\"https:\\\/\\\/www.accuratereviews.com\\\/it\\\/#website\",\"url\":\"https:\\\/\\\/www.accuratereviews.com\\\/it\\\/\",\"name\":\"Accurate Reviews\",\"description\":\"\",\"potentialAction\":[{\"@type\":\"SearchAction\",\"target\":{\"@type\":\"EntryPoint\",\"urlTemplate\":\"https:\\\/\\\/www.accuratereviews.com\\\/it\\\/?s={search_term_string}\"},\"query-input\":{\"@type\":\"PropertyValueSpecification\",\"valueRequired\":true,\"valueName\":\"search_term_string\"}}],\"inLanguage\":\"it-IT\"}]}<\/script>\n<!-- \/ Yoast SEO plugin. -->","yoast_head_json":{"title":"SlideHub: recensione software gestionale brand - Accurate Reviews","description":"SlideHub: recensione piattaforma di gestione delle risorse che consente ai dipendenti di accedere e gestire immagini, icone e diapositive.","robots":{"index":"index","follow":"follow","max-snippet":"max-snippet:-1","max-image-preview":"max-image-preview:large","max-video-preview":"max-video-preview:-1"},"canonical":"https:\/\/www.accuratereviews.com\/it\/software-gestione-brand\/slidehub-recensione\/","og_locale":"it_IT","og_type":"article","og_title":"SlideHub: recensione software gestionale brand - Accurate Reviews","og_description":"SlideHub: recensione piattaforma di gestione delle risorse che consente ai dipendenti di accedere e gestire immagini, icone e diapositive.","og_url":"https:\/\/www.accuratereviews.com\/it\/software-gestione-brand\/slidehub-recensione\/","og_site_name":"Accurate Reviews","article_modified_time":"2024-11-04T10:28:57+00:00","og_image":[{"width":692,"height":310,"url":"https:\/\/www.accuratereviews.com\/wp-content\/uploads\/2024\/10\/Screenshot-2024-10-30-alle-11.41.08.png","type":"image\/png"}],"twitter_card":"summary_large_image","twitter_misc":{"Tempo di lettura stimato":"4 minuti"},"schema":{"@context":"https:\/\/schema.org","@graph":[{"@type":"WebPage","@id":"https:\/\/www.accuratereviews.com\/it\/software-gestione-brand\/slidehub-recensione\/","url":"https:\/\/www.accuratereviews.com\/it\/software-gestione-brand\/slidehub-recensione\/","name":"SlideHub: recensione software gestionale brand - Accurate Reviews","isPartOf":{"@id":"https:\/\/www.accuratereviews.com\/it\/#website"},"primaryImageOfPage":{"@id":"https:\/\/www.accuratereviews.com\/it\/software-gestione-brand\/slidehub-recensione\/#primaryimage"},"image":{"@id":"https:\/\/www.accuratereviews.com\/it\/software-gestione-brand\/slidehub-recensione\/#primaryimage"},"thumbnailUrl":"https:\/\/www.accuratereviews.com\/wp-content\/uploads\/2024\/10\/Screenshot-2024-10-30-alle-11.41.08.png","datePublished":"2024-10-30T15:50:08+00:00","dateModified":"2024-11-04T10:28:57+00:00","description":"SlideHub: recensione piattaforma di gestione delle risorse che consente ai dipendenti di accedere e gestire immagini, icone e diapositive.","breadcrumb":{"@id":"https:\/\/www.accuratereviews.com\/it\/software-gestione-brand\/slidehub-recensione\/#breadcrumb"},"inLanguage":"it-IT","potentialAction":[{"@type":"ReadAction","target":["https:\/\/www.accuratereviews.com\/it\/software-gestione-brand\/slidehub-recensione\/"]}]},{"@type":"ImageObject","inLanguage":"it-IT","@id":"https:\/\/www.accuratereviews.com\/it\/software-gestione-brand\/slidehub-recensione\/#primaryimage","url":"https:\/\/www.accuratereviews.com\/wp-content\/uploads\/2024\/10\/Screenshot-2024-10-30-alle-11.41.08.png","contentUrl":"https:\/\/www.accuratereviews.com\/wp-content\/uploads\/2024\/10\/Screenshot-2024-10-30-alle-11.41.08.png","width":692,"height":310},{"@type":"BreadcrumbList","@id":"https:\/\/www.accuratereviews.com\/it\/software-gestione-brand\/slidehub-recensione\/#breadcrumb","itemListElement":[{"@type":"ListItem","position":1,"name":"Home","item":"https:\/\/www.accuratereviews.com\/it\/"},{"@type":"ListItem","position":2,"name":"Software per la gestione dei brand","item":"https:\/\/www.accuratereviews.com\/it\/software-gestione-brand\/"},{"@type":"ListItem","position":3,"name":"SlideHub"}]},{"@type":"WebSite","@id":"https:\/\/www.accuratereviews.com\/it\/#website","url":"https:\/\/www.accuratereviews.com\/it\/","name":"Accurate Reviews","description":"","potentialAction":[{"@type":"SearchAction","target":{"@type":"EntryPoint","urlTemplate":"https:\/\/www.accuratereviews.com\/it\/?s={search_term_string}"},"query-input":{"@type":"PropertyValueSpecification","valueRequired":true,"valueName":"search_term_string"}}],"inLanguage":"it-IT"}]}},"_links":{"self":[{"href":"https:\/\/www.accuratereviews.com\/it\/wp-json\/wp\/v2\/pages\/79914","targetHints":{"allow":["GET"]}}],"collection":[{"href":"https:\/\/www.accuratereviews.com\/it\/wp-json\/wp\/v2\/pages"}],"about":[{"href":"https:\/\/www.accuratereviews.com\/it\/wp-json\/wp\/v2\/types\/page"}],"author":[{"embeddable":true,"href":"https:\/\/www.accuratereviews.com\/it\/wp-json\/wp\/v2\/users\/19"}],"replies":[{"embeddable":true,"href":"https:\/\/www.accuratereviews.com\/it\/wp-json\/wp\/v2\/comments?post=79914"}],"version-history":[{"count":10,"href":"https:\/\/www.accuratereviews.com\/it\/wp-json\/wp\/v2\/pages\/79914\/revisions"}],"predecessor-version":[{"id":79990,"href":"https:\/\/www.accuratereviews.com\/it\/wp-json\/wp\/v2\/pages\/79914\/revisions\/79990"}],"up":[{"embeddable":true,"href":"https:\/\/www.accuratereviews.com\/it\/wp-json\/wp\/v2\/pages\/44787"}],"wp:featuredmedia":[{"embeddable":true,"href":"https:\/\/www.accuratereviews.com\/it\/wp-json\/wp\/v2\/media\/79920"}],"wp:attachment":[{"href":"https:\/\/www.accuratereviews.com\/it\/wp-json\/wp\/v2\/media?parent=79914"}],"wp:term":[{"taxonomy":"category","embeddable":true,"href":"https:\/\/www.accuratereviews.com\/it\/wp-json\/wp\/v2\/categories?post=79914"},{"taxonomy":"post_tag","embeddable":true,"href":"https:\/\/www.accuratereviews.com\/it\/wp-json\/wp\/v2\/tags?post=79914"},{"taxonomy":"features","embeddable":true,"href":"https:\/\/www.accuratereviews.com\/it\/wp-json\/wp\/v2\/features?post=79914"}],"curies":[{"name":"wp","href":"https:\/\/api.w.org\/{rel}","templated":true}]}}