{"id":79974,"date":"2024-11-04T17:19:21","date_gmt":"2024-11-04T17:19:21","guid":{"rendered":"https:\/\/www.accuratereviews.com\/?page_id=79974"},"modified":"2024-11-04T17:19:21","modified_gmt":"2024-11-04T17:19:21","slug":"pageflex-recensione","status":"publish","type":"page","link":"https:\/\/www.accuratereviews.com\/it\/software-gestione-brand\/pageflex-recensione\/","title":{"rendered":"Pageflex"},"content":{"rendered":"<p><strong>Pageflex<\/strong> \u00e8 una <strong>soluzione di marketing<\/strong>, basata su cloud, che consente alle aziende di semplificare i processi relativi alle risorse digitali, al marketing multicanale, alla conformit\u00e0 del marchio e altro ancora. Permette agli utenti di personalizzare le comunicazioni con i clienti utilizzando modelli personalizzabili e generare risposte attivate tramite email o canali di stampa. Inoltre, le aziende possono gestire e organizzare risorse digitali in vari tipi o dimensioni, tracciare le versioni e condividere risorse tra team remoti.<br \/>\nI professionisti possono utilizzare la piattaforma per distribuire <strong>campagne di marketing personalizzabili<\/strong> su pi\u00f9 canali digitali o cartacei come email, posta, volantini, landing page e altro, migliorando il valore del marchio tra i clienti. Inoltre, gli amministratori possono concedere autorizzazioni di accesso basate sui ruoli, archiviare contenuti per audit e ottenere visibilit\u00e0 sulle attivit\u00e0 aziendali.<\/p>\n<h2><a href=\"https:\/\/www.accuratereviews.com\/wp-content\/uploads\/2024\/11\/Screenshot-2024-11-04-alle-10.05.20.png\"><img loading=\"lazy\" decoding=\"async\" class=\"size-large wp-image-79981 aligncenter\" src=\"https:\/\/www.accuratereviews.com\/wp-content\/uploads\/2024\/11\/Screenshot-2024-11-04-alle-10.05.20-1024x658.png\" alt=\"\" width=\"686\" height=\"441\" srcset=\"https:\/\/www.accuratereviews.com\/wp-content\/uploads\/2024\/11\/Screenshot-2024-11-04-alle-10.05.20-1024x658.png 1024w, https:\/\/www.accuratereviews.com\/wp-content\/uploads\/2024\/11\/Screenshot-2024-11-04-alle-10.05.20-300x193.png 300w, https:\/\/www.accuratereviews.com\/wp-content\/uploads\/2024\/11\/Screenshot-2024-11-04-alle-10.05.20-768x493.png 768w, https:\/\/www.accuratereviews.com\/wp-content\/uploads\/2024\/11\/Screenshot-2024-11-04-alle-10.05.20-1536x987.png 1536w, https:\/\/www.accuratereviews.com\/wp-content\/uploads\/2024\/11\/Screenshot-2024-11-04-alle-10.05.20-50x32.png 50w, https:\/\/www.accuratereviews.com\/wp-content\/uploads\/2024\/11\/Screenshot-2024-11-04-alle-10.05.20-195x125.png 195w, https:\/\/www.accuratereviews.com\/wp-content\/uploads\/2024\/11\/Screenshot-2024-11-04-alle-10.05.20-968x622.png 968w, https:\/\/www.accuratereviews.com\/wp-content\/uploads\/2024\/11\/Screenshot-2024-11-04-alle-10.05.20-636x409.png 636w, https:\/\/www.accuratereviews.com\/wp-content\/uploads\/2024\/11\/Screenshot-2024-11-04-alle-10.05.20-320x206.png 320w, https:\/\/www.accuratereviews.com\/wp-content\/uploads\/2024\/11\/Screenshot-2024-11-04-alle-10.05.20-239x154.png 239w, https:\/\/www.accuratereviews.com\/wp-content\/uploads\/2024\/11\/Screenshot-2024-11-04-alle-10.05.20.png 1824w\" sizes=\"auto, (max-width: 686px) 100vw, 686px\" \/><\/a><\/h2>\n<h2>PAGEFLEX &#8211; CARATTERISTICHE<\/h2>\n<ul>\n<li>Progetta i tuoi modelli di marketing<\/li>\n<li>Personalizza qualsiasi aspetto di una comunicazione, inclusi testo, immagini, caratteri, lingua, valuta, dimensioni della pagina e canale di distribuzione<\/li>\n<li>Componi materiali di marketing dinamici con velocit\u00e0 e scala<\/li>\n<li>Genera risposte attivate tramite email o stampa in tempo reale<\/li>\n<li>Controlla l&#8217;accesso e la personalizzazione delle risorse di marketing<\/li>\n<li>Semplifica i processi di marketing dei team remoti<\/li>\n<li>Collabora senza problemi con agenzie e team in remoto<\/li>\n<li>Monitora l&#8217;uso e l&#8217;efficacia delle risorse di marketing<\/li>\n<li>Archivia i contenuti di marketing per audit di conformit\u00e0<\/li>\n<li>Cerca facilmente contenuti di marketing per aggiornamenti globali o regionali<\/li>\n<li>Raccogli informazioni dai contenuti preferiti dai tuoi team sul campo, inclusi risorse e campagne che vengono utilizzate<\/li>\n<li>Misura quali contenuti sono pi\u00f9 efficaci, consentendoti di perfezionare i modelli di campagna<\/li>\n<li>Un&#8217;interfaccia intuitiva che verr\u00e0 prontamente adottata sia dal tuo team di marketing aziendale che dagli utenti finali dando vita a campagne locali<\/li>\n<li>La capacit\u00e0 di integrarsi con le applicazioni che utilizzi gi\u00e0 tramite integrazioni di terze parti<\/li>\n<li>Un partner software che organizzer\u00e0 attentamente il modo in cui la soluzione si adatta alle tue esigenze e svilupper\u00e0 una soluzione su misura per garantire un&#8217;implementazione senza problemi e una facile adozione<\/li>\n<\/ul>\n<h3>LE RECENSIONI DEGLI UTENTI<\/h3>\n<p><strong>Eduardo &#8220;Automazione del marketing e personalizzazione della stampa&#8221;<\/strong><br \/>\n<strong>Pro<\/strong>: Pageflex \u00e8 meraviglioso! Grazie alla sua interfaccia intuitiva e alla possibilit\u00e0 di personalizzare in massa i documenti, sono riuscito a creare materiali stampati di alta qualit\u00e0 in pochi minuti. Adoro la sua integrazione con i miei dati di marketing e la sua capacit\u00e0 di automatizzare le mie campagne. Mi ha fatto risparmiare molto tempo e mi ha permesso di concentrarmi su altri compiti importanti.<br \/>\n<strong>Contro<\/strong>: Sarebbe fantastico se includesse uno strumento di tracciamento della spedizione e della consegna, per avere maggiore controllo e visibilit\u00e0 sul processo di consegna dei materiali stampati personalizzati. Ci\u00f2 aggiungerebbe un valore ancora maggiore alla gi\u00e0 impressionante funzionalit\u00e0 del software.<\/p>\n<p><strong>Greg &#8220;Recensione&#8221;<\/strong><br \/>\n<strong>Commenti<\/strong>: L&#8217;assistenza \u00e8 troppo costosa, soprattutto se si considera che si tratta di un&#8217;assistenza di primo livello; per l&#8217;assistenza di livello successivo vogliono far pagare di pi\u00f9.<br \/>\n<strong>Pro<\/strong>: Non riesco proprio a pensare a nulla che mi sia piaciuto del software<br \/>\n<strong>Contro<\/strong>: Per svolgere qualsiasi funzione oltre a quelle pi\u00f9 basilari \u00e8 necessario essere un programmatore informatico e un web designer.<\/p>\n<p><strong>Rhonda &#8220;Software di Pageflex&#8221;<\/strong><br \/>\n<strong>Pro<\/strong>: Il software Pageflex \u00e8 molto flessibile e pu\u00f2 essere configurato per gestire molte esigenze di marketing. \u00c8 facile per gli utenti effettuare l&#8217;accesso per ordinare, personalizzare e personalizzare i materiali di marketing.<br \/>\n<strong>Contro<\/strong>: All&#8217;inizio l&#8217;amministrazione pu\u00f2 risultare un po&#8217; complicata, ma \u00e8 possibile ricevere una formazione.<\/p>\n","protected":false},"excerpt":{"rendered":"<p>Pageflex \u00e8 una soluzione di marketing, basata su cloud, che consente alle aziende di semplificare i processi relativi alle risorse digitali, al marketing multicanale, alla conformit\u00e0 del marchio e altro ancora. Permette agli utenti di personalizzare le comunicazioni con i clienti utilizzando modelli personalizzabili e generare risposte attivate tramite email o canali di stampa.<\/p>\n","protected":false},"author":19,"featured_media":79975,"parent":44787,"menu_order":0,"comment_status":"open","ping_status":"closed","template":"g1_template_page_review_new.php","meta":{"_acf_changed":false,"cwp_meta_box_check":"No","cwp_rev_product_name":"","cwp_rev_product_image":"","wppr_links":[],"cwp_rev_price":"","wppr_options":[],"wppr_pros":[],"wppr_cons":[],"_monsterinsights_skip_tracking":false,"_monsterinsights_sitenote_active":false,"_monsterinsights_sitenote_note":"","_monsterinsights_sitenote_category":0,"footnotes":""},"categories":[10573],"tags":[10577,15470,10600,10599,10597,10598,643],"features":[],"class_list":{"0":"post-79974","1":"page","2":"type-page","3":"status-publish","4":"has-post-thumbnail","6":"category-software-gestione-brand-categoria","7":"tag-gestione-brand","8":"tag-pageflex","9":"tag-piattaforma-gestionale-brand","10":"tag-programma-gestionale-brand","11":"tag-software-gestionale-brand","12":"tag-soluzione-gestionale-brand","13":"tag-soluzione-marketing"},"wppr_data":{"cwp_meta_box_check":"No"},"acf":[],"yoast_head":"<!-- This site is optimized with the Yoast SEO plugin v27.4 - https:\/\/yoast.com\/product\/yoast-seo-wordpress\/ -->\n<title>Pageflex: recensione software gestione brand - Accurate Reviews<\/title>\n<meta name=\"description\" content=\"Pageflex: recensione software di marketing basato su cloud che consente di semplificare i processi relativi alle risorse digitali e al marketing multicanale.\" \/>\n<meta name=\"robots\" content=\"index, follow, max-snippet:-1, max-image-preview:large, max-video-preview:-1\" \/>\n<link rel=\"canonical\" href=\"https:\/\/www.accuratereviews.com\/it\/software-gestione-brand\/pageflex-recensione\/\" \/>\n<meta property=\"og:locale\" content=\"it_IT\" \/>\n<meta property=\"og:type\" content=\"article\" \/>\n<meta property=\"og:title\" content=\"Pageflex: recensione software gestione brand - Accurate Reviews\" \/>\n<meta property=\"og:description\" content=\"Pageflex: recensione software di marketing basato su cloud che consente di semplificare i processi relativi alle risorse digitali e al marketing multicanale.\" \/>\n<meta property=\"og:url\" content=\"https:\/\/www.accuratereviews.com\/it\/software-gestione-brand\/pageflex-recensione\/\" \/>\n<meta property=\"og:site_name\" content=\"Accurate Reviews\" \/>\n<meta property=\"og:image\" content=\"https:\/\/www.accuratereviews.com\/wp-content\/uploads\/2024\/11\/Pageflex.jpg\" \/>\n\t<meta property=\"og:image:width\" content=\"400\" \/>\n\t<meta property=\"og:image:height\" content=\"200\" \/>\n\t<meta property=\"og:image:type\" content=\"image\/jpeg\" \/>\n<meta name=\"twitter:card\" content=\"summary_large_image\" \/>\n<meta name=\"twitter:label1\" content=\"Tempo di lettura stimato\" \/>\n\t<meta name=\"twitter:data1\" content=\"5 minuti\" \/>\n<script type=\"application\/ld+json\" class=\"yoast-schema-graph\">{\"@context\":\"https:\\\/\\\/schema.org\",\"@graph\":[{\"@type\":\"WebPage\",\"@id\":\"https:\\\/\\\/www.accuratereviews.com\\\/it\\\/software-gestione-brand\\\/pageflex-recensione\\\/\",\"url\":\"https:\\\/\\\/www.accuratereviews.com\\\/it\\\/software-gestione-brand\\\/pageflex-recensione\\\/\",\"name\":\"Pageflex: recensione software gestione brand - Accurate Reviews\",\"isPartOf\":{\"@id\":\"https:\\\/\\\/www.accuratereviews.com\\\/it\\\/#website\"},\"primaryImageOfPage\":{\"@id\":\"https:\\\/\\\/www.accuratereviews.com\\\/it\\\/software-gestione-brand\\\/pageflex-recensione\\\/#primaryimage\"},\"image\":{\"@id\":\"https:\\\/\\\/www.accuratereviews.com\\\/it\\\/software-gestione-brand\\\/pageflex-recensione\\\/#primaryimage\"},\"thumbnailUrl\":\"https:\\\/\\\/www.accuratereviews.com\\\/wp-content\\\/uploads\\\/2024\\\/11\\\/Pageflex.jpg\",\"datePublished\":\"2024-11-04T17:19:21+00:00\",\"description\":\"Pageflex: recensione software di marketing basato su cloud che consente di semplificare i processi relativi alle risorse digitali e al marketing multicanale.\",\"breadcrumb\":{\"@id\":\"https:\\\/\\\/www.accuratereviews.com\\\/it\\\/software-gestione-brand\\\/pageflex-recensione\\\/#breadcrumb\"},\"inLanguage\":\"it-IT\",\"potentialAction\":[{\"@type\":\"ReadAction\",\"target\":[\"https:\\\/\\\/www.accuratereviews.com\\\/it\\\/software-gestione-brand\\\/pageflex-recensione\\\/\"]}]},{\"@type\":\"ImageObject\",\"inLanguage\":\"it-IT\",\"@id\":\"https:\\\/\\\/www.accuratereviews.com\\\/it\\\/software-gestione-brand\\\/pageflex-recensione\\\/#primaryimage\",\"url\":\"https:\\\/\\\/www.accuratereviews.com\\\/wp-content\\\/uploads\\\/2024\\\/11\\\/Pageflex.jpg\",\"contentUrl\":\"https:\\\/\\\/www.accuratereviews.com\\\/wp-content\\\/uploads\\\/2024\\\/11\\\/Pageflex.jpg\",\"width\":400,\"height\":200},{\"@type\":\"BreadcrumbList\",\"@id\":\"https:\\\/\\\/www.accuratereviews.com\\\/it\\\/software-gestione-brand\\\/pageflex-recensione\\\/#breadcrumb\",\"itemListElement\":[{\"@type\":\"ListItem\",\"position\":1,\"name\":\"Home\",\"item\":\"https:\\\/\\\/www.accuratereviews.com\\\/it\\\/\"},{\"@type\":\"ListItem\",\"position\":2,\"name\":\"Software per la gestione dei brand\",\"item\":\"https:\\\/\\\/www.accuratereviews.com\\\/it\\\/software-gestione-brand\\\/\"},{\"@type\":\"ListItem\",\"position\":3,\"name\":\"Pageflex\"}]},{\"@type\":\"WebSite\",\"@id\":\"https:\\\/\\\/www.accuratereviews.com\\\/it\\\/#website\",\"url\":\"https:\\\/\\\/www.accuratereviews.com\\\/it\\\/\",\"name\":\"Accurate Reviews\",\"description\":\"\",\"potentialAction\":[{\"@type\":\"SearchAction\",\"target\":{\"@type\":\"EntryPoint\",\"urlTemplate\":\"https:\\\/\\\/www.accuratereviews.com\\\/it\\\/?s={search_term_string}\"},\"query-input\":{\"@type\":\"PropertyValueSpecification\",\"valueRequired\":true,\"valueName\":\"search_term_string\"}}],\"inLanguage\":\"it-IT\"}]}<\/script>\n<!-- \/ Yoast SEO plugin. -->","yoast_head_json":{"title":"Pageflex: recensione software gestione brand - Accurate Reviews","description":"Pageflex: recensione software di marketing basato su cloud che consente di semplificare i processi relativi alle risorse digitali e al marketing multicanale.","robots":{"index":"index","follow":"follow","max-snippet":"max-snippet:-1","max-image-preview":"max-image-preview:large","max-video-preview":"max-video-preview:-1"},"canonical":"https:\/\/www.accuratereviews.com\/it\/software-gestione-brand\/pageflex-recensione\/","og_locale":"it_IT","og_type":"article","og_title":"Pageflex: recensione software gestione brand - Accurate Reviews","og_description":"Pageflex: recensione software di marketing basato su cloud che consente di semplificare i processi relativi alle risorse digitali e al marketing multicanale.","og_url":"https:\/\/www.accuratereviews.com\/it\/software-gestione-brand\/pageflex-recensione\/","og_site_name":"Accurate Reviews","og_image":[{"width":400,"height":200,"url":"https:\/\/www.accuratereviews.com\/wp-content\/uploads\/2024\/11\/Pageflex.jpg","type":"image\/jpeg"}],"twitter_card":"summary_large_image","twitter_misc":{"Tempo di lettura stimato":"5 minuti"},"schema":{"@context":"https:\/\/schema.org","@graph":[{"@type":"WebPage","@id":"https:\/\/www.accuratereviews.com\/it\/software-gestione-brand\/pageflex-recensione\/","url":"https:\/\/www.accuratereviews.com\/it\/software-gestione-brand\/pageflex-recensione\/","name":"Pageflex: recensione software gestione brand - Accurate Reviews","isPartOf":{"@id":"https:\/\/www.accuratereviews.com\/it\/#website"},"primaryImageOfPage":{"@id":"https:\/\/www.accuratereviews.com\/it\/software-gestione-brand\/pageflex-recensione\/#primaryimage"},"image":{"@id":"https:\/\/www.accuratereviews.com\/it\/software-gestione-brand\/pageflex-recensione\/#primaryimage"},"thumbnailUrl":"https:\/\/www.accuratereviews.com\/wp-content\/uploads\/2024\/11\/Pageflex.jpg","datePublished":"2024-11-04T17:19:21+00:00","description":"Pageflex: recensione software di marketing basato su cloud che consente di semplificare i processi relativi alle risorse digitali e al marketing multicanale.","breadcrumb":{"@id":"https:\/\/www.accuratereviews.com\/it\/software-gestione-brand\/pageflex-recensione\/#breadcrumb"},"inLanguage":"it-IT","potentialAction":[{"@type":"ReadAction","target":["https:\/\/www.accuratereviews.com\/it\/software-gestione-brand\/pageflex-recensione\/"]}]},{"@type":"ImageObject","inLanguage":"it-IT","@id":"https:\/\/www.accuratereviews.com\/it\/software-gestione-brand\/pageflex-recensione\/#primaryimage","url":"https:\/\/www.accuratereviews.com\/wp-content\/uploads\/2024\/11\/Pageflex.jpg","contentUrl":"https:\/\/www.accuratereviews.com\/wp-content\/uploads\/2024\/11\/Pageflex.jpg","width":400,"height":200},{"@type":"BreadcrumbList","@id":"https:\/\/www.accuratereviews.com\/it\/software-gestione-brand\/pageflex-recensione\/#breadcrumb","itemListElement":[{"@type":"ListItem","position":1,"name":"Home","item":"https:\/\/www.accuratereviews.com\/it\/"},{"@type":"ListItem","position":2,"name":"Software per la gestione dei brand","item":"https:\/\/www.accuratereviews.com\/it\/software-gestione-brand\/"},{"@type":"ListItem","position":3,"name":"Pageflex"}]},{"@type":"WebSite","@id":"https:\/\/www.accuratereviews.com\/it\/#website","url":"https:\/\/www.accuratereviews.com\/it\/","name":"Accurate Reviews","description":"","potentialAction":[{"@type":"SearchAction","target":{"@type":"EntryPoint","urlTemplate":"https:\/\/www.accuratereviews.com\/it\/?s={search_term_string}"},"query-input":{"@type":"PropertyValueSpecification","valueRequired":true,"valueName":"search_term_string"}}],"inLanguage":"it-IT"}]}},"_links":{"self":[{"href":"https:\/\/www.accuratereviews.com\/it\/wp-json\/wp\/v2\/pages\/79974","targetHints":{"allow":["GET"]}}],"collection":[{"href":"https:\/\/www.accuratereviews.com\/it\/wp-json\/wp\/v2\/pages"}],"about":[{"href":"https:\/\/www.accuratereviews.com\/it\/wp-json\/wp\/v2\/types\/page"}],"author":[{"embeddable":true,"href":"https:\/\/www.accuratereviews.com\/it\/wp-json\/wp\/v2\/users\/19"}],"replies":[{"embeddable":true,"href":"https:\/\/www.accuratereviews.com\/it\/wp-json\/wp\/v2\/comments?post=79974"}],"version-history":[{"count":10,"href":"https:\/\/www.accuratereviews.com\/it\/wp-json\/wp\/v2\/pages\/79974\/revisions"}],"predecessor-version":[{"id":79998,"href":"https:\/\/www.accuratereviews.com\/it\/wp-json\/wp\/v2\/pages\/79974\/revisions\/79998"}],"up":[{"embeddable":true,"href":"https:\/\/www.accuratereviews.com\/it\/wp-json\/wp\/v2\/pages\/44787"}],"wp:featuredmedia":[{"embeddable":true,"href":"https:\/\/www.accuratereviews.com\/it\/wp-json\/wp\/v2\/media\/79975"}],"wp:attachment":[{"href":"https:\/\/www.accuratereviews.com\/it\/wp-json\/wp\/v2\/media?parent=79974"}],"wp:term":[{"taxonomy":"category","embeddable":true,"href":"https:\/\/www.accuratereviews.com\/it\/wp-json\/wp\/v2\/categories?post=79974"},{"taxonomy":"post_tag","embeddable":true,"href":"https:\/\/www.accuratereviews.com\/it\/wp-json\/wp\/v2\/tags?post=79974"},{"taxonomy":"features","embeddable":true,"href":"https:\/\/www.accuratereviews.com\/it\/wp-json\/wp\/v2\/features?post=79974"}],"curies":[{"name":"wp","href":"https:\/\/api.w.org\/{rel}","templated":true}]}}