{"id":80010,"date":"2024-11-05T17:06:40","date_gmt":"2024-11-05T17:06:40","guid":{"rendered":"https:\/\/www.accuratereviews.com\/?page_id=80010"},"modified":"2024-11-05T17:06:40","modified_gmt":"2024-11-05T17:06:40","slug":"tweak-recensione","status":"publish","type":"page","link":"https:\/\/www.accuratereviews.com\/it\/software-gestione-brand\/tweak-recensione\/","title":{"rendered":"Tweak"},"content":{"rendered":"<p><strong>Tweak<\/strong> \u00e8 uno strumento straordinario, progettato per semplificare la <strong>produzione di materiali di marketing<\/strong> e migliorare l&#8217;efficienza dei tuoi team. Una delle caratteristiche distintive di <strong>Tweak<\/strong> \u00e8 consentire ai tuoi team di trovare immagini e altri file digitali in pochi secondi eliminando il lungo processo di ricerca in varie cartelle e archivi. Ci\u00f2 che distingue questa soluzione \u00e8 la sua esclusiva integrazione di dati e immagini con modelli provenienti da Adobe InDesign. Questa integrazione consente ai tuoi team di combinare contenuti e design senza soluzione di continuit\u00e0, garantendo un aspetto coerente e professionale su tutti i materiali di marketing.<br \/>\nInoltre, <strong>Tweak <\/strong>si integra con Shopify, una piattaforma di ecommerce leader. La tecnologia basata su <strong>cloud<\/strong>\u00a0facilita modelli di lavoro ibridi e remoti, consentendo ai tuoi team di collaborare efficacemente da qualsiasi luogo. Questa flessibilit\u00e0 migliora la produttivit\u00e0 e promuove l&#8217;equilibrio tra lavoro e vita privata e la soddisfazione dei dipendenti.<\/p>\n<p><a href=\"https:\/\/www.accuratereviews.com\/wp-content\/uploads\/2024\/11\/Screenshot-2024-11-05-alle-10.54.51.png\"><img loading=\"lazy\" decoding=\"async\" class=\"aligncenter wp-image-80017 \" src=\"https:\/\/www.accuratereviews.com\/wp-content\/uploads\/2024\/11\/Screenshot-2024-11-05-alle-10.54.51.png\" alt=\"\" width=\"901\" height=\"678\" srcset=\"https:\/\/www.accuratereviews.com\/wp-content\/uploads\/2024\/11\/Screenshot-2024-11-05-alle-10.54.51.png 2176w, https:\/\/www.accuratereviews.com\/wp-content\/uploads\/2024\/11\/Screenshot-2024-11-05-alle-10.54.51-300x226.png 300w, https:\/\/www.accuratereviews.com\/wp-content\/uploads\/2024\/11\/Screenshot-2024-11-05-alle-10.54.51-1024x771.png 1024w, https:\/\/www.accuratereviews.com\/wp-content\/uploads\/2024\/11\/Screenshot-2024-11-05-alle-10.54.51-768x578.png 768w, https:\/\/www.accuratereviews.com\/wp-content\/uploads\/2024\/11\/Screenshot-2024-11-05-alle-10.54.51-1536x1156.png 1536w, https:\/\/www.accuratereviews.com\/wp-content\/uploads\/2024\/11\/Screenshot-2024-11-05-alle-10.54.51-2048x1542.png 2048w, https:\/\/www.accuratereviews.com\/wp-content\/uploads\/2024\/11\/Screenshot-2024-11-05-alle-10.54.51-50x38.png 50w, https:\/\/www.accuratereviews.com\/wp-content\/uploads\/2024\/11\/Screenshot-2024-11-05-alle-10.54.51-166x125.png 166w, https:\/\/www.accuratereviews.com\/wp-content\/uploads\/2024\/11\/Screenshot-2024-11-05-alle-10.54.51-968x729.png 968w, https:\/\/www.accuratereviews.com\/wp-content\/uploads\/2024\/11\/Screenshot-2024-11-05-alle-10.54.51-636x479.png 636w, https:\/\/www.accuratereviews.com\/wp-content\/uploads\/2024\/11\/Screenshot-2024-11-05-alle-10.54.51-320x241.png 320w, https:\/\/www.accuratereviews.com\/wp-content\/uploads\/2024\/11\/Screenshot-2024-11-05-alle-10.54.51-239x180.png 239w\" sizes=\"auto, (max-width: 901px) 100vw, 901px\" \/><\/a><\/p>\n<h2>TWEAK &#8211; CARATTERISTICHE<\/h2>\n<ul>\n<li>Semplifica l&#8217;organizzazione, la segmentazione e la condivisione di risorse multimediali all&#8217;interno e tra i team. Ora il tuo team sa esattamente dove e come trovare i file di cui ha bisogno.<\/li>\n<li>Offre la potenza di un&#8217;agenzia di marketing in un&#8217;unica piattaforma. Blocca i modelli del marchio per una creazione di contenuti senza preoccupazioni. Facile da approvare. Facile da annullare. Collega la tua libreria di immagini, copie o prodotti per una creazione di contenuti precisa e veloce, per la distribuzione sui social, sulla stampa o digitale.<\/li>\n<li>Mantieni i tuoi file organizzati con tag, etichette, categorie personalizzate e altro ancora.<\/li>\n<li>Trova i file che stai cercando in pochi secondi con opzioni di filtro e ordinamento a caricamento rapido.<\/li>\n<li>Crea pi\u00f9 raccolte di risorse senza duplicare i file e tienile accessibili 24 ore su 24, 7 giorni su 7.<\/li>\n<li>Carica nuove versioni di qualsiasi risorsa o ripristina le versioni precedenti con facilit\u00e0. Mantiene un rigoroso controllo delle versioni per tutte le risorse, cos\u00ec scaricherai sempre i file pi\u00f9 aggiornati.<\/li>\n<li>Semplifica l&#8217;organizzazione, la segmentazione e la condivisione di risorse multimediali all&#8217;interno e tra i team. Ora il tuo team sa esattamente dove e come trovare i file di cui ha bisogno.<\/li>\n<li>Crea volantini, brochure, cataloghi e promozioni 10 volte pi\u00f9 velocemente con informazioni sui prodotti. Produci illustrazioni per un volantino di 24 prodotti di 2 pagine in soli due minuti. Elimina errori e infiniti cicli di correzione di bozze.<\/li>\n<li>Collega automaticamente le tue risorse alle informazioni sui prodotti con l&#8217;editor di dati.<\/li>\n<li>Popola automaticamente prezzi, copie e altri dati in volantini e cataloghi tramite Smart Data.<\/li>\n<li>Crea risorse per i social media e programma post per promuovere eventuali prodotti o eventi imminenti.<\/li>\n<li>Elimina gli errori impostando e programmando nuove promozioni per il tuo negozio Shopify direttamente dal software. Puoi anche commercializzare il tuo feed di prodotti, ottenere approvazioni e programmare nuovi lanci di prodotti con l&#8217;integrazione Shopify.<\/li>\n<li>Integrato con gli strumenti utilizzati dal tuo team creativo, quindi \u00e8 facile rimanere sincronizzati con InDesign, Illustrator e Photoshop.<\/li>\n<li>Controlla le risorse per mantenere l&#8217;integrit\u00e0 del marchio, la qualit\u00e0, evitare errori costosi e violazioni involontarie delle linee guida del marchio. Decidi quali team hanno accesso a quali risorse, sempre e ovunque.<\/li>\n<li>La dashboard fornisce informazioni su tutte le tue risorse, comprese quelle modificate di recente.<\/li>\n<li>Scopri a colpo d&#8217;occhio quali risorse sono sicure o meno da utilizzare.<\/li>\n<li>Blocca gli elementi del modello e richiedi l&#8217;approvazione per le nuove risorse per impedire modifiche non autorizzate.<\/li>\n<li>Crea raccolte di risorse protette da password per partner esterni che si aggiornano automaticamente quando si verificano modifiche ai file.<\/li>\n<\/ul>\n<h3>LE RECENSIONI DEGLI UTENTI<\/h3>\n<p><strong>Elaine &#8220;Facilit\u00e0 d&#8217;uso.&#8221;<\/strong><br \/>\n<strong>Pro<\/strong>: \u00c8 facile utilizzare questo software e modificare i nostri modelli.<br \/>\n<strong>Contro<\/strong>: Niente, funziona bene per ci\u00f2 per cui ci serve.<\/p>\n<p><strong>Sanjay Singh &#8220;Strumento molto utile per i liberi professionisti&#8221;<\/strong><br \/>\n<strong>Commenti<\/strong>: Per me \u00e8 uno strumento davvero utile, perch\u00e9 mi consente di modificare le immagini mentre le condivido e di dare l&#8217;autorizzazione a archiviarle a un utente specifico.<br \/>\n<strong>Pro<\/strong>: Come freelance addetto al marketing digitale, ho la necessit\u00e0 di condividere immagini e video di grandi dimensioni e di modificare contemporaneamente le immagini del marchio.<br \/>\n<strong>Contro<\/strong>: Il prezzo \u00e8 troppo alto per un libero professionista.<\/p>\n<p><strong>Elaine &#8220;Media&#8221;<\/strong><br \/>\n<strong>Pro<\/strong>: Nel complesso ha un bel layout e puoi scegliere tra carichi adatti<br \/>\n<strong>Contro<\/strong>: A volte \u00e8 difficile da modificare, non \u00e8 possibile copiare e incollare<\/p>\n","protected":false},"excerpt":{"rendered":"<p>Tweak \u00e8 uno strumento straordinario, progettato per semplificare la produzione di materiali di marketing e migliorare l&#8217;efficienza dei tuoi team. Una delle caratteristiche distintive di Tweak \u00e8 consentire ai tuoi team di trovare immagini e altri file digitali in pochi secondi eliminando il lungo processo di ricerca in varie cartelle e archivi.<\/p>\n","protected":false},"author":19,"featured_media":80012,"parent":44787,"menu_order":0,"comment_status":"open","ping_status":"closed","template":"g1_template_page_review_new.php","meta":{"_acf_changed":false,"cwp_meta_box_check":"No","cwp_rev_product_name":"","cwp_rev_product_image":"","wppr_links":[],"cwp_rev_price":"","wppr_options":[],"wppr_pros":[],"wppr_cons":[],"_monsterinsights_skip_tracking":false,"_monsterinsights_sitenote_active":false,"_monsterinsights_sitenote_note":"","_monsterinsights_sitenote_category":0,"footnotes":""},"categories":[10573],"tags":[15474,10600,10599,10597,10598,15473],"features":[],"class_list":{"0":"post-80010","1":"page","2":"type-page","3":"status-publish","4":"has-post-thumbnail","6":"category-software-gestione-brand-categoria","7":"tag-materiale-marketing","8":"tag-piattaforma-gestionale-brand","9":"tag-programma-gestionale-brand","10":"tag-software-gestionale-brand","11":"tag-soluzione-gestionale-brand","12":"tag-tweak"},"wppr_data":{"cwp_meta_box_check":"No"},"acf":[],"yoast_head":"<!-- This site is optimized with the Yoast SEO plugin v27.4 - https:\/\/yoast.com\/product\/yoast-seo-wordpress\/ -->\n<title>Tweak: recensione software gestionale brand - Accurate Reviews<\/title>\n<meta name=\"description\" content=\"Tweak: recensione strumento straordinario progettato per semplificare la produzione di materiali marketing e migliorare l&#039;efficienza del team.\" \/>\n<meta name=\"robots\" content=\"index, follow, max-snippet:-1, max-image-preview:large, max-video-preview:-1\" \/>\n<link rel=\"canonical\" href=\"https:\/\/www.accuratereviews.com\/it\/software-gestione-brand\/tweak-recensione\/\" \/>\n<meta property=\"og:locale\" content=\"it_IT\" \/>\n<meta property=\"og:type\" content=\"article\" \/>\n<meta property=\"og:title\" content=\"Tweak: recensione software gestionale brand - Accurate Reviews\" \/>\n<meta property=\"og:description\" content=\"Tweak: recensione strumento straordinario progettato per semplificare la produzione di materiali marketing e migliorare l&#039;efficienza del team.\" \/>\n<meta property=\"og:url\" content=\"https:\/\/www.accuratereviews.com\/it\/software-gestione-brand\/tweak-recensione\/\" \/>\n<meta property=\"og:site_name\" content=\"Accurate Reviews\" \/>\n<meta property=\"og:image\" content=\"https:\/\/www.accuratereviews.com\/wp-content\/uploads\/2024\/11\/Tweak.png\" \/>\n\t<meta property=\"og:image:width\" content=\"225\" \/>\n\t<meta property=\"og:image:height\" content=\"225\" \/>\n\t<meta property=\"og:image:type\" content=\"image\/png\" \/>\n<meta name=\"twitter:card\" content=\"summary_large_image\" \/>\n<meta name=\"twitter:label1\" content=\"Tempo di lettura stimato\" \/>\n\t<meta name=\"twitter:data1\" content=\"5 minuti\" \/>\n<script type=\"application\/ld+json\" class=\"yoast-schema-graph\">{\"@context\":\"https:\\\/\\\/schema.org\",\"@graph\":[{\"@type\":\"WebPage\",\"@id\":\"https:\\\/\\\/www.accuratereviews.com\\\/it\\\/software-gestione-brand\\\/tweak-recensione\\\/\",\"url\":\"https:\\\/\\\/www.accuratereviews.com\\\/it\\\/software-gestione-brand\\\/tweak-recensione\\\/\",\"name\":\"Tweak: recensione software gestionale brand - Accurate Reviews\",\"isPartOf\":{\"@id\":\"https:\\\/\\\/www.accuratereviews.com\\\/it\\\/#website\"},\"primaryImageOfPage\":{\"@id\":\"https:\\\/\\\/www.accuratereviews.com\\\/it\\\/software-gestione-brand\\\/tweak-recensione\\\/#primaryimage\"},\"image\":{\"@id\":\"https:\\\/\\\/www.accuratereviews.com\\\/it\\\/software-gestione-brand\\\/tweak-recensione\\\/#primaryimage\"},\"thumbnailUrl\":\"https:\\\/\\\/www.accuratereviews.com\\\/wp-content\\\/uploads\\\/2024\\\/11\\\/Tweak.png\",\"datePublished\":\"2024-11-05T17:06:40+00:00\",\"description\":\"Tweak: recensione strumento straordinario progettato per semplificare la produzione di materiali marketing e migliorare l'efficienza del team.\",\"breadcrumb\":{\"@id\":\"https:\\\/\\\/www.accuratereviews.com\\\/it\\\/software-gestione-brand\\\/tweak-recensione\\\/#breadcrumb\"},\"inLanguage\":\"it-IT\",\"potentialAction\":[{\"@type\":\"ReadAction\",\"target\":[\"https:\\\/\\\/www.accuratereviews.com\\\/it\\\/software-gestione-brand\\\/tweak-recensione\\\/\"]}]},{\"@type\":\"ImageObject\",\"inLanguage\":\"it-IT\",\"@id\":\"https:\\\/\\\/www.accuratereviews.com\\\/it\\\/software-gestione-brand\\\/tweak-recensione\\\/#primaryimage\",\"url\":\"https:\\\/\\\/www.accuratereviews.com\\\/wp-content\\\/uploads\\\/2024\\\/11\\\/Tweak.png\",\"contentUrl\":\"https:\\\/\\\/www.accuratereviews.com\\\/wp-content\\\/uploads\\\/2024\\\/11\\\/Tweak.png\",\"width\":225,\"height\":225},{\"@type\":\"BreadcrumbList\",\"@id\":\"https:\\\/\\\/www.accuratereviews.com\\\/it\\\/software-gestione-brand\\\/tweak-recensione\\\/#breadcrumb\",\"itemListElement\":[{\"@type\":\"ListItem\",\"position\":1,\"name\":\"Home\",\"item\":\"https:\\\/\\\/www.accuratereviews.com\\\/it\\\/\"},{\"@type\":\"ListItem\",\"position\":2,\"name\":\"Software per la gestione dei brand\",\"item\":\"https:\\\/\\\/www.accuratereviews.com\\\/it\\\/software-gestione-brand\\\/\"},{\"@type\":\"ListItem\",\"position\":3,\"name\":\"Tweak\"}]},{\"@type\":\"WebSite\",\"@id\":\"https:\\\/\\\/www.accuratereviews.com\\\/it\\\/#website\",\"url\":\"https:\\\/\\\/www.accuratereviews.com\\\/it\\\/\",\"name\":\"Accurate Reviews\",\"description\":\"\",\"potentialAction\":[{\"@type\":\"SearchAction\",\"target\":{\"@type\":\"EntryPoint\",\"urlTemplate\":\"https:\\\/\\\/www.accuratereviews.com\\\/it\\\/?s={search_term_string}\"},\"query-input\":{\"@type\":\"PropertyValueSpecification\",\"valueRequired\":true,\"valueName\":\"search_term_string\"}}],\"inLanguage\":\"it-IT\"}]}<\/script>\n<!-- \/ Yoast SEO plugin. -->","yoast_head_json":{"title":"Tweak: recensione software gestionale brand - Accurate Reviews","description":"Tweak: recensione strumento straordinario progettato per semplificare la produzione di materiali marketing e migliorare l'efficienza del team.","robots":{"index":"index","follow":"follow","max-snippet":"max-snippet:-1","max-image-preview":"max-image-preview:large","max-video-preview":"max-video-preview:-1"},"canonical":"https:\/\/www.accuratereviews.com\/it\/software-gestione-brand\/tweak-recensione\/","og_locale":"it_IT","og_type":"article","og_title":"Tweak: recensione software gestionale brand - Accurate Reviews","og_description":"Tweak: recensione strumento straordinario progettato per semplificare la produzione di materiali marketing e migliorare l'efficienza del team.","og_url":"https:\/\/www.accuratereviews.com\/it\/software-gestione-brand\/tweak-recensione\/","og_site_name":"Accurate Reviews","og_image":[{"width":225,"height":225,"url":"https:\/\/www.accuratereviews.com\/wp-content\/uploads\/2024\/11\/Tweak.png","type":"image\/png"}],"twitter_card":"summary_large_image","twitter_misc":{"Tempo di lettura stimato":"5 minuti"},"schema":{"@context":"https:\/\/schema.org","@graph":[{"@type":"WebPage","@id":"https:\/\/www.accuratereviews.com\/it\/software-gestione-brand\/tweak-recensione\/","url":"https:\/\/www.accuratereviews.com\/it\/software-gestione-brand\/tweak-recensione\/","name":"Tweak: recensione software gestionale brand - Accurate Reviews","isPartOf":{"@id":"https:\/\/www.accuratereviews.com\/it\/#website"},"primaryImageOfPage":{"@id":"https:\/\/www.accuratereviews.com\/it\/software-gestione-brand\/tweak-recensione\/#primaryimage"},"image":{"@id":"https:\/\/www.accuratereviews.com\/it\/software-gestione-brand\/tweak-recensione\/#primaryimage"},"thumbnailUrl":"https:\/\/www.accuratereviews.com\/wp-content\/uploads\/2024\/11\/Tweak.png","datePublished":"2024-11-05T17:06:40+00:00","description":"Tweak: recensione strumento straordinario progettato per semplificare la produzione di materiali marketing e migliorare l'efficienza del team.","breadcrumb":{"@id":"https:\/\/www.accuratereviews.com\/it\/software-gestione-brand\/tweak-recensione\/#breadcrumb"},"inLanguage":"it-IT","potentialAction":[{"@type":"ReadAction","target":["https:\/\/www.accuratereviews.com\/it\/software-gestione-brand\/tweak-recensione\/"]}]},{"@type":"ImageObject","inLanguage":"it-IT","@id":"https:\/\/www.accuratereviews.com\/it\/software-gestione-brand\/tweak-recensione\/#primaryimage","url":"https:\/\/www.accuratereviews.com\/wp-content\/uploads\/2024\/11\/Tweak.png","contentUrl":"https:\/\/www.accuratereviews.com\/wp-content\/uploads\/2024\/11\/Tweak.png","width":225,"height":225},{"@type":"BreadcrumbList","@id":"https:\/\/www.accuratereviews.com\/it\/software-gestione-brand\/tweak-recensione\/#breadcrumb","itemListElement":[{"@type":"ListItem","position":1,"name":"Home","item":"https:\/\/www.accuratereviews.com\/it\/"},{"@type":"ListItem","position":2,"name":"Software per la gestione dei brand","item":"https:\/\/www.accuratereviews.com\/it\/software-gestione-brand\/"},{"@type":"ListItem","position":3,"name":"Tweak"}]},{"@type":"WebSite","@id":"https:\/\/www.accuratereviews.com\/it\/#website","url":"https:\/\/www.accuratereviews.com\/it\/","name":"Accurate Reviews","description":"","potentialAction":[{"@type":"SearchAction","target":{"@type":"EntryPoint","urlTemplate":"https:\/\/www.accuratereviews.com\/it\/?s={search_term_string}"},"query-input":{"@type":"PropertyValueSpecification","valueRequired":true,"valueName":"search_term_string"}}],"inLanguage":"it-IT"}]}},"_links":{"self":[{"href":"https:\/\/www.accuratereviews.com\/it\/wp-json\/wp\/v2\/pages\/80010","targetHints":{"allow":["GET"]}}],"collection":[{"href":"https:\/\/www.accuratereviews.com\/it\/wp-json\/wp\/v2\/pages"}],"about":[{"href":"https:\/\/www.accuratereviews.com\/it\/wp-json\/wp\/v2\/types\/page"}],"author":[{"embeddable":true,"href":"https:\/\/www.accuratereviews.com\/it\/wp-json\/wp\/v2\/users\/19"}],"replies":[{"embeddable":true,"href":"https:\/\/www.accuratereviews.com\/it\/wp-json\/wp\/v2\/comments?post=80010"}],"version-history":[{"count":8,"href":"https:\/\/www.accuratereviews.com\/it\/wp-json\/wp\/v2\/pages\/80010\/revisions"}],"predecessor-version":[{"id":80038,"href":"https:\/\/www.accuratereviews.com\/it\/wp-json\/wp\/v2\/pages\/80010\/revisions\/80038"}],"up":[{"embeddable":true,"href":"https:\/\/www.accuratereviews.com\/it\/wp-json\/wp\/v2\/pages\/44787"}],"wp:featuredmedia":[{"embeddable":true,"href":"https:\/\/www.accuratereviews.com\/it\/wp-json\/wp\/v2\/media\/80012"}],"wp:attachment":[{"href":"https:\/\/www.accuratereviews.com\/it\/wp-json\/wp\/v2\/media?parent=80010"}],"wp:term":[{"taxonomy":"category","embeddable":true,"href":"https:\/\/www.accuratereviews.com\/it\/wp-json\/wp\/v2\/categories?post=80010"},{"taxonomy":"post_tag","embeddable":true,"href":"https:\/\/www.accuratereviews.com\/it\/wp-json\/wp\/v2\/tags?post=80010"},{"taxonomy":"features","embeddable":true,"href":"https:\/\/www.accuratereviews.com\/it\/wp-json\/wp\/v2\/features?post=80010"}],"curies":[{"name":"wp","href":"https:\/\/api.w.org\/{rel}","templated":true}]}}