{"id":80042,"date":"2024-11-06T15:21:10","date_gmt":"2024-11-06T15:21:10","guid":{"rendered":"https:\/\/www.accuratereviews.com\/?page_id=80042"},"modified":"2024-11-07T10:53:57","modified_gmt":"2024-11-07T10:53:57","slug":"jasper-ai-recensione","status":"publish","type":"page","link":"https:\/\/www.accuratereviews.com\/it\/software-intelligenza-artificiale\/jasper-ai-recensione\/","title":{"rendered":"Jasper AI"},"content":{"rendered":"<p><strong>Jasper AI<\/strong> \u00e8 un <strong>assistente di scrittura<\/strong>, basato sull&#8217;<strong>intelligenza artificiale (IA)<\/strong>, progettato per aiutare le aziende a creare contenuti per siti Web di social media, blog, siti web e altri canali. I team possono creare cartelle per organizzare le informazioni per clienti e progetti. <strong>Jasper<\/strong> consente di accedere a modelli per creare paragrafi, annunci pubblicitari, descrizioni di prodotti e altri contenuti in formato breve.<br \/>\nI manager possono creare, eseguire, salvare e condividere istruzioni ripetibili per l&#8217;IA in base alle esigenze. Altre funzionalit\u00e0 includono cronologia delle revisioni dei documenti, funzionalit\u00e0 di ricerca, pi\u00f9 lingue e generazione di immagini.<\/p>\n<h2>JASPER AI &#8211; TUTORIAL<\/h2>\n<div id=\"fluid-wrapper-counter-1\" class=\"g1-fluid-wrapper \" style=\"width:686px;\">\n<div style=\"padding-bottom:56.268221574344%;\"><iframe loading=\"lazy\" title=\"Getting Started: 4 Steps Every New User Should Do\" width=\"686\" height=\"386\" src=\"https:\/\/www.youtube.com\/embed\/wR5II2O0Q_c?feature=oembed&amp;wmode=transparent&amp;autohide=1&amp;autoplay=0&amp;disablekb=0&amp;fs=1&amp;loop=0&amp;enablejsapi=1&amp;rel=0&amp;controls=2&amp;showinfo=0&amp;wmode=transparent&amp;autohide=2&amp;autoplay=0&amp;disablekb=0&amp;fs=1&amp;loop=0&amp;enablejsapi=1&amp;rel=0&amp;controls=2&amp;showinfo=1\" frameborder=\"0\" allow=\"accelerometer; autoplay; clipboard-write; encrypted-media; gyroscope; picture-in-picture; web-share\" referrerpolicy=\"strict-origin-when-cross-origin\" allowfullscreen><\/iframe><\/div>\n<\/div>\n<h3>JASPER AI &#8211; CARATTERISTICHE<\/h3>\n<ul>\n<li>Trasforma i tuoi contenuti per raggiungere obiettivi specifici, tra cui modificarne il formato o il tono<\/li>\n<li>Evidenzia le caratteristiche principali del tuo prodotto per convincere i potenziali acquirenti su Amazon<\/li>\n<li>Condividi contenuti curati in un&#8217;email avvincente per aumentare il coinvolgimento e il traffico web<\/li>\n<li>Condensa contenuti lunghi in riepiloghi chiari e concisi che evidenziano i punti chiave<\/li>\n<li>Riscrivi il tuo testo per renderlo pi\u00f9 avvincente, sintetico e di impatto per il tuo pubblico<\/li>\n<li>Migliora i percorsi degli utenti con avvisi in-app pertinenti e tempestivi<\/li>\n<li>Crea fiducia nei clienti con risposte chiare alle domande pi\u00f9 comuni<\/li>\n<li>Posiziona il tuo prodotto come prima scelta con una proposta che ne evidenzi il valore unico<\/li>\n<li>Crea uno schema completo di diapositive su misura per il tuo argomento e il tuo pubblico<\/li>\n<li>Mostra gli aggiornamenti del prodotto per mantenere i tuoi clienti coinvolti e informati<\/li>\n<li>Crea entusiasmo con dettagli chiari sulle nuove funzionalit\u00e0 e i vantaggi del prodotto<\/li>\n<li>Fornisci ai potenziali acquirenti informazioni complete su un prodotto<\/li>\n<li>Sviluppa guide complete per aiutare i clienti a utilizzare e apprezzare appieno il tuo prodotto<\/li>\n<li>Organizza e programma la produzione dei tuoi contenuti per anticipare le scadenze e garantire l&#8217;allineamento tra i team.<\/li>\n<li>Crea e ripeti senza problemi contenuti che risuonano con il tuo pubblico e soddisfano gli obiettivi del tuo marchio.<\/li>\n<li>Organizza e programma la produzione dei tuoi contenuti per anticipare le scadenze e garantire l&#8217;allineamento tra i team.<\/li>\n<li>Pianifica ed esegui la tua strategia di contenuti con strumenti che ti assicurano di essere allineato e preparato per ogni campagna.<\/li>\n<li>Migliora la tua strategia di contenuti con app che scalano l&#8217;output creativo, ottimizzano le prestazioni e mantengono la coerenza del marchio.<\/li>\n<li>Crea e ripeti senza problemi contenuti che risuonano con il tuo pubblico e soddisfano gli obiettivi del tuo marchio.<\/li>\n<li>Aumenta l&#8217;impatto sui social media con app che garantiscono la coerenza del marchio, generano nuove idee di contenuti e favoriscono la crescita della community.<\/li>\n<\/ul>\n<h4>LE RECENSIONI DEGLI UTENTI<\/h4>\n<p><strong>Davide &#8220;L&#8217;assistente virtuale che mancava&#8221;<\/strong><br \/>\n<strong>Commenti<\/strong>: Ho scritto in maniera agevole diversi articoli in poco tempo grazie a questo software<br \/>\n<strong>Pro<\/strong>: Permette di scrivere del testo con tantissime funzionalit\u00e0 integrate all&#8217;intelligenza artificiale, \u00e8 ricco di molte altre funzionalit\u00e0 non banali che lo rendono superiore a chatgpt<br \/>\n<strong>Contro<\/strong>: occorre abituarsi a tutte le funzioni all&#8217;inizio, successivamente non se ne potr\u00e0 fare a meno<\/p>\n<p><strong>Edoardo &#8220;Jasper \u00e8 quello che serve alla tua pagina web&#8221;<\/strong><br \/>\n<strong>Pro<\/strong>: Questo software di copywriting \u00e8 perfetto, ti fa risparmiare molto tempo ed \u00e8 ottimo anche in versione italiana. Permette di aumentare la qualit\u00e0 della tua pagina web<br \/>\n<strong>Contro<\/strong>: L\u2019abbonamento a partire da 29$ al mese pu\u00f2 risultare un po\u2019 eccessivo.<\/p>\n<p><strong>Andrea &#8220;Bello ma&#8221;<\/strong><br \/>\n<strong>Pro<\/strong>: Molto utile e vantaggioso per scrivere testi per i compiti o cercare un qualcosa di diverso. La dicitura e abbastanza fluente e di facile comprensione, senza che usa paroloni che per\u00f2 in altri contesti servirebbe. Consigliata almeno la prova di esso<br \/>\n<strong>Contro<\/strong>: Ci sono molte alternative anche se differiscono di poco, ci\u00f2 non significa che non vale la pena usarlo rispetto ai &#8220;classici&#8221;<\/p>\n","protected":false},"excerpt":{"rendered":"<p>Jasper AI \u00e8 un assistente di scrittura, basato sull&#8217;intelligenza artificiale (IA), progettato per aiutare le aziende a creare contenuti per siti web di social media, blog, siti Web e altri canali. I team possono creare cartelle per organizzare le informazioni per clienti e progetti. Jasper consente di accedere a modelli per creare paragrafi, annunci pubblicitari, descrizioni di prodotti e altri contenuti in formato breve.<\/p>\n","protected":false},"author":19,"featured_media":80043,"parent":79864,"menu_order":0,"comment_status":"open","ping_status":"closed","template":"g1_template_page_review_new.php","meta":{"_acf_changed":false,"cwp_meta_box_check":"No","cwp_rev_product_name":"","cwp_rev_product_image":"","wppr_links":[],"cwp_rev_price":"","wppr_options":[],"wppr_pros":[],"wppr_cons":[],"_monsterinsights_skip_tracking":false,"_monsterinsights_sitenote_active":false,"_monsterinsights_sitenote_note":"","_monsterinsights_sitenote_category":0,"footnotes":""},"categories":[15435],"tags":[997,998,15478,15441,15440,15479,15480],"features":[],"class_list":{"0":"post-80042","1":"page","2":"type-page","3":"status-publish","4":"has-post-thumbnail","6":"category-software-intelligenza-artificiale-cat","7":"tag-ai","8":"tag-intelligenza-artificiale","9":"tag-jasper-ai","10":"tag-piattaforma-intelligenza-artificiale","11":"tag-programma-intelligenza-artificiale","12":"tag-software-intelligenza-artificiale","13":"tag-soluzione-intelligenza-artificiale"},"wppr_data":{"cwp_meta_box_check":"No"},"acf":[],"yoast_head":"<!-- This site is optimized with the Yoast SEO plugin v27.4 - https:\/\/yoast.com\/product\/yoast-seo-wordpress\/ -->\n<title>Jasper: recensione software intelligenza artificiale - Accurate Reviews<\/title>\n<meta name=\"description\" content=\"Jasper: recensione software assistenza di scrittura, basato sull&#039;AI, per creare contenuti per siti web di social media, blog e altri canali.\" \/>\n<meta name=\"robots\" content=\"index, follow, max-snippet:-1, max-image-preview:large, max-video-preview:-1\" \/>\n<link rel=\"canonical\" href=\"https:\/\/www.accuratereviews.com\/it\/software-intelligenza-artificiale\/jasper-ai-recensione\/\" \/>\n<meta property=\"og:locale\" content=\"it_IT\" \/>\n<meta property=\"og:type\" content=\"article\" \/>\n<meta property=\"og:title\" content=\"Jasper: recensione software intelligenza artificiale - Accurate Reviews\" \/>\n<meta property=\"og:description\" content=\"Jasper: recensione software assistenza di scrittura, basato sull&#039;AI, per creare contenuti per siti web di social media, blog e altri canali.\" \/>\n<meta property=\"og:url\" content=\"https:\/\/www.accuratereviews.com\/it\/software-intelligenza-artificiale\/jasper-ai-recensione\/\" \/>\n<meta property=\"og:site_name\" content=\"Accurate Reviews\" \/>\n<meta property=\"article:modified_time\" content=\"2024-11-07T10:53:57+00:00\" \/>\n<meta property=\"og:image\" content=\"https:\/\/www.accuratereviews.com\/wp-content\/uploads\/2024\/11\/Jasper-ai.jpeg\" \/>\n\t<meta property=\"og:image:width\" content=\"400\" \/>\n\t<meta property=\"og:image:height\" content=\"287\" \/>\n\t<meta property=\"og:image:type\" content=\"image\/jpeg\" \/>\n<meta name=\"twitter:card\" content=\"summary_large_image\" \/>\n<meta name=\"twitter:label1\" content=\"Tempo di lettura stimato\" \/>\n\t<meta name=\"twitter:data1\" content=\"5 minuti\" \/>\n<script type=\"application\/ld+json\" class=\"yoast-schema-graph\">{\"@context\":\"https:\\\/\\\/schema.org\",\"@graph\":[{\"@type\":\"WebPage\",\"@id\":\"https:\\\/\\\/www.accuratereviews.com\\\/it\\\/software-intelligenza-artificiale\\\/jasper-ai-recensione\\\/\",\"url\":\"https:\\\/\\\/www.accuratereviews.com\\\/it\\\/software-intelligenza-artificiale\\\/jasper-ai-recensione\\\/\",\"name\":\"Jasper: recensione software intelligenza artificiale - Accurate Reviews\",\"isPartOf\":{\"@id\":\"https:\\\/\\\/www.accuratereviews.com\\\/it\\\/#website\"},\"primaryImageOfPage\":{\"@id\":\"https:\\\/\\\/www.accuratereviews.com\\\/it\\\/software-intelligenza-artificiale\\\/jasper-ai-recensione\\\/#primaryimage\"},\"image\":{\"@id\":\"https:\\\/\\\/www.accuratereviews.com\\\/it\\\/software-intelligenza-artificiale\\\/jasper-ai-recensione\\\/#primaryimage\"},\"thumbnailUrl\":\"https:\\\/\\\/www.accuratereviews.com\\\/wp-content\\\/uploads\\\/2024\\\/11\\\/Jasper-ai.jpeg\",\"datePublished\":\"2024-11-06T15:21:10+00:00\",\"dateModified\":\"2024-11-07T10:53:57+00:00\",\"description\":\"Jasper: recensione software assistenza di scrittura, basato sull'AI, per creare contenuti per siti web di social media, blog e altri canali.\",\"breadcrumb\":{\"@id\":\"https:\\\/\\\/www.accuratereviews.com\\\/it\\\/software-intelligenza-artificiale\\\/jasper-ai-recensione\\\/#breadcrumb\"},\"inLanguage\":\"it-IT\",\"potentialAction\":[{\"@type\":\"ReadAction\",\"target\":[\"https:\\\/\\\/www.accuratereviews.com\\\/it\\\/software-intelligenza-artificiale\\\/jasper-ai-recensione\\\/\"]}]},{\"@type\":\"ImageObject\",\"inLanguage\":\"it-IT\",\"@id\":\"https:\\\/\\\/www.accuratereviews.com\\\/it\\\/software-intelligenza-artificiale\\\/jasper-ai-recensione\\\/#primaryimage\",\"url\":\"https:\\\/\\\/www.accuratereviews.com\\\/wp-content\\\/uploads\\\/2024\\\/11\\\/Jasper-ai.jpeg\",\"contentUrl\":\"https:\\\/\\\/www.accuratereviews.com\\\/wp-content\\\/uploads\\\/2024\\\/11\\\/Jasper-ai.jpeg\",\"width\":400,\"height\":287},{\"@type\":\"BreadcrumbList\",\"@id\":\"https:\\\/\\\/www.accuratereviews.com\\\/it\\\/software-intelligenza-artificiale\\\/jasper-ai-recensione\\\/#breadcrumb\",\"itemListElement\":[{\"@type\":\"ListItem\",\"position\":1,\"name\":\"Home\",\"item\":\"https:\\\/\\\/www.accuratereviews.com\\\/it\\\/\"},{\"@type\":\"ListItem\",\"position\":2,\"name\":\"Software di intelligenza artificiale\",\"item\":\"https:\\\/\\\/www.accuratereviews.com\\\/it\\\/software-intelligenza-artificiale\\\/\"},{\"@type\":\"ListItem\",\"position\":3,\"name\":\"Jasper AI\"}]},{\"@type\":\"WebSite\",\"@id\":\"https:\\\/\\\/www.accuratereviews.com\\\/it\\\/#website\",\"url\":\"https:\\\/\\\/www.accuratereviews.com\\\/it\\\/\",\"name\":\"Accurate Reviews\",\"description\":\"\",\"potentialAction\":[{\"@type\":\"SearchAction\",\"target\":{\"@type\":\"EntryPoint\",\"urlTemplate\":\"https:\\\/\\\/www.accuratereviews.com\\\/it\\\/?s={search_term_string}\"},\"query-input\":{\"@type\":\"PropertyValueSpecification\",\"valueRequired\":true,\"valueName\":\"search_term_string\"}}],\"inLanguage\":\"it-IT\"}]}<\/script>\n<!-- \/ Yoast SEO plugin. -->","yoast_head_json":{"title":"Jasper: recensione software intelligenza artificiale - Accurate Reviews","description":"Jasper: recensione software assistenza di scrittura, basato sull'AI, per creare contenuti per siti web di social media, blog e altri canali.","robots":{"index":"index","follow":"follow","max-snippet":"max-snippet:-1","max-image-preview":"max-image-preview:large","max-video-preview":"max-video-preview:-1"},"canonical":"https:\/\/www.accuratereviews.com\/it\/software-intelligenza-artificiale\/jasper-ai-recensione\/","og_locale":"it_IT","og_type":"article","og_title":"Jasper: recensione software intelligenza artificiale - Accurate Reviews","og_description":"Jasper: recensione software assistenza di scrittura, basato sull'AI, per creare contenuti per siti web di social media, blog e altri canali.","og_url":"https:\/\/www.accuratereviews.com\/it\/software-intelligenza-artificiale\/jasper-ai-recensione\/","og_site_name":"Accurate Reviews","article_modified_time":"2024-11-07T10:53:57+00:00","og_image":[{"width":400,"height":287,"url":"https:\/\/www.accuratereviews.com\/wp-content\/uploads\/2024\/11\/Jasper-ai.jpeg","type":"image\/jpeg"}],"twitter_card":"summary_large_image","twitter_misc":{"Tempo di lettura stimato":"5 minuti"},"schema":{"@context":"https:\/\/schema.org","@graph":[{"@type":"WebPage","@id":"https:\/\/www.accuratereviews.com\/it\/software-intelligenza-artificiale\/jasper-ai-recensione\/","url":"https:\/\/www.accuratereviews.com\/it\/software-intelligenza-artificiale\/jasper-ai-recensione\/","name":"Jasper: recensione software intelligenza artificiale - Accurate Reviews","isPartOf":{"@id":"https:\/\/www.accuratereviews.com\/it\/#website"},"primaryImageOfPage":{"@id":"https:\/\/www.accuratereviews.com\/it\/software-intelligenza-artificiale\/jasper-ai-recensione\/#primaryimage"},"image":{"@id":"https:\/\/www.accuratereviews.com\/it\/software-intelligenza-artificiale\/jasper-ai-recensione\/#primaryimage"},"thumbnailUrl":"https:\/\/www.accuratereviews.com\/wp-content\/uploads\/2024\/11\/Jasper-ai.jpeg","datePublished":"2024-11-06T15:21:10+00:00","dateModified":"2024-11-07T10:53:57+00:00","description":"Jasper: recensione software assistenza di scrittura, basato sull'AI, per creare contenuti per siti web di social media, blog e altri canali.","breadcrumb":{"@id":"https:\/\/www.accuratereviews.com\/it\/software-intelligenza-artificiale\/jasper-ai-recensione\/#breadcrumb"},"inLanguage":"it-IT","potentialAction":[{"@type":"ReadAction","target":["https:\/\/www.accuratereviews.com\/it\/software-intelligenza-artificiale\/jasper-ai-recensione\/"]}]},{"@type":"ImageObject","inLanguage":"it-IT","@id":"https:\/\/www.accuratereviews.com\/it\/software-intelligenza-artificiale\/jasper-ai-recensione\/#primaryimage","url":"https:\/\/www.accuratereviews.com\/wp-content\/uploads\/2024\/11\/Jasper-ai.jpeg","contentUrl":"https:\/\/www.accuratereviews.com\/wp-content\/uploads\/2024\/11\/Jasper-ai.jpeg","width":400,"height":287},{"@type":"BreadcrumbList","@id":"https:\/\/www.accuratereviews.com\/it\/software-intelligenza-artificiale\/jasper-ai-recensione\/#breadcrumb","itemListElement":[{"@type":"ListItem","position":1,"name":"Home","item":"https:\/\/www.accuratereviews.com\/it\/"},{"@type":"ListItem","position":2,"name":"Software di intelligenza artificiale","item":"https:\/\/www.accuratereviews.com\/it\/software-intelligenza-artificiale\/"},{"@type":"ListItem","position":3,"name":"Jasper AI"}]},{"@type":"WebSite","@id":"https:\/\/www.accuratereviews.com\/it\/#website","url":"https:\/\/www.accuratereviews.com\/it\/","name":"Accurate Reviews","description":"","potentialAction":[{"@type":"SearchAction","target":{"@type":"EntryPoint","urlTemplate":"https:\/\/www.accuratereviews.com\/it\/?s={search_term_string}"},"query-input":{"@type":"PropertyValueSpecification","valueRequired":true,"valueName":"search_term_string"}}],"inLanguage":"it-IT"}]}},"_links":{"self":[{"href":"https:\/\/www.accuratereviews.com\/it\/wp-json\/wp\/v2\/pages\/80042","targetHints":{"allow":["GET"]}}],"collection":[{"href":"https:\/\/www.accuratereviews.com\/it\/wp-json\/wp\/v2\/pages"}],"about":[{"href":"https:\/\/www.accuratereviews.com\/it\/wp-json\/wp\/v2\/types\/page"}],"author":[{"embeddable":true,"href":"https:\/\/www.accuratereviews.com\/it\/wp-json\/wp\/v2\/users\/19"}],"replies":[{"embeddable":true,"href":"https:\/\/www.accuratereviews.com\/it\/wp-json\/wp\/v2\/comments?post=80042"}],"version-history":[{"count":8,"href":"https:\/\/www.accuratereviews.com\/it\/wp-json\/wp\/v2\/pages\/80042\/revisions"}],"predecessor-version":[{"id":80065,"href":"https:\/\/www.accuratereviews.com\/it\/wp-json\/wp\/v2\/pages\/80042\/revisions\/80065"}],"up":[{"embeddable":true,"href":"https:\/\/www.accuratereviews.com\/it\/wp-json\/wp\/v2\/pages\/79864"}],"wp:featuredmedia":[{"embeddable":true,"href":"https:\/\/www.accuratereviews.com\/it\/wp-json\/wp\/v2\/media\/80043"}],"wp:attachment":[{"href":"https:\/\/www.accuratereviews.com\/it\/wp-json\/wp\/v2\/media?parent=80042"}],"wp:term":[{"taxonomy":"category","embeddable":true,"href":"https:\/\/www.accuratereviews.com\/it\/wp-json\/wp\/v2\/categories?post=80042"},{"taxonomy":"post_tag","embeddable":true,"href":"https:\/\/www.accuratereviews.com\/it\/wp-json\/wp\/v2\/tags?post=80042"},{"taxonomy":"features","embeddable":true,"href":"https:\/\/www.accuratereviews.com\/it\/wp-json\/wp\/v2\/features?post=80042"}],"curies":[{"name":"wp","href":"https:\/\/api.w.org\/{rel}","templated":true}]}}