{"id":80079,"date":"2024-11-07T21:01:46","date_gmt":"2024-11-07T21:01:46","guid":{"rendered":"https:\/\/www.accuratereviews.com\/?page_id=80079"},"modified":"2024-11-07T21:01:46","modified_gmt":"2024-11-07T21:01:46","slug":"chatgpt-recensione","status":"publish","type":"page","link":"https:\/\/www.accuratereviews.com\/it\/software-intelligenza-artificiale\/chatgpt-recensione\/","title":{"rendered":"ChatGPT"},"content":{"rendered":"<p><strong>ChatGPT<\/strong> \u00e8 un <strong>chatbot di intelligenza artificiale<\/strong> sviluppato da Anthropic. \u00c8 un software di intelligenza artificiale conversazionale, progettato per comprendere le query in linguaggio naturale e fornire risposte simili a quelle umane. Le caratteristiche principali includono le sue avanzate capacit\u00e0 di elaborazione del linguaggio naturale basate su un ampio modello linguistico, la capacit\u00e0 di avere conversazioni naturali e ricordare il contesto e fornire spiegazioni dettagliate.<br \/>\nGli utenti possono avere discussioni aperte con <strong>ChatGPT<\/strong> su un&#8217;ampia gamma di argomenti, porre domande di follow-up e il chatbot tenter\u00e0 di rispondere in modo coerente in base alle informazioni su cui \u00e8 stato addestrato. \u00c8 progettato per rendere i sistemi di intelligenza artificiale pi\u00f9 sicuri e pi\u00f9 allineati con i valori umani. Il modello di elaborazione del linguaggio naturale \u00e8 stato addestrato su enormi set di dati scansionati da Internet per assimilare un&#8217;ampia gamma di conoscenze e conversazioni umane.<\/p>\n<h2>CHATGPT &#8211; TUTORIAL<\/h2>\n<div id=\"fluid-wrapper-counter-1\" class=\"g1-fluid-wrapper \" style=\"width:686px;\">\n<div style=\"padding-bottom:56.268221574344%;\"><iframe loading=\"lazy\" title=\"Ho usato ChatGPT OGNI GIORNO per 1 anno. Ecco 14 TRUCCHI che DEVI conoscere. \ud83e\udd16\u2705\" width=\"686\" height=\"386\" src=\"https:\/\/www.youtube.com\/embed\/jtVyjAH2qxw?feature=oembed&amp;wmode=transparent&amp;autohide=1&amp;autoplay=0&amp;disablekb=0&amp;fs=1&amp;loop=0&amp;enablejsapi=1&amp;rel=0&amp;controls=2&amp;showinfo=0&amp;wmode=transparent&amp;autohide=2&amp;autoplay=0&amp;disablekb=0&amp;fs=1&amp;loop=0&amp;enablejsapi=1&amp;rel=0&amp;controls=2&amp;showinfo=1\" frameborder=\"0\" allow=\"accelerometer; autoplay; clipboard-write; encrypted-media; gyroscope; picture-in-picture; web-share\" referrerpolicy=\"strict-origin-when-cross-origin\" allowfullscreen><\/iframe><\/div>\n<\/div>\n<h3>CHATGPT &#8211; CARATTERISTICHE<\/h3>\n<ul>\n<li><strong>Navigazione web<\/strong>: i modelli linguistici che alimentano la soluzione sono addestrati su una quantit\u00e0 significativa di informazioni mondiali, ma hanno un limite di conoscenza perch\u00e9 i loro dati di addestramento sono statici. Di conseguenza, l&#8217;app non sa tutto su argomenti specializzati ed eventi attuali. La navigazione con Bing consente di cercare su Internet informazioni aggiuntive di cui ha bisogno per rispondere a domande e completare attivit\u00e0.<\/li>\n<li><strong>Elaborazione delle immagini<\/strong>: quando carichi un&#8217;immagine come parte del tuo prompt, il programma utilizza il modello GPT Vision per interpretare l&#8217;immagine. Ci\u00f2 consente di rispondere a domande sull&#8217;immagine o di utilizzare le informazioni nell&#8217;immagine come contesto per altri prompt.<\/li>\n<li><strong>Generazione delle immagini:<\/strong> quando richiedi un&#8217;immagine l&#8217;app, utilizza uno strumento chiamato DALL-E per crearla. Non devi preoccuparti di creare la descrizione perfetta: d\u00ec semplicemente cosa vorresti vedere utilizzando un linguaggio semplice e quotidiano e si occuper\u00e0 dei dettagli.<\/li>\n<li><strong>Documenti di testo<\/strong>: quando carichi documenti di testo (Word, PowerPoint, PDF, TXT, ecc.), il programma utilizza strumenti per estrarre il testo e trovare informazioni rilevanti. Ci\u00f2 aiuta a comprendere il contenuto del documento e supporta attivit\u00e0 come la sintesi<\/li>\n<li><strong>Analisi dati avanzata<\/strong>: i clienti con un piano a pagamento possono utilizzare Advanced Data Analysis (ADA) per interagire con documenti di dati (Excel, CSV, JSON). Utilizzando ADA, La soluzione pu\u00f2 rispondere a domande quantitative sui tuoi dati, correggere errori di dati comuni e produrre visualizzazioni di dati.<\/li>\n<li><strong>Voce<\/strong>: puoi interagire con il software parlando tramite l&#8217;app mobile. Quando utilizzi la versione web, puoi anche far leggere alla piattaforma una qualsiasi delle sue risposte ad alta voce.<\/li>\n<\/ul>\n<h4>LE RECENSIONI DEGLI UTENTI<\/h4>\n<p><strong>Shelly O &#8221; Quello di cui avevo bisogno nella mia vita&#8221;<\/strong><br \/>\n<strong>Commenti<\/strong>: \u00c8 meraviglioso per la mia vita di tutti i giorni, dal chiedere quali siano certe leggi nel mio stato a come fare la zuppa di piselli. ChatGPT offre consigli e\/o raccomandazioni su tutto e non c&#8217;\u00e8 stata una sola domanda senza risposta da quando l&#8217;ho usata. Ho convinto almeno una dozzina di persone a scaricare questa app. Assolutamente cos\u00ec utile. Potrebbe essere semplice come aver bisogno della definizione di una parola. Le sue risposte rapide mi aiutano in un attimo. La adoro!!<br \/>\n<strong>Pro<\/strong>: Uso questa app diverse volte al giorno. \u00c8 cos\u00ec utile e mi aiuta a rinfrescare la memoria su tutto, da quanto tempo devo far bollire le uova ad aiutarmi a scrivere un curriculum di successo. \u00a0 \u00a0 \u00a0 \u00a0 \u00a0 \u00a0 \u00a0 \u00a0 \u00a0 \u00a0 \u00a0 \u00a0 \u00a0 \u00a0 \u00a0 \u00a0 \u00a0 \u00a0 \u00a0 \u00a0 \u00a0 \u00a0 \u00a0 \u00a0 \u00a0 \u00a0 \u00a0 \u00a0 \u00a0 \u00a0 \u00a0 \u00a0 \u00a0 \u00a0 \u00a0 \u00a0 \u00a0 \u00a0 \u00a0 \u00a0 \u00a0 \u00a0 \u00a0 \u00a0 \u00a0 \u00a0 \u00a0 \u00a0 \u00a0 \u00a0 \u00a0 \u00a0 \u00a0 \u00a0 \u00a0 \u00a0 \u00a0 \u00a0 \u00a0 \u00a0 \u00a0 \u00a0 \u00a0 \u00a0 \u00a0 \u00a0 \u00a0 \u00a0 \u00a0 \u00a0 \u00a0 \u00a0 \u00a0 \u00a0 \u00a0 \u00a0 \u00a0 \u00a0 \u00a0 \u00a0 \u00a0 \u00a0 \u00a0 \u00a0 <strong>Contro<\/strong>: Non ho trovato niente che non mi piaccia, onestamente \u00e8 come avere un&#8217;amica del cuore super intelligente<\/p>\n<p><strong>swati S.&#8221;&#8221;Chatgpt semplifica il lavoro&#8221;<\/strong><br \/>\n<strong>Commenti<\/strong>: Esperienza davvero incredibile con chat gpt, utile per generare didascalie, slogan, copie di Instagram, email e persino il contenuto per la presentazione<br \/>\n<strong>Pro<\/strong>: chat gpt genera contenuti molto genuini e significativi e anche i piccoli prompt funzionano, anche se non sei elaborato puoi generare contenuti belli e significativi<br \/>\n<strong>Contro<\/strong>: chat gpt funziona meno probabilmente in caso di generazione di contenuti multilingue. In secondo luogo, la rigenerazione dei contenuti fornisce ripetutamente gli stessi significati e contenuti.<\/p>\n<p><strong>Rita De C\u00e1ssia M. &#8220;Tutto quello di cui ho bisogno \u00e8 qui&#8221;<\/strong><br \/>\n<strong>Commenti<\/strong>: Ogni volta che ho bisogno di chiarimenti o di ricerche su un argomento di cui non ho conoscenza o su cui ho poche informazioni, faccio una ricerca. In questa applicazione troverai informazioni su tutti i tipi di argomenti.<br \/>\n<strong>Pro<\/strong>: Chiarezza e quantit\u00e0 di informazioni. Qualsiasi argomento tu cerchi riceve una risposta con una grande quantit\u00e0 di dettagli e informazioni pertinenti e puoi approfondire l&#8217;argomento e l&#8217;applicazione fornisce maggiori informazioni, che considero molto rilevanti.<br \/>\n<strong>Contro<\/strong>: Non ho ancora trovato punti negativi, finora l&#8217;ho usato molto con un livello di soddisfazione molto positivo.<\/p>\n","protected":false},"excerpt":{"rendered":"<p>ChatGPT \u00e8 un chatbot di intelligenza artificiale sviluppato da Anthropic. \u00c8 un software di intelligenza artificiale conversazionale progettato per comprendere le query in linguaggio naturale e fornire risposte simili a quelle umane. Le caratteristiche principali includono le sue avanzate capacit\u00e0 di elaborazione del linguaggio naturale basate su un ampio modello linguistico, la capacit\u00e0 di avere conversazioni naturali e ricordare il contesto e fornire spiegazioni dettagliate.<\/p>\n","protected":false},"author":19,"featured_media":80080,"parent":79864,"menu_order":0,"comment_status":"open","ping_status":"closed","template":"g1_template_page_review_new.php","meta":{"_acf_changed":false,"cwp_meta_box_check":"No","cwp_rev_product_name":"","cwp_rev_product_image":"","wppr_links":[],"cwp_rev_price":"","wppr_options":[],"wppr_pros":[],"wppr_cons":[],"_monsterinsights_skip_tracking":false,"_monsterinsights_sitenote_active":false,"_monsterinsights_sitenote_note":"","_monsterinsights_sitenote_category":0,"footnotes":""},"categories":[15435],"tags":[997,15432,15477,998,15441,15440,15479,15480],"features":[],"class_list":{"0":"post-80079","1":"page","2":"type-page","3":"status-publish","4":"has-post-thumbnail","6":"category-software-intelligenza-artificiale-cat","7":"tag-ai","8":"tag-app-intelligenza-artificiale","9":"tag-chatgpt","10":"tag-intelligenza-artificiale","11":"tag-piattaforma-intelligenza-artificiale","12":"tag-programma-intelligenza-artificiale","13":"tag-software-intelligenza-artificiale","14":"tag-soluzione-intelligenza-artificiale"},"wppr_data":{"cwp_meta_box_check":"No"},"acf":[],"yoast_head":"<!-- This site is optimized with the Yoast SEO plugin v27.4 - https:\/\/yoast.com\/product\/yoast-seo-wordpress\/ -->\n<title>ChatGPT: recensione software intelligenza artificiale - Accurate Reviews<\/title>\n<meta name=\"description\" content=\"ChatGPT: chatbot di AI sviluppato da Anthropic per comprendere le query in linguaggio naturale e fornire risposte simili a quelle umane.\" \/>\n<meta name=\"robots\" content=\"index, follow, max-snippet:-1, max-image-preview:large, max-video-preview:-1\" \/>\n<link rel=\"canonical\" href=\"https:\/\/www.accuratereviews.com\/it\/software-intelligenza-artificiale\/chatgpt-recensione\/\" \/>\n<meta property=\"og:locale\" content=\"it_IT\" \/>\n<meta property=\"og:type\" content=\"article\" \/>\n<meta property=\"og:title\" content=\"ChatGPT: recensione software intelligenza artificiale - Accurate Reviews\" \/>\n<meta property=\"og:description\" content=\"ChatGPT: chatbot di AI sviluppato da Anthropic per comprendere le query in linguaggio naturale e fornire risposte simili a quelle umane.\" \/>\n<meta property=\"og:url\" content=\"https:\/\/www.accuratereviews.com\/it\/software-intelligenza-artificiale\/chatgpt-recensione\/\" \/>\n<meta property=\"og:site_name\" content=\"Accurate Reviews\" \/>\n<meta property=\"og:image\" content=\"https:\/\/www.accuratereviews.com\/wp-content\/uploads\/2024\/11\/Screenshot-2024-11-07-alle-11.09.58.png\" \/>\n\t<meta property=\"og:image:width\" content=\"1042\" \/>\n\t<meta property=\"og:image:height\" content=\"770\" \/>\n\t<meta property=\"og:image:type\" content=\"image\/png\" \/>\n<meta name=\"twitter:card\" content=\"summary_large_image\" \/>\n<meta name=\"twitter:label1\" content=\"Tempo di lettura stimato\" \/>\n\t<meta name=\"twitter:data1\" content=\"5 minuti\" \/>\n<script type=\"application\/ld+json\" class=\"yoast-schema-graph\">{\"@context\":\"https:\\\/\\\/schema.org\",\"@graph\":[{\"@type\":\"WebPage\",\"@id\":\"https:\\\/\\\/www.accuratereviews.com\\\/it\\\/software-intelligenza-artificiale\\\/chatgpt-recensione\\\/\",\"url\":\"https:\\\/\\\/www.accuratereviews.com\\\/it\\\/software-intelligenza-artificiale\\\/chatgpt-recensione\\\/\",\"name\":\"ChatGPT: recensione software intelligenza artificiale - Accurate Reviews\",\"isPartOf\":{\"@id\":\"https:\\\/\\\/www.accuratereviews.com\\\/it\\\/#website\"},\"primaryImageOfPage\":{\"@id\":\"https:\\\/\\\/www.accuratereviews.com\\\/it\\\/software-intelligenza-artificiale\\\/chatgpt-recensione\\\/#primaryimage\"},\"image\":{\"@id\":\"https:\\\/\\\/www.accuratereviews.com\\\/it\\\/software-intelligenza-artificiale\\\/chatgpt-recensione\\\/#primaryimage\"},\"thumbnailUrl\":\"https:\\\/\\\/www.accuratereviews.com\\\/wp-content\\\/uploads\\\/2024\\\/11\\\/Screenshot-2024-11-07-alle-11.09.58.png\",\"datePublished\":\"2024-11-07T21:01:46+00:00\",\"description\":\"ChatGPT: chatbot di AI sviluppato da Anthropic per comprendere le query in linguaggio naturale e fornire risposte simili a quelle umane.\",\"breadcrumb\":{\"@id\":\"https:\\\/\\\/www.accuratereviews.com\\\/it\\\/software-intelligenza-artificiale\\\/chatgpt-recensione\\\/#breadcrumb\"},\"inLanguage\":\"it-IT\",\"potentialAction\":[{\"@type\":\"ReadAction\",\"target\":[\"https:\\\/\\\/www.accuratereviews.com\\\/it\\\/software-intelligenza-artificiale\\\/chatgpt-recensione\\\/\"]}]},{\"@type\":\"ImageObject\",\"inLanguage\":\"it-IT\",\"@id\":\"https:\\\/\\\/www.accuratereviews.com\\\/it\\\/software-intelligenza-artificiale\\\/chatgpt-recensione\\\/#primaryimage\",\"url\":\"https:\\\/\\\/www.accuratereviews.com\\\/wp-content\\\/uploads\\\/2024\\\/11\\\/Screenshot-2024-11-07-alle-11.09.58.png\",\"contentUrl\":\"https:\\\/\\\/www.accuratereviews.com\\\/wp-content\\\/uploads\\\/2024\\\/11\\\/Screenshot-2024-11-07-alle-11.09.58.png\",\"width\":1042,\"height\":770},{\"@type\":\"BreadcrumbList\",\"@id\":\"https:\\\/\\\/www.accuratereviews.com\\\/it\\\/software-intelligenza-artificiale\\\/chatgpt-recensione\\\/#breadcrumb\",\"itemListElement\":[{\"@type\":\"ListItem\",\"position\":1,\"name\":\"Home\",\"item\":\"https:\\\/\\\/www.accuratereviews.com\\\/it\\\/\"},{\"@type\":\"ListItem\",\"position\":2,\"name\":\"Software di intelligenza artificiale\",\"item\":\"https:\\\/\\\/www.accuratereviews.com\\\/it\\\/software-intelligenza-artificiale\\\/\"},{\"@type\":\"ListItem\",\"position\":3,\"name\":\"ChatGPT\"}]},{\"@type\":\"WebSite\",\"@id\":\"https:\\\/\\\/www.accuratereviews.com\\\/it\\\/#website\",\"url\":\"https:\\\/\\\/www.accuratereviews.com\\\/it\\\/\",\"name\":\"Accurate Reviews\",\"description\":\"\",\"potentialAction\":[{\"@type\":\"SearchAction\",\"target\":{\"@type\":\"EntryPoint\",\"urlTemplate\":\"https:\\\/\\\/www.accuratereviews.com\\\/it\\\/?s={search_term_string}\"},\"query-input\":{\"@type\":\"PropertyValueSpecification\",\"valueRequired\":true,\"valueName\":\"search_term_string\"}}],\"inLanguage\":\"it-IT\"}]}<\/script>\n<!-- \/ Yoast SEO plugin. -->","yoast_head_json":{"title":"ChatGPT: recensione software intelligenza artificiale - Accurate Reviews","description":"ChatGPT: chatbot di AI sviluppato da Anthropic per comprendere le query in linguaggio naturale e fornire risposte simili a quelle umane.","robots":{"index":"index","follow":"follow","max-snippet":"max-snippet:-1","max-image-preview":"max-image-preview:large","max-video-preview":"max-video-preview:-1"},"canonical":"https:\/\/www.accuratereviews.com\/it\/software-intelligenza-artificiale\/chatgpt-recensione\/","og_locale":"it_IT","og_type":"article","og_title":"ChatGPT: recensione software intelligenza artificiale - Accurate Reviews","og_description":"ChatGPT: chatbot di AI sviluppato da Anthropic per comprendere le query in linguaggio naturale e fornire risposte simili a quelle umane.","og_url":"https:\/\/www.accuratereviews.com\/it\/software-intelligenza-artificiale\/chatgpt-recensione\/","og_site_name":"Accurate Reviews","og_image":[{"width":1042,"height":770,"url":"https:\/\/www.accuratereviews.com\/wp-content\/uploads\/2024\/11\/Screenshot-2024-11-07-alle-11.09.58.png","type":"image\/png"}],"twitter_card":"summary_large_image","twitter_misc":{"Tempo di lettura stimato":"5 minuti"},"schema":{"@context":"https:\/\/schema.org","@graph":[{"@type":"WebPage","@id":"https:\/\/www.accuratereviews.com\/it\/software-intelligenza-artificiale\/chatgpt-recensione\/","url":"https:\/\/www.accuratereviews.com\/it\/software-intelligenza-artificiale\/chatgpt-recensione\/","name":"ChatGPT: recensione software intelligenza artificiale - Accurate Reviews","isPartOf":{"@id":"https:\/\/www.accuratereviews.com\/it\/#website"},"primaryImageOfPage":{"@id":"https:\/\/www.accuratereviews.com\/it\/software-intelligenza-artificiale\/chatgpt-recensione\/#primaryimage"},"image":{"@id":"https:\/\/www.accuratereviews.com\/it\/software-intelligenza-artificiale\/chatgpt-recensione\/#primaryimage"},"thumbnailUrl":"https:\/\/www.accuratereviews.com\/wp-content\/uploads\/2024\/11\/Screenshot-2024-11-07-alle-11.09.58.png","datePublished":"2024-11-07T21:01:46+00:00","description":"ChatGPT: chatbot di AI sviluppato da Anthropic per comprendere le query in linguaggio naturale e fornire risposte simili a quelle umane.","breadcrumb":{"@id":"https:\/\/www.accuratereviews.com\/it\/software-intelligenza-artificiale\/chatgpt-recensione\/#breadcrumb"},"inLanguage":"it-IT","potentialAction":[{"@type":"ReadAction","target":["https:\/\/www.accuratereviews.com\/it\/software-intelligenza-artificiale\/chatgpt-recensione\/"]}]},{"@type":"ImageObject","inLanguage":"it-IT","@id":"https:\/\/www.accuratereviews.com\/it\/software-intelligenza-artificiale\/chatgpt-recensione\/#primaryimage","url":"https:\/\/www.accuratereviews.com\/wp-content\/uploads\/2024\/11\/Screenshot-2024-11-07-alle-11.09.58.png","contentUrl":"https:\/\/www.accuratereviews.com\/wp-content\/uploads\/2024\/11\/Screenshot-2024-11-07-alle-11.09.58.png","width":1042,"height":770},{"@type":"BreadcrumbList","@id":"https:\/\/www.accuratereviews.com\/it\/software-intelligenza-artificiale\/chatgpt-recensione\/#breadcrumb","itemListElement":[{"@type":"ListItem","position":1,"name":"Home","item":"https:\/\/www.accuratereviews.com\/it\/"},{"@type":"ListItem","position":2,"name":"Software di intelligenza artificiale","item":"https:\/\/www.accuratereviews.com\/it\/software-intelligenza-artificiale\/"},{"@type":"ListItem","position":3,"name":"ChatGPT"}]},{"@type":"WebSite","@id":"https:\/\/www.accuratereviews.com\/it\/#website","url":"https:\/\/www.accuratereviews.com\/it\/","name":"Accurate Reviews","description":"","potentialAction":[{"@type":"SearchAction","target":{"@type":"EntryPoint","urlTemplate":"https:\/\/www.accuratereviews.com\/it\/?s={search_term_string}"},"query-input":{"@type":"PropertyValueSpecification","valueRequired":true,"valueName":"search_term_string"}}],"inLanguage":"it-IT"}]}},"_links":{"self":[{"href":"https:\/\/www.accuratereviews.com\/it\/wp-json\/wp\/v2\/pages\/80079","targetHints":{"allow":["GET"]}}],"collection":[{"href":"https:\/\/www.accuratereviews.com\/it\/wp-json\/wp\/v2\/pages"}],"about":[{"href":"https:\/\/www.accuratereviews.com\/it\/wp-json\/wp\/v2\/types\/page"}],"author":[{"embeddable":true,"href":"https:\/\/www.accuratereviews.com\/it\/wp-json\/wp\/v2\/users\/19"}],"replies":[{"embeddable":true,"href":"https:\/\/www.accuratereviews.com\/it\/wp-json\/wp\/v2\/comments?post=80079"}],"version-history":[{"count":7,"href":"https:\/\/www.accuratereviews.com\/it\/wp-json\/wp\/v2\/pages\/80079\/revisions"}],"predecessor-version":[{"id":80094,"href":"https:\/\/www.accuratereviews.com\/it\/wp-json\/wp\/v2\/pages\/80079\/revisions\/80094"}],"up":[{"embeddable":true,"href":"https:\/\/www.accuratereviews.com\/it\/wp-json\/wp\/v2\/pages\/79864"}],"wp:featuredmedia":[{"embeddable":true,"href":"https:\/\/www.accuratereviews.com\/it\/wp-json\/wp\/v2\/media\/80080"}],"wp:attachment":[{"href":"https:\/\/www.accuratereviews.com\/it\/wp-json\/wp\/v2\/media?parent=80079"}],"wp:term":[{"taxonomy":"category","embeddable":true,"href":"https:\/\/www.accuratereviews.com\/it\/wp-json\/wp\/v2\/categories?post=80079"},{"taxonomy":"post_tag","embeddable":true,"href":"https:\/\/www.accuratereviews.com\/it\/wp-json\/wp\/v2\/tags?post=80079"},{"taxonomy":"features","embeddable":true,"href":"https:\/\/www.accuratereviews.com\/it\/wp-json\/wp\/v2\/features?post=80079"}],"curies":[{"name":"wp","href":"https:\/\/api.w.org\/{rel}","templated":true}]}}