{"id":80111,"date":"2024-11-08T22:01:05","date_gmt":"2024-11-08T22:01:05","guid":{"rendered":"https:\/\/www.accuratereviews.com\/?page_id=80111"},"modified":"2024-11-08T22:01:05","modified_gmt":"2024-11-08T22:01:05","slug":"prismatic-recensione","status":"publish","type":"page","link":"https:\/\/www.accuratereviews.com\/it\/software-intelligenza-artificiale\/prismatic-recensione\/","title":{"rendered":"Prismatic"},"content":{"rendered":"<p>La piattaforma di gestione finanziaria basata <strong>sull&#8217;intelligenza artificiale <\/strong>di<strong> Prismatic<\/strong> consente ai team di contabilit\u00e0 e finanza di consolidare i dati in tutte le entit\u00e0 e dimensioni per scopi di reporting e dashboarding. Con <strong>Prismatic<\/strong>, gli utenti possono generare bilanci, rendiconti economici e altro ancora. Offre una dashboard che aiuta a tenere traccia di asset, ricavi, entrate, spese e redditivit\u00e0.<br \/>\nI \u200b\u200bprofessionisti possono verificare i riferimenti storici completi su tutte le modifiche del sistema. I manager possono collaborare con i membri del team, assegnare attivit\u00e0, documentare il processo decisionale e condividere report.<\/p>\n<p><a href=\"https:\/\/www.accuratereviews.com\/wp-content\/uploads\/2024\/11\/Screenshot-2024-11-08-alle-10.50.35.png\"><img loading=\"lazy\" decoding=\"async\" class=\"aligncenter wp-image-80117 size-full\" src=\"https:\/\/www.accuratereviews.com\/wp-content\/uploads\/2024\/11\/Screenshot-2024-11-08-alle-10.50.35.png\" alt=\"\" width=\"2284\" height=\"1214\" srcset=\"https:\/\/www.accuratereviews.com\/wp-content\/uploads\/2024\/11\/Screenshot-2024-11-08-alle-10.50.35.png 2284w, https:\/\/www.accuratereviews.com\/wp-content\/uploads\/2024\/11\/Screenshot-2024-11-08-alle-10.50.35-300x159.png 300w, https:\/\/www.accuratereviews.com\/wp-content\/uploads\/2024\/11\/Screenshot-2024-11-08-alle-10.50.35-1024x544.png 1024w, https:\/\/www.accuratereviews.com\/wp-content\/uploads\/2024\/11\/Screenshot-2024-11-08-alle-10.50.35-768x408.png 768w, https:\/\/www.accuratereviews.com\/wp-content\/uploads\/2024\/11\/Screenshot-2024-11-08-alle-10.50.35-1536x816.png 1536w, https:\/\/www.accuratereviews.com\/wp-content\/uploads\/2024\/11\/Screenshot-2024-11-08-alle-10.50.35-2048x1089.png 2048w, https:\/\/www.accuratereviews.com\/wp-content\/uploads\/2024\/11\/Screenshot-2024-11-08-alle-10.50.35-50x27.png 50w, https:\/\/www.accuratereviews.com\/wp-content\/uploads\/2024\/11\/Screenshot-2024-11-08-alle-10.50.35-235x125.png 235w, https:\/\/www.accuratereviews.com\/wp-content\/uploads\/2024\/11\/Screenshot-2024-11-08-alle-10.50.35-968x515.png 968w, https:\/\/www.accuratereviews.com\/wp-content\/uploads\/2024\/11\/Screenshot-2024-11-08-alle-10.50.35-636x338.png 636w, https:\/\/www.accuratereviews.com\/wp-content\/uploads\/2024\/11\/Screenshot-2024-11-08-alle-10.50.35-320x170.png 320w, https:\/\/www.accuratereviews.com\/wp-content\/uploads\/2024\/11\/Screenshot-2024-11-08-alle-10.50.35-239x127.png 239w\" sizes=\"auto, (max-width: 2284px) 100vw, 2284px\" \/><\/a><\/p>\n<h2>PRISMATIC &#8211; CARATTERISTICHE<\/h2>\n<ul>\n<li>Comanda, espandi e migliora il processo decisionale.<\/li>\n<li>Modulare per soddisfare le esigenze aziendali.<\/li>\n<li>Costruito con tecnologia di contabilit\u00e0 all&#8217;avanguardia per aiutarti a scalare.<\/li>\n<li>Integra facilmente tutti i tuoi dati finanziari con l&#8217;API aperta.<\/li>\n<li>Ottieni visibilit\u00e0 e controllo completi su tutte le tue entit\u00e0 da un&#8217;unica piattaforma.<\/li>\n<li>Accelera e semplifica la chiusura di fine mese con consolidamenti immediati su tutte le entit\u00e0.<\/li>\n<li>Ottimizza le tue operazioni con la propriet\u00e0 avanzata delle entit\u00e0 frazionarie e la suddivisione precisa delle transazioni.<\/li>\n<li>Gestisci senza sforzo la conversione di valuta ed effettua transazioni in oltre 180 valute.<\/li>\n<li>Chiudi i tuoi libri contabili in modo rapido ed efficiente con il processo di chiusura collaborativo.<\/li>\n<li>Crea potenti report contabili e dashboard in pochi secondi.<\/li>\n<li>Report contabili drag-and-drop robusti ma facili da usare.<\/li>\n<li>Esporta i tuoi dati in formato Excel, CSV o PDF per analisi.<\/li>\n<li>Condividi i dati con tutte le parti interessate mantenendo il controllo con autorizzazioni e impostazioni di visibilit\u00e0 robuste.<\/li>\n<li>Semplifica i processi per gestire il flusso di cassa e le relazioni con i fornitori, il tutto eliminando il lavoro ripetitivo.<\/li>\n<li>Automatizza il monitoraggio delle fatture, le approvazioni e la gestione del flusso di cassa, integrando perfettamente queste funzioni con i tuoi sistemi esistenti.<\/li>\n<li>Migliora le tue operazioni finanziarie con l&#8217;elaborazione e la riconciliazione automatizzate delle fatture.<\/li>\n<li>Promemoria automatici e flessibilit\u00e0 multivaluta rendono i pagamenti convenienti per i tuoi clienti.<\/li>\n<li>Invia automaticamente avvisi di riscossione e monitora gli importi in sospeso direttamente sulla piattaforma.<\/li>\n<\/ul>\n<h3>LE RECENSIONI DEGLI UTENTI<\/h3>\n<p><strong>Patricia &#8220;Finalmente un software di contabilit\u00e0 che soddisfa tutte le mie esigenze&#8221;<\/strong><br \/>\n<strong>Pro<\/strong>: La rendicontazione finanziaria \u00e8 un grande vantaggio. Offre informazioni complete e in tempo reale sulla salute finanziaria della mia attivit\u00e0. I report sono dettagliati, ma intuitivi, il che \u00e8 fondamentale per prendere decisioni tempestive basate sui dati. Le dashboard sono facili da creare e possono visualizzare tutti i miei rapporti rilevanti in tempo reale. Il componente delle dimensioni \u00e8 davvero interessante e mi consente di accumulare tutte le mie diverse sedi per capire cosa funziona e cosa no. Posso anche vedere tutte le mie metriche per posizione in tempo reale in una dashboard. Offrendomi maggiore visibilit\u00e0 sulle mie prestazioni finanziarie. La funzionalit\u00e0 del libro mastro generale \u00e8 solida ma sorprendentemente facile da usare. Mi consente di monitorare ogni aspetto finanziario della mia attivit\u00e0 senza sforzo, offrendo sia profondit\u00e0 che personalizzazione. Le funzionalit\u00e0 suggestive offrono uno sguardo unico sulle cose.<br \/>\n<strong>Contro<\/strong>: Inizialmente, ho trovato la piattaforma un po&#8217; opprimente. Ci \u00e8 voluto un po&#8217; di tempo per familiarizzare con tutte le funzionalit\u00e0. Per chi non \u00e8 esperto di tecnologia, la curva di apprendimento potrebbe essere un po&#8217; ripida. Ma dopo alcune settimane \u00e8 stato come allacciarsi le scarpe.<\/p>\n<p><strong>Andrew &#8220;Rendicontazione di profitti e perdite&#8221;<\/strong><br \/>\n<strong>Commenti<\/strong>: Le persone di Prismatic sono super competenti e amichevoli. Sembravano davvero interessati alla nostra attivit\u00e0, conoscendoci, documentando i nostri obiettivi e allineando la soluzione per risolvere le nostre sfide e prepararci alla scalabilit\u00e0. Non conosciamo davvero la maggior parte dei fornitori di software con cui lavoriamo o non potremmo nemmeno nominare il nostro account manager, ma il team esecutivo di Prismatic ci incontra regolarmente e risponde alle nostre email, il che \u00e8 piuttosto impressionante.<br \/>\n<strong>Pro<\/strong>: Quanto \u00e8 facile da configurare e iniziare a usare. Il mio team e io abbiamo imparato tutto ci\u00f2 di cui avevamo bisogno per iniziare a usarlo in meno di un&#8217;ora. La reportistica \u00e8 molto molto meglio di quella che ottenevamo da Quickbooks. Ha persino un&#8217;interfaccia utente piuttosto intuitiva per l&#8217;impostazione delle dashboard. Proiettiamo le nostre dashboard finanziarie qui negli uffici aziendali e possiamo guardare i numeri in tempo reale. Semplifica la suddivisione in base a reparto, fonte di entrate, dipendente, sede, fornitore, ecc.<br \/>\n<strong>Contro<\/strong>: Costo: \u00e8 sicuramente un po&#8217; pi\u00f9 costoso di Quickbooks, ma non \u00e8 esagerato come NetSuite, quindi direi che non \u00e8 poi cos\u00ec male.<\/p>\n","protected":false},"excerpt":{"rendered":"<p>La piattaforma di gestione finanziaria basata sull&#8217;intelligenza artificiale di Prismatic consente ai team di contabilit\u00e0 e finanza di consolidare i dati in tutte le entit\u00e0 e dimensioni per scopi di reporting e dashboarding. Con Prismatic, gli utenti possono generare bilanci, rendiconti economici e altro ancora<\/p>\n","protected":false},"author":19,"featured_media":80122,"parent":79864,"menu_order":0,"comment_status":"open","ping_status":"closed","template":"g1_template_page_review_new.php","meta":{"_acf_changed":false,"cwp_meta_box_check":"No","cwp_rev_product_name":"","cwp_rev_product_image":"","wppr_links":[],"cwp_rev_price":"","wppr_options":[],"wppr_pros":[],"wppr_cons":[],"_monsterinsights_skip_tracking":false,"_monsterinsights_sitenote_active":false,"_monsterinsights_sitenote_note":"","_monsterinsights_sitenote_category":0,"footnotes":""},"categories":[15435],"tags":[15491,15441,15490,15493,15440,15494,15479,15492,15480],"features":[],"class_list":{"0":"post-80111","1":"page","2":"type-page","3":"status-publish","4":"has-post-thumbnail","6":"category-software-intelligenza-artificiale-cat","7":"tag-gestione-finanziaria","8":"tag-piattaforma-intelligenza-artificiale","9":"tag-prismatic","10":"tag-programma-gestione-finanziaria","11":"tag-programma-intelligenza-artificiale","12":"tag-software-gestione-finanziaria","13":"tag-software-intelligenza-artificiale","14":"tag-soluzione-gestione-finanziaria","15":"tag-soluzione-intelligenza-artificiale"},"wppr_data":{"cwp_meta_box_check":"No"},"acf":[],"yoast_head":"<!-- This site is optimized with the Yoast SEO plugin v27.4 - https:\/\/yoast.com\/product\/yoast-seo-wordpress\/ -->\n<title>Prismatic: recensione software intelligenza artificiale e finanziaria Accurate Reviews<\/title>\n<meta name=\"description\" content=\"Prismatic : software gestione finanziaria basata sull&#039;AI per consolidare i dati in tutte le entit\u00e0 per scopi di reporting e dashboarding.\" \/>\n<meta name=\"robots\" content=\"index, follow, max-snippet:-1, max-image-preview:large, max-video-preview:-1\" \/>\n<link rel=\"canonical\" href=\"https:\/\/www.accuratereviews.com\/it\/software-intelligenza-artificiale\/prismatic-recensione\/\" \/>\n<meta property=\"og:locale\" content=\"it_IT\" \/>\n<meta property=\"og:type\" content=\"article\" \/>\n<meta property=\"og:title\" content=\"Prismatic: recensione software intelligenza artificiale e finanziaria Accurate Reviews\" \/>\n<meta property=\"og:description\" content=\"Prismatic : software gestione finanziaria basata sull&#039;AI per consolidare i dati in tutte le entit\u00e0 per scopi di reporting e dashboarding.\" \/>\n<meta property=\"og:url\" content=\"https:\/\/www.accuratereviews.com\/it\/software-intelligenza-artificiale\/prismatic-recensione\/\" \/>\n<meta property=\"og:site_name\" content=\"Accurate Reviews\" \/>\n<meta property=\"og:image\" content=\"https:\/\/www.accuratereviews.com\/wp-content\/uploads\/2024\/11\/Prismatic.webp\" \/>\n\t<meta property=\"og:image:width\" content=\"256\" \/>\n\t<meta property=\"og:image:height\" content=\"256\" \/>\n\t<meta property=\"og:image:type\" content=\"image\/webp\" \/>\n<meta name=\"twitter:card\" content=\"summary_large_image\" \/>\n<meta name=\"twitter:label1\" content=\"Tempo di lettura stimato\" \/>\n\t<meta name=\"twitter:data1\" content=\"5 minuti\" \/>\n<script type=\"application\/ld+json\" class=\"yoast-schema-graph\">{\"@context\":\"https:\\\/\\\/schema.org\",\"@graph\":[{\"@type\":\"WebPage\",\"@id\":\"https:\\\/\\\/www.accuratereviews.com\\\/it\\\/software-intelligenza-artificiale\\\/prismatic-recensione\\\/\",\"url\":\"https:\\\/\\\/www.accuratereviews.com\\\/it\\\/software-intelligenza-artificiale\\\/prismatic-recensione\\\/\",\"name\":\"Prismatic: recensione software intelligenza artificiale e finanziaria Accurate Reviews\",\"isPartOf\":{\"@id\":\"https:\\\/\\\/www.accuratereviews.com\\\/it\\\/#website\"},\"primaryImageOfPage\":{\"@id\":\"https:\\\/\\\/www.accuratereviews.com\\\/it\\\/software-intelligenza-artificiale\\\/prismatic-recensione\\\/#primaryimage\"},\"image\":{\"@id\":\"https:\\\/\\\/www.accuratereviews.com\\\/it\\\/software-intelligenza-artificiale\\\/prismatic-recensione\\\/#primaryimage\"},\"thumbnailUrl\":\"https:\\\/\\\/www.accuratereviews.com\\\/wp-content\\\/uploads\\\/2024\\\/11\\\/Prismatic.webp\",\"datePublished\":\"2024-11-08T22:01:05+00:00\",\"description\":\"Prismatic : software gestione finanziaria basata sull'AI per consolidare i dati in tutte le entit\u00e0 per scopi di reporting e dashboarding.\",\"breadcrumb\":{\"@id\":\"https:\\\/\\\/www.accuratereviews.com\\\/it\\\/software-intelligenza-artificiale\\\/prismatic-recensione\\\/#breadcrumb\"},\"inLanguage\":\"it-IT\",\"potentialAction\":[{\"@type\":\"ReadAction\",\"target\":[\"https:\\\/\\\/www.accuratereviews.com\\\/it\\\/software-intelligenza-artificiale\\\/prismatic-recensione\\\/\"]}]},{\"@type\":\"ImageObject\",\"inLanguage\":\"it-IT\",\"@id\":\"https:\\\/\\\/www.accuratereviews.com\\\/it\\\/software-intelligenza-artificiale\\\/prismatic-recensione\\\/#primaryimage\",\"url\":\"https:\\\/\\\/www.accuratereviews.com\\\/wp-content\\\/uploads\\\/2024\\\/11\\\/Prismatic.webp\",\"contentUrl\":\"https:\\\/\\\/www.accuratereviews.com\\\/wp-content\\\/uploads\\\/2024\\\/11\\\/Prismatic.webp\",\"width\":256,\"height\":256},{\"@type\":\"BreadcrumbList\",\"@id\":\"https:\\\/\\\/www.accuratereviews.com\\\/it\\\/software-intelligenza-artificiale\\\/prismatic-recensione\\\/#breadcrumb\",\"itemListElement\":[{\"@type\":\"ListItem\",\"position\":1,\"name\":\"Home\",\"item\":\"https:\\\/\\\/www.accuratereviews.com\\\/it\\\/\"},{\"@type\":\"ListItem\",\"position\":2,\"name\":\"Software di intelligenza artificiale\",\"item\":\"https:\\\/\\\/www.accuratereviews.com\\\/it\\\/software-intelligenza-artificiale\\\/\"},{\"@type\":\"ListItem\",\"position\":3,\"name\":\"Prismatic\"}]},{\"@type\":\"WebSite\",\"@id\":\"https:\\\/\\\/www.accuratereviews.com\\\/it\\\/#website\",\"url\":\"https:\\\/\\\/www.accuratereviews.com\\\/it\\\/\",\"name\":\"Accurate Reviews\",\"description\":\"\",\"potentialAction\":[{\"@type\":\"SearchAction\",\"target\":{\"@type\":\"EntryPoint\",\"urlTemplate\":\"https:\\\/\\\/www.accuratereviews.com\\\/it\\\/?s={search_term_string}\"},\"query-input\":{\"@type\":\"PropertyValueSpecification\",\"valueRequired\":true,\"valueName\":\"search_term_string\"}}],\"inLanguage\":\"it-IT\"}]}<\/script>\n<!-- \/ Yoast SEO plugin. -->","yoast_head_json":{"title":"Prismatic: recensione software intelligenza artificiale e finanziaria Accurate Reviews","description":"Prismatic : software gestione finanziaria basata sull'AI per consolidare i dati in tutte le entit\u00e0 per scopi di reporting e dashboarding.","robots":{"index":"index","follow":"follow","max-snippet":"max-snippet:-1","max-image-preview":"max-image-preview:large","max-video-preview":"max-video-preview:-1"},"canonical":"https:\/\/www.accuratereviews.com\/it\/software-intelligenza-artificiale\/prismatic-recensione\/","og_locale":"it_IT","og_type":"article","og_title":"Prismatic: recensione software intelligenza artificiale e finanziaria Accurate Reviews","og_description":"Prismatic : software gestione finanziaria basata sull'AI per consolidare i dati in tutte le entit\u00e0 per scopi di reporting e dashboarding.","og_url":"https:\/\/www.accuratereviews.com\/it\/software-intelligenza-artificiale\/prismatic-recensione\/","og_site_name":"Accurate Reviews","og_image":[{"width":256,"height":256,"url":"https:\/\/www.accuratereviews.com\/wp-content\/uploads\/2024\/11\/Prismatic.webp","type":"image\/webp"}],"twitter_card":"summary_large_image","twitter_misc":{"Tempo di lettura stimato":"5 minuti"},"schema":{"@context":"https:\/\/schema.org","@graph":[{"@type":"WebPage","@id":"https:\/\/www.accuratereviews.com\/it\/software-intelligenza-artificiale\/prismatic-recensione\/","url":"https:\/\/www.accuratereviews.com\/it\/software-intelligenza-artificiale\/prismatic-recensione\/","name":"Prismatic: recensione software intelligenza artificiale e finanziaria Accurate Reviews","isPartOf":{"@id":"https:\/\/www.accuratereviews.com\/it\/#website"},"primaryImageOfPage":{"@id":"https:\/\/www.accuratereviews.com\/it\/software-intelligenza-artificiale\/prismatic-recensione\/#primaryimage"},"image":{"@id":"https:\/\/www.accuratereviews.com\/it\/software-intelligenza-artificiale\/prismatic-recensione\/#primaryimage"},"thumbnailUrl":"https:\/\/www.accuratereviews.com\/wp-content\/uploads\/2024\/11\/Prismatic.webp","datePublished":"2024-11-08T22:01:05+00:00","description":"Prismatic : software gestione finanziaria basata sull'AI per consolidare i dati in tutte le entit\u00e0 per scopi di reporting e dashboarding.","breadcrumb":{"@id":"https:\/\/www.accuratereviews.com\/it\/software-intelligenza-artificiale\/prismatic-recensione\/#breadcrumb"},"inLanguage":"it-IT","potentialAction":[{"@type":"ReadAction","target":["https:\/\/www.accuratereviews.com\/it\/software-intelligenza-artificiale\/prismatic-recensione\/"]}]},{"@type":"ImageObject","inLanguage":"it-IT","@id":"https:\/\/www.accuratereviews.com\/it\/software-intelligenza-artificiale\/prismatic-recensione\/#primaryimage","url":"https:\/\/www.accuratereviews.com\/wp-content\/uploads\/2024\/11\/Prismatic.webp","contentUrl":"https:\/\/www.accuratereviews.com\/wp-content\/uploads\/2024\/11\/Prismatic.webp","width":256,"height":256},{"@type":"BreadcrumbList","@id":"https:\/\/www.accuratereviews.com\/it\/software-intelligenza-artificiale\/prismatic-recensione\/#breadcrumb","itemListElement":[{"@type":"ListItem","position":1,"name":"Home","item":"https:\/\/www.accuratereviews.com\/it\/"},{"@type":"ListItem","position":2,"name":"Software di intelligenza artificiale","item":"https:\/\/www.accuratereviews.com\/it\/software-intelligenza-artificiale\/"},{"@type":"ListItem","position":3,"name":"Prismatic"}]},{"@type":"WebSite","@id":"https:\/\/www.accuratereviews.com\/it\/#website","url":"https:\/\/www.accuratereviews.com\/it\/","name":"Accurate Reviews","description":"","potentialAction":[{"@type":"SearchAction","target":{"@type":"EntryPoint","urlTemplate":"https:\/\/www.accuratereviews.com\/it\/?s={search_term_string}"},"query-input":{"@type":"PropertyValueSpecification","valueRequired":true,"valueName":"search_term_string"}}],"inLanguage":"it-IT"}]}},"_links":{"self":[{"href":"https:\/\/www.accuratereviews.com\/it\/wp-json\/wp\/v2\/pages\/80111","targetHints":{"allow":["GET"]}}],"collection":[{"href":"https:\/\/www.accuratereviews.com\/it\/wp-json\/wp\/v2\/pages"}],"about":[{"href":"https:\/\/www.accuratereviews.com\/it\/wp-json\/wp\/v2\/types\/page"}],"author":[{"embeddable":true,"href":"https:\/\/www.accuratereviews.com\/it\/wp-json\/wp\/v2\/users\/19"}],"replies":[{"embeddable":true,"href":"https:\/\/www.accuratereviews.com\/it\/wp-json\/wp\/v2\/comments?post=80111"}],"version-history":[{"count":5,"href":"https:\/\/www.accuratereviews.com\/it\/wp-json\/wp\/v2\/pages\/80111\/revisions"}],"predecessor-version":[{"id":80136,"href":"https:\/\/www.accuratereviews.com\/it\/wp-json\/wp\/v2\/pages\/80111\/revisions\/80136"}],"up":[{"embeddable":true,"href":"https:\/\/www.accuratereviews.com\/it\/wp-json\/wp\/v2\/pages\/79864"}],"wp:featuredmedia":[{"embeddable":true,"href":"https:\/\/www.accuratereviews.com\/it\/wp-json\/wp\/v2\/media\/80122"}],"wp:attachment":[{"href":"https:\/\/www.accuratereviews.com\/it\/wp-json\/wp\/v2\/media?parent=80111"}],"wp:term":[{"taxonomy":"category","embeddable":true,"href":"https:\/\/www.accuratereviews.com\/it\/wp-json\/wp\/v2\/categories?post=80111"},{"taxonomy":"post_tag","embeddable":true,"href":"https:\/\/www.accuratereviews.com\/it\/wp-json\/wp\/v2\/tags?post=80111"},{"taxonomy":"features","embeddable":true,"href":"https:\/\/www.accuratereviews.com\/it\/wp-json\/wp\/v2\/features?post=80111"}],"curies":[{"name":"wp","href":"https:\/\/api.w.org\/{rel}","templated":true}]}}