{"id":8014,"date":"2017-02-15T15:22:03","date_gmt":"2017-02-15T15:22:03","guid":{"rendered":"http:\/\/www.accuratereviews.com\/i-migliori-text-editor-lista\/code-writer\/"},"modified":"2017-05-03T08:05:41","modified_gmt":"2017-05-03T08:05:41","slug":"code-writer","status":"publish","type":"page","link":"https:\/\/www.accuratereviews.com\/it\/i-migliori-text-editor-lista\/code-writer\/","title":{"rendered":"Code Writer"},"content":{"rendered":"<p><img loading=\"lazy\" decoding=\"async\" class=\"aligncenter size-full wp-image-7984\" src=\"http:\/\/www.accuratereviews.com\/wp-content\/uploads\/2017\/02\/Code-writer.png\" alt=\"Code writer\" width=\"900\" height=\"558\" srcset=\"https:\/\/www.accuratereviews.com\/wp-content\/uploads\/2017\/02\/Code-writer.png 900w, https:\/\/www.accuratereviews.com\/wp-content\/uploads\/2017\/02\/Code-writer-300x186.png 300w, https:\/\/www.accuratereviews.com\/wp-content\/uploads\/2017\/02\/Code-writer-768x476.png 768w, https:\/\/www.accuratereviews.com\/wp-content\/uploads\/2017\/02\/Code-writer-202x125.png 202w, https:\/\/www.accuratereviews.com\/wp-content\/uploads\/2017\/02\/Code-writer-50x31.png 50w, https:\/\/www.accuratereviews.com\/wp-content\/uploads\/2017\/02\/Code-writer-636x394.png 636w, https:\/\/www.accuratereviews.com\/wp-content\/uploads\/2017\/02\/Code-writer-320x198.png 320w, https:\/\/www.accuratereviews.com\/wp-content\/uploads\/2017\/02\/Code-writer-239x148.png 239w\" sizes=\"auto, (max-width: 900px) 100vw, 900px\" \/><\/p>\n<p><strong>L\u2019uscita di Windows 8 fu un po\u2019 uno shock per gli utenti PC<\/strong>. Al posto del familiare pulsante Start, si trovarono davanti le cosiddette \u201cmattonelle\u201d che compongono l\u2019ambiente a riquadri, <strong>lo stile \u201cMetro\u201d pensato per i dispositivi touchscreen<\/strong>. Non fu una sorpresa quando in Windows 8.1 deprecarono alcune di queste scelte stilistiche, arrivando poi a riportare il pulsante Start in Windows 10.<\/p>\n<p>Vedere un text editor che assomiglia a un passato recente che Microsoft stessa vorrebbe dimenticare potrebbe essere una sorpresa, ma \u00e8 quello che hanno fatto i ragazzi di ActiPro, i creatori di <strong>Code Writer<\/strong>. <strong>Aprendo l\u2019app ci troviamo davanti un paio di colonne di mattonelle colorate<\/strong>, che rappresentano diversi tipi di documenti. La selezione inizia con documenti di testo semplice, formattato, e continua con INI, Markdown e Lua, per arrivare a ASP, ASP.NET, Ruby, e altro.<\/p>\n<p><strong>\u00c8 tutto molto bello e colorato, ma gli utenti forse cercheranno un bel pulsante con scritto \u201capri\u201d e un altro che dice \u201csalva\u201d<\/strong>. Come successo a Windows 8 stesso, questa grafica appariscente rovina l\u2019usabilit\u00e0 del software. I colori rimangono una costante dell\u2019app, con una tale variet\u00e0 di sfumature che fanno sembrare la sintassi colorata quasi la tavolozza di un pittore. <strong>Altre funzioni per\u00f2 sono semplici e molto utili<\/strong>.<\/p>\n<p><img loading=\"lazy\" decoding=\"async\" class=\"aligncenter size-full wp-image-7985\" src=\"http:\/\/www.accuratereviews.com\/wp-content\/uploads\/2017\/02\/Code-Writer-2.png\" alt=\"Code Writer\" width=\"900\" height=\"558\" srcset=\"https:\/\/www.accuratereviews.com\/wp-content\/uploads\/2017\/02\/Code-Writer-2.png 900w, https:\/\/www.accuratereviews.com\/wp-content\/uploads\/2017\/02\/Code-Writer-2-300x186.png 300w, https:\/\/www.accuratereviews.com\/wp-content\/uploads\/2017\/02\/Code-Writer-2-768x476.png 768w, https:\/\/www.accuratereviews.com\/wp-content\/uploads\/2017\/02\/Code-Writer-2-202x125.png 202w, https:\/\/www.accuratereviews.com\/wp-content\/uploads\/2017\/02\/Code-Writer-2-50x31.png 50w, https:\/\/www.accuratereviews.com\/wp-content\/uploads\/2017\/02\/Code-Writer-2-636x394.png 636w, https:\/\/www.accuratereviews.com\/wp-content\/uploads\/2017\/02\/Code-Writer-2-320x198.png 320w, https:\/\/www.accuratereviews.com\/wp-content\/uploads\/2017\/02\/Code-Writer-2-239x148.png 239w\" sizes=\"auto, (max-width: 900px) 100vw, 900px\" \/><\/p>\n<p><strong>In fondo allo schermo c\u2019\u00e8 un grande men\u00f9 che permette di trovare in fretta funzionalit\u00e0 e comandi<\/strong>. La possibilit\u00e0 di aprire diversi documenti e scorrerli da una barra a comparsa \u00e8 davvero comodo. La scelta dei temi lascia personalizzare l\u2019app facilmente e permette di creare un ambiente di sviluppo che segua i gusti degli utenti.<\/p>\n<p><strong>Le capacit\u00e0 di editing, per\u00f2, sono abbastanza<\/strong> <strong>limitate.<\/strong> A seconda del linguaggio di programmazione, potrete abbozzare il codice, formattare del testo e correggere automaticamente le maiuscole, ma \u00e8 meglio pensare a Code Writer come a una versione colorata di <a href=\"https:\/\/www.accuratereviews.com\/it\/i-migliori-text-editor-lista\/notepad\/\" target=\"_blank\">Notepad++<\/a>. <strong>Persino il pi\u00f9 parco tra gli sviluppatori penserebbe che integrare GitHub sarebbe stata una buona mossa, cos\u00ec come l\u2019a capo automatico delle linee di testo: ma in Code Writer non troverete niente del genere<\/strong>. D\u2019altro canto, la modalit\u00e0 snap riesce a rendere le anteprime dei documenti semplici e comode, e Code Writer si integra piuttosto bene, in generale, con le app comprate sul Windows Store. Ci sono, ovviamente, le funzioni di editing di base, come Trova e sostituisci.<\/p>\n","protected":false},"excerpt":{"rendered":"<p>Vedere un text editor che assomiglia a un passato recente che Microsoft stessa vorrebbe dimenticare potrebbe essere una sorpresa, ma \u00e8 quello che hanno fatto i ragazzi di ActiPro, i creatori di Code Writer.<\/p>\n","protected":false},"author":16,"featured_media":0,"parent":7660,"menu_order":1,"comment_status":"open","ping_status":"closed","template":"g1_template_page_review_new.php","meta":{"_acf_changed":false,"cwp_meta_box_check":"Yes","cwp_rev_product_name":"","cwp_rev_product_image":"","wppr_links":[],"cwp_rev_price":"","wppr_options":[],"wppr_pros":[],"wppr_cons":[],"_monsterinsights_skip_tracking":false,"_monsterinsights_sitenote_active":false,"_monsterinsights_sitenote_note":"","_monsterinsights_sitenote_category":0,"footnotes":""},"categories":[171],"tags":[],"features":[],"class_list":{"0":"post-8014","1":"page","2":"type-page","3":"status-publish","5":"category-text-editor-it"},"wppr_data":{"cwp_meta_box_check":"Yes","cwp_rev_product_name":"","cwp_rev_product_image":"","cwp_image_link":"image","cwp_rev_price":"","wppr_rating":"0.00"},"acf":[],"yoast_head":"<!-- This site is optimized with the Yoast SEO plugin v27.4 - https:\/\/yoast.com\/product\/yoast-seo-wordpress\/ -->\n<title>Code Writer - Accurate Reviews<\/title>\n<meta name=\"robots\" content=\"index, follow, max-snippet:-1, max-image-preview:large, max-video-preview:-1\" \/>\n<link rel=\"canonical\" href=\"https:\/\/www.accuratereviews.com\/it\/i-migliori-text-editor-lista\/code-writer\/\" \/>\n<meta property=\"og:locale\" content=\"it_IT\" \/>\n<meta property=\"og:type\" content=\"article\" \/>\n<meta property=\"og:title\" content=\"Code Writer - Accurate Reviews\" \/>\n<meta property=\"og:description\" content=\"Vedere un text editor che assomiglia a un passato recente che Microsoft stessa vorrebbe dimenticare potrebbe essere una sorpresa, ma \u00e8 quello che hanno fatto i ragazzi di ActiPro, i creatori di Code Writer.\" \/>\n<meta property=\"og:url\" content=\"https:\/\/www.accuratereviews.com\/it\/i-migliori-text-editor-lista\/code-writer\/\" \/>\n<meta property=\"og:site_name\" content=\"Accurate Reviews\" \/>\n<meta property=\"article:modified_time\" content=\"2017-05-03T08:05:41+00:00\" \/>\n<meta property=\"og:image\" content=\"http:\/\/www.accuratereviews.com\/wp-content\/uploads\/2017\/02\/Code-writer.png\" \/>\n<meta name=\"twitter:card\" content=\"summary_large_image\" \/>\n<meta name=\"twitter:label1\" content=\"Tempo di lettura stimato\" \/>\n\t<meta name=\"twitter:data1\" content=\"2 minuti\" \/>\n<script type=\"application\/ld+json\" class=\"yoast-schema-graph\">{\"@context\":\"https:\\\/\\\/schema.org\",\"@graph\":[{\"@type\":\"WebPage\",\"@id\":\"https:\\\/\\\/www.accuratereviews.com\\\/it\\\/i-migliori-text-editor-lista\\\/code-writer\\\/\",\"url\":\"https:\\\/\\\/www.accuratereviews.com\\\/it\\\/i-migliori-text-editor-lista\\\/code-writer\\\/\",\"name\":\"Code Writer - Accurate Reviews\",\"isPartOf\":{\"@id\":\"https:\\\/\\\/www.accuratereviews.com\\\/it\\\/#website\"},\"primaryImageOfPage\":{\"@id\":\"https:\\\/\\\/www.accuratereviews.com\\\/it\\\/i-migliori-text-editor-lista\\\/code-writer\\\/#primaryimage\"},\"image\":{\"@id\":\"https:\\\/\\\/www.accuratereviews.com\\\/it\\\/i-migliori-text-editor-lista\\\/code-writer\\\/#primaryimage\"},\"thumbnailUrl\":\"http:\\\/\\\/www.accuratereviews.com\\\/wp-content\\\/uploads\\\/2017\\\/02\\\/Code-writer.png\",\"datePublished\":\"2017-02-15T15:22:03+00:00\",\"dateModified\":\"2017-05-03T08:05:41+00:00\",\"breadcrumb\":{\"@id\":\"https:\\\/\\\/www.accuratereviews.com\\\/it\\\/i-migliori-text-editor-lista\\\/code-writer\\\/#breadcrumb\"},\"inLanguage\":\"it-IT\",\"potentialAction\":[{\"@type\":\"ReadAction\",\"target\":[\"https:\\\/\\\/www.accuratereviews.com\\\/it\\\/i-migliori-text-editor-lista\\\/code-writer\\\/\"]}]},{\"@type\":\"ImageObject\",\"inLanguage\":\"it-IT\",\"@id\":\"https:\\\/\\\/www.accuratereviews.com\\\/it\\\/i-migliori-text-editor-lista\\\/code-writer\\\/#primaryimage\",\"url\":\"http:\\\/\\\/www.accuratereviews.com\\\/wp-content\\\/uploads\\\/2017\\\/02\\\/Code-writer.png\",\"contentUrl\":\"http:\\\/\\\/www.accuratereviews.com\\\/wp-content\\\/uploads\\\/2017\\\/02\\\/Code-writer.png\"},{\"@type\":\"BreadcrumbList\",\"@id\":\"https:\\\/\\\/www.accuratereviews.com\\\/it\\\/i-migliori-text-editor-lista\\\/code-writer\\\/#breadcrumb\",\"itemListElement\":[{\"@type\":\"ListItem\",\"position\":1,\"name\":\"Home\",\"item\":\"https:\\\/\\\/www.accuratereviews.com\\\/it\\\/\"},{\"@type\":\"ListItem\",\"position\":2,\"name\":\"I migliori text editor\",\"item\":\"https:\\\/\\\/www.accuratereviews.com\\\/it\\\/i-migliori-text-editor-lista\\\/\"},{\"@type\":\"ListItem\",\"position\":3,\"name\":\"Code Writer\"}]},{\"@type\":\"WebSite\",\"@id\":\"https:\\\/\\\/www.accuratereviews.com\\\/it\\\/#website\",\"url\":\"https:\\\/\\\/www.accuratereviews.com\\\/it\\\/\",\"name\":\"Accurate Reviews\",\"description\":\"\",\"potentialAction\":[{\"@type\":\"SearchAction\",\"target\":{\"@type\":\"EntryPoint\",\"urlTemplate\":\"https:\\\/\\\/www.accuratereviews.com\\\/it\\\/?s={search_term_string}\"},\"query-input\":{\"@type\":\"PropertyValueSpecification\",\"valueRequired\":true,\"valueName\":\"search_term_string\"}}],\"inLanguage\":\"it-IT\"}]}<\/script>\n<!-- \/ Yoast SEO plugin. -->","yoast_head_json":{"title":"Code Writer - Accurate Reviews","robots":{"index":"index","follow":"follow","max-snippet":"max-snippet:-1","max-image-preview":"max-image-preview:large","max-video-preview":"max-video-preview:-1"},"canonical":"https:\/\/www.accuratereviews.com\/it\/i-migliori-text-editor-lista\/code-writer\/","og_locale":"it_IT","og_type":"article","og_title":"Code Writer - Accurate Reviews","og_description":"Vedere un text editor che assomiglia a un passato recente che Microsoft stessa vorrebbe dimenticare potrebbe essere una sorpresa, ma \u00e8 quello che hanno fatto i ragazzi di ActiPro, i creatori di Code Writer.","og_url":"https:\/\/www.accuratereviews.com\/it\/i-migliori-text-editor-lista\/code-writer\/","og_site_name":"Accurate Reviews","article_modified_time":"2017-05-03T08:05:41+00:00","og_image":[{"url":"http:\/\/www.accuratereviews.com\/wp-content\/uploads\/2017\/02\/Code-writer.png","type":"","width":"","height":""}],"twitter_card":"summary_large_image","twitter_misc":{"Tempo di lettura stimato":"2 minuti"},"schema":{"@context":"https:\/\/schema.org","@graph":[{"@type":"WebPage","@id":"https:\/\/www.accuratereviews.com\/it\/i-migliori-text-editor-lista\/code-writer\/","url":"https:\/\/www.accuratereviews.com\/it\/i-migliori-text-editor-lista\/code-writer\/","name":"Code Writer - Accurate Reviews","isPartOf":{"@id":"https:\/\/www.accuratereviews.com\/it\/#website"},"primaryImageOfPage":{"@id":"https:\/\/www.accuratereviews.com\/it\/i-migliori-text-editor-lista\/code-writer\/#primaryimage"},"image":{"@id":"https:\/\/www.accuratereviews.com\/it\/i-migliori-text-editor-lista\/code-writer\/#primaryimage"},"thumbnailUrl":"http:\/\/www.accuratereviews.com\/wp-content\/uploads\/2017\/02\/Code-writer.png","datePublished":"2017-02-15T15:22:03+00:00","dateModified":"2017-05-03T08:05:41+00:00","breadcrumb":{"@id":"https:\/\/www.accuratereviews.com\/it\/i-migliori-text-editor-lista\/code-writer\/#breadcrumb"},"inLanguage":"it-IT","potentialAction":[{"@type":"ReadAction","target":["https:\/\/www.accuratereviews.com\/it\/i-migliori-text-editor-lista\/code-writer\/"]}]},{"@type":"ImageObject","inLanguage":"it-IT","@id":"https:\/\/www.accuratereviews.com\/it\/i-migliori-text-editor-lista\/code-writer\/#primaryimage","url":"http:\/\/www.accuratereviews.com\/wp-content\/uploads\/2017\/02\/Code-writer.png","contentUrl":"http:\/\/www.accuratereviews.com\/wp-content\/uploads\/2017\/02\/Code-writer.png"},{"@type":"BreadcrumbList","@id":"https:\/\/www.accuratereviews.com\/it\/i-migliori-text-editor-lista\/code-writer\/#breadcrumb","itemListElement":[{"@type":"ListItem","position":1,"name":"Home","item":"https:\/\/www.accuratereviews.com\/it\/"},{"@type":"ListItem","position":2,"name":"I migliori text editor","item":"https:\/\/www.accuratereviews.com\/it\/i-migliori-text-editor-lista\/"},{"@type":"ListItem","position":3,"name":"Code Writer"}]},{"@type":"WebSite","@id":"https:\/\/www.accuratereviews.com\/it\/#website","url":"https:\/\/www.accuratereviews.com\/it\/","name":"Accurate Reviews","description":"","potentialAction":[{"@type":"SearchAction","target":{"@type":"EntryPoint","urlTemplate":"https:\/\/www.accuratereviews.com\/it\/?s={search_term_string}"},"query-input":{"@type":"PropertyValueSpecification","valueRequired":true,"valueName":"search_term_string"}}],"inLanguage":"it-IT"}]}},"_links":{"self":[{"href":"https:\/\/www.accuratereviews.com\/it\/wp-json\/wp\/v2\/pages\/8014","targetHints":{"allow":["GET"]}}],"collection":[{"href":"https:\/\/www.accuratereviews.com\/it\/wp-json\/wp\/v2\/pages"}],"about":[{"href":"https:\/\/www.accuratereviews.com\/it\/wp-json\/wp\/v2\/types\/page"}],"author":[{"embeddable":true,"href":"https:\/\/www.accuratereviews.com\/it\/wp-json\/wp\/v2\/users\/16"}],"replies":[{"embeddable":true,"href":"https:\/\/www.accuratereviews.com\/it\/wp-json\/wp\/v2\/comments?post=8014"}],"version-history":[{"count":4,"href":"https:\/\/www.accuratereviews.com\/it\/wp-json\/wp\/v2\/pages\/8014\/revisions"}],"predecessor-version":[{"id":9249,"href":"https:\/\/www.accuratereviews.com\/it\/wp-json\/wp\/v2\/pages\/8014\/revisions\/9249"}],"up":[{"embeddable":true,"href":"https:\/\/www.accuratereviews.com\/it\/wp-json\/wp\/v2\/pages\/7660"}],"wp:attachment":[{"href":"https:\/\/www.accuratereviews.com\/it\/wp-json\/wp\/v2\/media?parent=8014"}],"wp:term":[{"taxonomy":"category","embeddable":true,"href":"https:\/\/www.accuratereviews.com\/it\/wp-json\/wp\/v2\/categories?post=8014"},{"taxonomy":"post_tag","embeddable":true,"href":"https:\/\/www.accuratereviews.com\/it\/wp-json\/wp\/v2\/tags?post=8014"},{"taxonomy":"features","embeddable":true,"href":"https:\/\/www.accuratereviews.com\/it\/wp-json\/wp\/v2\/features?post=8014"}],"curies":[{"name":"wp","href":"https:\/\/api.w.org\/{rel}","templated":true}]}}