{"id":80189,"date":"2024-11-11T18:13:12","date_gmt":"2024-11-11T18:13:12","guid":{"rendered":"https:\/\/www.accuratereviews.com\/?page_id=80189"},"modified":"2024-11-12T10:36:11","modified_gmt":"2024-11-12T10:36:11","slug":"crystal-recensione","status":"publish","type":"page","link":"https:\/\/www.accuratereviews.com\/it\/software-intelligenza-artificiale\/crystal-recensione\/","title":{"rendered":"Crystal"},"content":{"rendered":"<p><strong>Crystal<\/strong> \u00e8 uno strumento di Decision Intelligence che sfrutta <strong>l&#8217;intelligenza artificiale<\/strong> per analizzare i dati aziendali in linguaggio naturale, proprio come parlare con un collega. Ti consente di collegare le tue fonti di dati e porre domande tramite testo o voce da una singola barra di input, diventando un &#8220;cervello virtuale&#8221; con cui tutti in azienda possono interagire.<br \/>\nProgettata per numeri e analisi, la tecnologia di base della soluzione fornisce informazioni affidabili e certificate, garantendo la massima privacy e sicurezza per i tuoi dati aziendali. Aiuta anche a promuovere una vera cultura basata sui dati all&#8217;interno della tua organizzazione, poich\u00e9 \u00e8 progettato per essere <strong>semplice, intuitivo e accessibile<\/strong> a tutti in azienda, non solo a coloro che hanno competenze tecniche sui dati. Pu\u00f2 monitorare in modo proattivo i dati per identificare eventi di interesse, tendenze e anomalie, consentendoti di prendere decisioni intelligenti.<\/p>\n<h2>CRYSTAL &#8211; TUTORIAL<\/h2>\n<div class=\"wp-video\" style=\"max-width:640px;\"><video class=\"wp-video-shortcode\" width=\"640\" height=\"360\" controls autoplay muted playsinline preload=\"auto\"><source src=\"https:\/\/secure.igenius.ai\/Product+Marketing+Team\/Official+Crystal+Videos\/Crystal+Short+Videos\/Short+Video+-+Analyze+(Eng)+Website+Square.mp4\" type=\"video\/mp4\"><\/video><\/div>\n<h3>CRYSTAL &#8211; CARATTERISTICHE<\/h3>\n<ul>\n<li><strong>Analisi conversazionale:<\/strong> nell&#8217;ambito dell&#8217;analisi e dell&#8217;esplorazione dei dati, il programma va oltre la complessit\u00e0 tecnica e consente a tutti di interagire con i dati aziendali in linguaggio naturale. Fornisce le informazioni di cui hai bisogno, proprio come se stessi parlando con un collega.<\/li>\n<li><strong>Linguaggio aziendale<\/strong>: comprende le richieste aziendali e fornisce risposte chiare e attuabili, trasformando le tue dashboard e report in conversazioni intuitive.<\/li>\n<li><strong>Numeri affidabili:<\/strong> grazie alla sua tecnologia proprietaria, sviluppata da iGenius, e a un processo di configurazione unico, la soluzione fornisce numeri e analisi di cui ti puoi fidare.<\/li>\n<li><strong>Console senza codice<\/strong>: immagina di configurare un sistema di Business Intelligence senza competenze tecniche avanzate o un team di dati dedicato. La console senza codice riduce significativamente i tempi di apprendimento e integrazione, rendendo la Business Intelligence accessibile a tutti.<\/li>\n<li><strong>Esperienza di BI consumerizzata<\/strong>: l&#8217;esperienza dell&#8217;app va oltre la Business Intelligence tradizionale. \u00c8 progettata pensando al &#8220;consumatore&#8221; di dati, ovvero le persone che utilizzano i dati ogni giorno per prendere decisioni. Grazie alla sua interfaccia utente intuitiva \u00e8 accessibile a tutti in azienda.<\/li>\n<li><strong>Integrazione multi-sorgente<\/strong>: grazie alla sua capacit\u00e0 di connettersi a database, BI e strumenti API tramite un unico punto di accesso, ti consente di navigare facilmente tra tutte le tue fonti dati senza correre il rischio di informazioni obsolete o errate. L&#8217;obiettivo \u00e8 chiaro: centralizzare e semplificare l&#8217;accesso ai dati aziendali, garantendo versatilit\u00e0 e aggiornamenti costanti.<\/li>\n<li><strong>Approfondimenti basati sull&#8217;intelligenza artificiale<\/strong>: grazie all&#8217;intelligenza artificiale semplifica il processo di analisi e navigazione dei dati, rivelando eventi di interesse, tendenze e anomalie ed evidenziando aspetti della tua attivit\u00e0 che altrimenti potrebbero passare inosservati.<\/li>\n<\/ul>\n<h4>LE RECENSIONI DEGLI UTENTI<\/h4>\n<p><strong>Carlotta &#8220;Un nuovo componente del team&#8221;<\/strong><br \/>\n<strong>Commenti<\/strong>: Un virtual advisor che ci supporta nella presa di decisione consapevole basata sui dati<br \/>\n<strong>Pro<\/strong>: Il software \u00e8 di facile utilizzo, \u00e8 molto utile per analisi globali e trasversali. Un unico punto di accesso ai dati aziendali che risiedono in Database diversi.<br \/>\n<strong>Contro<\/strong>: Per usarlo efficacemente deve essere fatto un lavoro di razionalizzazione dei dati per evitare fraintendimenti quando gli utenti pongono le domande<\/p>\n<p><strong>Francesca &#8220;L&#8217;assistente digitale che aiuta a monitorare il business&#8221;<\/strong><br \/>\n<strong>Pro<\/strong>: Crystal \u00e8 l&#8217;assistente digitale che aiuta gli utenti a monitorare il proprio business. Si caratterizza per una parte, attivabile con comando vocale e che quindi pu\u00f2 essere utilizzata soprattutto in mobilit\u00e0 e una sezione dedicata alla Dashboard. La visualizzazione dei KPIs \u00e8 immediata, grazie ad una grafica semplice ed attraente che permette a chi lo interroga di avere una visione d&#8217;insieme del proprio business in una manciata di secondi. Un sistema di notifiche intelligenti mantiene l&#8217;utente aggiornato sulle evoluzioni del proprio business e fornisce spunti per migliorare i singoli KPIS attraverso la fase di pianificazione.<br \/>\n<strong>Contro<\/strong>: Nella fase iniziale di adozione dello strumento \u00e8 necessario &#8220;educarlo&#8221; alla comprensione dei termini specifici del business in cui adottato.<\/p>\n","protected":false},"excerpt":{"rendered":"<p>Crystal \u00e8 uno strumento di Decision Intelligence che sfrutta l&#8217;intelligenza artificiale per analizzare i dati aziendali in linguaggio naturale, proprio come parlare con un collega. Ti consente di collegare le tue fonti di dati e porre domande tramite testo o voce da una singola barra di input, diventando un &#8220;cervello virtuale&#8221; con cui tutti in azienda possono interagire<\/p>\n","protected":false},"author":19,"featured_media":80192,"parent":79864,"menu_order":0,"comment_status":"open","ping_status":"closed","template":"g1_template_page_review_new.php","meta":{"_acf_changed":false,"cwp_meta_box_check":"No","cwp_rev_product_name":"","cwp_rev_product_image":"","wppr_links":[],"cwp_rev_price":"","wppr_options":[],"wppr_pros":[],"wppr_cons":[],"_monsterinsights_skip_tracking":false,"_monsterinsights_sitenote_active":false,"_monsterinsights_sitenote_note":"","_monsterinsights_sitenote_category":0,"footnotes":""},"categories":[15435],"tags":[15509,998,15441,15440,15479,15480],"features":[],"class_list":{"0":"post-80189","1":"page","2":"type-page","3":"status-publish","4":"has-post-thumbnail","6":"category-software-intelligenza-artificiale-cat","7":"tag-crystal","8":"tag-intelligenza-artificiale","9":"tag-piattaforma-intelligenza-artificiale","10":"tag-programma-intelligenza-artificiale","11":"tag-software-intelligenza-artificiale","12":"tag-soluzione-intelligenza-artificiale"},"wppr_data":{"cwp_meta_box_check":"No"},"acf":[],"yoast_head":"<!-- This site is optimized with the Yoast SEO plugin v27.4 - https:\/\/yoast.com\/product\/yoast-seo-wordpress\/ -->\n<title>Crystal: recensione software intelligenza artificiale - Accurate Reviews<\/title>\n<meta name=\"description\" content=\"Crystal: recensione soluzione di Decision Intelligence che sfrutta l&#039;AI per analizzare i dati aziendali in linguaggio naturale\" \/>\n<meta name=\"robots\" content=\"index, follow, max-snippet:-1, max-image-preview:large, max-video-preview:-1\" \/>\n<link rel=\"canonical\" href=\"https:\/\/www.accuratereviews.com\/it\/software-intelligenza-artificiale\/crystal-recensione\/\" \/>\n<meta property=\"og:locale\" content=\"it_IT\" \/>\n<meta property=\"og:type\" content=\"article\" \/>\n<meta property=\"og:title\" content=\"Crystal: recensione software intelligenza artificiale - Accurate Reviews\" \/>\n<meta property=\"og:description\" content=\"Crystal: recensione soluzione di Decision Intelligence che sfrutta l&#039;AI per analizzare i dati aziendali in linguaggio naturale\" \/>\n<meta property=\"og:url\" content=\"https:\/\/www.accuratereviews.com\/it\/software-intelligenza-artificiale\/crystal-recensione\/\" \/>\n<meta property=\"og:site_name\" content=\"Accurate Reviews\" \/>\n<meta property=\"article:modified_time\" content=\"2024-11-12T10:36:11+00:00\" \/>\n<meta property=\"og:image\" content=\"https:\/\/www.accuratereviews.com\/wp-content\/uploads\/2024\/11\/Screenshot-2024-11-11-alle-11.06.25.png\" \/>\n\t<meta property=\"og:image:width\" content=\"492\" \/>\n\t<meta property=\"og:image:height\" content=\"284\" \/>\n\t<meta property=\"og:image:type\" content=\"image\/png\" \/>\n<meta name=\"twitter:card\" content=\"summary_large_image\" \/>\n<meta name=\"twitter:label1\" content=\"Tempo di lettura stimato\" \/>\n\t<meta name=\"twitter:data1\" content=\"5 minuti\" \/>\n<script type=\"application\/ld+json\" class=\"yoast-schema-graph\">{\"@context\":\"https:\\\/\\\/schema.org\",\"@graph\":[{\"@type\":\"WebPage\",\"@id\":\"https:\\\/\\\/www.accuratereviews.com\\\/it\\\/software-intelligenza-artificiale\\\/crystal-recensione\\\/\",\"url\":\"https:\\\/\\\/www.accuratereviews.com\\\/it\\\/software-intelligenza-artificiale\\\/crystal-recensione\\\/\",\"name\":\"Crystal: recensione software intelligenza artificiale - Accurate Reviews\",\"isPartOf\":{\"@id\":\"https:\\\/\\\/www.accuratereviews.com\\\/it\\\/#website\"},\"primaryImageOfPage\":{\"@id\":\"https:\\\/\\\/www.accuratereviews.com\\\/it\\\/software-intelligenza-artificiale\\\/crystal-recensione\\\/#primaryimage\"},\"image\":{\"@id\":\"https:\\\/\\\/www.accuratereviews.com\\\/it\\\/software-intelligenza-artificiale\\\/crystal-recensione\\\/#primaryimage\"},\"thumbnailUrl\":\"https:\\\/\\\/www.accuratereviews.com\\\/wp-content\\\/uploads\\\/2024\\\/11\\\/Screenshot-2024-11-11-alle-11.06.25.png\",\"datePublished\":\"2024-11-11T18:13:12+00:00\",\"dateModified\":\"2024-11-12T10:36:11+00:00\",\"description\":\"Crystal: recensione soluzione di Decision Intelligence che sfrutta l'AI per analizzare i dati aziendali in linguaggio naturale\",\"breadcrumb\":{\"@id\":\"https:\\\/\\\/www.accuratereviews.com\\\/it\\\/software-intelligenza-artificiale\\\/crystal-recensione\\\/#breadcrumb\"},\"inLanguage\":\"it-IT\",\"potentialAction\":[{\"@type\":\"ReadAction\",\"target\":[\"https:\\\/\\\/www.accuratereviews.com\\\/it\\\/software-intelligenza-artificiale\\\/crystal-recensione\\\/\"]}]},{\"@type\":\"ImageObject\",\"inLanguage\":\"it-IT\",\"@id\":\"https:\\\/\\\/www.accuratereviews.com\\\/it\\\/software-intelligenza-artificiale\\\/crystal-recensione\\\/#primaryimage\",\"url\":\"https:\\\/\\\/www.accuratereviews.com\\\/wp-content\\\/uploads\\\/2024\\\/11\\\/Screenshot-2024-11-11-alle-11.06.25.png\",\"contentUrl\":\"https:\\\/\\\/www.accuratereviews.com\\\/wp-content\\\/uploads\\\/2024\\\/11\\\/Screenshot-2024-11-11-alle-11.06.25.png\",\"width\":492,\"height\":284},{\"@type\":\"BreadcrumbList\",\"@id\":\"https:\\\/\\\/www.accuratereviews.com\\\/it\\\/software-intelligenza-artificiale\\\/crystal-recensione\\\/#breadcrumb\",\"itemListElement\":[{\"@type\":\"ListItem\",\"position\":1,\"name\":\"Home\",\"item\":\"https:\\\/\\\/www.accuratereviews.com\\\/it\\\/\"},{\"@type\":\"ListItem\",\"position\":2,\"name\":\"Software di intelligenza artificiale\",\"item\":\"https:\\\/\\\/www.accuratereviews.com\\\/it\\\/software-intelligenza-artificiale\\\/\"},{\"@type\":\"ListItem\",\"position\":3,\"name\":\"Crystal\"}]},{\"@type\":\"WebSite\",\"@id\":\"https:\\\/\\\/www.accuratereviews.com\\\/it\\\/#website\",\"url\":\"https:\\\/\\\/www.accuratereviews.com\\\/it\\\/\",\"name\":\"Accurate Reviews\",\"description\":\"\",\"potentialAction\":[{\"@type\":\"SearchAction\",\"target\":{\"@type\":\"EntryPoint\",\"urlTemplate\":\"https:\\\/\\\/www.accuratereviews.com\\\/it\\\/?s={search_term_string}\"},\"query-input\":{\"@type\":\"PropertyValueSpecification\",\"valueRequired\":true,\"valueName\":\"search_term_string\"}}],\"inLanguage\":\"it-IT\"}]}<\/script>\n<!-- \/ Yoast SEO plugin. -->","yoast_head_json":{"title":"Crystal: recensione software intelligenza artificiale - Accurate Reviews","description":"Crystal: recensione soluzione di Decision Intelligence che sfrutta l'AI per analizzare i dati aziendali in linguaggio naturale","robots":{"index":"index","follow":"follow","max-snippet":"max-snippet:-1","max-image-preview":"max-image-preview:large","max-video-preview":"max-video-preview:-1"},"canonical":"https:\/\/www.accuratereviews.com\/it\/software-intelligenza-artificiale\/crystal-recensione\/","og_locale":"it_IT","og_type":"article","og_title":"Crystal: recensione software intelligenza artificiale - Accurate Reviews","og_description":"Crystal: recensione soluzione di Decision Intelligence che sfrutta l'AI per analizzare i dati aziendali in linguaggio naturale","og_url":"https:\/\/www.accuratereviews.com\/it\/software-intelligenza-artificiale\/crystal-recensione\/","og_site_name":"Accurate Reviews","article_modified_time":"2024-11-12T10:36:11+00:00","og_image":[{"width":492,"height":284,"url":"https:\/\/www.accuratereviews.com\/wp-content\/uploads\/2024\/11\/Screenshot-2024-11-11-alle-11.06.25.png","type":"image\/png"}],"twitter_card":"summary_large_image","twitter_misc":{"Tempo di lettura stimato":"5 minuti"},"schema":{"@context":"https:\/\/schema.org","@graph":[{"@type":"WebPage","@id":"https:\/\/www.accuratereviews.com\/it\/software-intelligenza-artificiale\/crystal-recensione\/","url":"https:\/\/www.accuratereviews.com\/it\/software-intelligenza-artificiale\/crystal-recensione\/","name":"Crystal: recensione software intelligenza artificiale - Accurate Reviews","isPartOf":{"@id":"https:\/\/www.accuratereviews.com\/it\/#website"},"primaryImageOfPage":{"@id":"https:\/\/www.accuratereviews.com\/it\/software-intelligenza-artificiale\/crystal-recensione\/#primaryimage"},"image":{"@id":"https:\/\/www.accuratereviews.com\/it\/software-intelligenza-artificiale\/crystal-recensione\/#primaryimage"},"thumbnailUrl":"https:\/\/www.accuratereviews.com\/wp-content\/uploads\/2024\/11\/Screenshot-2024-11-11-alle-11.06.25.png","datePublished":"2024-11-11T18:13:12+00:00","dateModified":"2024-11-12T10:36:11+00:00","description":"Crystal: recensione soluzione di Decision Intelligence che sfrutta l'AI per analizzare i dati aziendali in linguaggio naturale","breadcrumb":{"@id":"https:\/\/www.accuratereviews.com\/it\/software-intelligenza-artificiale\/crystal-recensione\/#breadcrumb"},"inLanguage":"it-IT","potentialAction":[{"@type":"ReadAction","target":["https:\/\/www.accuratereviews.com\/it\/software-intelligenza-artificiale\/crystal-recensione\/"]}]},{"@type":"ImageObject","inLanguage":"it-IT","@id":"https:\/\/www.accuratereviews.com\/it\/software-intelligenza-artificiale\/crystal-recensione\/#primaryimage","url":"https:\/\/www.accuratereviews.com\/wp-content\/uploads\/2024\/11\/Screenshot-2024-11-11-alle-11.06.25.png","contentUrl":"https:\/\/www.accuratereviews.com\/wp-content\/uploads\/2024\/11\/Screenshot-2024-11-11-alle-11.06.25.png","width":492,"height":284},{"@type":"BreadcrumbList","@id":"https:\/\/www.accuratereviews.com\/it\/software-intelligenza-artificiale\/crystal-recensione\/#breadcrumb","itemListElement":[{"@type":"ListItem","position":1,"name":"Home","item":"https:\/\/www.accuratereviews.com\/it\/"},{"@type":"ListItem","position":2,"name":"Software di intelligenza artificiale","item":"https:\/\/www.accuratereviews.com\/it\/software-intelligenza-artificiale\/"},{"@type":"ListItem","position":3,"name":"Crystal"}]},{"@type":"WebSite","@id":"https:\/\/www.accuratereviews.com\/it\/#website","url":"https:\/\/www.accuratereviews.com\/it\/","name":"Accurate Reviews","description":"","potentialAction":[{"@type":"SearchAction","target":{"@type":"EntryPoint","urlTemplate":"https:\/\/www.accuratereviews.com\/it\/?s={search_term_string}"},"query-input":{"@type":"PropertyValueSpecification","valueRequired":true,"valueName":"search_term_string"}}],"inLanguage":"it-IT"}]}},"_links":{"self":[{"href":"https:\/\/www.accuratereviews.com\/it\/wp-json\/wp\/v2\/pages\/80189","targetHints":{"allow":["GET"]}}],"collection":[{"href":"https:\/\/www.accuratereviews.com\/it\/wp-json\/wp\/v2\/pages"}],"about":[{"href":"https:\/\/www.accuratereviews.com\/it\/wp-json\/wp\/v2\/types\/page"}],"author":[{"embeddable":true,"href":"https:\/\/www.accuratereviews.com\/it\/wp-json\/wp\/v2\/users\/19"}],"replies":[{"embeddable":true,"href":"https:\/\/www.accuratereviews.com\/it\/wp-json\/wp\/v2\/comments?post=80189"}],"version-history":[{"count":9,"href":"https:\/\/www.accuratereviews.com\/it\/wp-json\/wp\/v2\/pages\/80189\/revisions"}],"predecessor-version":[{"id":80245,"href":"https:\/\/www.accuratereviews.com\/it\/wp-json\/wp\/v2\/pages\/80189\/revisions\/80245"}],"up":[{"embeddable":true,"href":"https:\/\/www.accuratereviews.com\/it\/wp-json\/wp\/v2\/pages\/79864"}],"wp:featuredmedia":[{"embeddable":true,"href":"https:\/\/www.accuratereviews.com\/it\/wp-json\/wp\/v2\/media\/80192"}],"wp:attachment":[{"href":"https:\/\/www.accuratereviews.com\/it\/wp-json\/wp\/v2\/media?parent=80189"}],"wp:term":[{"taxonomy":"category","embeddable":true,"href":"https:\/\/www.accuratereviews.com\/it\/wp-json\/wp\/v2\/categories?post=80189"},{"taxonomy":"post_tag","embeddable":true,"href":"https:\/\/www.accuratereviews.com\/it\/wp-json\/wp\/v2\/tags?post=80189"},{"taxonomy":"features","embeddable":true,"href":"https:\/\/www.accuratereviews.com\/it\/wp-json\/wp\/v2\/features?post=80189"}],"curies":[{"name":"wp","href":"https:\/\/api.w.org\/{rel}","templated":true}]}}