{"id":80254,"date":"2024-11-12T19:08:39","date_gmt":"2024-11-12T19:08:39","guid":{"rendered":"https:\/\/www.accuratereviews.com\/?page_id=80254"},"modified":"2024-11-18T11:27:20","modified_gmt":"2024-11-18T11:27:20","slug":"zoom-recensione","status":"publish","type":"page","link":"https:\/\/www.accuratereviews.com\/it\/software-videoconferenze\/zoom-recensione\/","title":{"rendered":"Zoom"},"content":{"rendered":"<p><strong>Zoom<\/strong> \u00e8 un <strong>software di videoconferenza<\/strong> ampiamente utilizzato per la sua semplicit\u00e0 e per le funzionalit\u00e0 avanzate, che lo rendono adatto a team di tutte le dimensioni, dalle piccole startup alle grandi imprese. Il programma permette di gestire riunioni virtuali, webinar e sessioni collaborative, con un&#8217;interfaccia intuitiva e una qualit\u00e0 audio e video elevata.<br \/>\nDisponibile su desktop e mobile, <strong>Zoom<\/strong> offre anche una vasta gamma di opzioni di personalizzazione per ottimizzare l&#8217;esperienza degli utenti, oltre all\u2019integrazione con strumenti aziendali come Slack e Google Calendar.<\/p>\n<h2>ZOOM &#8211; TUTORIAL<\/h2>\n<div id=\"fluid-wrapper-counter-1\" class=\"g1-fluid-wrapper \" style=\"width:686px;\">\n<div style=\"padding-bottom:56.268221574344%;\"><iframe loading=\"lazy\" title=\"Zoom Meeting | VIDEO TUTORIAL DI BASE (Italiano)\" width=\"686\" height=\"386\" src=\"https:\/\/www.youtube.com\/embed\/8i0SZI0q2tY?feature=oembed&amp;wmode=transparent&amp;autohide=1&amp;autoplay=0&amp;disablekb=0&amp;fs=1&amp;loop=0&amp;enablejsapi=1&amp;rel=0&amp;controls=2&amp;showinfo=0&amp;wmode=transparent&amp;autohide=2&amp;autoplay=0&amp;disablekb=0&amp;fs=1&amp;loop=0&amp;enablejsapi=1&amp;rel=0&amp;controls=2&amp;showinfo=1\" frameborder=\"0\" allow=\"accelerometer; autoplay; clipboard-write; encrypted-media; gyroscope; picture-in-picture; web-share\" referrerpolicy=\"strict-origin-when-cross-origin\" allowfullscreen><\/iframe><\/div>\n<\/div>\n<h3>ZOOM &#8211; CARATTERISTICHE<\/h3>\n<ul>\n<li><strong>Audio e video HD<\/strong> per una comunicazione chiara e stabile<\/li>\n<li><strong>Registrazione delle riunioni<\/strong> per condividerle o consultarle in un secondo momento<\/li>\n<li><strong>Lavagna virtuale<\/strong> per brainstorming e collaborazione<\/li>\n<li><strong>Integrazione con app di terze parti<\/strong> per migliorare la gestione delle riunioni<\/li>\n<li><strong>Breakout rooms<\/strong> per suddividere i partecipanti in gruppi pi\u00f9 piccoli.<\/li>\n<\/ul>\n<h4>LE RECENSIONI DEGLI UTENTI<\/h4>\n<p><strong>Giuseppe &#8220;Piattaforma per videoconferenze leggera e produttiva, di semplice utilizzo&#8221;<\/strong><br \/>\nCommenti: Indispensabile durante la pandemia per rapide riunioni online anche tra molti utenti, \u00e8 stato poi mantenuto per la facilit\u00e0 di utilizzo e la leggerezza. L&#8217;integrazione con Google calendar \u00e8 estremamente funzionale, peccato la risoluzione video non eccezionale.<br \/>\nPro: Facilit\u00e0 di utilizzo, software molto leggero e veloce, necessita di minime conoscenze, ideale anche per utenti poco esperti. Ottima condivisione del desktop e utile supporto di Google calendar.<br \/>\nContro: Qualche problema saltuario con allegati pesanti, moderazione mancante dei commenti, risoluzione standard sotto la media.<\/p>\n<p><strong>Francesco &#8220;Utile per call online&#8221;<\/strong><br \/>\nPro: Permette di fare videocall e meeting online sia internamente all&#8217;azienda che con i clienti. tra i principali vantaggi la facilit\u00e0 d&#8217;uso e le molte funzionalit\u00e0 come condivisione schermo, chat integrata e possibilit\u00e0 di sfocare lo sfondo o personalizzarlo. Integrabile con outlook per programmare riunioni e gestire il proprio calendario call.<br \/>\nContro: Non ho riscontrato problematiche rilevanti.<\/p>\n<p><strong>Benedetta &#8220;Decisamente il migliore!&#8221;<\/strong><br \/>\nCommenti: Esperienza ottima!<br \/>\nPro: Veloce, intuitivo e performante!Ottima la possibilit\u00e0 di suddividere i partecipanti in gruppi<br \/>\nContro: Al momento non ho trovato alcun inconveniente.<\/p>\n","protected":false},"excerpt":{"rendered":"<p>Zoom \u00e8 un software di videoconferenza ampiamente utilizzato per la sua semplicit\u00e0 e per le funzionalit\u00e0 avanzate, che lo rendono adatto a team di tutte le dimensioni, dalle piccole startup alle grandi imprese. Il programma permette di gestire riunioni virtuali, webinar e sessioni collaborative, con un&#8217;interfaccia intuitiva e una qualit\u00e0 audio e video elevata.<\/p>\n","protected":false},"author":17,"featured_media":80255,"parent":80267,"menu_order":0,"comment_status":"open","ping_status":"closed","template":"g1_template_page_review_new.php","meta":{"_acf_changed":false,"cwp_meta_box_check":"No","cwp_rev_product_name":"","cwp_rev_product_image":"","wppr_links":[],"cwp_rev_price":"","wppr_options":[],"wppr_pros":[],"wppr_cons":[],"_monsterinsights_skip_tracking":false,"_monsterinsights_sitenote_active":false,"_monsterinsights_sitenote_note":"","_monsterinsights_sitenote_category":0,"footnotes":""},"categories":[15524],"tags":[15531,15530,15523,15521,15522,15529,15520,11810],"features":[],"class_list":{"0":"post-80254","1":"page","2":"type-page","3":"status-publish","4":"has-post-thumbnail","6":"category-software-videoconferenze-cat","7":"tag-app-videoconferenze","8":"tag-piattaforma-videoconferenze","9":"tag-programma-videoconferenze","10":"tag-riunioni-online","11":"tag-software-videoconferenze","12":"tag-soluzione-videoconferenze","13":"tag-videoconferenze-online","14":"tag-zoom"},"wppr_data":{"cwp_meta_box_check":"No"},"acf":[],"yoast_head":"<!-- This site is optimized with the Yoast SEO plugin v27.4 - https:\/\/yoast.com\/product\/yoast-seo-wordpress\/ -->\n<title>Zoom: recensione software videoconferenze online - Accurate Reviews<\/title>\n<meta name=\"description\" content=\"Zoom: recensione software di videoconferenza ampiamente utilizzato per la sua semplicit\u00e0 e per le funzionalit\u00e0 avanzate.\" \/>\n<meta name=\"robots\" content=\"index, follow, max-snippet:-1, max-image-preview:large, max-video-preview:-1\" \/>\n<link rel=\"canonical\" href=\"https:\/\/www.accuratereviews.com\/it\/software-videoconferenze\/zoom-recensione\/\" \/>\n<meta property=\"og:locale\" content=\"it_IT\" \/>\n<meta property=\"og:type\" content=\"article\" \/>\n<meta property=\"og:title\" content=\"Zoom: recensione software videoconferenze online - Accurate Reviews\" \/>\n<meta property=\"og:description\" content=\"Zoom: recensione software di videoconferenza ampiamente utilizzato per la sua semplicit\u00e0 e per le funzionalit\u00e0 avanzate.\" \/>\n<meta property=\"og:url\" content=\"https:\/\/www.accuratereviews.com\/it\/software-videoconferenze\/zoom-recensione\/\" \/>\n<meta property=\"og:site_name\" content=\"Accurate Reviews\" \/>\n<meta property=\"article:modified_time\" content=\"2024-11-18T11:27:20+00:00\" \/>\n<meta name=\"twitter:card\" content=\"summary_large_image\" \/>\n<meta name=\"twitter:label1\" content=\"Tempo di lettura stimato\" \/>\n\t<meta name=\"twitter:data1\" content=\"3 minuti\" \/>\n<script type=\"application\/ld+json\" class=\"yoast-schema-graph\">{\"@context\":\"https:\\\/\\\/schema.org\",\"@graph\":[{\"@type\":\"WebPage\",\"@id\":\"https:\\\/\\\/www.accuratereviews.com\\\/it\\\/software-videoconferenze\\\/zoom-recensione\\\/\",\"url\":\"https:\\\/\\\/www.accuratereviews.com\\\/it\\\/software-videoconferenze\\\/zoom-recensione\\\/\",\"name\":\"Zoom: recensione software videoconferenze online - Accurate Reviews\",\"isPartOf\":{\"@id\":\"https:\\\/\\\/www.accuratereviews.com\\\/it\\\/#website\"},\"primaryImageOfPage\":{\"@id\":\"https:\\\/\\\/www.accuratereviews.com\\\/it\\\/software-videoconferenze\\\/zoom-recensione\\\/#primaryimage\"},\"image\":{\"@id\":\"https:\\\/\\\/www.accuratereviews.com\\\/it\\\/software-videoconferenze\\\/zoom-recensione\\\/#primaryimage\"},\"thumbnailUrl\":\"https:\\\/\\\/www.accuratereviews.com\\\/wp-content\\\/uploads\\\/2024\\\/11\\\/logo-della-riunione-zoom_628407-1899.avif\",\"datePublished\":\"2024-11-12T19:08:39+00:00\",\"dateModified\":\"2024-11-18T11:27:20+00:00\",\"description\":\"Zoom: recensione software di videoconferenza ampiamente utilizzato per la sua semplicit\u00e0 e per le funzionalit\u00e0 avanzate.\",\"breadcrumb\":{\"@id\":\"https:\\\/\\\/www.accuratereviews.com\\\/it\\\/software-videoconferenze\\\/zoom-recensione\\\/#breadcrumb\"},\"inLanguage\":\"it-IT\",\"potentialAction\":[{\"@type\":\"ReadAction\",\"target\":[\"https:\\\/\\\/www.accuratereviews.com\\\/it\\\/software-videoconferenze\\\/zoom-recensione\\\/\"]}]},{\"@type\":\"ImageObject\",\"inLanguage\":\"it-IT\",\"@id\":\"https:\\\/\\\/www.accuratereviews.com\\\/it\\\/software-videoconferenze\\\/zoom-recensione\\\/#primaryimage\",\"url\":\"https:\\\/\\\/www.accuratereviews.com\\\/wp-content\\\/uploads\\\/2024\\\/11\\\/logo-della-riunione-zoom_628407-1899.avif\",\"contentUrl\":\"https:\\\/\\\/www.accuratereviews.com\\\/wp-content\\\/uploads\\\/2024\\\/11\\\/logo-della-riunione-zoom_628407-1899.avif\",\"width\":626,\"height\":626},{\"@type\":\"BreadcrumbList\",\"@id\":\"https:\\\/\\\/www.accuratereviews.com\\\/it\\\/software-videoconferenze\\\/zoom-recensione\\\/#breadcrumb\",\"itemListElement\":[{\"@type\":\"ListItem\",\"position\":1,\"name\":\"Home\",\"item\":\"https:\\\/\\\/www.accuratereviews.com\\\/it\\\/\"},{\"@type\":\"ListItem\",\"position\":2,\"name\":\"Software videoconferenze\",\"item\":\"https:\\\/\\\/www.accuratereviews.com\\\/it\\\/software-videoconferenze\\\/\"},{\"@type\":\"ListItem\",\"position\":3,\"name\":\"Zoom\"}]},{\"@type\":\"WebSite\",\"@id\":\"https:\\\/\\\/www.accuratereviews.com\\\/it\\\/#website\",\"url\":\"https:\\\/\\\/www.accuratereviews.com\\\/it\\\/\",\"name\":\"Accurate Reviews\",\"description\":\"\",\"potentialAction\":[{\"@type\":\"SearchAction\",\"target\":{\"@type\":\"EntryPoint\",\"urlTemplate\":\"https:\\\/\\\/www.accuratereviews.com\\\/it\\\/?s={search_term_string}\"},\"query-input\":{\"@type\":\"PropertyValueSpecification\",\"valueRequired\":true,\"valueName\":\"search_term_string\"}}],\"inLanguage\":\"it-IT\"}]}<\/script>\n<!-- \/ Yoast SEO plugin. -->","yoast_head_json":{"title":"Zoom: recensione software videoconferenze online - Accurate Reviews","description":"Zoom: recensione software di videoconferenza ampiamente utilizzato per la sua semplicit\u00e0 e per le funzionalit\u00e0 avanzate.","robots":{"index":"index","follow":"follow","max-snippet":"max-snippet:-1","max-image-preview":"max-image-preview:large","max-video-preview":"max-video-preview:-1"},"canonical":"https:\/\/www.accuratereviews.com\/it\/software-videoconferenze\/zoom-recensione\/","og_locale":"it_IT","og_type":"article","og_title":"Zoom: recensione software videoconferenze online - Accurate Reviews","og_description":"Zoom: recensione software di videoconferenza ampiamente utilizzato per la sua semplicit\u00e0 e per le funzionalit\u00e0 avanzate.","og_url":"https:\/\/www.accuratereviews.com\/it\/software-videoconferenze\/zoom-recensione\/","og_site_name":"Accurate Reviews","article_modified_time":"2024-11-18T11:27:20+00:00","twitter_card":"summary_large_image","twitter_misc":{"Tempo di lettura stimato":"3 minuti"},"schema":{"@context":"https:\/\/schema.org","@graph":[{"@type":"WebPage","@id":"https:\/\/www.accuratereviews.com\/it\/software-videoconferenze\/zoom-recensione\/","url":"https:\/\/www.accuratereviews.com\/it\/software-videoconferenze\/zoom-recensione\/","name":"Zoom: recensione software videoconferenze online - Accurate Reviews","isPartOf":{"@id":"https:\/\/www.accuratereviews.com\/it\/#website"},"primaryImageOfPage":{"@id":"https:\/\/www.accuratereviews.com\/it\/software-videoconferenze\/zoom-recensione\/#primaryimage"},"image":{"@id":"https:\/\/www.accuratereviews.com\/it\/software-videoconferenze\/zoom-recensione\/#primaryimage"},"thumbnailUrl":"https:\/\/www.accuratereviews.com\/wp-content\/uploads\/2024\/11\/logo-della-riunione-zoom_628407-1899.avif","datePublished":"2024-11-12T19:08:39+00:00","dateModified":"2024-11-18T11:27:20+00:00","description":"Zoom: recensione software di videoconferenza ampiamente utilizzato per la sua semplicit\u00e0 e per le funzionalit\u00e0 avanzate.","breadcrumb":{"@id":"https:\/\/www.accuratereviews.com\/it\/software-videoconferenze\/zoom-recensione\/#breadcrumb"},"inLanguage":"it-IT","potentialAction":[{"@type":"ReadAction","target":["https:\/\/www.accuratereviews.com\/it\/software-videoconferenze\/zoom-recensione\/"]}]},{"@type":"ImageObject","inLanguage":"it-IT","@id":"https:\/\/www.accuratereviews.com\/it\/software-videoconferenze\/zoom-recensione\/#primaryimage","url":"https:\/\/www.accuratereviews.com\/wp-content\/uploads\/2024\/11\/logo-della-riunione-zoom_628407-1899.avif","contentUrl":"https:\/\/www.accuratereviews.com\/wp-content\/uploads\/2024\/11\/logo-della-riunione-zoom_628407-1899.avif","width":626,"height":626},{"@type":"BreadcrumbList","@id":"https:\/\/www.accuratereviews.com\/it\/software-videoconferenze\/zoom-recensione\/#breadcrumb","itemListElement":[{"@type":"ListItem","position":1,"name":"Home","item":"https:\/\/www.accuratereviews.com\/it\/"},{"@type":"ListItem","position":2,"name":"Software videoconferenze","item":"https:\/\/www.accuratereviews.com\/it\/software-videoconferenze\/"},{"@type":"ListItem","position":3,"name":"Zoom"}]},{"@type":"WebSite","@id":"https:\/\/www.accuratereviews.com\/it\/#website","url":"https:\/\/www.accuratereviews.com\/it\/","name":"Accurate Reviews","description":"","potentialAction":[{"@type":"SearchAction","target":{"@type":"EntryPoint","urlTemplate":"https:\/\/www.accuratereviews.com\/it\/?s={search_term_string}"},"query-input":{"@type":"PropertyValueSpecification","valueRequired":true,"valueName":"search_term_string"}}],"inLanguage":"it-IT"}]}},"_links":{"self":[{"href":"https:\/\/www.accuratereviews.com\/it\/wp-json\/wp\/v2\/pages\/80254","targetHints":{"allow":["GET"]}}],"collection":[{"href":"https:\/\/www.accuratereviews.com\/it\/wp-json\/wp\/v2\/pages"}],"about":[{"href":"https:\/\/www.accuratereviews.com\/it\/wp-json\/wp\/v2\/types\/page"}],"author":[{"embeddable":true,"href":"https:\/\/www.accuratereviews.com\/it\/wp-json\/wp\/v2\/users\/17"}],"replies":[{"embeddable":true,"href":"https:\/\/www.accuratereviews.com\/it\/wp-json\/wp\/v2\/comments?post=80254"}],"version-history":[{"count":9,"href":"https:\/\/www.accuratereviews.com\/it\/wp-json\/wp\/v2\/pages\/80254\/revisions"}],"predecessor-version":[{"id":80451,"href":"https:\/\/www.accuratereviews.com\/it\/wp-json\/wp\/v2\/pages\/80254\/revisions\/80451"}],"up":[{"embeddable":true,"href":"https:\/\/www.accuratereviews.com\/it\/wp-json\/wp\/v2\/pages\/80267"}],"wp:featuredmedia":[{"embeddable":true,"href":"https:\/\/www.accuratereviews.com\/it\/wp-json\/wp\/v2\/media\/80255"}],"wp:attachment":[{"href":"https:\/\/www.accuratereviews.com\/it\/wp-json\/wp\/v2\/media?parent=80254"}],"wp:term":[{"taxonomy":"category","embeddable":true,"href":"https:\/\/www.accuratereviews.com\/it\/wp-json\/wp\/v2\/categories?post=80254"},{"taxonomy":"post_tag","embeddable":true,"href":"https:\/\/www.accuratereviews.com\/it\/wp-json\/wp\/v2\/tags?post=80254"},{"taxonomy":"features","embeddable":true,"href":"https:\/\/www.accuratereviews.com\/it\/wp-json\/wp\/v2\/features?post=80254"}],"curies":[{"name":"wp","href":"https:\/\/api.w.org\/{rel}","templated":true}]}}