{"id":80282,"date":"2024-11-13T19:10:04","date_gmt":"2024-11-13T19:10:04","guid":{"rendered":"https:\/\/www.accuratereviews.com\/?page_id=80282"},"modified":"2024-11-18T10:33:40","modified_gmt":"2024-11-18T10:33:40","slug":"seebo-recensione","status":"publish","type":"page","link":"https:\/\/www.accuratereviews.com\/it\/software-intelligenza-artificiale\/seebo-recensione\/","title":{"rendered":"Seebo"},"content":{"rendered":"<p><strong>Seebo<\/strong> \u00e8 una <strong>piattaforma di sviluppo Internet of Things<\/strong> (<strong>IoT<\/strong>), basata su <strong>cloud<\/strong>, che combina strumenti per la modellazione IoT, la simulazione, l&#8217;esecuzione, l&#8217;analisi del comportamento e altro ancora. Pu\u00f2 essere utilizzata per progettare prodotti che forniscono manutenzione predittiva, monitoraggio remoto delle risorse, gestione delle fabbriche connesse e innovazione di prodotto.<br \/>\nIl modulo IoT modeler della soluzione aiuta gli utenti a valutare l&#8217;adattamento al mercato dei concetti IoT e a stimare la fattibilit\u00e0 tecnica e finanziaria. IoT Execution Hub consente ai manager di organizzare team e pianificare obiettivi di sviluppo. Inoltre, <strong>Seebo<\/strong> supporta l&#8217;integrazione con vari servizi cloud come Microsoft Azure, IBM, Bluemix, AWS e altro ancora. Supporta anche l&#8217;integrazione con piattaforme di produttivit\u00e0 tra cui Jira, Asana e vari altri strumenti di collaborazione.<\/p>\n<h2>SEEBO &#8211; TUTORIAL<\/h2>\n<div id=\"fluid-wrapper-counter-1\" class=\"g1-fluid-wrapper \" style=\"width:686px;\">\n<div style=\"padding-bottom:56.268221574344%;\"><iframe loading=\"lazy\" title=\"How to embed manufacturing process expertise into Artificial Intelligence algorithms\" width=\"686\" height=\"386\" src=\"https:\/\/www.youtube.com\/embed\/o7YQd6qUUwc?feature=oembed&amp;wmode=transparent&amp;autohide=1&amp;autoplay=0&amp;disablekb=0&amp;fs=1&amp;loop=0&amp;enablejsapi=1&amp;rel=0&amp;controls=2&amp;showinfo=0&amp;wmode=transparent&amp;autohide=2&amp;autoplay=0&amp;disablekb=0&amp;fs=1&amp;loop=0&amp;enablejsapi=1&amp;rel=0&amp;controls=2&amp;showinfo=1\" frameborder=\"0\" allow=\"accelerometer; autoplay; clipboard-write; encrypted-media; gyroscope; picture-in-picture; web-share\" referrerpolicy=\"strict-origin-when-cross-origin\" allowfullscreen><\/iframe><\/div>\n<\/div>\n<h3>SEEBO &#8211; CARATTERISTICHE<\/h3>\n<ul>\n<li><strong>Elimina i tempi di inattivit\u00e0 non necessari<\/strong>: elimina i guasti imprevisti delle apparecchiature e ottimizza le interruzioni programmate<\/li>\n<li><strong>Ottimizza la cura delle risorse<\/strong>: estendi i cicli di vita delle risorse e pianifica strategicamente le tue attivit\u00e0 e risorse<\/li>\n<li><strong>Massimizza la resa e la capacit\u00e0<\/strong>: aumenta la disponibilit\u00e0 e i tempi di attivit\u00e0 delle tue macchine<\/li>\n<li><strong>Riduci perdite, sprechi ed emissioni:<\/strong> riduci gli sprechi di energia, i pezzi di ricambio e gli scarti correlati al malfunzionamento delle macchine<\/li>\n<li><strong>Trasforma il tuo modo di lavorare<\/strong>: fai passare facilmente i tuoi team da modalit\u00e0 di lavoro reattive a proattive<\/li>\n<li><strong>Monitoraggio<\/strong>: i sensori catturano e trasmettono dati alla piattaforma di Augury 24 ore su 24, 7 giorni su 7<\/li>\n<li><strong>Diagnosi<\/strong>: l&#8217;intelligenza artificiale rileva i problemi, spiega cosa li ha causati e suggerisce le azioni da intraprendere<\/li>\n<li><strong>Guida<\/strong>: la piattaforma, le informazioni sull&#8217;intelligenza artificiale e il supporto degli esperti consentono agli utenti di stabilire le priorit\u00e0 e pianificare<\/li>\n<li><strong>Azione<\/strong>: gli utenti collaborano e agiscono in base alle indicazioni per migliorare lo stato di salute e le prestazioni delle loro macchine e dei loro processi<\/li>\n<\/ul>\n<h4>LE RECENSIONI DEGLI UTENTI<\/h4>\n<p><strong>Ray &#8220;Grande team di supporto, miglioramento continuo della piattaforma&#8221;<\/strong><br \/>\n<strong>Commenti<\/strong>: sviluppo del progetto<br \/>\n<strong>Pro<\/strong>: comprende tutti gli aspetti dello sviluppo del progetto IIoT e porta avanti casi aziendali e metriche. Molteplici workstation possono essere aperte e il progetto aggiornato e salvato contemporaneamente. Ottimo supporto del personale con un mercato interno di venditori convalidati \/ approvati per aiutare con lo sviluppo di prototipi e app.<br \/>\n<strong>Contro<\/strong>: Ha una capacit\u00e0 limitata di ordinare e organizzare componenti e casi d&#8217;uso in base ai criteri degli utenti. La versione 2 ha migliorato la capacit\u00e0 con maggiori capacit\u00e0 di smistamento promesse.<\/p>\n<p><strong>Ben &#8220;U<\/strong><strong>tilizzando la piattaforma SEEBO sono stato in grado di creare un proof of concept per un prodotto connesso in 4 mesi!&#8221;<\/strong><br \/>\n<strong>Commenti<\/strong>: la piattaforma SEEBO ti aiuta a sviluppare concetti per i prodotti connessi.<br \/>\nla piattaforma aiuta a comunicare i concetti all&#8217;inizio dello sviluppo e ad approfondire lo sviluppo e il test del prodotto. integra senza problemi tutte le informazioni in un&#8217;unica piattaforma, in modo che tutti i partner possano visualizzare, commentare e sviluppare punti, se necessario, per creare un&#8217;integrazione graduale di tutti gli aspetti in un nuovo prodotto. strumento efficace per qualsiasi gestore di progetto<br \/>\n<strong>Pro<\/strong>: La piattaforma ti aiuta a esplorare le tue possibilit\u00e0 di prodotto, passo dopo passo in maniera strutturata, questo si traduce in una proposta di concept ben pensata, oltre a un brief dettagliato per i partner R &amp; D, per scambiare agevolmente informazioni per ridurre tempi e costi di sviluppo, cos\u00ec come per evitare errori. Il team SEEBO \u00e8 altamente valutato, aiutando ad affrontare i punti critici e trovando i partner giusti per il tuo progetto nel complesso, il team e la piattaforma SEEBO aiutano a ridurre tempi, costi e rischi per ogni progetto.<br \/>\n<strong>Contro<\/strong>: la piattaforma sta cambiando tutto &#8230; \u00e8 una buona cosa, perch\u00e9 il team \u00e8 molto sensibile alle idee e alle affermazioni dei suoi utenti. ma allo stesso tempo, potrebbe essere difficile tenere traccia di tutte le nuove funzionalit\u00e0 &#8230; :)<\/p>\n","protected":false},"excerpt":{"rendered":"<p>Seebo \u00e8 una piattaforma di sviluppo Internet of Things (IoT), basata su cloud, che combina strumenti per la modellazione IoT, la simulazione, l&#8217;esecuzione, l&#8217;analisi del comportamento e altro ancora. Pu\u00f2 essere utilizzata per progettare prodotti che forniscono manutenzione predittiva, monitoraggio remoto delle risorse, gestione delle fabbriche connesse e innovazione di prodotto.<\/p>\n","protected":false},"author":19,"featured_media":80284,"parent":79864,"menu_order":0,"comment_status":"open","ping_status":"closed","template":"g1_template_page_review_new.php","meta":{"_acf_changed":false,"cwp_meta_box_check":"Yes","cwp_rev_product_name":"","cwp_rev_product_image":"","wppr_links":[],"cwp_rev_price":"0.00","wppr_options":[{"name":"Usability","value":"0"},{"name":"Speed","value":"0"},{"name":"Features","value":"0"},{"name":"Support","value":"0"},{"name":"Pricing","value":"0"}],"wppr_pros":["","","","",""],"wppr_cons":["","","","",""],"_monsterinsights_skip_tracking":false,"_monsterinsights_sitenote_active":false,"_monsterinsights_sitenote_note":"","_monsterinsights_sitenote_category":0,"footnotes":""},"categories":[15435],"tags":[997,15441,15440,15528,15479,15480],"features":[],"class_list":{"0":"post-80282","1":"page","2":"type-page","3":"status-publish","4":"has-post-thumbnail","6":"category-software-intelligenza-artificiale-cat","7":"tag-ai","8":"tag-piattaforma-intelligenza-artificiale","9":"tag-programma-intelligenza-artificiale","10":"tag-seebo","11":"tag-software-intelligenza-artificiale","12":"tag-soluzione-intelligenza-artificiale"},"wppr_data":{"cwp_meta_box_check":"Yes","_wppr_review_template":"default","cwp_rev_product_image":"","cwp_image_link":"image","wppr_links":[],"cwp_rev_price":"0.00","wppr_pros":["","","","",""],"wppr_cons":["","","","",""],"wppr_rating":"0.00","wppr_options":{"1":{"name":"Usability","value":"0"},"2":{"name":"Speed","value":"0"},"3":{"name":"Features","value":"0"},"4":{"name":"Support","value":"0"},"5":{"name":"Pricing","value":"0"}},"wppr_review_type":"Product","wppr_review_custom_fields":{"additionalProperty":"","additionalType":"","aggregateRating":"","alternateName":"","audience":"","award":"","awards":"","brand":"","color":"","depth":"","description":"","disambiguatingDescription":"","gtin12":"","gtin13":"","gtin14":"","gtin8":"","height":"","identifier":"","image":"","isAccessoryOrSparePartFor":"","isConsumableFor":"","isRelatedTo":"","isSimilarTo":"","itemCondition":"","logo":"","mainEntityOfPage":"","manufacturer":"","material":"","model":"","mpn":"","name":"","offers":"","potentialAction":"","productID":"","productionDate":"","purchaseDate":"","releaseDate":"","review":"","reviews":"","sameAs":"","sku":"","slogan":"","subjectOf":"","url":"","weight":"","width":""}},"acf":[],"yoast_head":"<!-- This site is optimized with the Yoast SEO plugin v27.4 - https:\/\/yoast.com\/product\/yoast-seo-wordpress\/ -->\n<title>Seebo: recensione software intelligenza artificiale - Accurate Reviews<\/title>\n<meta name=\"description\" content=\"Seebo: piattaforma di sviluppo Internet of Things che combina strumenti per l&#039;esecuzione, l&#039;analisi del comportamento e altro ancora.\" \/>\n<meta name=\"robots\" content=\"index, follow, max-snippet:-1, max-image-preview:large, max-video-preview:-1\" \/>\n<link rel=\"canonical\" href=\"https:\/\/www.accuratereviews.com\/it\/software-intelligenza-artificiale\/seebo-recensione\/\" \/>\n<meta property=\"og:locale\" content=\"it_IT\" \/>\n<meta property=\"og:type\" content=\"article\" \/>\n<meta property=\"og:title\" content=\"Seebo: recensione software intelligenza artificiale - Accurate Reviews\" \/>\n<meta property=\"og:description\" content=\"Seebo: piattaforma di sviluppo Internet of Things che combina strumenti per l&#039;esecuzione, l&#039;analisi del comportamento e altro ancora.\" \/>\n<meta property=\"og:url\" content=\"https:\/\/www.accuratereviews.com\/it\/software-intelligenza-artificiale\/seebo-recensione\/\" \/>\n<meta property=\"og:site_name\" content=\"Accurate Reviews\" \/>\n<meta property=\"article:modified_time\" content=\"2024-11-18T10:33:40+00:00\" \/>\n<meta property=\"og:image\" content=\"https:\/\/www.accuratereviews.com\/wp-content\/uploads\/2024\/11\/Seebo.png\" \/>\n\t<meta property=\"og:image:width\" content=\"216\" \/>\n\t<meta property=\"og:image:height\" content=\"216\" \/>\n\t<meta property=\"og:image:type\" content=\"image\/png\" \/>\n<meta name=\"twitter:card\" content=\"summary_large_image\" \/>\n<meta name=\"twitter:label1\" content=\"Tempo di lettura stimato\" \/>\n\t<meta name=\"twitter:data1\" content=\"5 minuti\" \/>\n<script type=\"application\/ld+json\" class=\"yoast-schema-graph\">{\"@context\":\"https:\\\/\\\/schema.org\",\"@graph\":[{\"@type\":\"WebPage\",\"@id\":\"https:\\\/\\\/www.accuratereviews.com\\\/it\\\/software-intelligenza-artificiale\\\/seebo-recensione\\\/\",\"url\":\"https:\\\/\\\/www.accuratereviews.com\\\/it\\\/software-intelligenza-artificiale\\\/seebo-recensione\\\/\",\"name\":\"Seebo: recensione software intelligenza artificiale - Accurate Reviews\",\"isPartOf\":{\"@id\":\"https:\\\/\\\/www.accuratereviews.com\\\/it\\\/#website\"},\"primaryImageOfPage\":{\"@id\":\"https:\\\/\\\/www.accuratereviews.com\\\/it\\\/software-intelligenza-artificiale\\\/seebo-recensione\\\/#primaryimage\"},\"image\":{\"@id\":\"https:\\\/\\\/www.accuratereviews.com\\\/it\\\/software-intelligenza-artificiale\\\/seebo-recensione\\\/#primaryimage\"},\"thumbnailUrl\":\"https:\\\/\\\/www.accuratereviews.com\\\/wp-content\\\/uploads\\\/2024\\\/11\\\/Seebo.png\",\"datePublished\":\"2024-11-13T19:10:04+00:00\",\"dateModified\":\"2024-11-18T10:33:40+00:00\",\"description\":\"Seebo: piattaforma di sviluppo Internet of Things che combina strumenti per l'esecuzione, l'analisi del comportamento e altro ancora.\",\"breadcrumb\":{\"@id\":\"https:\\\/\\\/www.accuratereviews.com\\\/it\\\/software-intelligenza-artificiale\\\/seebo-recensione\\\/#breadcrumb\"},\"inLanguage\":\"it-IT\",\"potentialAction\":[{\"@type\":\"ReadAction\",\"target\":[\"https:\\\/\\\/www.accuratereviews.com\\\/it\\\/software-intelligenza-artificiale\\\/seebo-recensione\\\/\"]}]},{\"@type\":\"ImageObject\",\"inLanguage\":\"it-IT\",\"@id\":\"https:\\\/\\\/www.accuratereviews.com\\\/it\\\/software-intelligenza-artificiale\\\/seebo-recensione\\\/#primaryimage\",\"url\":\"https:\\\/\\\/www.accuratereviews.com\\\/wp-content\\\/uploads\\\/2024\\\/11\\\/Seebo.png\",\"contentUrl\":\"https:\\\/\\\/www.accuratereviews.com\\\/wp-content\\\/uploads\\\/2024\\\/11\\\/Seebo.png\",\"width\":216,\"height\":216},{\"@type\":\"BreadcrumbList\",\"@id\":\"https:\\\/\\\/www.accuratereviews.com\\\/it\\\/software-intelligenza-artificiale\\\/seebo-recensione\\\/#breadcrumb\",\"itemListElement\":[{\"@type\":\"ListItem\",\"position\":1,\"name\":\"Home\",\"item\":\"https:\\\/\\\/www.accuratereviews.com\\\/it\\\/\"},{\"@type\":\"ListItem\",\"position\":2,\"name\":\"Software di intelligenza artificiale\",\"item\":\"https:\\\/\\\/www.accuratereviews.com\\\/it\\\/software-intelligenza-artificiale\\\/\"},{\"@type\":\"ListItem\",\"position\":3,\"name\":\"Seebo\"}]},{\"@type\":\"WebSite\",\"@id\":\"https:\\\/\\\/www.accuratereviews.com\\\/it\\\/#website\",\"url\":\"https:\\\/\\\/www.accuratereviews.com\\\/it\\\/\",\"name\":\"Accurate Reviews\",\"description\":\"\",\"potentialAction\":[{\"@type\":\"SearchAction\",\"target\":{\"@type\":\"EntryPoint\",\"urlTemplate\":\"https:\\\/\\\/www.accuratereviews.com\\\/it\\\/?s={search_term_string}\"},\"query-input\":{\"@type\":\"PropertyValueSpecification\",\"valueRequired\":true,\"valueName\":\"search_term_string\"}}],\"inLanguage\":\"it-IT\"}]}<\/script>\n<!-- \/ Yoast SEO plugin. -->","yoast_head_json":{"title":"Seebo: recensione software intelligenza artificiale - Accurate Reviews","description":"Seebo: piattaforma di sviluppo Internet of Things che combina strumenti per l'esecuzione, l'analisi del comportamento e altro ancora.","robots":{"index":"index","follow":"follow","max-snippet":"max-snippet:-1","max-image-preview":"max-image-preview:large","max-video-preview":"max-video-preview:-1"},"canonical":"https:\/\/www.accuratereviews.com\/it\/software-intelligenza-artificiale\/seebo-recensione\/","og_locale":"it_IT","og_type":"article","og_title":"Seebo: recensione software intelligenza artificiale - Accurate Reviews","og_description":"Seebo: piattaforma di sviluppo Internet of Things che combina strumenti per l'esecuzione, l'analisi del comportamento e altro ancora.","og_url":"https:\/\/www.accuratereviews.com\/it\/software-intelligenza-artificiale\/seebo-recensione\/","og_site_name":"Accurate Reviews","article_modified_time":"2024-11-18T10:33:40+00:00","og_image":[{"width":216,"height":216,"url":"https:\/\/www.accuratereviews.com\/wp-content\/uploads\/2024\/11\/Seebo.png","type":"image\/png"}],"twitter_card":"summary_large_image","twitter_misc":{"Tempo di lettura stimato":"5 minuti"},"schema":{"@context":"https:\/\/schema.org","@graph":[{"@type":"WebPage","@id":"https:\/\/www.accuratereviews.com\/it\/software-intelligenza-artificiale\/seebo-recensione\/","url":"https:\/\/www.accuratereviews.com\/it\/software-intelligenza-artificiale\/seebo-recensione\/","name":"Seebo: recensione software intelligenza artificiale - Accurate Reviews","isPartOf":{"@id":"https:\/\/www.accuratereviews.com\/it\/#website"},"primaryImageOfPage":{"@id":"https:\/\/www.accuratereviews.com\/it\/software-intelligenza-artificiale\/seebo-recensione\/#primaryimage"},"image":{"@id":"https:\/\/www.accuratereviews.com\/it\/software-intelligenza-artificiale\/seebo-recensione\/#primaryimage"},"thumbnailUrl":"https:\/\/www.accuratereviews.com\/wp-content\/uploads\/2024\/11\/Seebo.png","datePublished":"2024-11-13T19:10:04+00:00","dateModified":"2024-11-18T10:33:40+00:00","description":"Seebo: piattaforma di sviluppo Internet of Things che combina strumenti per l'esecuzione, l'analisi del comportamento e altro ancora.","breadcrumb":{"@id":"https:\/\/www.accuratereviews.com\/it\/software-intelligenza-artificiale\/seebo-recensione\/#breadcrumb"},"inLanguage":"it-IT","potentialAction":[{"@type":"ReadAction","target":["https:\/\/www.accuratereviews.com\/it\/software-intelligenza-artificiale\/seebo-recensione\/"]}]},{"@type":"ImageObject","inLanguage":"it-IT","@id":"https:\/\/www.accuratereviews.com\/it\/software-intelligenza-artificiale\/seebo-recensione\/#primaryimage","url":"https:\/\/www.accuratereviews.com\/wp-content\/uploads\/2024\/11\/Seebo.png","contentUrl":"https:\/\/www.accuratereviews.com\/wp-content\/uploads\/2024\/11\/Seebo.png","width":216,"height":216},{"@type":"BreadcrumbList","@id":"https:\/\/www.accuratereviews.com\/it\/software-intelligenza-artificiale\/seebo-recensione\/#breadcrumb","itemListElement":[{"@type":"ListItem","position":1,"name":"Home","item":"https:\/\/www.accuratereviews.com\/it\/"},{"@type":"ListItem","position":2,"name":"Software di intelligenza artificiale","item":"https:\/\/www.accuratereviews.com\/it\/software-intelligenza-artificiale\/"},{"@type":"ListItem","position":3,"name":"Seebo"}]},{"@type":"WebSite","@id":"https:\/\/www.accuratereviews.com\/it\/#website","url":"https:\/\/www.accuratereviews.com\/it\/","name":"Accurate Reviews","description":"","potentialAction":[{"@type":"SearchAction","target":{"@type":"EntryPoint","urlTemplate":"https:\/\/www.accuratereviews.com\/it\/?s={search_term_string}"},"query-input":{"@type":"PropertyValueSpecification","valueRequired":true,"valueName":"search_term_string"}}],"inLanguage":"it-IT"}]}},"_links":{"self":[{"href":"https:\/\/www.accuratereviews.com\/it\/wp-json\/wp\/v2\/pages\/80282","targetHints":{"allow":["GET"]}}],"collection":[{"href":"https:\/\/www.accuratereviews.com\/it\/wp-json\/wp\/v2\/pages"}],"about":[{"href":"https:\/\/www.accuratereviews.com\/it\/wp-json\/wp\/v2\/types\/page"}],"author":[{"embeddable":true,"href":"https:\/\/www.accuratereviews.com\/it\/wp-json\/wp\/v2\/users\/19"}],"replies":[{"embeddable":true,"href":"https:\/\/www.accuratereviews.com\/it\/wp-json\/wp\/v2\/comments?post=80282"}],"version-history":[{"count":9,"href":"https:\/\/www.accuratereviews.com\/it\/wp-json\/wp\/v2\/pages\/80282\/revisions"}],"predecessor-version":[{"id":80422,"href":"https:\/\/www.accuratereviews.com\/it\/wp-json\/wp\/v2\/pages\/80282\/revisions\/80422"}],"up":[{"embeddable":true,"href":"https:\/\/www.accuratereviews.com\/it\/wp-json\/wp\/v2\/pages\/79864"}],"wp:featuredmedia":[{"embeddable":true,"href":"https:\/\/www.accuratereviews.com\/it\/wp-json\/wp\/v2\/media\/80284"}],"wp:attachment":[{"href":"https:\/\/www.accuratereviews.com\/it\/wp-json\/wp\/v2\/media?parent=80282"}],"wp:term":[{"taxonomy":"category","embeddable":true,"href":"https:\/\/www.accuratereviews.com\/it\/wp-json\/wp\/v2\/categories?post=80282"},{"taxonomy":"post_tag","embeddable":true,"href":"https:\/\/www.accuratereviews.com\/it\/wp-json\/wp\/v2\/tags?post=80282"},{"taxonomy":"features","embeddable":true,"href":"https:\/\/www.accuratereviews.com\/it\/wp-json\/wp\/v2\/features?post=80282"}],"curies":[{"name":"wp","href":"https:\/\/api.w.org\/{rel}","templated":true}]}}