{"id":80311,"date":"2024-11-14T16:47:06","date_gmt":"2024-11-14T16:47:06","guid":{"rendered":"https:\/\/www.accuratereviews.com\/?page_id=80311"},"modified":"2024-11-14T16:47:06","modified_gmt":"2024-11-14T16:47:06","slug":"monkeylearn-recensione","status":"publish","type":"page","link":"https:\/\/www.accuratereviews.com\/it\/software-archiviazione-email\/monkeylearn-recensione\/","title":{"rendered":"MonkeyLearn"},"content":{"rendered":"<p><strong>MonkeyLearn<\/strong> \u00e8 una <strong>soluzione di analisi del testo<\/strong>, basata su <strong>cloud<\/strong>, che estrae dati da email, sondaggi, tweet o qualsiasi testo e li trasforma in visualizzazioni personalizzate. Fornisce approfondimenti e automazioni del flusso di lavoro per i team di supporto, prodotto, esperienza del cliente e sviluppo e pu\u00f2 essere integrata in applicazioni interne.<br \/>\nGli strumenti di analisi del testo possono etichettare argomenti, analizzare il sentiment e rilevare intenti, nonch\u00e9 estrarre funzionalit\u00e0, parole chiave ed entit\u00e0 denominate dal testo. Gli utenti possono importare dati di testo da una variet\u00e0 di piattaforme tra cui<strong> Zendesk, Google Sheets, Microsoft Excel e Rapidminer<\/strong> tramite integrazioni native, oltre a molti altri sistemi facilitati da Zapier. I dati vengono automaticamente classificati, estratti e taggati utilizzando modelli di analisi del testo predefiniti e gli utenti possono anche creare i propri tag e modelli personalizzati. \u00a0\u00c8 possibile creare grafici e visualizzazioni personalizzati combinando input di dati e filtri.<\/p>\n<h2>MONKEYLEARN &#8211; TUTORIAL<\/h2>\n<div id=\"fluid-wrapper-counter-1\" class=\"g1-fluid-wrapper \" style=\"width:686px;\">\n<div style=\"padding-bottom:56.268221574344%;\"><iframe loading=\"lazy\" title=\"Making a Custom Text Extractor with MonkeyLearn\" width=\"686\" height=\"386\" src=\"https:\/\/www.youtube.com\/embed\/5xhvJls8b78?feature=oembed&amp;wmode=transparent&amp;autohide=1&amp;autoplay=0&amp;disablekb=0&amp;fs=1&amp;loop=0&amp;enablejsapi=1&amp;rel=0&amp;controls=2&amp;showinfo=0&amp;wmode=transparent&amp;autohide=2&amp;autoplay=0&amp;disablekb=0&amp;fs=1&amp;loop=0&amp;enablejsapi=1&amp;rel=0&amp;controls=2&amp;showinfo=1\" frameborder=\"0\" allow=\"accelerometer; autoplay; clipboard-write; encrypted-media; gyroscope; picture-in-picture; web-share\" referrerpolicy=\"strict-origin-when-cross-origin\" allowfullscreen><\/iframe><\/div>\n<\/div>\n<h3>MONKEYLEARN &#8211; CARATTERISTICHE<\/h3>\n<ul>\n<li><strong>Acquisizione completa del feedback:<\/strong> raccogli ogni segnale per dati pi\u00f9 significativi<\/li>\n<li><strong>Amministrazione<\/strong>: esegui programmi globali complessi con self-service<\/li>\n<li><strong>Reporting basato sui ruoli<\/strong>: chiudi il cerchio e guida l&#8217;azione rapidamente<\/li>\n<li><strong>AI e analisi<\/strong>: scopri informazioni essenziali da ogni interazione<\/li>\n<li><strong>Integrazioni:<\/strong> condividi facilmente i dati tra sistemi e team<\/li>\n<li><strong>Sicurezza di livello aziendale<\/strong>: mantieni i tuoi dati aziendali sicuri e conformi<\/li>\n<li><strong>Gestione dell&#8217;esperienza del cliente<\/strong>: monitoraggio e misurazione per migliorare la fedelt\u00e0 dei clienti<\/li>\n<li><strong>Esperienza digitale<\/strong>: acquisizione e punteggio per percorsi digitali<\/li>\n<li><strong>Orchestrazione dell&#8217;esperienza<\/strong>: percorsi dei clienti personalizzati su larga scala<\/li>\n<li><strong>Messaggistica personalizzata<\/strong>: messaggistica bidirezionale basata sull&#8217;intelligenza artificiale<\/li>\n<li><strong>Idee<\/strong>: risoluzione rapida dei problemi tramite crowdsourcing<\/li>\n<li><strong>Contact Center<\/strong>: migliora il coinvolgimento degli agenti e ottimizza la qualit\u00e0 del servizio<\/li>\n<li><strong>Conversation Intelligence<\/strong>: approfondimenti automatizzati da ogni conversazione<\/li>\n<li><strong>Quality Management:<\/strong> ottimizzazione di QM e garanzia<\/li>\n<li><strong>Intelligent Callback<\/strong>: tecnologia di attesa e pianificazione virtuale<\/li>\n<li><strong>Ricerca di mercato<\/strong>: strategia di ricerca, progettazione, analisi e risultati di esperti<\/li>\n<li><strong>Ricerca agile<\/strong>: sondaggi predefiniti per approfondimenti rapidi<\/li>\n<li><strong>Ricerca video<\/strong>: focus group online e studi di panel<\/li>\n<li><strong>Strategia e servizi di ricerca:<\/strong> esperti interni per ricerche personalizzate<\/li>\n<\/ul>\n<h4>LE RECENSIONI DEGLI UTENTI<\/h4>\n<p><strong>Srinivasa Ashok &#8220;Variet\u00e0 di API di analisi del testo possono essere trovate solo in Monkeylearn! Il meglio del meglio&#8230;&#8221;<\/strong><br \/>\n<strong>Commenti<\/strong>: Una buona piattaforma\/software con analisi comunitaria e variet\u00e0 di analisi del sentimento.<br \/>\n<strong>Pro<\/strong>: Mi \u00e8 piaciuto soprattutto 1) Il processo di scrapping dei dati (build), process (run) e analysis (analytics) \u00e8 molto semplice e intuitivo. 2) Vengono forniti modelli di esempio per Zoom e Netflix per avere un&#8217;idea dell&#8217;analisi del testo generico<br \/>\n<strong>Contro<\/strong>: Sono in tutti i posti. L&#8217;innovazione nell&#8217;analisi \u00e8 richiesta e si vede meno nella piattaforma.<\/p>\n<p><strong>Neha &#8220;La migliore piattaforma per implementare l&#8217;apprendimento automatico&#8221;<\/strong><br \/>\n<strong>Commenti<\/strong>: Il problema principale che ha contribuito a risolvere \u00e8 la diminuzione del carico di lavoro richiesto in precedenza e allo stesso tempo l&#8217;aumento dell&#8217;efficienza e del tasso di precisione.<br \/>\n<strong>Pro<\/strong>: fornisce un&#8217;ottima interfaccia utente ed \u00e8 flessibile. Ha un&#8217;API ben documentata che \u00e8 anche molto intuitiva. Ha fornito tutorial che diventano utili quando richiesto. \u00c8 contaminato da molti modelli per eseguire varie attivit\u00e0 come l&#8217;analisi del testo. Allo stesso tempo, \u00e8 anche facile da usare.<br \/>\n<strong>Contro<\/strong>: c&#8217;\u00e8 una limitazione sul numero di query che si possono fare secondo il piano attuale. Ma questo non \u00e8 ancora un problema in quanto non influisce molto sullo sviluppo complessivo e funzionalit\u00e0 del software.<\/p>\n<p><strong>Evan &#8220;Un team di supporto e un&#8217;interfaccia utente straordinari!&#8221;<\/strong><br \/>\n<strong>Pro<\/strong>: questo software \u00e8 super facile da usare e rende gli algoritmi ML un gioco da ragazzi da creare, onestamente &#8211; non so nemmeno come codificare. Quindi questo \u00e8 un servizio fantastico, e mi \u00e8 piaciuto molto. IN PI\u00d9 il loro supporto \u00e8 fenomenale. Ben oltre ogni limite<br \/>\n<strong>Contro<\/strong>: \u00e8 un po&#8217; caro, ma \u00e8 perch\u00e9 non c&#8217;\u00e8 codifica, hosting o nessuna delle cose complesse normalmente associate con l&#8217;implementazione di un algoritmo di apprendimento automatico<\/p>\n","protected":false},"excerpt":{"rendered":"<p>MonkeyLearn \u00e8 una soluzione di analisi del testo, basata su cloud, che estrae dati da email, sondaggi, tweet o qualsiasi testo e li trasforma in visualizzazioni personalizzate. Fornisce approfondimenti e automazioni del flusso di lavoro per i team di supporto, prodotto, esperienza del cliente e sviluppo e pu\u00f2 essere integrata in applicazioni interne.<\/p>\n","protected":false},"author":19,"featured_media":80312,"parent":57184,"menu_order":0,"comment_status":"open","ping_status":"closed","template":"g1_template_page_review_new.php","meta":{"_acf_changed":false,"cwp_meta_box_check":"No","cwp_rev_product_name":"","cwp_rev_product_image":"","wppr_links":[],"cwp_rev_price":"","wppr_options":[],"wppr_pros":[],"wppr_cons":[],"_monsterinsights_skip_tracking":false,"_monsterinsights_sitenote_active":false,"_monsterinsights_sitenote_note":"","_monsterinsights_sitenote_category":0,"footnotes":""},"categories":[15435],"tags":[997,15533,15441,15440,15479,15480],"features":[],"class_list":{"0":"post-80311","1":"page","2":"type-page","3":"status-publish","4":"has-post-thumbnail","6":"category-software-intelligenza-artificiale-cat","7":"tag-ai","8":"tag-monkeylearn","9":"tag-piattaforma-intelligenza-artificiale","10":"tag-programma-intelligenza-artificiale","11":"tag-software-intelligenza-artificiale","12":"tag-soluzione-intelligenza-artificiale"},"wppr_data":{"cwp_meta_box_check":"No"},"acf":[],"yoast_head":"<!-- This site is optimized with the Yoast SEO plugin v27.4 - https:\/\/yoast.com\/product\/yoast-seo-wordpress\/ -->\n<title>MonkeyLearn: recensione software intelligenza artificiale - Accurate Reviews<\/title>\n<meta name=\"description\" content=\"MonkeyLearn: recensione software di analisi del testo che aiuta con l&#039;intelligenza artificiale a formare modelli di apprendimento automatico.\" \/>\n<meta name=\"robots\" content=\"index, follow, max-snippet:-1, max-image-preview:large, max-video-preview:-1\" \/>\n<link rel=\"canonical\" href=\"https:\/\/www.accuratereviews.com\/it\/software-archiviazione-email\/monkeylearn-recensione\/\" \/>\n<meta property=\"og:locale\" content=\"it_IT\" \/>\n<meta property=\"og:type\" content=\"article\" \/>\n<meta property=\"og:title\" content=\"MonkeyLearn: recensione software intelligenza artificiale - Accurate Reviews\" \/>\n<meta property=\"og:description\" content=\"MonkeyLearn: recensione software di analisi del testo che aiuta con l&#039;intelligenza artificiale a formare modelli di apprendimento automatico.\" \/>\n<meta property=\"og:url\" content=\"https:\/\/www.accuratereviews.com\/it\/software-archiviazione-email\/monkeylearn-recensione\/\" \/>\n<meta property=\"og:site_name\" content=\"Accurate Reviews\" \/>\n<meta property=\"og:image\" content=\"https:\/\/www.accuratereviews.com\/wp-content\/uploads\/2024\/11\/MonkeyLearn.png\" \/>\n\t<meta property=\"og:image:width\" content=\"646\" \/>\n\t<meta property=\"og:image:height\" content=\"217\" \/>\n\t<meta property=\"og:image:type\" content=\"image\/png\" \/>\n<meta name=\"twitter:card\" content=\"summary_large_image\" \/>\n<meta name=\"twitter:label1\" content=\"Tempo di lettura stimato\" \/>\n\t<meta name=\"twitter:data1\" content=\"5 minuti\" \/>\n<script type=\"application\/ld+json\" class=\"yoast-schema-graph\">{\"@context\":\"https:\\\/\\\/schema.org\",\"@graph\":[{\"@type\":\"WebPage\",\"@id\":\"https:\\\/\\\/www.accuratereviews.com\\\/it\\\/software-archiviazione-email\\\/monkeylearn-recensione\\\/\",\"url\":\"https:\\\/\\\/www.accuratereviews.com\\\/it\\\/software-archiviazione-email\\\/monkeylearn-recensione\\\/\",\"name\":\"MonkeyLearn: recensione software intelligenza artificiale - Accurate Reviews\",\"isPartOf\":{\"@id\":\"https:\\\/\\\/www.accuratereviews.com\\\/it\\\/#website\"},\"primaryImageOfPage\":{\"@id\":\"https:\\\/\\\/www.accuratereviews.com\\\/it\\\/software-archiviazione-email\\\/monkeylearn-recensione\\\/#primaryimage\"},\"image\":{\"@id\":\"https:\\\/\\\/www.accuratereviews.com\\\/it\\\/software-archiviazione-email\\\/monkeylearn-recensione\\\/#primaryimage\"},\"thumbnailUrl\":\"https:\\\/\\\/www.accuratereviews.com\\\/wp-content\\\/uploads\\\/2024\\\/11\\\/MonkeyLearn.png\",\"datePublished\":\"2024-11-14T16:47:06+00:00\",\"description\":\"MonkeyLearn: recensione software di analisi del testo che aiuta con l'intelligenza artificiale a formare modelli di apprendimento automatico.\",\"breadcrumb\":{\"@id\":\"https:\\\/\\\/www.accuratereviews.com\\\/it\\\/software-archiviazione-email\\\/monkeylearn-recensione\\\/#breadcrumb\"},\"inLanguage\":\"it-IT\",\"potentialAction\":[{\"@type\":\"ReadAction\",\"target\":[\"https:\\\/\\\/www.accuratereviews.com\\\/it\\\/software-archiviazione-email\\\/monkeylearn-recensione\\\/\"]}]},{\"@type\":\"ImageObject\",\"inLanguage\":\"it-IT\",\"@id\":\"https:\\\/\\\/www.accuratereviews.com\\\/it\\\/software-archiviazione-email\\\/monkeylearn-recensione\\\/#primaryimage\",\"url\":\"https:\\\/\\\/www.accuratereviews.com\\\/wp-content\\\/uploads\\\/2024\\\/11\\\/MonkeyLearn.png\",\"contentUrl\":\"https:\\\/\\\/www.accuratereviews.com\\\/wp-content\\\/uploads\\\/2024\\\/11\\\/MonkeyLearn.png\",\"width\":646,\"height\":217},{\"@type\":\"BreadcrumbList\",\"@id\":\"https:\\\/\\\/www.accuratereviews.com\\\/it\\\/software-archiviazione-email\\\/monkeylearn-recensione\\\/#breadcrumb\",\"itemListElement\":[{\"@type\":\"ListItem\",\"position\":1,\"name\":\"Home\",\"item\":\"https:\\\/\\\/www.accuratereviews.com\\\/it\\\/\"},{\"@type\":\"ListItem\",\"position\":2,\"name\":\"Software per archiviazione email\",\"item\":\"https:\\\/\\\/www.accuratereviews.com\\\/it\\\/software-archiviazione-email\\\/\"},{\"@type\":\"ListItem\",\"position\":3,\"name\":\"MonkeyLearn\"}]},{\"@type\":\"WebSite\",\"@id\":\"https:\\\/\\\/www.accuratereviews.com\\\/it\\\/#website\",\"url\":\"https:\\\/\\\/www.accuratereviews.com\\\/it\\\/\",\"name\":\"Accurate Reviews\",\"description\":\"\",\"potentialAction\":[{\"@type\":\"SearchAction\",\"target\":{\"@type\":\"EntryPoint\",\"urlTemplate\":\"https:\\\/\\\/www.accuratereviews.com\\\/it\\\/?s={search_term_string}\"},\"query-input\":{\"@type\":\"PropertyValueSpecification\",\"valueRequired\":true,\"valueName\":\"search_term_string\"}}],\"inLanguage\":\"it-IT\"}]}<\/script>\n<!-- \/ Yoast SEO plugin. -->","yoast_head_json":{"title":"MonkeyLearn: recensione software intelligenza artificiale - Accurate Reviews","description":"MonkeyLearn: recensione software di analisi del testo che aiuta con l'intelligenza artificiale a formare modelli di apprendimento automatico.","robots":{"index":"index","follow":"follow","max-snippet":"max-snippet:-1","max-image-preview":"max-image-preview:large","max-video-preview":"max-video-preview:-1"},"canonical":"https:\/\/www.accuratereviews.com\/it\/software-archiviazione-email\/monkeylearn-recensione\/","og_locale":"it_IT","og_type":"article","og_title":"MonkeyLearn: recensione software intelligenza artificiale - Accurate Reviews","og_description":"MonkeyLearn: recensione software di analisi del testo che aiuta con l'intelligenza artificiale a formare modelli di apprendimento automatico.","og_url":"https:\/\/www.accuratereviews.com\/it\/software-archiviazione-email\/monkeylearn-recensione\/","og_site_name":"Accurate Reviews","og_image":[{"width":646,"height":217,"url":"https:\/\/www.accuratereviews.com\/wp-content\/uploads\/2024\/11\/MonkeyLearn.png","type":"image\/png"}],"twitter_card":"summary_large_image","twitter_misc":{"Tempo di lettura stimato":"5 minuti"},"schema":{"@context":"https:\/\/schema.org","@graph":[{"@type":"WebPage","@id":"https:\/\/www.accuratereviews.com\/it\/software-archiviazione-email\/monkeylearn-recensione\/","url":"https:\/\/www.accuratereviews.com\/it\/software-archiviazione-email\/monkeylearn-recensione\/","name":"MonkeyLearn: recensione software intelligenza artificiale - Accurate Reviews","isPartOf":{"@id":"https:\/\/www.accuratereviews.com\/it\/#website"},"primaryImageOfPage":{"@id":"https:\/\/www.accuratereviews.com\/it\/software-archiviazione-email\/monkeylearn-recensione\/#primaryimage"},"image":{"@id":"https:\/\/www.accuratereviews.com\/it\/software-archiviazione-email\/monkeylearn-recensione\/#primaryimage"},"thumbnailUrl":"https:\/\/www.accuratereviews.com\/wp-content\/uploads\/2024\/11\/MonkeyLearn.png","datePublished":"2024-11-14T16:47:06+00:00","description":"MonkeyLearn: recensione software di analisi del testo che aiuta con l'intelligenza artificiale a formare modelli di apprendimento automatico.","breadcrumb":{"@id":"https:\/\/www.accuratereviews.com\/it\/software-archiviazione-email\/monkeylearn-recensione\/#breadcrumb"},"inLanguage":"it-IT","potentialAction":[{"@type":"ReadAction","target":["https:\/\/www.accuratereviews.com\/it\/software-archiviazione-email\/monkeylearn-recensione\/"]}]},{"@type":"ImageObject","inLanguage":"it-IT","@id":"https:\/\/www.accuratereviews.com\/it\/software-archiviazione-email\/monkeylearn-recensione\/#primaryimage","url":"https:\/\/www.accuratereviews.com\/wp-content\/uploads\/2024\/11\/MonkeyLearn.png","contentUrl":"https:\/\/www.accuratereviews.com\/wp-content\/uploads\/2024\/11\/MonkeyLearn.png","width":646,"height":217},{"@type":"BreadcrumbList","@id":"https:\/\/www.accuratereviews.com\/it\/software-archiviazione-email\/monkeylearn-recensione\/#breadcrumb","itemListElement":[{"@type":"ListItem","position":1,"name":"Home","item":"https:\/\/www.accuratereviews.com\/it\/"},{"@type":"ListItem","position":2,"name":"Software per archiviazione email","item":"https:\/\/www.accuratereviews.com\/it\/software-archiviazione-email\/"},{"@type":"ListItem","position":3,"name":"MonkeyLearn"}]},{"@type":"WebSite","@id":"https:\/\/www.accuratereviews.com\/it\/#website","url":"https:\/\/www.accuratereviews.com\/it\/","name":"Accurate Reviews","description":"","potentialAction":[{"@type":"SearchAction","target":{"@type":"EntryPoint","urlTemplate":"https:\/\/www.accuratereviews.com\/it\/?s={search_term_string}"},"query-input":{"@type":"PropertyValueSpecification","valueRequired":true,"valueName":"search_term_string"}}],"inLanguage":"it-IT"}]}},"_links":{"self":[{"href":"https:\/\/www.accuratereviews.com\/it\/wp-json\/wp\/v2\/pages\/80311","targetHints":{"allow":["GET"]}}],"collection":[{"href":"https:\/\/www.accuratereviews.com\/it\/wp-json\/wp\/v2\/pages"}],"about":[{"href":"https:\/\/www.accuratereviews.com\/it\/wp-json\/wp\/v2\/types\/page"}],"author":[{"embeddable":true,"href":"https:\/\/www.accuratereviews.com\/it\/wp-json\/wp\/v2\/users\/19"}],"replies":[{"embeddable":true,"href":"https:\/\/www.accuratereviews.com\/it\/wp-json\/wp\/v2\/comments?post=80311"}],"version-history":[{"count":8,"href":"https:\/\/www.accuratereviews.com\/it\/wp-json\/wp\/v2\/pages\/80311\/revisions"}],"predecessor-version":[{"id":80358,"href":"https:\/\/www.accuratereviews.com\/it\/wp-json\/wp\/v2\/pages\/80311\/revisions\/80358"}],"up":[{"embeddable":true,"href":"https:\/\/www.accuratereviews.com\/it\/wp-json\/wp\/v2\/pages\/57184"}],"wp:featuredmedia":[{"embeddable":true,"href":"https:\/\/www.accuratereviews.com\/it\/wp-json\/wp\/v2\/media\/80312"}],"wp:attachment":[{"href":"https:\/\/www.accuratereviews.com\/it\/wp-json\/wp\/v2\/media?parent=80311"}],"wp:term":[{"taxonomy":"category","embeddable":true,"href":"https:\/\/www.accuratereviews.com\/it\/wp-json\/wp\/v2\/categories?post=80311"},{"taxonomy":"post_tag","embeddable":true,"href":"https:\/\/www.accuratereviews.com\/it\/wp-json\/wp\/v2\/tags?post=80311"},{"taxonomy":"features","embeddable":true,"href":"https:\/\/www.accuratereviews.com\/it\/wp-json\/wp\/v2\/features?post=80311"}],"curies":[{"name":"wp","href":"https:\/\/api.w.org\/{rel}","templated":true}]}}