{"id":80328,"date":"2024-11-14T15:37:30","date_gmt":"2024-11-14T15:37:30","guid":{"rendered":"https:\/\/www.accuratereviews.com\/?page_id=80328"},"modified":"2024-11-18T10:46:09","modified_gmt":"2024-11-18T10:46:09","slug":"microsoft-teams-recensione","status":"publish","type":"page","link":"https:\/\/www.accuratereviews.com\/it\/software-videoconferenze\/microsoft-teams-recensione\/","title":{"rendered":"Microsoft Teams"},"content":{"rendered":"<p><strong>Microsoft Teams<\/strong> \u00e8 un <strong>software che consente di effettuare videoconferenze e riunioni online<\/strong>, da qualsiasi dispositivo, che sia desktop o mobile. Si tratta di uno strumento di comunicazione e collaborazione parte integrante di Office 365, utilizzato da aziende e istituzioni per migliorare la produttivit\u00e0 e il lavoro di squadra.<br \/>\nGrazie alla sua integrazione nativa con la suite Microsoft, permette una gestione efficiente di progetti e attivit\u00e0, facilitando comunicazioni in tempo reale e collaborazione su documenti e file. \u00c8 particolarmente apprezzato per le videochiamate, la condivisione di file e la chat, che rendono facile lavorare insieme anche da remoto.<\/p>\n<h2>MICROSOFT TEAMS &#8211; TUTORIAL<\/h2>\n<div id=\"fluid-wrapper-counter-1\" class=\"g1-fluid-wrapper \" style=\"width:686px;\">\n<div style=\"padding-bottom:56.268221574344%;\"><iframe loading=\"lazy\" title=\"Come Funziona MICROSOFT TEAMS - Guida Pratica per Principianti\" width=\"686\" height=\"386\" src=\"https:\/\/www.youtube.com\/embed\/xATzR9WykZs?feature=oembed&amp;wmode=transparent&amp;autohide=1&amp;autoplay=0&amp;disablekb=0&amp;fs=1&amp;loop=0&amp;enablejsapi=1&amp;rel=0&amp;controls=2&amp;showinfo=0&amp;wmode=transparent&amp;autohide=2&amp;autoplay=0&amp;disablekb=0&amp;fs=1&amp;loop=0&amp;enablejsapi=1&amp;rel=0&amp;controls=2&amp;showinfo=1\" frameborder=\"0\" allow=\"accelerometer; autoplay; clipboard-write; encrypted-media; gyroscope; picture-in-picture; web-share\" referrerpolicy=\"strict-origin-when-cross-origin\" allowfullscreen><\/iframe><\/div>\n<\/div>\n<h3>MICROSOFT TEAMS &#8211; CARATTERISTICHE<\/h3>\n<ul>\n<li><strong>Integrazione completa con Office 365<\/strong>, inclusi Word, Excel, PowerPoint e OneDrive<\/li>\n<li><strong>Chat e videochiamate<\/strong> in un&#8217;unica piattaforma per comunicazioni rapide e senza interruzioni<\/li>\n<li><strong>Gestione dei team e dei canali<\/strong> per organizzare il lavoro tra pi\u00f9 gruppi<\/li>\n<li><strong>Breakout rooms<\/strong> per suddividere riunioni in gruppi di lavoro<\/li>\n<li><strong>Condivisione dello schermo e lavagna virtuale<\/strong> per migliorare la collaborazione<\/li>\n<\/ul>\n<h4>LE RECENSIONI DEGLI UTENTI<\/h4>\n<p><strong>Paul \u201cTeams \u00e8 facile da usare, ma presenta delle insidie per i nuovi utenti\u201d.<\/strong><br \/>\nCommenti: Messaggistica istantanea, riunioni e videochiamate ad hoc non potrebbero essere pi\u00f9 semplici. Tuttavia la condivisione di documenti ospitati in sharepoint pu\u00f2 creare confusione.<br \/>\nPro: Teams ha strumenti e funzioni di collaborazione facili da usare che permettono di lavorare da remoto con tutti i vantaggi di essere in ufficio.<br \/>\nContro: Teams dipende da una struttura SharePoint ben organizzata e questo concetto pu\u00f2 essere difficile da trasmettere ai nuovi utenti.<\/p>\n<p><strong>Hu \u201cUn buon modo per organizzare le riunioni\u201d<\/strong><br \/>\nCommenti: Una buona app per organizzare riunioni con i colleghi di tutto il mondo.<br \/>\nPro: Condivisione dello schermo, presentazioni, impostazione e pianificazione delle riunioni sono semplici.<br \/>\nContro: A volte \u00e8 difficile da installare su un nuovo computer<\/p>\n<p><strong>Grace \u201cMicrosoft Teams \u00e8 un valido strumento di comunicazione\u201d<\/strong><br \/>\nPro: mi piacciono le chiamate di Teams e il pannello laterale che si apre, che consente di digitare le note. Inoltre, l&#8217;integrazione con Outlook \u00e8 molto semplice (s\u00ec, un&#8217;ovviet\u00e0, visto che entrambi sono prodotti Microsoft).<br \/>\nContro: Non \u00e8 possibile aggiungere nuove app, \u00e8 necessario che sia un amministratore a farlo e anche in questo caso non sono disponibili molte app. La creazione di canali pu\u00f2 essere un processo un po&#8217; complicato.<\/p>\n","protected":false},"excerpt":{"rendered":"<p>Microsoft Teams \u00e8 un software che consente di effettuare videoconferenze e riunioni online, da qualsiasi dispositivo, che sia desktop o mobile. Si tratta di uno strumento di comunicazione e collaborazione parte integrante di Office 365, utilizzato da aziende e istituzioni per migliorare la produttivit\u00e0 e il lavoro di squadra.<\/p>\n","protected":false},"author":17,"featured_media":80346,"parent":80267,"menu_order":0,"comment_status":"open","ping_status":"closed","template":"g1_template_page_review_new.php","meta":{"_acf_changed":false,"cwp_meta_box_check":"No","cwp_rev_product_name":"","cwp_rev_product_image":"","wppr_links":[],"cwp_rev_price":"","wppr_options":[],"wppr_pros":[],"wppr_cons":[],"_monsterinsights_skip_tracking":false,"_monsterinsights_sitenote_active":false,"_monsterinsights_sitenote_note":"","_monsterinsights_sitenote_category":0,"footnotes":""},"categories":[15524],"tags":[15531,15530,15521,15522],"features":[],"class_list":{"0":"post-80328","1":"page","2":"type-page","3":"status-publish","4":"has-post-thumbnail","6":"category-software-videoconferenze-cat","7":"tag-app-videoconferenze","8":"tag-piattaforma-videoconferenze","9":"tag-riunioni-online","10":"tag-software-videoconferenze"},"wppr_data":{"cwp_meta_box_check":"No"},"acf":[],"yoast_head":"<!-- This site is optimized with the Yoast SEO plugin v27.4 - https:\/\/yoast.com\/product\/yoast-seo-wordpress\/ -->\n<title>Microsoft Teams: recensione software videoconferenze - Accurate Reviews<\/title>\n<meta name=\"description\" content=\"Microsoft Teams: recensione del software che consente di effettuare videoconferenze e riunioni online, da qualsiasi dispositivo.\" \/>\n<meta name=\"robots\" content=\"index, follow, max-snippet:-1, max-image-preview:large, max-video-preview:-1\" \/>\n<link rel=\"canonical\" href=\"https:\/\/www.accuratereviews.com\/it\/software-videoconferenze\/microsoft-teams-recensione\/\" \/>\n<meta property=\"og:locale\" content=\"it_IT\" \/>\n<meta property=\"og:type\" content=\"article\" \/>\n<meta property=\"og:title\" content=\"Microsoft Teams: recensione software videoconferenze - Accurate Reviews\" \/>\n<meta property=\"og:description\" content=\"Microsoft Teams: recensione del software che consente di effettuare videoconferenze e riunioni online, da qualsiasi dispositivo.\" \/>\n<meta property=\"og:url\" content=\"https:\/\/www.accuratereviews.com\/it\/software-videoconferenze\/microsoft-teams-recensione\/\" \/>\n<meta property=\"og:site_name\" content=\"Accurate Reviews\" \/>\n<meta property=\"article:modified_time\" content=\"2024-11-18T10:46:09+00:00\" \/>\n<meta property=\"og:image\" content=\"https:\/\/www.accuratereviews.com\/wp-content\/uploads\/2024\/11\/images-1_edited-1.jpg\" \/>\n\t<meta property=\"og:image:width\" content=\"300\" \/>\n\t<meta property=\"og:image:height\" content=\"200\" \/>\n\t<meta property=\"og:image:type\" content=\"image\/jpeg\" \/>\n<meta name=\"twitter:card\" content=\"summary_large_image\" \/>\n<meta name=\"twitter:label1\" content=\"Tempo di lettura stimato\" \/>\n\t<meta name=\"twitter:data1\" content=\"4 minuti\" \/>\n<script type=\"application\/ld+json\" class=\"yoast-schema-graph\">{\"@context\":\"https:\\\/\\\/schema.org\",\"@graph\":[{\"@type\":\"WebPage\",\"@id\":\"https:\\\/\\\/www.accuratereviews.com\\\/it\\\/software-videoconferenze\\\/microsoft-teams-recensione\\\/\",\"url\":\"https:\\\/\\\/www.accuratereviews.com\\\/it\\\/software-videoconferenze\\\/microsoft-teams-recensione\\\/\",\"name\":\"Microsoft Teams: recensione software videoconferenze - Accurate Reviews\",\"isPartOf\":{\"@id\":\"https:\\\/\\\/www.accuratereviews.com\\\/it\\\/#website\"},\"primaryImageOfPage\":{\"@id\":\"https:\\\/\\\/www.accuratereviews.com\\\/it\\\/software-videoconferenze\\\/microsoft-teams-recensione\\\/#primaryimage\"},\"image\":{\"@id\":\"https:\\\/\\\/www.accuratereviews.com\\\/it\\\/software-videoconferenze\\\/microsoft-teams-recensione\\\/#primaryimage\"},\"thumbnailUrl\":\"https:\\\/\\\/www.accuratereviews.com\\\/wp-content\\\/uploads\\\/2024\\\/11\\\/images-1_edited-1.jpg\",\"datePublished\":\"2024-11-14T15:37:30+00:00\",\"dateModified\":\"2024-11-18T10:46:09+00:00\",\"description\":\"Microsoft Teams: recensione del software che consente di effettuare videoconferenze e riunioni online, da qualsiasi dispositivo.\",\"breadcrumb\":{\"@id\":\"https:\\\/\\\/www.accuratereviews.com\\\/it\\\/software-videoconferenze\\\/microsoft-teams-recensione\\\/#breadcrumb\"},\"inLanguage\":\"it-IT\",\"potentialAction\":[{\"@type\":\"ReadAction\",\"target\":[\"https:\\\/\\\/www.accuratereviews.com\\\/it\\\/software-videoconferenze\\\/microsoft-teams-recensione\\\/\"]}]},{\"@type\":\"ImageObject\",\"inLanguage\":\"it-IT\",\"@id\":\"https:\\\/\\\/www.accuratereviews.com\\\/it\\\/software-videoconferenze\\\/microsoft-teams-recensione\\\/#primaryimage\",\"url\":\"https:\\\/\\\/www.accuratereviews.com\\\/wp-content\\\/uploads\\\/2024\\\/11\\\/images-1_edited-1.jpg\",\"contentUrl\":\"https:\\\/\\\/www.accuratereviews.com\\\/wp-content\\\/uploads\\\/2024\\\/11\\\/images-1_edited-1.jpg\",\"width\":300,\"height\":200},{\"@type\":\"BreadcrumbList\",\"@id\":\"https:\\\/\\\/www.accuratereviews.com\\\/it\\\/software-videoconferenze\\\/microsoft-teams-recensione\\\/#breadcrumb\",\"itemListElement\":[{\"@type\":\"ListItem\",\"position\":1,\"name\":\"Home\",\"item\":\"https:\\\/\\\/www.accuratereviews.com\\\/it\\\/\"},{\"@type\":\"ListItem\",\"position\":2,\"name\":\"Software videoconferenze\",\"item\":\"https:\\\/\\\/www.accuratereviews.com\\\/it\\\/software-videoconferenze\\\/\"},{\"@type\":\"ListItem\",\"position\":3,\"name\":\"Microsoft Teams\"}]},{\"@type\":\"WebSite\",\"@id\":\"https:\\\/\\\/www.accuratereviews.com\\\/it\\\/#website\",\"url\":\"https:\\\/\\\/www.accuratereviews.com\\\/it\\\/\",\"name\":\"Accurate Reviews\",\"description\":\"\",\"potentialAction\":[{\"@type\":\"SearchAction\",\"target\":{\"@type\":\"EntryPoint\",\"urlTemplate\":\"https:\\\/\\\/www.accuratereviews.com\\\/it\\\/?s={search_term_string}\"},\"query-input\":{\"@type\":\"PropertyValueSpecification\",\"valueRequired\":true,\"valueName\":\"search_term_string\"}}],\"inLanguage\":\"it-IT\"}]}<\/script>\n<!-- \/ Yoast SEO plugin. -->","yoast_head_json":{"title":"Microsoft Teams: recensione software videoconferenze - Accurate Reviews","description":"Microsoft Teams: recensione del software che consente di effettuare videoconferenze e riunioni online, da qualsiasi dispositivo.","robots":{"index":"index","follow":"follow","max-snippet":"max-snippet:-1","max-image-preview":"max-image-preview:large","max-video-preview":"max-video-preview:-1"},"canonical":"https:\/\/www.accuratereviews.com\/it\/software-videoconferenze\/microsoft-teams-recensione\/","og_locale":"it_IT","og_type":"article","og_title":"Microsoft Teams: recensione software videoconferenze - Accurate Reviews","og_description":"Microsoft Teams: recensione del software che consente di effettuare videoconferenze e riunioni online, da qualsiasi dispositivo.","og_url":"https:\/\/www.accuratereviews.com\/it\/software-videoconferenze\/microsoft-teams-recensione\/","og_site_name":"Accurate Reviews","article_modified_time":"2024-11-18T10:46:09+00:00","og_image":[{"width":300,"height":200,"url":"https:\/\/www.accuratereviews.com\/wp-content\/uploads\/2024\/11\/images-1_edited-1.jpg","type":"image\/jpeg"}],"twitter_card":"summary_large_image","twitter_misc":{"Tempo di lettura stimato":"4 minuti"},"schema":{"@context":"https:\/\/schema.org","@graph":[{"@type":"WebPage","@id":"https:\/\/www.accuratereviews.com\/it\/software-videoconferenze\/microsoft-teams-recensione\/","url":"https:\/\/www.accuratereviews.com\/it\/software-videoconferenze\/microsoft-teams-recensione\/","name":"Microsoft Teams: recensione software videoconferenze - Accurate Reviews","isPartOf":{"@id":"https:\/\/www.accuratereviews.com\/it\/#website"},"primaryImageOfPage":{"@id":"https:\/\/www.accuratereviews.com\/it\/software-videoconferenze\/microsoft-teams-recensione\/#primaryimage"},"image":{"@id":"https:\/\/www.accuratereviews.com\/it\/software-videoconferenze\/microsoft-teams-recensione\/#primaryimage"},"thumbnailUrl":"https:\/\/www.accuratereviews.com\/wp-content\/uploads\/2024\/11\/images-1_edited-1.jpg","datePublished":"2024-11-14T15:37:30+00:00","dateModified":"2024-11-18T10:46:09+00:00","description":"Microsoft Teams: recensione del software che consente di effettuare videoconferenze e riunioni online, da qualsiasi dispositivo.","breadcrumb":{"@id":"https:\/\/www.accuratereviews.com\/it\/software-videoconferenze\/microsoft-teams-recensione\/#breadcrumb"},"inLanguage":"it-IT","potentialAction":[{"@type":"ReadAction","target":["https:\/\/www.accuratereviews.com\/it\/software-videoconferenze\/microsoft-teams-recensione\/"]}]},{"@type":"ImageObject","inLanguage":"it-IT","@id":"https:\/\/www.accuratereviews.com\/it\/software-videoconferenze\/microsoft-teams-recensione\/#primaryimage","url":"https:\/\/www.accuratereviews.com\/wp-content\/uploads\/2024\/11\/images-1_edited-1.jpg","contentUrl":"https:\/\/www.accuratereviews.com\/wp-content\/uploads\/2024\/11\/images-1_edited-1.jpg","width":300,"height":200},{"@type":"BreadcrumbList","@id":"https:\/\/www.accuratereviews.com\/it\/software-videoconferenze\/microsoft-teams-recensione\/#breadcrumb","itemListElement":[{"@type":"ListItem","position":1,"name":"Home","item":"https:\/\/www.accuratereviews.com\/it\/"},{"@type":"ListItem","position":2,"name":"Software videoconferenze","item":"https:\/\/www.accuratereviews.com\/it\/software-videoconferenze\/"},{"@type":"ListItem","position":3,"name":"Microsoft Teams"}]},{"@type":"WebSite","@id":"https:\/\/www.accuratereviews.com\/it\/#website","url":"https:\/\/www.accuratereviews.com\/it\/","name":"Accurate Reviews","description":"","potentialAction":[{"@type":"SearchAction","target":{"@type":"EntryPoint","urlTemplate":"https:\/\/www.accuratereviews.com\/it\/?s={search_term_string}"},"query-input":{"@type":"PropertyValueSpecification","valueRequired":true,"valueName":"search_term_string"}}],"inLanguage":"it-IT"}]}},"_links":{"self":[{"href":"https:\/\/www.accuratereviews.com\/it\/wp-json\/wp\/v2\/pages\/80328","targetHints":{"allow":["GET"]}}],"collection":[{"href":"https:\/\/www.accuratereviews.com\/it\/wp-json\/wp\/v2\/pages"}],"about":[{"href":"https:\/\/www.accuratereviews.com\/it\/wp-json\/wp\/v2\/types\/page"}],"author":[{"embeddable":true,"href":"https:\/\/www.accuratereviews.com\/it\/wp-json\/wp\/v2\/users\/17"}],"replies":[{"embeddable":true,"href":"https:\/\/www.accuratereviews.com\/it\/wp-json\/wp\/v2\/comments?post=80328"}],"version-history":[{"count":4,"href":"https:\/\/www.accuratereviews.com\/it\/wp-json\/wp\/v2\/pages\/80328\/revisions"}],"predecessor-version":[{"id":80428,"href":"https:\/\/www.accuratereviews.com\/it\/wp-json\/wp\/v2\/pages\/80328\/revisions\/80428"}],"up":[{"embeddable":true,"href":"https:\/\/www.accuratereviews.com\/it\/wp-json\/wp\/v2\/pages\/80267"}],"wp:featuredmedia":[{"embeddable":true,"href":"https:\/\/www.accuratereviews.com\/it\/wp-json\/wp\/v2\/media\/80346"}],"wp:attachment":[{"href":"https:\/\/www.accuratereviews.com\/it\/wp-json\/wp\/v2\/media?parent=80328"}],"wp:term":[{"taxonomy":"category","embeddable":true,"href":"https:\/\/www.accuratereviews.com\/it\/wp-json\/wp\/v2\/categories?post=80328"},{"taxonomy":"post_tag","embeddable":true,"href":"https:\/\/www.accuratereviews.com\/it\/wp-json\/wp\/v2\/tags?post=80328"},{"taxonomy":"features","embeddable":true,"href":"https:\/\/www.accuratereviews.com\/it\/wp-json\/wp\/v2\/features?post=80328"}],"curies":[{"name":"wp","href":"https:\/\/api.w.org\/{rel}","templated":true}]}}