{"id":80456,"date":"2024-11-18T15:39:53","date_gmt":"2024-11-18T15:39:53","guid":{"rendered":"https:\/\/www.accuratereviews.com\/?page_id=80456"},"modified":"2024-11-21T13:53:54","modified_gmt":"2024-11-21T13:53:54","slug":"google-meet-recensione","status":"publish","type":"page","link":"https:\/\/www.accuratereviews.com\/it\/software-videoconferenze\/google-meet-recensione\/","title":{"rendered":"Google Meet"},"content":{"rendered":"<p><strong>Google Meet<\/strong> \u00e8 una <strong>piattaforma di video conferenza<\/strong> sviluppata da Google, ideale per chi cerca semplicit\u00e0 e affidabilit\u00e0. Parte della suite di Google Workspace, si distingue per la sua facilit\u00e0 di utilizzo, l&#8217;accessibilit\u00e0 e l&#8217;integrazione con altri strumenti come Google Calendar e Gmail. Perfetto per aziende, scuole e privati, consente di organizzare e partecipare a riunioni online in modo rapido e sicuro.<br \/>\nChe si tratti di una riunione di lavoro, una videochiamata con amici o una lezione online,<strong> Google Meet<\/strong> offre una soluzione flessibile e sicura per tutte le esigenze di comunicazione. L\u2019interfaccia user-friendly e l\u2019accesso rapido tramite browser senza la necessit\u00e0 di scaricare software aggiuntivo lo rendono un&#8217;opzione ideale per chi cerca un servizio di video conferenza pratico e veloce.<\/p>\n<h2>GOOGLE MEET &#8211; TUTORIAL<\/h2>\n<div id=\"fluid-wrapper-counter-1\" class=\"g1-fluid-wrapper \" style=\"width:686px;\">\n<div style=\"padding-bottom:56.268221574344%;\"><iframe loading=\"lazy\" title=\"Come Funziona GOOGLE MEET - Guida Pratica per Principianti\" width=\"686\" height=\"386\" src=\"https:\/\/www.youtube.com\/embed\/9nKm2-RK--Q?feature=oembed&amp;wmode=transparent&amp;autohide=1&amp;autoplay=0&amp;disablekb=0&amp;fs=1&amp;loop=0&amp;enablejsapi=1&amp;rel=0&amp;controls=2&amp;showinfo=0&amp;wmode=transparent&amp;autohide=2&amp;autoplay=0&amp;disablekb=0&amp;fs=1&amp;loop=0&amp;enablejsapi=1&amp;rel=0&amp;controls=2&amp;showinfo=1\" frameborder=\"0\" allow=\"accelerometer; autoplay; clipboard-write; encrypted-media; gyroscope; picture-in-picture; web-share\" referrerpolicy=\"strict-origin-when-cross-origin\" allowfullscreen><\/iframe><\/div>\n<\/div>\n<h3>GOOGLE MEET &#8211; CARATTERISTICHE<\/h3>\n<ul>\n<li><strong>Integrazione con Google Calendar<\/strong> per una pianificazione veloce e senza problemi<\/li>\n<li><strong>Sottotitoli in tempo reale<\/strong> per una maggiore inclusivit\u00e0 e comprensione<\/li>\n<li><strong>Accesso rapido da browser<\/strong> senza necessit\u00e0 di installare software<\/li>\n<li><strong>Sicurezza avanzata<\/strong> con crittografia e misure anti-abuso.<\/li>\n<\/ul>\n<h4>LE RECENSIONI DEGLI UTENTI<\/h4>\n<p><strong>Marshall \u201cLo strumento di videochiamata pi\u00f9 accessibile\u201d<\/strong><br \/>\nPro: Super accessibile &#8211; tutto \u00e8 basato sul browser a differenza delle alternative (es. zoom, team)<br \/>\nContro: Onestamente, mi piace tutto di Google Meet &#8211; ancora una volta, molto meglio di qualsiasi alternativa.<\/p>\n<p><strong>Sabrina \u201cRecensione di Google Meet\u201d<\/strong><br \/>\nPro: Google Meet \u00e8 facile da usare. Non \u00e8 necessario scaricare nulla per utilizzarlo.<br \/>\nContro: Non ci sono molti add on che si possono usare in tandem con Google Meet. Inoltre, non \u00e8 possibile registrare<\/p>\n<p><strong>Brianna \u201cRecensione di Google Meet\u201d<\/strong><br \/>\nPro: La facilit\u00e0 di accesso e la semplicit\u00e0 di utilizzo del software video.<br \/>\nContro: A volte il software si bloccava e mi creava difficolt\u00e0.<\/p>\n","protected":false},"excerpt":{"rendered":"<p>Google Meet \u00e8 una piattaforma di video conferenza sviluppata da Google, ideale per chi cerca semplicit\u00e0 e affidabilit\u00e0. Parte della suite di Google Workspace, si distingue per la sua facilit\u00e0 di utilizzo, l&#8217;accessibilit\u00e0 e l&#8217;integrazione con altri strumenti come Google Calendar e Gmail. Perfetto per aziende, scuole e privati, consente di organizzare e partecipare a riunioni online in modo rapido e sicuro.<\/p>\n","protected":false},"author":17,"featured_media":80457,"parent":80267,"menu_order":0,"comment_status":"open","ping_status":"closed","template":"g1_template_page_review_new.php","meta":{"_acf_changed":false,"cwp_meta_box_check":"No","cwp_rev_product_name":"","cwp_rev_product_image":"","wppr_links":[],"cwp_rev_price":"","wppr_options":[],"wppr_pros":[],"wppr_cons":[],"_monsterinsights_skip_tracking":false,"_monsterinsights_sitenote_active":false,"_monsterinsights_sitenote_note":"","_monsterinsights_sitenote_category":0,"footnotes":""},"categories":[15524],"tags":[15512,15511,15513,15510],"features":[],"class_list":{"0":"post-80456","1":"page","2":"type-page","3":"status-publish","4":"has-post-thumbnail","6":"category-software-videoconferenze-cat","7":"tag-piattaforma-di-video-conferenza","8":"tag-porgramma-di-video-conferenza","9":"tag-riunione-online","10":"tag-software-di-video-conferenza"},"wppr_data":{"cwp_meta_box_check":"No"},"acf":[],"yoast_head":"<!-- This site is optimized with the Yoast SEO plugin v27.4 - https:\/\/yoast.com\/product\/yoast-seo-wordpress\/ -->\n<title>Google Meet: recensione piattaforma video conferenza - Accurate Reviews<\/title>\n<meta name=\"description\" content=\"Google Meet: recensione della piattaforma di video conferenza sviluppata da Google, ideale per chi cerca semplicit\u00e0 e affidabilit\u00e0.\" \/>\n<meta name=\"robots\" content=\"index, follow, max-snippet:-1, max-image-preview:large, max-video-preview:-1\" \/>\n<link rel=\"canonical\" href=\"https:\/\/www.accuratereviews.com\/it\/software-videoconferenze\/google-meet-recensione\/\" \/>\n<meta property=\"og:locale\" content=\"it_IT\" \/>\n<meta property=\"og:type\" content=\"article\" \/>\n<meta property=\"og:title\" content=\"Google Meet: recensione piattaforma video conferenza - Accurate Reviews\" \/>\n<meta property=\"og:description\" content=\"Google Meet: recensione della piattaforma di video conferenza sviluppata da Google, ideale per chi cerca semplicit\u00e0 e affidabilit\u00e0.\" \/>\n<meta property=\"og:url\" content=\"https:\/\/www.accuratereviews.com\/it\/software-videoconferenze\/google-meet-recensione\/\" \/>\n<meta property=\"og:site_name\" content=\"Accurate Reviews\" \/>\n<meta property=\"article:modified_time\" content=\"2024-11-21T13:53:54+00:00\" \/>\n<meta property=\"og:image\" content=\"https:\/\/www.accuratereviews.com\/wp-content\/uploads\/2024\/11\/images-2.png\" \/>\n\t<meta property=\"og:image:width\" content=\"250\" \/>\n\t<meta property=\"og:image:height\" content=\"202\" \/>\n\t<meta property=\"og:image:type\" content=\"image\/png\" \/>\n<meta name=\"twitter:card\" content=\"summary_large_image\" \/>\n<meta name=\"twitter:label1\" content=\"Tempo di lettura stimato\" \/>\n\t<meta name=\"twitter:data1\" content=\"3 minuti\" \/>\n<script type=\"application\/ld+json\" class=\"yoast-schema-graph\">{\"@context\":\"https:\\\/\\\/schema.org\",\"@graph\":[{\"@type\":\"WebPage\",\"@id\":\"https:\\\/\\\/www.accuratereviews.com\\\/it\\\/software-videoconferenze\\\/google-meet-recensione\\\/\",\"url\":\"https:\\\/\\\/www.accuratereviews.com\\\/it\\\/software-videoconferenze\\\/google-meet-recensione\\\/\",\"name\":\"Google Meet: recensione piattaforma video conferenza - Accurate Reviews\",\"isPartOf\":{\"@id\":\"https:\\\/\\\/www.accuratereviews.com\\\/it\\\/#website\"},\"primaryImageOfPage\":{\"@id\":\"https:\\\/\\\/www.accuratereviews.com\\\/it\\\/software-videoconferenze\\\/google-meet-recensione\\\/#primaryimage\"},\"image\":{\"@id\":\"https:\\\/\\\/www.accuratereviews.com\\\/it\\\/software-videoconferenze\\\/google-meet-recensione\\\/#primaryimage\"},\"thumbnailUrl\":\"https:\\\/\\\/www.accuratereviews.com\\\/wp-content\\\/uploads\\\/2024\\\/11\\\/images-2.png\",\"datePublished\":\"2024-11-18T15:39:53+00:00\",\"dateModified\":\"2024-11-21T13:53:54+00:00\",\"description\":\"Google Meet: recensione della piattaforma di video conferenza sviluppata da Google, ideale per chi cerca semplicit\u00e0 e affidabilit\u00e0.\",\"breadcrumb\":{\"@id\":\"https:\\\/\\\/www.accuratereviews.com\\\/it\\\/software-videoconferenze\\\/google-meet-recensione\\\/#breadcrumb\"},\"inLanguage\":\"it-IT\",\"potentialAction\":[{\"@type\":\"ReadAction\",\"target\":[\"https:\\\/\\\/www.accuratereviews.com\\\/it\\\/software-videoconferenze\\\/google-meet-recensione\\\/\"]}]},{\"@type\":\"ImageObject\",\"inLanguage\":\"it-IT\",\"@id\":\"https:\\\/\\\/www.accuratereviews.com\\\/it\\\/software-videoconferenze\\\/google-meet-recensione\\\/#primaryimage\",\"url\":\"https:\\\/\\\/www.accuratereviews.com\\\/wp-content\\\/uploads\\\/2024\\\/11\\\/images-2.png\",\"contentUrl\":\"https:\\\/\\\/www.accuratereviews.com\\\/wp-content\\\/uploads\\\/2024\\\/11\\\/images-2.png\",\"width\":250,\"height\":202},{\"@type\":\"BreadcrumbList\",\"@id\":\"https:\\\/\\\/www.accuratereviews.com\\\/it\\\/software-videoconferenze\\\/google-meet-recensione\\\/#breadcrumb\",\"itemListElement\":[{\"@type\":\"ListItem\",\"position\":1,\"name\":\"Home\",\"item\":\"https:\\\/\\\/www.accuratereviews.com\\\/it\\\/\"},{\"@type\":\"ListItem\",\"position\":2,\"name\":\"Software videoconferenze\",\"item\":\"https:\\\/\\\/www.accuratereviews.com\\\/it\\\/software-videoconferenze\\\/\"},{\"@type\":\"ListItem\",\"position\":3,\"name\":\"Google Meet\"}]},{\"@type\":\"WebSite\",\"@id\":\"https:\\\/\\\/www.accuratereviews.com\\\/it\\\/#website\",\"url\":\"https:\\\/\\\/www.accuratereviews.com\\\/it\\\/\",\"name\":\"Accurate Reviews\",\"description\":\"\",\"potentialAction\":[{\"@type\":\"SearchAction\",\"target\":{\"@type\":\"EntryPoint\",\"urlTemplate\":\"https:\\\/\\\/www.accuratereviews.com\\\/it\\\/?s={search_term_string}\"},\"query-input\":{\"@type\":\"PropertyValueSpecification\",\"valueRequired\":true,\"valueName\":\"search_term_string\"}}],\"inLanguage\":\"it-IT\"}]}<\/script>\n<!-- \/ Yoast SEO plugin. -->","yoast_head_json":{"title":"Google Meet: recensione piattaforma video conferenza - Accurate Reviews","description":"Google Meet: recensione della piattaforma di video conferenza sviluppata da Google, ideale per chi cerca semplicit\u00e0 e affidabilit\u00e0.","robots":{"index":"index","follow":"follow","max-snippet":"max-snippet:-1","max-image-preview":"max-image-preview:large","max-video-preview":"max-video-preview:-1"},"canonical":"https:\/\/www.accuratereviews.com\/it\/software-videoconferenze\/google-meet-recensione\/","og_locale":"it_IT","og_type":"article","og_title":"Google Meet: recensione piattaforma video conferenza - Accurate Reviews","og_description":"Google Meet: recensione della piattaforma di video conferenza sviluppata da Google, ideale per chi cerca semplicit\u00e0 e affidabilit\u00e0.","og_url":"https:\/\/www.accuratereviews.com\/it\/software-videoconferenze\/google-meet-recensione\/","og_site_name":"Accurate Reviews","article_modified_time":"2024-11-21T13:53:54+00:00","og_image":[{"width":250,"height":202,"url":"https:\/\/www.accuratereviews.com\/wp-content\/uploads\/2024\/11\/images-2.png","type":"image\/png"}],"twitter_card":"summary_large_image","twitter_misc":{"Tempo di lettura stimato":"3 minuti"},"schema":{"@context":"https:\/\/schema.org","@graph":[{"@type":"WebPage","@id":"https:\/\/www.accuratereviews.com\/it\/software-videoconferenze\/google-meet-recensione\/","url":"https:\/\/www.accuratereviews.com\/it\/software-videoconferenze\/google-meet-recensione\/","name":"Google Meet: recensione piattaforma video conferenza - Accurate Reviews","isPartOf":{"@id":"https:\/\/www.accuratereviews.com\/it\/#website"},"primaryImageOfPage":{"@id":"https:\/\/www.accuratereviews.com\/it\/software-videoconferenze\/google-meet-recensione\/#primaryimage"},"image":{"@id":"https:\/\/www.accuratereviews.com\/it\/software-videoconferenze\/google-meet-recensione\/#primaryimage"},"thumbnailUrl":"https:\/\/www.accuratereviews.com\/wp-content\/uploads\/2024\/11\/images-2.png","datePublished":"2024-11-18T15:39:53+00:00","dateModified":"2024-11-21T13:53:54+00:00","description":"Google Meet: recensione della piattaforma di video conferenza sviluppata da Google, ideale per chi cerca semplicit\u00e0 e affidabilit\u00e0.","breadcrumb":{"@id":"https:\/\/www.accuratereviews.com\/it\/software-videoconferenze\/google-meet-recensione\/#breadcrumb"},"inLanguage":"it-IT","potentialAction":[{"@type":"ReadAction","target":["https:\/\/www.accuratereviews.com\/it\/software-videoconferenze\/google-meet-recensione\/"]}]},{"@type":"ImageObject","inLanguage":"it-IT","@id":"https:\/\/www.accuratereviews.com\/it\/software-videoconferenze\/google-meet-recensione\/#primaryimage","url":"https:\/\/www.accuratereviews.com\/wp-content\/uploads\/2024\/11\/images-2.png","contentUrl":"https:\/\/www.accuratereviews.com\/wp-content\/uploads\/2024\/11\/images-2.png","width":250,"height":202},{"@type":"BreadcrumbList","@id":"https:\/\/www.accuratereviews.com\/it\/software-videoconferenze\/google-meet-recensione\/#breadcrumb","itemListElement":[{"@type":"ListItem","position":1,"name":"Home","item":"https:\/\/www.accuratereviews.com\/it\/"},{"@type":"ListItem","position":2,"name":"Software videoconferenze","item":"https:\/\/www.accuratereviews.com\/it\/software-videoconferenze\/"},{"@type":"ListItem","position":3,"name":"Google Meet"}]},{"@type":"WebSite","@id":"https:\/\/www.accuratereviews.com\/it\/#website","url":"https:\/\/www.accuratereviews.com\/it\/","name":"Accurate Reviews","description":"","potentialAction":[{"@type":"SearchAction","target":{"@type":"EntryPoint","urlTemplate":"https:\/\/www.accuratereviews.com\/it\/?s={search_term_string}"},"query-input":{"@type":"PropertyValueSpecification","valueRequired":true,"valueName":"search_term_string"}}],"inLanguage":"it-IT"}]}},"_links":{"self":[{"href":"https:\/\/www.accuratereviews.com\/it\/wp-json\/wp\/v2\/pages\/80456","targetHints":{"allow":["GET"]}}],"collection":[{"href":"https:\/\/www.accuratereviews.com\/it\/wp-json\/wp\/v2\/pages"}],"about":[{"href":"https:\/\/www.accuratereviews.com\/it\/wp-json\/wp\/v2\/types\/page"}],"author":[{"embeddable":true,"href":"https:\/\/www.accuratereviews.com\/it\/wp-json\/wp\/v2\/users\/17"}],"replies":[{"embeddable":true,"href":"https:\/\/www.accuratereviews.com\/it\/wp-json\/wp\/v2\/comments?post=80456"}],"version-history":[{"count":2,"href":"https:\/\/www.accuratereviews.com\/it\/wp-json\/wp\/v2\/pages\/80456\/revisions"}],"predecessor-version":[{"id":80546,"href":"https:\/\/www.accuratereviews.com\/it\/wp-json\/wp\/v2\/pages\/80456\/revisions\/80546"}],"up":[{"embeddable":true,"href":"https:\/\/www.accuratereviews.com\/it\/wp-json\/wp\/v2\/pages\/80267"}],"wp:featuredmedia":[{"embeddable":true,"href":"https:\/\/www.accuratereviews.com\/it\/wp-json\/wp\/v2\/media\/80457"}],"wp:attachment":[{"href":"https:\/\/www.accuratereviews.com\/it\/wp-json\/wp\/v2\/media?parent=80456"}],"wp:term":[{"taxonomy":"category","embeddable":true,"href":"https:\/\/www.accuratereviews.com\/it\/wp-json\/wp\/v2\/categories?post=80456"},{"taxonomy":"post_tag","embeddable":true,"href":"https:\/\/www.accuratereviews.com\/it\/wp-json\/wp\/v2\/tags?post=80456"},{"taxonomy":"features","embeddable":true,"href":"https:\/\/www.accuratereviews.com\/it\/wp-json\/wp\/v2\/features?post=80456"}],"curies":[{"name":"wp","href":"https:\/\/api.w.org\/{rel}","templated":true}]}}