{"id":80468,"date":"2024-11-19T19:05:16","date_gmt":"2024-11-19T19:05:16","guid":{"rendered":"https:\/\/www.accuratereviews.com\/?page_id=80468"},"modified":"2024-11-19T19:05:16","modified_gmt":"2024-11-19T19:05:16","slug":"metigy-recensione","status":"publish","type":"page","link":"https:\/\/www.accuratereviews.com\/it\/software-intelligenza-artificiale\/metigy-recensione\/","title":{"rendered":"Metigy"},"content":{"rendered":"<p><strong>Metigy<\/strong> \u00e8 una soluzione basata su <strong>cloud<\/strong>, sviluppata per pianificare strategie di marketing sui social media, definire obiettivi e creare contenuti. Le funzionalit\u00e0 principali includono monitoraggio dei progressi, gestione delle risorse, budget e reportistica personalizzabile. La piattaforma centralizzata dell&#8217;applicazione aiuta i manager a creare pi\u00f9 profili di marca, assegnare attivit\u00e0 ai membri del team e connettersi con i clienti per ricevere approvazioni sui contenuti in tempo reale.<br \/>\nI responsabili del marketing possono generare annunci sui social media utilizzando strumenti di pianificazione dei contenuti e programmare post su varie reti tramite il calendario. Gli inserzionisti possono utilizzare la libreria di risorse integrata di <strong>Metigy<\/strong> di<strong> immagini, video, GIF e file audio<\/strong> e condividere le informazioni richieste con i creatori di contenuti per sviluppare post. \u00c8 disponibile anche la progettazione grafica su richiesta. Inoltre, i team possono utilizzare la dashboard di analisi per monitorare le prestazioni delle campagne dei concorrenti in base ai dati demografici dei clienti, alle piattaforme di social network e ai contenuti.<\/p>\n<h2>METIGY &#8211; TUTORIAL<\/h2>\n<div id=\"fluid-wrapper-counter-1\" class=\"g1-fluid-wrapper \" style=\"width:686px;\">\n<div style=\"padding-bottom:56.268221574344%;\"><iframe loading=\"lazy\" title=\"Metigy product overview October 2017\" width=\"686\" height=\"386\" src=\"https:\/\/www.youtube.com\/embed\/eCK9qsjQGwI?start=453&#038;feature=oembed&amp;wmode=transparent&amp;autohide=1&amp;autoplay=0&amp;disablekb=0&amp;fs=1&amp;loop=0&amp;enablejsapi=1&amp;rel=0&amp;controls=2&amp;showinfo=0&amp;wmode=transparent&amp;autohide=2&amp;autoplay=0&amp;disablekb=0&amp;fs=1&amp;loop=0&amp;enablejsapi=1&amp;rel=0&amp;controls=2&amp;showinfo=1\" frameborder=\"0\" allow=\"accelerometer; autoplay; clipboard-write; encrypted-media; gyroscope; picture-in-picture; web-share\" referrerpolicy=\"strict-origin-when-cross-origin\" allowfullscreen><\/iframe><\/div>\n<\/div>\n<h3>METIGY &#8211; CARATTERISTICHE<\/h3>\n<ul>\n<li><strong>Determina i tuoi canali di marketing<\/strong>: sviluppa strategie e determina la combinazione ottimale di canali di marketing che migliorano efficacemente la visibilit\u00e0 della tua attivit\u00e0 e guidano il successo.<\/li>\n<li><strong>Riconosci il tuo pubblico di destinazione<\/strong>: a seconda della tua attivit\u00e0 e della sua nicchia, determiniamo il pubblico di destinazione che potrebbe essere interessato alla tua attivit\u00e0.<\/li>\n<li><strong>Crea una strategia personalizzata<\/strong>: crea strategie di marketing digitale personalizzate per la tua attivit\u00e0, comprese campagne che possono aiutarti a crescere.<\/li>\n<li><strong>Analizza i concorrenti<\/strong>: esamina i siti web dei tuoi concorrenti per conoscere le strategie di marketing utilizzate nella tua nicchia di mercato.<\/li>\n<li><strong>Implementa la strategia<\/strong>: una volta finalizzata tutta la pianificazione sar\u00e0 implementata in modo che tu possa ottenere una rapida crescita organica.<\/li>\n<\/ul>\n<h4>LE RECENSIONI DEGLI UTENTI<\/h4>\n<p><strong>Carolina &#8220;Lo strumento di gestione dei social media con facile analisi gestisce le nostre pagine dei social media&#8221;<\/strong><br \/>\n<strong>Pro<\/strong>: Metigy fa risparmiare tempo e automatizza le attivit\u00e0. Le caratteristiche principali del software includono analisi e idee, idee utilizzabili, conversazioni di tendenze, monitoraggio di influenze e concorrenza e generazione di report automatici.<br \/>\n<strong>Contro<\/strong>: \u00e8 un po&#8217; difficile da navigare all&#8217;inizio Il team dietro Metigy \u00e8 sempre estremamente utile e risponde immediatamente ogni volta che hai un problema.<\/p>\n<p><strong>Juan &#8220;Un modo diverso di approcciarsi \u00a0all&#8217;intelligenza artificiale.&#8221;<\/strong><br \/>\n<strong>Commenti<\/strong>: Abbiamo cercato facilmente il modo migliore e pi\u00f9 sicuro per gestire i nostri social network e, anche se all&#8217;inizio eravamo un po&#8217; diffidenti nei confronti di un software di intelligenza artificiale, le cose sono cambiate completamente quando abbiamo usato Metigy.<br \/>\n<strong>Pro<\/strong>: Di Metigy mi piace tutto, il modo semplice con cui possiamo pubblicare i contenuti desiderati su tutti i nostri social network, l&#8217;intelligenza artificiale ci aiuta a potenziare i contenuti legati ai gusti.<br \/>\n<strong>Contro<\/strong>: Non c&#8217;\u00e8 niente che non mi piace, il servizio clienti \u00e8 molto buono e se ho bisogno d&#8217;aiuto sono sempre presenti.<\/p>\n<p><strong>Donna &#8220;Ottimo servizio se non hai bisogno del servizio clienti, cosa che ti servir\u00e0&#8221;<\/strong><br \/>\n<strong>Commenti<\/strong>: Ci \u00e8 piaciuta la possibilit\u00e0 di creare e programmare post, ma non ci \u00e8 piaciuta la segnalazione e la mancanza di servizio clienti.<br \/>\n<strong>Pro<\/strong>: La configurazione e il caricamento delle immagini sono stati semplici, la programmazione post \u00e8 stato semplice da capire.<br \/>\n<strong>Contro<\/strong>: gli account si disconnettono periodicamente e casualmente, il che causa problemi con i post programmati. I report di analisi erano complicati e non abbiamo mai visto un vantaggio, perch\u00e9 siamo finiti per tornare ai nostri account nei vari piattaforme per la segnalazione. Ho contattato l&#8217;assistenza clienti pi\u00f9 volte (via e-mail e chat sul sito Web) per pi\u00f9 di 2 mesi senza *assolutamente alcuna risposta*. Non esiste un servizio clienti per quanto ne so. Ho provato a contattare Membri del team sul sito web: l&#8217;elenco del team non \u00e8 stato aggiornato e alcune persone hanno lasciato l&#8217;azienda pi\u00f9 di 6 mesi fa.<\/p>\n","protected":false},"excerpt":{"rendered":"<p>Metigy \u00e8 una soluzione basata su cloud, sviluppata per pianificare strategie di marketing sui social media, definire obiettivi e creare contenuti. Le funzionalit\u00e0 principali includono monitoraggio dei progressi, gestione delle risorse, budget e reportistica personalizzabile. <\/p>\n","protected":false},"author":19,"featured_media":80469,"parent":79864,"menu_order":0,"comment_status":"open","ping_status":"closed","template":"g1_template_page_review_new.php","meta":{"_acf_changed":false,"cwp_meta_box_check":"No","cwp_rev_product_name":"","cwp_rev_product_image":"","wppr_links":[],"cwp_rev_price":"","wppr_options":[],"wppr_pros":[],"wppr_cons":[],"_monsterinsights_skip_tracking":false,"_monsterinsights_sitenote_active":false,"_monsterinsights_sitenote_note":"","_monsterinsights_sitenote_category":0,"footnotes":""},"categories":[15435],"tags":[997,998,15554,15441,15440,15479,15555],"features":[],"class_list":{"0":"post-80468","1":"page","2":"type-page","3":"status-publish","4":"has-post-thumbnail","6":"category-software-intelligenza-artificiale-cat","7":"tag-ai","8":"tag-intelligenza-artificiale","9":"tag-metigy","10":"tag-piattaforma-intelligenza-artificiale","11":"tag-programma-intelligenza-artificiale","12":"tag-software-intelligenza-artificiale","13":"tag-soluzione-intelligenza-artigianale"},"wppr_data":{"cwp_meta_box_check":"No"},"acf":[],"yoast_head":"<!-- This site is optimized with the Yoast SEO plugin v27.4 - https:\/\/yoast.com\/product\/yoast-seo-wordpress\/ -->\n<title>Metigy: recensione software intelligenza artificiale - Accurate Reviews<\/title>\n<meta name=\"description\" content=\"Metigy: recensione soluzione sviluppata per pianificare strategie di marketing sui social media, definire obiettivi e creare contenuti.\" \/>\n<meta name=\"robots\" content=\"index, follow, max-snippet:-1, max-image-preview:large, max-video-preview:-1\" \/>\n<link rel=\"canonical\" href=\"https:\/\/www.accuratereviews.com\/it\/software-intelligenza-artificiale\/metigy-recensione\/\" \/>\n<meta property=\"og:locale\" content=\"it_IT\" \/>\n<meta property=\"og:type\" content=\"article\" \/>\n<meta property=\"og:title\" content=\"Metigy: recensione software intelligenza artificiale - Accurate Reviews\" \/>\n<meta property=\"og:description\" content=\"Metigy: recensione soluzione sviluppata per pianificare strategie di marketing sui social media, definire obiettivi e creare contenuti.\" \/>\n<meta property=\"og:url\" content=\"https:\/\/www.accuratereviews.com\/it\/software-intelligenza-artificiale\/metigy-recensione\/\" \/>\n<meta property=\"og:site_name\" content=\"Accurate Reviews\" \/>\n<meta property=\"og:image\" content=\"https:\/\/www.accuratereviews.com\/wp-content\/uploads\/2024\/11\/Metigy.jpg\" \/>\n\t<meta property=\"og:image:width\" content=\"400\" \/>\n\t<meta property=\"og:image:height\" content=\"400\" \/>\n\t<meta property=\"og:image:type\" content=\"image\/jpeg\" \/>\n<meta name=\"twitter:card\" content=\"summary_large_image\" \/>\n<meta name=\"twitter:label1\" content=\"Tempo di lettura stimato\" \/>\n\t<meta name=\"twitter:data1\" content=\"5 minuti\" \/>\n<script type=\"application\/ld+json\" class=\"yoast-schema-graph\">{\"@context\":\"https:\\\/\\\/schema.org\",\"@graph\":[{\"@type\":\"WebPage\",\"@id\":\"https:\\\/\\\/www.accuratereviews.com\\\/it\\\/software-intelligenza-artificiale\\\/metigy-recensione\\\/\",\"url\":\"https:\\\/\\\/www.accuratereviews.com\\\/it\\\/software-intelligenza-artificiale\\\/metigy-recensione\\\/\",\"name\":\"Metigy: recensione software intelligenza artificiale - Accurate Reviews\",\"isPartOf\":{\"@id\":\"https:\\\/\\\/www.accuratereviews.com\\\/it\\\/#website\"},\"primaryImageOfPage\":{\"@id\":\"https:\\\/\\\/www.accuratereviews.com\\\/it\\\/software-intelligenza-artificiale\\\/metigy-recensione\\\/#primaryimage\"},\"image\":{\"@id\":\"https:\\\/\\\/www.accuratereviews.com\\\/it\\\/software-intelligenza-artificiale\\\/metigy-recensione\\\/#primaryimage\"},\"thumbnailUrl\":\"https:\\\/\\\/www.accuratereviews.com\\\/wp-content\\\/uploads\\\/2024\\\/11\\\/Metigy.jpg\",\"datePublished\":\"2024-11-19T19:05:16+00:00\",\"description\":\"Metigy: recensione soluzione sviluppata per pianificare strategie di marketing sui social media, definire obiettivi e creare contenuti.\",\"breadcrumb\":{\"@id\":\"https:\\\/\\\/www.accuratereviews.com\\\/it\\\/software-intelligenza-artificiale\\\/metigy-recensione\\\/#breadcrumb\"},\"inLanguage\":\"it-IT\",\"potentialAction\":[{\"@type\":\"ReadAction\",\"target\":[\"https:\\\/\\\/www.accuratereviews.com\\\/it\\\/software-intelligenza-artificiale\\\/metigy-recensione\\\/\"]}]},{\"@type\":\"ImageObject\",\"inLanguage\":\"it-IT\",\"@id\":\"https:\\\/\\\/www.accuratereviews.com\\\/it\\\/software-intelligenza-artificiale\\\/metigy-recensione\\\/#primaryimage\",\"url\":\"https:\\\/\\\/www.accuratereviews.com\\\/wp-content\\\/uploads\\\/2024\\\/11\\\/Metigy.jpg\",\"contentUrl\":\"https:\\\/\\\/www.accuratereviews.com\\\/wp-content\\\/uploads\\\/2024\\\/11\\\/Metigy.jpg\",\"width\":400,\"height\":400},{\"@type\":\"BreadcrumbList\",\"@id\":\"https:\\\/\\\/www.accuratereviews.com\\\/it\\\/software-intelligenza-artificiale\\\/metigy-recensione\\\/#breadcrumb\",\"itemListElement\":[{\"@type\":\"ListItem\",\"position\":1,\"name\":\"Home\",\"item\":\"https:\\\/\\\/www.accuratereviews.com\\\/it\\\/\"},{\"@type\":\"ListItem\",\"position\":2,\"name\":\"Software di intelligenza artificiale\",\"item\":\"https:\\\/\\\/www.accuratereviews.com\\\/it\\\/software-intelligenza-artificiale\\\/\"},{\"@type\":\"ListItem\",\"position\":3,\"name\":\"Metigy\"}]},{\"@type\":\"WebSite\",\"@id\":\"https:\\\/\\\/www.accuratereviews.com\\\/it\\\/#website\",\"url\":\"https:\\\/\\\/www.accuratereviews.com\\\/it\\\/\",\"name\":\"Accurate Reviews\",\"description\":\"\",\"potentialAction\":[{\"@type\":\"SearchAction\",\"target\":{\"@type\":\"EntryPoint\",\"urlTemplate\":\"https:\\\/\\\/www.accuratereviews.com\\\/it\\\/?s={search_term_string}\"},\"query-input\":{\"@type\":\"PropertyValueSpecification\",\"valueRequired\":true,\"valueName\":\"search_term_string\"}}],\"inLanguage\":\"it-IT\"}]}<\/script>\n<!-- \/ Yoast SEO plugin. -->","yoast_head_json":{"title":"Metigy: recensione software intelligenza artificiale - Accurate Reviews","description":"Metigy: recensione soluzione sviluppata per pianificare strategie di marketing sui social media, definire obiettivi e creare contenuti.","robots":{"index":"index","follow":"follow","max-snippet":"max-snippet:-1","max-image-preview":"max-image-preview:large","max-video-preview":"max-video-preview:-1"},"canonical":"https:\/\/www.accuratereviews.com\/it\/software-intelligenza-artificiale\/metigy-recensione\/","og_locale":"it_IT","og_type":"article","og_title":"Metigy: recensione software intelligenza artificiale - Accurate Reviews","og_description":"Metigy: recensione soluzione sviluppata per pianificare strategie di marketing sui social media, definire obiettivi e creare contenuti.","og_url":"https:\/\/www.accuratereviews.com\/it\/software-intelligenza-artificiale\/metigy-recensione\/","og_site_name":"Accurate Reviews","og_image":[{"width":400,"height":400,"url":"https:\/\/www.accuratereviews.com\/wp-content\/uploads\/2024\/11\/Metigy.jpg","type":"image\/jpeg"}],"twitter_card":"summary_large_image","twitter_misc":{"Tempo di lettura stimato":"5 minuti"},"schema":{"@context":"https:\/\/schema.org","@graph":[{"@type":"WebPage","@id":"https:\/\/www.accuratereviews.com\/it\/software-intelligenza-artificiale\/metigy-recensione\/","url":"https:\/\/www.accuratereviews.com\/it\/software-intelligenza-artificiale\/metigy-recensione\/","name":"Metigy: recensione software intelligenza artificiale - Accurate Reviews","isPartOf":{"@id":"https:\/\/www.accuratereviews.com\/it\/#website"},"primaryImageOfPage":{"@id":"https:\/\/www.accuratereviews.com\/it\/software-intelligenza-artificiale\/metigy-recensione\/#primaryimage"},"image":{"@id":"https:\/\/www.accuratereviews.com\/it\/software-intelligenza-artificiale\/metigy-recensione\/#primaryimage"},"thumbnailUrl":"https:\/\/www.accuratereviews.com\/wp-content\/uploads\/2024\/11\/Metigy.jpg","datePublished":"2024-11-19T19:05:16+00:00","description":"Metigy: recensione soluzione sviluppata per pianificare strategie di marketing sui social media, definire obiettivi e creare contenuti.","breadcrumb":{"@id":"https:\/\/www.accuratereviews.com\/it\/software-intelligenza-artificiale\/metigy-recensione\/#breadcrumb"},"inLanguage":"it-IT","potentialAction":[{"@type":"ReadAction","target":["https:\/\/www.accuratereviews.com\/it\/software-intelligenza-artificiale\/metigy-recensione\/"]}]},{"@type":"ImageObject","inLanguage":"it-IT","@id":"https:\/\/www.accuratereviews.com\/it\/software-intelligenza-artificiale\/metigy-recensione\/#primaryimage","url":"https:\/\/www.accuratereviews.com\/wp-content\/uploads\/2024\/11\/Metigy.jpg","contentUrl":"https:\/\/www.accuratereviews.com\/wp-content\/uploads\/2024\/11\/Metigy.jpg","width":400,"height":400},{"@type":"BreadcrumbList","@id":"https:\/\/www.accuratereviews.com\/it\/software-intelligenza-artificiale\/metigy-recensione\/#breadcrumb","itemListElement":[{"@type":"ListItem","position":1,"name":"Home","item":"https:\/\/www.accuratereviews.com\/it\/"},{"@type":"ListItem","position":2,"name":"Software di intelligenza artificiale","item":"https:\/\/www.accuratereviews.com\/it\/software-intelligenza-artificiale\/"},{"@type":"ListItem","position":3,"name":"Metigy"}]},{"@type":"WebSite","@id":"https:\/\/www.accuratereviews.com\/it\/#website","url":"https:\/\/www.accuratereviews.com\/it\/","name":"Accurate Reviews","description":"","potentialAction":[{"@type":"SearchAction","target":{"@type":"EntryPoint","urlTemplate":"https:\/\/www.accuratereviews.com\/it\/?s={search_term_string}"},"query-input":{"@type":"PropertyValueSpecification","valueRequired":true,"valueName":"search_term_string"}}],"inLanguage":"it-IT"}]}},"_links":{"self":[{"href":"https:\/\/www.accuratereviews.com\/it\/wp-json\/wp\/v2\/pages\/80468","targetHints":{"allow":["GET"]}}],"collection":[{"href":"https:\/\/www.accuratereviews.com\/it\/wp-json\/wp\/v2\/pages"}],"about":[{"href":"https:\/\/www.accuratereviews.com\/it\/wp-json\/wp\/v2\/types\/page"}],"author":[{"embeddable":true,"href":"https:\/\/www.accuratereviews.com\/it\/wp-json\/wp\/v2\/users\/19"}],"replies":[{"embeddable":true,"href":"https:\/\/www.accuratereviews.com\/it\/wp-json\/wp\/v2\/comments?post=80468"}],"version-history":[{"count":8,"href":"https:\/\/www.accuratereviews.com\/it\/wp-json\/wp\/v2\/pages\/80468\/revisions"}],"predecessor-version":[{"id":80483,"href":"https:\/\/www.accuratereviews.com\/it\/wp-json\/wp\/v2\/pages\/80468\/revisions\/80483"}],"up":[{"embeddable":true,"href":"https:\/\/www.accuratereviews.com\/it\/wp-json\/wp\/v2\/pages\/79864"}],"wp:featuredmedia":[{"embeddable":true,"href":"https:\/\/www.accuratereviews.com\/it\/wp-json\/wp\/v2\/media\/80469"}],"wp:attachment":[{"href":"https:\/\/www.accuratereviews.com\/it\/wp-json\/wp\/v2\/media?parent=80468"}],"wp:term":[{"taxonomy":"category","embeddable":true,"href":"https:\/\/www.accuratereviews.com\/it\/wp-json\/wp\/v2\/categories?post=80468"},{"taxonomy":"post_tag","embeddable":true,"href":"https:\/\/www.accuratereviews.com\/it\/wp-json\/wp\/v2\/tags?post=80468"},{"taxonomy":"features","embeddable":true,"href":"https:\/\/www.accuratereviews.com\/it\/wp-json\/wp\/v2\/features?post=80468"}],"curies":[{"name":"wp","href":"https:\/\/api.w.org\/{rel}","templated":true}]}}