{"id":80508,"date":"2024-11-20T19:11:52","date_gmt":"2024-11-20T19:11:52","guid":{"rendered":"https:\/\/www.accuratereviews.com\/?page_id=80508"},"modified":"2024-11-24T10:24:41","modified_gmt":"2024-11-24T10:24:41","slug":"vinton-recensione","status":"publish","type":"page","link":"https:\/\/www.accuratereviews.com\/it\/software-intelligenza-artificiale\/vinton-recensione\/","title":{"rendered":"Vinton"},"content":{"rendered":"<p><strong>Vinton<\/strong> \u00e8 un assistente per riunioni basato su<strong> intelligenza artificiale<\/strong> (IA), ospitato sul <strong>cloud<\/strong>, che aiuta i team di vendita a creare note all&#8217;interno di Salesforce. La piattaforma offre varie funzionalit\u00e0 come videochiamate, trascrizione di riunioni, stesura di email di follow-up e riepiloghi di riunioni. Inoltre, i responsabili delle vendite possono anche utilizzarlo per aiutare i membri del team a fare chiamate di vendita migliori, imparando da come i migliori performer gestiscono le loro interazioni con i clienti.<br \/>\nGli utenti possono riascoltare le registrazioni o leggere le trascrizioni in qualsiasi momento per avere informazioni dirette sulle interazioni di vendita, in modo da supportare il proprio team con coaching, risorse e consigli.<\/p>\n<h2>VINTON &#8211; TUTORIAL<\/h2>\n<div id=\"fluid-wrapper-counter-1\" class=\"g1-fluid-wrapper \" style=\"width:686px;\">\n<div style=\"padding-bottom:56.268221574344%;\"><iframe loading=\"lazy\" title=\"Vinton, your Salesforce PA. Call Transcriptions, Summaries &amp; Audio Notes, your No. 1 Salesforce PA\" width=\"686\" height=\"386\" src=\"https:\/\/www.youtube.com\/embed\/5dm9eY5siow?feature=oembed&amp;wmode=transparent&amp;autohide=1&amp;autoplay=0&amp;disablekb=0&amp;fs=1&amp;loop=0&amp;enablejsapi=1&amp;rel=0&amp;controls=2&amp;showinfo=0&amp;wmode=transparent&amp;autohide=2&amp;autoplay=0&amp;disablekb=0&amp;fs=1&amp;loop=0&amp;enablejsapi=1&amp;rel=0&amp;controls=2&amp;showinfo=1\" frameborder=\"0\" allow=\"accelerometer; autoplay; clipboard-write; encrypted-media; gyroscope; picture-in-picture; web-share\" referrerpolicy=\"strict-origin-when-cross-origin\" allowfullscreen><\/iframe><\/div>\n<\/div>\n<h3>VINTON &#8211; CARATTERISTICHE<\/h3>\n<ul>\n<li>Registrazione, trascrizione e riepilogo delle videochiamate<\/li>\n<li>Trascrizione e riepilogo delle riunioni di persona<\/li>\n<li>Registrazioni e note archiviate in Salesforce rispetto ai record correlati.<\/li>\n<li>Traduzione e sintesi vocale multilingue.<\/li>\n<li>Il software suggerir\u00e0 i passaggi successivi che possono essere facilmente convertiti in attivit\u00e0 Salesforce<\/li>\n<li>Email di follow-up<\/li>\n<li>Modifica le trascrizioni se qualcosa non \u00e8 stato catturato esattamente come dovrebbe essere e rielabora per ottenere un riepilogo rivisto, passaggi successivi, titolo ed e-mail.<\/li>\n<li>Funziona con le soluzioni di videoconferenza pi\u00f9 diffuse e con Slack Huddles.<\/li>\n<li>Metti in pausa una nota audio e riprendi da dove eri rimasto.<\/li>\n<li>Crea un riepilogo esecutivo per ogni chiamata e nota audio.<\/li>\n<li>Analizza le tue chiamate per identificare i punti chiave di riepilogo, come il tempo trascorso a parlare, gli argomenti principali trattati, le persone menzionate e altro ancora.<\/li>\n<li>Misura il sentimento generale delle tue riunioni, offrendo un punteggio Positivo, Neutro o Negativo.<\/li>\n<li>Fornisce momenti chiave positivi o negativi della chiamata con informazioni aggiuntive per spiegare le ragioni del punteggio.<\/li>\n<li>Cerca le tue registrazioni in Salesforce per relatori, date o altri campi. Filtra le trascrizioni per relatori. Filtra le registrazioni per tipo, ad esempio Tutte, riunioni online, riunioni di persona o note audio.<\/li>\n<\/ul>\n<h4>LE RECENSIONI DEGLI UTENTI<\/h4>\n<p><strong>Lyn &#8220;Prendere appunti cambia il gioco&#8221;<\/strong><br \/>\n<strong>Pro<\/strong>: Adoro prendere appunti. Permette a tutti di rimanere concentrati sul brainstorming e collaborare senza bisogno di scarabocchiare. Ci\u00f2 aumenta la produttivit\u00e0 e garantisce che nessuna attivit\u00e0 venga persa<br \/>\n<strong>Contro<\/strong>: Vorrei un volto presente all&#8217;incontro&#8230; capisco che arriver\u00e0 presto<\/p>\n<p><strong>Terry &#8220;Fantastico prendere appunti e molto altro ancora&#8230;&#8221;<\/strong><br \/>\n<strong>Commenti<\/strong>: La nostra esperienza \u00e8 stata eccellente, sia con il prodotto che con il fantastico servizio clienti. Siamo rimasti molto colpiti anche da ogni nuova funzionalit\u00e0 aggiunta alla piattaforma.<br \/>\n<strong>Pro<\/strong>: Direi la facilit\u00e0 d&#8217;uso, il set di funzionalit\u00e0 interessanti\/innovative e la qualit\u00e0 della soluzione.<br \/>\n<strong>Contro<\/strong>: Lentezza nel caricarsi prima di una riunione<\/p>\n<p><strong>Liam &#8220;Enorme risparmio di tempo&#8221;<\/strong><br \/>\n<strong>Commenti<\/strong>: Nel complesso mi ha permesso di elaborare molto rapidamente note e impressioni da inviare ai clienti con una qualit\u00e0 molto migliore<br \/>\n<strong>Pro<\/strong>: Mi piace il fatto che automatizzi alcune attivit\u00e0 a cui posso dare seguito, la possibilit\u00e0 di prendere appunti durante un&#8217;intervista su Teams mi ha aiutato molto anche se sto ancora imparando e la capacit\u00e0 di trascrivere i miei pensieri \u00e8 stata di enorme aiuto.<br \/>\n<strong>Contro<\/strong>: Non c&#8217;\u00e8 molto che non mi piaccia, pi\u00f9 il tempo e lo sforzo che devi dedicare per perfezionarlo, ma vale la pena farlo<\/p>\n","protected":false},"excerpt":{"rendered":"<p>Vinton \u00e8 un assistente per riunioni basato su intelligenza artificiale (IA), ospitato sul cloud, che aiuta i team di vendita a creare note all&#8217;interno di Salesforce. La piattaforma offre varie funzionalit\u00e0 come videochiamate, trascrizione di riunioni, stesura di email di follow-up e riepiloghi di riunioni.<\/p>\n","protected":false},"author":19,"featured_media":80509,"parent":79864,"menu_order":0,"comment_status":"open","ping_status":"closed","template":"g1_template_page_review_new.php","meta":{"_acf_changed":false,"cwp_meta_box_check":"Yes","cwp_rev_product_name":"","cwp_rev_product_image":"","wppr_links":[],"cwp_rev_price":"0.00","wppr_options":[{"name":"Usability","value":"0"},{"name":"Speed","value":"0"},{"name":"Features","value":"0"},{"name":"Support","value":"0"},{"name":"Pricing","value":"0"}],"wppr_pros":["","","","",""],"wppr_cons":["","","","",""],"_monsterinsights_skip_tracking":false,"_monsterinsights_sitenote_active":false,"_monsterinsights_sitenote_note":"","_monsterinsights_sitenote_category":0,"footnotes":""},"categories":[15435],"tags":[997,998,15441,15440,15479,15480,15559],"features":[],"class_list":{"0":"post-80508","1":"page","2":"type-page","3":"status-publish","4":"has-post-thumbnail","6":"category-software-intelligenza-artificiale-cat","7":"tag-ai","8":"tag-intelligenza-artificiale","9":"tag-piattaforma-intelligenza-artificiale","10":"tag-programma-intelligenza-artificiale","11":"tag-software-intelligenza-artificiale","12":"tag-soluzione-intelligenza-artificiale","13":"tag-vinton"},"wppr_data":{"cwp_meta_box_check":"Yes","_wppr_review_template":"default","cwp_rev_product_image":"","cwp_image_link":"image","wppr_links":[],"cwp_rev_price":"0.00","wppr_pros":["","","","",""],"wppr_cons":["","","","",""],"wppr_rating":"0.00","wppr_options":{"1":{"name":"Usability","value":"0"},"2":{"name":"Speed","value":"0"},"3":{"name":"Features","value":"0"},"4":{"name":"Support","value":"0"},"5":{"name":"Pricing","value":"0"}},"wppr_review_type":"Product","wppr_review_custom_fields":{"additionalProperty":"","additionalType":"","aggregateRating":"","alternateName":"","audience":"","award":"","awards":"","brand":"","color":"","depth":"","description":"","disambiguatingDescription":"","gtin12":"","gtin13":"","gtin14":"","gtin8":"","height":"","identifier":"","image":"","isAccessoryOrSparePartFor":"","isConsumableFor":"","isRelatedTo":"","isSimilarTo":"","itemCondition":"","logo":"","mainEntityOfPage":"","manufacturer":"","material":"","model":"","mpn":"","name":"","offers":"","potentialAction":"","productID":"","productionDate":"","purchaseDate":"","releaseDate":"","review":"","reviews":"","sameAs":"","sku":"","slogan":"","subjectOf":"","url":"","weight":"","width":""}},"acf":[],"yoast_head":"<!-- This site is optimized with the Yoast SEO plugin v27.4 - https:\/\/yoast.com\/product\/yoast-seo-wordpress\/ -->\n<title>Vinton: recensione software intelligenza artificiale - Accurate Reviews<\/title>\n<meta name=\"description\" content=\"Vinton: recensione assistente per riunioni basato su intelligenza artificiale che aiuta a creare note all&#039;interno di Salesforce\" \/>\n<meta name=\"robots\" content=\"index, follow, max-snippet:-1, max-image-preview:large, max-video-preview:-1\" \/>\n<link rel=\"canonical\" href=\"https:\/\/www.accuratereviews.com\/it\/software-intelligenza-artificiale\/vinton-recensione\/\" \/>\n<meta property=\"og:locale\" content=\"it_IT\" \/>\n<meta property=\"og:type\" content=\"article\" \/>\n<meta property=\"og:title\" content=\"Vinton: recensione software intelligenza artificiale - Accurate Reviews\" \/>\n<meta property=\"og:description\" content=\"Vinton: recensione assistente per riunioni basato su intelligenza artificiale che aiuta a creare note all&#039;interno di Salesforce\" \/>\n<meta property=\"og:url\" content=\"https:\/\/www.accuratereviews.com\/it\/software-intelligenza-artificiale\/vinton-recensione\/\" \/>\n<meta property=\"og:site_name\" content=\"Accurate Reviews\" \/>\n<meta property=\"article:modified_time\" content=\"2024-11-24T10:24:41+00:00\" \/>\n<meta property=\"og:image\" content=\"https:\/\/www.accuratereviews.com\/wp-content\/uploads\/2024\/11\/vinton.ai_.png\" \/>\n\t<meta property=\"og:image:width\" content=\"500\" \/>\n\t<meta property=\"og:image:height\" content=\"258\" \/>\n\t<meta property=\"og:image:type\" content=\"image\/png\" \/>\n<meta name=\"twitter:card\" content=\"summary_large_image\" \/>\n<meta name=\"twitter:label1\" content=\"Tempo di lettura stimato\" \/>\n\t<meta name=\"twitter:data1\" content=\"4 minuti\" \/>\n<script type=\"application\/ld+json\" class=\"yoast-schema-graph\">{\"@context\":\"https:\\\/\\\/schema.org\",\"@graph\":[{\"@type\":\"WebPage\",\"@id\":\"https:\\\/\\\/www.accuratereviews.com\\\/it\\\/software-intelligenza-artificiale\\\/vinton-recensione\\\/\",\"url\":\"https:\\\/\\\/www.accuratereviews.com\\\/it\\\/software-intelligenza-artificiale\\\/vinton-recensione\\\/\",\"name\":\"Vinton: recensione software intelligenza artificiale - Accurate Reviews\",\"isPartOf\":{\"@id\":\"https:\\\/\\\/www.accuratereviews.com\\\/it\\\/#website\"},\"primaryImageOfPage\":{\"@id\":\"https:\\\/\\\/www.accuratereviews.com\\\/it\\\/software-intelligenza-artificiale\\\/vinton-recensione\\\/#primaryimage\"},\"image\":{\"@id\":\"https:\\\/\\\/www.accuratereviews.com\\\/it\\\/software-intelligenza-artificiale\\\/vinton-recensione\\\/#primaryimage\"},\"thumbnailUrl\":\"https:\\\/\\\/www.accuratereviews.com\\\/wp-content\\\/uploads\\\/2024\\\/11\\\/vinton.ai_.png\",\"datePublished\":\"2024-11-20T19:11:52+00:00\",\"dateModified\":\"2024-11-24T10:24:41+00:00\",\"description\":\"Vinton: recensione assistente per riunioni basato su intelligenza artificiale che aiuta a creare note all'interno di Salesforce\",\"breadcrumb\":{\"@id\":\"https:\\\/\\\/www.accuratereviews.com\\\/it\\\/software-intelligenza-artificiale\\\/vinton-recensione\\\/#breadcrumb\"},\"inLanguage\":\"it-IT\",\"potentialAction\":[{\"@type\":\"ReadAction\",\"target\":[\"https:\\\/\\\/www.accuratereviews.com\\\/it\\\/software-intelligenza-artificiale\\\/vinton-recensione\\\/\"]}]},{\"@type\":\"ImageObject\",\"inLanguage\":\"it-IT\",\"@id\":\"https:\\\/\\\/www.accuratereviews.com\\\/it\\\/software-intelligenza-artificiale\\\/vinton-recensione\\\/#primaryimage\",\"url\":\"https:\\\/\\\/www.accuratereviews.com\\\/wp-content\\\/uploads\\\/2024\\\/11\\\/vinton.ai_.png\",\"contentUrl\":\"https:\\\/\\\/www.accuratereviews.com\\\/wp-content\\\/uploads\\\/2024\\\/11\\\/vinton.ai_.png\",\"width\":500,\"height\":258},{\"@type\":\"BreadcrumbList\",\"@id\":\"https:\\\/\\\/www.accuratereviews.com\\\/it\\\/software-intelligenza-artificiale\\\/vinton-recensione\\\/#breadcrumb\",\"itemListElement\":[{\"@type\":\"ListItem\",\"position\":1,\"name\":\"Home\",\"item\":\"https:\\\/\\\/www.accuratereviews.com\\\/it\\\/\"},{\"@type\":\"ListItem\",\"position\":2,\"name\":\"Software di intelligenza artificiale\",\"item\":\"https:\\\/\\\/www.accuratereviews.com\\\/it\\\/software-intelligenza-artificiale\\\/\"},{\"@type\":\"ListItem\",\"position\":3,\"name\":\"Vinton\"}]},{\"@type\":\"WebSite\",\"@id\":\"https:\\\/\\\/www.accuratereviews.com\\\/it\\\/#website\",\"url\":\"https:\\\/\\\/www.accuratereviews.com\\\/it\\\/\",\"name\":\"Accurate Reviews\",\"description\":\"\",\"potentialAction\":[{\"@type\":\"SearchAction\",\"target\":{\"@type\":\"EntryPoint\",\"urlTemplate\":\"https:\\\/\\\/www.accuratereviews.com\\\/it\\\/?s={search_term_string}\"},\"query-input\":{\"@type\":\"PropertyValueSpecification\",\"valueRequired\":true,\"valueName\":\"search_term_string\"}}],\"inLanguage\":\"it-IT\"}]}<\/script>\n<!-- \/ Yoast SEO plugin. -->","yoast_head_json":{"title":"Vinton: recensione software intelligenza artificiale - Accurate Reviews","description":"Vinton: recensione assistente per riunioni basato su intelligenza artificiale che aiuta a creare note all'interno di Salesforce","robots":{"index":"index","follow":"follow","max-snippet":"max-snippet:-1","max-image-preview":"max-image-preview:large","max-video-preview":"max-video-preview:-1"},"canonical":"https:\/\/www.accuratereviews.com\/it\/software-intelligenza-artificiale\/vinton-recensione\/","og_locale":"it_IT","og_type":"article","og_title":"Vinton: recensione software intelligenza artificiale - Accurate Reviews","og_description":"Vinton: recensione assistente per riunioni basato su intelligenza artificiale che aiuta a creare note all'interno di Salesforce","og_url":"https:\/\/www.accuratereviews.com\/it\/software-intelligenza-artificiale\/vinton-recensione\/","og_site_name":"Accurate Reviews","article_modified_time":"2024-11-24T10:24:41+00:00","og_image":[{"width":500,"height":258,"url":"https:\/\/www.accuratereviews.com\/wp-content\/uploads\/2024\/11\/vinton.ai_.png","type":"image\/png"}],"twitter_card":"summary_large_image","twitter_misc":{"Tempo di lettura stimato":"4 minuti"},"schema":{"@context":"https:\/\/schema.org","@graph":[{"@type":"WebPage","@id":"https:\/\/www.accuratereviews.com\/it\/software-intelligenza-artificiale\/vinton-recensione\/","url":"https:\/\/www.accuratereviews.com\/it\/software-intelligenza-artificiale\/vinton-recensione\/","name":"Vinton: recensione software intelligenza artificiale - Accurate Reviews","isPartOf":{"@id":"https:\/\/www.accuratereviews.com\/it\/#website"},"primaryImageOfPage":{"@id":"https:\/\/www.accuratereviews.com\/it\/software-intelligenza-artificiale\/vinton-recensione\/#primaryimage"},"image":{"@id":"https:\/\/www.accuratereviews.com\/it\/software-intelligenza-artificiale\/vinton-recensione\/#primaryimage"},"thumbnailUrl":"https:\/\/www.accuratereviews.com\/wp-content\/uploads\/2024\/11\/vinton.ai_.png","datePublished":"2024-11-20T19:11:52+00:00","dateModified":"2024-11-24T10:24:41+00:00","description":"Vinton: recensione assistente per riunioni basato su intelligenza artificiale che aiuta a creare note all'interno di Salesforce","breadcrumb":{"@id":"https:\/\/www.accuratereviews.com\/it\/software-intelligenza-artificiale\/vinton-recensione\/#breadcrumb"},"inLanguage":"it-IT","potentialAction":[{"@type":"ReadAction","target":["https:\/\/www.accuratereviews.com\/it\/software-intelligenza-artificiale\/vinton-recensione\/"]}]},{"@type":"ImageObject","inLanguage":"it-IT","@id":"https:\/\/www.accuratereviews.com\/it\/software-intelligenza-artificiale\/vinton-recensione\/#primaryimage","url":"https:\/\/www.accuratereviews.com\/wp-content\/uploads\/2024\/11\/vinton.ai_.png","contentUrl":"https:\/\/www.accuratereviews.com\/wp-content\/uploads\/2024\/11\/vinton.ai_.png","width":500,"height":258},{"@type":"BreadcrumbList","@id":"https:\/\/www.accuratereviews.com\/it\/software-intelligenza-artificiale\/vinton-recensione\/#breadcrumb","itemListElement":[{"@type":"ListItem","position":1,"name":"Home","item":"https:\/\/www.accuratereviews.com\/it\/"},{"@type":"ListItem","position":2,"name":"Software di intelligenza artificiale","item":"https:\/\/www.accuratereviews.com\/it\/software-intelligenza-artificiale\/"},{"@type":"ListItem","position":3,"name":"Vinton"}]},{"@type":"WebSite","@id":"https:\/\/www.accuratereviews.com\/it\/#website","url":"https:\/\/www.accuratereviews.com\/it\/","name":"Accurate Reviews","description":"","potentialAction":[{"@type":"SearchAction","target":{"@type":"EntryPoint","urlTemplate":"https:\/\/www.accuratereviews.com\/it\/?s={search_term_string}"},"query-input":{"@type":"PropertyValueSpecification","valueRequired":true,"valueName":"search_term_string"}}],"inLanguage":"it-IT"}]}},"_links":{"self":[{"href":"https:\/\/www.accuratereviews.com\/it\/wp-json\/wp\/v2\/pages\/80508","targetHints":{"allow":["GET"]}}],"collection":[{"href":"https:\/\/www.accuratereviews.com\/it\/wp-json\/wp\/v2\/pages"}],"about":[{"href":"https:\/\/www.accuratereviews.com\/it\/wp-json\/wp\/v2\/types\/page"}],"author":[{"embeddable":true,"href":"https:\/\/www.accuratereviews.com\/it\/wp-json\/wp\/v2\/users\/19"}],"replies":[{"embeddable":true,"href":"https:\/\/www.accuratereviews.com\/it\/wp-json\/wp\/v2\/comments?post=80508"}],"version-history":[{"count":10,"href":"https:\/\/www.accuratereviews.com\/it\/wp-json\/wp\/v2\/pages\/80508\/revisions"}],"predecessor-version":[{"id":80602,"href":"https:\/\/www.accuratereviews.com\/it\/wp-json\/wp\/v2\/pages\/80508\/revisions\/80602"}],"up":[{"embeddable":true,"href":"https:\/\/www.accuratereviews.com\/it\/wp-json\/wp\/v2\/pages\/79864"}],"wp:featuredmedia":[{"embeddable":true,"href":"https:\/\/www.accuratereviews.com\/it\/wp-json\/wp\/v2\/media\/80509"}],"wp:attachment":[{"href":"https:\/\/www.accuratereviews.com\/it\/wp-json\/wp\/v2\/media?parent=80508"}],"wp:term":[{"taxonomy":"category","embeddable":true,"href":"https:\/\/www.accuratereviews.com\/it\/wp-json\/wp\/v2\/categories?post=80508"},{"taxonomy":"post_tag","embeddable":true,"href":"https:\/\/www.accuratereviews.com\/it\/wp-json\/wp\/v2\/tags?post=80508"},{"taxonomy":"features","embeddable":true,"href":"https:\/\/www.accuratereviews.com\/it\/wp-json\/wp\/v2\/features?post=80508"}],"curies":[{"name":"wp","href":"https:\/\/api.w.org\/{rel}","templated":true}]}}