{"id":80522,"date":"2024-11-21T14:12:21","date_gmt":"2024-11-21T14:12:21","guid":{"rendered":"https:\/\/www.accuratereviews.com\/?page_id=80522"},"modified":"2024-11-21T14:12:21","modified_gmt":"2024-11-21T14:12:21","slug":"formica-fraud-recensione","status":"publish","type":"page","link":"https:\/\/www.accuratereviews.com\/it\/software-intelligenza-artificiale\/formica-fraud-recensione\/","title":{"rendered":"Formica Fraud"},"content":{"rendered":"<p><strong>Formica Fraud<\/strong> \u00e8 una soluzione di rilevamento delle frodi, basata <strong>sull&#8217;intelligenza artificiale<\/strong>, che aiuta le aziende a rilevare, prevenire e monitorare le attivit\u00e0 fraudolente utilizzando flussi di lavoro personalizzati e apprendimento automatico. Puoi analizzare milioni di transazioni ogni giorno per proteggere i tuoi clienti e la tua azienda.<br \/>\nCon flussi aziendali personalizzabili sviluppati in base alle tue esigenze, puoi ridurre le perdite di capitale e proteggere la tua reputazione. Puoi ottimizzare le prestazioni e il tasso di conversione della tua azienda riducendo lo stressante e inefficiente monitoraggio delle frodi sui tuoi dipendenti e team sfruttando l&#8217;AI.<\/p>\n<h2>FORMICA FRAUD &#8211; TUTORIAL<\/h2>\n<div id=\"fluid-wrapper-counter-1\" class=\"g1-fluid-wrapper \" style=\"width:686px;\">\n<div style=\"padding-bottom:56.268221574344%;\"><iframe loading=\"lazy\" title=\"What is Formica AI?\" width=\"686\" height=\"386\" src=\"https:\/\/www.youtube.com\/embed\/W6XFK31J2io?feature=oembed&amp;wmode=transparent&amp;autohide=1&amp;autoplay=0&amp;disablekb=0&amp;fs=1&amp;loop=0&amp;enablejsapi=1&amp;rel=0&amp;controls=2&amp;showinfo=0&amp;wmode=transparent&amp;autohide=2&amp;autoplay=0&amp;disablekb=0&amp;fs=1&amp;loop=0&amp;enablejsapi=1&amp;rel=0&amp;controls=2&amp;showinfo=1\" frameborder=\"0\" allow=\"accelerometer; autoplay; clipboard-write; encrypted-media; gyroscope; picture-in-picture; web-share\" referrerpolicy=\"strict-origin-when-cross-origin\" allowfullscreen><\/iframe><\/div>\n<\/div>\n<h3>FORMICA FRAUD &#8211; CARATTERISTICHE<\/h3>\n<ul>\n<li>Semplifica i processi di monitoraggio, migliora l&#8217;efficienza mantenendo l&#8217;accuratezza. Ottimizza i flussi di lavoro, assicurati che le transazioni siano esaminate attentamente e tempestivamente, riduci i falsi positivi e consenti un&#8217;attenzione focalizzata sulle minacce reali utilizzando AI e ML.<\/li>\n<li>Visualizza le relazioni tra individui, conti, transazioni o dispositivi. Rivela connessioni che sembrano anomale e che potrebbero indicare potenziali attivit\u00e0 fraudolente. Concentrati su modelli di transazioni ad alto rischio e risparmia tempo.<\/li>\n<li>Genera punteggi di transazione definendo regole complesse con funzioni, operatori e dati di terze parti. Orchestra i processi di rischio coprendo il 100% delle esigenze aziendali per la prevenzione delle frodi in tempo reale.<\/li>\n<li>Crea algoritmi AI personalizzati in base al tuo modello aziendale. A seconda delle esigenze aziendali, adatta un meccanismo di monitoraggio ibrido con regole e AI o un meccanismo di monitoraggio completamente basato su AI.<\/li>\n<li>Riduci il reindirizzamento 3DS e l&#8217;ottimizzazione dei pagamenti assegnando un punteggio di rischio nella prima fase di onboarding. Verifica informazioni specifiche come email, numero di telefono, indirizzo fisico, indirizzo IP, con arricchimento Mastercard e scansione dei social media.<\/li>\n<li>Valuta le prestazioni delle tue regole, analizza l&#8217;efficienza delle tue prestazioni PSD2 sulla piattaforma e ottieni informazioni. Avere la possibilit\u00e0 di modificare i criteri di monitoraggio in base a un profilo di rischio univoco, effettuare supervisioni efficienti.<\/li>\n<li>Ridurre l&#8217;attrito e aumentare i ricavi analizzando i modelli di transazione storici dei clienti. Determinare se i clienti devono essere indirizzati a 3DS. Garantire l&#8217;equilibrio tra sicurezza ed esperienza utente.<\/li>\n<li>Convalidare i clienti nella fase di onboarding per migliorare l&#8217;esperienza del cliente. Verificare informazioni specifiche come e-mail, numero di telefono, indirizzo fisico, indirizzo IP, con arricchimento Mastercard e scansione dei social media.<\/li>\n<li>Accelerare la procedura di apertura del conto per aziende come applicazioni di credito, applicazioni di carte e soluzioni di digital banking. Sfruttare tecniche avanzate di automazione e verifica, consentire di integrare rapidamente i clienti e mantenere solide misure di sicurezza.<\/li>\n<li>Tracciare le modifiche in diversi dispositivi, diverse posizioni, diversi IP e molto altro. I dati vengono elaborati in tempo reale e convalidati rispetto a molti fattori. Identificare la controparte nelle transazioni e garantire un processo sicuro e affidabile.<\/li>\n<li>Rilevare potenziali rischi, abilitare la mitigazione proattiva del rischio e la garanzia della conformit\u00e0. AML Sanction Screening consente uno screening completo di individui ed entit\u00e0 rispetto alle watchlist globali.<\/li>\n<li>Convalida i clienti per mantenere la conformit\u00e0. Genera punteggi in base all&#8217;impronta digitale dei clienti, come e-mail, numero di telefono, indirizzo fisico, indirizzo IP, con arricchimento Mastercard e scansione dei social media.<\/li>\n<li>Monitora potenziali attivit\u00e0 di riciclaggio di denaro con intelligenza artificiale sfruttando algoritmi per analizzare grandi quantit\u00e0 di dati transazionali. Scopri modelli nascosti che potrebbero indicare attivit\u00e0 sospette.<\/li>\n<\/ul>\n<h4>LE RECENSIONI DEGLI UTENTI<\/h4>\n<p><strong>Erdal &#8220;Grande impatto&#8221;<\/strong><br \/>\n<strong>Commenti<\/strong>: Sono molto soddisfatto.<br \/>\n<strong>Pro<\/strong>: Abbiamo integrato facilmente gli strumenti Formica per tutti i nostri prodotti. Ci d\u00e0 la possibilit\u00e0 di visualizzare tutte le transazioni relative agli attuali modelli di frode in modo efficace.<br \/>\n<strong>Contro<\/strong>: La schermata di gestione dei casi potrebbe essere pi\u00f9 intuitiva.<\/p>\n<p><strong>Nurullah &#8220;L&#8217;unica piattaforma di rilevamento delle frodi di cui avrai mai bisogno&#8221;<\/strong><br \/>\n<strong>Pro<\/strong>: La nostra azienda pu\u00f2 facilmente tenere traccia delle attivit\u00e0 fraudolente con la piattaforma a 360 gradi di Formica. Reagire in tempo reale, soprattutto con l&#8217;aiuto dell&#8217;intelligenza artificiale, ci ha salvato la vita. Inoltre, il prodotto ha un accesso semplice a approfondimenti in tempo reale, consentendoci di prendere decisioni solide.<br \/>\n<strong>Contro<\/strong>: Nessun svantaggio per noi per ora la piattaforma \u00e8 immacolata ma l&#8217;interfaccia utente pu\u00f2 essere riadattata, ma non \u00e8 necessario.<\/p>\n<p><strong>Selma &#8220;La migliore piattaforma di orchestrazione del rischio finora!&#8221;<\/strong><br \/>\n<strong>Commenti<\/strong>: Dai dirigenti al team Customer Success, stanno facendo un lavoro eccellente.<br \/>\n<strong>Pro<\/strong>: La nostra azienda pu\u00f2 facilmente tenere traccia delle attivit\u00e0 fraudolente grazie alla piattaforma a 360 gradi di Formica. Inoltre, il prodotto ha un accesso semplice a informazioni in tempo reale, consentendoci di prendere decisioni informate.<br \/>\n<strong>Contro<\/strong>: Per ora non ci sono contro da parte nostra. Finora tutto bene.<\/p>\n","protected":false},"excerpt":{"rendered":"<p>Formica Fraud \u00e8 una soluzione di rilevamento delle frodi, basata sull&#8217;intelligenza artificiale, che aiuta le aziende a rilevare, prevenire e monitorare le attivit\u00e0 fraudolente utilizzando flussi di lavoro personalizzati e apprendimento automatico. Puoi analizzare milioni di transazioni ogni giorno per proteggere i tuoi clienti e la tua azienda.<\/p>\n","protected":false},"author":19,"featured_media":80523,"parent":79864,"menu_order":0,"comment_status":"open","ping_status":"closed","template":"g1_template_page_review_new.php","meta":{"_acf_changed":false,"cwp_meta_box_check":"Yes","cwp_rev_product_name":"","cwp_rev_product_image":"","wppr_links":[],"cwp_rev_price":"0.00","wppr_options":[{"name":"Usability","value":"0"},{"name":"Speed","value":"0"},{"name":"Features","value":"0"},{"name":"Support","value":"0"},{"name":"Pricing","value":"0"}],"wppr_pros":["","","","",""],"wppr_cons":["","","","",""],"_monsterinsights_skip_tracking":false,"_monsterinsights_sitenote_active":false,"_monsterinsights_sitenote_note":"","_monsterinsights_sitenote_category":0,"footnotes":""},"categories":[15435],"tags":[997,15560,998,15441,15440,15479,15480],"features":[],"class_list":{"0":"post-80522","1":"page","2":"type-page","3":"status-publish","4":"has-post-thumbnail","6":"category-software-intelligenza-artificiale-cat","7":"tag-ai","8":"tag-formica-fraud","9":"tag-intelligenza-artificiale","10":"tag-piattaforma-intelligenza-artificiale","11":"tag-programma-intelligenza-artificiale","12":"tag-software-intelligenza-artificiale","13":"tag-soluzione-intelligenza-artificiale"},"wppr_data":{"cwp_meta_box_check":"Yes","_wppr_review_template":"default","cwp_rev_product_image":"","cwp_image_link":"image","wppr_links":[],"cwp_rev_price":"0.00","wppr_pros":["","","","",""],"wppr_cons":["","","","",""],"wppr_rating":"0.00","wppr_options":{"1":{"name":"Usability","value":"0"},"2":{"name":"Speed","value":"0"},"3":{"name":"Features","value":"0"},"4":{"name":"Support","value":"0"},"5":{"name":"Pricing","value":"0"}},"wppr_review_type":"Product","wppr_review_custom_fields":{"additionalProperty":"","additionalType":"","aggregateRating":"","alternateName":"","audience":"","award":"","awards":"","brand":"","color":"","depth":"","description":"","disambiguatingDescription":"","gtin12":"","gtin13":"","gtin14":"","gtin8":"","height":"","identifier":"","image":"","isAccessoryOrSparePartFor":"","isConsumableFor":"","isRelatedTo":"","isSimilarTo":"","itemCondition":"","logo":"","mainEntityOfPage":"","manufacturer":"","material":"","model":"","mpn":"","name":"","offers":"","potentialAction":"","productID":"","productionDate":"","purchaseDate":"","releaseDate":"","review":"","reviews":"","sameAs":"","sku":"","slogan":"","subjectOf":"","url":"","weight":"","width":""}},"acf":[],"yoast_head":"<!-- This site is optimized with the Yoast SEO plugin v27.4 - https:\/\/yoast.com\/product\/yoast-seo-wordpress\/ -->\n<title>Formica Fraud: recensione software intelligenza artificiale - Accurate Reviews<\/title>\n<meta name=\"description\" content=\"Formica Fraud: soluzione di rilevamento delle frodi basata sull&#039;AI che aiuta a rilevare, prevenire e monitorare le attivit\u00e0 fraudolente.\" \/>\n<meta name=\"robots\" content=\"index, follow, max-snippet:-1, max-image-preview:large, max-video-preview:-1\" \/>\n<link rel=\"canonical\" href=\"https:\/\/www.accuratereviews.com\/it\/software-intelligenza-artificiale\/formica-fraud-recensione\/\" \/>\n<meta property=\"og:locale\" content=\"it_IT\" \/>\n<meta property=\"og:type\" content=\"article\" \/>\n<meta property=\"og:title\" content=\"Formica Fraud: recensione software intelligenza artificiale - Accurate Reviews\" \/>\n<meta property=\"og:description\" content=\"Formica Fraud: soluzione di rilevamento delle frodi basata sull&#039;AI che aiuta a rilevare, prevenire e monitorare le attivit\u00e0 fraudolente.\" \/>\n<meta property=\"og:url\" content=\"https:\/\/www.accuratereviews.com\/it\/software-intelligenza-artificiale\/formica-fraud-recensione\/\" \/>\n<meta property=\"og:site_name\" content=\"Accurate Reviews\" \/>\n<meta property=\"og:image\" content=\"https:\/\/www.accuratereviews.com\/wp-content\/uploads\/2024\/11\/Formica-Fraud.png\" \/>\n\t<meta property=\"og:image:width\" content=\"216\" \/>\n\t<meta property=\"og:image:height\" content=\"216\" \/>\n\t<meta property=\"og:image:type\" content=\"image\/png\" \/>\n<meta name=\"twitter:card\" content=\"summary_large_image\" \/>\n<meta name=\"twitter:label1\" content=\"Tempo di lettura stimato\" \/>\n\t<meta name=\"twitter:data1\" content=\"5 minuti\" \/>\n<script type=\"application\/ld+json\" class=\"yoast-schema-graph\">{\"@context\":\"https:\\\/\\\/schema.org\",\"@graph\":[{\"@type\":\"WebPage\",\"@id\":\"https:\\\/\\\/www.accuratereviews.com\\\/it\\\/software-intelligenza-artificiale\\\/formica-fraud-recensione\\\/\",\"url\":\"https:\\\/\\\/www.accuratereviews.com\\\/it\\\/software-intelligenza-artificiale\\\/formica-fraud-recensione\\\/\",\"name\":\"Formica Fraud: recensione software intelligenza artificiale - Accurate Reviews\",\"isPartOf\":{\"@id\":\"https:\\\/\\\/www.accuratereviews.com\\\/it\\\/#website\"},\"primaryImageOfPage\":{\"@id\":\"https:\\\/\\\/www.accuratereviews.com\\\/it\\\/software-intelligenza-artificiale\\\/formica-fraud-recensione\\\/#primaryimage\"},\"image\":{\"@id\":\"https:\\\/\\\/www.accuratereviews.com\\\/it\\\/software-intelligenza-artificiale\\\/formica-fraud-recensione\\\/#primaryimage\"},\"thumbnailUrl\":\"https:\\\/\\\/www.accuratereviews.com\\\/wp-content\\\/uploads\\\/2024\\\/11\\\/Formica-Fraud.png\",\"datePublished\":\"2024-11-21T14:12:21+00:00\",\"description\":\"Formica Fraud: soluzione di rilevamento delle frodi basata sull'AI che aiuta a rilevare, prevenire e monitorare le attivit\u00e0 fraudolente.\",\"breadcrumb\":{\"@id\":\"https:\\\/\\\/www.accuratereviews.com\\\/it\\\/software-intelligenza-artificiale\\\/formica-fraud-recensione\\\/#breadcrumb\"},\"inLanguage\":\"it-IT\",\"potentialAction\":[{\"@type\":\"ReadAction\",\"target\":[\"https:\\\/\\\/www.accuratereviews.com\\\/it\\\/software-intelligenza-artificiale\\\/formica-fraud-recensione\\\/\"]}]},{\"@type\":\"ImageObject\",\"inLanguage\":\"it-IT\",\"@id\":\"https:\\\/\\\/www.accuratereviews.com\\\/it\\\/software-intelligenza-artificiale\\\/formica-fraud-recensione\\\/#primaryimage\",\"url\":\"https:\\\/\\\/www.accuratereviews.com\\\/wp-content\\\/uploads\\\/2024\\\/11\\\/Formica-Fraud.png\",\"contentUrl\":\"https:\\\/\\\/www.accuratereviews.com\\\/wp-content\\\/uploads\\\/2024\\\/11\\\/Formica-Fraud.png\",\"width\":216,\"height\":216},{\"@type\":\"BreadcrumbList\",\"@id\":\"https:\\\/\\\/www.accuratereviews.com\\\/it\\\/software-intelligenza-artificiale\\\/formica-fraud-recensione\\\/#breadcrumb\",\"itemListElement\":[{\"@type\":\"ListItem\",\"position\":1,\"name\":\"Home\",\"item\":\"https:\\\/\\\/www.accuratereviews.com\\\/it\\\/\"},{\"@type\":\"ListItem\",\"position\":2,\"name\":\"Software di intelligenza artificiale\",\"item\":\"https:\\\/\\\/www.accuratereviews.com\\\/it\\\/software-intelligenza-artificiale\\\/\"},{\"@type\":\"ListItem\",\"position\":3,\"name\":\"Formica Fraud\"}]},{\"@type\":\"WebSite\",\"@id\":\"https:\\\/\\\/www.accuratereviews.com\\\/it\\\/#website\",\"url\":\"https:\\\/\\\/www.accuratereviews.com\\\/it\\\/\",\"name\":\"Accurate Reviews\",\"description\":\"\",\"potentialAction\":[{\"@type\":\"SearchAction\",\"target\":{\"@type\":\"EntryPoint\",\"urlTemplate\":\"https:\\\/\\\/www.accuratereviews.com\\\/it\\\/?s={search_term_string}\"},\"query-input\":{\"@type\":\"PropertyValueSpecification\",\"valueRequired\":true,\"valueName\":\"search_term_string\"}}],\"inLanguage\":\"it-IT\"}]}<\/script>\n<!-- \/ Yoast SEO plugin. -->","yoast_head_json":{"title":"Formica Fraud: recensione software intelligenza artificiale - Accurate Reviews","description":"Formica Fraud: soluzione di rilevamento delle frodi basata sull'AI che aiuta a rilevare, prevenire e monitorare le attivit\u00e0 fraudolente.","robots":{"index":"index","follow":"follow","max-snippet":"max-snippet:-1","max-image-preview":"max-image-preview:large","max-video-preview":"max-video-preview:-1"},"canonical":"https:\/\/www.accuratereviews.com\/it\/software-intelligenza-artificiale\/formica-fraud-recensione\/","og_locale":"it_IT","og_type":"article","og_title":"Formica Fraud: recensione software intelligenza artificiale - Accurate Reviews","og_description":"Formica Fraud: soluzione di rilevamento delle frodi basata sull'AI che aiuta a rilevare, prevenire e monitorare le attivit\u00e0 fraudolente.","og_url":"https:\/\/www.accuratereviews.com\/it\/software-intelligenza-artificiale\/formica-fraud-recensione\/","og_site_name":"Accurate Reviews","og_image":[{"width":216,"height":216,"url":"https:\/\/www.accuratereviews.com\/wp-content\/uploads\/2024\/11\/Formica-Fraud.png","type":"image\/png"}],"twitter_card":"summary_large_image","twitter_misc":{"Tempo di lettura stimato":"5 minuti"},"schema":{"@context":"https:\/\/schema.org","@graph":[{"@type":"WebPage","@id":"https:\/\/www.accuratereviews.com\/it\/software-intelligenza-artificiale\/formica-fraud-recensione\/","url":"https:\/\/www.accuratereviews.com\/it\/software-intelligenza-artificiale\/formica-fraud-recensione\/","name":"Formica Fraud: recensione software intelligenza artificiale - Accurate Reviews","isPartOf":{"@id":"https:\/\/www.accuratereviews.com\/it\/#website"},"primaryImageOfPage":{"@id":"https:\/\/www.accuratereviews.com\/it\/software-intelligenza-artificiale\/formica-fraud-recensione\/#primaryimage"},"image":{"@id":"https:\/\/www.accuratereviews.com\/it\/software-intelligenza-artificiale\/formica-fraud-recensione\/#primaryimage"},"thumbnailUrl":"https:\/\/www.accuratereviews.com\/wp-content\/uploads\/2024\/11\/Formica-Fraud.png","datePublished":"2024-11-21T14:12:21+00:00","description":"Formica Fraud: soluzione di rilevamento delle frodi basata sull'AI che aiuta a rilevare, prevenire e monitorare le attivit\u00e0 fraudolente.","breadcrumb":{"@id":"https:\/\/www.accuratereviews.com\/it\/software-intelligenza-artificiale\/formica-fraud-recensione\/#breadcrumb"},"inLanguage":"it-IT","potentialAction":[{"@type":"ReadAction","target":["https:\/\/www.accuratereviews.com\/it\/software-intelligenza-artificiale\/formica-fraud-recensione\/"]}]},{"@type":"ImageObject","inLanguage":"it-IT","@id":"https:\/\/www.accuratereviews.com\/it\/software-intelligenza-artificiale\/formica-fraud-recensione\/#primaryimage","url":"https:\/\/www.accuratereviews.com\/wp-content\/uploads\/2024\/11\/Formica-Fraud.png","contentUrl":"https:\/\/www.accuratereviews.com\/wp-content\/uploads\/2024\/11\/Formica-Fraud.png","width":216,"height":216},{"@type":"BreadcrumbList","@id":"https:\/\/www.accuratereviews.com\/it\/software-intelligenza-artificiale\/formica-fraud-recensione\/#breadcrumb","itemListElement":[{"@type":"ListItem","position":1,"name":"Home","item":"https:\/\/www.accuratereviews.com\/it\/"},{"@type":"ListItem","position":2,"name":"Software di intelligenza artificiale","item":"https:\/\/www.accuratereviews.com\/it\/software-intelligenza-artificiale\/"},{"@type":"ListItem","position":3,"name":"Formica Fraud"}]},{"@type":"WebSite","@id":"https:\/\/www.accuratereviews.com\/it\/#website","url":"https:\/\/www.accuratereviews.com\/it\/","name":"Accurate Reviews","description":"","potentialAction":[{"@type":"SearchAction","target":{"@type":"EntryPoint","urlTemplate":"https:\/\/www.accuratereviews.com\/it\/?s={search_term_string}"},"query-input":{"@type":"PropertyValueSpecification","valueRequired":true,"valueName":"search_term_string"}}],"inLanguage":"it-IT"}]}},"_links":{"self":[{"href":"https:\/\/www.accuratereviews.com\/it\/wp-json\/wp\/v2\/pages\/80522","targetHints":{"allow":["GET"]}}],"collection":[{"href":"https:\/\/www.accuratereviews.com\/it\/wp-json\/wp\/v2\/pages"}],"about":[{"href":"https:\/\/www.accuratereviews.com\/it\/wp-json\/wp\/v2\/types\/page"}],"author":[{"embeddable":true,"href":"https:\/\/www.accuratereviews.com\/it\/wp-json\/wp\/v2\/users\/19"}],"replies":[{"embeddable":true,"href":"https:\/\/www.accuratereviews.com\/it\/wp-json\/wp\/v2\/comments?post=80522"}],"version-history":[{"count":11,"href":"https:\/\/www.accuratereviews.com\/it\/wp-json\/wp\/v2\/pages\/80522\/revisions"}],"predecessor-version":[{"id":80556,"href":"https:\/\/www.accuratereviews.com\/it\/wp-json\/wp\/v2\/pages\/80522\/revisions\/80556"}],"up":[{"embeddable":true,"href":"https:\/\/www.accuratereviews.com\/it\/wp-json\/wp\/v2\/pages\/79864"}],"wp:featuredmedia":[{"embeddable":true,"href":"https:\/\/www.accuratereviews.com\/it\/wp-json\/wp\/v2\/media\/80523"}],"wp:attachment":[{"href":"https:\/\/www.accuratereviews.com\/it\/wp-json\/wp\/v2\/media?parent=80522"}],"wp:term":[{"taxonomy":"category","embeddable":true,"href":"https:\/\/www.accuratereviews.com\/it\/wp-json\/wp\/v2\/categories?post=80522"},{"taxonomy":"post_tag","embeddable":true,"href":"https:\/\/www.accuratereviews.com\/it\/wp-json\/wp\/v2\/tags?post=80522"},{"taxonomy":"features","embeddable":true,"href":"https:\/\/www.accuratereviews.com\/it\/wp-json\/wp\/v2\/features?post=80522"}],"curies":[{"name":"wp","href":"https:\/\/api.w.org\/{rel}","templated":true}]}}