{"id":80557,"date":"2024-11-22T17:25:32","date_gmt":"2024-11-22T17:25:32","guid":{"rendered":"https:\/\/www.accuratereviews.com\/?page_id=80557"},"modified":"2025-10-24T07:56:58","modified_gmt":"2025-10-24T07:56:58","slug":"fosfor-refract-cloud-recensione","status":"publish","type":"page","link":"https:\/\/www.accuratereviews.com\/it\/software-intelligenza-artificiale\/fosfor-refract-cloud-recensione\/","title":{"rendered":"Fosfor Refract Cloud"},"content":{"rendered":"<p><strong>Fosfor Refract<\/strong> <strong>Cloud<\/strong> \u00e8 una piattaforma AIOps che aiuta le aziende a sfruttare la<strong> tecnologia AI<\/strong> per creare e progettare modelli di apprendimento automatico (ML). La piattaforma fornisce una serie di strumenti e servizi per aiutare le aziende a creare e distribuire modelli ML velocemente. Consente alle organizzazioni di scoprire, monitorare e orchestrare automaticamente la propria infrastruttura IT. Utilizza anche un algoritmo di apprendimento automatico per rilevare anomalie, incidenti e problemi di prestazioni. Facilita l&#8217;integrazione con distribuzione continua (CD) e integrazione continua (CI) per distribuire modelli ML su ambienti <strong>cloud, ibridi e on-premise.<\/strong> Il software fornisce un catalogo dati integrato, che consente agli utenti di connettersi a varie fonti di dati.<\/p>\n<h3>FOSFOR REFRACT CLOUD &#8211; CARATTERISTICHE<\/h3>\n<ul>\n<li><strong>Trasforma i tuoi dati per il consumo aziendale<\/strong>: accelera la costruzione di pipeline di dati affidabili, performanti e scalabili. Getta le basi per un processo decisionale pi\u00f9 rapido e accurato sui dati pronti per l&#8217;IA.<\/li>\n<li><strong>Gestisci la creazione di soluzioni di IA su larga scala<\/strong>: semplifica il percorso di tutti coloro che sono coinvolti nel ciclo di vita dell&#8217;IA accelerando la creazione e la formazione di modelli, la convalida, la distribuzione e \u00a0il monitoraggio. Riduci il time-to-market e migliora l&#8217;accuratezza e l&#8217;affidabilit\u00e0 dell&#8217;IA.<\/li>\n<li><strong>Migliora la velocit\u00e0 e l&#8217;efficienza del processo decisionale<\/strong>: sfrutta la potenza dell&#8217;IA per esplorare i dati per ottenere risposte immediate, ricevere avvisi su cambiamenti interessanti nei dati e accedere a informazioni ovunque. Ottieni risultati aziendali migliori rapidamente e frequentemente.<\/li>\n<li><strong>Data Designer<\/strong>: cura i dati da diverse fonti in modo efficiente, sicuro e conveniente.<\/li>\n<li><strong>Insight Designer<\/strong>: prepara, costruisci, addestra, distribuisci e gestisci modelli ML affidabili e ad alte prestazioni.<\/li>\n<li><strong>Decision Designer<\/strong>: utilizza il linguaggio naturale per esplorare facilmente qualsiasi domanda e ottenere informazioni approfondite per prendere decisioni aziendali sicure.<\/li>\n<li><strong>Informazioni affidabili e sicure, sempre e ovunque<\/strong>: puoi fidarti dei tuoi dati mentre scorrono lungo il percorso decisionale, dalla fornitura di dati organizzati per l&#8217;analisi all&#8217;utilizzo dell&#8217;intelligenza artificiale per estrarre informazioni fruibili da essi.<\/li>\n<\/ul>\n<h4>LE RECENSIONI DEGLI UTENTI<\/h4>\n<p><strong>Niranjan Reddy &#8220;Raccomandato&#8221;<\/strong><br \/>\n<strong>Pro<\/strong>: Supporto per lo sviluppo e l&#8217;implementazione con accesso Bitbucket integrato.<br \/>\n<strong>Contro<\/strong>: Per ora non ho trovato nulla di particolare su Foster Refract.<\/p>\n<p><strong>Manjunath &#8220;Molto consigliato&#8221;<\/strong><br \/>\n<strong>Pro<\/strong>: Ottimo supportoPersonalizzabile Pipeline dati ben strutturata<br \/>\n<strong>Contro<\/strong>: L&#8217;interfaccia utente potrebbe essere migliore. E a parte questo non vedo altre preoccupazioni<\/p>\n<p><strong>Ayush &#8220;Un ottimo prodotto per automatizzare il percorso MLOps&#8221;<\/strong><br \/>\n<strong>Commenti<\/strong>: Finora \u00e8 stato un viaggio fantastico, con cos\u00ec tante funzionalit\u00e0 aggiunte e modifiche da quando mi sono imbattuto in questo prodotto, sperando di migliorare ogni giorno.<br \/>\n<strong>Pro<\/strong>: L&#8217;ampia gamma di modelli su cui lavorare e ridimensionare il lavoro senza problemi \u00e8 una delle cose migliori di Fosforo<br \/>\n<strong>Contro<\/strong>: una cosa che pu\u00f2 essere migliorata nel prodotto \u00e8 aggiungere una versione a basso costo nel bucket per attirare piccoli utenti di startup\/universit\u00e0 e utenti individuali (B2C) che possono accedere direttamente e svolgere il proprio lavoro.<\/p>\n","protected":false},"excerpt":{"rendered":"<p>Fosfor Refract Cloud \u00e8 una piattaforma AIOps che aiuta le aziende a sfruttare la tecnologia AI per creare e progettare modelli di apprendimento automatico (ML). La piattaforma fornisce una serie di strumenti e servizi per aiutare le aziende a creare e distribuire modelli ML velocemente.<\/p>\n","protected":false},"author":19,"featured_media":80559,"parent":79864,"menu_order":0,"comment_status":"open","ping_status":"closed","template":"g1_template_page_review_new.php","meta":{"_acf_changed":false,"cwp_meta_box_check":"Yes","cwp_rev_product_name":"","cwp_rev_product_image":"","wppr_links":[],"cwp_rev_price":"0.00","wppr_options":[{"name":"Usability","value":"0"},{"name":"Speed","value":"0"},{"name":"Features","value":"0"},{"name":"Support","value":"0"},{"name":"Pricing","value":"0"}],"wppr_pros":["","","","",""],"wppr_cons":["","","","",""],"_monsterinsights_skip_tracking":false,"_monsterinsights_sitenote_active":false,"_monsterinsights_sitenote_note":"","_monsterinsights_sitenote_category":0,"footnotes":""},"categories":[15435],"tags":[997,15566,998,15441,15440,15479,15480],"features":[],"class_list":{"0":"post-80557","1":"page","2":"type-page","3":"status-publish","4":"has-post-thumbnail","6":"category-software-intelligenza-artificiale-cat","7":"tag-ai","8":"tag-fosfor-refract-cloud","9":"tag-intelligenza-artificiale","10":"tag-piattaforma-intelligenza-artificiale","11":"tag-programma-intelligenza-artificiale","12":"tag-software-intelligenza-artificiale","13":"tag-soluzione-intelligenza-artificiale"},"wppr_data":{"cwp_meta_box_check":"Yes","_wppr_review_template":"default","cwp_rev_product_image":"","cwp_image_link":"image","wppr_links":[],"cwp_rev_price":"0.00","wppr_pros":["","","","",""],"wppr_cons":["","","","",""],"wppr_rating":"0.00","wppr_options":{"1":{"name":"Usability","value":"0"},"2":{"name":"Speed","value":"0"},"3":{"name":"Features","value":"0"},"4":{"name":"Support","value":"0"},"5":{"name":"Pricing","value":"0"}},"wppr_review_type":"Product","wppr_review_custom_fields":{"additionalProperty":"","additionalType":"","aggregateRating":"","alternateName":"","audience":"","award":"","awards":"","brand":"","color":"","depth":"","description":"","disambiguatingDescription":"","gtin12":"","gtin13":"","gtin14":"","gtin8":"","height":"","identifier":"","image":"","isAccessoryOrSparePartFor":"","isConsumableFor":"","isRelatedTo":"","isSimilarTo":"","itemCondition":"","logo":"","mainEntityOfPage":"","manufacturer":"","material":"","model":"","mpn":"","name":"","offers":"","potentialAction":"","productID":"","productionDate":"","purchaseDate":"","releaseDate":"","review":"","reviews":"","sameAs":"","sku":"","slogan":"","subjectOf":"","url":"","weight":"","width":""}},"acf":[],"yoast_head":"<!-- This site is optimized with the Yoast SEO plugin v27.4 - https:\/\/yoast.com\/product\/yoast-seo-wordpress\/ -->\n<title>Fosfor Refract Cloud: recensione software intelliegenza artificiale - Accurate Reviews<\/title>\n<meta name=\"description\" content=\"Fosfor Refract Cloud: recensione software AIOps che aiuta a sfruttare la tecnologia AI per creare e progettare modelli di apprendimento automatico\" \/>\n<meta name=\"robots\" content=\"index, follow, max-snippet:-1, max-image-preview:large, max-video-preview:-1\" \/>\n<link rel=\"canonical\" href=\"https:\/\/www.accuratereviews.com\/it\/software-intelligenza-artificiale\/fosfor-refract-cloud-recensione\/\" \/>\n<meta property=\"og:locale\" content=\"it_IT\" \/>\n<meta property=\"og:type\" content=\"article\" \/>\n<meta property=\"og:title\" content=\"Fosfor Refract Cloud: recensione software intelliegenza artificiale - Accurate Reviews\" \/>\n<meta property=\"og:description\" content=\"Fosfor Refract Cloud: recensione software AIOps che aiuta a sfruttare la tecnologia AI per creare e progettare modelli di apprendimento automatico\" \/>\n<meta property=\"og:url\" content=\"https:\/\/www.accuratereviews.com\/it\/software-intelligenza-artificiale\/fosfor-refract-cloud-recensione\/\" \/>\n<meta property=\"og:site_name\" content=\"Accurate Reviews\" \/>\n<meta property=\"article:modified_time\" content=\"2025-10-24T07:56:58+00:00\" \/>\n<meta property=\"og:image\" content=\"https:\/\/www.accuratereviews.com\/wp-content\/uploads\/2024\/11\/Fosfor-Refract-Cloud.webp\" \/>\n\t<meta property=\"og:image:width\" content=\"256\" \/>\n\t<meta property=\"og:image:height\" content=\"256\" \/>\n\t<meta property=\"og:image:type\" content=\"image\/webp\" \/>\n<meta name=\"twitter:card\" content=\"summary_large_image\" \/>\n<meta name=\"twitter:label1\" content=\"Tempo di lettura stimato\" \/>\n\t<meta name=\"twitter:data1\" content=\"4 minuti\" \/>\n<script type=\"application\/ld+json\" class=\"yoast-schema-graph\">{\"@context\":\"https:\\\/\\\/schema.org\",\"@graph\":[{\"@type\":\"WebPage\",\"@id\":\"https:\\\/\\\/www.accuratereviews.com\\\/it\\\/software-intelligenza-artificiale\\\/fosfor-refract-cloud-recensione\\\/\",\"url\":\"https:\\\/\\\/www.accuratereviews.com\\\/it\\\/software-intelligenza-artificiale\\\/fosfor-refract-cloud-recensione\\\/\",\"name\":\"Fosfor Refract Cloud: recensione software intelliegenza artificiale - Accurate Reviews\",\"isPartOf\":{\"@id\":\"https:\\\/\\\/www.accuratereviews.com\\\/it\\\/#website\"},\"primaryImageOfPage\":{\"@id\":\"https:\\\/\\\/www.accuratereviews.com\\\/it\\\/software-intelligenza-artificiale\\\/fosfor-refract-cloud-recensione\\\/#primaryimage\"},\"image\":{\"@id\":\"https:\\\/\\\/www.accuratereviews.com\\\/it\\\/software-intelligenza-artificiale\\\/fosfor-refract-cloud-recensione\\\/#primaryimage\"},\"thumbnailUrl\":\"https:\\\/\\\/www.accuratereviews.com\\\/wp-content\\\/uploads\\\/2024\\\/11\\\/Fosfor-Refract-Cloud.webp\",\"datePublished\":\"2024-11-22T17:25:32+00:00\",\"dateModified\":\"2025-10-24T07:56:58+00:00\",\"description\":\"Fosfor Refract Cloud: recensione software AIOps che aiuta a sfruttare la tecnologia AI per creare e progettare modelli di apprendimento automatico\",\"breadcrumb\":{\"@id\":\"https:\\\/\\\/www.accuratereviews.com\\\/it\\\/software-intelligenza-artificiale\\\/fosfor-refract-cloud-recensione\\\/#breadcrumb\"},\"inLanguage\":\"it-IT\",\"potentialAction\":[{\"@type\":\"ReadAction\",\"target\":[\"https:\\\/\\\/www.accuratereviews.com\\\/it\\\/software-intelligenza-artificiale\\\/fosfor-refract-cloud-recensione\\\/\"]}]},{\"@type\":\"ImageObject\",\"inLanguage\":\"it-IT\",\"@id\":\"https:\\\/\\\/www.accuratereviews.com\\\/it\\\/software-intelligenza-artificiale\\\/fosfor-refract-cloud-recensione\\\/#primaryimage\",\"url\":\"https:\\\/\\\/www.accuratereviews.com\\\/wp-content\\\/uploads\\\/2024\\\/11\\\/Fosfor-Refract-Cloud.webp\",\"contentUrl\":\"https:\\\/\\\/www.accuratereviews.com\\\/wp-content\\\/uploads\\\/2024\\\/11\\\/Fosfor-Refract-Cloud.webp\",\"width\":256,\"height\":256},{\"@type\":\"BreadcrumbList\",\"@id\":\"https:\\\/\\\/www.accuratereviews.com\\\/it\\\/software-intelligenza-artificiale\\\/fosfor-refract-cloud-recensione\\\/#breadcrumb\",\"itemListElement\":[{\"@type\":\"ListItem\",\"position\":1,\"name\":\"Home\",\"item\":\"https:\\\/\\\/www.accuratereviews.com\\\/it\\\/\"},{\"@type\":\"ListItem\",\"position\":2,\"name\":\"Software di intelligenza artificiale\",\"item\":\"https:\\\/\\\/www.accuratereviews.com\\\/it\\\/software-intelligenza-artificiale\\\/\"},{\"@type\":\"ListItem\",\"position\":3,\"name\":\"Fosfor Refract Cloud\"}]},{\"@type\":\"WebSite\",\"@id\":\"https:\\\/\\\/www.accuratereviews.com\\\/it\\\/#website\",\"url\":\"https:\\\/\\\/www.accuratereviews.com\\\/it\\\/\",\"name\":\"Accurate Reviews\",\"description\":\"\",\"potentialAction\":[{\"@type\":\"SearchAction\",\"target\":{\"@type\":\"EntryPoint\",\"urlTemplate\":\"https:\\\/\\\/www.accuratereviews.com\\\/it\\\/?s={search_term_string}\"},\"query-input\":{\"@type\":\"PropertyValueSpecification\",\"valueRequired\":true,\"valueName\":\"search_term_string\"}}],\"inLanguage\":\"it-IT\"}]}<\/script>\n<!-- \/ Yoast SEO plugin. -->","yoast_head_json":{"title":"Fosfor Refract Cloud: recensione software intelliegenza artificiale - Accurate Reviews","description":"Fosfor Refract Cloud: recensione software AIOps che aiuta a sfruttare la tecnologia AI per creare e progettare modelli di apprendimento automatico","robots":{"index":"index","follow":"follow","max-snippet":"max-snippet:-1","max-image-preview":"max-image-preview:large","max-video-preview":"max-video-preview:-1"},"canonical":"https:\/\/www.accuratereviews.com\/it\/software-intelligenza-artificiale\/fosfor-refract-cloud-recensione\/","og_locale":"it_IT","og_type":"article","og_title":"Fosfor Refract Cloud: recensione software intelliegenza artificiale - Accurate Reviews","og_description":"Fosfor Refract Cloud: recensione software AIOps che aiuta a sfruttare la tecnologia AI per creare e progettare modelli di apprendimento automatico","og_url":"https:\/\/www.accuratereviews.com\/it\/software-intelligenza-artificiale\/fosfor-refract-cloud-recensione\/","og_site_name":"Accurate Reviews","article_modified_time":"2025-10-24T07:56:58+00:00","og_image":[{"width":256,"height":256,"url":"https:\/\/www.accuratereviews.com\/wp-content\/uploads\/2024\/11\/Fosfor-Refract-Cloud.webp","type":"image\/webp"}],"twitter_card":"summary_large_image","twitter_misc":{"Tempo di lettura stimato":"4 minuti"},"schema":{"@context":"https:\/\/schema.org","@graph":[{"@type":"WebPage","@id":"https:\/\/www.accuratereviews.com\/it\/software-intelligenza-artificiale\/fosfor-refract-cloud-recensione\/","url":"https:\/\/www.accuratereviews.com\/it\/software-intelligenza-artificiale\/fosfor-refract-cloud-recensione\/","name":"Fosfor Refract Cloud: recensione software intelliegenza artificiale - Accurate Reviews","isPartOf":{"@id":"https:\/\/www.accuratereviews.com\/it\/#website"},"primaryImageOfPage":{"@id":"https:\/\/www.accuratereviews.com\/it\/software-intelligenza-artificiale\/fosfor-refract-cloud-recensione\/#primaryimage"},"image":{"@id":"https:\/\/www.accuratereviews.com\/it\/software-intelligenza-artificiale\/fosfor-refract-cloud-recensione\/#primaryimage"},"thumbnailUrl":"https:\/\/www.accuratereviews.com\/wp-content\/uploads\/2024\/11\/Fosfor-Refract-Cloud.webp","datePublished":"2024-11-22T17:25:32+00:00","dateModified":"2025-10-24T07:56:58+00:00","description":"Fosfor Refract Cloud: recensione software AIOps che aiuta a sfruttare la tecnologia AI per creare e progettare modelli di apprendimento automatico","breadcrumb":{"@id":"https:\/\/www.accuratereviews.com\/it\/software-intelligenza-artificiale\/fosfor-refract-cloud-recensione\/#breadcrumb"},"inLanguage":"it-IT","potentialAction":[{"@type":"ReadAction","target":["https:\/\/www.accuratereviews.com\/it\/software-intelligenza-artificiale\/fosfor-refract-cloud-recensione\/"]}]},{"@type":"ImageObject","inLanguage":"it-IT","@id":"https:\/\/www.accuratereviews.com\/it\/software-intelligenza-artificiale\/fosfor-refract-cloud-recensione\/#primaryimage","url":"https:\/\/www.accuratereviews.com\/wp-content\/uploads\/2024\/11\/Fosfor-Refract-Cloud.webp","contentUrl":"https:\/\/www.accuratereviews.com\/wp-content\/uploads\/2024\/11\/Fosfor-Refract-Cloud.webp","width":256,"height":256},{"@type":"BreadcrumbList","@id":"https:\/\/www.accuratereviews.com\/it\/software-intelligenza-artificiale\/fosfor-refract-cloud-recensione\/#breadcrumb","itemListElement":[{"@type":"ListItem","position":1,"name":"Home","item":"https:\/\/www.accuratereviews.com\/it\/"},{"@type":"ListItem","position":2,"name":"Software di intelligenza artificiale","item":"https:\/\/www.accuratereviews.com\/it\/software-intelligenza-artificiale\/"},{"@type":"ListItem","position":3,"name":"Fosfor Refract Cloud"}]},{"@type":"WebSite","@id":"https:\/\/www.accuratereviews.com\/it\/#website","url":"https:\/\/www.accuratereviews.com\/it\/","name":"Accurate Reviews","description":"","potentialAction":[{"@type":"SearchAction","target":{"@type":"EntryPoint","urlTemplate":"https:\/\/www.accuratereviews.com\/it\/?s={search_term_string}"},"query-input":{"@type":"PropertyValueSpecification","valueRequired":true,"valueName":"search_term_string"}}],"inLanguage":"it-IT"}]}},"_links":{"self":[{"href":"https:\/\/www.accuratereviews.com\/it\/wp-json\/wp\/v2\/pages\/80557","targetHints":{"allow":["GET"]}}],"collection":[{"href":"https:\/\/www.accuratereviews.com\/it\/wp-json\/wp\/v2\/pages"}],"about":[{"href":"https:\/\/www.accuratereviews.com\/it\/wp-json\/wp\/v2\/types\/page"}],"author":[{"embeddable":true,"href":"https:\/\/www.accuratereviews.com\/it\/wp-json\/wp\/v2\/users\/19"}],"replies":[{"embeddable":true,"href":"https:\/\/www.accuratereviews.com\/it\/wp-json\/wp\/v2\/comments?post=80557"}],"version-history":[{"count":12,"href":"https:\/\/www.accuratereviews.com\/it\/wp-json\/wp\/v2\/pages\/80557\/revisions"}],"predecessor-version":[{"id":104627,"href":"https:\/\/www.accuratereviews.com\/it\/wp-json\/wp\/v2\/pages\/80557\/revisions\/104627"}],"up":[{"embeddable":true,"href":"https:\/\/www.accuratereviews.com\/it\/wp-json\/wp\/v2\/pages\/79864"}],"wp:featuredmedia":[{"embeddable":true,"href":"https:\/\/www.accuratereviews.com\/it\/wp-json\/wp\/v2\/media\/80559"}],"wp:attachment":[{"href":"https:\/\/www.accuratereviews.com\/it\/wp-json\/wp\/v2\/media?parent=80557"}],"wp:term":[{"taxonomy":"category","embeddable":true,"href":"https:\/\/www.accuratereviews.com\/it\/wp-json\/wp\/v2\/categories?post=80557"},{"taxonomy":"post_tag","embeddable":true,"href":"https:\/\/www.accuratereviews.com\/it\/wp-json\/wp\/v2\/tags?post=80557"},{"taxonomy":"features","embeddable":true,"href":"https:\/\/www.accuratereviews.com\/it\/wp-json\/wp\/v2\/features?post=80557"}],"curies":[{"name":"wp","href":"https:\/\/api.w.org\/{rel}","templated":true}]}}