{"id":80627,"date":"2024-11-25T16:47:17","date_gmt":"2024-11-25T16:47:17","guid":{"rendered":"https:\/\/www.accuratereviews.com\/?page_id=80627"},"modified":"2024-11-26T10:33:18","modified_gmt":"2024-11-26T10:33:18","slug":"pexip-connect-recensione","status":"publish","type":"page","link":"https:\/\/www.accuratereviews.com\/it\/software-videoconferenze\/pexip-connect-recensione\/","title":{"rendered":"Pexip Connect"},"content":{"rendered":"<p><strong>Pexip Connect<\/strong> \u00e8 una <strong>piattaforma di videoconferenza<\/strong> progettata per soddisfare le esigenze di aziende che pongono al centro sicurezza, scalabilit\u00e0 e integrazione. Ideale per imprese, organizzazioni sanitarie e del settore pubblico, offre una soluzione altamente personalizzabile per ospitare riunioni online sicure.<br \/>\nL&#8217;attenzione di <strong>Pexip<\/strong> alla privacy e alla flessibilit\u00e0 la rende una scelta eccellente per organizzazioni con requisiti di conformit\u00e0 specifici o che necessitano di integrare le videoconferenze nei propri flussi di lavoro.<\/p>\n<h2>PEXIP CONNECT &#8211; TUTORIAL<\/h2>\n<div id=\"fluid-wrapper-counter-1\" class=\"g1-fluid-wrapper \" style=\"width:686px;\">\n<div style=\"padding-bottom:56.268221574344%;\"><iframe loading=\"lazy\" title=\"Pexip Connect: Join Any Meeting From Any Room\" width=\"686\" height=\"386\" src=\"https:\/\/www.youtube.com\/embed\/qVnwF93S_Hs?feature=oembed&amp;wmode=transparent&amp;autohide=1&amp;autoplay=0&amp;disablekb=0&amp;fs=1&amp;loop=0&amp;enablejsapi=1&amp;rel=0&amp;controls=2&amp;showinfo=0&amp;wmode=transparent&amp;autohide=2&amp;autoplay=0&amp;disablekb=0&amp;fs=1&amp;loop=0&amp;enablejsapi=1&amp;rel=0&amp;controls=2&amp;showinfo=1\" frameborder=\"0\" allow=\"accelerometer; autoplay; clipboard-write; encrypted-media; gyroscope; picture-in-picture; web-share\" referrerpolicy=\"strict-origin-when-cross-origin\" allowfullscreen><\/iframe><\/div>\n<\/div>\n<h3>PEXIP CONNECT &#8211; CARATTERITICHE<\/h3>\n<ul>\n<li><strong>Piattaforma personalizzabile<\/strong>: completamente adattabile al branding e all&#8217;infrastruttura dell&#8217;organizzazione, consente un&#8217;integrazione fluida con gli strumenti esistenti.<\/li>\n<li><strong>Sicurezza di livello enterprise<\/strong>: offre crittografia end-to-end, conformit\u00e0 GDPR e strumenti per la gestione dell&#8217;autenticazione degli utenti, garantendo comunicazioni sicure.<\/li>\n<li><strong>Distribuzione scalabile in cloud o on-premise<\/strong>: fornisce la flessibilit\u00e0 di essere implementata nel cloud, in locale o in modalit\u00e0 ibrida, adattandosi alle esigenze aziendali.<\/li>\n<li><strong>Interoperabilit\u00e0 con strumenti esistenti<\/strong>: si collega facilmente a piattaforme come Microsoft Teams, Google Meet e Zoom per una comunicazione fluida tra piattaforme.<\/li>\n<li><strong>Ottimizzazione video basata sull\u2019intelligenza artificiale<\/strong>: garantisce alta qualit\u00e0 di video e audio, anche in ambienti con larghezza di banda limitata.<\/li>\n<li><strong>Funzionalit\u00e0 specifiche per il settore sanitario<\/strong>: include strumenti come sale d\u2019attesa virtuali e consulenze sicure per l\u2019uso in telemedicina.<\/li>\n<\/ul>\n<h4>LE RECENSIONI DEGLI UTENTI<\/h4>\n<p><strong>Ediin \u201cUn&#8217;app molto bella per le riunioni online\u201d<\/strong><br \/>\nCommenti: Pexip ha fornito un ottimo servizio, anche se ha i suoi lati negativi per quanto riguarda la stabilit\u00e0. A volte si verificano dei problemi, ma non durano a lungo, perch\u00e9 si riprende e rende le chiamate in conferenza o le riunioni molto piacevoli.<br \/>\nPro: Pexip \u00e8 uno di quegli strumenti ben impostati e sviluppati, ma ha ancora bisogno di pi\u00f9 utenti per raggiungere il suo vero potenziale e svilupparsi sempre meglio. Il funzionamento dell&#8217;interfaccia \u00e8 sorprendentemente buono e semplice, ma svolge egregiamente il suo compito e rende le riunioni online e i webinar semplici e piacevoli.<br \/>\nContro: L&#8217;aspetto pi\u00f9 negativo \u00e8 che Pexip non \u00e8 ancora utilizzato da molte persone. Quando invitate qualcuno a una teleconferenza Pexip, probabilmente vi diranno che devono attivarlo, registrarlo o installarlo sul loro dispositivo perch\u00e9 non \u00e8 comunemente usato.<\/p>\n<p><strong>Marc \u201cAlternativa perfetta e completa a Teams \/ Zoom \/ &#8230;\u201d<\/strong><br \/>\nCommenti: La piattaforma \u00e8 facile, performante, ed esattamente ci\u00f2 che serve. Non ci sono cose \u201cbelle da avere\u201d che non verranno mai usate&#8230;<br \/>\nPro: Facile da usare, portale di amministrazione semplice, licenze flessibili, &#8230;<br \/>\nContro: La reportistica sull&#8217;utilizzo potrebbe essere pi\u00f9 dettagliata, l&#8217;esportazione dei dati di utilizzo non \u00e8 possibile nella versione attuale&#8230;<\/p>\n<p><strong>Cy \u201cPexip &#8211; un ottimo modo per riunire tutto\u201d<\/strong><br \/>\nCommenti: La mia esperienza complessiva con Pexip \u00e8 stata molto positiva.<br \/>\nPro: Mi piace la possibilit\u00e0 di portare un codec legacy in Teams, Zoom, ecc. Pexip consente alle persone che sono abituate a fare una chiamata con un solo pulsante per un codec di portarlo in una chiamata Teams o Zoom. Il software \u00e8 facile da usare. La curva di apprendimento \u00e8 quasi inesistente.<br \/>\nContro: Non ho un vero e proprio aspetto negativo, a parte il fatto che non \u00e8 cos\u00ec conosciuto come Zoom o Teams.<\/p>\n","protected":false},"excerpt":{"rendered":"<p>Pexip Connect \u00e8 una piattaforma di videoconferenza progettata per soddisfare le esigenze di aziende che pongono al centro sicurezza, scalabilit\u00e0 e integrazione. Ideale per imprese, organizzazioni sanitarie e del settore pubblico, offre una soluzione altamente personalizzabile per ospitare riunioni online sicure.<\/p>\n","protected":false},"author":17,"featured_media":80628,"parent":80267,"menu_order":0,"comment_status":"open","ping_status":"closed","template":"g1_template_page_review_new.php","meta":{"_acf_changed":false,"cwp_meta_box_check":"No","cwp_rev_product_name":"","cwp_rev_product_image":"","wppr_links":[],"cwp_rev_price":"","wppr_options":[],"wppr_pros":[],"wppr_cons":[],"_monsterinsights_skip_tracking":false,"_monsterinsights_sitenote_active":false,"_monsterinsights_sitenote_note":"","_monsterinsights_sitenote_category":0,"footnotes":""},"categories":[15524],"tags":[15531,15578,15530,15523,15521,15529],"features":[],"class_list":{"0":"post-80627","1":"page","2":"type-page","3":"status-publish","4":"has-post-thumbnail","6":"category-software-videoconferenze-cat","7":"tag-app-videoconferenze","8":"tag-pexip-connect","9":"tag-piattaforma-videoconferenze","10":"tag-programma-videoconferenze","11":"tag-riunioni-online","12":"tag-soluzione-videoconferenze"},"wppr_data":{"cwp_meta_box_check":"No"},"acf":[],"yoast_head":"<!-- This site is optimized with the Yoast SEO plugin v27.4 - https:\/\/yoast.com\/product\/yoast-seo-wordpress\/ -->\n<title>Pexip Connect: recensione piattaforma videoconferenza - Accurate Reviews<\/title>\n<meta name=\"description\" content=\"Pexip Connect: piattaforma di videoconferenza progettata per soddisfare le esigenze di aziende che pongono al centro sicurezza e scalabilit\u00e0.\" \/>\n<meta name=\"robots\" content=\"index, follow, max-snippet:-1, max-image-preview:large, max-video-preview:-1\" \/>\n<link rel=\"canonical\" href=\"https:\/\/www.accuratereviews.com\/it\/software-videoconferenze\/pexip-connect-recensione\/\" \/>\n<meta property=\"og:locale\" content=\"it_IT\" \/>\n<meta property=\"og:type\" content=\"article\" \/>\n<meta property=\"og:title\" content=\"Pexip Connect: recensione piattaforma videoconferenza - Accurate Reviews\" \/>\n<meta property=\"og:description\" content=\"Pexip Connect: piattaforma di videoconferenza progettata per soddisfare le esigenze di aziende che pongono al centro sicurezza e scalabilit\u00e0.\" \/>\n<meta property=\"og:url\" content=\"https:\/\/www.accuratereviews.com\/it\/software-videoconferenze\/pexip-connect-recensione\/\" \/>\n<meta property=\"og:site_name\" content=\"Accurate Reviews\" \/>\n<meta property=\"article:modified_time\" content=\"2024-11-26T10:33:18+00:00\" \/>\n<meta property=\"og:image\" content=\"https:\/\/www.accuratereviews.com\/wp-content\/uploads\/2024\/11\/Screenshot-2024-11-25-163340.png\" \/>\n\t<meta property=\"og:image:width\" content=\"605\" \/>\n\t<meta property=\"og:image:height\" content=\"367\" \/>\n\t<meta property=\"og:image:type\" content=\"image\/png\" \/>\n<meta name=\"twitter:card\" content=\"summary_large_image\" \/>\n<meta name=\"twitter:label1\" content=\"Tempo di lettura stimato\" \/>\n\t<meta name=\"twitter:data1\" content=\"4 minuti\" \/>\n<script type=\"application\/ld+json\" class=\"yoast-schema-graph\">{\"@context\":\"https:\\\/\\\/schema.org\",\"@graph\":[{\"@type\":\"WebPage\",\"@id\":\"https:\\\/\\\/www.accuratereviews.com\\\/it\\\/software-videoconferenze\\\/pexip-connect-recensione\\\/\",\"url\":\"https:\\\/\\\/www.accuratereviews.com\\\/it\\\/software-videoconferenze\\\/pexip-connect-recensione\\\/\",\"name\":\"Pexip Connect: recensione piattaforma videoconferenza - Accurate Reviews\",\"isPartOf\":{\"@id\":\"https:\\\/\\\/www.accuratereviews.com\\\/it\\\/#website\"},\"primaryImageOfPage\":{\"@id\":\"https:\\\/\\\/www.accuratereviews.com\\\/it\\\/software-videoconferenze\\\/pexip-connect-recensione\\\/#primaryimage\"},\"image\":{\"@id\":\"https:\\\/\\\/www.accuratereviews.com\\\/it\\\/software-videoconferenze\\\/pexip-connect-recensione\\\/#primaryimage\"},\"thumbnailUrl\":\"https:\\\/\\\/www.accuratereviews.com\\\/wp-content\\\/uploads\\\/2024\\\/11\\\/Screenshot-2024-11-25-163340.png\",\"datePublished\":\"2024-11-25T16:47:17+00:00\",\"dateModified\":\"2024-11-26T10:33:18+00:00\",\"description\":\"Pexip Connect: piattaforma di videoconferenza progettata per soddisfare le esigenze di aziende che pongono al centro sicurezza e scalabilit\u00e0.\",\"breadcrumb\":{\"@id\":\"https:\\\/\\\/www.accuratereviews.com\\\/it\\\/software-videoconferenze\\\/pexip-connect-recensione\\\/#breadcrumb\"},\"inLanguage\":\"it-IT\",\"potentialAction\":[{\"@type\":\"ReadAction\",\"target\":[\"https:\\\/\\\/www.accuratereviews.com\\\/it\\\/software-videoconferenze\\\/pexip-connect-recensione\\\/\"]}]},{\"@type\":\"ImageObject\",\"inLanguage\":\"it-IT\",\"@id\":\"https:\\\/\\\/www.accuratereviews.com\\\/it\\\/software-videoconferenze\\\/pexip-connect-recensione\\\/#primaryimage\",\"url\":\"https:\\\/\\\/www.accuratereviews.com\\\/wp-content\\\/uploads\\\/2024\\\/11\\\/Screenshot-2024-11-25-163340.png\",\"contentUrl\":\"https:\\\/\\\/www.accuratereviews.com\\\/wp-content\\\/uploads\\\/2024\\\/11\\\/Screenshot-2024-11-25-163340.png\",\"width\":605,\"height\":367},{\"@type\":\"BreadcrumbList\",\"@id\":\"https:\\\/\\\/www.accuratereviews.com\\\/it\\\/software-videoconferenze\\\/pexip-connect-recensione\\\/#breadcrumb\",\"itemListElement\":[{\"@type\":\"ListItem\",\"position\":1,\"name\":\"Home\",\"item\":\"https:\\\/\\\/www.accuratereviews.com\\\/it\\\/\"},{\"@type\":\"ListItem\",\"position\":2,\"name\":\"Software videoconferenze\",\"item\":\"https:\\\/\\\/www.accuratereviews.com\\\/it\\\/software-videoconferenze\\\/\"},{\"@type\":\"ListItem\",\"position\":3,\"name\":\"Pexip Connect\"}]},{\"@type\":\"WebSite\",\"@id\":\"https:\\\/\\\/www.accuratereviews.com\\\/it\\\/#website\",\"url\":\"https:\\\/\\\/www.accuratereviews.com\\\/it\\\/\",\"name\":\"Accurate Reviews\",\"description\":\"\",\"potentialAction\":[{\"@type\":\"SearchAction\",\"target\":{\"@type\":\"EntryPoint\",\"urlTemplate\":\"https:\\\/\\\/www.accuratereviews.com\\\/it\\\/?s={search_term_string}\"},\"query-input\":{\"@type\":\"PropertyValueSpecification\",\"valueRequired\":true,\"valueName\":\"search_term_string\"}}],\"inLanguage\":\"it-IT\"}]}<\/script>\n<!-- \/ Yoast SEO plugin. -->","yoast_head_json":{"title":"Pexip Connect: recensione piattaforma videoconferenza - Accurate Reviews","description":"Pexip Connect: piattaforma di videoconferenza progettata per soddisfare le esigenze di aziende che pongono al centro sicurezza e scalabilit\u00e0.","robots":{"index":"index","follow":"follow","max-snippet":"max-snippet:-1","max-image-preview":"max-image-preview:large","max-video-preview":"max-video-preview:-1"},"canonical":"https:\/\/www.accuratereviews.com\/it\/software-videoconferenze\/pexip-connect-recensione\/","og_locale":"it_IT","og_type":"article","og_title":"Pexip Connect: recensione piattaforma videoconferenza - Accurate Reviews","og_description":"Pexip Connect: piattaforma di videoconferenza progettata per soddisfare le esigenze di aziende che pongono al centro sicurezza e scalabilit\u00e0.","og_url":"https:\/\/www.accuratereviews.com\/it\/software-videoconferenze\/pexip-connect-recensione\/","og_site_name":"Accurate Reviews","article_modified_time":"2024-11-26T10:33:18+00:00","og_image":[{"width":605,"height":367,"url":"https:\/\/www.accuratereviews.com\/wp-content\/uploads\/2024\/11\/Screenshot-2024-11-25-163340.png","type":"image\/png"}],"twitter_card":"summary_large_image","twitter_misc":{"Tempo di lettura stimato":"4 minuti"},"schema":{"@context":"https:\/\/schema.org","@graph":[{"@type":"WebPage","@id":"https:\/\/www.accuratereviews.com\/it\/software-videoconferenze\/pexip-connect-recensione\/","url":"https:\/\/www.accuratereviews.com\/it\/software-videoconferenze\/pexip-connect-recensione\/","name":"Pexip Connect: recensione piattaforma videoconferenza - Accurate Reviews","isPartOf":{"@id":"https:\/\/www.accuratereviews.com\/it\/#website"},"primaryImageOfPage":{"@id":"https:\/\/www.accuratereviews.com\/it\/software-videoconferenze\/pexip-connect-recensione\/#primaryimage"},"image":{"@id":"https:\/\/www.accuratereviews.com\/it\/software-videoconferenze\/pexip-connect-recensione\/#primaryimage"},"thumbnailUrl":"https:\/\/www.accuratereviews.com\/wp-content\/uploads\/2024\/11\/Screenshot-2024-11-25-163340.png","datePublished":"2024-11-25T16:47:17+00:00","dateModified":"2024-11-26T10:33:18+00:00","description":"Pexip Connect: piattaforma di videoconferenza progettata per soddisfare le esigenze di aziende che pongono al centro sicurezza e scalabilit\u00e0.","breadcrumb":{"@id":"https:\/\/www.accuratereviews.com\/it\/software-videoconferenze\/pexip-connect-recensione\/#breadcrumb"},"inLanguage":"it-IT","potentialAction":[{"@type":"ReadAction","target":["https:\/\/www.accuratereviews.com\/it\/software-videoconferenze\/pexip-connect-recensione\/"]}]},{"@type":"ImageObject","inLanguage":"it-IT","@id":"https:\/\/www.accuratereviews.com\/it\/software-videoconferenze\/pexip-connect-recensione\/#primaryimage","url":"https:\/\/www.accuratereviews.com\/wp-content\/uploads\/2024\/11\/Screenshot-2024-11-25-163340.png","contentUrl":"https:\/\/www.accuratereviews.com\/wp-content\/uploads\/2024\/11\/Screenshot-2024-11-25-163340.png","width":605,"height":367},{"@type":"BreadcrumbList","@id":"https:\/\/www.accuratereviews.com\/it\/software-videoconferenze\/pexip-connect-recensione\/#breadcrumb","itemListElement":[{"@type":"ListItem","position":1,"name":"Home","item":"https:\/\/www.accuratereviews.com\/it\/"},{"@type":"ListItem","position":2,"name":"Software videoconferenze","item":"https:\/\/www.accuratereviews.com\/it\/software-videoconferenze\/"},{"@type":"ListItem","position":3,"name":"Pexip Connect"}]},{"@type":"WebSite","@id":"https:\/\/www.accuratereviews.com\/it\/#website","url":"https:\/\/www.accuratereviews.com\/it\/","name":"Accurate Reviews","description":"","potentialAction":[{"@type":"SearchAction","target":{"@type":"EntryPoint","urlTemplate":"https:\/\/www.accuratereviews.com\/it\/?s={search_term_string}"},"query-input":{"@type":"PropertyValueSpecification","valueRequired":true,"valueName":"search_term_string"}}],"inLanguage":"it-IT"}]}},"_links":{"self":[{"href":"https:\/\/www.accuratereviews.com\/it\/wp-json\/wp\/v2\/pages\/80627","targetHints":{"allow":["GET"]}}],"collection":[{"href":"https:\/\/www.accuratereviews.com\/it\/wp-json\/wp\/v2\/pages"}],"about":[{"href":"https:\/\/www.accuratereviews.com\/it\/wp-json\/wp\/v2\/types\/page"}],"author":[{"embeddable":true,"href":"https:\/\/www.accuratereviews.com\/it\/wp-json\/wp\/v2\/users\/17"}],"replies":[{"embeddable":true,"href":"https:\/\/www.accuratereviews.com\/it\/wp-json\/wp\/v2\/comments?post=80627"}],"version-history":[{"count":2,"href":"https:\/\/www.accuratereviews.com\/it\/wp-json\/wp\/v2\/pages\/80627\/revisions"}],"predecessor-version":[{"id":80655,"href":"https:\/\/www.accuratereviews.com\/it\/wp-json\/wp\/v2\/pages\/80627\/revisions\/80655"}],"up":[{"embeddable":true,"href":"https:\/\/www.accuratereviews.com\/it\/wp-json\/wp\/v2\/pages\/80267"}],"wp:featuredmedia":[{"embeddable":true,"href":"https:\/\/www.accuratereviews.com\/it\/wp-json\/wp\/v2\/media\/80628"}],"wp:attachment":[{"href":"https:\/\/www.accuratereviews.com\/it\/wp-json\/wp\/v2\/media?parent=80627"}],"wp:term":[{"taxonomy":"category","embeddable":true,"href":"https:\/\/www.accuratereviews.com\/it\/wp-json\/wp\/v2\/categories?post=80627"},{"taxonomy":"post_tag","embeddable":true,"href":"https:\/\/www.accuratereviews.com\/it\/wp-json\/wp\/v2\/tags?post=80627"},{"taxonomy":"features","embeddable":true,"href":"https:\/\/www.accuratereviews.com\/it\/wp-json\/wp\/v2\/features?post=80627"}],"curies":[{"name":"wp","href":"https:\/\/api.w.org\/{rel}","templated":true}]}}