{"id":80644,"date":"2024-11-26T14:22:59","date_gmt":"2024-11-26T14:22:59","guid":{"rendered":"https:\/\/www.accuratereviews.com\/?page_id=80644"},"modified":"2024-11-27T10:26:51","modified_gmt":"2024-11-27T10:26:51","slug":"thalox-recensione","status":"publish","type":"page","link":"https:\/\/www.accuratereviews.com\/it\/software-intelligenza-artificiale\/thalox-recensione\/","title":{"rendered":"Thalox"},"content":{"rendered":"<p><strong>Thalox<\/strong> rivoluziona l&#8217;approccio di marketing<strong> sfruttando l&#8217;intelligenza artificiale<\/strong> avanzata per prevedere la probabilit\u00e0 che i tuoi contatti interagiscano con le tue campagne. Ti consente, quindi, di organizzare questi contatti in <strong>HubSpot<\/strong> in base al loro potenziale di coinvolgimento. Ti aiuta a identificare i contatti inattivi per il re-coinvolgimento o la rimozione, garantendo un database pi\u00f9 pulito.<br \/>\nFunziona analizzando i dati dei tuoi contatti, incluse tutte le attivit\u00e0 digitali passate, e restituendoti 4 elenchi di contatti, raggruppati in base al loro livello di coinvolgimento.<br \/>\n<strong>Thalox <\/strong>permette di adattare le tue campagne a diversi segmenti di pubblico, migliorando la qualit\u00e0 dei lead consegnati al tuo team di vendita.<\/p>\n<h2>THALOX &#8211; TUTORIAL<\/h2>\n<div id=\"fluid-wrapper-counter-1\" class=\"g1-fluid-wrapper \" style=\"width:686px;\">\n<div style=\"padding-bottom:56.268221574344%;\"><iframe loading=\"lazy\" title=\"Product Demo 2024 - Thalox\" width=\"686\" height=\"386\" src=\"https:\/\/www.youtube.com\/embed\/4bzhdsfp8MM?feature=oembed&amp;wmode=transparent&amp;autohide=1&amp;autoplay=0&amp;disablekb=0&amp;fs=1&amp;loop=0&amp;enablejsapi=1&amp;rel=0&amp;controls=2&amp;showinfo=0&amp;wmode=transparent&amp;autohide=2&amp;autoplay=0&amp;disablekb=0&amp;fs=1&amp;loop=0&amp;enablejsapi=1&amp;rel=0&amp;controls=2&amp;showinfo=1\" frameborder=\"0\" allow=\"accelerometer; autoplay; clipboard-write; encrypted-media; gyroscope; picture-in-picture; web-share\" referrerpolicy=\"strict-origin-when-cross-origin\" allowfullscreen><\/iframe><\/div>\n<\/div>\n<h3>THALOX &#8211; CARATTERISTICHE<\/h3>\n<div class=\"AxqVh\">\n<div class=\"OPPzxe\">\n<div class=\"QcsUad BDJ8fb BLojaf sMVRZe hCXDsb wneUed\">\n<div class=\"usGWQd\">\n<div class=\"KkbLmb\">\n<div class=\"lRu31\" dir=\"ltr\">\n<ul>\n<li><strong>Segmentazione senza sforzo<\/strong>: analizza e segmenta automaticamente il tuo database di contatti con precisione. D\u00ec addio alla creazione manuale di elenchi e dai il benvenuto agli elenchi di posta elettronica ottimizzati.<\/li>\n<li><strong>Aumenta il coinvolgimento<\/strong>: scopri dove si trovano i tuoi contatti nel loro percorso di acquisto. Personalizza i tuoi messaggi per aumentare i tassi di coinvolgimento fino a tre volte e convertire pi\u00f9 lead.<\/li>\n<li><strong>Previsioni intelligent<\/strong>i: sfrutta l&#8217;intelligenza artificiale per prevedere quali contatti hanno maggiori probabilit\u00e0 di interagire con le tue campagne future. Thalox fornisce informazioni in tempo reale, rendendolo uno strumento potente per i professionisti del marketing, senza bisogno di alcuna configurazione.<\/li>\n<li><strong>Contatto di vendita<\/strong>: cattura i tuoi contatti pi\u00f9 coinvolti per qualificare e dare priorit\u00e0 al tuo contatto di vendita in modo efficace.<\/li>\n<\/ul>\n<h4>LE RECENSIONI DEGLI UTENTI<\/h4>\n<p><strong>Rishi &#8220;Ottimo strumento per una segmentazione rapida e semplice&#8221;<\/strong><br \/>\n<strong>Pro<\/strong>: La facilit\u00e0 di segmentazione e trasferimento dei dati in HubSpot<br \/>\n<strong>Contro<\/strong>: I criteri di filtro non si sincronizzano con i dati in HubSpot.<\/p>\n<p><strong>Beate &#8220;Ottima app con supporto davvero prezioso!&#8221;<\/strong><br \/>\n<strong>Commenti<\/strong>: Da quando ho iniziato a usare Thalox, il mio database di contatti ha una visibilit\u00e0 decisamente migliore e l&#8217;app si occupa di segmentare i miei contatti nei gruppi giusti, in modo che io possa indirizzare le mie email al pubblico giusto.<br \/>\n<strong>Pro<\/strong>: Risparmio tempo perch\u00e9 non devo effettuare manualmente la segmentazione; inoltre, il servizio clienti \u00e8 eccellente e fornisce feedback e consigli preziosi per le mie campagne di email marketing.<br \/>\n<strong>Contro<\/strong>: se fosse pi\u00f9 integrato in HubSpot sarebbe fantastico, cos\u00ec non dovrei prima accedere a un&#8217;altra interfaccia<\/p>\n<p><strong>Tomi &#8220;Impatto enorme su marketing e vendite&#8221;<\/strong><br \/>\n<strong>Commenti<\/strong>: Esperienza molto piacevole e ROI davvero veloce. Il nostro personale addetto al marketing e alle vendite \u00e8 ora pi\u00f9 efficace e pi\u00f9 soddisfatto del suo lavoro quotidiano.<br \/>\n<strong>Pro<\/strong>: L&#8217;impostazione \u00e8 stata davvero semplice e anche l&#8217;utilizzo lo \u00e8. Ora abbiamo un nuovo tipo di insight sui nostri contatti e li abbiamo automaticamente segmentati in base a pubblici con esigenze diverse. Ora sappiamo meglio come far reagire i segmenti e come trasformare quei Lead e MQL in SQL. E i nostri addetti alle vendite sanno meglio come trasformare quegli SQL in Clienti. Semplicemente fantastico!<br \/>\n<strong>Contro<\/strong>: All&#8217;inizio avevamo bisogno di un po&#8217; di aiuto con alcune idee di contenuto, ma per questo abbiamo ricevuto un aiuto davvero valido dallo staff Thalox. Grazie!<\/p>\n<\/div>\n<\/div>\n<\/div>\n<\/div>\n<\/div>\n<\/div>\n","protected":false},"excerpt":{"rendered":"<p>Thalox rivoluziona l&#8217;approccio di marketing sfruttando l&#8217;intelligenza artificiale avanzata per prevedere la probabilit\u00e0 che i tuoi contatti interagiscano con le tue campagne. Ti consente, quindi, di organizzare questi contatti in HubSpot in base al loro potenziale di coinvolgimento. Ti aiuta a identificare i contatti inattivi per il re-coinvolgimento o la rimozione, garantendo un database pi\u00f9 pulito.\u00a0<\/p>\n","protected":false},"author":19,"featured_media":80646,"parent":79864,"menu_order":0,"comment_status":"open","ping_status":"closed","template":"g1_template_page_review_new.php","meta":{"_acf_changed":false,"cwp_meta_box_check":"Yes","cwp_rev_product_name":"","cwp_rev_product_image":"","wppr_links":[],"cwp_rev_price":"0.00","wppr_options":[{"name":"Usability","value":"0"},{"name":"Speed","value":"0"},{"name":"Features","value":"0"},{"name":"Support","value":"0"},{"name":"Pricing","value":"0"}],"wppr_pros":["","","","",""],"wppr_cons":["","","","",""],"_monsterinsights_skip_tracking":false,"_monsterinsights_sitenote_active":false,"_monsterinsights_sitenote_note":"","_monsterinsights_sitenote_category":0,"footnotes":""},"categories":[15435],"tags":[997,998,15441,15440,15479,15480,15576],"features":[],"class_list":{"0":"post-80644","1":"page","2":"type-page","3":"status-publish","4":"has-post-thumbnail","6":"category-software-intelligenza-artificiale-cat","7":"tag-ai","8":"tag-intelligenza-artificiale","9":"tag-piattaforma-intelligenza-artificiale","10":"tag-programma-intelligenza-artificiale","11":"tag-software-intelligenza-artificiale","12":"tag-soluzione-intelligenza-artificiale","13":"tag-thalox"},"wppr_data":{"cwp_meta_box_check":"Yes","_wppr_review_template":"default","cwp_rev_product_image":"","cwp_image_link":"image","wppr_links":[],"cwp_rev_price":"0.00","wppr_pros":["","","","",""],"wppr_cons":["","","","",""],"wppr_rating":"0.00","wppr_options":{"1":{"name":"Usability","value":"0"},"2":{"name":"Speed","value":"0"},"3":{"name":"Features","value":"0"},"4":{"name":"Support","value":"0"},"5":{"name":"Pricing","value":"0"}},"wppr_review_type":"Product","wppr_review_custom_fields":{"additionalProperty":"","additionalType":"","aggregateRating":"","alternateName":"","audience":"","award":"","awards":"","brand":"","color":"","depth":"","description":"","disambiguatingDescription":"","gtin12":"","gtin13":"","gtin14":"","gtin8":"","height":"","identifier":"","image":"","isAccessoryOrSparePartFor":"","isConsumableFor":"","isRelatedTo":"","isSimilarTo":"","itemCondition":"","logo":"","mainEntityOfPage":"","manufacturer":"","material":"","model":"","mpn":"","name":"","offers":"","potentialAction":"","productID":"","productionDate":"","purchaseDate":"","releaseDate":"","review":"","reviews":"","sameAs":"","sku":"","slogan":"","subjectOf":"","url":"","weight":"","width":""}},"acf":[],"yoast_head":"<!-- This site is optimized with the Yoast SEO plugin v27.4 - https:\/\/yoast.com\/product\/yoast-seo-wordpress\/ -->\n<title>Thalox: recensione software intelligenza artificiale - Accurate Reviews<\/title>\n<meta name=\"description\" content=\"Thalox: software che sfrutta l&#039;intelligenza artificiale per prevedere la probabilit\u00e0 che i contatti interagiscano con le campagne marketing.\" \/>\n<meta name=\"robots\" content=\"index, follow, max-snippet:-1, max-image-preview:large, max-video-preview:-1\" \/>\n<link rel=\"canonical\" href=\"https:\/\/www.accuratereviews.com\/it\/software-intelligenza-artificiale\/thalox-recensione\/\" \/>\n<meta property=\"og:locale\" content=\"it_IT\" \/>\n<meta property=\"og:type\" content=\"article\" \/>\n<meta property=\"og:title\" content=\"Thalox: recensione software intelligenza artificiale - Accurate Reviews\" \/>\n<meta property=\"og:description\" content=\"Thalox: software che sfrutta l&#039;intelligenza artificiale per prevedere la probabilit\u00e0 che i contatti interagiscano con le campagne marketing.\" \/>\n<meta property=\"og:url\" content=\"https:\/\/www.accuratereviews.com\/it\/software-intelligenza-artificiale\/thalox-recensione\/\" \/>\n<meta property=\"og:site_name\" content=\"Accurate Reviews\" \/>\n<meta property=\"article:modified_time\" content=\"2024-11-27T10:26:51+00:00\" \/>\n<meta property=\"og:image\" content=\"https:\/\/www.accuratereviews.com\/wp-content\/uploads\/2024\/11\/Thalox.jpeg\" \/>\n\t<meta property=\"og:image:width\" content=\"200\" \/>\n\t<meta property=\"og:image:height\" content=\"200\" \/>\n\t<meta property=\"og:image:type\" content=\"image\/jpeg\" \/>\n<meta name=\"twitter:card\" content=\"summary_large_image\" \/>\n<meta name=\"twitter:label1\" content=\"Tempo di lettura stimato\" \/>\n\t<meta name=\"twitter:data1\" content=\"4 minuti\" \/>\n<script type=\"application\/ld+json\" class=\"yoast-schema-graph\">{\"@context\":\"https:\\\/\\\/schema.org\",\"@graph\":[{\"@type\":\"WebPage\",\"@id\":\"https:\\\/\\\/www.accuratereviews.com\\\/it\\\/software-intelligenza-artificiale\\\/thalox-recensione\\\/\",\"url\":\"https:\\\/\\\/www.accuratereviews.com\\\/it\\\/software-intelligenza-artificiale\\\/thalox-recensione\\\/\",\"name\":\"Thalox: recensione software intelligenza artificiale - Accurate Reviews\",\"isPartOf\":{\"@id\":\"https:\\\/\\\/www.accuratereviews.com\\\/it\\\/#website\"},\"primaryImageOfPage\":{\"@id\":\"https:\\\/\\\/www.accuratereviews.com\\\/it\\\/software-intelligenza-artificiale\\\/thalox-recensione\\\/#primaryimage\"},\"image\":{\"@id\":\"https:\\\/\\\/www.accuratereviews.com\\\/it\\\/software-intelligenza-artificiale\\\/thalox-recensione\\\/#primaryimage\"},\"thumbnailUrl\":\"https:\\\/\\\/www.accuratereviews.com\\\/wp-content\\\/uploads\\\/2024\\\/11\\\/Thalox.jpeg\",\"datePublished\":\"2024-11-26T14:22:59+00:00\",\"dateModified\":\"2024-11-27T10:26:51+00:00\",\"description\":\"Thalox: software che sfrutta l'intelligenza artificiale per prevedere la probabilit\u00e0 che i contatti interagiscano con le campagne marketing.\",\"breadcrumb\":{\"@id\":\"https:\\\/\\\/www.accuratereviews.com\\\/it\\\/software-intelligenza-artificiale\\\/thalox-recensione\\\/#breadcrumb\"},\"inLanguage\":\"it-IT\",\"potentialAction\":[{\"@type\":\"ReadAction\",\"target\":[\"https:\\\/\\\/www.accuratereviews.com\\\/it\\\/software-intelligenza-artificiale\\\/thalox-recensione\\\/\"]}]},{\"@type\":\"ImageObject\",\"inLanguage\":\"it-IT\",\"@id\":\"https:\\\/\\\/www.accuratereviews.com\\\/it\\\/software-intelligenza-artificiale\\\/thalox-recensione\\\/#primaryimage\",\"url\":\"https:\\\/\\\/www.accuratereviews.com\\\/wp-content\\\/uploads\\\/2024\\\/11\\\/Thalox.jpeg\",\"contentUrl\":\"https:\\\/\\\/www.accuratereviews.com\\\/wp-content\\\/uploads\\\/2024\\\/11\\\/Thalox.jpeg\",\"width\":200,\"height\":200},{\"@type\":\"BreadcrumbList\",\"@id\":\"https:\\\/\\\/www.accuratereviews.com\\\/it\\\/software-intelligenza-artificiale\\\/thalox-recensione\\\/#breadcrumb\",\"itemListElement\":[{\"@type\":\"ListItem\",\"position\":1,\"name\":\"Home\",\"item\":\"https:\\\/\\\/www.accuratereviews.com\\\/it\\\/\"},{\"@type\":\"ListItem\",\"position\":2,\"name\":\"Software di intelligenza artificiale\",\"item\":\"https:\\\/\\\/www.accuratereviews.com\\\/it\\\/software-intelligenza-artificiale\\\/\"},{\"@type\":\"ListItem\",\"position\":3,\"name\":\"Thalox\"}]},{\"@type\":\"WebSite\",\"@id\":\"https:\\\/\\\/www.accuratereviews.com\\\/it\\\/#website\",\"url\":\"https:\\\/\\\/www.accuratereviews.com\\\/it\\\/\",\"name\":\"Accurate Reviews\",\"description\":\"\",\"potentialAction\":[{\"@type\":\"SearchAction\",\"target\":{\"@type\":\"EntryPoint\",\"urlTemplate\":\"https:\\\/\\\/www.accuratereviews.com\\\/it\\\/?s={search_term_string}\"},\"query-input\":{\"@type\":\"PropertyValueSpecification\",\"valueRequired\":true,\"valueName\":\"search_term_string\"}}],\"inLanguage\":\"it-IT\"}]}<\/script>\n<!-- \/ Yoast SEO plugin. -->","yoast_head_json":{"title":"Thalox: recensione software intelligenza artificiale - Accurate Reviews","description":"Thalox: software che sfrutta l'intelligenza artificiale per prevedere la probabilit\u00e0 che i contatti interagiscano con le campagne marketing.","robots":{"index":"index","follow":"follow","max-snippet":"max-snippet:-1","max-image-preview":"max-image-preview:large","max-video-preview":"max-video-preview:-1"},"canonical":"https:\/\/www.accuratereviews.com\/it\/software-intelligenza-artificiale\/thalox-recensione\/","og_locale":"it_IT","og_type":"article","og_title":"Thalox: recensione software intelligenza artificiale - Accurate Reviews","og_description":"Thalox: software che sfrutta l'intelligenza artificiale per prevedere la probabilit\u00e0 che i contatti interagiscano con le campagne marketing.","og_url":"https:\/\/www.accuratereviews.com\/it\/software-intelligenza-artificiale\/thalox-recensione\/","og_site_name":"Accurate Reviews","article_modified_time":"2024-11-27T10:26:51+00:00","og_image":[{"width":200,"height":200,"url":"https:\/\/www.accuratereviews.com\/wp-content\/uploads\/2024\/11\/Thalox.jpeg","type":"image\/jpeg"}],"twitter_card":"summary_large_image","twitter_misc":{"Tempo di lettura stimato":"4 minuti"},"schema":{"@context":"https:\/\/schema.org","@graph":[{"@type":"WebPage","@id":"https:\/\/www.accuratereviews.com\/it\/software-intelligenza-artificiale\/thalox-recensione\/","url":"https:\/\/www.accuratereviews.com\/it\/software-intelligenza-artificiale\/thalox-recensione\/","name":"Thalox: recensione software intelligenza artificiale - Accurate Reviews","isPartOf":{"@id":"https:\/\/www.accuratereviews.com\/it\/#website"},"primaryImageOfPage":{"@id":"https:\/\/www.accuratereviews.com\/it\/software-intelligenza-artificiale\/thalox-recensione\/#primaryimage"},"image":{"@id":"https:\/\/www.accuratereviews.com\/it\/software-intelligenza-artificiale\/thalox-recensione\/#primaryimage"},"thumbnailUrl":"https:\/\/www.accuratereviews.com\/wp-content\/uploads\/2024\/11\/Thalox.jpeg","datePublished":"2024-11-26T14:22:59+00:00","dateModified":"2024-11-27T10:26:51+00:00","description":"Thalox: software che sfrutta l'intelligenza artificiale per prevedere la probabilit\u00e0 che i contatti interagiscano con le campagne marketing.","breadcrumb":{"@id":"https:\/\/www.accuratereviews.com\/it\/software-intelligenza-artificiale\/thalox-recensione\/#breadcrumb"},"inLanguage":"it-IT","potentialAction":[{"@type":"ReadAction","target":["https:\/\/www.accuratereviews.com\/it\/software-intelligenza-artificiale\/thalox-recensione\/"]}]},{"@type":"ImageObject","inLanguage":"it-IT","@id":"https:\/\/www.accuratereviews.com\/it\/software-intelligenza-artificiale\/thalox-recensione\/#primaryimage","url":"https:\/\/www.accuratereviews.com\/wp-content\/uploads\/2024\/11\/Thalox.jpeg","contentUrl":"https:\/\/www.accuratereviews.com\/wp-content\/uploads\/2024\/11\/Thalox.jpeg","width":200,"height":200},{"@type":"BreadcrumbList","@id":"https:\/\/www.accuratereviews.com\/it\/software-intelligenza-artificiale\/thalox-recensione\/#breadcrumb","itemListElement":[{"@type":"ListItem","position":1,"name":"Home","item":"https:\/\/www.accuratereviews.com\/it\/"},{"@type":"ListItem","position":2,"name":"Software di intelligenza artificiale","item":"https:\/\/www.accuratereviews.com\/it\/software-intelligenza-artificiale\/"},{"@type":"ListItem","position":3,"name":"Thalox"}]},{"@type":"WebSite","@id":"https:\/\/www.accuratereviews.com\/it\/#website","url":"https:\/\/www.accuratereviews.com\/it\/","name":"Accurate Reviews","description":"","potentialAction":[{"@type":"SearchAction","target":{"@type":"EntryPoint","urlTemplate":"https:\/\/www.accuratereviews.com\/it\/?s={search_term_string}"},"query-input":{"@type":"PropertyValueSpecification","valueRequired":true,"valueName":"search_term_string"}}],"inLanguage":"it-IT"}]}},"_links":{"self":[{"href":"https:\/\/www.accuratereviews.com\/it\/wp-json\/wp\/v2\/pages\/80644","targetHints":{"allow":["GET"]}}],"collection":[{"href":"https:\/\/www.accuratereviews.com\/it\/wp-json\/wp\/v2\/pages"}],"about":[{"href":"https:\/\/www.accuratereviews.com\/it\/wp-json\/wp\/v2\/types\/page"}],"author":[{"embeddable":true,"href":"https:\/\/www.accuratereviews.com\/it\/wp-json\/wp\/v2\/users\/19"}],"replies":[{"embeddable":true,"href":"https:\/\/www.accuratereviews.com\/it\/wp-json\/wp\/v2\/comments?post=80644"}],"version-history":[{"count":8,"href":"https:\/\/www.accuratereviews.com\/it\/wp-json\/wp\/v2\/pages\/80644\/revisions"}],"predecessor-version":[{"id":80691,"href":"https:\/\/www.accuratereviews.com\/it\/wp-json\/wp\/v2\/pages\/80644\/revisions\/80691"}],"up":[{"embeddable":true,"href":"https:\/\/www.accuratereviews.com\/it\/wp-json\/wp\/v2\/pages\/79864"}],"wp:featuredmedia":[{"embeddable":true,"href":"https:\/\/www.accuratereviews.com\/it\/wp-json\/wp\/v2\/media\/80646"}],"wp:attachment":[{"href":"https:\/\/www.accuratereviews.com\/it\/wp-json\/wp\/v2\/media?parent=80644"}],"wp:term":[{"taxonomy":"category","embeddable":true,"href":"https:\/\/www.accuratereviews.com\/it\/wp-json\/wp\/v2\/categories?post=80644"},{"taxonomy":"post_tag","embeddable":true,"href":"https:\/\/www.accuratereviews.com\/it\/wp-json\/wp\/v2\/tags?post=80644"},{"taxonomy":"features","embeddable":true,"href":"https:\/\/www.accuratereviews.com\/it\/wp-json\/wp\/v2\/features?post=80644"}],"curies":[{"name":"wp","href":"https:\/\/api.w.org\/{rel}","templated":true}]}}