{"id":80670,"date":"2024-11-29T08:41:27","date_gmt":"2024-11-29T08:41:27","guid":{"rendered":"https:\/\/www.accuratereviews.com\/?page_id=80670"},"modified":"2024-11-29T08:43:08","modified_gmt":"2024-11-29T08:43:08","slug":"fixzy-assist-recensione","status":"publish","type":"page","link":"https:\/\/www.accuratereviews.com\/it\/software-intelligenza-artificiale\/fixzy-assist-recensione\/","title":{"rendered":"Fixzy Assist"},"content":{"rendered":"<p><strong>Fixzy Assist<\/strong> \u00e8 una potente soluzione per <strong>fornire assistenza remota<\/strong> guidata in tutto il mondo. Grazie alla collaborazione con l&#8217;Universit\u00e0 di Edimburgo per sviluppare modelli di visione artificiale e accesso a strumenti di realt\u00e0 aumentata, tra cui planimetrie di stanze 3D, misurazioni accurate, intelligenza artificiale per la visione artificiale per rilevare difetti e riconoscimento delle immagini, sovrapposizione manuale, chiamate di gruppo e un&#8217;intera serie di strumenti per consentire la guida remota in qualsiasi situazione.<br \/>\nUtilizzando una combinazione di strumenti integrati tramite tecnologia di <strong>intelligenza artificiale (IA)<\/strong> e <strong>realt\u00e0 aumentata (AR)<\/strong>, un&#8217;emergenza domestica pu\u00f2 essere identificata immediatamente ed eliminare cos\u00ec la pratica di perdita di tempo di effettuare una chiamata di valutazione iniziale, visitare il negozio di artigianato e tornare in seguito per effettuare la riparazione, una mossa che ridurr\u00e0 drasticamente i viaggi in auto.<\/p>\n<h2>FIXZY ASSIST &#8211; TUTORIAL<\/h2>\n<div id=\"fluid-wrapper-counter-1\" class=\"g1-fluid-wrapper \" style=\"width:686px;\">\n<div style=\"padding-bottom:56.268221574344%;\"><iframe loading=\"lazy\" title=\"How Fixzy Assist Works\" width=\"686\" height=\"386\" src=\"https:\/\/www.youtube.com\/embed\/JOyZb3BfiHo?feature=oembed&amp;wmode=transparent&amp;autohide=1&amp;autoplay=0&amp;disablekb=0&amp;fs=1&amp;loop=0&amp;enablejsapi=1&amp;rel=0&amp;controls=2&amp;showinfo=0&amp;wmode=transparent&amp;autohide=2&amp;autoplay=0&amp;disablekb=0&amp;fs=1&amp;loop=0&amp;enablejsapi=1&amp;rel=0&amp;controls=2&amp;showinfo=1\" frameborder=\"0\" allow=\"accelerometer; autoplay; clipboard-write; encrypted-media; gyroscope; picture-in-picture; web-share\" referrerpolicy=\"strict-origin-when-cross-origin\" allowfullscreen><\/iframe><\/div>\n<\/div>\n<h3>FIXZY ASSIST &#8211; CARATTERISTICHE<\/h3>\n<ul>\n<li>Migliora l&#8217;efficienza dei tuoi progetti<\/li>\n<li>Ottieni risultati rapidi per una migliore fidelizzazione dei clienti<\/li>\n<li>Risparmia sui costi riducendo i tempi di viaggio<\/li>\n<li>Offri ai titolari di polizze un cliente migliore<\/li>\n<li>Riduci drasticamente il tempo impiegato per elaborare i reclami.<\/li>\n<li>Utilizza l&#8217;intelligenza artificiale per garantire precisione e coerenza.<\/li>\n<li>Condividi istantaneamente i preventivi con l&#8217;ufficio centrale e i titolari di polizze.<\/li>\n<li>Trasporta facilmente la soluzione mobile in varie sedi.<\/li>\n<li>I report forniscono registrazioni precise e dettagliate di ispezioni e valutazioni.<\/li>\n<li>Garantisci l&#8217;aderenza agli standard normativi e alle best practice del settore.<\/li>\n<li>Piena visibilit\u00e0 con controllo di audit sui tuoi report<\/li>\n<li>Crea registrazioni chiare e tracciabili di ispezioni e valutazioni.<\/li>\n<li>Consenti ai titolari di polizze di eseguire le proprie ispezioni da remoto.<\/li>\n<li>Elimina le spese e i tempi di attesa con valutazioni in loco.<\/li>\n<li>Fornisci informazioni preziose e dai priorit\u00e0 ai reclami per una risoluzione rapida.<\/li>\n<li>Riduci i tempi di liquidazione dei reclami da settimane a un solo giorno.<\/li>\n<\/ul>\n<h4>LE RECENSIONI DEGLI UTENTI<\/h4>\n<p><strong>Ciaran &#8220;Eccellente strumento di registrazione video in remoto e in loco&#8221;<\/strong><br \/>\n<strong>Commenti<\/strong>: Siamo in grado di ridurre la nostra dipendenza dalle ispezioni fisiche in loco e ci\u00f2 ci consente di ampliare alcuni dei nostri servizi, normalmente limitati dalla capacit\u00e0 di manodopera.<br \/>\n<strong>Pro<\/strong>: Il team dietro di esso. Molto attento e la capacit\u00e0 di misurazione \u00e8 eccellente. Potrebbe rivelarsi un vero punto di svolta per noi e per alcuni dei nostri clienti.<br \/>\n<strong>Contro<\/strong>: Per ora non c&#8217;\u00e8 nulla di annunciato, siamo ancora agli inizi.<\/p>\n<p><strong>Greg &#8220;Ottimo risparmio di tempo&#8221;<\/strong><br \/>\n<strong>Pro<\/strong>: Ci risparmia inutili chiamate per manodopera aggiuntiva<br \/>\n<strong>Contro<\/strong>: Niente<\/p>\n<p><strong>Kerry &#8220;Tecnologia rivoluzionaria!&#8221;<\/strong><br \/>\n<strong>Commenti<\/strong>: Incredibile! Firstcall ha davvero tratto beneficio dall&#8217;adozione di Fixzy! L&#8217;attivit\u00e0 \u00e8 cos\u00ec semplificata e la comunicazione \u00e8 la migliore di sempre grazie a questa incredibile app!<br \/>\n<strong>Pro<\/strong>: Il team di Firstcall si \u00e8 adattato cos\u00ec bene all&#8217;uso di Fixzy perch\u00e9 ci consente di interagire con i nostri clienti a un livello completamente diverso. Siamo cos\u00ec impegnati a mantenere un alto livello di KPI per i nostri clienti e ad assicurare che il nostro tasso di risoluzione al primo tentativo sia migliorato. Da quando abbiamo implementato Fixzy stiamo risparmiando migliaia di dollari eliminando viaggi non necessari e riducendo anche in modo massiccio la nostra impronta di carbonio.<br \/>\n<strong>Contro<\/strong>: Non abbiamo difetti da segnalare, nel complesso il prodotto \u00e8 ottimo.<\/p>\n","protected":false},"excerpt":{"rendered":"<p>Fixzy Assist \u00e8 una potente soluzione per fornire assistenza remota guidata in tutto il mondo. Grazie alla collaborazione con l&#8217;Universit\u00e0 di Edimburgo per sviluppare modelli di visione artificiale e accesso a strumenti di realt\u00e0 aumentata, tra cui planimetrie di stanze 3D, misurazioni accurate, intelligenza artificiale e molto altro.<\/p>\n","protected":false},"author":19,"featured_media":80680,"parent":79864,"menu_order":0,"comment_status":"open","ping_status":"closed","template":"g1_template_page_review_new.php","meta":{"_acf_changed":false,"cwp_meta_box_check":"No","cwp_rev_product_name":"","cwp_rev_product_image":"","wppr_links":[],"cwp_rev_price":"","wppr_options":[],"wppr_pros":[],"wppr_cons":[],"_monsterinsights_skip_tracking":false,"_monsterinsights_sitenote_active":false,"_monsterinsights_sitenote_note":"","_monsterinsights_sitenote_category":0,"footnotes":""},"categories":[15435],"tags":[997,15583,15441,15440,15479,15480],"features":[],"class_list":{"0":"post-80670","1":"page","2":"type-page","3":"status-publish","4":"has-post-thumbnail","6":"category-software-intelligenza-artificiale-cat","7":"tag-ai","8":"tag-fixzy-assist","9":"tag-piattaforma-intelligenza-artificiale","10":"tag-programma-intelligenza-artificiale","11":"tag-software-intelligenza-artificiale","12":"tag-soluzione-intelligenza-artificiale"},"wppr_data":{"cwp_meta_box_check":"No"},"acf":[],"yoast_head":"<!-- This site is optimized with the Yoast SEO plugin v27.4 - https:\/\/yoast.com\/product\/yoast-seo-wordpress\/ -->\n<title>Fixzy Assist: recensione software intelligenza artificiale - Accurate Reviews<\/title>\n<meta name=\"description\" content=\"Fixzy Assist: recensione soluzione per fornire assistenza remota guidata in tutto il mondo sfruttando l&#039;intelligenza artificiale.\" \/>\n<meta name=\"robots\" content=\"index, follow, max-snippet:-1, max-image-preview:large, max-video-preview:-1\" \/>\n<link rel=\"canonical\" href=\"https:\/\/www.accuratereviews.com\/it\/software-intelligenza-artificiale\/fixzy-assist-recensione\/\" \/>\n<meta property=\"og:locale\" content=\"it_IT\" \/>\n<meta property=\"og:type\" content=\"article\" \/>\n<meta property=\"og:title\" content=\"Fixzy Assist: recensione software intelligenza artificiale - Accurate Reviews\" \/>\n<meta property=\"og:description\" content=\"Fixzy Assist: recensione soluzione per fornire assistenza remota guidata in tutto il mondo sfruttando l&#039;intelligenza artificiale.\" \/>\n<meta property=\"og:url\" content=\"https:\/\/www.accuratereviews.com\/it\/software-intelligenza-artificiale\/fixzy-assist-recensione\/\" \/>\n<meta property=\"og:site_name\" content=\"Accurate Reviews\" \/>\n<meta property=\"article:modified_time\" content=\"2024-11-29T08:43:08+00:00\" \/>\n<meta property=\"og:image\" content=\"https:\/\/www.accuratereviews.com\/wp-content\/uploads\/2024\/11\/Fixzy-Assist.webp\" \/>\n\t<meta property=\"og:image:width\" content=\"240\" \/>\n\t<meta property=\"og:image:height\" content=\"240\" \/>\n\t<meta property=\"og:image:type\" content=\"image\/webp\" \/>\n<meta name=\"twitter:card\" content=\"summary_large_image\" \/>\n<meta name=\"twitter:label1\" content=\"Tempo di lettura stimato\" \/>\n\t<meta name=\"twitter:data1\" content=\"4 minuti\" \/>\n<script type=\"application\/ld+json\" class=\"yoast-schema-graph\">{\"@context\":\"https:\\\/\\\/schema.org\",\"@graph\":[{\"@type\":\"WebPage\",\"@id\":\"https:\\\/\\\/www.accuratereviews.com\\\/it\\\/software-intelligenza-artificiale\\\/fixzy-assist-recensione\\\/\",\"url\":\"https:\\\/\\\/www.accuratereviews.com\\\/it\\\/software-intelligenza-artificiale\\\/fixzy-assist-recensione\\\/\",\"name\":\"Fixzy Assist: recensione software intelligenza artificiale - Accurate Reviews\",\"isPartOf\":{\"@id\":\"https:\\\/\\\/www.accuratereviews.com\\\/it\\\/#website\"},\"primaryImageOfPage\":{\"@id\":\"https:\\\/\\\/www.accuratereviews.com\\\/it\\\/software-intelligenza-artificiale\\\/fixzy-assist-recensione\\\/#primaryimage\"},\"image\":{\"@id\":\"https:\\\/\\\/www.accuratereviews.com\\\/it\\\/software-intelligenza-artificiale\\\/fixzy-assist-recensione\\\/#primaryimage\"},\"thumbnailUrl\":\"https:\\\/\\\/www.accuratereviews.com\\\/wp-content\\\/uploads\\\/2024\\\/11\\\/Fixzy-Assist.webp\",\"datePublished\":\"2024-11-29T08:41:27+00:00\",\"dateModified\":\"2024-11-29T08:43:08+00:00\",\"description\":\"Fixzy Assist: recensione soluzione per fornire assistenza remota guidata in tutto il mondo sfruttando l'intelligenza artificiale.\",\"breadcrumb\":{\"@id\":\"https:\\\/\\\/www.accuratereviews.com\\\/it\\\/software-intelligenza-artificiale\\\/fixzy-assist-recensione\\\/#breadcrumb\"},\"inLanguage\":\"it-IT\",\"potentialAction\":[{\"@type\":\"ReadAction\",\"target\":[\"https:\\\/\\\/www.accuratereviews.com\\\/it\\\/software-intelligenza-artificiale\\\/fixzy-assist-recensione\\\/\"]}]},{\"@type\":\"ImageObject\",\"inLanguage\":\"it-IT\",\"@id\":\"https:\\\/\\\/www.accuratereviews.com\\\/it\\\/software-intelligenza-artificiale\\\/fixzy-assist-recensione\\\/#primaryimage\",\"url\":\"https:\\\/\\\/www.accuratereviews.com\\\/wp-content\\\/uploads\\\/2024\\\/11\\\/Fixzy-Assist.webp\",\"contentUrl\":\"https:\\\/\\\/www.accuratereviews.com\\\/wp-content\\\/uploads\\\/2024\\\/11\\\/Fixzy-Assist.webp\",\"width\":240,\"height\":240},{\"@type\":\"BreadcrumbList\",\"@id\":\"https:\\\/\\\/www.accuratereviews.com\\\/it\\\/software-intelligenza-artificiale\\\/fixzy-assist-recensione\\\/#breadcrumb\",\"itemListElement\":[{\"@type\":\"ListItem\",\"position\":1,\"name\":\"Home\",\"item\":\"https:\\\/\\\/www.accuratereviews.com\\\/it\\\/\"},{\"@type\":\"ListItem\",\"position\":2,\"name\":\"Software di intelligenza artificiale\",\"item\":\"https:\\\/\\\/www.accuratereviews.com\\\/it\\\/software-intelligenza-artificiale\\\/\"},{\"@type\":\"ListItem\",\"position\":3,\"name\":\"Fixzy Assist\"}]},{\"@type\":\"WebSite\",\"@id\":\"https:\\\/\\\/www.accuratereviews.com\\\/it\\\/#website\",\"url\":\"https:\\\/\\\/www.accuratereviews.com\\\/it\\\/\",\"name\":\"Accurate Reviews\",\"description\":\"\",\"potentialAction\":[{\"@type\":\"SearchAction\",\"target\":{\"@type\":\"EntryPoint\",\"urlTemplate\":\"https:\\\/\\\/www.accuratereviews.com\\\/it\\\/?s={search_term_string}\"},\"query-input\":{\"@type\":\"PropertyValueSpecification\",\"valueRequired\":true,\"valueName\":\"search_term_string\"}}],\"inLanguage\":\"it-IT\"}]}<\/script>\n<!-- \/ Yoast SEO plugin. -->","yoast_head_json":{"title":"Fixzy Assist: recensione software intelligenza artificiale - Accurate Reviews","description":"Fixzy Assist: recensione soluzione per fornire assistenza remota guidata in tutto il mondo sfruttando l'intelligenza artificiale.","robots":{"index":"index","follow":"follow","max-snippet":"max-snippet:-1","max-image-preview":"max-image-preview:large","max-video-preview":"max-video-preview:-1"},"canonical":"https:\/\/www.accuratereviews.com\/it\/software-intelligenza-artificiale\/fixzy-assist-recensione\/","og_locale":"it_IT","og_type":"article","og_title":"Fixzy Assist: recensione software intelligenza artificiale - Accurate Reviews","og_description":"Fixzy Assist: recensione soluzione per fornire assistenza remota guidata in tutto il mondo sfruttando l'intelligenza artificiale.","og_url":"https:\/\/www.accuratereviews.com\/it\/software-intelligenza-artificiale\/fixzy-assist-recensione\/","og_site_name":"Accurate Reviews","article_modified_time":"2024-11-29T08:43:08+00:00","og_image":[{"width":240,"height":240,"url":"https:\/\/www.accuratereviews.com\/wp-content\/uploads\/2024\/11\/Fixzy-Assist.webp","type":"image\/webp"}],"twitter_card":"summary_large_image","twitter_misc":{"Tempo di lettura stimato":"4 minuti"},"schema":{"@context":"https:\/\/schema.org","@graph":[{"@type":"WebPage","@id":"https:\/\/www.accuratereviews.com\/it\/software-intelligenza-artificiale\/fixzy-assist-recensione\/","url":"https:\/\/www.accuratereviews.com\/it\/software-intelligenza-artificiale\/fixzy-assist-recensione\/","name":"Fixzy Assist: recensione software intelligenza artificiale - Accurate Reviews","isPartOf":{"@id":"https:\/\/www.accuratereviews.com\/it\/#website"},"primaryImageOfPage":{"@id":"https:\/\/www.accuratereviews.com\/it\/software-intelligenza-artificiale\/fixzy-assist-recensione\/#primaryimage"},"image":{"@id":"https:\/\/www.accuratereviews.com\/it\/software-intelligenza-artificiale\/fixzy-assist-recensione\/#primaryimage"},"thumbnailUrl":"https:\/\/www.accuratereviews.com\/wp-content\/uploads\/2024\/11\/Fixzy-Assist.webp","datePublished":"2024-11-29T08:41:27+00:00","dateModified":"2024-11-29T08:43:08+00:00","description":"Fixzy Assist: recensione soluzione per fornire assistenza remota guidata in tutto il mondo sfruttando l'intelligenza artificiale.","breadcrumb":{"@id":"https:\/\/www.accuratereviews.com\/it\/software-intelligenza-artificiale\/fixzy-assist-recensione\/#breadcrumb"},"inLanguage":"it-IT","potentialAction":[{"@type":"ReadAction","target":["https:\/\/www.accuratereviews.com\/it\/software-intelligenza-artificiale\/fixzy-assist-recensione\/"]}]},{"@type":"ImageObject","inLanguage":"it-IT","@id":"https:\/\/www.accuratereviews.com\/it\/software-intelligenza-artificiale\/fixzy-assist-recensione\/#primaryimage","url":"https:\/\/www.accuratereviews.com\/wp-content\/uploads\/2024\/11\/Fixzy-Assist.webp","contentUrl":"https:\/\/www.accuratereviews.com\/wp-content\/uploads\/2024\/11\/Fixzy-Assist.webp","width":240,"height":240},{"@type":"BreadcrumbList","@id":"https:\/\/www.accuratereviews.com\/it\/software-intelligenza-artificiale\/fixzy-assist-recensione\/#breadcrumb","itemListElement":[{"@type":"ListItem","position":1,"name":"Home","item":"https:\/\/www.accuratereviews.com\/it\/"},{"@type":"ListItem","position":2,"name":"Software di intelligenza artificiale","item":"https:\/\/www.accuratereviews.com\/it\/software-intelligenza-artificiale\/"},{"@type":"ListItem","position":3,"name":"Fixzy Assist"}]},{"@type":"WebSite","@id":"https:\/\/www.accuratereviews.com\/it\/#website","url":"https:\/\/www.accuratereviews.com\/it\/","name":"Accurate Reviews","description":"","potentialAction":[{"@type":"SearchAction","target":{"@type":"EntryPoint","urlTemplate":"https:\/\/www.accuratereviews.com\/it\/?s={search_term_string}"},"query-input":{"@type":"PropertyValueSpecification","valueRequired":true,"valueName":"search_term_string"}}],"inLanguage":"it-IT"}]}},"_links":{"self":[{"href":"https:\/\/www.accuratereviews.com\/it\/wp-json\/wp\/v2\/pages\/80670","targetHints":{"allow":["GET"]}}],"collection":[{"href":"https:\/\/www.accuratereviews.com\/it\/wp-json\/wp\/v2\/pages"}],"about":[{"href":"https:\/\/www.accuratereviews.com\/it\/wp-json\/wp\/v2\/types\/page"}],"author":[{"embeddable":true,"href":"https:\/\/www.accuratereviews.com\/it\/wp-json\/wp\/v2\/users\/19"}],"replies":[{"embeddable":true,"href":"https:\/\/www.accuratereviews.com\/it\/wp-json\/wp\/v2\/comments?post=80670"}],"version-history":[{"count":9,"href":"https:\/\/www.accuratereviews.com\/it\/wp-json\/wp\/v2\/pages\/80670\/revisions"}],"predecessor-version":[{"id":80731,"href":"https:\/\/www.accuratereviews.com\/it\/wp-json\/wp\/v2\/pages\/80670\/revisions\/80731"}],"up":[{"embeddable":true,"href":"https:\/\/www.accuratereviews.com\/it\/wp-json\/wp\/v2\/pages\/79864"}],"wp:featuredmedia":[{"embeddable":true,"href":"https:\/\/www.accuratereviews.com\/it\/wp-json\/wp\/v2\/media\/80680"}],"wp:attachment":[{"href":"https:\/\/www.accuratereviews.com\/it\/wp-json\/wp\/v2\/media?parent=80670"}],"wp:term":[{"taxonomy":"category","embeddable":true,"href":"https:\/\/www.accuratereviews.com\/it\/wp-json\/wp\/v2\/categories?post=80670"},{"taxonomy":"post_tag","embeddable":true,"href":"https:\/\/www.accuratereviews.com\/it\/wp-json\/wp\/v2\/tags?post=80670"},{"taxonomy":"features","embeddable":true,"href":"https:\/\/www.accuratereviews.com\/it\/wp-json\/wp\/v2\/features?post=80670"}],"curies":[{"name":"wp","href":"https:\/\/api.w.org\/{rel}","templated":true}]}}