{"id":80695,"date":"2024-11-27T16:14:37","date_gmt":"2024-11-27T16:14:37","guid":{"rendered":"https:\/\/www.accuratereviews.com\/?page_id=80695"},"modified":"2025-10-24T08:08:24","modified_gmt":"2025-10-24T08:08:24","slug":"looka-recensione","status":"publish","type":"page","link":"https:\/\/www.accuratereviews.com\/it\/programmi-grafica-design\/looka-recensione\/","title":{"rendered":"Looka"},"content":{"rendered":"<p><strong>Looka<\/strong> \u00e8 una piattaforma innovativa progettata per aiutare chiunque a <strong>creare loghi professionali<\/strong> in pochi minuti. Grazie alla potenza dell\u2019<strong>intelligenza artificiale<\/strong>, elimina la complessit\u00e0 del design, offrendo un\u2019esperienza intuitiva e personalizzata. Questa soluzione \u00e8 ideale per imprenditori, freelancer e aziende di ogni dimensione che desiderano un logo accattivante senza dover assumere un designer.<br \/>\nCon <strong>Looka<\/strong>, puoi ottenere un logo accattivante e costruire un\u2019identit\u00e0 di marca forte in pochissimo tempo. Infatti, questi software rende il processo di creazione del logo <strong>accessibile a chiunque<\/strong>, combinando automazione intelligente e design professionale in un&#8217;unica piattaforma.<\/p>\n<h2>LOOKA &#8211; TUTORIAL<\/h2>\n<div id=\"fluid-wrapper-counter-1\" class=\"g1-fluid-wrapper \" style=\"width:686px;\">\n<div style=\"padding-bottom:56.268221574344%;\"><iframe loading=\"lazy\" title=\"Looka Logo Maker Review + Easy Tutorial \ud83d\udcd6\" width=\"686\" height=\"386\" src=\"https:\/\/www.youtube.com\/embed\/Zh5FN0GMEA4?feature=oembed&amp;wmode=transparent&amp;autohide=1&amp;autoplay=0&amp;disablekb=0&amp;fs=1&amp;loop=0&amp;enablejsapi=1&amp;rel=0&amp;controls=2&amp;showinfo=0&amp;wmode=transparent&amp;autohide=2&amp;autoplay=0&amp;disablekb=0&amp;fs=1&amp;loop=0&amp;enablejsapi=1&amp;rel=0&amp;controls=2&amp;showinfo=1\" frameborder=\"0\" allow=\"accelerometer; autoplay; clipboard-write; encrypted-media; gyroscope; picture-in-picture; web-share\" referrerpolicy=\"strict-origin-when-cross-origin\" allowfullscreen><\/iframe><\/div>\n<\/div>\n<h3>LOOKA &#8211; CARATTERISTICHE<\/h3>\n<ul>\n<li><strong>Generatore di loghi basato su AI<\/strong>: utilizza un algoritmo intelligente per creare loghi unici basati sulle preferenze inserite dall\u2019utente.<\/li>\n<li><strong>Anteprime realistiche<\/strong>: visualizza il tuo logo su mockup di biglietti da visita, siti web e prodotti, per vedere come apparir\u00e0 nel mondo reale.<\/li>\n<li><strong>Modifica personalizzata<\/strong>: dopo la generazione, puoi regolare colori, font e layout per adattare il logo alle tue esigenze.<\/li>\n<li><strong>Kit di branding completo<\/strong>: include file in alta risoluzione, versioni vettoriali e una guida al branding per un utilizzo professionale.<\/li>\n<li><strong>Opzioni di download flessibili<\/strong>: scarica il logo in diversi formati, perfetti per stampa e digitale.<\/li>\n<\/ul>\n<h4>LE RECENSIONI DEGLI UTENTI<\/h4>\n<p><strong>Damon \u201cVita dei creatori di loghi\u201d<\/strong><br \/>\nCommenti: Sono ancora un cliente di Looka da quando ho creato il mio sito web aziendale utilizzando il loro software ed \u00e8 stato fantastico per 2 anni.<br \/>\nPro: La variet\u00e0 nella creazione di siti web non \u00e8 seconda a nessuno!<br \/>\nContro: Non c&#8217;\u00e8 la possibilit\u00e0 di creare il proprio logo.<\/p>\n<p><strong>Richard \u201cInvenzione del decennio&#8221;<\/strong><br \/>\nPro: Tutto ci\u00f2 che \u00e8 presente su Looka non \u00e8 un lusso, ma una necessit\u00e0 assoluta. Il manuale fornito con il kit del marchio Looka offre informazioni preziose come l&#8217;impostazione di SSL. Questo \u00e8 fondamentale per chi \u00e8 alle prime armi con il web-building. Un altro grande vantaggio di Looka \u00e8 che si occupa di web hosting: l&#8217;editor salva le modifiche al sito in modo quasi istantaneo. Il kit del marchio \u00e8 dotato di una serie impressionante di carta intestata, fatture e altri strumenti vitali per l&#8217;uso formale dell&#8217;azienda.<br \/>\nContro: \u00e8 meglio che Looka si occupi dell&#8217;intero processo di costruzione del sito. Non posso sminuire la forte partnership con GoDaddy, ma la transizione durante l&#8217;impostazione del dominio non \u00e8 necessaria. Ho avuto qualche problema quando ho impostato un&#8217;ancora in modo errato. Ho dovuto cancellare la pagina e ricominciare da capo. Tuttavia, Looka Site Editor \u00e8 il software pi\u00f9 comodo che abbia mai usato. Molte aziende hanno fatto affermazioni azzardate su prodotti che non possono raggiungere una valutazione di 3 stelle. Il processo di integrazione con il foglio di calcolo della nostra azienda si \u00e8 svolto senza problemi. Molto rispetto e lunga vita a Looka!<\/p>\n<p><strong>Jacob \u201cFantastico generatore di logo\u201d<\/strong><br \/>\nCommenti: \u00c8 stata un&#8217;esperienza incredibile usare Looka, \u00e8 stato anche divertente da usare. Lo consiglio vivamente a tutte le aziende che hanno bisogno di un logo.<br \/>\nPro: In pochi minuti, digitando solo alcune parole chiave, Looka ha generato centinaia di loghi di alta qualit\u00e0 e bellezza per la mia azienda. C&#8217;erano tantissimi design e categorie diverse tra cui scegliere. Ho potuto condividerne molti con il mio team prima che tutti noi votassimo e scegliessimo quello che ci piaceva di pi\u00f9. \u00c8 stato molto pi\u00f9 facile che assumere un grafico e fare infinite modifiche per ottenere ci\u00f2 che volevamo. \u00c8 stato molto semplice e facile e abbiamo ottenuto un ottimo prodotto che ora \u00e8 il nostro marchio.<br \/>\nContro: Non ho alcuna lamentela. Sarebbe bello se mostrassero le opzioni di prezzo prima di creare il logo, in modo da sapere a cosa si va incontro. Ma \u00e8 comunque molto pi\u00f9 economico che assumere un grafico.<\/p>\n","protected":false},"excerpt":{"rendered":"<p>Looka \u00e8 una piattaforma innovativa progettata per aiutare chiunque a creare loghi professionali in pochi minuti. Grazie alla potenza dell\u2019intelligenza artificiale, elimina la complessit\u00e0 del design, offrendo un\u2019esperienza intuitiva e personalizzata. Questa soluzione \u00e8 ideale per imprenditori, freelancer e aziende di ogni dimensione che desiderano un logo accattivante senza dover assumere un designer.<\/p>\n","protected":false},"author":17,"featured_media":80696,"parent":49827,"menu_order":0,"comment_status":"open","ping_status":"closed","template":"g1_template_page_review_new.php","meta":{"_acf_changed":false,"cwp_meta_box_check":"No","cwp_rev_product_name":"","cwp_rev_product_image":"","wppr_links":[],"cwp_rev_price":"","wppr_options":[],"wppr_pros":[],"wppr_cons":[],"_monsterinsights_skip_tracking":false,"_monsterinsights_sitenote_active":false,"_monsterinsights_sitenote_note":"","_monsterinsights_sitenote_category":0,"footnotes":""},"categories":[11404,15435],"tags":[11458,998,15580,15587,15441,15479,15480],"features":[],"class_list":{"0":"post-80695","1":"page","2":"type-page","3":"status-publish","4":"has-post-thumbnail","6":"category-programmi-grafica-design-cat","7":"category-software-intelligenza-artificiale-cat","8":"tag-design","9":"tag-intelligenza-artificiale","10":"tag-loghi-professionali","11":"tag-piattaforma-di-design","12":"tag-piattaforma-intelligenza-artificiale","13":"tag-software-intelligenza-artificiale","14":"tag-soluzione-intelligenza-artificiale"},"wppr_data":{"cwp_meta_box_check":"No"},"acf":[],"yoast_head":"<!-- This site is optimized with the Yoast SEO plugin v27.4 - https:\/\/yoast.com\/product\/yoast-seo-wordpress\/ -->\n<title>Looka: recensione software intelligenza artificiale - Accurate Reviews<\/title>\n<meta name=\"description\" content=\"Looka: recensione della piattaforma innovativa progettata per aiutare chiunque a creare loghi professionali in pochi minuti.\" \/>\n<meta name=\"robots\" content=\"index, follow, max-snippet:-1, max-image-preview:large, max-video-preview:-1\" \/>\n<link rel=\"canonical\" href=\"https:\/\/www.accuratereviews.com\/it\/programmi-grafica-design\/looka-recensione\/\" \/>\n<meta property=\"og:locale\" content=\"it_IT\" \/>\n<meta property=\"og:type\" content=\"article\" \/>\n<meta property=\"og:title\" content=\"Looka: recensione software intelligenza artificiale - Accurate Reviews\" \/>\n<meta property=\"og:description\" content=\"Looka: recensione della piattaforma innovativa progettata per aiutare chiunque a creare loghi professionali in pochi minuti.\" \/>\n<meta property=\"og:url\" content=\"https:\/\/www.accuratereviews.com\/it\/programmi-grafica-design\/looka-recensione\/\" \/>\n<meta property=\"og:site_name\" content=\"Accurate Reviews\" \/>\n<meta property=\"article:modified_time\" content=\"2025-10-24T08:08:24+00:00\" \/>\n<meta property=\"og:image\" content=\"https:\/\/www.accuratereviews.com\/wp-content\/uploads\/2024\/11\/looka-inc-logo-vector.png\" \/>\n\t<meta property=\"og:image:width\" content=\"900\" \/>\n\t<meta property=\"og:image:height\" content=\"500\" \/>\n\t<meta property=\"og:image:type\" content=\"image\/png\" \/>\n<meta name=\"twitter:card\" content=\"summary_large_image\" \/>\n<meta name=\"twitter:label1\" content=\"Tempo di lettura stimato\" \/>\n\t<meta name=\"twitter:data1\" content=\"5 minuti\" \/>\n<script type=\"application\/ld+json\" class=\"yoast-schema-graph\">{\"@context\":\"https:\\\/\\\/schema.org\",\"@graph\":[{\"@type\":\"WebPage\",\"@id\":\"https:\\\/\\\/www.accuratereviews.com\\\/it\\\/programmi-grafica-design\\\/looka-recensione\\\/\",\"url\":\"https:\\\/\\\/www.accuratereviews.com\\\/it\\\/programmi-grafica-design\\\/looka-recensione\\\/\",\"name\":\"Looka: recensione software intelligenza artificiale - Accurate Reviews\",\"isPartOf\":{\"@id\":\"https:\\\/\\\/www.accuratereviews.com\\\/it\\\/#website\"},\"primaryImageOfPage\":{\"@id\":\"https:\\\/\\\/www.accuratereviews.com\\\/it\\\/programmi-grafica-design\\\/looka-recensione\\\/#primaryimage\"},\"image\":{\"@id\":\"https:\\\/\\\/www.accuratereviews.com\\\/it\\\/programmi-grafica-design\\\/looka-recensione\\\/#primaryimage\"},\"thumbnailUrl\":\"https:\\\/\\\/www.accuratereviews.com\\\/wp-content\\\/uploads\\\/2024\\\/11\\\/looka-inc-logo-vector.png\",\"datePublished\":\"2024-11-27T16:14:37+00:00\",\"dateModified\":\"2025-10-24T08:08:24+00:00\",\"description\":\"Looka: recensione della piattaforma innovativa progettata per aiutare chiunque a creare loghi professionali in pochi minuti.\",\"breadcrumb\":{\"@id\":\"https:\\\/\\\/www.accuratereviews.com\\\/it\\\/programmi-grafica-design\\\/looka-recensione\\\/#breadcrumb\"},\"inLanguage\":\"it-IT\",\"potentialAction\":[{\"@type\":\"ReadAction\",\"target\":[\"https:\\\/\\\/www.accuratereviews.com\\\/it\\\/programmi-grafica-design\\\/looka-recensione\\\/\"]}]},{\"@type\":\"ImageObject\",\"inLanguage\":\"it-IT\",\"@id\":\"https:\\\/\\\/www.accuratereviews.com\\\/it\\\/programmi-grafica-design\\\/looka-recensione\\\/#primaryimage\",\"url\":\"https:\\\/\\\/www.accuratereviews.com\\\/wp-content\\\/uploads\\\/2024\\\/11\\\/looka-inc-logo-vector.png\",\"contentUrl\":\"https:\\\/\\\/www.accuratereviews.com\\\/wp-content\\\/uploads\\\/2024\\\/11\\\/looka-inc-logo-vector.png\",\"width\":900,\"height\":500},{\"@type\":\"BreadcrumbList\",\"@id\":\"https:\\\/\\\/www.accuratereviews.com\\\/it\\\/programmi-grafica-design\\\/looka-recensione\\\/#breadcrumb\",\"itemListElement\":[{\"@type\":\"ListItem\",\"position\":1,\"name\":\"Home\",\"item\":\"https:\\\/\\\/www.accuratereviews.com\\\/it\\\/\"},{\"@type\":\"ListItem\",\"position\":2,\"name\":\"Programmi grafica design\",\"item\":\"https:\\\/\\\/www.accuratereviews.com\\\/it\\\/programmi-grafica-design\\\/\"},{\"@type\":\"ListItem\",\"position\":3,\"name\":\"Looka\"}]},{\"@type\":\"WebSite\",\"@id\":\"https:\\\/\\\/www.accuratereviews.com\\\/it\\\/#website\",\"url\":\"https:\\\/\\\/www.accuratereviews.com\\\/it\\\/\",\"name\":\"Accurate Reviews\",\"description\":\"\",\"potentialAction\":[{\"@type\":\"SearchAction\",\"target\":{\"@type\":\"EntryPoint\",\"urlTemplate\":\"https:\\\/\\\/www.accuratereviews.com\\\/it\\\/?s={search_term_string}\"},\"query-input\":{\"@type\":\"PropertyValueSpecification\",\"valueRequired\":true,\"valueName\":\"search_term_string\"}}],\"inLanguage\":\"it-IT\"}]}<\/script>\n<!-- \/ Yoast SEO plugin. -->","yoast_head_json":{"title":"Looka: recensione software intelligenza artificiale - Accurate Reviews","description":"Looka: recensione della piattaforma innovativa progettata per aiutare chiunque a creare loghi professionali in pochi minuti.","robots":{"index":"index","follow":"follow","max-snippet":"max-snippet:-1","max-image-preview":"max-image-preview:large","max-video-preview":"max-video-preview:-1"},"canonical":"https:\/\/www.accuratereviews.com\/it\/programmi-grafica-design\/looka-recensione\/","og_locale":"it_IT","og_type":"article","og_title":"Looka: recensione software intelligenza artificiale - Accurate Reviews","og_description":"Looka: recensione della piattaforma innovativa progettata per aiutare chiunque a creare loghi professionali in pochi minuti.","og_url":"https:\/\/www.accuratereviews.com\/it\/programmi-grafica-design\/looka-recensione\/","og_site_name":"Accurate Reviews","article_modified_time":"2025-10-24T08:08:24+00:00","og_image":[{"width":900,"height":500,"url":"https:\/\/www.accuratereviews.com\/wp-content\/uploads\/2024\/11\/looka-inc-logo-vector.png","type":"image\/png"}],"twitter_card":"summary_large_image","twitter_misc":{"Tempo di lettura stimato":"5 minuti"},"schema":{"@context":"https:\/\/schema.org","@graph":[{"@type":"WebPage","@id":"https:\/\/www.accuratereviews.com\/it\/programmi-grafica-design\/looka-recensione\/","url":"https:\/\/www.accuratereviews.com\/it\/programmi-grafica-design\/looka-recensione\/","name":"Looka: recensione software intelligenza artificiale - Accurate Reviews","isPartOf":{"@id":"https:\/\/www.accuratereviews.com\/it\/#website"},"primaryImageOfPage":{"@id":"https:\/\/www.accuratereviews.com\/it\/programmi-grafica-design\/looka-recensione\/#primaryimage"},"image":{"@id":"https:\/\/www.accuratereviews.com\/it\/programmi-grafica-design\/looka-recensione\/#primaryimage"},"thumbnailUrl":"https:\/\/www.accuratereviews.com\/wp-content\/uploads\/2024\/11\/looka-inc-logo-vector.png","datePublished":"2024-11-27T16:14:37+00:00","dateModified":"2025-10-24T08:08:24+00:00","description":"Looka: recensione della piattaforma innovativa progettata per aiutare chiunque a creare loghi professionali in pochi minuti.","breadcrumb":{"@id":"https:\/\/www.accuratereviews.com\/it\/programmi-grafica-design\/looka-recensione\/#breadcrumb"},"inLanguage":"it-IT","potentialAction":[{"@type":"ReadAction","target":["https:\/\/www.accuratereviews.com\/it\/programmi-grafica-design\/looka-recensione\/"]}]},{"@type":"ImageObject","inLanguage":"it-IT","@id":"https:\/\/www.accuratereviews.com\/it\/programmi-grafica-design\/looka-recensione\/#primaryimage","url":"https:\/\/www.accuratereviews.com\/wp-content\/uploads\/2024\/11\/looka-inc-logo-vector.png","contentUrl":"https:\/\/www.accuratereviews.com\/wp-content\/uploads\/2024\/11\/looka-inc-logo-vector.png","width":900,"height":500},{"@type":"BreadcrumbList","@id":"https:\/\/www.accuratereviews.com\/it\/programmi-grafica-design\/looka-recensione\/#breadcrumb","itemListElement":[{"@type":"ListItem","position":1,"name":"Home","item":"https:\/\/www.accuratereviews.com\/it\/"},{"@type":"ListItem","position":2,"name":"Programmi grafica design","item":"https:\/\/www.accuratereviews.com\/it\/programmi-grafica-design\/"},{"@type":"ListItem","position":3,"name":"Looka"}]},{"@type":"WebSite","@id":"https:\/\/www.accuratereviews.com\/it\/#website","url":"https:\/\/www.accuratereviews.com\/it\/","name":"Accurate Reviews","description":"","potentialAction":[{"@type":"SearchAction","target":{"@type":"EntryPoint","urlTemplate":"https:\/\/www.accuratereviews.com\/it\/?s={search_term_string}"},"query-input":{"@type":"PropertyValueSpecification","valueRequired":true,"valueName":"search_term_string"}}],"inLanguage":"it-IT"}]}},"_links":{"self":[{"href":"https:\/\/www.accuratereviews.com\/it\/wp-json\/wp\/v2\/pages\/80695","targetHints":{"allow":["GET"]}}],"collection":[{"href":"https:\/\/www.accuratereviews.com\/it\/wp-json\/wp\/v2\/pages"}],"about":[{"href":"https:\/\/www.accuratereviews.com\/it\/wp-json\/wp\/v2\/types\/page"}],"author":[{"embeddable":true,"href":"https:\/\/www.accuratereviews.com\/it\/wp-json\/wp\/v2\/users\/17"}],"replies":[{"embeddable":true,"href":"https:\/\/www.accuratereviews.com\/it\/wp-json\/wp\/v2\/comments?post=80695"}],"version-history":[{"count":4,"href":"https:\/\/www.accuratereviews.com\/it\/wp-json\/wp\/v2\/pages\/80695\/revisions"}],"predecessor-version":[{"id":104632,"href":"https:\/\/www.accuratereviews.com\/it\/wp-json\/wp\/v2\/pages\/80695\/revisions\/104632"}],"up":[{"embeddable":true,"href":"https:\/\/www.accuratereviews.com\/it\/wp-json\/wp\/v2\/pages\/49827"}],"wp:featuredmedia":[{"embeddable":true,"href":"https:\/\/www.accuratereviews.com\/it\/wp-json\/wp\/v2\/media\/80696"}],"wp:attachment":[{"href":"https:\/\/www.accuratereviews.com\/it\/wp-json\/wp\/v2\/media?parent=80695"}],"wp:term":[{"taxonomy":"category","embeddable":true,"href":"https:\/\/www.accuratereviews.com\/it\/wp-json\/wp\/v2\/categories?post=80695"},{"taxonomy":"post_tag","embeddable":true,"href":"https:\/\/www.accuratereviews.com\/it\/wp-json\/wp\/v2\/tags?post=80695"},{"taxonomy":"features","embeddable":true,"href":"https:\/\/www.accuratereviews.com\/it\/wp-json\/wp\/v2\/features?post=80695"}],"curies":[{"name":"wp","href":"https:\/\/api.w.org\/{rel}","templated":true}]}}