{"id":80708,"date":"2024-11-28T17:13:19","date_gmt":"2024-11-28T17:13:19","guid":{"rendered":"https:\/\/www.accuratereviews.com\/?page_id=80708"},"modified":"2024-12-02T21:04:58","modified_gmt":"2024-12-02T21:04:58","slug":"inxide-recensione","status":"publish","type":"page","link":"https:\/\/www.accuratereviews.com\/it\/software-intelligenza-artificiale\/inxide-recensione\/","title":{"rendered":"Inxide"},"content":{"rendered":"<p><strong>Inxide<\/strong> \u00e8 la piattaforma<strong> di intelligenza artificiale conversazionale<\/strong> sviluppata da Increso che integra tecnologie di intelligenza artificiale generativa, omnicanale, flusso di lavoro e automazione per offrire interazioni coinvolgenti e self-service ai clienti, potenziare le operazioni di Customer Specialist e ridurre i costi correlati.<br \/>\nLa piattaforma \u00e8 basata sulla tecnologia <strong>cloud<\/strong> con un&#8217;architettura di microservizi PaaS. \u00c8 una piattaforma certificata ISO 27001, basata su sistemi AWS con i pi\u00f9 elevati standard di sicurezza, affidabilit\u00e0 e scalabilit\u00e0. Pu\u00f2 essere facilmente integrata con qualsiasi applicazione dei clienti tramite <strong>API o widget<\/strong> predefiniti e personalizzati.<br \/>\nIl modulo <strong>Generative AI<\/strong> consente alle aziende di configurare e monitorare gli agenti di assistenza virtuale in grado di gestire autonomamente le conversazioni dei clienti in linguaggio naturale. Integrando cinque motori di <strong>intelligenza artificiale generativa<\/strong>, tra cui Azure, OpenAI e Anthropic, le aziende possono scegliere quello pi\u00f9 adatto alle proprie esigenze.<\/p>\n<h2><a href=\"https:\/\/www.accuratereviews.com\/wp-content\/uploads\/2024\/11\/Screenshot-2024-11-28-alle-10.17.49.png\"><img loading=\"lazy\" decoding=\"async\" class=\"aligncenter wp-image-80714 size-large\" src=\"https:\/\/www.accuratereviews.com\/wp-content\/uploads\/2024\/11\/Screenshot-2024-11-28-alle-10.17.49-1024x749.png\" alt=\"\" width=\"686\" height=\"502\" srcset=\"https:\/\/www.accuratereviews.com\/wp-content\/uploads\/2024\/11\/Screenshot-2024-11-28-alle-10.17.49-1024x749.png 1024w, https:\/\/www.accuratereviews.com\/wp-content\/uploads\/2024\/11\/Screenshot-2024-11-28-alle-10.17.49-300x219.png 300w, https:\/\/www.accuratereviews.com\/wp-content\/uploads\/2024\/11\/Screenshot-2024-11-28-alle-10.17.49-768x562.png 768w, https:\/\/www.accuratereviews.com\/wp-content\/uploads\/2024\/11\/Screenshot-2024-11-28-alle-10.17.49-1536x1123.png 1536w, https:\/\/www.accuratereviews.com\/wp-content\/uploads\/2024\/11\/Screenshot-2024-11-28-alle-10.17.49-50x37.png 50w, https:\/\/www.accuratereviews.com\/wp-content\/uploads\/2024\/11\/Screenshot-2024-11-28-alle-10.17.49-171x125.png 171w, https:\/\/www.accuratereviews.com\/wp-content\/uploads\/2024\/11\/Screenshot-2024-11-28-alle-10.17.49-968x708.png 968w, https:\/\/www.accuratereviews.com\/wp-content\/uploads\/2024\/11\/Screenshot-2024-11-28-alle-10.17.49-636x465.png 636w, https:\/\/www.accuratereviews.com\/wp-content\/uploads\/2024\/11\/Screenshot-2024-11-28-alle-10.17.49-320x234.png 320w, https:\/\/www.accuratereviews.com\/wp-content\/uploads\/2024\/11\/Screenshot-2024-11-28-alle-10.17.49-239x175.png 239w, https:\/\/www.accuratereviews.com\/wp-content\/uploads\/2024\/11\/Screenshot-2024-11-28-alle-10.17.49.png 1890w\" sizes=\"auto, (max-width: 686px) 100vw, 686px\" \/><\/a><\/h2>\n<h2>INXIDE &#8211; CARATTERISTICHE<\/h2>\n<ul>\n<li><strong>Tutta la potenza dell&#8217;omnicanalit\u00e0 a tua disposizione<\/strong>: consente alle aziende di interagire con i propri clienti tramite canali di contatto quali voce, chat, email, sms e social media, il tutto all&#8217;interno di un&#8217;unica dashboard operativa. Assicura non solo un aumento della produttivit\u00e0, ma anche una significativa riduzione dei costi operativi.<\/li>\n<li><strong>WorkFlow e Generative AI per innovare il Customer Journey<\/strong>: progettato per gestire Customer Journey complessi, consentendo la configurazione di fasi operative, ruoli e profili con estrema precisione. Ogni interazione con il cliente finale viene tracciata nel dettaglio, offrendo un elevato grado di personalizzazione dell&#8217;esperienza. Questa flessibilit\u00e0 fornisce livelli avanzati di automazione per attivit\u00e0 ripetitive e una gestione fluida dei processi aziendali. Con l&#8217;integrazione di cinque motori di intelligenza artificiale generativa tra cui Azure, OpenAI e Anthropic, ogni azienda pu\u00f2 ottenere la soluzione pi\u00f9 adatta alle proprie esigenze.<\/li>\n<li><strong>Tecnologia cloud sicura e flessibile<\/strong>: piattaforma utilizzabile, costruita interamente nel cloud, basata su un&#8217;architettura PaaS (Platform-as-a-Service) certificata ISO 27001 e integrata con i pi\u00f9 elevati standard di sicurezza informatica. La sua struttura si basa su un&#8217;architettura di microservizi, che ne facilita l&#8217;integrazione con i sistemi legacy delle aziende clienti e ne garantisce la scalabilit\u00e0.<\/li>\n<li><strong>Adozione graduale e scalabile<\/strong>: modalit\u00e0 di adozione modulare e scalabile. Le aziende possono iniziare attivando solo alcune delle funzionalit\u00e0 della piattaforma, per poi integrarle, in modo graduale e personalizzato, in base alle proprie esigenze. La configurazione di base \u00e8 rapida e semplice: la configurazione iniziale pu\u00f2 richiedere da una a tre settimane.<\/li>\n<li><strong>Il futuro tra innovazione e internazionalizzazione<\/strong>: la roadmap di sviluppo prevede l&#8217;aggiunta di nuove funzionalit\u00e0 e l&#8217;integrazione con tecnologie all&#8217;avanguardia gi\u00e0 testate dall&#8217;Innovation Hub. Ci\u00f2 rafforzer\u00e0 la capacit\u00e0 di offrire soluzioni sempre pi\u00f9 avanzate e integrate per ottimizzare la gestione dei clienti.<\/li>\n<li><strong>La migliore piattaforma per migliorare la CX<\/strong>: con la sua capacit\u00e0 di integrare l&#8217;intelligenza artificiale generativa con interfacce omnicanale e flussi di lavoro complessi, \u00e8 una scelta strategica per le aziende di tutti i settori che vogliono evolvere il loro Customer Journey e offrire ai propri clienti un servizio di eccellenza.<\/li>\n<\/ul>\n<h3>LE RECENSIONI DEGLI UTENTI<\/h3>\n<p><strong>Giovanni &#8220;StartUP CDS Inbound&#8221;<\/strong><br \/>\n<strong>Commenti<\/strong>: Ottima esperienza rafforzerei il reparto HelpDesk<br \/>\n<strong>Pro<\/strong>: Intuitivo e di semplice utilizzo, qualit\u00e0 presso favorevole confrontandolo con altri prodotti<br \/>\n<strong>Contro<\/strong>: Sezione reportistica forms, costruzione dei Forms, mancanza di possibilit\u00e0 di fare gestire agli operatori\/consulenti le campagne da gestire<\/p>\n<p><strong>Diego &#8220;Piattaforma per telefonate in Telemarketing&#8221;<\/strong><br \/>\n<strong>Pro<\/strong>: Lato utente: piattaforma intuitiva, rapida e funzionale Lato supervisore: ampia possibilit\u00e0 di settaggio, configurazione e gestione dei vari parametri La piattaforma si presenta con una facilit\u00e0 d&#8217;uso media Possibilit\u00e0 di reperire, ascoltare e scaricare in tempo reale le registrazioni delle telefonate in tempo reale<br \/>\n<strong>Contro<\/strong>: Gestione e visualizzazione dei report non sempre chiara ed esaustiva Difficolt\u00e0 ad agganciare la linea telefonica per i numeri fissi<\/p>\n<p><strong>Francesca &#8220;Con Increso verso il futuro&#8221;<\/strong><br \/>\n<strong>Pro<\/strong>: Abbiamo sviluppato con Increso un ambizioso progetto di restyling del canale telefonico outbound per un&#8217;azienda storicamente radicata sul territorio e molto customer oriented. I PM e i developer hanno interpretato in maniera ottimale tutte le richieste, creando un sistema innovativo e in grado di rispettare le caratteristiche di territorialit\u00e0 e autenticit\u00e0. La loro capacit\u00e0 di ascolto \u00e8 stata un vero valore aggiunto.<br \/>\n<strong>Contro<\/strong>: Per il momento non sono emerse criticit\u00e0.<\/p>\n","protected":false},"excerpt":{"rendered":"<p>Inxide \u00e8 la piattaforma di intelligenza artificiale conversazionale sviluppata da Increso che integra tecnologie di intelligenza artificiale generativa, omnicanale, flusso di lavoro e automazione per offrire interazioni coinvolgenti e self-service ai clienti, potenziare le operazioni di Customer Specialist e ridurre i costi correlati.<\/p>\n","protected":false},"author":19,"featured_media":80709,"parent":79864,"menu_order":0,"comment_status":"open","ping_status":"closed","template":"g1_template_page_review_new.php","meta":{"_acf_changed":false,"cwp_meta_box_check":"No","cwp_rev_product_name":"","cwp_rev_product_image":"","wppr_links":[],"cwp_rev_price":"","wppr_options":[],"wppr_pros":[],"wppr_cons":[],"_monsterinsights_skip_tracking":false,"_monsterinsights_sitenote_active":false,"_monsterinsights_sitenote_note":"","_monsterinsights_sitenote_category":0,"footnotes":""},"categories":[15435],"tags":[997,15432,998,15588,15441,15440,15479,15480],"features":[],"class_list":{"0":"post-80708","1":"page","2":"type-page","3":"status-publish","4":"has-post-thumbnail","6":"category-software-intelligenza-artificiale-cat","7":"tag-ai","8":"tag-app-intelligenza-artificiale","9":"tag-intelligenza-artificiale","10":"tag-inxide","11":"tag-piattaforma-intelligenza-artificiale","12":"tag-programma-intelligenza-artificiale","13":"tag-software-intelligenza-artificiale","14":"tag-soluzione-intelligenza-artificiale"},"wppr_data":{"cwp_meta_box_check":"No"},"acf":[],"yoast_head":"<!-- This site is optimized with the Yoast SEO plugin v27.4 - https:\/\/yoast.com\/product\/yoast-seo-wordpress\/ -->\n<title>Inxide: recensione software intelligenza artificiale - Accurate Reviews<\/title>\n<meta name=\"description\" content=\"Inxide: recensione software di intelligenza artificiale che integra tecnologie di AI generativa, omnicanale, flusso di lavoro e automazione.\" \/>\n<meta name=\"robots\" content=\"index, follow, max-snippet:-1, max-image-preview:large, max-video-preview:-1\" \/>\n<link rel=\"canonical\" href=\"https:\/\/www.accuratereviews.com\/it\/software-intelligenza-artificiale\/inxide-recensione\/\" \/>\n<meta property=\"og:locale\" content=\"it_IT\" \/>\n<meta property=\"og:type\" content=\"article\" \/>\n<meta property=\"og:title\" content=\"Inxide: recensione software intelligenza artificiale - Accurate Reviews\" \/>\n<meta property=\"og:description\" content=\"Inxide: recensione software di intelligenza artificiale che integra tecnologie di AI generativa, omnicanale, flusso di lavoro e automazione.\" \/>\n<meta property=\"og:url\" content=\"https:\/\/www.accuratereviews.com\/it\/software-intelligenza-artificiale\/inxide-recensione\/\" \/>\n<meta property=\"og:site_name\" content=\"Accurate Reviews\" \/>\n<meta property=\"article:modified_time\" content=\"2024-12-02T21:04:58+00:00\" \/>\n<meta name=\"twitter:card\" content=\"summary_large_image\" \/>\n<meta name=\"twitter:label1\" content=\"Tempo di lettura stimato\" \/>\n\t<meta name=\"twitter:data1\" content=\"5 minuti\" \/>\n<script type=\"application\/ld+json\" class=\"yoast-schema-graph\">{\"@context\":\"https:\\\/\\\/schema.org\",\"@graph\":[{\"@type\":\"WebPage\",\"@id\":\"https:\\\/\\\/www.accuratereviews.com\\\/it\\\/software-intelligenza-artificiale\\\/inxide-recensione\\\/\",\"url\":\"https:\\\/\\\/www.accuratereviews.com\\\/it\\\/software-intelligenza-artificiale\\\/inxide-recensione\\\/\",\"name\":\"Inxide: recensione software intelligenza artificiale - Accurate Reviews\",\"isPartOf\":{\"@id\":\"https:\\\/\\\/www.accuratereviews.com\\\/it\\\/#website\"},\"primaryImageOfPage\":{\"@id\":\"https:\\\/\\\/www.accuratereviews.com\\\/it\\\/software-intelligenza-artificiale\\\/inxide-recensione\\\/#primaryimage\"},\"image\":{\"@id\":\"https:\\\/\\\/www.accuratereviews.com\\\/it\\\/software-intelligenza-artificiale\\\/inxide-recensione\\\/#primaryimage\"},\"thumbnailUrl\":\"https:\\\/\\\/www.accuratereviews.com\\\/wp-content\\\/uploads\\\/2024\\\/11\\\/Inxide.avif\",\"datePublished\":\"2024-11-28T17:13:19+00:00\",\"dateModified\":\"2024-12-02T21:04:58+00:00\",\"description\":\"Inxide: recensione software di intelligenza artificiale che integra tecnologie di AI generativa, omnicanale, flusso di lavoro e automazione.\",\"breadcrumb\":{\"@id\":\"https:\\\/\\\/www.accuratereviews.com\\\/it\\\/software-intelligenza-artificiale\\\/inxide-recensione\\\/#breadcrumb\"},\"inLanguage\":\"it-IT\",\"potentialAction\":[{\"@type\":\"ReadAction\",\"target\":[\"https:\\\/\\\/www.accuratereviews.com\\\/it\\\/software-intelligenza-artificiale\\\/inxide-recensione\\\/\"]}]},{\"@type\":\"ImageObject\",\"inLanguage\":\"it-IT\",\"@id\":\"https:\\\/\\\/www.accuratereviews.com\\\/it\\\/software-intelligenza-artificiale\\\/inxide-recensione\\\/#primaryimage\",\"url\":\"https:\\\/\\\/www.accuratereviews.com\\\/wp-content\\\/uploads\\\/2024\\\/11\\\/Inxide.avif\",\"contentUrl\":\"https:\\\/\\\/www.accuratereviews.com\\\/wp-content\\\/uploads\\\/2024\\\/11\\\/Inxide.avif\",\"width\":270,\"height\":240},{\"@type\":\"BreadcrumbList\",\"@id\":\"https:\\\/\\\/www.accuratereviews.com\\\/it\\\/software-intelligenza-artificiale\\\/inxide-recensione\\\/#breadcrumb\",\"itemListElement\":[{\"@type\":\"ListItem\",\"position\":1,\"name\":\"Home\",\"item\":\"https:\\\/\\\/www.accuratereviews.com\\\/it\\\/\"},{\"@type\":\"ListItem\",\"position\":2,\"name\":\"Software di intelligenza artificiale\",\"item\":\"https:\\\/\\\/www.accuratereviews.com\\\/it\\\/software-intelligenza-artificiale\\\/\"},{\"@type\":\"ListItem\",\"position\":3,\"name\":\"Inxide\"}]},{\"@type\":\"WebSite\",\"@id\":\"https:\\\/\\\/www.accuratereviews.com\\\/it\\\/#website\",\"url\":\"https:\\\/\\\/www.accuratereviews.com\\\/it\\\/\",\"name\":\"Accurate Reviews\",\"description\":\"\",\"potentialAction\":[{\"@type\":\"SearchAction\",\"target\":{\"@type\":\"EntryPoint\",\"urlTemplate\":\"https:\\\/\\\/www.accuratereviews.com\\\/it\\\/?s={search_term_string}\"},\"query-input\":{\"@type\":\"PropertyValueSpecification\",\"valueRequired\":true,\"valueName\":\"search_term_string\"}}],\"inLanguage\":\"it-IT\"}]}<\/script>\n<!-- \/ Yoast SEO plugin. -->","yoast_head_json":{"title":"Inxide: recensione software intelligenza artificiale - Accurate Reviews","description":"Inxide: recensione software di intelligenza artificiale che integra tecnologie di AI generativa, omnicanale, flusso di lavoro e automazione.","robots":{"index":"index","follow":"follow","max-snippet":"max-snippet:-1","max-image-preview":"max-image-preview:large","max-video-preview":"max-video-preview:-1"},"canonical":"https:\/\/www.accuratereviews.com\/it\/software-intelligenza-artificiale\/inxide-recensione\/","og_locale":"it_IT","og_type":"article","og_title":"Inxide: recensione software intelligenza artificiale - Accurate Reviews","og_description":"Inxide: recensione software di intelligenza artificiale che integra tecnologie di AI generativa, omnicanale, flusso di lavoro e automazione.","og_url":"https:\/\/www.accuratereviews.com\/it\/software-intelligenza-artificiale\/inxide-recensione\/","og_site_name":"Accurate Reviews","article_modified_time":"2024-12-02T21:04:58+00:00","twitter_card":"summary_large_image","twitter_misc":{"Tempo di lettura stimato":"5 minuti"},"schema":{"@context":"https:\/\/schema.org","@graph":[{"@type":"WebPage","@id":"https:\/\/www.accuratereviews.com\/it\/software-intelligenza-artificiale\/inxide-recensione\/","url":"https:\/\/www.accuratereviews.com\/it\/software-intelligenza-artificiale\/inxide-recensione\/","name":"Inxide: recensione software intelligenza artificiale - Accurate Reviews","isPartOf":{"@id":"https:\/\/www.accuratereviews.com\/it\/#website"},"primaryImageOfPage":{"@id":"https:\/\/www.accuratereviews.com\/it\/software-intelligenza-artificiale\/inxide-recensione\/#primaryimage"},"image":{"@id":"https:\/\/www.accuratereviews.com\/it\/software-intelligenza-artificiale\/inxide-recensione\/#primaryimage"},"thumbnailUrl":"https:\/\/www.accuratereviews.com\/wp-content\/uploads\/2024\/11\/Inxide.avif","datePublished":"2024-11-28T17:13:19+00:00","dateModified":"2024-12-02T21:04:58+00:00","description":"Inxide: recensione software di intelligenza artificiale che integra tecnologie di AI generativa, omnicanale, flusso di lavoro e automazione.","breadcrumb":{"@id":"https:\/\/www.accuratereviews.com\/it\/software-intelligenza-artificiale\/inxide-recensione\/#breadcrumb"},"inLanguage":"it-IT","potentialAction":[{"@type":"ReadAction","target":["https:\/\/www.accuratereviews.com\/it\/software-intelligenza-artificiale\/inxide-recensione\/"]}]},{"@type":"ImageObject","inLanguage":"it-IT","@id":"https:\/\/www.accuratereviews.com\/it\/software-intelligenza-artificiale\/inxide-recensione\/#primaryimage","url":"https:\/\/www.accuratereviews.com\/wp-content\/uploads\/2024\/11\/Inxide.avif","contentUrl":"https:\/\/www.accuratereviews.com\/wp-content\/uploads\/2024\/11\/Inxide.avif","width":270,"height":240},{"@type":"BreadcrumbList","@id":"https:\/\/www.accuratereviews.com\/it\/software-intelligenza-artificiale\/inxide-recensione\/#breadcrumb","itemListElement":[{"@type":"ListItem","position":1,"name":"Home","item":"https:\/\/www.accuratereviews.com\/it\/"},{"@type":"ListItem","position":2,"name":"Software di intelligenza artificiale","item":"https:\/\/www.accuratereviews.com\/it\/software-intelligenza-artificiale\/"},{"@type":"ListItem","position":3,"name":"Inxide"}]},{"@type":"WebSite","@id":"https:\/\/www.accuratereviews.com\/it\/#website","url":"https:\/\/www.accuratereviews.com\/it\/","name":"Accurate Reviews","description":"","potentialAction":[{"@type":"SearchAction","target":{"@type":"EntryPoint","urlTemplate":"https:\/\/www.accuratereviews.com\/it\/?s={search_term_string}"},"query-input":{"@type":"PropertyValueSpecification","valueRequired":true,"valueName":"search_term_string"}}],"inLanguage":"it-IT"}]}},"_links":{"self":[{"href":"https:\/\/www.accuratereviews.com\/it\/wp-json\/wp\/v2\/pages\/80708","targetHints":{"allow":["GET"]}}],"collection":[{"href":"https:\/\/www.accuratereviews.com\/it\/wp-json\/wp\/v2\/pages"}],"about":[{"href":"https:\/\/www.accuratereviews.com\/it\/wp-json\/wp\/v2\/types\/page"}],"author":[{"embeddable":true,"href":"https:\/\/www.accuratereviews.com\/it\/wp-json\/wp\/v2\/users\/19"}],"replies":[{"embeddable":true,"href":"https:\/\/www.accuratereviews.com\/it\/wp-json\/wp\/v2\/comments?post=80708"}],"version-history":[{"count":8,"href":"https:\/\/www.accuratereviews.com\/it\/wp-json\/wp\/v2\/pages\/80708\/revisions"}],"predecessor-version":[{"id":80833,"href":"https:\/\/www.accuratereviews.com\/it\/wp-json\/wp\/v2\/pages\/80708\/revisions\/80833"}],"up":[{"embeddable":true,"href":"https:\/\/www.accuratereviews.com\/it\/wp-json\/wp\/v2\/pages\/79864"}],"wp:featuredmedia":[{"embeddable":true,"href":"https:\/\/www.accuratereviews.com\/it\/wp-json\/wp\/v2\/media\/80709"}],"wp:attachment":[{"href":"https:\/\/www.accuratereviews.com\/it\/wp-json\/wp\/v2\/media?parent=80708"}],"wp:term":[{"taxonomy":"category","embeddable":true,"href":"https:\/\/www.accuratereviews.com\/it\/wp-json\/wp\/v2\/categories?post=80708"},{"taxonomy":"post_tag","embeddable":true,"href":"https:\/\/www.accuratereviews.com\/it\/wp-json\/wp\/v2\/tags?post=80708"},{"taxonomy":"features","embeddable":true,"href":"https:\/\/www.accuratereviews.com\/it\/wp-json\/wp\/v2\/features?post=80708"}],"curies":[{"name":"wp","href":"https:\/\/api.w.org\/{rel}","templated":true}]}}