{"id":80741,"date":"2024-11-29T16:37:45","date_gmt":"2024-11-29T16:37:45","guid":{"rendered":"https:\/\/www.accuratereviews.com\/?page_id=80741"},"modified":"2024-11-29T16:37:45","modified_gmt":"2024-11-29T16:37:45","slug":"crossengage-recensione","status":"publish","type":"page","link":"https:\/\/www.accuratereviews.com\/it\/software-intelligenza-artificiale\/crossengage-recensione\/","title":{"rendered":"CrossEngage"},"content":{"rendered":"<p><strong>CrossEngage<\/strong> aiuta le aziende a costruire relazioni durature e preziose con i clienti. Con la sua esclusiva piattaforma di dati e previsioni dei clienti, i marchi possono facilmente identificare, stabilire le priorit\u00e0 e attivare i clienti pi\u00f9 preziosi per ottimizzare la spesa di marketing. Sfruttando <strong>l&#8217;intelligenza artificiale e il CRM predittivo<\/strong>, la soluzione SaaS determina l&#8217;impatto monetario e l&#8217;urgenza di raggiungere i clienti. Ci\u00f2 produce esperienze dei clienti migliori e pertinenti e, inoltre, aumenta il valore del ciclo di vita del cliente e il ROI.<br \/>\n<strong>CrossEngage<\/strong> fornisce profili cliente completi a 360\u00b0, includendo una cronologia dettagliata e l&#8217;analisi dei comportamenti, offrendo una comprensione approfondita di tutti i dati disponibili. La piattaforma supporta una <strong>gestione intelligente del pubblico<\/strong> e consente di creare campagne automatizzate su pi\u00f9 canali di marketing, come email, direct mailing, pubblicit\u00e0 programmatica, annunci social e altri canali preferiti. Basta impostare i trigger lungo il percorso del cliente per ottimizzare ogni interazione.<\/p>\n<h2>CROSSENGAGE &#8211; TUTORIAL<\/h2>\n<div id=\"fluid-wrapper-counter-1\" class=\"g1-fluid-wrapper \" style=\"width:686px;\">\n<div style=\"padding-bottom:56.268221574344%;\"><iframe loading=\"lazy\" title=\"CrossEngage | So That Customers Come to Stay\" width=\"686\" height=\"386\" src=\"https:\/\/www.youtube.com\/embed\/DuJPlzyafTI?feature=oembed&amp;wmode=transparent&amp;autohide=1&amp;autoplay=0&amp;disablekb=0&amp;fs=1&amp;loop=0&amp;enablejsapi=1&amp;rel=0&amp;controls=2&amp;showinfo=0&amp;wmode=transparent&amp;autohide=2&amp;autoplay=0&amp;disablekb=0&amp;fs=1&amp;loop=0&amp;enablejsapi=1&amp;rel=0&amp;controls=2&amp;showinfo=1\" frameborder=\"0\" allow=\"accelerometer; autoplay; clipboard-write; encrypted-media; gyroscope; picture-in-picture; web-share\" referrerpolicy=\"strict-origin-when-cross-origin\" allowfullscreen><\/iframe><\/div>\n<\/div>\n<h3>CROSSENGAGE &#8211; CARATTERISTICHE<\/h3>\n<ul>\n<li>Raccogli tutti i dati dei clienti di prima parte in un unico sistema e supera i silos di dati<\/li>\n<li>Crea profili utente completi a 360\u00b0<\/li>\n<li>Cattura dati comportamentali dei clienti da tutte le fonti in tempo reale<\/li>\n<li>Controlla e gestisci i dati tramite API<\/li>\n<li>Esporta record completi dei dati grezzi dei tuoi clienti<\/li>\n<li>Sfrutta la potenza della modifica predittiva con intelligenza artificiale (IA) avanzata e apprendimento automatico<\/li>\n<li>Scegli tra una variet\u00e0 di modelli di analisi predittiva predefiniti, come acquisto dal primo al secondo, CLV, punteggi di conversione, prevenzione dell&#8217;abbandono e molti altri<\/li>\n<li>Crea modelli predittivi personalizzati e punteggio dei clienti su misura per le tue esigenze senza supporto IT o di scienza dei dati<\/li>\n<li>Espandi le capacit\u00e0 degli scienziati dei dati e degli esperti di IA e crea modelli predittivi avanzati e completamente modificabili<\/li>\n<li>Comprendi quali fattori influenzano il valore e il comportamento del tuo cliente grazie ad analisi dettagliate dei clienti<\/li>\n<li>Crea audience di valore utilizzando il trascinamento della selezione per campagne di targeting precise e coinvolgenti<\/li>\n<li>Considera le preferenze individuali di ogni cliente in merito a canale, tempo e contenuto<\/li>\n<li>Basa sui gruppi target esistenti ed espandili<\/li>\n<li>Utilizza le tue conoscenze esistenti sul comportamento e le caratteristiche del tuo cliente ed espandile con valori calcolati e previsioni<\/li>\n<li>Genera in modo intuitivo gruppi target basati su relazioni profondamente nascoste nei dati<\/li>\n<li>Crea percorsi utente visivamente accattivanti e personalizzati, come semplici percorsi di benvenuto e campagne di carrello abbandonato fino alle storie utente pi\u00f9 complesse<\/li>\n<li>Reagisci al comportamento del cliente in tempo reale e collegalo a ogni punto del percorso utente<\/li>\n<li>Imposta facilmente campagne di fidelizzazione clienti ricorrenti o una tantum<\/li>\n<li>Controlla e orchestra i tuoi canali di marketing da un&#8217;unica piattaforma<\/li>\n<li>Estendi la tua configurazione esistente con una gamma di strumenti di marketing che si integrano profondamente nel tuo sistema<\/li>\n<li>Utilizza semplicemente il trasferimento dati flessibile basato su webhook, SFTP, ecc.<\/li>\n<li>Fornisci gruppi target configurabili in modo rapido e affidabile<\/li>\n<\/ul>\n<h4>LE RECENSIONI DEGLI UTENTI<\/h4>\n<p><strong>Christian &#8220;Ottimo strumento per dirigere i canali di marketing esistenti&#8221;<\/strong><br \/>\n<strong>Commenti<\/strong>: Ottima esperienza, persone reattive, gentili e disponibili<br \/>\n<strong>Pro<\/strong>: &#8211; numerose integrazioni &#8211;&gt; possibilit\u00e0 di utilizzare e allineare strumenti\/canali esistenti (emarsys, optilyz, ecc.) &#8211; tutti i dati utente e prodotto utilizzabili in un unico posto &#8211; elevata personalizzazione possibile (combinazione di feed cliente e comportamento cliente in tempo reale)<br \/>\n<strong>Contro<\/strong>: &#8211; nessuna esportazione di dati grezzi delle statistiche ancora &#8211; nessun diagramma di flusso della campagna ancora (quindi le campagne multi-step sono un po&#8217; pi\u00f9 difficili da gestire)<\/p>\n<p><strong>Daniela &#8220;Azienda molto agile per impostare campagne multicanale&#8221;<\/strong><br \/>\n<strong>Commenti<\/strong>: Il nostro obiettivo principale nell&#8217;uso di CrossEngage \u00e8 controllare la comunicazione giusta per i nostri clienti al momento giusto per creare momenti speciali.<br \/>\n<strong>Pro<\/strong>: Le possibilit\u00e0 sono infinite, soprattutto con i partner giusti a portata di mano. Sviluppi continui nell&#8217;interfaccia utente e nell&#8217;applicazione stessa. Pu\u00f2 gestire un&#8217;enorme quantit\u00e0 di dati a una velocit\u00e0 impressionante.<br \/>\n<strong>Contro<\/strong>: Non tutte le implementazioni possono essere utilizzate in modo intuitivo e richiedono un po&#8217; di tempo per essere messe in pratica.<\/p>\n<p><strong>Giovanni &#8220;Lavorare \u00e8 facile con CrossEngage&#8221;<\/strong><br \/>\n<strong>Commenti<\/strong>: Con CE la selezione del tuo target group \u00e8 facile e veloce per campagne di mailing personalizzate<br \/>\n<strong>Pro<\/strong>: Facile creazione di segmenti Calcolo rapido delle dimensioni del segmento Bella interfaccia utente<br \/>\n<strong>Contro<\/strong>: Mancano alcune funzioni utili quando si creano segmenti pi\u00f9 complessi, ad esempio la creazione di segmenti negativi.<\/p>\n","protected":false},"excerpt":{"rendered":"<p>CrossEngage aiuta le aziende a costruire relazioni durature e preziose con i clienti. Con la sua esclusiva piattaforma di dati e previsioni dei clienti, i marchi possono facilmente identificare, stabilire le priorit\u00e0 e attivare i clienti pi\u00f9 preziosi per ottimizzare la spesa di marketing. Sfruttando l&#8217;intelligenza artificiale e il CRM predittivo, la soluzione SaaS determina l&#8217;impatto monetario e l&#8217;urgenza di raggiungere i clienti.<\/p>\n","protected":false},"author":19,"featured_media":80747,"parent":79864,"menu_order":0,"comment_status":"open","ping_status":"closed","template":"g1_template_page_review_new.php","meta":{"_acf_changed":false,"cwp_meta_box_check":"No","cwp_rev_product_name":"","cwp_rev_product_image":"","wppr_links":[],"cwp_rev_price":"","wppr_options":[],"wppr_pros":[],"wppr_cons":[],"_monsterinsights_skip_tracking":false,"_monsterinsights_sitenote_active":false,"_monsterinsights_sitenote_note":"","_monsterinsights_sitenote_category":0,"footnotes":""},"categories":[15435],"tags":[997,15590,998,15441,15440,15479,15480],"features":[],"class_list":{"0":"post-80741","1":"page","2":"type-page","3":"status-publish","4":"has-post-thumbnail","6":"category-software-intelligenza-artificiale-cat","7":"tag-ai","8":"tag-crossengage","9":"tag-intelligenza-artificiale","10":"tag-piattaforma-intelligenza-artificiale","11":"tag-programma-intelligenza-artificiale","12":"tag-software-intelligenza-artificiale","13":"tag-soluzione-intelligenza-artificiale"},"wppr_data":{"cwp_meta_box_check":"No"},"acf":[],"yoast_head":"<!-- This site is optimized with the Yoast SEO plugin v27.4 - https:\/\/yoast.com\/product\/yoast-seo-wordpress\/ -->\n<title>CrossEngage: recensione software intelligenza artificiale - Accurate Reviews<\/title>\n<meta name=\"description\" content=\"CrossEngage: recensione software intelligenza artificiale che aiuta le aziende a costruire relazioni durature e preziose con i clienti.\" \/>\n<meta name=\"robots\" content=\"index, follow, max-snippet:-1, max-image-preview:large, max-video-preview:-1\" \/>\n<link rel=\"canonical\" href=\"https:\/\/www.accuratereviews.com\/it\/software-intelligenza-artificiale\/crossengage-recensione\/\" \/>\n<meta property=\"og:locale\" content=\"it_IT\" \/>\n<meta property=\"og:type\" content=\"article\" \/>\n<meta property=\"og:title\" content=\"CrossEngage: recensione software intelligenza artificiale - Accurate Reviews\" \/>\n<meta property=\"og:description\" content=\"CrossEngage: recensione software intelligenza artificiale che aiuta le aziende a costruire relazioni durature e preziose con i clienti.\" \/>\n<meta property=\"og:url\" content=\"https:\/\/www.accuratereviews.com\/it\/software-intelligenza-artificiale\/crossengage-recensione\/\" \/>\n<meta property=\"og:site_name\" content=\"Accurate Reviews\" \/>\n<meta property=\"og:image\" content=\"https:\/\/www.accuratereviews.com\/wp-content\/uploads\/2024\/11\/CrossEngage.png\" \/>\n\t<meta property=\"og:image:width\" content=\"360\" \/>\n\t<meta property=\"og:image:height\" content=\"216\" \/>\n\t<meta property=\"og:image:type\" content=\"image\/png\" \/>\n<meta name=\"twitter:card\" content=\"summary_large_image\" \/>\n<meta name=\"twitter:label1\" content=\"Tempo di lettura stimato\" \/>\n\t<meta name=\"twitter:data1\" content=\"5 minuti\" \/>\n<script type=\"application\/ld+json\" class=\"yoast-schema-graph\">{\"@context\":\"https:\\\/\\\/schema.org\",\"@graph\":[{\"@type\":\"WebPage\",\"@id\":\"https:\\\/\\\/www.accuratereviews.com\\\/it\\\/software-intelligenza-artificiale\\\/crossengage-recensione\\\/\",\"url\":\"https:\\\/\\\/www.accuratereviews.com\\\/it\\\/software-intelligenza-artificiale\\\/crossengage-recensione\\\/\",\"name\":\"CrossEngage: recensione software intelligenza artificiale - Accurate Reviews\",\"isPartOf\":{\"@id\":\"https:\\\/\\\/www.accuratereviews.com\\\/it\\\/#website\"},\"primaryImageOfPage\":{\"@id\":\"https:\\\/\\\/www.accuratereviews.com\\\/it\\\/software-intelligenza-artificiale\\\/crossengage-recensione\\\/#primaryimage\"},\"image\":{\"@id\":\"https:\\\/\\\/www.accuratereviews.com\\\/it\\\/software-intelligenza-artificiale\\\/crossengage-recensione\\\/#primaryimage\"},\"thumbnailUrl\":\"https:\\\/\\\/www.accuratereviews.com\\\/wp-content\\\/uploads\\\/2024\\\/11\\\/CrossEngage.png\",\"datePublished\":\"2024-11-29T16:37:45+00:00\",\"description\":\"CrossEngage: recensione software intelligenza artificiale che aiuta le aziende a costruire relazioni durature e preziose con i clienti.\",\"breadcrumb\":{\"@id\":\"https:\\\/\\\/www.accuratereviews.com\\\/it\\\/software-intelligenza-artificiale\\\/crossengage-recensione\\\/#breadcrumb\"},\"inLanguage\":\"it-IT\",\"potentialAction\":[{\"@type\":\"ReadAction\",\"target\":[\"https:\\\/\\\/www.accuratereviews.com\\\/it\\\/software-intelligenza-artificiale\\\/crossengage-recensione\\\/\"]}]},{\"@type\":\"ImageObject\",\"inLanguage\":\"it-IT\",\"@id\":\"https:\\\/\\\/www.accuratereviews.com\\\/it\\\/software-intelligenza-artificiale\\\/crossengage-recensione\\\/#primaryimage\",\"url\":\"https:\\\/\\\/www.accuratereviews.com\\\/wp-content\\\/uploads\\\/2024\\\/11\\\/CrossEngage.png\",\"contentUrl\":\"https:\\\/\\\/www.accuratereviews.com\\\/wp-content\\\/uploads\\\/2024\\\/11\\\/CrossEngage.png\",\"width\":360,\"height\":216},{\"@type\":\"BreadcrumbList\",\"@id\":\"https:\\\/\\\/www.accuratereviews.com\\\/it\\\/software-intelligenza-artificiale\\\/crossengage-recensione\\\/#breadcrumb\",\"itemListElement\":[{\"@type\":\"ListItem\",\"position\":1,\"name\":\"Home\",\"item\":\"https:\\\/\\\/www.accuratereviews.com\\\/it\\\/\"},{\"@type\":\"ListItem\",\"position\":2,\"name\":\"Software di intelligenza artificiale\",\"item\":\"https:\\\/\\\/www.accuratereviews.com\\\/it\\\/software-intelligenza-artificiale\\\/\"},{\"@type\":\"ListItem\",\"position\":3,\"name\":\"CrossEngage\"}]},{\"@type\":\"WebSite\",\"@id\":\"https:\\\/\\\/www.accuratereviews.com\\\/it\\\/#website\",\"url\":\"https:\\\/\\\/www.accuratereviews.com\\\/it\\\/\",\"name\":\"Accurate Reviews\",\"description\":\"\",\"potentialAction\":[{\"@type\":\"SearchAction\",\"target\":{\"@type\":\"EntryPoint\",\"urlTemplate\":\"https:\\\/\\\/www.accuratereviews.com\\\/it\\\/?s={search_term_string}\"},\"query-input\":{\"@type\":\"PropertyValueSpecification\",\"valueRequired\":true,\"valueName\":\"search_term_string\"}}],\"inLanguage\":\"it-IT\"}]}<\/script>\n<!-- \/ Yoast SEO plugin. -->","yoast_head_json":{"title":"CrossEngage: recensione software intelligenza artificiale - Accurate Reviews","description":"CrossEngage: recensione software intelligenza artificiale che aiuta le aziende a costruire relazioni durature e preziose con i clienti.","robots":{"index":"index","follow":"follow","max-snippet":"max-snippet:-1","max-image-preview":"max-image-preview:large","max-video-preview":"max-video-preview:-1"},"canonical":"https:\/\/www.accuratereviews.com\/it\/software-intelligenza-artificiale\/crossengage-recensione\/","og_locale":"it_IT","og_type":"article","og_title":"CrossEngage: recensione software intelligenza artificiale - Accurate Reviews","og_description":"CrossEngage: recensione software intelligenza artificiale che aiuta le aziende a costruire relazioni durature e preziose con i clienti.","og_url":"https:\/\/www.accuratereviews.com\/it\/software-intelligenza-artificiale\/crossengage-recensione\/","og_site_name":"Accurate Reviews","og_image":[{"width":360,"height":216,"url":"https:\/\/www.accuratereviews.com\/wp-content\/uploads\/2024\/11\/CrossEngage.png","type":"image\/png"}],"twitter_card":"summary_large_image","twitter_misc":{"Tempo di lettura stimato":"5 minuti"},"schema":{"@context":"https:\/\/schema.org","@graph":[{"@type":"WebPage","@id":"https:\/\/www.accuratereviews.com\/it\/software-intelligenza-artificiale\/crossengage-recensione\/","url":"https:\/\/www.accuratereviews.com\/it\/software-intelligenza-artificiale\/crossengage-recensione\/","name":"CrossEngage: recensione software intelligenza artificiale - Accurate Reviews","isPartOf":{"@id":"https:\/\/www.accuratereviews.com\/it\/#website"},"primaryImageOfPage":{"@id":"https:\/\/www.accuratereviews.com\/it\/software-intelligenza-artificiale\/crossengage-recensione\/#primaryimage"},"image":{"@id":"https:\/\/www.accuratereviews.com\/it\/software-intelligenza-artificiale\/crossengage-recensione\/#primaryimage"},"thumbnailUrl":"https:\/\/www.accuratereviews.com\/wp-content\/uploads\/2024\/11\/CrossEngage.png","datePublished":"2024-11-29T16:37:45+00:00","description":"CrossEngage: recensione software intelligenza artificiale che aiuta le aziende a costruire relazioni durature e preziose con i clienti.","breadcrumb":{"@id":"https:\/\/www.accuratereviews.com\/it\/software-intelligenza-artificiale\/crossengage-recensione\/#breadcrumb"},"inLanguage":"it-IT","potentialAction":[{"@type":"ReadAction","target":["https:\/\/www.accuratereviews.com\/it\/software-intelligenza-artificiale\/crossengage-recensione\/"]}]},{"@type":"ImageObject","inLanguage":"it-IT","@id":"https:\/\/www.accuratereviews.com\/it\/software-intelligenza-artificiale\/crossengage-recensione\/#primaryimage","url":"https:\/\/www.accuratereviews.com\/wp-content\/uploads\/2024\/11\/CrossEngage.png","contentUrl":"https:\/\/www.accuratereviews.com\/wp-content\/uploads\/2024\/11\/CrossEngage.png","width":360,"height":216},{"@type":"BreadcrumbList","@id":"https:\/\/www.accuratereviews.com\/it\/software-intelligenza-artificiale\/crossengage-recensione\/#breadcrumb","itemListElement":[{"@type":"ListItem","position":1,"name":"Home","item":"https:\/\/www.accuratereviews.com\/it\/"},{"@type":"ListItem","position":2,"name":"Software di intelligenza artificiale","item":"https:\/\/www.accuratereviews.com\/it\/software-intelligenza-artificiale\/"},{"@type":"ListItem","position":3,"name":"CrossEngage"}]},{"@type":"WebSite","@id":"https:\/\/www.accuratereviews.com\/it\/#website","url":"https:\/\/www.accuratereviews.com\/it\/","name":"Accurate Reviews","description":"","potentialAction":[{"@type":"SearchAction","target":{"@type":"EntryPoint","urlTemplate":"https:\/\/www.accuratereviews.com\/it\/?s={search_term_string}"},"query-input":{"@type":"PropertyValueSpecification","valueRequired":true,"valueName":"search_term_string"}}],"inLanguage":"it-IT"}]}},"_links":{"self":[{"href":"https:\/\/www.accuratereviews.com\/it\/wp-json\/wp\/v2\/pages\/80741","targetHints":{"allow":["GET"]}}],"collection":[{"href":"https:\/\/www.accuratereviews.com\/it\/wp-json\/wp\/v2\/pages"}],"about":[{"href":"https:\/\/www.accuratereviews.com\/it\/wp-json\/wp\/v2\/types\/page"}],"author":[{"embeddable":true,"href":"https:\/\/www.accuratereviews.com\/it\/wp-json\/wp\/v2\/users\/19"}],"replies":[{"embeddable":true,"href":"https:\/\/www.accuratereviews.com\/it\/wp-json\/wp\/v2\/comments?post=80741"}],"version-history":[{"count":9,"href":"https:\/\/www.accuratereviews.com\/it\/wp-json\/wp\/v2\/pages\/80741\/revisions"}],"predecessor-version":[{"id":80766,"href":"https:\/\/www.accuratereviews.com\/it\/wp-json\/wp\/v2\/pages\/80741\/revisions\/80766"}],"up":[{"embeddable":true,"href":"https:\/\/www.accuratereviews.com\/it\/wp-json\/wp\/v2\/pages\/79864"}],"wp:featuredmedia":[{"embeddable":true,"href":"https:\/\/www.accuratereviews.com\/it\/wp-json\/wp\/v2\/media\/80747"}],"wp:attachment":[{"href":"https:\/\/www.accuratereviews.com\/it\/wp-json\/wp\/v2\/media?parent=80741"}],"wp:term":[{"taxonomy":"category","embeddable":true,"href":"https:\/\/www.accuratereviews.com\/it\/wp-json\/wp\/v2\/categories?post=80741"},{"taxonomy":"post_tag","embeddable":true,"href":"https:\/\/www.accuratereviews.com\/it\/wp-json\/wp\/v2\/tags?post=80741"},{"taxonomy":"features","embeddable":true,"href":"https:\/\/www.accuratereviews.com\/it\/wp-json\/wp\/v2\/features?post=80741"}],"curies":[{"name":"wp","href":"https:\/\/api.w.org\/{rel}","templated":true}]}}