{"id":80799,"date":"2024-12-02T21:03:18","date_gmt":"2024-12-02T21:03:18","guid":{"rendered":"https:\/\/www.accuratereviews.com\/?page_id=80799"},"modified":"2024-12-03T09:58:52","modified_gmt":"2024-12-03T09:58:52","slug":"humanfirst-recensione","status":"publish","type":"page","link":"https:\/\/www.accuratereviews.com\/it\/software-intelligenza-artificiale\/humanfirst-recensione\/","title":{"rendered":"HumanFirst"},"content":{"rendered":"<p><strong>HumanFirst<\/strong> aiuta i team con qualsiasi livello di competenza tecnica a trasformare dati di testo e conversazione non strutturati in set di dati di formazione personalizzabili e approfondimenti aziendali fruibili. Consente agli utenti di esplorare, scoprire, etichettare, gestire e analizzare qualsiasi set di dati in linguaggio naturale con flussi di lavoro di apprendimento automatico e feedback in tempo reale. <strong>HumanFirst<\/strong> permette alle organizzazioni di adottare un approccio incentrato sui dati per le applicazioni NLU, tra cui IVR digitale,<strong> call center AI<\/strong>, automazione delle vendite, analisi della voce del cliente, chatbot e altro ancora. Semplifica il lavoro eliminando l&#8217;inserimento dati manuale.<\/p>\n<h2>HUMANFIST &#8211; TUTORIAL<\/h2>\n<div id=\"fluid-wrapper-counter-1\" class=\"g1-fluid-wrapper \" style=\"width:686px;\">\n<div style=\"padding-bottom:56.268221574344%;\"><iframe loading=\"lazy\" title=\"Introducing Prompt x Data View\" width=\"686\" height=\"386\" src=\"https:\/\/www.youtube.com\/embed\/TE0FYTqdqcg?feature=oembed&amp;wmode=transparent&amp;autohide=1&amp;autoplay=0&amp;disablekb=0&amp;fs=1&amp;loop=0&amp;enablejsapi=1&amp;rel=0&amp;controls=2&amp;showinfo=0&amp;wmode=transparent&amp;autohide=2&amp;autoplay=0&amp;disablekb=0&amp;fs=1&amp;loop=0&amp;enablejsapi=1&amp;rel=0&amp;controls=2&amp;showinfo=1\" frameborder=\"0\" allow=\"accelerometer; autoplay; clipboard-write; encrypted-media; gyroscope; picture-in-picture; web-share\" referrerpolicy=\"strict-origin-when-cross-origin\" allowfullscreen><\/iframe><\/div>\n<\/div>\n<h3>HUMANFIST &#8211; CARATTERISTICHE<\/h3>\n<ul>\n<li><strong>Osservazione dei dati<\/strong>: raccogli continuamente dati grezzi da diverse fonti ed esplora facilmente il loro contesto. Concentrati sui problemi pi\u00f9 importanti.<\/li>\n<li><strong>Organizzazione dei dati:<\/strong> utilizza flussi di ricerca semantica, clustering e cura dei dati per isolare i dati importanti per il tuo lavoro.<\/li>\n<li><strong>Progettazione della conversazione<\/strong>: testa e addestra chatbot con dati di conversazione reali.<\/li>\n<li><strong>Vendite<\/strong>: flussi di lavoro personalizzati per vendite basate sui dati, dalla chiamata alla chiusura.<\/li>\n<li><strong>Marketing<\/strong>: crea contenuti in linea con il marchio, lancia campagne di impatto.<\/li>\n<li><b>Ripetizione<\/b>: l&#8217;integrazione in tempo reale con Rasa, Dialogflow, CCAI e altri semplifica l&#8217;acquisizione e le operazioni continue dei dati grezzi man mano che vengono creati.<\/li>\n<li><strong>Raccolta ed esplorazione<\/strong>: importa dati da diverse fonti in un&#8217;interfaccia intuitiva e utilizza potenti automazioni per trovare rapidamente ci\u00f2 di cui hai bisogno.<\/li>\n<li><strong>LavVertex AI su set di dati dinamici<\/strong>: progetta e testa prompt specifici per attivit\u00e0 su dati aziendali reali. Organizza e isola i dati di cui hai bisogno per accelerare il tuo modo di lavorare.<\/li>\n<\/ul>\n<h4>LE RECENSIONI DEGLI UTENTI<\/h4>\n<p><strong>Ben &#8220;L&#8217;intelligenza artificiale conversazionale ha bisogno di molti dati: HumanFirst ti offre informazioni sui tuoi dati&#8221;<\/strong><br \/>\n<strong>Commenti<\/strong>: Avevamo bisogno di estrarre migliaia di trascrizioni per identificare gli intenti che il bot avrebbe dovuto avere e dati di addestramento per migliorare l&#8217;NLU. HumanFirst ci ha aiutato rapidamente a raggiungere questo obiettivo. \u00c8 uno strumento ingegnoso che consente al nostro team di ordinare rapidamente i dati.<br \/>\n<strong>Pro<\/strong>: Utilizziamo HumanFirst per raccogliere dati di formazione dalle trascrizioni: \u00e8 molto facile organizzare i dati e garantire che il tuo bot venga addestrato correttamente sui vari modi in cui gli utenti possono dire le stesse cose. \u00c8 anche ottimo per comprendere rapidamente i tipi di richieste degli utenti: abbiamo notato alcuni problemi per cui il bot dovrebbe essere pronto durante l&#8217;utilizzo di HumanFirst.<br \/>\n<strong>Contro<\/strong>: Finora non abbiamo trovato nulla che non ci piaccia<\/p>\n<p><strong>Gilberto &#8220;HumanFirst ti aiuta a scoprire le tue esigenze di servizi automatizzati&#8221;<\/strong><br \/>\n<strong>Commenti<\/strong>: Ottima esperienza e ottimo lavoro da parte del team HumanFirst che si assicura che il tuo processo sia solido e funzioni. Si assicurano anche che il processo includa tutte le funzionalit\u00e0 fornite dallo strumento. Semplifica davvero la comprensione delle esigenze del tuo utente<br \/>\n<strong>Pro<\/strong>: \u00c8 molto intuitivo, questo strumento \u00e8 facile da usare e iniziare a ordinare i dati in modo molto semplice e diretto. Ha anche strumenti avanzati per l&#8217;addestramento del modello che aiutano a garantire che il modello sia logicamente valido. Questi strumenti avanzati aiutano anche a risolvere eventuali contraddizioni all&#8217;interno del modello.<br \/>\n<strong>Contro<\/strong>: Ci sono un paio di funzionalit\u00e0 che necessitano di qualche ritocco, dal punto di vista dell&#8217;usabilit\u00e0, dell&#8217;utilit\u00e0 e dell&#8217;accuratezza delle funzionalit\u00e0 stesse.<\/p>\n<p><strong>Ali &#8220;HumanFirst ha cambiato il modo in cui progettiamo, costruiamo e monitoriamo i nostri bot&#8221;<\/strong><br \/>\n<strong>Commenti<\/strong>: Poich\u00e9 abbiamo milioni di conversazioni ogni mese, monitorare e ottenere informazioni su ci\u00f2 che i nostri clienti stanno realmente dicendo \u00e8 stato come cercare un ago nel pagliaio. HumanFirst ci fornisce informazioni rapide ed efficienti su come funzionano i nostri bot e su cosa bisogna fare per risolverli.<br \/>\n<strong>Pro<\/strong>: Quanto \u00e8 facile ordinare i dati non etichettati, raggrupparli e ordinarli in base agli intenti. Ci aiuta a comprendere meglio i nostri dati, e molto rapidamente.<br \/>\n<strong>Contro<\/strong>: Mentre HumanFirst identifica i conflitti di formazione, non dice perch\u00e9 le cose sono in conflitto. Sarebbe fantastico avere il &#8220;perch\u00e9&#8221; e anche il &#8220;cosa&#8221; per creare ancora pi\u00f9 efficienza.<\/p>\n","protected":false},"excerpt":{"rendered":"<p>HumanFirst aiuta i team con qualsiasi livello di competenza tecnica a trasformare dati di testo e conversazione non strutturati in set di dati di formazione personalizzabili e approfondimenti aziendali fruibili. Consente agli utenti di esplorare, scoprire, etichettare, gestire e analizzare qualsiasi set di dati in linguaggio naturale con flussi di lavoro di apprendimento automatico e feedback in tempo reale<\/p>\n","protected":false},"author":19,"featured_media":80800,"parent":79864,"menu_order":0,"comment_status":"open","ping_status":"closed","template":"g1_template_page_review_new.php","meta":{"_acf_changed":false,"cwp_meta_box_check":"No","cwp_rev_product_name":"","cwp_rev_product_image":"","wppr_links":[],"cwp_rev_price":"","wppr_options":[],"wppr_pros":[],"wppr_cons":[],"_monsterinsights_skip_tracking":false,"_monsterinsights_sitenote_active":false,"_monsterinsights_sitenote_note":"","_monsterinsights_sitenote_category":0,"footnotes":""},"categories":[15435],"tags":[997,15593,998,15441,15440,15479,15480],"features":[],"class_list":{"0":"post-80799","1":"page","2":"type-page","3":"status-publish","4":"has-post-thumbnail","6":"category-software-intelligenza-artificiale-cat","7":"tag-ai","8":"tag-humanfirst","9":"tag-intelligenza-artificiale","10":"tag-piattaforma-intelligenza-artificiale","11":"tag-programma-intelligenza-artificiale","12":"tag-software-intelligenza-artificiale","13":"tag-soluzione-intelligenza-artificiale"},"wppr_data":{"cwp_meta_box_check":"No"},"acf":[],"yoast_head":"<!-- This site is optimized with the Yoast SEO plugin v27.4 - https:\/\/yoast.com\/product\/yoast-seo-wordpress\/ -->\n<title>HumanFirst: recensione software intelligenza artificiale - Accurate Reviews<\/title>\n<meta name=\"description\" content=\"HumanFirst: recensione soluzione che trasforma dati di testo e conversazione non strutturati in set di dati di formazione personalizzabili.\" \/>\n<meta name=\"robots\" content=\"index, follow, max-snippet:-1, max-image-preview:large, max-video-preview:-1\" \/>\n<link rel=\"canonical\" href=\"https:\/\/www.accuratereviews.com\/it\/software-intelligenza-artificiale\/humanfirst-recensione\/\" \/>\n<meta property=\"og:locale\" content=\"it_IT\" \/>\n<meta property=\"og:type\" content=\"article\" \/>\n<meta property=\"og:title\" content=\"HumanFirst: recensione software intelligenza artificiale - Accurate Reviews\" \/>\n<meta property=\"og:description\" content=\"HumanFirst: recensione soluzione che trasforma dati di testo e conversazione non strutturati in set di dati di formazione personalizzabili.\" \/>\n<meta property=\"og:url\" content=\"https:\/\/www.accuratereviews.com\/it\/software-intelligenza-artificiale\/humanfirst-recensione\/\" \/>\n<meta property=\"og:site_name\" content=\"Accurate Reviews\" \/>\n<meta property=\"article:modified_time\" content=\"2024-12-03T09:58:52+00:00\" \/>\n<meta property=\"og:image\" content=\"https:\/\/www.accuratereviews.com\/wp-content\/uploads\/2024\/12\/HumanFirst.jpeg\" \/>\n\t<meta property=\"og:image:width\" content=\"240\" \/>\n\t<meta property=\"og:image:height\" content=\"200\" \/>\n\t<meta property=\"og:image:type\" content=\"image\/jpeg\" \/>\n<meta name=\"twitter:card\" content=\"summary_large_image\" \/>\n<meta name=\"twitter:label1\" content=\"Tempo di lettura stimato\" \/>\n\t<meta name=\"twitter:data1\" content=\"5 minuti\" \/>\n<script type=\"application\/ld+json\" class=\"yoast-schema-graph\">{\"@context\":\"https:\\\/\\\/schema.org\",\"@graph\":[{\"@type\":\"WebPage\",\"@id\":\"https:\\\/\\\/www.accuratereviews.com\\\/it\\\/software-intelligenza-artificiale\\\/humanfirst-recensione\\\/\",\"url\":\"https:\\\/\\\/www.accuratereviews.com\\\/it\\\/software-intelligenza-artificiale\\\/humanfirst-recensione\\\/\",\"name\":\"HumanFirst: recensione software intelligenza artificiale - Accurate Reviews\",\"isPartOf\":{\"@id\":\"https:\\\/\\\/www.accuratereviews.com\\\/it\\\/#website\"},\"primaryImageOfPage\":{\"@id\":\"https:\\\/\\\/www.accuratereviews.com\\\/it\\\/software-intelligenza-artificiale\\\/humanfirst-recensione\\\/#primaryimage\"},\"image\":{\"@id\":\"https:\\\/\\\/www.accuratereviews.com\\\/it\\\/software-intelligenza-artificiale\\\/humanfirst-recensione\\\/#primaryimage\"},\"thumbnailUrl\":\"https:\\\/\\\/www.accuratereviews.com\\\/wp-content\\\/uploads\\\/2024\\\/12\\\/HumanFirst.jpeg\",\"datePublished\":\"2024-12-02T21:03:18+00:00\",\"dateModified\":\"2024-12-03T09:58:52+00:00\",\"description\":\"HumanFirst: recensione soluzione che trasforma dati di testo e conversazione non strutturati in set di dati di formazione personalizzabili.\",\"breadcrumb\":{\"@id\":\"https:\\\/\\\/www.accuratereviews.com\\\/it\\\/software-intelligenza-artificiale\\\/humanfirst-recensione\\\/#breadcrumb\"},\"inLanguage\":\"it-IT\",\"potentialAction\":[{\"@type\":\"ReadAction\",\"target\":[\"https:\\\/\\\/www.accuratereviews.com\\\/it\\\/software-intelligenza-artificiale\\\/humanfirst-recensione\\\/\"]}]},{\"@type\":\"ImageObject\",\"inLanguage\":\"it-IT\",\"@id\":\"https:\\\/\\\/www.accuratereviews.com\\\/it\\\/software-intelligenza-artificiale\\\/humanfirst-recensione\\\/#primaryimage\",\"url\":\"https:\\\/\\\/www.accuratereviews.com\\\/wp-content\\\/uploads\\\/2024\\\/12\\\/HumanFirst.jpeg\",\"contentUrl\":\"https:\\\/\\\/www.accuratereviews.com\\\/wp-content\\\/uploads\\\/2024\\\/12\\\/HumanFirst.jpeg\",\"width\":240,\"height\":200},{\"@type\":\"BreadcrumbList\",\"@id\":\"https:\\\/\\\/www.accuratereviews.com\\\/it\\\/software-intelligenza-artificiale\\\/humanfirst-recensione\\\/#breadcrumb\",\"itemListElement\":[{\"@type\":\"ListItem\",\"position\":1,\"name\":\"Home\",\"item\":\"https:\\\/\\\/www.accuratereviews.com\\\/it\\\/\"},{\"@type\":\"ListItem\",\"position\":2,\"name\":\"Software di intelligenza artificiale\",\"item\":\"https:\\\/\\\/www.accuratereviews.com\\\/it\\\/software-intelligenza-artificiale\\\/\"},{\"@type\":\"ListItem\",\"position\":3,\"name\":\"HumanFirst\"}]},{\"@type\":\"WebSite\",\"@id\":\"https:\\\/\\\/www.accuratereviews.com\\\/it\\\/#website\",\"url\":\"https:\\\/\\\/www.accuratereviews.com\\\/it\\\/\",\"name\":\"Accurate Reviews\",\"description\":\"\",\"potentialAction\":[{\"@type\":\"SearchAction\",\"target\":{\"@type\":\"EntryPoint\",\"urlTemplate\":\"https:\\\/\\\/www.accuratereviews.com\\\/it\\\/?s={search_term_string}\"},\"query-input\":{\"@type\":\"PropertyValueSpecification\",\"valueRequired\":true,\"valueName\":\"search_term_string\"}}],\"inLanguage\":\"it-IT\"}]}<\/script>\n<!-- \/ Yoast SEO plugin. -->","yoast_head_json":{"title":"HumanFirst: recensione software intelligenza artificiale - Accurate Reviews","description":"HumanFirst: recensione soluzione che trasforma dati di testo e conversazione non strutturati in set di dati di formazione personalizzabili.","robots":{"index":"index","follow":"follow","max-snippet":"max-snippet:-1","max-image-preview":"max-image-preview:large","max-video-preview":"max-video-preview:-1"},"canonical":"https:\/\/www.accuratereviews.com\/it\/software-intelligenza-artificiale\/humanfirst-recensione\/","og_locale":"it_IT","og_type":"article","og_title":"HumanFirst: recensione software intelligenza artificiale - Accurate Reviews","og_description":"HumanFirst: recensione soluzione che trasforma dati di testo e conversazione non strutturati in set di dati di formazione personalizzabili.","og_url":"https:\/\/www.accuratereviews.com\/it\/software-intelligenza-artificiale\/humanfirst-recensione\/","og_site_name":"Accurate Reviews","article_modified_time":"2024-12-03T09:58:52+00:00","og_image":[{"width":240,"height":200,"url":"https:\/\/www.accuratereviews.com\/wp-content\/uploads\/2024\/12\/HumanFirst.jpeg","type":"image\/jpeg"}],"twitter_card":"summary_large_image","twitter_misc":{"Tempo di lettura stimato":"5 minuti"},"schema":{"@context":"https:\/\/schema.org","@graph":[{"@type":"WebPage","@id":"https:\/\/www.accuratereviews.com\/it\/software-intelligenza-artificiale\/humanfirst-recensione\/","url":"https:\/\/www.accuratereviews.com\/it\/software-intelligenza-artificiale\/humanfirst-recensione\/","name":"HumanFirst: recensione software intelligenza artificiale - Accurate Reviews","isPartOf":{"@id":"https:\/\/www.accuratereviews.com\/it\/#website"},"primaryImageOfPage":{"@id":"https:\/\/www.accuratereviews.com\/it\/software-intelligenza-artificiale\/humanfirst-recensione\/#primaryimage"},"image":{"@id":"https:\/\/www.accuratereviews.com\/it\/software-intelligenza-artificiale\/humanfirst-recensione\/#primaryimage"},"thumbnailUrl":"https:\/\/www.accuratereviews.com\/wp-content\/uploads\/2024\/12\/HumanFirst.jpeg","datePublished":"2024-12-02T21:03:18+00:00","dateModified":"2024-12-03T09:58:52+00:00","description":"HumanFirst: recensione soluzione che trasforma dati di testo e conversazione non strutturati in set di dati di formazione personalizzabili.","breadcrumb":{"@id":"https:\/\/www.accuratereviews.com\/it\/software-intelligenza-artificiale\/humanfirst-recensione\/#breadcrumb"},"inLanguage":"it-IT","potentialAction":[{"@type":"ReadAction","target":["https:\/\/www.accuratereviews.com\/it\/software-intelligenza-artificiale\/humanfirst-recensione\/"]}]},{"@type":"ImageObject","inLanguage":"it-IT","@id":"https:\/\/www.accuratereviews.com\/it\/software-intelligenza-artificiale\/humanfirst-recensione\/#primaryimage","url":"https:\/\/www.accuratereviews.com\/wp-content\/uploads\/2024\/12\/HumanFirst.jpeg","contentUrl":"https:\/\/www.accuratereviews.com\/wp-content\/uploads\/2024\/12\/HumanFirst.jpeg","width":240,"height":200},{"@type":"BreadcrumbList","@id":"https:\/\/www.accuratereviews.com\/it\/software-intelligenza-artificiale\/humanfirst-recensione\/#breadcrumb","itemListElement":[{"@type":"ListItem","position":1,"name":"Home","item":"https:\/\/www.accuratereviews.com\/it\/"},{"@type":"ListItem","position":2,"name":"Software di intelligenza artificiale","item":"https:\/\/www.accuratereviews.com\/it\/software-intelligenza-artificiale\/"},{"@type":"ListItem","position":3,"name":"HumanFirst"}]},{"@type":"WebSite","@id":"https:\/\/www.accuratereviews.com\/it\/#website","url":"https:\/\/www.accuratereviews.com\/it\/","name":"Accurate Reviews","description":"","potentialAction":[{"@type":"SearchAction","target":{"@type":"EntryPoint","urlTemplate":"https:\/\/www.accuratereviews.com\/it\/?s={search_term_string}"},"query-input":{"@type":"PropertyValueSpecification","valueRequired":true,"valueName":"search_term_string"}}],"inLanguage":"it-IT"}]}},"_links":{"self":[{"href":"https:\/\/www.accuratereviews.com\/it\/wp-json\/wp\/v2\/pages\/80799","targetHints":{"allow":["GET"]}}],"collection":[{"href":"https:\/\/www.accuratereviews.com\/it\/wp-json\/wp\/v2\/pages"}],"about":[{"href":"https:\/\/www.accuratereviews.com\/it\/wp-json\/wp\/v2\/types\/page"}],"author":[{"embeddable":true,"href":"https:\/\/www.accuratereviews.com\/it\/wp-json\/wp\/v2\/users\/19"}],"replies":[{"embeddable":true,"href":"https:\/\/www.accuratereviews.com\/it\/wp-json\/wp\/v2\/comments?post=80799"}],"version-history":[{"count":9,"href":"https:\/\/www.accuratereviews.com\/it\/wp-json\/wp\/v2\/pages\/80799\/revisions"}],"predecessor-version":[{"id":80865,"href":"https:\/\/www.accuratereviews.com\/it\/wp-json\/wp\/v2\/pages\/80799\/revisions\/80865"}],"up":[{"embeddable":true,"href":"https:\/\/www.accuratereviews.com\/it\/wp-json\/wp\/v2\/pages\/79864"}],"wp:featuredmedia":[{"embeddable":true,"href":"https:\/\/www.accuratereviews.com\/it\/wp-json\/wp\/v2\/media\/80800"}],"wp:attachment":[{"href":"https:\/\/www.accuratereviews.com\/it\/wp-json\/wp\/v2\/media?parent=80799"}],"wp:term":[{"taxonomy":"category","embeddable":true,"href":"https:\/\/www.accuratereviews.com\/it\/wp-json\/wp\/v2\/categories?post=80799"},{"taxonomy":"post_tag","embeddable":true,"href":"https:\/\/www.accuratereviews.com\/it\/wp-json\/wp\/v2\/tags?post=80799"},{"taxonomy":"features","embeddable":true,"href":"https:\/\/www.accuratereviews.com\/it\/wp-json\/wp\/v2\/features?post=80799"}],"curies":[{"name":"wp","href":"https:\/\/api.w.org\/{rel}","templated":true}]}}