{"id":80856,"date":"2024-12-03T18:30:13","date_gmt":"2024-12-03T18:30:13","guid":{"rendered":"https:\/\/www.accuratereviews.com\/?page_id=80856"},"modified":"2024-12-03T18:30:13","modified_gmt":"2024-12-03T18:30:13","slug":"islucid-recensione","status":"publish","type":"page","link":"https:\/\/www.accuratereviews.com\/it\/software-intelligenza-artificiale\/islucid-recensione\/","title":{"rendered":"isLucid"},"content":{"rendered":"<p><strong>isLucid<\/strong> \u00e8 un <strong>software di gestione delle riunioni<\/strong> per tutti i dipendenti che aiuta a gestire le informazioni e le trascrizioni delle riunioni del software di videoconferenza Microsoft Teams con un <strong>assistente di riunione AI integrato<\/strong>. Le attivit\u00e0 vengono trasferite al software di gestione preferito come Atlassian Jira, Azure DevOps, MS Planner o qualsiasi altro software tramite <strong>Zapier<\/strong>.<br \/>\nDurante le riunioni, consente agli utenti di avere trascrizione vocale in tempo reale, identificazione delle<strong> attivit\u00e0 AI<\/strong> e comandi vocali. Inoltre, gli utenti hanno supporto multilingue con oltre 30 lingue e dialetti. Dopo la riunione, le note automatiche diventano registrazioni come verbali della riunione a cui \u00e8 possibile accedere in qualsiasi momento. Il software di gestione delle riunioni consente di modificare o creare attivit\u00e0 e condividere il documento di riepilogo della riunione generato con i colleghi.<\/p>\n<h2>ISLUCID &#8211; TUTORIAL<\/h2>\n<div id=\"fluid-wrapper-counter-1\" class=\"g1-fluid-wrapper \" style=\"width:686px;\">\n<div style=\"padding-bottom:56.268221574344%;\"><iframe loading=\"lazy\" title=\"isLucid - How to create a task after the meeting\" width=\"686\" height=\"386\" src=\"https:\/\/www.youtube.com\/embed\/Rbe-1I9DFn4?feature=oembed&amp;wmode=transparent&amp;autohide=1&amp;autoplay=0&amp;disablekb=0&amp;fs=1&amp;loop=0&amp;enablejsapi=1&amp;rel=0&amp;controls=2&amp;showinfo=0&amp;wmode=transparent&amp;autohide=2&amp;autoplay=0&amp;disablekb=0&amp;fs=1&amp;loop=0&amp;enablejsapi=1&amp;rel=0&amp;controls=2&amp;showinfo=1\" frameborder=\"0\" allow=\"accelerometer; autoplay; clipboard-write; encrypted-media; gyroscope; picture-in-picture; web-share\" referrerpolicy=\"strict-origin-when-cross-origin\" allowfullscreen><\/iframe><\/div>\n<\/div>\n<h3>ISLUCID &#8211; CARATTERISTICHE<\/h3>\n<ul>\n<li>Trascrizione live isLucid per informazioni sul posto<\/li>\n<li>Cogli i dettagli dalle normali trascrizioni audio<\/li>\n<li>Integrazione con CRM per una relazione solida con i clienti<\/li>\n<li>Ottieni i consigli &#8220;Domanda successiva&#8221; dell&#8217;IA<\/li>\n<li>Estrai informazioni dai riepiloghi<\/li>\n<li>Risposte immediate in movimento<\/li>\n<li>Attivit\u00e0 di indicizzazione delle informazioni mensili<\/li>\n<li>Informazioni settimanali per rimanere al passo con i tempi<\/li>\n<li>Report sicuri che danno priorit\u00e0 alla privacy dei dati<\/li>\n<li>Semplifica la cronologia delle chiamate utilizzando l&#8217;agenda<\/li>\n<li>Comunica a livello globale: parla qualsiasi lingua<\/li>\n<li>Analizza i dati delle chiamate per informazioni sulle interazioni con i clienti<\/li>\n<\/ul>\n<h4>LE RECENSIONI DEGLI UTENTI<\/h4>\n<p><strong>Tanuj &#8220;Mi sono piaciuti molto i comandi vocali per aggiungere un segnalibro!&#8221;<\/strong><br \/>\n<strong>Commenti<\/strong>: Con isLucid potevo essere in riunione, ascoltare e sottolineare i dettagli senza digitare nulla. Questo mi ha fatto risparmiare tempo e ho potuto partecipare alle riunioni mentre guidavo o camminavo.<br \/>\n<strong>Pro<\/strong>: isLucid ha una fantastica funzionalit\u00e0 di task e segnalibri. La cosa sorprendente \u00e8 che puoi aggiungere segnalibri a dettagli importanti semplicemente dicendo &#8220;annotato&#8221; con la voce.<br \/>\n<strong>Contro<\/strong>: Il software a volte dava dei bug durante le riunioni, ma si riprendeva subito. Nel complesso, tutto bene.<\/p>\n<p><strong>Joris &#8220;isLucid render\u00e0 il lavoro del tuo team pi\u00f9 fluido&#8221;<\/strong><br \/>\n<strong>Commenti<\/strong>: Ora non ho bisogno che tutti i dipendenti partecipino alle riunioni o facciano dei follow-up per loro. Ho una riunione con le persone essenziali e poi condivido il riepilogo della riunione con tutti. In questo modo, i dipendenti sono sulla stessa lunghezza d&#8217;onda e rimangono responsabili dei loro compiti.<br \/>\n<strong>Pro<\/strong>: Le funzionalit\u00e0 di isLucid come i segnalibri e i riepiloghi delle riunioni mantengono il team sulla buona strada. Ti consente di accedere e condividere le trascrizioni delle riunioni con chiunque.<br \/>\n<strong>Contro<\/strong>: Al momento non ho riscontrato alcun problema<\/p>\n<p><strong>Andrius &#8220;Utile per migliorare i processi aziendali&#8221;<\/strong><br \/>\n<strong>Commenti<\/strong>: Ho usato isLucid per le mie riunioni di lavoro. Ha aumentato la mia produttivit\u00e0 perch\u00e9 non ho pi\u00f9 dovuto prendere appunti manualmente, svolgere attivit\u00e0 o inserire informazioni nel CRM.<br \/>\n<strong>Pro<\/strong>: \u00c8 molto utile perch\u00e9 isLucid consente una collaborazione adeguata attraverso l&#8217;integrazione con altri software CRM e di gestione progetti.<br \/>\n<strong>Contro<\/strong>: Non ho trovato nulla di negativo nel software<\/p>\n","protected":false},"excerpt":{"rendered":"<p>isLucid \u00e8 un software di gestione delle riunioni per tutti i dipendenti che aiuta a gestire le informazioni e le trascrizioni delle riunioni del software di videoconferenza Microsoft Teams con un assistente di riunione AI integrato. Le attivit\u00e0 vengono trasferite al software di gestione preferito come Atlassian Jira, Azure DevOps, MS Planner o qualsiasi altro software tramite Zapier.<\/p>\n","protected":false},"author":19,"featured_media":80857,"parent":79864,"menu_order":0,"comment_status":"open","ping_status":"closed","template":"g1_template_page_review_new.php","meta":{"_acf_changed":false,"cwp_meta_box_check":"Yes","cwp_rev_product_name":"","cwp_rev_product_image":"","wppr_links":[],"cwp_rev_price":"0.00","wppr_options":[{"name":"Usability","value":"0"},{"name":"Speed","value":"0"},{"name":"Features","value":"0"},{"name":"Support","value":"0"},{"name":"Pricing","value":"0"}],"wppr_pros":["","","","",""],"wppr_cons":["","","","",""],"_monsterinsights_skip_tracking":false,"_monsterinsights_sitenote_active":false,"_monsterinsights_sitenote_note":"","_monsterinsights_sitenote_category":0,"footnotes":""},"categories":[15435],"tags":[997,998,15602,15441,15440,15479,15480],"features":[],"class_list":{"0":"post-80856","1":"page","2":"type-page","3":"status-publish","4":"has-post-thumbnail","6":"category-software-intelligenza-artificiale-cat","7":"tag-ai","8":"tag-intelligenza-artificiale","9":"tag-islucid","10":"tag-piattaforma-intelligenza-artificiale","11":"tag-programma-intelligenza-artificiale","12":"tag-software-intelligenza-artificiale","13":"tag-soluzione-intelligenza-artificiale"},"wppr_data":{"cwp_meta_box_check":"Yes","_wppr_review_template":"default","cwp_rev_product_image":"","cwp_image_link":"image","wppr_links":[],"cwp_rev_price":"0.00","wppr_pros":["","","","",""],"wppr_cons":["","","","",""],"wppr_rating":"0.00","wppr_options":{"1":{"name":"Usability","value":"0"},"2":{"name":"Speed","value":"0"},"3":{"name":"Features","value":"0"},"4":{"name":"Support","value":"0"},"5":{"name":"Pricing","value":"0"}},"wppr_review_type":"Product","wppr_review_custom_fields":{"additionalProperty":"","additionalType":"","aggregateRating":"","alternateName":"","audience":"","award":"","awards":"","brand":"","color":"","depth":"","description":"","disambiguatingDescription":"","gtin12":"","gtin13":"","gtin14":"","gtin8":"","height":"","identifier":"","image":"","isAccessoryOrSparePartFor":"","isConsumableFor":"","isRelatedTo":"","isSimilarTo":"","itemCondition":"","logo":"","mainEntityOfPage":"","manufacturer":"","material":"","model":"","mpn":"","name":"","offers":"","potentialAction":"","productID":"","productionDate":"","purchaseDate":"","releaseDate":"","review":"","reviews":"","sameAs":"","sku":"","slogan":"","subjectOf":"","url":"","weight":"","width":""}},"acf":[],"yoast_head":"<!-- This site is optimized with the Yoast SEO plugin v27.4 - https:\/\/yoast.com\/product\/yoast-seo-wordpress\/ -->\n<title>isLucid: recensione software - Accurate Reviews<\/title>\n<meta name=\"description\" content=\"isLucid: recensione software di gestione delle riunioni per i dipendenti che aiuta a gestire le informazioni e le trascrizioni delle riunioni.\" \/>\n<meta name=\"robots\" content=\"index, follow, max-snippet:-1, max-image-preview:large, max-video-preview:-1\" \/>\n<link rel=\"canonical\" href=\"https:\/\/www.accuratereviews.com\/it\/software-intelligenza-artificiale\/islucid-recensione\/\" \/>\n<meta property=\"og:locale\" content=\"it_IT\" \/>\n<meta property=\"og:type\" content=\"article\" \/>\n<meta property=\"og:title\" content=\"isLucid: recensione software - Accurate Reviews\" \/>\n<meta property=\"og:description\" content=\"isLucid: recensione software di gestione delle riunioni per i dipendenti che aiuta a gestire le informazioni e le trascrizioni delle riunioni.\" \/>\n<meta property=\"og:url\" content=\"https:\/\/www.accuratereviews.com\/it\/software-intelligenza-artificiale\/islucid-recensione\/\" \/>\n<meta property=\"og:site_name\" content=\"Accurate Reviews\" \/>\n<meta property=\"og:image\" content=\"https:\/\/www.accuratereviews.com\/wp-content\/uploads\/2024\/12\/isLucid.png\" \/>\n\t<meta property=\"og:image:width\" content=\"225\" \/>\n\t<meta property=\"og:image:height\" content=\"225\" \/>\n\t<meta property=\"og:image:type\" content=\"image\/png\" \/>\n<meta name=\"twitter:card\" content=\"summary_large_image\" \/>\n<meta name=\"twitter:label1\" content=\"Tempo di lettura stimato\" \/>\n\t<meta name=\"twitter:data1\" content=\"4 minuti\" \/>\n<script type=\"application\/ld+json\" class=\"yoast-schema-graph\">{\"@context\":\"https:\\\/\\\/schema.org\",\"@graph\":[{\"@type\":\"WebPage\",\"@id\":\"https:\\\/\\\/www.accuratereviews.com\\\/it\\\/software-intelligenza-artificiale\\\/islucid-recensione\\\/\",\"url\":\"https:\\\/\\\/www.accuratereviews.com\\\/it\\\/software-intelligenza-artificiale\\\/islucid-recensione\\\/\",\"name\":\"isLucid: recensione software - Accurate Reviews\",\"isPartOf\":{\"@id\":\"https:\\\/\\\/www.accuratereviews.com\\\/it\\\/#website\"},\"primaryImageOfPage\":{\"@id\":\"https:\\\/\\\/www.accuratereviews.com\\\/it\\\/software-intelligenza-artificiale\\\/islucid-recensione\\\/#primaryimage\"},\"image\":{\"@id\":\"https:\\\/\\\/www.accuratereviews.com\\\/it\\\/software-intelligenza-artificiale\\\/islucid-recensione\\\/#primaryimage\"},\"thumbnailUrl\":\"https:\\\/\\\/www.accuratereviews.com\\\/wp-content\\\/uploads\\\/2024\\\/12\\\/isLucid.png\",\"datePublished\":\"2024-12-03T18:30:13+00:00\",\"description\":\"isLucid: recensione software di gestione delle riunioni per i dipendenti che aiuta a gestire le informazioni e le trascrizioni delle riunioni.\",\"breadcrumb\":{\"@id\":\"https:\\\/\\\/www.accuratereviews.com\\\/it\\\/software-intelligenza-artificiale\\\/islucid-recensione\\\/#breadcrumb\"},\"inLanguage\":\"it-IT\",\"potentialAction\":[{\"@type\":\"ReadAction\",\"target\":[\"https:\\\/\\\/www.accuratereviews.com\\\/it\\\/software-intelligenza-artificiale\\\/islucid-recensione\\\/\"]}]},{\"@type\":\"ImageObject\",\"inLanguage\":\"it-IT\",\"@id\":\"https:\\\/\\\/www.accuratereviews.com\\\/it\\\/software-intelligenza-artificiale\\\/islucid-recensione\\\/#primaryimage\",\"url\":\"https:\\\/\\\/www.accuratereviews.com\\\/wp-content\\\/uploads\\\/2024\\\/12\\\/isLucid.png\",\"contentUrl\":\"https:\\\/\\\/www.accuratereviews.com\\\/wp-content\\\/uploads\\\/2024\\\/12\\\/isLucid.png\",\"width\":225,\"height\":225},{\"@type\":\"BreadcrumbList\",\"@id\":\"https:\\\/\\\/www.accuratereviews.com\\\/it\\\/software-intelligenza-artificiale\\\/islucid-recensione\\\/#breadcrumb\",\"itemListElement\":[{\"@type\":\"ListItem\",\"position\":1,\"name\":\"Home\",\"item\":\"https:\\\/\\\/www.accuratereviews.com\\\/it\\\/\"},{\"@type\":\"ListItem\",\"position\":2,\"name\":\"Software di intelligenza artificiale\",\"item\":\"https:\\\/\\\/www.accuratereviews.com\\\/it\\\/software-intelligenza-artificiale\\\/\"},{\"@type\":\"ListItem\",\"position\":3,\"name\":\"isLucid\"}]},{\"@type\":\"WebSite\",\"@id\":\"https:\\\/\\\/www.accuratereviews.com\\\/it\\\/#website\",\"url\":\"https:\\\/\\\/www.accuratereviews.com\\\/it\\\/\",\"name\":\"Accurate Reviews\",\"description\":\"\",\"potentialAction\":[{\"@type\":\"SearchAction\",\"target\":{\"@type\":\"EntryPoint\",\"urlTemplate\":\"https:\\\/\\\/www.accuratereviews.com\\\/it\\\/?s={search_term_string}\"},\"query-input\":{\"@type\":\"PropertyValueSpecification\",\"valueRequired\":true,\"valueName\":\"search_term_string\"}}],\"inLanguage\":\"it-IT\"}]}<\/script>\n<!-- \/ Yoast SEO plugin. -->","yoast_head_json":{"title":"isLucid: recensione software - Accurate Reviews","description":"isLucid: recensione software di gestione delle riunioni per i dipendenti che aiuta a gestire le informazioni e le trascrizioni delle riunioni.","robots":{"index":"index","follow":"follow","max-snippet":"max-snippet:-1","max-image-preview":"max-image-preview:large","max-video-preview":"max-video-preview:-1"},"canonical":"https:\/\/www.accuratereviews.com\/it\/software-intelligenza-artificiale\/islucid-recensione\/","og_locale":"it_IT","og_type":"article","og_title":"isLucid: recensione software - Accurate Reviews","og_description":"isLucid: recensione software di gestione delle riunioni per i dipendenti che aiuta a gestire le informazioni e le trascrizioni delle riunioni.","og_url":"https:\/\/www.accuratereviews.com\/it\/software-intelligenza-artificiale\/islucid-recensione\/","og_site_name":"Accurate Reviews","og_image":[{"width":225,"height":225,"url":"https:\/\/www.accuratereviews.com\/wp-content\/uploads\/2024\/12\/isLucid.png","type":"image\/png"}],"twitter_card":"summary_large_image","twitter_misc":{"Tempo di lettura stimato":"4 minuti"},"schema":{"@context":"https:\/\/schema.org","@graph":[{"@type":"WebPage","@id":"https:\/\/www.accuratereviews.com\/it\/software-intelligenza-artificiale\/islucid-recensione\/","url":"https:\/\/www.accuratereviews.com\/it\/software-intelligenza-artificiale\/islucid-recensione\/","name":"isLucid: recensione software - Accurate Reviews","isPartOf":{"@id":"https:\/\/www.accuratereviews.com\/it\/#website"},"primaryImageOfPage":{"@id":"https:\/\/www.accuratereviews.com\/it\/software-intelligenza-artificiale\/islucid-recensione\/#primaryimage"},"image":{"@id":"https:\/\/www.accuratereviews.com\/it\/software-intelligenza-artificiale\/islucid-recensione\/#primaryimage"},"thumbnailUrl":"https:\/\/www.accuratereviews.com\/wp-content\/uploads\/2024\/12\/isLucid.png","datePublished":"2024-12-03T18:30:13+00:00","description":"isLucid: recensione software di gestione delle riunioni per i dipendenti che aiuta a gestire le informazioni e le trascrizioni delle riunioni.","breadcrumb":{"@id":"https:\/\/www.accuratereviews.com\/it\/software-intelligenza-artificiale\/islucid-recensione\/#breadcrumb"},"inLanguage":"it-IT","potentialAction":[{"@type":"ReadAction","target":["https:\/\/www.accuratereviews.com\/it\/software-intelligenza-artificiale\/islucid-recensione\/"]}]},{"@type":"ImageObject","inLanguage":"it-IT","@id":"https:\/\/www.accuratereviews.com\/it\/software-intelligenza-artificiale\/islucid-recensione\/#primaryimage","url":"https:\/\/www.accuratereviews.com\/wp-content\/uploads\/2024\/12\/isLucid.png","contentUrl":"https:\/\/www.accuratereviews.com\/wp-content\/uploads\/2024\/12\/isLucid.png","width":225,"height":225},{"@type":"BreadcrumbList","@id":"https:\/\/www.accuratereviews.com\/it\/software-intelligenza-artificiale\/islucid-recensione\/#breadcrumb","itemListElement":[{"@type":"ListItem","position":1,"name":"Home","item":"https:\/\/www.accuratereviews.com\/it\/"},{"@type":"ListItem","position":2,"name":"Software di intelligenza artificiale","item":"https:\/\/www.accuratereviews.com\/it\/software-intelligenza-artificiale\/"},{"@type":"ListItem","position":3,"name":"isLucid"}]},{"@type":"WebSite","@id":"https:\/\/www.accuratereviews.com\/it\/#website","url":"https:\/\/www.accuratereviews.com\/it\/","name":"Accurate Reviews","description":"","potentialAction":[{"@type":"SearchAction","target":{"@type":"EntryPoint","urlTemplate":"https:\/\/www.accuratereviews.com\/it\/?s={search_term_string}"},"query-input":{"@type":"PropertyValueSpecification","valueRequired":true,"valueName":"search_term_string"}}],"inLanguage":"it-IT"}]}},"_links":{"self":[{"href":"https:\/\/www.accuratereviews.com\/it\/wp-json\/wp\/v2\/pages\/80856","targetHints":{"allow":["GET"]}}],"collection":[{"href":"https:\/\/www.accuratereviews.com\/it\/wp-json\/wp\/v2\/pages"}],"about":[{"href":"https:\/\/www.accuratereviews.com\/it\/wp-json\/wp\/v2\/types\/page"}],"author":[{"embeddable":true,"href":"https:\/\/www.accuratereviews.com\/it\/wp-json\/wp\/v2\/users\/19"}],"replies":[{"embeddable":true,"href":"https:\/\/www.accuratereviews.com\/it\/wp-json\/wp\/v2\/comments?post=80856"}],"version-history":[{"count":10,"href":"https:\/\/www.accuratereviews.com\/it\/wp-json\/wp\/v2\/pages\/80856\/revisions"}],"predecessor-version":[{"id":80898,"href":"https:\/\/www.accuratereviews.com\/it\/wp-json\/wp\/v2\/pages\/80856\/revisions\/80898"}],"up":[{"embeddable":true,"href":"https:\/\/www.accuratereviews.com\/it\/wp-json\/wp\/v2\/pages\/79864"}],"wp:featuredmedia":[{"embeddable":true,"href":"https:\/\/www.accuratereviews.com\/it\/wp-json\/wp\/v2\/media\/80857"}],"wp:attachment":[{"href":"https:\/\/www.accuratereviews.com\/it\/wp-json\/wp\/v2\/media?parent=80856"}],"wp:term":[{"taxonomy":"category","embeddable":true,"href":"https:\/\/www.accuratereviews.com\/it\/wp-json\/wp\/v2\/categories?post=80856"},{"taxonomy":"post_tag","embeddable":true,"href":"https:\/\/www.accuratereviews.com\/it\/wp-json\/wp\/v2\/tags?post=80856"},{"taxonomy":"features","embeddable":true,"href":"https:\/\/www.accuratereviews.com\/it\/wp-json\/wp\/v2\/features?post=80856"}],"curies":[{"name":"wp","href":"https:\/\/api.w.org\/{rel}","templated":true}]}}