{"id":80924,"date":"2024-12-05T17:45:56","date_gmt":"2024-12-05T17:45:56","guid":{"rendered":"https:\/\/www.accuratereviews.com\/?page_id=80924"},"modified":"2024-12-05T17:45:56","modified_gmt":"2024-12-05T17:45:56","slug":"toggle-recensione","status":"publish","type":"page","link":"https:\/\/www.accuratereviews.com\/it\/software-intelligenza-artificiale\/toggle-recensione\/","title":{"rendered":"Toggle"},"content":{"rendered":"<p><strong>Toggle<\/strong> \u00e8 un <strong>software di analisi finanziaria<\/strong>, basato sia su <strong>cloud<\/strong> che sull<strong>&#8216;intelligenza artificiale<\/strong>, progettato per aiutare le aziende a monitorare i dati di mercato in tempo reale e ottenere informazioni su investimenti e opportunit\u00e0. Le funzionalit\u00e0 includono visualizzazione dei dati, elaborazione del linguaggio naturale, creazione di portafogli, avvisi email, due diligence degli asset e analoghi passati. Utilizzando lo strumento di <strong>creazione di grafici <\/strong>gli utenti possono ritagliare le immagini per scoprire livelli o modelli visivi dei cambiamenti di mercato e utilizzare i dati storici per prevedere le tendenze future.<br \/>\nCon la<strong> dashboard del portafoglio<\/strong>, i team finanziari possono ricevere aggiornamenti giornalieri su partecipazioni o asset importanti e avvisi sulle vulnerabilit\u00e0 del portafoglio. I professionisti della finanza possono anche ordinare le informazioni in base a classe di asset, area geografica, settore o tema. Integrato con pi\u00f9 piattaforme di investimento aiuta gli investitori a monitorare le metriche di valutazione delle azioni, gli indicatori tecnici, i rendimenti obbligazionari, i fondamentali, la macroeconomia e altro ancora.<\/p>\n<h2><a href=\"https:\/\/www.accuratereviews.com\/wp-content\/uploads\/2024\/12\/Screenshot-2024-12-05-alle-10.42.15.png\"><img loading=\"lazy\" decoding=\"async\" class=\"aligncenter wp-image-80962 size-full\" src=\"https:\/\/www.accuratereviews.com\/wp-content\/uploads\/2024\/12\/Screenshot-2024-12-05-alle-10.42.15.png\" alt=\"\" width=\"2078\" height=\"1308\" srcset=\"https:\/\/www.accuratereviews.com\/wp-content\/uploads\/2024\/12\/Screenshot-2024-12-05-alle-10.42.15.png 2078w, https:\/\/www.accuratereviews.com\/wp-content\/uploads\/2024\/12\/Screenshot-2024-12-05-alle-10.42.15-300x189.png 300w, https:\/\/www.accuratereviews.com\/wp-content\/uploads\/2024\/12\/Screenshot-2024-12-05-alle-10.42.15-1024x645.png 1024w, https:\/\/www.accuratereviews.com\/wp-content\/uploads\/2024\/12\/Screenshot-2024-12-05-alle-10.42.15-768x483.png 768w, https:\/\/www.accuratereviews.com\/wp-content\/uploads\/2024\/12\/Screenshot-2024-12-05-alle-10.42.15-1536x967.png 1536w, https:\/\/www.accuratereviews.com\/wp-content\/uploads\/2024\/12\/Screenshot-2024-12-05-alle-10.42.15-2048x1289.png 2048w, https:\/\/www.accuratereviews.com\/wp-content\/uploads\/2024\/12\/Screenshot-2024-12-05-alle-10.42.15-50x31.png 50w, https:\/\/www.accuratereviews.com\/wp-content\/uploads\/2024\/12\/Screenshot-2024-12-05-alle-10.42.15-199x125.png 199w, https:\/\/www.accuratereviews.com\/wp-content\/uploads\/2024\/12\/Screenshot-2024-12-05-alle-10.42.15-968x609.png 968w, https:\/\/www.accuratereviews.com\/wp-content\/uploads\/2024\/12\/Screenshot-2024-12-05-alle-10.42.15-636x400.png 636w, https:\/\/www.accuratereviews.com\/wp-content\/uploads\/2024\/12\/Screenshot-2024-12-05-alle-10.42.15-320x201.png 320w, https:\/\/www.accuratereviews.com\/wp-content\/uploads\/2024\/12\/Screenshot-2024-12-05-alle-10.42.15-239x150.png 239w\" sizes=\"auto, (max-width: 2078px) 100vw, 2078px\" \/><\/a><\/h2>\n<h2>TOGGLE &#8211; CARATTERISTICHE<\/h2>\n<ul>\n<li>Offre un laboratorio personale, dove puoi mettere alla prova tutte le tue ipotesi usando un linguaggio naturale e semplice. Puoi testare 40.000 asset o persino porre domande su gruppi di asset, senza dover mai scrivere codice o aprire un foglio di calcolo. Basta porre una domanda e mettere la soluzione al lavoro.<\/li>\n<li>Ognuna delle 40.000 asset ha un hub centrale che offre una vista dall&#8217;alto. Asset Overview ti offre una rapida descrizione di cosa sta succedendo con qualsiasi asset. Sarai in grado di vedere Knowledge Graph-driven Insights, News Insights, qualsiasi esposizione geografica e altro ancora.<\/li>\n<li>Invece di pensare a quali passaggi devi compiere per ottenere un risultato, l&#8217;interfaccia del software determina la migliore visualizzazione per la tua analisi. Partendo da una domanda posta in un linguaggio semplice e naturale il programma caricher\u00e0 immediatamente le analisi pi\u00f9 appropriate per rispondere alle tue domande. Puoi vedere un grafico a linee, un grafico a barre, una distribuzione di probabilit\u00e0 o un semplice risultato di testo e immergerti nell&#8217;analisi.<\/li>\n<li>Offre agli utenti un vantaggio di livello istituzionale e supportato dai dati. Testa all&#8217;istante le ipotesi di mercato, esamina tutti i titoli ed esplora le relazioni nascoste tra le organizzazioni.<\/li>\n<li>Questa potente mappa di informazioni alimenta l&#8217;intera esperienza del software. Scopri esposizioni, fornitori, aree geografiche e connessioni che altri investitori e gestori di portafoglio potrebbero trascurare.<\/li>\n<li>Sviluppato attorno a modelli linguistici, offrendo agli investitori un&#8217;esperienza utente fluida e intuitiva in cui pongono domande in un linguaggio semplice e ricevono risposte immediate e supportate dai dati.<\/li>\n<\/ul>\n<h3>LE RECENSIONI DEGLI UTENTI<\/h3>\n<p><strong>Nadine &#8220;Pro e contro&#8221;<\/strong><br \/>\n<strong>Pro<\/strong>: \u00c8 stato facile da configurare e utilizzare. Facile da navigare<br \/>\n<strong>Contro<\/strong>: Ha cancellato i miei orari per il mio progetto. Non so come.<\/p>\n<p><strong>Enrique &#8220;Non male per cominciare&#8221;<\/strong><br \/>\n<strong>Commenti<\/strong>: L&#8217;esperienza complessiva non \u00e8 male nonostante i limiti. \u00c8 facile da usare e ti aiuta a iniziare a vedere dove vuoi andare.<br \/>\n<strong>Pro<\/strong>: \u00c8 molto facile da usare fin dall&#8217;inizio, permettendoti di conoscere le informazioni di base e le ore che trascorri lavorando.<br \/>\n<strong>Contro<\/strong>: I limiti sono immediatamente evidenti, ma vengono meno man mano che la tua attivit\u00e0 cresce. Non \u00e8 male all&#8217;inizio, ma il progetto deve evolversi molto rapidamente.<\/p>\n<p><strong>Catherine &#8220;Toggle recensione&#8221;<\/strong><br \/>\n<strong>Commenti<\/strong>: L&#8217;app \u00e8 molto utile per i suoi utenti target, il che la rende una buona app. Pu\u00f2 essere usata da molti perch\u00e9 \u00e8 facile da usare. Nel complesso, l&#8217;app merita una buona valutazione.<br \/>\n<strong>Pro<\/strong>: L&#8217;app \u00e8 disponibile per i cellulari sia iOS che Android, ed \u00e8 accessibile anche sul web! L&#8217;interfaccia utente dell&#8217;app \u00e8 intuitiva, quindi \u00e8 facile da usare. Utilizza pulsanti universali e comuni.<br \/>\n<strong>Contro<\/strong>: Il design deve essere migliorato.<\/p>\n","protected":false},"excerpt":{"rendered":"<p>Toggle \u00e8 un software di analisi finanziaria, basato sia su cloud che sull&#8217;intelligenza artificiale, progettato per aiutare le aziende a monitorare i dati di mercato in tempo reale e ottenere informazioni su investimenti e opportunit\u00e0. Le funzionalit\u00e0 includono visualizzazione dei dati, elaborazione del linguaggio naturale, creazione di portafogli, avvisi email, due diligence degli asset e analoghi passati.<\/p>\n","protected":false},"author":19,"featured_media":80940,"parent":79864,"menu_order":0,"comment_status":"open","ping_status":"closed","template":"g1_template_page_review_new.php","meta":{"_acf_changed":false,"cwp_meta_box_check":"No","cwp_rev_product_name":"","cwp_rev_product_image":"","wppr_links":[],"cwp_rev_price":"","wppr_options":[],"wppr_pros":[],"wppr_cons":[],"_monsterinsights_skip_tracking":false,"_monsterinsights_sitenote_active":false,"_monsterinsights_sitenote_note":"","_monsterinsights_sitenote_category":0,"footnotes":""},"categories":[15435],"tags":[997,998,15441,15440,15479,15480,15604],"features":[],"class_list":{"0":"post-80924","1":"page","2":"type-page","3":"status-publish","4":"has-post-thumbnail","6":"category-software-intelligenza-artificiale-cat","7":"tag-ai","8":"tag-intelligenza-artificiale","9":"tag-piattaforma-intelligenza-artificiale","10":"tag-programma-intelligenza-artificiale","11":"tag-software-intelligenza-artificiale","12":"tag-soluzione-intelligenza-artificiale","13":"tag-toggle"},"wppr_data":{"cwp_meta_box_check":"No"},"acf":[],"yoast_head":"<!-- This site is optimized with the Yoast SEO plugin v27.4 - https:\/\/yoast.com\/product\/yoast-seo-wordpress\/ -->\n<title>Toggle: recensione software intelligenza artificiale - Accurate Reviews<\/title>\n<meta name=\"description\" content=\"Toggle: recensione software di analisi finanziaria basato sia su cloud che sull&#039;intelligenza artificiale per monitorare i dati in tempo reale.\" \/>\n<meta name=\"robots\" content=\"index, follow, max-snippet:-1, max-image-preview:large, max-video-preview:-1\" \/>\n<link rel=\"canonical\" href=\"https:\/\/www.accuratereviews.com\/it\/software-intelligenza-artificiale\/toggle-recensione\/\" \/>\n<meta property=\"og:locale\" content=\"it_IT\" \/>\n<meta property=\"og:type\" content=\"article\" \/>\n<meta property=\"og:title\" content=\"Toggle: recensione software intelligenza artificiale - Accurate Reviews\" \/>\n<meta property=\"og:description\" content=\"Toggle: recensione software di analisi finanziaria basato sia su cloud che sull&#039;intelligenza artificiale per monitorare i dati in tempo reale.\" \/>\n<meta property=\"og:url\" content=\"https:\/\/www.accuratereviews.com\/it\/software-intelligenza-artificiale\/toggle-recensione\/\" \/>\n<meta property=\"og:site_name\" content=\"Accurate Reviews\" \/>\n<meta property=\"og:image\" content=\"https:\/\/www.accuratereviews.com\/wp-content\/uploads\/2024\/12\/Screenshot-2024-12-05-alle-09.25.32.png\" \/>\n\t<meta property=\"og:image:width\" content=\"674\" \/>\n\t<meta property=\"og:image:height\" content=\"230\" \/>\n\t<meta property=\"og:image:type\" content=\"image\/png\" \/>\n<meta name=\"twitter:card\" content=\"summary_large_image\" \/>\n<meta name=\"twitter:label1\" content=\"Tempo di lettura stimato\" \/>\n\t<meta name=\"twitter:data1\" content=\"5 minuti\" \/>\n<script type=\"application\/ld+json\" class=\"yoast-schema-graph\">{\"@context\":\"https:\\\/\\\/schema.org\",\"@graph\":[{\"@type\":\"WebPage\",\"@id\":\"https:\\\/\\\/www.accuratereviews.com\\\/it\\\/software-intelligenza-artificiale\\\/toggle-recensione\\\/\",\"url\":\"https:\\\/\\\/www.accuratereviews.com\\\/it\\\/software-intelligenza-artificiale\\\/toggle-recensione\\\/\",\"name\":\"Toggle: recensione software intelligenza artificiale - Accurate Reviews\",\"isPartOf\":{\"@id\":\"https:\\\/\\\/www.accuratereviews.com\\\/it\\\/#website\"},\"primaryImageOfPage\":{\"@id\":\"https:\\\/\\\/www.accuratereviews.com\\\/it\\\/software-intelligenza-artificiale\\\/toggle-recensione\\\/#primaryimage\"},\"image\":{\"@id\":\"https:\\\/\\\/www.accuratereviews.com\\\/it\\\/software-intelligenza-artificiale\\\/toggle-recensione\\\/#primaryimage\"},\"thumbnailUrl\":\"https:\\\/\\\/www.accuratereviews.com\\\/wp-content\\\/uploads\\\/2024\\\/12\\\/Screenshot-2024-12-05-alle-09.25.32.png\",\"datePublished\":\"2024-12-05T17:45:56+00:00\",\"description\":\"Toggle: recensione software di analisi finanziaria basato sia su cloud che sull'intelligenza artificiale per monitorare i dati in tempo reale.\",\"breadcrumb\":{\"@id\":\"https:\\\/\\\/www.accuratereviews.com\\\/it\\\/software-intelligenza-artificiale\\\/toggle-recensione\\\/#breadcrumb\"},\"inLanguage\":\"it-IT\",\"potentialAction\":[{\"@type\":\"ReadAction\",\"target\":[\"https:\\\/\\\/www.accuratereviews.com\\\/it\\\/software-intelligenza-artificiale\\\/toggle-recensione\\\/\"]}]},{\"@type\":\"ImageObject\",\"inLanguage\":\"it-IT\",\"@id\":\"https:\\\/\\\/www.accuratereviews.com\\\/it\\\/software-intelligenza-artificiale\\\/toggle-recensione\\\/#primaryimage\",\"url\":\"https:\\\/\\\/www.accuratereviews.com\\\/wp-content\\\/uploads\\\/2024\\\/12\\\/Screenshot-2024-12-05-alle-09.25.32.png\",\"contentUrl\":\"https:\\\/\\\/www.accuratereviews.com\\\/wp-content\\\/uploads\\\/2024\\\/12\\\/Screenshot-2024-12-05-alle-09.25.32.png\",\"width\":674,\"height\":230},{\"@type\":\"BreadcrumbList\",\"@id\":\"https:\\\/\\\/www.accuratereviews.com\\\/it\\\/software-intelligenza-artificiale\\\/toggle-recensione\\\/#breadcrumb\",\"itemListElement\":[{\"@type\":\"ListItem\",\"position\":1,\"name\":\"Home\",\"item\":\"https:\\\/\\\/www.accuratereviews.com\\\/it\\\/\"},{\"@type\":\"ListItem\",\"position\":2,\"name\":\"Software di intelligenza artificiale\",\"item\":\"https:\\\/\\\/www.accuratereviews.com\\\/it\\\/software-intelligenza-artificiale\\\/\"},{\"@type\":\"ListItem\",\"position\":3,\"name\":\"Toggle\"}]},{\"@type\":\"WebSite\",\"@id\":\"https:\\\/\\\/www.accuratereviews.com\\\/it\\\/#website\",\"url\":\"https:\\\/\\\/www.accuratereviews.com\\\/it\\\/\",\"name\":\"Accurate Reviews\",\"description\":\"\",\"potentialAction\":[{\"@type\":\"SearchAction\",\"target\":{\"@type\":\"EntryPoint\",\"urlTemplate\":\"https:\\\/\\\/www.accuratereviews.com\\\/it\\\/?s={search_term_string}\"},\"query-input\":{\"@type\":\"PropertyValueSpecification\",\"valueRequired\":true,\"valueName\":\"search_term_string\"}}],\"inLanguage\":\"it-IT\"}]}<\/script>\n<!-- \/ Yoast SEO plugin. -->","yoast_head_json":{"title":"Toggle: recensione software intelligenza artificiale - Accurate Reviews","description":"Toggle: recensione software di analisi finanziaria basato sia su cloud che sull'intelligenza artificiale per monitorare i dati in tempo reale.","robots":{"index":"index","follow":"follow","max-snippet":"max-snippet:-1","max-image-preview":"max-image-preview:large","max-video-preview":"max-video-preview:-1"},"canonical":"https:\/\/www.accuratereviews.com\/it\/software-intelligenza-artificiale\/toggle-recensione\/","og_locale":"it_IT","og_type":"article","og_title":"Toggle: recensione software intelligenza artificiale - Accurate Reviews","og_description":"Toggle: recensione software di analisi finanziaria basato sia su cloud che sull'intelligenza artificiale per monitorare i dati in tempo reale.","og_url":"https:\/\/www.accuratereviews.com\/it\/software-intelligenza-artificiale\/toggle-recensione\/","og_site_name":"Accurate Reviews","og_image":[{"width":674,"height":230,"url":"https:\/\/www.accuratereviews.com\/wp-content\/uploads\/2024\/12\/Screenshot-2024-12-05-alle-09.25.32.png","type":"image\/png"}],"twitter_card":"summary_large_image","twitter_misc":{"Tempo di lettura stimato":"5 minuti"},"schema":{"@context":"https:\/\/schema.org","@graph":[{"@type":"WebPage","@id":"https:\/\/www.accuratereviews.com\/it\/software-intelligenza-artificiale\/toggle-recensione\/","url":"https:\/\/www.accuratereviews.com\/it\/software-intelligenza-artificiale\/toggle-recensione\/","name":"Toggle: recensione software intelligenza artificiale - Accurate Reviews","isPartOf":{"@id":"https:\/\/www.accuratereviews.com\/it\/#website"},"primaryImageOfPage":{"@id":"https:\/\/www.accuratereviews.com\/it\/software-intelligenza-artificiale\/toggle-recensione\/#primaryimage"},"image":{"@id":"https:\/\/www.accuratereviews.com\/it\/software-intelligenza-artificiale\/toggle-recensione\/#primaryimage"},"thumbnailUrl":"https:\/\/www.accuratereviews.com\/wp-content\/uploads\/2024\/12\/Screenshot-2024-12-05-alle-09.25.32.png","datePublished":"2024-12-05T17:45:56+00:00","description":"Toggle: recensione software di analisi finanziaria basato sia su cloud che sull'intelligenza artificiale per monitorare i dati in tempo reale.","breadcrumb":{"@id":"https:\/\/www.accuratereviews.com\/it\/software-intelligenza-artificiale\/toggle-recensione\/#breadcrumb"},"inLanguage":"it-IT","potentialAction":[{"@type":"ReadAction","target":["https:\/\/www.accuratereviews.com\/it\/software-intelligenza-artificiale\/toggle-recensione\/"]}]},{"@type":"ImageObject","inLanguage":"it-IT","@id":"https:\/\/www.accuratereviews.com\/it\/software-intelligenza-artificiale\/toggle-recensione\/#primaryimage","url":"https:\/\/www.accuratereviews.com\/wp-content\/uploads\/2024\/12\/Screenshot-2024-12-05-alle-09.25.32.png","contentUrl":"https:\/\/www.accuratereviews.com\/wp-content\/uploads\/2024\/12\/Screenshot-2024-12-05-alle-09.25.32.png","width":674,"height":230},{"@type":"BreadcrumbList","@id":"https:\/\/www.accuratereviews.com\/it\/software-intelligenza-artificiale\/toggle-recensione\/#breadcrumb","itemListElement":[{"@type":"ListItem","position":1,"name":"Home","item":"https:\/\/www.accuratereviews.com\/it\/"},{"@type":"ListItem","position":2,"name":"Software di intelligenza artificiale","item":"https:\/\/www.accuratereviews.com\/it\/software-intelligenza-artificiale\/"},{"@type":"ListItem","position":3,"name":"Toggle"}]},{"@type":"WebSite","@id":"https:\/\/www.accuratereviews.com\/it\/#website","url":"https:\/\/www.accuratereviews.com\/it\/","name":"Accurate Reviews","description":"","potentialAction":[{"@type":"SearchAction","target":{"@type":"EntryPoint","urlTemplate":"https:\/\/www.accuratereviews.com\/it\/?s={search_term_string}"},"query-input":{"@type":"PropertyValueSpecification","valueRequired":true,"valueName":"search_term_string"}}],"inLanguage":"it-IT"}]}},"_links":{"self":[{"href":"https:\/\/www.accuratereviews.com\/it\/wp-json\/wp\/v2\/pages\/80924","targetHints":{"allow":["GET"]}}],"collection":[{"href":"https:\/\/www.accuratereviews.com\/it\/wp-json\/wp\/v2\/pages"}],"about":[{"href":"https:\/\/www.accuratereviews.com\/it\/wp-json\/wp\/v2\/types\/page"}],"author":[{"embeddable":true,"href":"https:\/\/www.accuratereviews.com\/it\/wp-json\/wp\/v2\/users\/19"}],"replies":[{"embeddable":true,"href":"https:\/\/www.accuratereviews.com\/it\/wp-json\/wp\/v2\/comments?post=80924"}],"version-history":[{"count":13,"href":"https:\/\/www.accuratereviews.com\/it\/wp-json\/wp\/v2\/pages\/80924\/revisions"}],"predecessor-version":[{"id":80989,"href":"https:\/\/www.accuratereviews.com\/it\/wp-json\/wp\/v2\/pages\/80924\/revisions\/80989"}],"up":[{"embeddable":true,"href":"https:\/\/www.accuratereviews.com\/it\/wp-json\/wp\/v2\/pages\/79864"}],"wp:featuredmedia":[{"embeddable":true,"href":"https:\/\/www.accuratereviews.com\/it\/wp-json\/wp\/v2\/media\/80940"}],"wp:attachment":[{"href":"https:\/\/www.accuratereviews.com\/it\/wp-json\/wp\/v2\/media?parent=80924"}],"wp:term":[{"taxonomy":"category","embeddable":true,"href":"https:\/\/www.accuratereviews.com\/it\/wp-json\/wp\/v2\/categories?post=80924"},{"taxonomy":"post_tag","embeddable":true,"href":"https:\/\/www.accuratereviews.com\/it\/wp-json\/wp\/v2\/tags?post=80924"},{"taxonomy":"features","embeddable":true,"href":"https:\/\/www.accuratereviews.com\/it\/wp-json\/wp\/v2\/features?post=80924"}],"curies":[{"name":"wp","href":"https:\/\/api.w.org\/{rel}","templated":true}]}}