{"id":80995,"date":"2024-12-06T14:22:03","date_gmt":"2024-12-06T14:22:03","guid":{"rendered":"https:\/\/www.accuratereviews.com\/?page_id=80995"},"modified":"2024-12-06T14:22:03","modified_gmt":"2024-12-06T14:22:03","slug":"dataiku-recensione","status":"publish","type":"page","link":"https:\/\/www.accuratereviews.com\/it\/software-intelligenza-artificiale\/dataiku-recensione\/","title":{"rendered":"Dataiku DSS"},"content":{"rendered":"<p><strong>Dataiku DSS<\/strong>\u00a0\u00e8 una <strong>piattaforma dati<\/strong> che permette di utilizzare tecnologie di <strong>intelligenza artificiale<\/strong> e <strong>apprendimento automatico<\/strong> per preparare, visualizzare, monitorare e distribuire set di dati. Consente agli utenti di rilevare, connettere e unificare automaticamente tutte le fonti di dati su una piattaforma centralizzata.<br \/>\nLe funzionalit\u00e0 principali di <strong>Dataiku DSS<\/strong> includono esplorazione dei dati, preparazione dei dati, distribuzione del modello, condivisione delle conoscenze e gestione delle modifiche. Consente agli utenti di ottenere informazioni sui set di dati tramite statistiche, creare visualizzazioni personalizzate utilizzando un&#8217;interfaccia drag-and-drop e condividere report con tutte le parti interessate.<br \/>\nInoltre, fornisce uno strumento di organizzazione integrato, che consente agli analisti di gestire attivit\u00e0, attivare policy, automatizzare flussi di lavoro e altro ancora. Gli utenti possono gestire un catalogo di attivit\u00e0 sui dati e organizzarle in progetti identificati, consentendo ai membri del team di accedere rapidamente a informazioni specifiche utilizzando la funzionalit\u00e0 di ricerca.<\/p>\n<h2>DATAIKU DSS &#8211; TUTORIAL<\/h2>\n<div id=\"fluid-wrapper-counter-1\" class=\"g1-fluid-wrapper \" style=\"width:686px;\">\n<div style=\"padding-bottom:56.268221574344%;\"><iframe loading=\"lazy\" title=\"Dataiku Demo: Gartner Data Science &amp; ML Bake-Off 2023\" width=\"686\" height=\"386\" src=\"https:\/\/www.youtube.com\/embed\/v02NBdyDYB0?feature=oembed&amp;wmode=transparent&amp;autohide=1&amp;autoplay=0&amp;disablekb=0&amp;fs=1&amp;loop=0&amp;enablejsapi=1&amp;rel=0&amp;controls=2&amp;showinfo=0&amp;wmode=transparent&amp;autohide=2&amp;autoplay=0&amp;disablekb=0&amp;fs=1&amp;loop=0&amp;enablejsapi=1&amp;rel=0&amp;controls=2&amp;showinfo=1\" frameborder=\"0\" allow=\"accelerometer; autoplay; clipboard-write; encrypted-media; gyroscope; picture-in-picture; web-share\" referrerpolicy=\"strict-origin-when-cross-origin\" allowfullscreen><\/iframe><\/div>\n<\/div>\n<h3>DATAIKU DSS &#8211; CARATTERISTICHE<\/h3>\n<ul>\n<li><strong>Comprendi la demografia e il mix di prodotti del tuo portafoglio<\/strong>: integra in un flusso di lavoro di allocazione del marketing mix semplificato abbinato a un mix di prodotti del portafoglio clienti migliorato e a informazioni sui dati sui ricavi. Dividi per segmento e annata per accedere a un&#8217;analisi rapida e completa dei clienti.<\/li>\n<li><strong>Prevedi i guadagni di fatturato<\/strong>: comprendi facilmente il potenziale di fatturato di ogni campagna di cross-selling di prodotti e l&#8217;analisi a livello di cliente del portafoglio prodotti. Assegna in modo pi\u00f9 preciso ed efficiente la spesa di marketing insieme a stime potenti dei ricavi dei clienti e delle campagne.<\/li>\n<li><strong>Stima migliore del ROI di marketing<\/strong>: ottimizza le campagne di marketing con modelli ML completamente spiegabili. Genera elenchi di clienti mirati per coinvolgere campagne specifiche, misurando la probabilit\u00e0 di acquisto e l&#8217;aumento di fatturato previsto, aggiungendo precisione al ROI di marketing.<\/li>\n<li><strong>Abilita le raccomandazioni NBO:<\/strong> con l&#8217;estensione Advisor, incorpora raccomandazioni consapevoli del contesto in CRM e altre applicazioni aziendali. Fornisci ai team di vendita e consulenza rivolti ai clienti l&#8217;accesso diretto alle giuste informazioni e assicurati un impatto diretto sulle azioni quotidiane.<\/li>\n<li><strong>Integra i controlli di equit\u00e0 nei modelli NBO<\/strong>: governa e analizza l&#8217;equit\u00e0 del tuo modello nel tempo con semplici diagnosi e un framework di intelligenza artificiale responsabile (RAI). Sfrutta il framework per integrare rapidamente i controlli nell&#8217;intero processo.<\/li>\n<li><strong>Costruisci e scala con sicurezza:<\/strong> accelera l&#8217;adozione aziendale e la scalabilit\u00e0 tra attivit\u00e0, marchi e aree geografiche. Abbi piena fiducia in ogni fase del processo tramite l&#8217;ampia documentazione della soluzione, il codice completamente aperto, abbinato a strumenti diagnostici integrati.<\/li>\n<li><strong>Acquisisci facilmente dati di revisione storici<\/strong>: inserisci dati da diverse fonti e aggrega le recensioni dei clienti. Rileva automaticamente la lingua del testo ed esegui controlli ortografici automatici. Combina i modelli NLP tradizionali e GenAI per generare approfondimenti<\/li>\n<li><strong>Analizza varie recensioni di prodotti e servizi nel tempo<\/strong>: esplora le recensioni tramite una serie di dashboard interattive e predefinite. Filtra per ID prodotto o servizio o categoria di prodotto per analizzare le valutazioni dei prodotti nel tempo e per paese.<\/li>\n<li><strong>Scopri come i clienti descrivono i tuoi prodotti e servizi:<\/strong> esplora le recensioni su categorie di prodotti o SKU specifiche. Seleziona un prodotto e ottieni un elenco delle parole chiave pi\u00f9 popolari che i clienti usano per descriverlo.<\/li>\n<\/ul>\n<h4>LE RECENSIONI DEGLI UTENTI<\/h4>\n<p><strong>Jaimy &#8220;DataIku sta semplificando la vita&#8221;<\/strong><br \/>\n<strong>Pro<\/strong>: Semplifica davvero la tua vita e quella del tuo team! Il pi\u00f9 grande vantaggio di questo programma \u00e8 la visibilit\u00e0 e il disordine. Il problema pi\u00f9 grande che affrontavo era avere file dappertutto e rapporti dappertutto. Ora possono essere realizzati pi\u00f9 rapidamente che mai.<br \/>\n<strong>Contro<\/strong>: Personalmente, la quantit\u00e0 di opzioni pu\u00f2 essere travolgente. Fortunatamente, Dataiku offre video di apprendimento su come utilizzare la piattaforma, che consiglio vivamente a tutti di guardare prima di immergersi in questa piattaforma. Tuttavia, come accennato in precedenza, \u00e8 facile perdersi nella quantit\u00e0 di opzioni disponibili.<\/p>\n<p><strong>Attila &#8220;Modifica e trasformazione dei dati&#8221;<\/strong><br \/>\n<strong>Pro<\/strong>: L&#8217;interfaccia intuitiva consente agli utenti non tecnici di creare facilmente i propri flussi\/infrastrutture e automatizzare i processi. Supporta anche pi\u00f9 lingue.<br \/>\n<strong>Contro<\/strong>: Alcune funzionalit\u00e0 avanzate all&#8217;interno di DI potrebbero comunque richiedere una solida conoscenza dei concetti di scienza dei dati e capacit\u00e0 di programmazione.<\/p>\n<p><strong>Grishma &#8220;Recensione per la piattaforma Dataiku&#8221;<\/strong><br \/>\n<strong>Commenti<\/strong>: L&#8217;esperienza complessiva \u00e8 ottima perch\u00e9 \u00e8 una buona piattaforma per data scientist, analisti di dati e ricercatori. Ha funzionalit\u00e0 ML e AI.<br \/>\n<strong>Pro<\/strong>: Il flusso nel Dataiku descrive facilmente il flusso del processo del progetto. Scenari e trigger sono disponibili per il processo di automazione. La modellazione \u00e8 pi\u00f9 semplice e mostra le convalide insieme ai risultati. Le visualizzazioni di base possono essere eseguite anche in Dataiku.<br \/>\n<strong>Contro<\/strong>: A volte presenta complessit\u00e0 nella creazione di applicazioni web e nell&#8217;integrazione con altri strumenti.<\/p>\n","protected":false},"excerpt":{"rendered":"<p>Dataiku DSS\u00a0\u00e8 una piattaforma dati che permette di utilizzare tecnologie di intelligenza artificiale e apprendimento automatico per preparare, visualizzare, monitorare e distribuire set di dati. Consente agli utenti di rilevare, connettere e unificare automaticamente tutte le fonti di dati su una piattaforma centralizzata.<\/p>\n","protected":false},"author":19,"featured_media":80996,"parent":79864,"menu_order":0,"comment_status":"open","ping_status":"closed","template":"g1_template_page_review_new.php","meta":{"_acf_changed":false,"cwp_meta_box_check":"No","cwp_rev_product_name":"","cwp_rev_product_image":"","wppr_links":[],"cwp_rev_price":"","wppr_options":[],"wppr_pros":[],"wppr_cons":[],"_monsterinsights_skip_tracking":false,"_monsterinsights_sitenote_active":false,"_monsterinsights_sitenote_note":"","_monsterinsights_sitenote_category":0,"footnotes":""},"categories":[15435],"tags":[997,15618,998,15441,15619,15479,15480],"features":[],"class_list":{"0":"post-80995","1":"page","2":"type-page","3":"status-publish","4":"has-post-thumbnail","6":"category-software-intelligenza-artificiale-cat","7":"tag-ai","8":"tag-dataiku","9":"tag-intelligenza-artificiale","10":"tag-piattaforma-intelligenza-artificiale","11":"tag-programma-intelligenza-articiale","12":"tag-software-intelligenza-artificiale","13":"tag-soluzione-intelligenza-artificiale"},"wppr_data":{"cwp_meta_box_check":"No"},"acf":[],"yoast_head":"<!-- This site is optimized with the Yoast SEO plugin v27.4 - https:\/\/yoast.com\/product\/yoast-seo-wordpress\/ -->\n<title>Dataiku DSS: recensione software intelligenza artificiale - Accurate Reviews<\/title>\n<meta name=\"description\" content=\"Dataiku DSS: recensione\u00a0piattaforma dati che permette di utilizzare tecnologie di intelligenza artificiale e apprendimento automatico.\" \/>\n<meta name=\"robots\" content=\"index, follow, max-snippet:-1, max-image-preview:large, max-video-preview:-1\" \/>\n<link rel=\"canonical\" href=\"https:\/\/www.accuratereviews.com\/it\/software-intelligenza-artificiale\/dataiku-recensione\/\" \/>\n<meta property=\"og:locale\" content=\"it_IT\" \/>\n<meta property=\"og:type\" content=\"article\" \/>\n<meta property=\"og:title\" content=\"Dataiku DSS: recensione software intelligenza artificiale - Accurate Reviews\" \/>\n<meta property=\"og:description\" content=\"Dataiku DSS: recensione\u00a0piattaforma dati che permette di utilizzare tecnologie di intelligenza artificiale e apprendimento automatico.\" \/>\n<meta property=\"og:url\" content=\"https:\/\/www.accuratereviews.com\/it\/software-intelligenza-artificiale\/dataiku-recensione\/\" \/>\n<meta property=\"og:site_name\" content=\"Accurate Reviews\" \/>\n<meta property=\"og:image\" content=\"https:\/\/www.accuratereviews.com\/wp-content\/uploads\/2024\/12\/Dataiku.png\" \/>\n\t<meta property=\"og:image:width\" content=\"752\" \/>\n\t<meta property=\"og:image:height\" content=\"346\" \/>\n\t<meta property=\"og:image:type\" content=\"image\/png\" \/>\n<meta name=\"twitter:card\" content=\"summary_large_image\" \/>\n<meta name=\"twitter:label1\" content=\"Tempo di lettura stimato\" \/>\n\t<meta name=\"twitter:data1\" content=\"6 minuti\" \/>\n<script type=\"application\/ld+json\" class=\"yoast-schema-graph\">{\"@context\":\"https:\\\/\\\/schema.org\",\"@graph\":[{\"@type\":\"WebPage\",\"@id\":\"https:\\\/\\\/www.accuratereviews.com\\\/it\\\/software-intelligenza-artificiale\\\/dataiku-recensione\\\/\",\"url\":\"https:\\\/\\\/www.accuratereviews.com\\\/it\\\/software-intelligenza-artificiale\\\/dataiku-recensione\\\/\",\"name\":\"Dataiku DSS: recensione software intelligenza artificiale - Accurate Reviews\",\"isPartOf\":{\"@id\":\"https:\\\/\\\/www.accuratereviews.com\\\/it\\\/#website\"},\"primaryImageOfPage\":{\"@id\":\"https:\\\/\\\/www.accuratereviews.com\\\/it\\\/software-intelligenza-artificiale\\\/dataiku-recensione\\\/#primaryimage\"},\"image\":{\"@id\":\"https:\\\/\\\/www.accuratereviews.com\\\/it\\\/software-intelligenza-artificiale\\\/dataiku-recensione\\\/#primaryimage\"},\"thumbnailUrl\":\"https:\\\/\\\/www.accuratereviews.com\\\/wp-content\\\/uploads\\\/2024\\\/12\\\/Dataiku.png\",\"datePublished\":\"2024-12-06T14:22:03+00:00\",\"description\":\"Dataiku DSS: recensione\u00a0piattaforma dati che permette di utilizzare tecnologie di intelligenza artificiale e apprendimento automatico.\",\"breadcrumb\":{\"@id\":\"https:\\\/\\\/www.accuratereviews.com\\\/it\\\/software-intelligenza-artificiale\\\/dataiku-recensione\\\/#breadcrumb\"},\"inLanguage\":\"it-IT\",\"potentialAction\":[{\"@type\":\"ReadAction\",\"target\":[\"https:\\\/\\\/www.accuratereviews.com\\\/it\\\/software-intelligenza-artificiale\\\/dataiku-recensione\\\/\"]}]},{\"@type\":\"ImageObject\",\"inLanguage\":\"it-IT\",\"@id\":\"https:\\\/\\\/www.accuratereviews.com\\\/it\\\/software-intelligenza-artificiale\\\/dataiku-recensione\\\/#primaryimage\",\"url\":\"https:\\\/\\\/www.accuratereviews.com\\\/wp-content\\\/uploads\\\/2024\\\/12\\\/Dataiku.png\",\"contentUrl\":\"https:\\\/\\\/www.accuratereviews.com\\\/wp-content\\\/uploads\\\/2024\\\/12\\\/Dataiku.png\",\"width\":752,\"height\":346},{\"@type\":\"BreadcrumbList\",\"@id\":\"https:\\\/\\\/www.accuratereviews.com\\\/it\\\/software-intelligenza-artificiale\\\/dataiku-recensione\\\/#breadcrumb\",\"itemListElement\":[{\"@type\":\"ListItem\",\"position\":1,\"name\":\"Home\",\"item\":\"https:\\\/\\\/www.accuratereviews.com\\\/it\\\/\"},{\"@type\":\"ListItem\",\"position\":2,\"name\":\"Software di intelligenza artificiale\",\"item\":\"https:\\\/\\\/www.accuratereviews.com\\\/it\\\/software-intelligenza-artificiale\\\/\"},{\"@type\":\"ListItem\",\"position\":3,\"name\":\"Dataiku DSS\"}]},{\"@type\":\"WebSite\",\"@id\":\"https:\\\/\\\/www.accuratereviews.com\\\/it\\\/#website\",\"url\":\"https:\\\/\\\/www.accuratereviews.com\\\/it\\\/\",\"name\":\"Accurate Reviews\",\"description\":\"\",\"potentialAction\":[{\"@type\":\"SearchAction\",\"target\":{\"@type\":\"EntryPoint\",\"urlTemplate\":\"https:\\\/\\\/www.accuratereviews.com\\\/it\\\/?s={search_term_string}\"},\"query-input\":{\"@type\":\"PropertyValueSpecification\",\"valueRequired\":true,\"valueName\":\"search_term_string\"}}],\"inLanguage\":\"it-IT\"}]}<\/script>\n<!-- \/ Yoast SEO plugin. -->","yoast_head_json":{"title":"Dataiku DSS: recensione software intelligenza artificiale - Accurate Reviews","description":"Dataiku DSS: recensione\u00a0piattaforma dati che permette di utilizzare tecnologie di intelligenza artificiale e apprendimento automatico.","robots":{"index":"index","follow":"follow","max-snippet":"max-snippet:-1","max-image-preview":"max-image-preview:large","max-video-preview":"max-video-preview:-1"},"canonical":"https:\/\/www.accuratereviews.com\/it\/software-intelligenza-artificiale\/dataiku-recensione\/","og_locale":"it_IT","og_type":"article","og_title":"Dataiku DSS: recensione software intelligenza artificiale - Accurate Reviews","og_description":"Dataiku DSS: recensione\u00a0piattaforma dati che permette di utilizzare tecnologie di intelligenza artificiale e apprendimento automatico.","og_url":"https:\/\/www.accuratereviews.com\/it\/software-intelligenza-artificiale\/dataiku-recensione\/","og_site_name":"Accurate Reviews","og_image":[{"width":752,"height":346,"url":"https:\/\/www.accuratereviews.com\/wp-content\/uploads\/2024\/12\/Dataiku.png","type":"image\/png"}],"twitter_card":"summary_large_image","twitter_misc":{"Tempo di lettura stimato":"6 minuti"},"schema":{"@context":"https:\/\/schema.org","@graph":[{"@type":"WebPage","@id":"https:\/\/www.accuratereviews.com\/it\/software-intelligenza-artificiale\/dataiku-recensione\/","url":"https:\/\/www.accuratereviews.com\/it\/software-intelligenza-artificiale\/dataiku-recensione\/","name":"Dataiku DSS: recensione software intelligenza artificiale - Accurate Reviews","isPartOf":{"@id":"https:\/\/www.accuratereviews.com\/it\/#website"},"primaryImageOfPage":{"@id":"https:\/\/www.accuratereviews.com\/it\/software-intelligenza-artificiale\/dataiku-recensione\/#primaryimage"},"image":{"@id":"https:\/\/www.accuratereviews.com\/it\/software-intelligenza-artificiale\/dataiku-recensione\/#primaryimage"},"thumbnailUrl":"https:\/\/www.accuratereviews.com\/wp-content\/uploads\/2024\/12\/Dataiku.png","datePublished":"2024-12-06T14:22:03+00:00","description":"Dataiku DSS: recensione\u00a0piattaforma dati che permette di utilizzare tecnologie di intelligenza artificiale e apprendimento automatico.","breadcrumb":{"@id":"https:\/\/www.accuratereviews.com\/it\/software-intelligenza-artificiale\/dataiku-recensione\/#breadcrumb"},"inLanguage":"it-IT","potentialAction":[{"@type":"ReadAction","target":["https:\/\/www.accuratereviews.com\/it\/software-intelligenza-artificiale\/dataiku-recensione\/"]}]},{"@type":"ImageObject","inLanguage":"it-IT","@id":"https:\/\/www.accuratereviews.com\/it\/software-intelligenza-artificiale\/dataiku-recensione\/#primaryimage","url":"https:\/\/www.accuratereviews.com\/wp-content\/uploads\/2024\/12\/Dataiku.png","contentUrl":"https:\/\/www.accuratereviews.com\/wp-content\/uploads\/2024\/12\/Dataiku.png","width":752,"height":346},{"@type":"BreadcrumbList","@id":"https:\/\/www.accuratereviews.com\/it\/software-intelligenza-artificiale\/dataiku-recensione\/#breadcrumb","itemListElement":[{"@type":"ListItem","position":1,"name":"Home","item":"https:\/\/www.accuratereviews.com\/it\/"},{"@type":"ListItem","position":2,"name":"Software di intelligenza artificiale","item":"https:\/\/www.accuratereviews.com\/it\/software-intelligenza-artificiale\/"},{"@type":"ListItem","position":3,"name":"Dataiku DSS"}]},{"@type":"WebSite","@id":"https:\/\/www.accuratereviews.com\/it\/#website","url":"https:\/\/www.accuratereviews.com\/it\/","name":"Accurate Reviews","description":"","potentialAction":[{"@type":"SearchAction","target":{"@type":"EntryPoint","urlTemplate":"https:\/\/www.accuratereviews.com\/it\/?s={search_term_string}"},"query-input":{"@type":"PropertyValueSpecification","valueRequired":true,"valueName":"search_term_string"}}],"inLanguage":"it-IT"}]}},"_links":{"self":[{"href":"https:\/\/www.accuratereviews.com\/it\/wp-json\/wp\/v2\/pages\/80995","targetHints":{"allow":["GET"]}}],"collection":[{"href":"https:\/\/www.accuratereviews.com\/it\/wp-json\/wp\/v2\/pages"}],"about":[{"href":"https:\/\/www.accuratereviews.com\/it\/wp-json\/wp\/v2\/types\/page"}],"author":[{"embeddable":true,"href":"https:\/\/www.accuratereviews.com\/it\/wp-json\/wp\/v2\/users\/19"}],"replies":[{"embeddable":true,"href":"https:\/\/www.accuratereviews.com\/it\/wp-json\/wp\/v2\/comments?post=80995"}],"version-history":[{"count":7,"href":"https:\/\/www.accuratereviews.com\/it\/wp-json\/wp\/v2\/pages\/80995\/revisions"}],"predecessor-version":[{"id":81017,"href":"https:\/\/www.accuratereviews.com\/it\/wp-json\/wp\/v2\/pages\/80995\/revisions\/81017"}],"up":[{"embeddable":true,"href":"https:\/\/www.accuratereviews.com\/it\/wp-json\/wp\/v2\/pages\/79864"}],"wp:featuredmedia":[{"embeddable":true,"href":"https:\/\/www.accuratereviews.com\/it\/wp-json\/wp\/v2\/media\/80996"}],"wp:attachment":[{"href":"https:\/\/www.accuratereviews.com\/it\/wp-json\/wp\/v2\/media?parent=80995"}],"wp:term":[{"taxonomy":"category","embeddable":true,"href":"https:\/\/www.accuratereviews.com\/it\/wp-json\/wp\/v2\/categories?post=80995"},{"taxonomy":"post_tag","embeddable":true,"href":"https:\/\/www.accuratereviews.com\/it\/wp-json\/wp\/v2\/tags?post=80995"},{"taxonomy":"features","embeddable":true,"href":"https:\/\/www.accuratereviews.com\/it\/wp-json\/wp\/v2\/features?post=80995"}],"curies":[{"name":"wp","href":"https:\/\/api.w.org\/{rel}","templated":true}]}}