{"id":81008,"date":"2024-12-06T10:43:44","date_gmt":"2024-12-06T10:43:44","guid":{"rendered":"https:\/\/www.accuratereviews.com\/?page_id=81008"},"modified":"2024-12-06T11:13:50","modified_gmt":"2024-12-06T11:13:50","slug":"smashinlogo-recensione","status":"publish","type":"page","link":"https:\/\/www.accuratereviews.com\/it\/programmi-grafica-design\/smashinlogo-recensione\/","title":{"rendered":"SMASHINGLOGO"},"content":{"rendered":"<p><strong>SMASHINGLOGO<\/strong> \u00e8 un <strong>logo maker automatizzato<\/strong> progettato per rispondere alle esigenze di piccole imprese, startup e freelancer che desiderano un logo professionale senza affrontare i costi o la complessit\u00e0 del design tradizionale. Con oltre 20 milioni di utenti globali, si distingue per la sua semplicit\u00e0 d&#8217;uso e per la rapidit\u00e0 nel generare loghi di qualit\u00e0, anche per chi non ha esperienza di design. Il processo \u00e8 completamente online: l&#8217;utente inserisce il nome della propria azienda, seleziona preferenze relative a colori e stili, e il software genera<br \/>\ndiverse opzioni tra cui scegliere.<br \/>\nCon pacchetti che spaziano dal basico al premium,<strong> SMASHINGLOGO<\/strong> offre soluzioni flessibili e convenienti, rendendolo un&#8217;ottima scelta per chi cerca una soluzione rapida ma professionale.<\/p>\n<h2>SMASHINGLOGO &#8211; TUTORIAL<\/h2>\n<div id=\"fluid-wrapper-counter-1\" class=\"g1-fluid-wrapper \" style=\"width:686px;\">\n<div style=\"padding-bottom:56.268221574344%;\"><iframe loading=\"lazy\" title=\"Smashinglogo Logo Maker Review + Step-by-Step Tutorial\" width=\"686\" height=\"386\" src=\"https:\/\/www.youtube.com\/embed\/-iUZDx5us6s?feature=oembed&amp;wmode=transparent&amp;autohide=1&amp;autoplay=0&amp;disablekb=0&amp;fs=1&amp;loop=0&amp;enablejsapi=1&amp;rel=0&amp;controls=2&amp;showinfo=0&amp;wmode=transparent&amp;autohide=2&amp;autoplay=0&amp;disablekb=0&amp;fs=1&amp;loop=0&amp;enablejsapi=1&amp;rel=0&amp;controls=2&amp;showinfo=1\" frameborder=\"0\" allow=\"accelerometer; autoplay; clipboard-write; encrypted-media; gyroscope; picture-in-picture; web-share\" referrerpolicy=\"strict-origin-when-cross-origin\" allowfullscreen><\/iframe><\/div>\n<\/div>\n<h3>SMASHINGLOGO &#8211; CARATTERISTICHE<\/h3>\n<ul>\n<li><strong>Generazione automatica:<\/strong> Basta inserire il nome dell\u2019azienda e scegliere alcune preferenze (come colori e stile) per ottenere numerosi design personalizzati. Non \u00e8 richiesta alcuna registrazione per iniziare.<\/li>\n<li><strong>Pacchetti personalizzabili:<\/strong> Include opzioni come il pacchetto &#8220;Lite&#8221; (loghi PNG base) e il pacchetto &#8220;Premium&#8221;, che offre file vettoriali modificabili (PDF\/EPS), animazioni e risorse per i social media.<\/li>\n<li><strong>Modifiche post-acquisto:<\/strong> Una volta acquistato, il logo pu\u00f2 essere personalizzato gratuitamente tramite un editor integrato, per modifiche su colori, layout e testo\u200b.<\/li>\n<li><strong>Copyright e pagamento unico:<\/strong> Gli utenti ottengono piena propriet\u00e0 del logo senza abbonamenti ricorrenti, garantendo un utilizzo commerciale illimitato.<\/li>\n<\/ul>\n<h4>LE RECENSIONI DEGLI UTENTI<\/h4>\n<p><strong>Lucas H. \u201cMi piace il servizio, un sacco di opzioni e modelli che finiscono per rendere la scelta pi\u00f9 facile\u201d.<\/strong><br \/>\nPro: La quantit\u00e0 di variet\u00e0 disponibili \u00e8 incantevole.<br \/>\nContro: A volte ci sono alcuni loghi che non hanno alcun senso, semplicemente scritti. Non vedo alcun senso in questi.<\/p>\n<p><strong>Chessie B. \u201cServizio eccellente \u201d<\/strong><br \/>\nCOMMENTI: Il servizio clienti \u00e8 ottimo! Rispondono rapidamente e sono sempre disposti ad assistere.<br \/>\nPro: Facile da creare! Ottime opzioni tra cui scegliere e tutti i file necessari per utilizzare il logo.<br \/>\nContro: L&#8217;unica cosa che vorrei poter fare \u00e8 spostare manualmente le parole e la grafica.<\/p>\n<p><strong>Walter R. \u201cProdotto fantastico\u201d<\/strong><br \/>\nCOMMENTI: Esperienza fantastica. Sono contento di aver trovato questa azienda<br \/>\nPro: Facile personalizzare il mio logo, lo slogan e implementarlo nel mio sito web.<br \/>\nContro: Non ho davvero nessun contro<\/p>\n","protected":false},"excerpt":{"rendered":"<p>SMASHINGLOGO \u00e8 un logo maker automatizzato progettato per rispondere alle esigenze di piccole imprese, startup e freelancer che desiderano un logo professionale senza affrontare i costi o la complessit\u00e0 del design tradizionale. Con oltre 20 milioni di utenti globali, si distingue per la sua semplicit\u00e0 d&#8217;uso e per la rapidit\u00e0 nel generare loghi di qualit\u00e0, anche per chi non ha esperienza di design.<\/p>\n","protected":false},"author":17,"featured_media":81009,"parent":49827,"menu_order":0,"comment_status":"open","ping_status":"closed","template":"g1_template_page_review_new.php","meta":{"_acf_changed":false,"cwp_meta_box_check":"No","cwp_rev_product_name":"","cwp_rev_product_image":"","wppr_links":[],"cwp_rev_price":"","wppr_options":[],"wppr_pros":[],"wppr_cons":[],"_monsterinsights_skip_tracking":false,"_monsterinsights_sitenote_active":false,"_monsterinsights_sitenote_note":"","_monsterinsights_sitenote_category":0,"footnotes":""},"categories":[11404],"tags":[15579,15581,15580,12703,15582,11409,15621,15620],"features":[],"class_list":{"0":"post-81008","1":"page","2":"type-page","3":"status-publish","4":"has-post-thumbnail","6":"category-programmi-grafica-design-cat","7":"tag-app-per-creare-loghi","8":"tag-loghi-personalizzabili","9":"tag-loghi-professionali","10":"tag-logo-it","11":"tag-migliori-app-per-creare-loghi-professionali","12":"tag-piattaforma-grafica-design","13":"tag-smashinglogo","14":"tag-software-design"},"wppr_data":{"cwp_meta_box_check":"No"},"acf":[],"yoast_head":"<!-- This site is optimized with the Yoast SEO plugin v27.4 - https:\/\/yoast.com\/product\/yoast-seo-wordpress\/ -->\n<title>SMASHINGLOGO: recensione software design - Accurate Reviews<\/title>\n<meta name=\"description\" content=\"SMASHINGLOGO: recensione del logo maker automatizzato progettato per rispondere alle esigenze di piccole imprese, startup e freelancer.\" \/>\n<meta name=\"robots\" content=\"index, follow, max-snippet:-1, max-image-preview:large, max-video-preview:-1\" \/>\n<link rel=\"canonical\" href=\"https:\/\/www.accuratereviews.com\/it\/programmi-grafica-design\/smashinlogo-recensione\/\" \/>\n<meta property=\"og:locale\" content=\"it_IT\" \/>\n<meta property=\"og:type\" content=\"article\" \/>\n<meta property=\"og:title\" content=\"SMASHINGLOGO: recensione software design - Accurate Reviews\" \/>\n<meta property=\"og:description\" content=\"SMASHINGLOGO: recensione del logo maker automatizzato progettato per rispondere alle esigenze di piccole imprese, startup e freelancer.\" \/>\n<meta property=\"og:url\" content=\"https:\/\/www.accuratereviews.com\/it\/programmi-grafica-design\/smashinlogo-recensione\/\" \/>\n<meta property=\"og:site_name\" content=\"Accurate Reviews\" \/>\n<meta property=\"article:modified_time\" content=\"2024-12-06T11:13:50+00:00\" \/>\n<meta name=\"twitter:card\" content=\"summary_large_image\" \/>\n<meta name=\"twitter:label1\" content=\"Tempo di lettura stimato\" \/>\n\t<meta name=\"twitter:data1\" content=\"3 minuti\" \/>\n<script type=\"application\/ld+json\" class=\"yoast-schema-graph\">{\"@context\":\"https:\\\/\\\/schema.org\",\"@graph\":[{\"@type\":\"WebPage\",\"@id\":\"https:\\\/\\\/www.accuratereviews.com\\\/it\\\/programmi-grafica-design\\\/smashinlogo-recensione\\\/\",\"url\":\"https:\\\/\\\/www.accuratereviews.com\\\/it\\\/programmi-grafica-design\\\/smashinlogo-recensione\\\/\",\"name\":\"SMASHINGLOGO: recensione software design - Accurate Reviews\",\"isPartOf\":{\"@id\":\"https:\\\/\\\/www.accuratereviews.com\\\/it\\\/#website\"},\"primaryImageOfPage\":{\"@id\":\"https:\\\/\\\/www.accuratereviews.com\\\/it\\\/programmi-grafica-design\\\/smashinlogo-recensione\\\/#primaryimage\"},\"image\":{\"@id\":\"https:\\\/\\\/www.accuratereviews.com\\\/it\\\/programmi-grafica-design\\\/smashinlogo-recensione\\\/#primaryimage\"},\"thumbnailUrl\":\"https:\\\/\\\/www.accuratereviews.com\\\/wp-content\\\/uploads\\\/2024\\\/12\\\/17eb5c20-d42c-41b8-a71f-6b1361a85277.avif\",\"datePublished\":\"2024-12-06T10:43:44+00:00\",\"dateModified\":\"2024-12-06T11:13:50+00:00\",\"description\":\"SMASHINGLOGO: recensione del logo maker automatizzato progettato per rispondere alle esigenze di piccole imprese, startup e freelancer.\",\"breadcrumb\":{\"@id\":\"https:\\\/\\\/www.accuratereviews.com\\\/it\\\/programmi-grafica-design\\\/smashinlogo-recensione\\\/#breadcrumb\"},\"inLanguage\":\"it-IT\",\"potentialAction\":[{\"@type\":\"ReadAction\",\"target\":[\"https:\\\/\\\/www.accuratereviews.com\\\/it\\\/programmi-grafica-design\\\/smashinlogo-recensione\\\/\"]}]},{\"@type\":\"ImageObject\",\"inLanguage\":\"it-IT\",\"@id\":\"https:\\\/\\\/www.accuratereviews.com\\\/it\\\/programmi-grafica-design\\\/smashinlogo-recensione\\\/#primaryimage\",\"url\":\"https:\\\/\\\/www.accuratereviews.com\\\/wp-content\\\/uploads\\\/2024\\\/12\\\/17eb5c20-d42c-41b8-a71f-6b1361a85277.avif\",\"contentUrl\":\"https:\\\/\\\/www.accuratereviews.com\\\/wp-content\\\/uploads\\\/2024\\\/12\\\/17eb5c20-d42c-41b8-a71f-6b1361a85277.avif\",\"width\":1482,\"height\":770},{\"@type\":\"BreadcrumbList\",\"@id\":\"https:\\\/\\\/www.accuratereviews.com\\\/it\\\/programmi-grafica-design\\\/smashinlogo-recensione\\\/#breadcrumb\",\"itemListElement\":[{\"@type\":\"ListItem\",\"position\":1,\"name\":\"Home\",\"item\":\"https:\\\/\\\/www.accuratereviews.com\\\/it\\\/\"},{\"@type\":\"ListItem\",\"position\":2,\"name\":\"Programmi grafica design\",\"item\":\"https:\\\/\\\/www.accuratereviews.com\\\/it\\\/programmi-grafica-design\\\/\"},{\"@type\":\"ListItem\",\"position\":3,\"name\":\"SMASHINGLOGO\"}]},{\"@type\":\"WebSite\",\"@id\":\"https:\\\/\\\/www.accuratereviews.com\\\/it\\\/#website\",\"url\":\"https:\\\/\\\/www.accuratereviews.com\\\/it\\\/\",\"name\":\"Accurate Reviews\",\"description\":\"\",\"potentialAction\":[{\"@type\":\"SearchAction\",\"target\":{\"@type\":\"EntryPoint\",\"urlTemplate\":\"https:\\\/\\\/www.accuratereviews.com\\\/it\\\/?s={search_term_string}\"},\"query-input\":{\"@type\":\"PropertyValueSpecification\",\"valueRequired\":true,\"valueName\":\"search_term_string\"}}],\"inLanguage\":\"it-IT\"}]}<\/script>\n<!-- \/ Yoast SEO plugin. -->","yoast_head_json":{"title":"SMASHINGLOGO: recensione software design - Accurate Reviews","description":"SMASHINGLOGO: recensione del logo maker automatizzato progettato per rispondere alle esigenze di piccole imprese, startup e freelancer.","robots":{"index":"index","follow":"follow","max-snippet":"max-snippet:-1","max-image-preview":"max-image-preview:large","max-video-preview":"max-video-preview:-1"},"canonical":"https:\/\/www.accuratereviews.com\/it\/programmi-grafica-design\/smashinlogo-recensione\/","og_locale":"it_IT","og_type":"article","og_title":"SMASHINGLOGO: recensione software design - Accurate Reviews","og_description":"SMASHINGLOGO: recensione del logo maker automatizzato progettato per rispondere alle esigenze di piccole imprese, startup e freelancer.","og_url":"https:\/\/www.accuratereviews.com\/it\/programmi-grafica-design\/smashinlogo-recensione\/","og_site_name":"Accurate Reviews","article_modified_time":"2024-12-06T11:13:50+00:00","twitter_card":"summary_large_image","twitter_misc":{"Tempo di lettura stimato":"3 minuti"},"schema":{"@context":"https:\/\/schema.org","@graph":[{"@type":"WebPage","@id":"https:\/\/www.accuratereviews.com\/it\/programmi-grafica-design\/smashinlogo-recensione\/","url":"https:\/\/www.accuratereviews.com\/it\/programmi-grafica-design\/smashinlogo-recensione\/","name":"SMASHINGLOGO: recensione software design - Accurate Reviews","isPartOf":{"@id":"https:\/\/www.accuratereviews.com\/it\/#website"},"primaryImageOfPage":{"@id":"https:\/\/www.accuratereviews.com\/it\/programmi-grafica-design\/smashinlogo-recensione\/#primaryimage"},"image":{"@id":"https:\/\/www.accuratereviews.com\/it\/programmi-grafica-design\/smashinlogo-recensione\/#primaryimage"},"thumbnailUrl":"https:\/\/www.accuratereviews.com\/wp-content\/uploads\/2024\/12\/17eb5c20-d42c-41b8-a71f-6b1361a85277.avif","datePublished":"2024-12-06T10:43:44+00:00","dateModified":"2024-12-06T11:13:50+00:00","description":"SMASHINGLOGO: recensione del logo maker automatizzato progettato per rispondere alle esigenze di piccole imprese, startup e freelancer.","breadcrumb":{"@id":"https:\/\/www.accuratereviews.com\/it\/programmi-grafica-design\/smashinlogo-recensione\/#breadcrumb"},"inLanguage":"it-IT","potentialAction":[{"@type":"ReadAction","target":["https:\/\/www.accuratereviews.com\/it\/programmi-grafica-design\/smashinlogo-recensione\/"]}]},{"@type":"ImageObject","inLanguage":"it-IT","@id":"https:\/\/www.accuratereviews.com\/it\/programmi-grafica-design\/smashinlogo-recensione\/#primaryimage","url":"https:\/\/www.accuratereviews.com\/wp-content\/uploads\/2024\/12\/17eb5c20-d42c-41b8-a71f-6b1361a85277.avif","contentUrl":"https:\/\/www.accuratereviews.com\/wp-content\/uploads\/2024\/12\/17eb5c20-d42c-41b8-a71f-6b1361a85277.avif","width":1482,"height":770},{"@type":"BreadcrumbList","@id":"https:\/\/www.accuratereviews.com\/it\/programmi-grafica-design\/smashinlogo-recensione\/#breadcrumb","itemListElement":[{"@type":"ListItem","position":1,"name":"Home","item":"https:\/\/www.accuratereviews.com\/it\/"},{"@type":"ListItem","position":2,"name":"Programmi grafica design","item":"https:\/\/www.accuratereviews.com\/it\/programmi-grafica-design\/"},{"@type":"ListItem","position":3,"name":"SMASHINGLOGO"}]},{"@type":"WebSite","@id":"https:\/\/www.accuratereviews.com\/it\/#website","url":"https:\/\/www.accuratereviews.com\/it\/","name":"Accurate Reviews","description":"","potentialAction":[{"@type":"SearchAction","target":{"@type":"EntryPoint","urlTemplate":"https:\/\/www.accuratereviews.com\/it\/?s={search_term_string}"},"query-input":{"@type":"PropertyValueSpecification","valueRequired":true,"valueName":"search_term_string"}}],"inLanguage":"it-IT"}]}},"_links":{"self":[{"href":"https:\/\/www.accuratereviews.com\/it\/wp-json\/wp\/v2\/pages\/81008","targetHints":{"allow":["GET"]}}],"collection":[{"href":"https:\/\/www.accuratereviews.com\/it\/wp-json\/wp\/v2\/pages"}],"about":[{"href":"https:\/\/www.accuratereviews.com\/it\/wp-json\/wp\/v2\/types\/page"}],"author":[{"embeddable":true,"href":"https:\/\/www.accuratereviews.com\/it\/wp-json\/wp\/v2\/users\/17"}],"replies":[{"embeddable":true,"href":"https:\/\/www.accuratereviews.com\/it\/wp-json\/wp\/v2\/comments?post=81008"}],"version-history":[{"count":1,"href":"https:\/\/www.accuratereviews.com\/it\/wp-json\/wp\/v2\/pages\/81008\/revisions"}],"predecessor-version":[{"id":81015,"href":"https:\/\/www.accuratereviews.com\/it\/wp-json\/wp\/v2\/pages\/81008\/revisions\/81015"}],"up":[{"embeddable":true,"href":"https:\/\/www.accuratereviews.com\/it\/wp-json\/wp\/v2\/pages\/49827"}],"wp:featuredmedia":[{"embeddable":true,"href":"https:\/\/www.accuratereviews.com\/it\/wp-json\/wp\/v2\/media\/81009"}],"wp:attachment":[{"href":"https:\/\/www.accuratereviews.com\/it\/wp-json\/wp\/v2\/media?parent=81008"}],"wp:term":[{"taxonomy":"category","embeddable":true,"href":"https:\/\/www.accuratereviews.com\/it\/wp-json\/wp\/v2\/categories?post=81008"},{"taxonomy":"post_tag","embeddable":true,"href":"https:\/\/www.accuratereviews.com\/it\/wp-json\/wp\/v2\/tags?post=81008"},{"taxonomy":"features","embeddable":true,"href":"https:\/\/www.accuratereviews.com\/it\/wp-json\/wp\/v2\/features?post=81008"}],"curies":[{"name":"wp","href":"https:\/\/api.w.org\/{rel}","templated":true}]}}